{"id":50669,"date":"2021-08-31T10:54:58","date_gmt":"2021-08-31T10:54:58","guid":{"rendered":"https:\/\/www.vallonchene.fr\/produit\/cryptomeria-japonica-cristata\/"},"modified":"2026-04-01T14:39:54","modified_gmt":"2026-04-01T12:39:54","slug":"cryptomeria-japonica-cristata","status":"publish","type":"product","link":"https:\/\/www.vallonchene.fr\/es\/producto\/cryptomeria-japonica-cristata\/","title":{"rendered":"CRYPTOMERIA japonica &#8216;Cristata&#8217;"},"content":{"rendered":"<h2>La Planta<\/h2>\n<p>El <strong>CRYPTOMEREIA japonica &#8216;Cristata&#8217;<\/strong>, tambi\u00e9n conocido como <strong>cryptom\u00e9ria (sugi) de follaje en forma de cresta de gallo<\/strong>, es un con\u00edfero que no dejar\u00e1 de sorprenderle por su <strong>aspecto original<\/strong>. Sus <strong>brotes, soldados de manera irregular<\/strong>, forman crestas aplanadas que evocan, efectivamente, la cresta de un gallo. Esta peculiaridad bot\u00e1nica lo convierte en un elemento decorativo \u00fanico en los jardines.<br \/>\nAdem\u00e1s, esta planta crece lentamente y resiste muy bien el fr\u00edo. Por estas razones, incluso los jardineros principiantes lo apreciar\u00e1n.    <\/p>\n<h2>Plantaci\u00f3n y Cuidado<br \/><\/h2>\n<p>El CRYPTOMERIA japonica &#8216;Cristata&#8217; prefiere <strong>suelos frescos, bien drenados o pesados<\/strong>, <strong>\u00e1cidos, neutros o calc\u00e1reos<\/strong>. Se desarrolla bien a <strong>semisombra<\/strong> o a <strong>pleno sol<\/strong>. La plantaci\u00f3n se realiza preferiblemente en oto\u00f1o o primavera. Para una buena preparaci\u00f3n de la maceta o del hoyo de plantaci\u00f3n, hemos elaborado unas <a href=\"https:\/\/www.vallonchene.fr\/comment-planter-et-entretenir-des-vegetaux\/\" target=\"_blank\" rel=\"noreferrer noopener\"><strong>instrucciones espec\u00edficas disponibles aqu\u00ed<\/strong><\/a>.<br \/>\nUna vez establecido, este \u00e1rbol requiere pocos cuidados. Sin embargo, le recomendamos acolchar la base para mantener una buena humedad del suelo. \u00bfDesea ahorrar agua y tener un hermoso jard\u00edn al mismo tiempo?    <\/p>\n<p> <a href=\"https:\/\/www.vallonchene.fr\/comment-bien-arroser-le-jardin-et-economiser-leau\/\"><strong>\u00a1Nuestros consejos le ser\u00e1n de gran utilidad!<\/strong><\/a><\/p>\n<h2>Historia y Origen<\/h2>\n<p data-sourcepos=\"5:1-5:177\">Originario de las <strong>regiones monta\u00f1osas de Jap\u00f3n<\/strong>, el CRYPTOMERIA japonica, com\u00fanmente llamado cedro del Jap\u00f3n, es un con\u00edfero que ha dejado una profunda huella en la historia y la cultura del Archipi\u00e9lago. Su existencia se remonta a <strong>milenios<\/strong> y ha impregnado profundamente el paisaje nip\u00f3n. Adem\u00e1s, en su pa\u00eds de origen, este majestuoso \u00e1rbol se planta a menudo alrededor de <strong>templos<\/strong> y <strong>santuarios<\/strong>, lo que evidencia su dimensi\u00f3n sagrada.  <\/p>\n<p data-sourcepos=\"7:1-7:320\">Adem\u00e1s, el CRYPTOMERIA japonica es <strong>s\u00edmbolo de longevidad e inmortalidad<\/strong> en la cultura japonesa. Su lento crecimiento y su excepcional duraci\u00f3n de vida lo convierten en un \u00e1rbol venerado. De esta manera, se lo asocia con los ancestros y con la transmisi\u00f3n de las tradiciones. Numerosas leyendas y creencias populares rodean a este venerable \u00e1rbol.   <\/p>\n<h3 data-sourcepos=\"9:1-9:41\">Introducci\u00f3n en Europa y uso<\/h3>\n<p data-sourcepos=\"11:1-11:24\">Introducido en <strong>Europa en el siglo XIX<\/strong>, el CRYPTOMERIA japonica cautiv\u00f3 r\u00e1pidamente a los amantes de la bot\u00e1nica por su elegancia y rusticidad. Se utiliz\u00f3 con fines ornamentales en parques y jardines, as\u00ed como para <strong>reforestar<\/strong> algunas regiones. <\/p>\n<p> El cultivar CRYPTOMERIA japonica &#8216;Cristata&#8217; es una mutaci\u00f3n natural surgida dentro de la especie. Fue seleccionado por su aspecto original. Aunque se desconocen los or\u00edgenes exactos de esta mutaci\u00f3n, es probable que se haya manifestado espont\u00e1neamente en la naturaleza.  <\/p>\n","protected":false},"excerpt":{"rendered":"<p>Este <strong>cryptom\u00e9ria (sugi)<\/strong> tiene un follaje verde brillante. El <strong>CRYPTOMERIA japonica &#8216;Cristata&#8217;<\/strong> es una verdadera curiosidad por sus fasciaciones en las ramas. Al ser muy estrecho, ocupa poco espacio en el jard\u00edn. Es muy r\u00fastico.   <\/p>\n","protected":false},"featured_media":50670,"comment_status":"open","ping_status":"closed","template":"","meta":[],"product_brand":[],"product_cat":[11502],"product_tag":[11867,11866,11864,11863,11868,11865],"class_list":{"0":"post-50669","1":"product","2":"type-product","3":"status-publish","4":"has-post-thumbnail","6":"product_cat-coniferas","7":"product_tag-cristata-es","8":"product_tag-cryptomeria-es-2","9":"product_tag-cryptomeria-es","10":"product_tag-cryptomeria-japonica-es","11":"product_tag-cryptomeria-japonica-cristata-es","12":"product_tag-sugi-es","13":"pa_99-hauteurapproximativeapres1-2-a-3-m","14":"pa_couleurdufeuillage-verde","15":"pa_exigencesenhumidite-moderadamente-humedo-a-humedo","16":"pa_exigencesenhumidite-mojado","17":"pa_exigencesenhumidite-promedio","18":"pa_expositionspossibles-pleno-sol-de-12-a-17-min","19":"pa_expositionspossibles-sombra-parcial-evitar-el-sol-de-12-a-17-horas","20":"pa_hauteurlivree-100-a-125-cm","21":"pa_hauteurlivree-125-a-150-cm-es","22":"pa_hauteurlivree-15-a-20-cm-es","23":"pa_hauteurlivree-150-a-175-cm-es","24":"pa_hauteurlivree-175-a-200-cm-es","25":"pa_hauteurlivree-200-a-250-cm-es","26":"pa_hauteurlivree-25-a-30-cm-es","27":"pa_hauteurlivree-30-a-35-cm-es","28":"pa_hauteurlivree-30-a-40-cm-es","29":"pa_hauteurlivree-350-a-400-cm-es","30":"pa_hauteurlivree-40-a-50-cm-es","31":"pa_hauteurlivree-40-a-60-cm-es","32":"pa_hauteurlivree-50-a-60-cm-es","33":"pa_hauteurlivree-60-a-80-cm-es","34":"pa_hauteurlivree-60-cm-en-tallo","35":"pa_hauteurlivree-70-a-80-cm-es","36":"pa_hauteurlivree-80-a-100-cm-es","37":"pa_interetauprintemps-follaje","38":"pa_interetauprintemps-habitus","39":"pa_interetenautomne-follaje","40":"pa_interetenautomne-habitus","41":"pa_interetenete-follaje","42":"pa_interetenete-habitus","43":"pa_interetenhiver-follaje","44":"pa_interetenhiver-habitus","45":"pa_naturedufeuillage-siempreverde","46":"pa_naturesdesolpossibles-ligero","47":"pa_naturesdesolpossibles-normal-es","48":"pa_naturesdesolpossibles-pesado","49":"pa_particularites-adecuado-para-bonsai","50":"pa_particularites-habitus","51":"pa_periodedetaille-marzo","52":"pa_phdusolacceptable-acido-menos-de-6_5","53":"pa_phdusolacceptable-calcareo-mas-de-7_5","54":"pa_phdusolacceptable-neutro-entre-6_5-y-7_5","55":"pa_portgraphisme-fastigiado","56":"pa_resistanceaufroidrusticite-resistente-por-debajo-de-menos-20-c","57":"pa_tailledepot-cepellon","58":"pa_tailledepot-maceta-de-1-litro","59":"pa_tailledepot-maceta-de-10-litros","60":"pa_tailledepot-maceta-de-12-litros","61":"pa_tailledepot-maceta-de-15-litros","62":"pa_tailledepot-maceta-de-2-litros","63":"pa_tailledepot-maceta-de-20-litros","64":"pa_tailledepot-maceta-de-25-litros","65":"pa_tailledepot-maceta-de-3-litros","66":"pa_tailledepot-maceta-de-30-litros","67":"pa_tailledepot-maceta-de-4-litros","68":"pa_tailledepot-maceta-de-40-litros","69":"pa_tailledepot-maceta-de-45-litros","70":"pa_tailledepot-maceta-de-5-litros","71":"pa_tailledepot-maceta-de-7_5-litros","72":"pa_tailledepot-planta-joven-en-maceta-de-1-litro","73":"pa_utilisationpossible-aislado","74":"pa_utilisationpossible-arriate","75":"pa_utilisationpossible-contenedor-o-olla","77":"first","78":"outofstock","79":"taxable","80":"shipping-taxable","81":"purchasable","82":"product-type-variable","83":"has-default-attributes"},"supplier_id":null,"supplier_sku":"","barcode":null,"atum_controlled":true,"out_stock_date":null,"out_stock_threshold":null,"inheritable":true,"inbound_stock":0,"stock_on_hold":0,"sold_today":0,"sales_last_days":0,"reserved_stock":0,"customer_returns":0,"warehouse_damage":0,"lost_in_post":0,"other_logs":0,"out_stock_days":null,"lost_sales":0,"has_location":false,"update_date":"2026-04-01T12:40:07","atum_locations":[],"atum_stock_status":"instock","restock_status":false,"low_stock_amount":"","sales_update_date":"2025-10-01T14:01:20","calc_backorders":null,"yoast_head":"<!-- This site is optimized with the Yoast SEO Premium plugin v27.5 (Yoast SEO v27.5) - https:\/\/yoast.com\/product\/yoast-seo-premium-wordpress\/ -->\n<title>CRYPTOMERIA japonica &#039;Cristata&#039; - cryptom\u00e9ria, sugi<\/title>\n<meta name=\"description\" content=\"Este cryptom\u00e9ria (sugi) tiene un follaje verde brillante. El CRYPTOMERIA japonica &#039;Cristata&#039; es una verdadera curiosidad por sus fascias en las ramas.\" \/>\n<meta name=\"robots\" content=\"index, follow, max-snippet:-1, max-image-preview:large, max-video-preview:-1\" \/>\n<link rel=\"canonical\" href=\"https:\/\/www.vallonchene.fr\/es\/producto\/cryptomeria-japonica-cristata\/\" \/>\n<meta property=\"og:locale\" content=\"es_ES\" \/>\n<meta property=\"og:type\" content=\"article\" \/>\n<meta property=\"og:title\" content=\"CRYPTOMERIA japonica &#039;Cristata&#039;\" \/>\n<meta property=\"og:description\" content=\"Este cryptom\u00e9ria (sugi) tiene un follaje verde brillante. El CRYPTOMERIA japonica &#039;Cristata&#039; es una verdadera curiosidad por sus fascias en las ramas.\" \/>\n<meta property=\"og:url\" content=\"https:\/\/www.vallonchene.fr\/es\/producto\/cryptomeria-japonica-cristata\/\" \/>\n<meta property=\"og:site_name\" content=\"Vallonch\u00eane\" \/>\n<meta property=\"article:publisher\" content=\"https:\/\/www.facebook.com\/vallonchene.fr\" \/>\n<meta property=\"article:modified_time\" content=\"2026-04-01T12:39:54+00:00\" \/>\n<meta property=\"og:image\" content=\"https:\/\/www.vallonchene.fr\/wp-content\/uploads\/2024\/09\/CRYPTOMERIA-japonica-Cristata_01.webp\" \/>\n\t<meta property=\"og:image:width\" content=\"1200\" \/>\n\t<meta property=\"og:image:height\" content=\"1198\" \/>\n\t<meta property=\"og:image:type\" content=\"image\/webp\" \/>\n<meta name=\"twitter:card\" content=\"summary_large_image\" \/>\n<meta name=\"twitter:label1\" content=\"Disponibilidad\" \/>\n\t<meta name=\"twitter:data1\" content=\"Agotado\" \/>\n<script type=\"application\/ld+json\" class=\"yoast-schema-graph\">{\"@context\":\"https:\\\/\\\/schema.org\",\"@graph\":[{\"@type\":\"WebPage\",\"@id\":\"https:\\\/\\\/www.vallonchene.fr\\\/es\\\/producto\\\/cryptomeria-japonica-cristata\\\/\",\"url\":\"https:\\\/\\\/www.vallonchene.fr\\\/es\\\/producto\\\/cryptomeria-japonica-cristata\\\/\",\"name\":\"CRYPTOMERIA japonica 'Cristata' - cryptom\u00e9ria, sugi\",\"isPartOf\":{\"@id\":\"https:\\\/\\\/www.vallonchene.fr\\\/es\\\/#website\"},\"primaryImageOfPage\":{\"@id\":\"https:\\\/\\\/www.vallonchene.fr\\\/es\\\/producto\\\/cryptomeria-japonica-cristata\\\/#primaryimage\"},\"image\":{\"@id\":\"https:\\\/\\\/www.vallonchene.fr\\\/es\\\/producto\\\/cryptomeria-japonica-cristata\\\/#primaryimage\"},\"thumbnailUrl\":\"https:\\\/\\\/www.vallonchene.fr\\\/wp-content\\\/uploads\\\/2024\\\/09\\\/CRYPTOMERIA-japonica-Cristata_01.webp\",\"datePublished\":\"2021-08-31T10:54:58+00:00\",\"dateModified\":\"2026-04-01T12:39:54+00:00\",\"description\":\"Este cryptom\u00e9ria (sugi) tiene un follaje verde brillante. El CRYPTOMERIA japonica 'Cristata' es una verdadera curiosidad por sus fascias en las ramas.\",\"breadcrumb\":{\"@id\":\"https:\\\/\\\/www.vallonchene.fr\\\/es\\\/producto\\\/cryptomeria-japonica-cristata\\\/#breadcrumb\"},\"inLanguage\":\"es\",\"potentialAction\":[{\"@type\":\"ReadAction\",\"target\":[\"https:\\\/\\\/www.vallonchene.fr\\\/es\\\/producto\\\/cryptomeria-japonica-cristata\\\/\"]}]},{\"@type\":\"ImageObject\",\"inLanguage\":\"es\",\"@id\":\"https:\\\/\\\/www.vallonchene.fr\\\/es\\\/producto\\\/cryptomeria-japonica-cristata\\\/#primaryimage\",\"url\":\"https:\\\/\\\/www.vallonchene.fr\\\/wp-content\\\/uploads\\\/2024\\\/09\\\/CRYPTOMERIA-japonica-Cristata_01.webp\",\"contentUrl\":\"https:\\\/\\\/www.vallonchene.fr\\\/wp-content\\\/uploads\\\/2024\\\/09\\\/CRYPTOMERIA-japonica-Cristata_01.webp\",\"width\":1200,\"height\":1198,\"caption\":\"Fasciaci\u00f3n en forma de cresta de gallo en un CRYPTOMERIA japonica 'Cristata'\"},{\"@type\":\"BreadcrumbList\",\"@id\":\"https:\\\/\\\/www.vallonchene.fr\\\/es\\\/producto\\\/cryptomeria-japonica-cristata\\\/#breadcrumb\",\"itemListElement\":[{\"@type\":\"ListItem\",\"position\":1,\"name\":\"Home\",\"item\":\"https:\\\/\\\/www.vallonchene.fr\\\/es\\\/\"},{\"@type\":\"ListItem\",\"position\":2,\"name\":\"Tienda\",\"item\":\"https:\\\/\\\/www.vallonchene.fr\\\/tienda\\\/\"},{\"@type\":\"ListItem\",\"position\":3,\"name\":\"Venta en linea\",\"item\":\"https:\\\/\\\/www.vallonchene.fr\\\/es\\\/categoria-producto\\\/venta-en-linea\\\/\"},{\"@type\":\"ListItem\",\"position\":4,\"name\":\"Vivero\",\"item\":\"https:\\\/\\\/www.vallonchene.fr\\\/es\\\/categoria-producto\\\/venta-en-linea\\\/vivero\\\/\"},{\"@type\":\"ListItem\",\"position\":5,\"name\":\"Coniferas\",\"item\":\"https:\\\/\\\/www.vallonchene.fr\\\/es\\\/categoria-producto\\\/venta-en-linea\\\/vivero\\\/coniferas\\\/\"},{\"@type\":\"ListItem\",\"position\":6,\"name\":\"CRYPTOMERIA japonica &#8216;Cristata&#8217;\"}]},{\"@type\":\"WebSite\",\"@id\":\"https:\\\/\\\/www.vallonchene.fr\\\/es\\\/#website\",\"url\":\"https:\\\/\\\/www.vallonchene.fr\\\/es\\\/\",\"name\":\"Vallonch\u00eane\",\"description\":\"El vivero donde la calidad tiene sus ra\u00edces \u2013 Tel.: +33 (0)2.35.90.02.02\",\"publisher\":{\"@id\":\"https:\\\/\\\/www.vallonchene.fr\\\/es\\\/#organization\"},\"potentialAction\":[{\"@type\":\"SearchAction\",\"target\":{\"@type\":\"EntryPoint\",\"urlTemplate\":\"https:\\\/\\\/www.vallonchene.fr\\\/es\\\/?s={search_term_string}\"},\"query-input\":{\"@type\":\"PropertyValueSpecification\",\"valueRequired\":true,\"valueName\":\"search_term_string\"}}],\"inLanguage\":\"es\"},{\"@type\":\"Organization\",\"@id\":\"https:\\\/\\\/www.vallonchene.fr\\\/es\\\/#organization\",\"name\":\"VALLONCHENE\",\"url\":\"https:\\\/\\\/www.vallonchene.fr\\\/es\\\/\",\"logo\":{\"@type\":\"ImageObject\",\"inLanguage\":\"es\",\"@id\":\"https:\\\/\\\/www.vallonchene.fr\\\/es\\\/#\\\/schema\\\/logo\\\/image\\\/\",\"url\":\"https:\\\/\\\/www.vallonchene.fr\\\/wp-content\\\/uploads\\\/2023\\\/03\\\/Logo-Vallonchene-site-et-R_hauteur_100.png\",\"contentUrl\":\"https:\\\/\\\/www.vallonchene.fr\\\/wp-content\\\/uploads\\\/2023\\\/03\\\/Logo-Vallonchene-site-et-R_hauteur_100.png\",\"width\":221,\"height\":100,\"caption\":\"VALLONCHENE\"},\"image\":{\"@id\":\"https:\\\/\\\/www.vallonchene.fr\\\/es\\\/#\\\/schema\\\/logo\\\/image\\\/\"},\"sameAs\":[\"https:\\\/\\\/www.facebook.com\\\/vallonchene.fr\",\"https:\\\/\\\/www.instagram.com\\\/vallonchene\\\/\",\"https:\\\/\\\/www.pinterest.fr\\\/vallonchene\\\/\"],\"taxID\":\"49454502300017\",\"hasMerchantReturnPolicy\":{\"@type\":\"MerchantReturnPolicy\",\"merchantReturnLink\":\"https:\\\/\\\/www.vallonchene.fr\\\/remboursements_retours\\\/\"}}]}<\/script>\n<meta property=\"og:availability\" content=\"out of stock\" \/>\n<meta property=\"product:availability\" content=\"out of stock\" \/>\n<meta property=\"product:retailer_item_id\" content=\"76514\" \/>\n<meta property=\"product:condition\" content=\"new\" \/>\n<!-- \/ Yoast SEO Premium plugin. -->","yoast_head_json":{"title":"CRYPTOMERIA japonica 'Cristata' - cryptom\u00e9ria, sugi","description":"Este cryptom\u00e9ria (sugi) tiene un follaje verde brillante. El CRYPTOMERIA japonica 'Cristata' es una verdadera curiosidad por sus fascias en las ramas.","robots":{"index":"index","follow":"follow","max-snippet":"max-snippet:-1","max-image-preview":"max-image-preview:large","max-video-preview":"max-video-preview:-1"},"canonical":"https:\/\/www.vallonchene.fr\/es\/producto\/cryptomeria-japonica-cristata\/","og_locale":"es_ES","og_type":"article","og_title":"CRYPTOMERIA japonica 'Cristata'","og_description":"Este cryptom\u00e9ria (sugi) tiene un follaje verde brillante. El CRYPTOMERIA japonica 'Cristata' es una verdadera curiosidad por sus fascias en las ramas.","og_url":"https:\/\/www.vallonchene.fr\/es\/producto\/cryptomeria-japonica-cristata\/","og_site_name":"Vallonch\u00eane","article_publisher":"https:\/\/www.facebook.com\/vallonchene.fr","article_modified_time":"2026-04-01T12:39:54+00:00","og_image":[{"width":1200,"height":1198,"url":"https:\/\/www.vallonchene.fr\/wp-content\/uploads\/2024\/09\/CRYPTOMERIA-japonica-Cristata_01.webp","type":"image\/webp"}],"twitter_card":"summary_large_image","twitter_misc":{"Disponibilidad":"Agotado"},"schema":{"@context":"https:\/\/schema.org","@graph":[{"@type":"WebPage","@id":"https:\/\/www.vallonchene.fr\/es\/producto\/cryptomeria-japonica-cristata\/","url":"https:\/\/www.vallonchene.fr\/es\/producto\/cryptomeria-japonica-cristata\/","name":"CRYPTOMERIA japonica 'Cristata' - cryptom\u00e9ria, sugi","isPartOf":{"@id":"https:\/\/www.vallonchene.fr\/es\/#website"},"primaryImageOfPage":{"@id":"https:\/\/www.vallonchene.fr\/es\/producto\/cryptomeria-japonica-cristata\/#primaryimage"},"image":{"@id":"https:\/\/www.vallonchene.fr\/es\/producto\/cryptomeria-japonica-cristata\/#primaryimage"},"thumbnailUrl":"https:\/\/www.vallonchene.fr\/wp-content\/uploads\/2024\/09\/CRYPTOMERIA-japonica-Cristata_01.webp","datePublished":"2021-08-31T10:54:58+00:00","dateModified":"2026-04-01T12:39:54+00:00","description":"Este cryptom\u00e9ria (sugi) tiene un follaje verde brillante. El CRYPTOMERIA japonica 'Cristata' es una verdadera curiosidad por sus fascias en las ramas.","breadcrumb":{"@id":"https:\/\/www.vallonchene.fr\/es\/producto\/cryptomeria-japonica-cristata\/#breadcrumb"},"inLanguage":"es","potentialAction":[{"@type":"ReadAction","target":["https:\/\/www.vallonchene.fr\/es\/producto\/cryptomeria-japonica-cristata\/"]}]},{"@type":"ImageObject","inLanguage":"es","@id":"https:\/\/www.vallonchene.fr\/es\/producto\/cryptomeria-japonica-cristata\/#primaryimage","url":"https:\/\/www.vallonchene.fr\/wp-content\/uploads\/2024\/09\/CRYPTOMERIA-japonica-Cristata_01.webp","contentUrl":"https:\/\/www.vallonchene.fr\/wp-content\/uploads\/2024\/09\/CRYPTOMERIA-japonica-Cristata_01.webp","width":1200,"height":1198,"caption":"Fasciaci\u00f3n en forma de cresta de gallo en un CRYPTOMERIA japonica 'Cristata'"},{"@type":"BreadcrumbList","@id":"https:\/\/www.vallonchene.fr\/es\/producto\/cryptomeria-japonica-cristata\/#breadcrumb","itemListElement":[{"@type":"ListItem","position":1,"name":"Home","item":"https:\/\/www.vallonchene.fr\/es\/"},{"@type":"ListItem","position":2,"name":"Tienda","item":"https:\/\/www.vallonchene.fr\/tienda\/"},{"@type":"ListItem","position":3,"name":"Venta en linea","item":"https:\/\/www.vallonchene.fr\/es\/categoria-producto\/venta-en-linea\/"},{"@type":"ListItem","position":4,"name":"Vivero","item":"https:\/\/www.vallonchene.fr\/es\/categoria-producto\/venta-en-linea\/vivero\/"},{"@type":"ListItem","position":5,"name":"Coniferas","item":"https:\/\/www.vallonchene.fr\/es\/categoria-producto\/venta-en-linea\/vivero\/coniferas\/"},{"@type":"ListItem","position":6,"name":"CRYPTOMERIA japonica &#8216;Cristata&#8217;"}]},{"@type":"WebSite","@id":"https:\/\/www.vallonchene.fr\/es\/#website","url":"https:\/\/www.vallonchene.fr\/es\/","name":"Vallonch\u00eane","description":"El vivero donde la calidad tiene sus ra\u00edces \u2013 Tel.: +33 (0)2.35.90.02.02","publisher":{"@id":"https:\/\/www.vallonchene.fr\/es\/#organization"},"potentialAction":[{"@type":"SearchAction","target":{"@type":"EntryPoint","urlTemplate":"https:\/\/www.vallonchene.fr\/es\/?s={search_term_string}"},"query-input":{"@type":"PropertyValueSpecification","valueRequired":true,"valueName":"search_term_string"}}],"inLanguage":"es"},{"@type":"Organization","@id":"https:\/\/www.vallonchene.fr\/es\/#organization","name":"VALLONCHENE","url":"https:\/\/www.vallonchene.fr\/es\/","logo":{"@type":"ImageObject","inLanguage":"es","@id":"https:\/\/www.vallonchene.fr\/es\/#\/schema\/logo\/image\/","url":"https:\/\/www.vallonchene.fr\/wp-content\/uploads\/2023\/03\/Logo-Vallonchene-site-et-R_hauteur_100.png","contentUrl":"https:\/\/www.vallonchene.fr\/wp-content\/uploads\/2023\/03\/Logo-Vallonchene-site-et-R_hauteur_100.png","width":221,"height":100,"caption":"VALLONCHENE"},"image":{"@id":"https:\/\/www.vallonchene.fr\/es\/#\/schema\/logo\/image\/"},"sameAs":["https:\/\/www.facebook.com\/vallonchene.fr","https:\/\/www.instagram.com\/vallonchene\/","https:\/\/www.pinterest.fr\/vallonchene\/"],"taxID":"49454502300017","hasMerchantReturnPolicy":{"@type":"MerchantReturnPolicy","merchantReturnLink":"https:\/\/www.vallonchene.fr\/remboursements_retours\/"}}]},"og_availability":"out of stock","product_availability":"out of stock","product_retailer_item_id":"76514","product_condition":"new"},"_links":{"self":[{"href":"https:\/\/www.vallonchene.fr\/es\/wp-json\/wp\/v2\/product\/50669","targetHints":{"allow":["GET"]}}],"collection":[{"href":"https:\/\/www.vallonchene.fr\/es\/wp-json\/wp\/v2\/product"}],"about":[{"href":"https:\/\/www.vallonchene.fr\/es\/wp-json\/wp\/v2\/types\/product"}],"replies":[{"embeddable":true,"href":"https:\/\/www.vallonchene.fr\/es\/wp-json\/wp\/v2\/comments?post=50669"}],"wp:featuredmedia":[{"embeddable":true,"href":"https:\/\/www.vallonchene.fr\/es\/wp-json\/wp\/v2\/media\/50670"}],"wp:attachment":[{"href":"https:\/\/www.vallonchene.fr\/es\/wp-json\/wp\/v2\/media?parent=50669"}],"wp:term":[{"taxonomy":"product_brand","embeddable":true,"href":"https:\/\/www.vallonchene.fr\/es\/wp-json\/wp\/v2\/product_brand?post=50669"},{"taxonomy":"product_cat","embeddable":true,"href":"https:\/\/www.vallonchene.fr\/es\/wp-json\/wp\/v2\/product_cat?post=50669"},{"taxonomy":"product_tag","embeddable":true,"href":"https:\/\/www.vallonchene.fr\/es\/wp-json\/wp\/v2\/product_tag?post=50669"}],"curies":[{"name":"wp","href":"https:\/\/api.w.org\/{rel}","templated":true}]}}