{"id":50453,"date":"2024-11-24T16:45:07","date_gmt":"2024-11-24T15:45:07","guid":{"rendered":"https:\/\/www.vallonchene.fr\/produit\/cornus-wilsoniana-swida-wilsoniana\/"},"modified":"2024-12-06T16:26:11","modified_gmt":"2024-12-06T15:26:11","slug":"cornus-wilsoniana-swida-wilsoniana","status":"publish","type":"product","link":"https:\/\/www.vallonchene.fr\/es\/producto\/cornus-wilsoniana-swida-wilsoniana\/","title":{"rendered":"CORNUS wilsoniana (SWIDA wilsoniana)"},"content":{"rendered":"<h2>La Planta <br \/><\/h2>\n<p>El <strong>CORNUS wilsoniana<\/strong> (sin. <strong>SWIDA wilsoniana<\/strong>), o <strong>cornejo de Wilson<\/strong>, es un \u00e1rbol ornamental que destaca por la <strong>singular belleza de su corteza<\/strong>. Esta <strong>se desprende en l\u00e1minas<\/strong> revelando <strong>tonalidades iridiscentes de amarillo, verde y gris<\/strong>, creando un <strong>efecto veteado<\/strong> de lo m\u00e1s est\u00e9tico. Adem\u00e1s, este \u00e1rbol ofrece una <strong>floraci\u00f3n primaveral delicada y perfumada<\/strong>, seguida de peque\u00f1as bayas coloridas en oto\u00f1o. Finalmente, su follaje caduco adquiere <strong>hermosos tonos oto\u00f1ales<\/strong> antes de caer.<br \/>\nEn resumen, es <strong>una planta interesante durante todo el a\u00f1o<\/strong>. Para consultar los numerosos otros CORNUS actualmente disponibles a la venta, <strong><a href=\"https:\/\/www.vallonchene.fr\/page\/1\/?s=cornus&amp;post_type=product&amp;dgwt_wcas=1&amp;lang=fr&amp;filter_stock_status=instock\">por favor haga clic aqu\u00ed<\/a><\/strong>.    <\/p>\n<h2>\u00bfC\u00f3mo plantar y cuidar el CORNUS wilsoniana?<\/h2>\n<ol>\n<li><strong>Plantaci\u00f3n:<\/strong> Para plantar tu CORNUS wilsoniana, elige un lugar <strong>soleado o semi-sombreado<\/strong>. Se adapta a todo tipo de <strong>suelos bien drenados<\/strong>. La tierra puede ser ligera o normal y medianamente h\u00fameda o h\u00fameda. La planta tolera un pH \u00e1cido o neutro.<br \/>\n<a href=\"https:\/\/www.vallonchene.fr\/comment-planter-et-entretenir-des-vegetaux\/\" target=\"_blank\" rel=\"noreferrer noopener\"><strong>Para una buena preparaci\u00f3n de la maceta o del agujero de plantaci\u00f3n, hemos dise\u00f1ado instrucciones espec\u00edficas disponibles aqu\u00ed. <\/strong><\/a>   <\/li>\n<li><strong>Cuidados:<\/strong> Un riego regular durante el primer y segundo a\u00f1o ser\u00e1 suficiente para asegurar su enraizamiento. Por otra parte, este \u00e1rbol no necesita una poda particular. As\u00ed, te ofrecer\u00e1 muchos a\u00f1os de placer sin exigir cuidados especiales. Si, sin embargo, sientes la necesidad de podar este \u00e1rbol, te lo recomendamos en enero o febrero.<br \/>\n<a href=\"https:\/\/www.vallonchene.fr\/comment-bien-arroser-le-jardin-et-economiser-leau\/\"><strong>Lee tambi\u00e9n nuestros consejos sobre c\u00f3mo regar bien y ahorrar agua aqu\u00ed.<\/strong><\/a>   <\/li>\n<\/ol>\n<h2>Historia y Origen<\/h2>\n<p>Originario de los bosques de China, el CORNUS wilsoniana (sin. SWIDA wilsoniana) es un \u00e1rbol muy elegante. Adem\u00e1s, en su h\u00e1bitat natural, puede alcanzar una altura de 8 a 10 metros.  <strong>Sin embargo, en Europa, esta altura debe dividirse por dos.<\/strong><\/p>\n<p>Adem\u00e1s, su madera se utiliza en China para la fabricaci\u00f3n de herramientas y muebles, mientras que sus hojas sirven de alimento para el ganado. As\u00ed, el CORNUS wilsoniana es tanto un adorno para nuestros jardines, como una planta con m\u00faltiples usos. En conclusi\u00f3n, el CORNUS wilsoniana es un \u00e1rbol notable que aportar\u00e1 un toque de originalidad a sus jard\u00ednes. Su corteza espectacular y su floraci\u00f3n delicada y perfumada lo convierten en una elecci\u00f3n ideal para los amantes de las plantas ornamentales. <\/p>\n","protected":false},"excerpt":{"rendered":"<p>El <strong>cornejo de Wilson<\/strong> florece en blanco. El <strong>CORNUS wilsoniana<\/strong> (sin. <strong>SWIDA wilsoniana<\/strong>) desarrolla una corteza notable, veteada de verde y blanco. <\/p>\n","protected":false},"featured_media":50454,"comment_status":"open","ping_status":"closed","template":"","meta":[],"product_brand":[],"product_cat":[11499],"product_tag":[],"class_list":{"0":"post-50453","1":"product","2":"type-product","3":"status-publish","4":"has-post-thumbnail","6":"product_cat-arbustos-y-arboles","7":"pa_99-hauteurapproximativeapres1-3-a-5-m","8":"pa_couleurautomnaledufeuillage-naranja","9":"pa_couleurdelecorce-blanca","10":"pa_couleurdelecorce-verde","11":"pa_couleurdesfleurs-blanca","12":"pa_couleurnormaledufeuillage-verde","13":"pa_exigencesenhumidite-moderadamente-humedo-a-humedo","14":"pa_exigencesenhumidite-promedio","15":"pa_expositionspossibles-pleno-sol-de-12-a-17-min","16":"pa_expositionspossibles-sombra-parcial-evitar-el-sol-de-12-a-17-horas","17":"pa_hauteurlivree-100-a-125-cm","18":"pa_hauteurlivree-80-a-100-cm-es","19":"pa_interetauprintemps-corteza","20":"pa_interetauprintemps-flores","21":"pa_interetauprintemps-follaje","22":"pa_interetenautomne-corteza","23":"pa_interetenautomne-follaje","24":"pa_interetenete-corteza","25":"pa_interetenete-follaje","26":"pa_interetenhiver-corteza","27":"pa_naturedufeuillage-caduco","28":"pa_naturesdesolpossibles-ligero","29":"pa_naturesdesolpossibles-normal-es","30":"pa_particularites-corteza-notable","31":"pa_periodedefloraison-primavera","32":"pa_periodedetaille-enero","33":"pa_periodedetaille-febrero","34":"pa_phdusolacceptable-acido-menos-de-6_5","35":"pa_phdusolacceptable-neutro-entre-6_5-y-7_5","36":"pa_portgraphisme-infundibuliforme","37":"pa_resistanceaufroidrusticite-resistente-hasta-menos-20-c","38":"pa_tailledepot-maceta-de-2-litros","39":"pa_tailledepot-maceta-de-5-litros","40":"pa_utilisationpossible-aislado","41":"pa_utilisationpossible-arriate","43":"first","44":"instock","45":"taxable","46":"shipping-taxable","47":"purchasable","48":"product-type-variable"},"supplier_id":null,"supplier_sku":"","barcode":null,"atum_controlled":true,"out_stock_date":null,"out_stock_threshold":null,"inheritable":true,"inbound_stock":0,"stock_on_hold":0,"sold_today":0,"sales_last_days":0,"reserved_stock":0,"customer_returns":0,"warehouse_damage":0,"lost_in_post":0,"other_logs":0,"out_stock_days":null,"lost_sales":0,"has_location":false,"update_date":"2026-04-29T08:11:35","atum_locations":[],"atum_stock_status":"instock","restock_status":false,"low_stock_amount":"","sales_update_date":"2026-04-29T08:11:35","calc_backorders":null,"yoast_head":"<!-- This site is optimized with the Yoast SEO Premium plugin v27.5 (Yoast SEO v27.5) - https:\/\/yoast.com\/product\/yoast-seo-premium-wordpress\/ -->\n<title>CORNUS wilsoniana (SWIDA wilsoniana) - cornejo de Wilson<\/title>\n<meta name=\"description\" content=\"El cornejo de Wilson florece en blanco. El CORNUS wilsoniana (sin. SWIDA wilsoniana) desarrolla una corteza notable, veteada de verde y blanco.\" \/>\n<meta name=\"robots\" content=\"index, follow, max-snippet:-1, max-image-preview:large, max-video-preview:-1\" \/>\n<link rel=\"canonical\" href=\"https:\/\/www.vallonchene.fr\/es\/producto\/cornus-wilsoniana-swida-wilsoniana\/\" \/>\n<meta property=\"og:locale\" content=\"es_ES\" \/>\n<meta property=\"og:type\" content=\"article\" \/>\n<meta property=\"og:title\" content=\"CORNUS wilsoniana (SWIDA wilsoniana)\" \/>\n<meta property=\"og:description\" content=\"El cornejo de Wilson florece en blanco. El CORNUS wilsoniana (sin. SWIDA wilsoniana) desarrolla una corteza notable, veteada de verde y blanco.\" \/>\n<meta property=\"og:url\" content=\"https:\/\/www.vallonchene.fr\/es\/producto\/cornus-wilsoniana-swida-wilsoniana\/\" \/>\n<meta property=\"og:site_name\" content=\"Vallonch\u00eane\" \/>\n<meta property=\"article:publisher\" content=\"https:\/\/www.facebook.com\/vallonchene.fr\" \/>\n<meta property=\"article:modified_time\" content=\"2024-12-06T15:26:11+00:00\" \/>\n<meta property=\"og:image\" content=\"https:\/\/www.vallonchene.fr\/wp-content\/uploads\/2024\/11\/CORNUS-wilsoniana-SWIDA-wilsoniana-1.webp\" \/>\n\t<meta property=\"og:image:width\" content=\"1200\" \/>\n\t<meta property=\"og:image:height\" content=\"1200\" \/>\n\t<meta property=\"og:image:type\" content=\"image\/webp\" \/>\n<meta name=\"twitter:card\" content=\"summary_large_image\" \/>\n<meta name=\"twitter:label1\" content=\"Disponibilidad\" \/>\n\t<meta name=\"twitter:data1\" content=\"En stock\" \/>\n<script type=\"application\/ld+json\" class=\"yoast-schema-graph\">{\"@context\":\"https:\\\/\\\/schema.org\",\"@graph\":[{\"@type\":\"WebPage\",\"@id\":\"https:\\\/\\\/www.vallonchene.fr\\\/es\\\/producto\\\/cornus-wilsoniana-swida-wilsoniana\\\/\",\"url\":\"https:\\\/\\\/www.vallonchene.fr\\\/es\\\/producto\\\/cornus-wilsoniana-swida-wilsoniana\\\/\",\"name\":\"CORNUS wilsoniana (SWIDA wilsoniana) - cornejo de Wilson\",\"isPartOf\":{\"@id\":\"https:\\\/\\\/www.vallonchene.fr\\\/es\\\/#website\"},\"primaryImageOfPage\":{\"@id\":\"https:\\\/\\\/www.vallonchene.fr\\\/es\\\/producto\\\/cornus-wilsoniana-swida-wilsoniana\\\/#primaryimage\"},\"image\":{\"@id\":\"https:\\\/\\\/www.vallonchene.fr\\\/es\\\/producto\\\/cornus-wilsoniana-swida-wilsoniana\\\/#primaryimage\"},\"thumbnailUrl\":\"https:\\\/\\\/www.vallonchene.fr\\\/wp-content\\\/uploads\\\/2024\\\/11\\\/CORNUS-wilsoniana-SWIDA-wilsoniana-1.webp\",\"datePublished\":\"2024-11-24T15:45:07+00:00\",\"dateModified\":\"2024-12-06T15:26:11+00:00\",\"description\":\"El cornejo de Wilson florece en blanco. El CORNUS wilsoniana (sin. SWIDA wilsoniana) desarrolla una corteza notable, veteada de verde y blanco.\",\"breadcrumb\":{\"@id\":\"https:\\\/\\\/www.vallonchene.fr\\\/es\\\/producto\\\/cornus-wilsoniana-swida-wilsoniana\\\/#breadcrumb\"},\"inLanguage\":\"es\",\"potentialAction\":[{\"@type\":\"ReadAction\",\"target\":[\"https:\\\/\\\/www.vallonchene.fr\\\/es\\\/producto\\\/cornus-wilsoniana-swida-wilsoniana\\\/\"]}]},{\"@type\":\"ImageObject\",\"inLanguage\":\"es\",\"@id\":\"https:\\\/\\\/www.vallonchene.fr\\\/es\\\/producto\\\/cornus-wilsoniana-swida-wilsoniana\\\/#primaryimage\",\"url\":\"https:\\\/\\\/www.vallonchene.fr\\\/wp-content\\\/uploads\\\/2024\\\/11\\\/CORNUS-wilsoniana-SWIDA-wilsoniana-1.webp\",\"contentUrl\":\"https:\\\/\\\/www.vallonchene.fr\\\/wp-content\\\/uploads\\\/2024\\\/11\\\/CORNUS-wilsoniana-SWIDA-wilsoniana-1.webp\",\"width\":1200,\"height\":1200,\"caption\":\"Follaje verde del CORNUS wilsoniana (SWIDA wilsoniana)\"},{\"@type\":\"BreadcrumbList\",\"@id\":\"https:\\\/\\\/www.vallonchene.fr\\\/es\\\/producto\\\/cornus-wilsoniana-swida-wilsoniana\\\/#breadcrumb\",\"itemListElement\":[{\"@type\":\"ListItem\",\"position\":1,\"name\":\"Home\",\"item\":\"https:\\\/\\\/www.vallonchene.fr\\\/es\\\/\"},{\"@type\":\"ListItem\",\"position\":2,\"name\":\"Tienda\",\"item\":\"https:\\\/\\\/www.vallonchene.fr\\\/tienda\\\/\"},{\"@type\":\"ListItem\",\"position\":3,\"name\":\"Venta en linea\",\"item\":\"https:\\\/\\\/www.vallonchene.fr\\\/es\\\/categoria-producto\\\/venta-en-linea\\\/\"},{\"@type\":\"ListItem\",\"position\":4,\"name\":\"Vivero\",\"item\":\"https:\\\/\\\/www.vallonchene.fr\\\/es\\\/categoria-producto\\\/venta-en-linea\\\/vivero\\\/\"},{\"@type\":\"ListItem\",\"position\":5,\"name\":\"Arbustos y \u00e1rboles\",\"item\":\"https:\\\/\\\/www.vallonchene.fr\\\/es\\\/categoria-producto\\\/venta-en-linea\\\/vivero\\\/arbustos-y-arboles\\\/\"},{\"@type\":\"ListItem\",\"position\":6,\"name\":\"CORNUS wilsoniana (SWIDA wilsoniana)\"}]},{\"@type\":\"WebSite\",\"@id\":\"https:\\\/\\\/www.vallonchene.fr\\\/es\\\/#website\",\"url\":\"https:\\\/\\\/www.vallonchene.fr\\\/es\\\/\",\"name\":\"Vallonch\u00eane\",\"description\":\"El vivero donde la calidad tiene sus ra\u00edces \u2013 Tel.: +33 (0)2.35.90.02.02\",\"publisher\":{\"@id\":\"https:\\\/\\\/www.vallonchene.fr\\\/es\\\/#organization\"},\"potentialAction\":[{\"@type\":\"SearchAction\",\"target\":{\"@type\":\"EntryPoint\",\"urlTemplate\":\"https:\\\/\\\/www.vallonchene.fr\\\/es\\\/?s={search_term_string}\"},\"query-input\":{\"@type\":\"PropertyValueSpecification\",\"valueRequired\":true,\"valueName\":\"search_term_string\"}}],\"inLanguage\":\"es\"},{\"@type\":\"Organization\",\"@id\":\"https:\\\/\\\/www.vallonchene.fr\\\/es\\\/#organization\",\"name\":\"VALLONCHENE\",\"url\":\"https:\\\/\\\/www.vallonchene.fr\\\/es\\\/\",\"logo\":{\"@type\":\"ImageObject\",\"inLanguage\":\"es\",\"@id\":\"https:\\\/\\\/www.vallonchene.fr\\\/es\\\/#\\\/schema\\\/logo\\\/image\\\/\",\"url\":\"https:\\\/\\\/www.vallonchene.fr\\\/wp-content\\\/uploads\\\/2023\\\/03\\\/Logo-Vallonchene-site-et-R_hauteur_100.png\",\"contentUrl\":\"https:\\\/\\\/www.vallonchene.fr\\\/wp-content\\\/uploads\\\/2023\\\/03\\\/Logo-Vallonchene-site-et-R_hauteur_100.png\",\"width\":221,\"height\":100,\"caption\":\"VALLONCHENE\"},\"image\":{\"@id\":\"https:\\\/\\\/www.vallonchene.fr\\\/es\\\/#\\\/schema\\\/logo\\\/image\\\/\"},\"sameAs\":[\"https:\\\/\\\/www.facebook.com\\\/vallonchene.fr\",\"https:\\\/\\\/www.instagram.com\\\/vallonchene\\\/\",\"https:\\\/\\\/www.pinterest.fr\\\/vallonchene\\\/\"],\"taxID\":\"49454502300017\",\"hasMerchantReturnPolicy\":{\"@type\":\"MerchantReturnPolicy\",\"merchantReturnLink\":\"https:\\\/\\\/www.vallonchene.fr\\\/remboursements_retours\\\/\"}}]}<\/script>\n<meta property=\"og:availability\" content=\"instock\" \/>\n<meta property=\"product:availability\" content=\"instock\" \/>\n<meta property=\"product:condition\" content=\"new\" \/>\n<!-- \/ Yoast SEO Premium plugin. -->","yoast_head_json":{"title":"CORNUS wilsoniana (SWIDA wilsoniana) - cornejo de Wilson","description":"El cornejo de Wilson florece en blanco. El CORNUS wilsoniana (sin. SWIDA wilsoniana) desarrolla una corteza notable, veteada de verde y blanco.","robots":{"index":"index","follow":"follow","max-snippet":"max-snippet:-1","max-image-preview":"max-image-preview:large","max-video-preview":"max-video-preview:-1"},"canonical":"https:\/\/www.vallonchene.fr\/es\/producto\/cornus-wilsoniana-swida-wilsoniana\/","og_locale":"es_ES","og_type":"article","og_title":"CORNUS wilsoniana (SWIDA wilsoniana)","og_description":"El cornejo de Wilson florece en blanco. El CORNUS wilsoniana (sin. SWIDA wilsoniana) desarrolla una corteza notable, veteada de verde y blanco.","og_url":"https:\/\/www.vallonchene.fr\/es\/producto\/cornus-wilsoniana-swida-wilsoniana\/","og_site_name":"Vallonch\u00eane","article_publisher":"https:\/\/www.facebook.com\/vallonchene.fr","article_modified_time":"2024-12-06T15:26:11+00:00","og_image":[{"width":1200,"height":1200,"url":"https:\/\/www.vallonchene.fr\/wp-content\/uploads\/2024\/11\/CORNUS-wilsoniana-SWIDA-wilsoniana-1.webp","type":"image\/webp"}],"twitter_card":"summary_large_image","twitter_misc":{"Disponibilidad":"En stock"},"schema":{"@context":"https:\/\/schema.org","@graph":[{"@type":"WebPage","@id":"https:\/\/www.vallonchene.fr\/es\/producto\/cornus-wilsoniana-swida-wilsoniana\/","url":"https:\/\/www.vallonchene.fr\/es\/producto\/cornus-wilsoniana-swida-wilsoniana\/","name":"CORNUS wilsoniana (SWIDA wilsoniana) - cornejo de Wilson","isPartOf":{"@id":"https:\/\/www.vallonchene.fr\/es\/#website"},"primaryImageOfPage":{"@id":"https:\/\/www.vallonchene.fr\/es\/producto\/cornus-wilsoniana-swida-wilsoniana\/#primaryimage"},"image":{"@id":"https:\/\/www.vallonchene.fr\/es\/producto\/cornus-wilsoniana-swida-wilsoniana\/#primaryimage"},"thumbnailUrl":"https:\/\/www.vallonchene.fr\/wp-content\/uploads\/2024\/11\/CORNUS-wilsoniana-SWIDA-wilsoniana-1.webp","datePublished":"2024-11-24T15:45:07+00:00","dateModified":"2024-12-06T15:26:11+00:00","description":"El cornejo de Wilson florece en blanco. El CORNUS wilsoniana (sin. SWIDA wilsoniana) desarrolla una corteza notable, veteada de verde y blanco.","breadcrumb":{"@id":"https:\/\/www.vallonchene.fr\/es\/producto\/cornus-wilsoniana-swida-wilsoniana\/#breadcrumb"},"inLanguage":"es","potentialAction":[{"@type":"ReadAction","target":["https:\/\/www.vallonchene.fr\/es\/producto\/cornus-wilsoniana-swida-wilsoniana\/"]}]},{"@type":"ImageObject","inLanguage":"es","@id":"https:\/\/www.vallonchene.fr\/es\/producto\/cornus-wilsoniana-swida-wilsoniana\/#primaryimage","url":"https:\/\/www.vallonchene.fr\/wp-content\/uploads\/2024\/11\/CORNUS-wilsoniana-SWIDA-wilsoniana-1.webp","contentUrl":"https:\/\/www.vallonchene.fr\/wp-content\/uploads\/2024\/11\/CORNUS-wilsoniana-SWIDA-wilsoniana-1.webp","width":1200,"height":1200,"caption":"Follaje verde del CORNUS wilsoniana (SWIDA wilsoniana)"},{"@type":"BreadcrumbList","@id":"https:\/\/www.vallonchene.fr\/es\/producto\/cornus-wilsoniana-swida-wilsoniana\/#breadcrumb","itemListElement":[{"@type":"ListItem","position":1,"name":"Home","item":"https:\/\/www.vallonchene.fr\/es\/"},{"@type":"ListItem","position":2,"name":"Tienda","item":"https:\/\/www.vallonchene.fr\/tienda\/"},{"@type":"ListItem","position":3,"name":"Venta en linea","item":"https:\/\/www.vallonchene.fr\/es\/categoria-producto\/venta-en-linea\/"},{"@type":"ListItem","position":4,"name":"Vivero","item":"https:\/\/www.vallonchene.fr\/es\/categoria-producto\/venta-en-linea\/vivero\/"},{"@type":"ListItem","position":5,"name":"Arbustos y \u00e1rboles","item":"https:\/\/www.vallonchene.fr\/es\/categoria-producto\/venta-en-linea\/vivero\/arbustos-y-arboles\/"},{"@type":"ListItem","position":6,"name":"CORNUS wilsoniana (SWIDA wilsoniana)"}]},{"@type":"WebSite","@id":"https:\/\/www.vallonchene.fr\/es\/#website","url":"https:\/\/www.vallonchene.fr\/es\/","name":"Vallonch\u00eane","description":"El vivero donde la calidad tiene sus ra\u00edces \u2013 Tel.: +33 (0)2.35.90.02.02","publisher":{"@id":"https:\/\/www.vallonchene.fr\/es\/#organization"},"potentialAction":[{"@type":"SearchAction","target":{"@type":"EntryPoint","urlTemplate":"https:\/\/www.vallonchene.fr\/es\/?s={search_term_string}"},"query-input":{"@type":"PropertyValueSpecification","valueRequired":true,"valueName":"search_term_string"}}],"inLanguage":"es"},{"@type":"Organization","@id":"https:\/\/www.vallonchene.fr\/es\/#organization","name":"VALLONCHENE","url":"https:\/\/www.vallonchene.fr\/es\/","logo":{"@type":"ImageObject","inLanguage":"es","@id":"https:\/\/www.vallonchene.fr\/es\/#\/schema\/logo\/image\/","url":"https:\/\/www.vallonchene.fr\/wp-content\/uploads\/2023\/03\/Logo-Vallonchene-site-et-R_hauteur_100.png","contentUrl":"https:\/\/www.vallonchene.fr\/wp-content\/uploads\/2023\/03\/Logo-Vallonchene-site-et-R_hauteur_100.png","width":221,"height":100,"caption":"VALLONCHENE"},"image":{"@id":"https:\/\/www.vallonchene.fr\/es\/#\/schema\/logo\/image\/"},"sameAs":["https:\/\/www.facebook.com\/vallonchene.fr","https:\/\/www.instagram.com\/vallonchene\/","https:\/\/www.pinterest.fr\/vallonchene\/"],"taxID":"49454502300017","hasMerchantReturnPolicy":{"@type":"MerchantReturnPolicy","merchantReturnLink":"https:\/\/www.vallonchene.fr\/remboursements_retours\/"}}]},"og_availability":"instock","product_availability":"instock","product_condition":"new"},"_links":{"self":[{"href":"https:\/\/www.vallonchene.fr\/es\/wp-json\/wp\/v2\/product\/50453","targetHints":{"allow":["GET"]}}],"collection":[{"href":"https:\/\/www.vallonchene.fr\/es\/wp-json\/wp\/v2\/product"}],"about":[{"href":"https:\/\/www.vallonchene.fr\/es\/wp-json\/wp\/v2\/types\/product"}],"replies":[{"embeddable":true,"href":"https:\/\/www.vallonchene.fr\/es\/wp-json\/wp\/v2\/comments?post=50453"}],"wp:featuredmedia":[{"embeddable":true,"href":"https:\/\/www.vallonchene.fr\/es\/wp-json\/wp\/v2\/media\/50454"}],"wp:attachment":[{"href":"https:\/\/www.vallonchene.fr\/es\/wp-json\/wp\/v2\/media?parent=50453"}],"wp:term":[{"taxonomy":"product_brand","embeddable":true,"href":"https:\/\/www.vallonchene.fr\/es\/wp-json\/wp\/v2\/product_brand?post=50453"},{"taxonomy":"product_cat","embeddable":true,"href":"https:\/\/www.vallonchene.fr\/es\/wp-json\/wp\/v2\/product_cat?post=50453"},{"taxonomy":"product_tag","embeddable":true,"href":"https:\/\/www.vallonchene.fr\/es\/wp-json\/wp\/v2\/product_tag?post=50453"}],"curies":[{"name":"wp","href":"https:\/\/api.w.org\/{rel}","templated":true}]}}