{"id":50424,"date":"2021-08-31T10:44:40","date_gmt":"2021-08-31T09:44:40","guid":{"rendered":"https:\/\/www.vallonchene.fr\/produit\/aesculus-hippocastanum-monstrosa\/"},"modified":"2021-08-31T10:44:40","modified_gmt":"2021-08-31T09:44:40","slug":"aesculus-hippocastanum-monstrosa","status":"publish","type":"product","link":"https:\/\/www.vallonchene.fr\/es\/producto\/aesculus-hippocastanum-monstrosa\/","title":{"rendered":"AESCULUS hippocastanum &#8216;Monstrosa&#8217;"},"content":{"rendered":"<h2>La Planta <br \/><\/h2>\n<p>El <strong>AESCULUS hippocastanum &#8216;Monstrosa&#8217;<\/strong> pertenece a la familia de los <strong>falsos casta\u00f1os<\/strong>. Es un <strong>peque\u00f1o \u00e1rbol<\/strong> ornamental de una <strong>belleza singular<\/strong>.<br \/>\nSu <strong>porte compacto<\/strong> y sus <strong>ramas tortuosas con fasciaciones<\/strong> lo convierten en un elemento arquitect\u00f3nico destacado en cualquier jard\u00edn.<br \/>\nSu <strong>follaje caduco<\/strong> de un verde luminoso aporta un toque de frescura en primavera.<br \/>\nAdem\u00e1s, esta variedad tiene un crecimiento extremadamente lento, lo que la hace ideal para espacios reducidos. Sin duda, se clasifica como un \u00e1rbol en miniatura.<br \/>\nPor \u00faltimo, esta peque\u00f1a maravilla resiste sin problemas temperaturas inferiores a -20\u00b0C. Para consultar todos los AESCULUS disponibles actualmente, <strong><a href=\"https:\/\/www.vallonchene.fr\/?s=aesculus&amp;post_type=product&amp;dgwt_wcas=1&amp;lang=fr&amp;filter_stock_status=instock\">haga clic aqu\u00ed<\/a><\/strong>.  <\/p>\n<h2>\u00bfC\u00f3mo plantar y cuidar el AESCULUS hippocastanum &#8216;Monstrosa&#8217;?<\/h2>\n<ol>\n<li><strong>Plantaci\u00f3n:<\/strong> Pl\u00e1ntelo a pleno sol o semisombra. Se adapta tanto a macetas como a macizos. El suelo puede ser ligero, normal o pesado. Tolera suelos h\u00famedos, moderadamente h\u00famedos y secos (una vez establecido) con un pH \u00e1cido, neutro o alcalino.<br \/>\nPara preparar el hoyo de plantaci\u00f3n, <strong><a href=\"https:\/\/www.vallonchene.fr\/comment-planter-et-entretenir-des-vegetaux\/\">siga nuestros consejos de plantaci\u00f3n disponibles aqu\u00ed<\/a><\/strong>.   <\/li>\n<li><strong>Mantenimiento:<\/strong> Riegue regularmente este casta\u00f1o de Indias el primer y segundo a\u00f1o despu\u00e9s de la plantaci\u00f3n, hasta que est\u00e9 bien establecido. Dada su tama\u00f1o en miniatura y su desarrollo muy compacto, no requiere poda. Sin embargo, si necesita podarlo, h\u00e1galo en marzo antes de que brote la nueva vegetaci\u00f3n.<br \/>\nConsulte tambi\u00e9n <a href=\"https:\/\/www.vallonchene.fr\/comment-bien-arroser-le-jardin-et-economiser-leau\/\"><strong>nuestros consejos sobre c\u00f3mo regar correctamente y ahorrar agua aqu\u00ed<\/strong><\/a>.  <\/li>\n<\/ol>\n<h2>Historia y Origen<\/h2>\n<p>Esta planta tiene sus or\u00edgenes en Europa, m\u00e1s precisamente en los Balcanes. En su h\u00e1bitat natural, los expertos bot\u00e1nicos consideran a esta especie vulnerable. En cuanto al AESCULUS hippocastanum &#8216;Monstrosa&#8217;, es una de las selecciones m\u00e1s apreciadas por los coleccionistas. Debido a su tama\u00f1o en miniatura, se planta principalmente en jardines privados, mientras que la especie tipo se plantaba a menudo en parques p\u00fablicos. Por \u00faltimo, la corteza, las flores y los frutos de esta especie se utilizan en preparaciones medicinales.   <\/p>\n<p>&nbsp;<\/p>\n","protected":false},"excerpt":{"rendered":"<p>Este <strong>falso casta\u00f1o<\/strong> presenta fasciaciones en las ramas. El <strong>AESCULUS hippocastanum &#8216;Monstrosa&#8217;<\/strong> es una forma enana de follaje verde y muy compacto. <\/p>\n","protected":false},"featured_media":50425,"comment_status":"open","ping_status":"closed","template":"","meta":[],"product_brand":[],"product_cat":[11499,11821],"product_tag":[11822,11824,11823,11828,11826,11827,11825],"class_list":{"0":"post-50424","1":"product","2":"type-product","3":"status-publish","4":"has-post-thumbnail","6":"product_cat-arbustos-y-arboles","7":"product_cat-plantas-raras-plantas-de-coleccion","8":"product_tag-aesculus-es","9":"product_tag-aesculus-hippocastanum-es","10":"product_tag-aesculus-hippocastanum-monstrosa-es","11":"product_tag-castano-blanco","12":"product_tag-falso-castano","13":"product_tag-falso-castano-es","14":"product_tag-monstrosa-es","15":"pa_99-hauteurapproximativeapres1-1_00-a-1_50-m","16":"pa_couleurdufeuillage-verde","17":"pa_exigencesenhumidite-moderadamente-humedo-a-humedo","18":"pa_exigencesenhumidite-promedio","19":"pa_exigencesenhumidite-seco","20":"pa_expositionspossibles-pleno-sol-de-12-a-17-min","21":"pa_expositionspossibles-sombra-parcial-evitar-el-sol-de-12-a-17-horas","22":"pa_hauteurlivree-10-a-15-cm-es","23":"pa_hauteurlivree-15-a-20-cm-es","24":"pa_hauteurlivree-50-cm-en-tallo","25":"pa_hauteurlivree-90-cm-en-tallo","26":"pa_interetauprintemps-brotes-jovenes","27":"pa_interetauprintemps-follaje","28":"pa_interetauprintemps-habitus","29":"pa_interetenautomne-follaje","30":"pa_interetenautomne-habitus","31":"pa_interetenete-follaje","32":"pa_interetenete-habitus","33":"pa_interetenhiver-habitus","34":"pa_naturedufeuillage-caduco","35":"pa_naturesdesolpossibles-ligero","36":"pa_naturesdesolpossibles-normal-es","37":"pa_naturesdesolpossibles-pesado","38":"pa_particularites-adecuado-para-bonsai","39":"pa_particularites-habitus","40":"pa_periodedetaille-marzo","41":"pa_phdusolacceptable-acido-menos-de-6_5","42":"pa_phdusolacceptable-calcareo-mas-de-7_5","43":"pa_phdusolacceptable-neutro-entre-6_5-y-7_5","44":"pa_portgraphisme-globoso","45":"pa_resistanceaufroidrusticite-resistente-por-debajo-de-menos-20-c","46":"pa_tailledepot-maceta-de-15-litros","47":"pa_tailledepot-maceta-de-2-litros","48":"pa_utilisationpossible-arriate","49":"pa_utilisationpossible-contenedor-o-olla","51":"first","52":"instock","53":"taxable","54":"shipping-taxable","55":"purchasable","56":"product-type-variable","57":"has-default-attributes"},"supplier_id":null,"supplier_sku":"","barcode":null,"atum_controlled":true,"out_stock_date":null,"out_stock_threshold":null,"inheritable":true,"inbound_stock":0,"stock_on_hold":0,"sold_today":0,"sales_last_days":0,"reserved_stock":0,"customer_returns":0,"warehouse_damage":0,"lost_in_post":0,"other_logs":0,"out_stock_days":null,"lost_sales":0,"has_location":false,"update_date":"2025-10-26T14:17:17","atum_locations":[],"atum_stock_status":"instock","restock_status":false,"low_stock_amount":"","sales_update_date":"2025-10-26T14:17:17","calc_backorders":null,"yoast_head":"<!-- This site is optimized with the Yoast SEO Premium plugin v27.5 (Yoast SEO v27.5) - https:\/\/yoast.com\/product\/yoast-seo-premium-wordpress\/ -->\n<title>AESCULUS hippocastanum &#039;Monstrosa&#039; (falso casta\u00f1o)<\/title>\n<meta name=\"description\" content=\"Este falso casta\u00f1o presenta fasciaciones en las ramas. El AESCULUS hippocastanum &#039;Monstrosa&#039; es una forma enana de follaje verde.\" \/>\n<meta name=\"robots\" content=\"index, follow, max-snippet:-1, max-image-preview:large, max-video-preview:-1\" \/>\n<link rel=\"canonical\" href=\"https:\/\/www.vallonchene.fr\/es\/producto\/aesculus-hippocastanum-monstrosa\/\" \/>\n<meta property=\"og:locale\" content=\"es_ES\" \/>\n<meta property=\"og:type\" content=\"article\" \/>\n<meta property=\"og:title\" content=\"AESCULUS hippocastanum &#039;Monstrosa&#039;\" \/>\n<meta property=\"og:description\" content=\"Este falso casta\u00f1o presenta fasciaciones en las ramas. El AESCULUS hippocastanum &#039;Monstrosa&#039; es una forma enana de follaje verde.\" \/>\n<meta property=\"og:url\" content=\"https:\/\/www.vallonchene.fr\/es\/producto\/aesculus-hippocastanum-monstrosa\/\" \/>\n<meta property=\"og:site_name\" content=\"Vallonch\u00eane\" \/>\n<meta property=\"article:publisher\" content=\"https:\/\/www.facebook.com\/vallonchene.fr\" \/>\n<meta property=\"og:image\" content=\"https:\/\/www.vallonchene.fr\/wp-content\/uploads\/2024\/11\/AESCULUS-hippocastanum-Monstrosa.webp\" \/>\n\t<meta property=\"og:image:width\" content=\"1200\" \/>\n\t<meta property=\"og:image:height\" content=\"1200\" \/>\n\t<meta property=\"og:image:type\" content=\"image\/webp\" \/>\n<meta name=\"twitter:card\" content=\"summary_large_image\" \/>\n<meta name=\"twitter:label1\" content=\"Disponibilidad\" \/>\n\t<meta name=\"twitter:data1\" content=\"En stock\" \/>\n<script type=\"application\/ld+json\" class=\"yoast-schema-graph\">{\"@context\":\"https:\\\/\\\/schema.org\",\"@graph\":[{\"@type\":\"WebPage\",\"@id\":\"https:\\\/\\\/www.vallonchene.fr\\\/es\\\/producto\\\/aesculus-hippocastanum-monstrosa\\\/\",\"url\":\"https:\\\/\\\/www.vallonchene.fr\\\/es\\\/producto\\\/aesculus-hippocastanum-monstrosa\\\/\",\"name\":\"AESCULUS hippocastanum 'Monstrosa' (falso casta\u00f1o)\",\"isPartOf\":{\"@id\":\"https:\\\/\\\/www.vallonchene.fr\\\/es\\\/#website\"},\"primaryImageOfPage\":{\"@id\":\"https:\\\/\\\/www.vallonchene.fr\\\/es\\\/producto\\\/aesculus-hippocastanum-monstrosa\\\/#primaryimage\"},\"image\":{\"@id\":\"https:\\\/\\\/www.vallonchene.fr\\\/es\\\/producto\\\/aesculus-hippocastanum-monstrosa\\\/#primaryimage\"},\"thumbnailUrl\":\"https:\\\/\\\/www.vallonchene.fr\\\/wp-content\\\/uploads\\\/2024\\\/11\\\/AESCULUS-hippocastanum-Monstrosa.webp\",\"datePublished\":\"2021-08-31T09:44:40+00:00\",\"description\":\"Este falso casta\u00f1o presenta fasciaciones en las ramas. El AESCULUS hippocastanum 'Monstrosa' es una forma enana de follaje verde.\",\"breadcrumb\":{\"@id\":\"https:\\\/\\\/www.vallonchene.fr\\\/es\\\/producto\\\/aesculus-hippocastanum-monstrosa\\\/#breadcrumb\"},\"inLanguage\":\"es\",\"potentialAction\":[{\"@type\":\"ReadAction\",\"target\":[\"https:\\\/\\\/www.vallonchene.fr\\\/es\\\/producto\\\/aesculus-hippocastanum-monstrosa\\\/\"]}]},{\"@type\":\"ImageObject\",\"inLanguage\":\"es\",\"@id\":\"https:\\\/\\\/www.vallonchene.fr\\\/es\\\/producto\\\/aesculus-hippocastanum-monstrosa\\\/#primaryimage\",\"url\":\"https:\\\/\\\/www.vallonchene.fr\\\/wp-content\\\/uploads\\\/2024\\\/11\\\/AESCULUS-hippocastanum-Monstrosa.webp\",\"contentUrl\":\"https:\\\/\\\/www.vallonchene.fr\\\/wp-content\\\/uploads\\\/2024\\\/11\\\/AESCULUS-hippocastanum-Monstrosa.webp\",\"width\":1200,\"height\":1200,\"caption\":\"Bois de l'AESCULUS hippocastanum 'Monstrosa' apr\u00e8s la chute des feuilles montrant les fasciations sur son bois\"},{\"@type\":\"BreadcrumbList\",\"@id\":\"https:\\\/\\\/www.vallonchene.fr\\\/es\\\/producto\\\/aesculus-hippocastanum-monstrosa\\\/#breadcrumb\",\"itemListElement\":[{\"@type\":\"ListItem\",\"position\":1,\"name\":\"Home\",\"item\":\"https:\\\/\\\/www.vallonchene.fr\\\/es\\\/\"},{\"@type\":\"ListItem\",\"position\":2,\"name\":\"Tienda\",\"item\":\"https:\\\/\\\/www.vallonchene.fr\\\/tienda\\\/\"},{\"@type\":\"ListItem\",\"position\":3,\"name\":\"Venta en linea\",\"item\":\"https:\\\/\\\/www.vallonchene.fr\\\/es\\\/categoria-producto\\\/venta-en-linea\\\/\"},{\"@type\":\"ListItem\",\"position\":4,\"name\":\"Vivero\",\"item\":\"https:\\\/\\\/www.vallonchene.fr\\\/es\\\/categoria-producto\\\/venta-en-linea\\\/vivero\\\/\"},{\"@type\":\"ListItem\",\"position\":5,\"name\":\"Arbustos y \u00e1rboles\",\"item\":\"https:\\\/\\\/www.vallonchene.fr\\\/es\\\/categoria-producto\\\/venta-en-linea\\\/vivero\\\/arbustos-y-arboles\\\/\"},{\"@type\":\"ListItem\",\"position\":6,\"name\":\"AESCULUS hippocastanum &#8216;Monstrosa&#8217;\"}]},{\"@type\":\"WebSite\",\"@id\":\"https:\\\/\\\/www.vallonchene.fr\\\/es\\\/#website\",\"url\":\"https:\\\/\\\/www.vallonchene.fr\\\/es\\\/\",\"name\":\"Vallonch\u00eane\",\"description\":\"El vivero donde la calidad tiene sus ra\u00edces \u2013 Tel.: +33 (0)2.35.90.02.02\",\"publisher\":{\"@id\":\"https:\\\/\\\/www.vallonchene.fr\\\/es\\\/#organization\"},\"potentialAction\":[{\"@type\":\"SearchAction\",\"target\":{\"@type\":\"EntryPoint\",\"urlTemplate\":\"https:\\\/\\\/www.vallonchene.fr\\\/es\\\/?s={search_term_string}\"},\"query-input\":{\"@type\":\"PropertyValueSpecification\",\"valueRequired\":true,\"valueName\":\"search_term_string\"}}],\"inLanguage\":\"es\"},{\"@type\":\"Organization\",\"@id\":\"https:\\\/\\\/www.vallonchene.fr\\\/es\\\/#organization\",\"name\":\"VALLONCHENE\",\"url\":\"https:\\\/\\\/www.vallonchene.fr\\\/es\\\/\",\"logo\":{\"@type\":\"ImageObject\",\"inLanguage\":\"es\",\"@id\":\"https:\\\/\\\/www.vallonchene.fr\\\/es\\\/#\\\/schema\\\/logo\\\/image\\\/\",\"url\":\"https:\\\/\\\/www.vallonchene.fr\\\/wp-content\\\/uploads\\\/2023\\\/03\\\/Logo-Vallonchene-site-et-R_hauteur_100.png\",\"contentUrl\":\"https:\\\/\\\/www.vallonchene.fr\\\/wp-content\\\/uploads\\\/2023\\\/03\\\/Logo-Vallonchene-site-et-R_hauteur_100.png\",\"width\":221,\"height\":100,\"caption\":\"VALLONCHENE\"},\"image\":{\"@id\":\"https:\\\/\\\/www.vallonchene.fr\\\/es\\\/#\\\/schema\\\/logo\\\/image\\\/\"},\"sameAs\":[\"https:\\\/\\\/www.facebook.com\\\/vallonchene.fr\",\"https:\\\/\\\/www.instagram.com\\\/vallonchene\\\/\",\"https:\\\/\\\/www.pinterest.fr\\\/vallonchene\\\/\"],\"taxID\":\"49454502300017\",\"hasMerchantReturnPolicy\":{\"@type\":\"MerchantReturnPolicy\",\"merchantReturnLink\":\"https:\\\/\\\/www.vallonchene.fr\\\/remboursements_retours\\\/\"}}]}<\/script>\n<meta property=\"og:availability\" content=\"instock\" \/>\n<meta property=\"product:availability\" content=\"instock\" \/>\n<meta property=\"product:retailer_item_id\" content=\"13132\" \/>\n<meta property=\"product:condition\" content=\"new\" \/>\n<!-- \/ Yoast SEO Premium plugin. -->","yoast_head_json":{"title":"AESCULUS hippocastanum 'Monstrosa' (falso casta\u00f1o)","description":"Este falso casta\u00f1o presenta fasciaciones en las ramas. El AESCULUS hippocastanum 'Monstrosa' es una forma enana de follaje verde.","robots":{"index":"index","follow":"follow","max-snippet":"max-snippet:-1","max-image-preview":"max-image-preview:large","max-video-preview":"max-video-preview:-1"},"canonical":"https:\/\/www.vallonchene.fr\/es\/producto\/aesculus-hippocastanum-monstrosa\/","og_locale":"es_ES","og_type":"article","og_title":"AESCULUS hippocastanum 'Monstrosa'","og_description":"Este falso casta\u00f1o presenta fasciaciones en las ramas. El AESCULUS hippocastanum 'Monstrosa' es una forma enana de follaje verde.","og_url":"https:\/\/www.vallonchene.fr\/es\/producto\/aesculus-hippocastanum-monstrosa\/","og_site_name":"Vallonch\u00eane","article_publisher":"https:\/\/www.facebook.com\/vallonchene.fr","og_image":[{"width":1200,"height":1200,"url":"https:\/\/www.vallonchene.fr\/wp-content\/uploads\/2024\/11\/AESCULUS-hippocastanum-Monstrosa.webp","type":"image\/webp"}],"twitter_card":"summary_large_image","twitter_misc":{"Disponibilidad":"En stock"},"schema":{"@context":"https:\/\/schema.org","@graph":[{"@type":"WebPage","@id":"https:\/\/www.vallonchene.fr\/es\/producto\/aesculus-hippocastanum-monstrosa\/","url":"https:\/\/www.vallonchene.fr\/es\/producto\/aesculus-hippocastanum-monstrosa\/","name":"AESCULUS hippocastanum 'Monstrosa' (falso casta\u00f1o)","isPartOf":{"@id":"https:\/\/www.vallonchene.fr\/es\/#website"},"primaryImageOfPage":{"@id":"https:\/\/www.vallonchene.fr\/es\/producto\/aesculus-hippocastanum-monstrosa\/#primaryimage"},"image":{"@id":"https:\/\/www.vallonchene.fr\/es\/producto\/aesculus-hippocastanum-monstrosa\/#primaryimage"},"thumbnailUrl":"https:\/\/www.vallonchene.fr\/wp-content\/uploads\/2024\/11\/AESCULUS-hippocastanum-Monstrosa.webp","datePublished":"2021-08-31T09:44:40+00:00","description":"Este falso casta\u00f1o presenta fasciaciones en las ramas. El AESCULUS hippocastanum 'Monstrosa' es una forma enana de follaje verde.","breadcrumb":{"@id":"https:\/\/www.vallonchene.fr\/es\/producto\/aesculus-hippocastanum-monstrosa\/#breadcrumb"},"inLanguage":"es","potentialAction":[{"@type":"ReadAction","target":["https:\/\/www.vallonchene.fr\/es\/producto\/aesculus-hippocastanum-monstrosa\/"]}]},{"@type":"ImageObject","inLanguage":"es","@id":"https:\/\/www.vallonchene.fr\/es\/producto\/aesculus-hippocastanum-monstrosa\/#primaryimage","url":"https:\/\/www.vallonchene.fr\/wp-content\/uploads\/2024\/11\/AESCULUS-hippocastanum-Monstrosa.webp","contentUrl":"https:\/\/www.vallonchene.fr\/wp-content\/uploads\/2024\/11\/AESCULUS-hippocastanum-Monstrosa.webp","width":1200,"height":1200,"caption":"Bois de l'AESCULUS hippocastanum 'Monstrosa' apr\u00e8s la chute des feuilles montrant les fasciations sur son bois"},{"@type":"BreadcrumbList","@id":"https:\/\/www.vallonchene.fr\/es\/producto\/aesculus-hippocastanum-monstrosa\/#breadcrumb","itemListElement":[{"@type":"ListItem","position":1,"name":"Home","item":"https:\/\/www.vallonchene.fr\/es\/"},{"@type":"ListItem","position":2,"name":"Tienda","item":"https:\/\/www.vallonchene.fr\/tienda\/"},{"@type":"ListItem","position":3,"name":"Venta en linea","item":"https:\/\/www.vallonchene.fr\/es\/categoria-producto\/venta-en-linea\/"},{"@type":"ListItem","position":4,"name":"Vivero","item":"https:\/\/www.vallonchene.fr\/es\/categoria-producto\/venta-en-linea\/vivero\/"},{"@type":"ListItem","position":5,"name":"Arbustos y \u00e1rboles","item":"https:\/\/www.vallonchene.fr\/es\/categoria-producto\/venta-en-linea\/vivero\/arbustos-y-arboles\/"},{"@type":"ListItem","position":6,"name":"AESCULUS hippocastanum &#8216;Monstrosa&#8217;"}]},{"@type":"WebSite","@id":"https:\/\/www.vallonchene.fr\/es\/#website","url":"https:\/\/www.vallonchene.fr\/es\/","name":"Vallonch\u00eane","description":"El vivero donde la calidad tiene sus ra\u00edces \u2013 Tel.: +33 (0)2.35.90.02.02","publisher":{"@id":"https:\/\/www.vallonchene.fr\/es\/#organization"},"potentialAction":[{"@type":"SearchAction","target":{"@type":"EntryPoint","urlTemplate":"https:\/\/www.vallonchene.fr\/es\/?s={search_term_string}"},"query-input":{"@type":"PropertyValueSpecification","valueRequired":true,"valueName":"search_term_string"}}],"inLanguage":"es"},{"@type":"Organization","@id":"https:\/\/www.vallonchene.fr\/es\/#organization","name":"VALLONCHENE","url":"https:\/\/www.vallonchene.fr\/es\/","logo":{"@type":"ImageObject","inLanguage":"es","@id":"https:\/\/www.vallonchene.fr\/es\/#\/schema\/logo\/image\/","url":"https:\/\/www.vallonchene.fr\/wp-content\/uploads\/2023\/03\/Logo-Vallonchene-site-et-R_hauteur_100.png","contentUrl":"https:\/\/www.vallonchene.fr\/wp-content\/uploads\/2023\/03\/Logo-Vallonchene-site-et-R_hauteur_100.png","width":221,"height":100,"caption":"VALLONCHENE"},"image":{"@id":"https:\/\/www.vallonchene.fr\/es\/#\/schema\/logo\/image\/"},"sameAs":["https:\/\/www.facebook.com\/vallonchene.fr","https:\/\/www.instagram.com\/vallonchene\/","https:\/\/www.pinterest.fr\/vallonchene\/"],"taxID":"49454502300017","hasMerchantReturnPolicy":{"@type":"MerchantReturnPolicy","merchantReturnLink":"https:\/\/www.vallonchene.fr\/remboursements_retours\/"}}]},"og_availability":"instock","product_availability":"instock","product_retailer_item_id":"13132","product_condition":"new"},"_links":{"self":[{"href":"https:\/\/www.vallonchene.fr\/es\/wp-json\/wp\/v2\/product\/50424","targetHints":{"allow":["GET"]}}],"collection":[{"href":"https:\/\/www.vallonchene.fr\/es\/wp-json\/wp\/v2\/product"}],"about":[{"href":"https:\/\/www.vallonchene.fr\/es\/wp-json\/wp\/v2\/types\/product"}],"replies":[{"embeddable":true,"href":"https:\/\/www.vallonchene.fr\/es\/wp-json\/wp\/v2\/comments?post=50424"}],"wp:featuredmedia":[{"embeddable":true,"href":"https:\/\/www.vallonchene.fr\/es\/wp-json\/wp\/v2\/media\/50425"}],"wp:attachment":[{"href":"https:\/\/www.vallonchene.fr\/es\/wp-json\/wp\/v2\/media?parent=50424"}],"wp:term":[{"taxonomy":"product_brand","embeddable":true,"href":"https:\/\/www.vallonchene.fr\/es\/wp-json\/wp\/v2\/product_brand?post=50424"},{"taxonomy":"product_cat","embeddable":true,"href":"https:\/\/www.vallonchene.fr\/es\/wp-json\/wp\/v2\/product_cat?post=50424"},{"taxonomy":"product_tag","embeddable":true,"href":"https:\/\/www.vallonchene.fr\/es\/wp-json\/wp\/v2\/product_tag?post=50424"}],"curies":[{"name":"wp","href":"https:\/\/api.w.org\/{rel}","templated":true}]}}