{"id":43444,"date":"2023-09-15T07:54:51","date_gmt":"2023-09-15T07:54:51","guid":{"rendered":"https:\/\/www.vallonchene.fr\/?post_type=product&#038;p=43444"},"modified":"2024-09-26T13:36:27","modified_gmt":"2024-09-26T13:36:27","slug":"liquidambar-styraciflua-oakville-highlight-r-copalme-damerique","status":"publish","type":"product","link":"https:\/\/www.vallonchene.fr\/es\/producto\/liquidambar-styraciflua-oakville-highlight-r-copalme-damerique\/","title":{"rendered":"LIQUIDAMBAR styraciflua &#8216;Oakville Highlight&#8217; (R) (copalme d&#8217;Am\u00e9rique)"},"content":{"rendered":"","protected":false},"excerpt":{"rendered":"<p>Ce <strong>copalme d&#8217;Am\u00e9rique<\/strong> est assez nouveau. Le feuillage vert du <strong>LIQUIDAMBAR styraciflua &#8216;Oakville Highlight&#8217;<\/strong> (R) devient jaune, puis orange et rouge \u00e0 l&#8217;automne.<\/p>\n","protected":false},"featured_media":43532,"comment_status":"open","ping_status":"closed","template":"","meta":[],"product_brand":[],"product_cat":[251],"product_tag":[],"class_list":{"0":"post-43444","1":"product","2":"type-product","3":"status-publish","4":"has-post-thumbnail","6":"product_cat-arbustes-et-arbres","7":"pa_couleurautomnaledufeuillage-jaune","8":"pa_couleurautomnaledufeuillage-orange","9":"pa_couleurautomnaledufeuillage-rouge","10":"pa_couleurdufeuillage-vert","11":"pa_exigencesenhumidite-moyen","12":"pa_exigencesenhumidite-sec","13":"pa_expositionspossibles-pleinsoleilde12ha17hmin","14":"pa_hauteurlivree-60-a-80-cm","15":"pa_interetauprintemps-feuillage","16":"pa_interetauprintemps-graphismeforme","17":"pa_interetenautomne-feuillage","18":"pa_interetenautomne-graphismeforme","19":"pa_interetenete-feuillage","20":"pa_interetenete-graphismeforme","21":"pa_interetenhiver-graphismeforme","22":"pa_naturedufeuillage-caduc","23":"pa_naturesdesolpossibles-leger","24":"pa_naturesdesolpossibles-normal","25":"pa_particularites-ecorceremarquable","26":"pa_periodedetaille-fevr","27":"pa_periodedetaille-janv","28":"pa_phdusolacceptable-acidemoinsde65","29":"pa_phdusolacceptable-calcaireplusde75","30":"pa_phdusolacceptable-neutreentre65et75","31":"pa_presentationdelecorce-crevassee","32":"pa_resistanceaufroidrusticite-resistantjusqua_20c","33":"pa_tailledepot-pot-de-5-litres","34":"pa_utilisationpossible-isole","35":"pa_utilisationpossible-massif","37":"first","38":"outofstock","39":"taxable","40":"shipping-taxable","41":"product-type-variable"},"supplier_id":null,"supplier_sku":"","barcode":null,"atum_controlled":true,"out_stock_date":null,"out_stock_threshold":null,"inheritable":true,"inbound_stock":0,"stock_on_hold":0,"sold_today":null,"sales_last_days":null,"reserved_stock":0,"customer_returns":0,"warehouse_damage":0,"lost_in_post":0,"other_logs":0,"out_stock_days":null,"lost_sales":null,"has_location":false,"update_date":"2025-12-03T15:32:58","atum_locations":[],"atum_stock_status":"outofstock","restock_status":false,"low_stock_amount":"","sales_update_date":"2025-12-03T15:32:58","calc_backorders":null,"yoast_head":"<!-- This site is optimized with the Yoast SEO Premium plugin v27.4 (Yoast SEO v27.4) - https:\/\/yoast.com\/product\/yoast-seo-premium-wordpress\/ -->\n<title>LIQUIDAMBAR styraciflua &#039;Oakville Highlight&#039; (R) (copalme d&#039;Am\u00e9rique) - Vallonch\u00eane<\/title>\n<meta name=\"description\" content=\"Ce copalme d&#039;Am\u00e9rique est assez nouveau. Le feuillage vert du LIQUIDAMBAR styraciflua &#039;Oakville Highlight&#039; (R) devient jaune, orange et rouge \u00e0 l&#039;automne.\" \/>\n<meta name=\"robots\" content=\"index, follow, max-snippet:-1, max-image-preview:large, max-video-preview:-1\" \/>\n<link rel=\"canonical\" href=\"https:\/\/www.vallonchene.fr\/es\/producto\/liquidambar-styraciflua-oakville-highlight-r-copalme-damerique\/\" \/>\n<meta property=\"og:locale\" content=\"es_ES\" \/>\n<meta property=\"og:type\" content=\"article\" \/>\n<meta property=\"og:title\" content=\"LIQUIDAMBAR styraciflua &#039;Oakville Highlight&#039; (R) (copalme d&#039;Am\u00e9rique)\" \/>\n<meta property=\"og:description\" content=\"Ce copalme d&#039;Am\u00e9rique est assez nouveau. Le feuillage vert du LIQUIDAMBAR styraciflua &#039;Oakville Highlight&#039; (R) devient jaune, orange et rouge \u00e0 l&#039;automne.\" \/>\n<meta property=\"og:url\" content=\"https:\/\/www.vallonchene.fr\/es\/producto\/liquidambar-styraciflua-oakville-highlight-r-copalme-damerique\/\" \/>\n<meta property=\"og:site_name\" content=\"Vallonch\u00eane\" \/>\n<meta property=\"article:publisher\" content=\"https:\/\/www.facebook.com\/vallonchene.fr\" \/>\n<meta property=\"article:modified_time\" content=\"2024-09-26T13:36:27+00:00\" \/>\n<meta property=\"og:image\" content=\"https:\/\/www.vallonchene.fr\/wp-content\/uploads\/2023\/09\/LIQUIDAMBAR-styraciflua-Oakville-Highlight-R.webp\" \/>\n\t<meta property=\"og:image:width\" content=\"1000\" \/>\n\t<meta property=\"og:image:height\" content=\"1000\" \/>\n\t<meta property=\"og:image:type\" content=\"image\/webp\" \/>\n<meta name=\"twitter:card\" content=\"summary_large_image\" \/>\n<meta name=\"twitter:label1\" content=\"Disponibilidad\" \/>\n\t<meta name=\"twitter:data1\" content=\"Agotado\" \/>\n<script type=\"application\/ld+json\" class=\"yoast-schema-graph\">{\"@context\":\"https:\\\/\\\/schema.org\",\"@graph\":[{\"@type\":\"WebPage\",\"@id\":\"https:\\\/\\\/www.vallonchene.fr\\\/es\\\/producto\\\/liquidambar-styraciflua-oakville-highlight-r-copalme-damerique\\\/\",\"url\":\"https:\\\/\\\/www.vallonchene.fr\\\/es\\\/producto\\\/liquidambar-styraciflua-oakville-highlight-r-copalme-damerique\\\/\",\"name\":\"LIQUIDAMBAR styraciflua 'Oakville Highlight' (R) (copalme d'Am\u00e9rique) - Vallonch\u00eane\",\"isPartOf\":{\"@id\":\"https:\\\/\\\/www.vallonchene.fr\\\/es\\\/#website\"},\"primaryImageOfPage\":{\"@id\":\"https:\\\/\\\/www.vallonchene.fr\\\/es\\\/producto\\\/liquidambar-styraciflua-oakville-highlight-r-copalme-damerique\\\/#primaryimage\"},\"image\":{\"@id\":\"https:\\\/\\\/www.vallonchene.fr\\\/es\\\/producto\\\/liquidambar-styraciflua-oakville-highlight-r-copalme-damerique\\\/#primaryimage\"},\"thumbnailUrl\":\"https:\\\/\\\/www.vallonchene.fr\\\/wp-content\\\/uploads\\\/2023\\\/09\\\/LIQUIDAMBAR-styraciflua-Oakville-Highlight-R.webp\",\"datePublished\":\"2023-09-15T07:54:51+00:00\",\"dateModified\":\"2024-09-26T13:36:27+00:00\",\"description\":\"Ce copalme d'Am\u00e9rique est assez nouveau. Le feuillage vert du LIQUIDAMBAR styraciflua 'Oakville Highlight' (R) devient jaune, orange et rouge \u00e0 l'automne.\",\"breadcrumb\":{\"@id\":\"https:\\\/\\\/www.vallonchene.fr\\\/es\\\/producto\\\/liquidambar-styraciflua-oakville-highlight-r-copalme-damerique\\\/#breadcrumb\"},\"inLanguage\":\"es\",\"potentialAction\":[{\"@type\":\"ReadAction\",\"target\":[\"https:\\\/\\\/www.vallonchene.fr\\\/es\\\/producto\\\/liquidambar-styraciflua-oakville-highlight-r-copalme-damerique\\\/\"]}]},{\"@type\":\"ImageObject\",\"inLanguage\":\"es\",\"@id\":\"https:\\\/\\\/www.vallonchene.fr\\\/es\\\/producto\\\/liquidambar-styraciflua-oakville-highlight-r-copalme-damerique\\\/#primaryimage\",\"url\":\"https:\\\/\\\/www.vallonchene.fr\\\/wp-content\\\/uploads\\\/2023\\\/09\\\/LIQUIDAMBAR-styraciflua-Oakville-Highlight-R.webp\",\"contentUrl\":\"https:\\\/\\\/www.vallonchene.fr\\\/wp-content\\\/uploads\\\/2023\\\/09\\\/LIQUIDAMBAR-styraciflua-Oakville-Highlight-R.webp\",\"width\":1000,\"height\":1000,\"caption\":\"Feuillage vert du LIQUIDAMBAR styraciflua 'Oakville Highlight' (R)\"},{\"@type\":\"BreadcrumbList\",\"@id\":\"https:\\\/\\\/www.vallonchene.fr\\\/es\\\/producto\\\/liquidambar-styraciflua-oakville-highlight-r-copalme-damerique\\\/#breadcrumb\",\"itemListElement\":[{\"@type\":\"ListItem\",\"position\":1,\"name\":\"Home\",\"item\":\"https:\\\/\\\/www.vallonchene.fr\\\/es\\\/\"},{\"@type\":\"ListItem\",\"position\":2,\"name\":\"Tienda\",\"item\":\"https:\\\/\\\/www.vallonchene.fr\\\/tienda\\\/\"},{\"@type\":\"ListItem\",\"position\":3,\"name\":\"Venta en linea\",\"item\":\"https:\\\/\\\/www.vallonchene.fr\\\/es\\\/categoria-producto\\\/venta-en-linea\\\/\"},{\"@type\":\"ListItem\",\"position\":4,\"name\":\"Vivero\",\"item\":\"https:\\\/\\\/www.vallonchene.fr\\\/es\\\/categoria-producto\\\/venta-en-linea\\\/vivero\\\/\"},{\"@type\":\"ListItem\",\"position\":5,\"name\":\"Arbustos y \u00e1rboles\",\"item\":\"https:\\\/\\\/www.vallonchene.fr\\\/es\\\/categoria-producto\\\/venta-en-linea\\\/vivero\\\/arbustos-y-arboles\\\/\"},{\"@type\":\"ListItem\",\"position\":6,\"name\":\"LIQUIDAMBAR styraciflua &#8216;Oakville Highlight&#8217; (R) (copalme d&#8217;Am\u00e9rique)\"}]},{\"@type\":\"WebSite\",\"@id\":\"https:\\\/\\\/www.vallonchene.fr\\\/es\\\/#website\",\"url\":\"https:\\\/\\\/www.vallonchene.fr\\\/es\\\/\",\"name\":\"Vallonch\u00eane\",\"description\":\"El vivero donde la calidad tiene sus ra\u00edces \u2013 Tel.: +33 (0)2.35.90.02.02\",\"publisher\":{\"@id\":\"https:\\\/\\\/www.vallonchene.fr\\\/es\\\/#organization\"},\"potentialAction\":[{\"@type\":\"SearchAction\",\"target\":{\"@type\":\"EntryPoint\",\"urlTemplate\":\"https:\\\/\\\/www.vallonchene.fr\\\/es\\\/?s={search_term_string}\"},\"query-input\":{\"@type\":\"PropertyValueSpecification\",\"valueRequired\":true,\"valueName\":\"search_term_string\"}}],\"inLanguage\":\"es\"},{\"@type\":\"Organization\",\"@id\":\"https:\\\/\\\/www.vallonchene.fr\\\/es\\\/#organization\",\"name\":\"VALLONCHENE\",\"url\":\"https:\\\/\\\/www.vallonchene.fr\\\/es\\\/\",\"logo\":{\"@type\":\"ImageObject\",\"inLanguage\":\"es\",\"@id\":\"https:\\\/\\\/www.vallonchene.fr\\\/es\\\/#\\\/schema\\\/logo\\\/image\\\/\",\"url\":\"https:\\\/\\\/www.vallonchene.fr\\\/wp-content\\\/uploads\\\/2023\\\/03\\\/Logo-Vallonchene-site-et-R_hauteur_100.png\",\"contentUrl\":\"https:\\\/\\\/www.vallonchene.fr\\\/wp-content\\\/uploads\\\/2023\\\/03\\\/Logo-Vallonchene-site-et-R_hauteur_100.png\",\"width\":221,\"height\":100,\"caption\":\"VALLONCHENE\"},\"image\":{\"@id\":\"https:\\\/\\\/www.vallonchene.fr\\\/es\\\/#\\\/schema\\\/logo\\\/image\\\/\"},\"sameAs\":[\"https:\\\/\\\/www.facebook.com\\\/vallonchene.fr\",\"https:\\\/\\\/www.instagram.com\\\/vallonchene\\\/\",\"https:\\\/\\\/www.pinterest.fr\\\/vallonchene\\\/\"],\"taxID\":\"49454502300017\",\"hasMerchantReturnPolicy\":{\"@type\":\"MerchantReturnPolicy\",\"merchantReturnLink\":\"https:\\\/\\\/www.vallonchene.fr\\\/remboursements_retours\\\/\"}}]}<\/script>\n<meta property=\"og:availability\" content=\"out of stock\" \/>\n<meta property=\"product:availability\" content=\"out of stock\" \/>\n<meta property=\"product:retailer_item_id\" content=\"62455\" \/>\n<meta property=\"product:condition\" content=\"new\" \/>\n<!-- \/ Yoast SEO Premium plugin. -->","yoast_head_json":{"title":"LIQUIDAMBAR styraciflua 'Oakville Highlight' (R) (copalme d'Am\u00e9rique) - Vallonch\u00eane","description":"Ce copalme d'Am\u00e9rique est assez nouveau. Le feuillage vert du LIQUIDAMBAR styraciflua 'Oakville Highlight' (R) devient jaune, orange et rouge \u00e0 l'automne.","robots":{"index":"index","follow":"follow","max-snippet":"max-snippet:-1","max-image-preview":"max-image-preview:large","max-video-preview":"max-video-preview:-1"},"canonical":"https:\/\/www.vallonchene.fr\/es\/producto\/liquidambar-styraciflua-oakville-highlight-r-copalme-damerique\/","og_locale":"es_ES","og_type":"article","og_title":"LIQUIDAMBAR styraciflua 'Oakville Highlight' (R) (copalme d'Am\u00e9rique)","og_description":"Ce copalme d'Am\u00e9rique est assez nouveau. Le feuillage vert du LIQUIDAMBAR styraciflua 'Oakville Highlight' (R) devient jaune, orange et rouge \u00e0 l'automne.","og_url":"https:\/\/www.vallonchene.fr\/es\/producto\/liquidambar-styraciflua-oakville-highlight-r-copalme-damerique\/","og_site_name":"Vallonch\u00eane","article_publisher":"https:\/\/www.facebook.com\/vallonchene.fr","article_modified_time":"2024-09-26T13:36:27+00:00","og_image":[{"width":1000,"height":1000,"url":"https:\/\/www.vallonchene.fr\/wp-content\/uploads\/2023\/09\/LIQUIDAMBAR-styraciflua-Oakville-Highlight-R.webp","type":"image\/webp"}],"twitter_card":"summary_large_image","twitter_misc":{"Disponibilidad":"Agotado"},"schema":{"@context":"https:\/\/schema.org","@graph":[{"@type":"WebPage","@id":"https:\/\/www.vallonchene.fr\/es\/producto\/liquidambar-styraciflua-oakville-highlight-r-copalme-damerique\/","url":"https:\/\/www.vallonchene.fr\/es\/producto\/liquidambar-styraciflua-oakville-highlight-r-copalme-damerique\/","name":"LIQUIDAMBAR styraciflua 'Oakville Highlight' (R) (copalme d'Am\u00e9rique) - Vallonch\u00eane","isPartOf":{"@id":"https:\/\/www.vallonchene.fr\/es\/#website"},"primaryImageOfPage":{"@id":"https:\/\/www.vallonchene.fr\/es\/producto\/liquidambar-styraciflua-oakville-highlight-r-copalme-damerique\/#primaryimage"},"image":{"@id":"https:\/\/www.vallonchene.fr\/es\/producto\/liquidambar-styraciflua-oakville-highlight-r-copalme-damerique\/#primaryimage"},"thumbnailUrl":"https:\/\/www.vallonchene.fr\/wp-content\/uploads\/2023\/09\/LIQUIDAMBAR-styraciflua-Oakville-Highlight-R.webp","datePublished":"2023-09-15T07:54:51+00:00","dateModified":"2024-09-26T13:36:27+00:00","description":"Ce copalme d'Am\u00e9rique est assez nouveau. Le feuillage vert du LIQUIDAMBAR styraciflua 'Oakville Highlight' (R) devient jaune, orange et rouge \u00e0 l'automne.","breadcrumb":{"@id":"https:\/\/www.vallonchene.fr\/es\/producto\/liquidambar-styraciflua-oakville-highlight-r-copalme-damerique\/#breadcrumb"},"inLanguage":"es","potentialAction":[{"@type":"ReadAction","target":["https:\/\/www.vallonchene.fr\/es\/producto\/liquidambar-styraciflua-oakville-highlight-r-copalme-damerique\/"]}]},{"@type":"ImageObject","inLanguage":"es","@id":"https:\/\/www.vallonchene.fr\/es\/producto\/liquidambar-styraciflua-oakville-highlight-r-copalme-damerique\/#primaryimage","url":"https:\/\/www.vallonchene.fr\/wp-content\/uploads\/2023\/09\/LIQUIDAMBAR-styraciflua-Oakville-Highlight-R.webp","contentUrl":"https:\/\/www.vallonchene.fr\/wp-content\/uploads\/2023\/09\/LIQUIDAMBAR-styraciflua-Oakville-Highlight-R.webp","width":1000,"height":1000,"caption":"Feuillage vert du LIQUIDAMBAR styraciflua 'Oakville Highlight' (R)"},{"@type":"BreadcrumbList","@id":"https:\/\/www.vallonchene.fr\/es\/producto\/liquidambar-styraciflua-oakville-highlight-r-copalme-damerique\/#breadcrumb","itemListElement":[{"@type":"ListItem","position":1,"name":"Home","item":"https:\/\/www.vallonchene.fr\/es\/"},{"@type":"ListItem","position":2,"name":"Tienda","item":"https:\/\/www.vallonchene.fr\/tienda\/"},{"@type":"ListItem","position":3,"name":"Venta en linea","item":"https:\/\/www.vallonchene.fr\/es\/categoria-producto\/venta-en-linea\/"},{"@type":"ListItem","position":4,"name":"Vivero","item":"https:\/\/www.vallonchene.fr\/es\/categoria-producto\/venta-en-linea\/vivero\/"},{"@type":"ListItem","position":5,"name":"Arbustos y \u00e1rboles","item":"https:\/\/www.vallonchene.fr\/es\/categoria-producto\/venta-en-linea\/vivero\/arbustos-y-arboles\/"},{"@type":"ListItem","position":6,"name":"LIQUIDAMBAR styraciflua &#8216;Oakville Highlight&#8217; (R) (copalme d&#8217;Am\u00e9rique)"}]},{"@type":"WebSite","@id":"https:\/\/www.vallonchene.fr\/es\/#website","url":"https:\/\/www.vallonchene.fr\/es\/","name":"Vallonch\u00eane","description":"El vivero donde la calidad tiene sus ra\u00edces \u2013 Tel.: +33 (0)2.35.90.02.02","publisher":{"@id":"https:\/\/www.vallonchene.fr\/es\/#organization"},"potentialAction":[{"@type":"SearchAction","target":{"@type":"EntryPoint","urlTemplate":"https:\/\/www.vallonchene.fr\/es\/?s={search_term_string}"},"query-input":{"@type":"PropertyValueSpecification","valueRequired":true,"valueName":"search_term_string"}}],"inLanguage":"es"},{"@type":"Organization","@id":"https:\/\/www.vallonchene.fr\/es\/#organization","name":"VALLONCHENE","url":"https:\/\/www.vallonchene.fr\/es\/","logo":{"@type":"ImageObject","inLanguage":"es","@id":"https:\/\/www.vallonchene.fr\/es\/#\/schema\/logo\/image\/","url":"https:\/\/www.vallonchene.fr\/wp-content\/uploads\/2023\/03\/Logo-Vallonchene-site-et-R_hauteur_100.png","contentUrl":"https:\/\/www.vallonchene.fr\/wp-content\/uploads\/2023\/03\/Logo-Vallonchene-site-et-R_hauteur_100.png","width":221,"height":100,"caption":"VALLONCHENE"},"image":{"@id":"https:\/\/www.vallonchene.fr\/es\/#\/schema\/logo\/image\/"},"sameAs":["https:\/\/www.facebook.com\/vallonchene.fr","https:\/\/www.instagram.com\/vallonchene\/","https:\/\/www.pinterest.fr\/vallonchene\/"],"taxID":"49454502300017","hasMerchantReturnPolicy":{"@type":"MerchantReturnPolicy","merchantReturnLink":"https:\/\/www.vallonchene.fr\/remboursements_retours\/"}}]},"og_availability":"out of stock","product_availability":"out of stock","product_retailer_item_id":"62455","product_condition":"new"},"_links":{"self":[{"href":"https:\/\/www.vallonchene.fr\/es\/wp-json\/wp\/v2\/product\/43444","targetHints":{"allow":["GET"]}}],"collection":[{"href":"https:\/\/www.vallonchene.fr\/es\/wp-json\/wp\/v2\/product"}],"about":[{"href":"https:\/\/www.vallonchene.fr\/es\/wp-json\/wp\/v2\/types\/product"}],"replies":[{"embeddable":true,"href":"https:\/\/www.vallonchene.fr\/es\/wp-json\/wp\/v2\/comments?post=43444"}],"wp:featuredmedia":[{"embeddable":true,"href":"https:\/\/www.vallonchene.fr\/es\/wp-json\/wp\/v2\/media\/43532"}],"wp:attachment":[{"href":"https:\/\/www.vallonchene.fr\/es\/wp-json\/wp\/v2\/media?parent=43444"}],"wp:term":[{"taxonomy":"product_brand","embeddable":true,"href":"https:\/\/www.vallonchene.fr\/es\/wp-json\/wp\/v2\/product_brand?post=43444"},{"taxonomy":"product_cat","embeddable":true,"href":"https:\/\/www.vallonchene.fr\/es\/wp-json\/wp\/v2\/product_cat?post=43444"},{"taxonomy":"product_tag","embeddable":true,"href":"https:\/\/www.vallonchene.fr\/es\/wp-json\/wp\/v2\/product_tag?post=43444"}],"curies":[{"name":"wp","href":"https:\/\/api.w.org\/{rel}","templated":true}]}}