{"id":3877,"date":"2021-08-31T11:38:25","date_gmt":"2021-08-31T11:38:25","guid":{"rendered":"https:\/\/testing.vallonchene.fr\/produit\/sorbaria-sorbifolia-sem\/"},"modified":"2025-04-13T16:48:30","modified_gmt":"2025-04-13T15:48:30","slug":"sorbaria-sorbifolia-sem","status":"publish","type":"product","link":"https:\/\/www.vallonchene.fr\/es\/producto\/sorbaria-sorbifolia-sem\/","title":{"rendered":"SORBARIA sorbifolia &#8216;Sem&#8217;"},"content":{"rendered":"","protected":false},"excerpt":{"rendered":"<p>Cette <strong>fausse spir\u00e9e \u00e0 feuilles de sorbier<\/strong> est spectaculaire au printemps avec ses pousses roses. Le <strong>SORBARIA sorbifolia &#8216;Sem&#8217;<\/strong> fleurit blanc et dispose d&#8217;un feuillage fin et \u00e9l\u00e9gant. C&#8217;est un excellent arbuste pour petits jardins.<\/p>\n","protected":false},"featured_media":3871,"comment_status":"open","ping_status":"closed","template":"","meta":[],"product_brand":[],"product_cat":[251],"product_tag":[2151,2152,2149,2150,2148,2147],"class_list":{"0":"post-3877","1":"product","2":"type-product","3":"status-publish","4":"has-post-thumbnail","6":"product_cat-arbustes-et-arbres","7":"product_tag-fausse-spiree-a-feuilles-de-sorb","8":"product_tag-fausse-spiree-a-feuilles-de-sorbier","9":"product_tag-sem","10":"product_tag-sorbaria","11":"product_tag-sorbaria-sorbifolia","12":"product_tag-sorbaria-sorbifolia-sem","13":"pa_99-hauteurapproximativeapres1-100a150m","14":"pa_couleurdesfleurs-blanc","15":"pa_couleurdufeuillage-vert","16":"pa_exigencesenhumidite-fraisahumide","17":"pa_exigencesenhumidite-moyen","18":"pa_exigencesenhumidite-sec","19":"pa_expositionspossibles-33-mi_ombreeviterlesoleilde12","20":"pa_expositionspossibles-pleinsoleilde12ha17hmin","21":"pa_hauteurlivree-40-a-50-cm","22":"pa_hauteurlivree-50-a-60-cm","23":"pa_interetauprintemps-feuillage","24":"pa_interetauprintemps-fleurs","25":"pa_interetauprintemps-jeunespousses","26":"pa_interetenautomne-feuillage","27":"pa_interetenete-feuillage","28":"pa_naturedufeuillage-caduc","29":"pa_naturesdesolpossibles-leger","30":"pa_naturesdesolpossibles-lourd","31":"pa_naturesdesolpossibles-normal","32":"pa_periodedefloraison-printemps","33":"pa_periodedetaille-mars","34":"pa_phdusolacceptable-acidemoinsde65","35":"pa_phdusolacceptable-calcaireplusde75","36":"pa_phdusolacceptable-neutreentre65et75","37":"pa_portgraphisme-buissonnant","38":"pa_resistanceaufroidrusticite-resistant-en-dessous-de-moins-20-degree-c","39":"pa_tailledepot-pot-de-4-litres","40":"pa_tailledepot-pot-de-5-litres","41":"pa_utilisationpossible-bacoupot","42":"pa_utilisationpossible-haie","43":"pa_utilisationpossible-massif","45":"first","46":"outofstock","47":"taxable","48":"shipping-taxable","49":"purchasable","50":"product-type-variable","51":"has-default-attributes"},"supplier_id":null,"supplier_sku":"","barcode":null,"atum_controlled":true,"out_stock_date":null,"out_stock_threshold":null,"inheritable":false,"inbound_stock":0,"stock_on_hold":0,"sold_today":0,"sales_last_days":0,"reserved_stock":0,"customer_returns":0,"warehouse_damage":0,"lost_in_post":0,"other_logs":0,"out_stock_days":null,"lost_sales":0,"has_location":false,"update_date":"2025-04-13T14:48:44","atum_locations":[],"atum_stock_status":"instock","restock_status":false,"low_stock_amount":"","sales_update_date":"2025-03-08T10:00:33","calc_backorders":null,"yoast_head":"<!-- This site is optimized with the Yoast SEO Premium plugin v27.5 (Yoast SEO v27.5) - https:\/\/yoast.com\/product\/yoast-seo-premium-wordpress\/ -->\n<title>SORBARIA sorbifolia &#039;Sem&#039; - fausse spir\u00e9e \u00e0 feuilles de sorbier<\/title>\n<meta name=\"description\" content=\"Cette fausse spir\u00e9e \u00e0 feuilles de sorbier est spectaculaire au printemps avec ses pousses roses. Le SORBARIA sorbifolia &#039;Sem&#039; fleurit blanc et dispose d&#039;un feuillage fin et \u00e9l\u00e9gant. C&#039;est un excellent...\" \/>\n<meta name=\"robots\" content=\"index, follow, max-snippet:-1, max-image-preview:large, max-video-preview:-1\" \/>\n<link rel=\"canonical\" href=\"https:\/\/www.vallonchene.fr\/es\/producto\/sorbaria-sorbifolia-sem\/\" \/>\n<meta property=\"og:locale\" content=\"es_ES\" \/>\n<meta property=\"og:type\" content=\"article\" \/>\n<meta property=\"og:title\" content=\"SORBARIA sorbifolia &#039;Sem&#039;\" \/>\n<meta property=\"og:description\" content=\"Cette fausse spir\u00e9e \u00e0 feuilles de sorbier est spectaculaire au printemps avec ses pousses roses. Le SORBARIA sorbifolia &#039;Sem&#039; fleurit blanc et dispose d&#039;un feuillage fin et \u00e9l\u00e9gant. C&#039;est un excellent...\" \/>\n<meta property=\"og:url\" content=\"https:\/\/www.vallonchene.fr\/es\/producto\/sorbaria-sorbifolia-sem\/\" \/>\n<meta property=\"og:site_name\" content=\"Vallonch\u00eane\" \/>\n<meta property=\"article:publisher\" content=\"https:\/\/www.facebook.com\/vallonchene.fr\" \/>\n<meta property=\"article:modified_time\" content=\"2025-04-13T15:48:30+00:00\" \/>\n<meta property=\"og:image\" content=\"https:\/\/www.vallonchene.fr\/wp-content\/uploads\/2021\/08\/3628-a95-SORBARIA-sorbifolia-Sem-en-Mars.jpg\" \/>\n\t<meta property=\"og:image:width\" content=\"1600\" \/>\n\t<meta property=\"og:image:height\" content=\"1600\" \/>\n\t<meta property=\"og:image:type\" content=\"image\/jpeg\" \/>\n<meta name=\"twitter:card\" content=\"summary_large_image\" \/>\n<meta name=\"twitter:label1\" content=\"Disponibilidad\" \/>\n\t<meta name=\"twitter:data1\" content=\"Agotado\" \/>\n<script type=\"application\/ld+json\" class=\"yoast-schema-graph\">{\"@context\":\"https:\\\/\\\/schema.org\",\"@graph\":[{\"@type\":\"WebPage\",\"@id\":\"https:\\\/\\\/www.vallonchene.fr\\\/es\\\/producto\\\/sorbaria-sorbifolia-sem\\\/\",\"url\":\"https:\\\/\\\/www.vallonchene.fr\\\/es\\\/producto\\\/sorbaria-sorbifolia-sem\\\/\",\"name\":\"SORBARIA sorbifolia 'Sem' - fausse spir\u00e9e \u00e0 feuilles de sorbier\",\"isPartOf\":{\"@id\":\"https:\\\/\\\/www.vallonchene.fr\\\/es\\\/#website\"},\"primaryImageOfPage\":{\"@id\":\"https:\\\/\\\/www.vallonchene.fr\\\/es\\\/producto\\\/sorbaria-sorbifolia-sem\\\/#primaryimage\"},\"image\":{\"@id\":\"https:\\\/\\\/www.vallonchene.fr\\\/es\\\/producto\\\/sorbaria-sorbifolia-sem\\\/#primaryimage\"},\"thumbnailUrl\":\"https:\\\/\\\/www.vallonchene.fr\\\/wp-content\\\/uploads\\\/2021\\\/08\\\/3628-a95-SORBARIA-sorbifolia-Sem-en-Mars.jpg\",\"datePublished\":\"2021-08-31T11:38:25+00:00\",\"dateModified\":\"2025-04-13T15:48:30+00:00\",\"description\":\"Cette fausse spir\u00e9e \u00e0 feuilles de sorbier est spectaculaire au printemps avec ses pousses roses. Le SORBARIA sorbifolia 'Sem' fleurit blanc et dispose d'un feuillage fin et \u00e9l\u00e9gant. C'est un excellent...\",\"breadcrumb\":{\"@id\":\"https:\\\/\\\/www.vallonchene.fr\\\/es\\\/producto\\\/sorbaria-sorbifolia-sem\\\/#breadcrumb\"},\"inLanguage\":\"es\",\"potentialAction\":[{\"@type\":\"ReadAction\",\"target\":[\"https:\\\/\\\/www.vallonchene.fr\\\/es\\\/producto\\\/sorbaria-sorbifolia-sem\\\/\"]}]},{\"@type\":\"ImageObject\",\"inLanguage\":\"es\",\"@id\":\"https:\\\/\\\/www.vallonchene.fr\\\/es\\\/producto\\\/sorbaria-sorbifolia-sem\\\/#primaryimage\",\"url\":\"https:\\\/\\\/www.vallonchene.fr\\\/wp-content\\\/uploads\\\/2021\\\/08\\\/3628-a95-SORBARIA-sorbifolia-Sem-en-Mars.jpg\",\"contentUrl\":\"https:\\\/\\\/www.vallonchene.fr\\\/wp-content\\\/uploads\\\/2021\\\/08\\\/3628-a95-SORBARIA-sorbifolia-Sem-en-Mars.jpg\",\"width\":1600,\"height\":1600,\"caption\":\"SORBARIA sorbifolia 'Sem' en Mars\"},{\"@type\":\"BreadcrumbList\",\"@id\":\"https:\\\/\\\/www.vallonchene.fr\\\/es\\\/producto\\\/sorbaria-sorbifolia-sem\\\/#breadcrumb\",\"itemListElement\":[{\"@type\":\"ListItem\",\"position\":1,\"name\":\"Home\",\"item\":\"https:\\\/\\\/www.vallonchene.fr\\\/es\\\/\"},{\"@type\":\"ListItem\",\"position\":2,\"name\":\"Tienda\",\"item\":\"https:\\\/\\\/www.vallonchene.fr\\\/tienda\\\/\"},{\"@type\":\"ListItem\",\"position\":3,\"name\":\"Venta en linea\",\"item\":\"https:\\\/\\\/www.vallonchene.fr\\\/es\\\/categoria-producto\\\/venta-en-linea\\\/\"},{\"@type\":\"ListItem\",\"position\":4,\"name\":\"Vivero\",\"item\":\"https:\\\/\\\/www.vallonchene.fr\\\/es\\\/categoria-producto\\\/venta-en-linea\\\/vivero\\\/\"},{\"@type\":\"ListItem\",\"position\":5,\"name\":\"Arbustos y \u00e1rboles\",\"item\":\"https:\\\/\\\/www.vallonchene.fr\\\/es\\\/categoria-producto\\\/venta-en-linea\\\/vivero\\\/arbustos-y-arboles\\\/\"},{\"@type\":\"ListItem\",\"position\":6,\"name\":\"SORBARIA sorbifolia &#8216;Sem&#8217;\"}]},{\"@type\":\"WebSite\",\"@id\":\"https:\\\/\\\/www.vallonchene.fr\\\/es\\\/#website\",\"url\":\"https:\\\/\\\/www.vallonchene.fr\\\/es\\\/\",\"name\":\"Vallonch\u00eane\",\"description\":\"El vivero donde la calidad tiene sus ra\u00edces \u2013 Tel.: +33 (0)2.35.90.02.02\",\"publisher\":{\"@id\":\"https:\\\/\\\/www.vallonchene.fr\\\/es\\\/#organization\"},\"potentialAction\":[{\"@type\":\"SearchAction\",\"target\":{\"@type\":\"EntryPoint\",\"urlTemplate\":\"https:\\\/\\\/www.vallonchene.fr\\\/es\\\/?s={search_term_string}\"},\"query-input\":{\"@type\":\"PropertyValueSpecification\",\"valueRequired\":true,\"valueName\":\"search_term_string\"}}],\"inLanguage\":\"es\"},{\"@type\":\"Organization\",\"@id\":\"https:\\\/\\\/www.vallonchene.fr\\\/es\\\/#organization\",\"name\":\"VALLONCHENE\",\"url\":\"https:\\\/\\\/www.vallonchene.fr\\\/es\\\/\",\"logo\":{\"@type\":\"ImageObject\",\"inLanguage\":\"es\",\"@id\":\"https:\\\/\\\/www.vallonchene.fr\\\/es\\\/#\\\/schema\\\/logo\\\/image\\\/\",\"url\":\"https:\\\/\\\/www.vallonchene.fr\\\/wp-content\\\/uploads\\\/2023\\\/03\\\/Logo-Vallonchene-site-et-R_hauteur_100.png\",\"contentUrl\":\"https:\\\/\\\/www.vallonchene.fr\\\/wp-content\\\/uploads\\\/2023\\\/03\\\/Logo-Vallonchene-site-et-R_hauteur_100.png\",\"width\":221,\"height\":100,\"caption\":\"VALLONCHENE\"},\"image\":{\"@id\":\"https:\\\/\\\/www.vallonchene.fr\\\/es\\\/#\\\/schema\\\/logo\\\/image\\\/\"},\"sameAs\":[\"https:\\\/\\\/www.facebook.com\\\/vallonchene.fr\",\"https:\\\/\\\/www.instagram.com\\\/vallonchene\\\/\",\"https:\\\/\\\/www.pinterest.fr\\\/vallonchene\\\/\"],\"taxID\":\"49454502300017\",\"hasMerchantReturnPolicy\":{\"@type\":\"MerchantReturnPolicy\",\"merchantReturnLink\":\"https:\\\/\\\/www.vallonchene.fr\\\/remboursements_retours\\\/\"}}]}<\/script>\n<meta property=\"og:availability\" content=\"out of stock\" \/>\n<meta property=\"product:availability\" content=\"out of stock\" \/>\n<meta property=\"product:retailer_item_id\" content=\"56118\" \/>\n<meta property=\"product:condition\" content=\"new\" \/>\n<!-- \/ Yoast SEO Premium plugin. -->","yoast_head_json":{"title":"SORBARIA sorbifolia 'Sem' - fausse spir\u00e9e \u00e0 feuilles de sorbier","description":"Cette fausse spir\u00e9e \u00e0 feuilles de sorbier est spectaculaire au printemps avec ses pousses roses. Le SORBARIA sorbifolia 'Sem' fleurit blanc et dispose d'un feuillage fin et \u00e9l\u00e9gant. C'est un excellent...","robots":{"index":"index","follow":"follow","max-snippet":"max-snippet:-1","max-image-preview":"max-image-preview:large","max-video-preview":"max-video-preview:-1"},"canonical":"https:\/\/www.vallonchene.fr\/es\/producto\/sorbaria-sorbifolia-sem\/","og_locale":"es_ES","og_type":"article","og_title":"SORBARIA sorbifolia 'Sem'","og_description":"Cette fausse spir\u00e9e \u00e0 feuilles de sorbier est spectaculaire au printemps avec ses pousses roses. Le SORBARIA sorbifolia 'Sem' fleurit blanc et dispose d'un feuillage fin et \u00e9l\u00e9gant. C'est un excellent...","og_url":"https:\/\/www.vallonchene.fr\/es\/producto\/sorbaria-sorbifolia-sem\/","og_site_name":"Vallonch\u00eane","article_publisher":"https:\/\/www.facebook.com\/vallonchene.fr","article_modified_time":"2025-04-13T15:48:30+00:00","og_image":[{"width":1600,"height":1600,"url":"https:\/\/www.vallonchene.fr\/wp-content\/uploads\/2021\/08\/3628-a95-SORBARIA-sorbifolia-Sem-en-Mars.jpg","type":"image\/jpeg"}],"twitter_card":"summary_large_image","twitter_misc":{"Disponibilidad":"Agotado"},"schema":{"@context":"https:\/\/schema.org","@graph":[{"@type":"WebPage","@id":"https:\/\/www.vallonchene.fr\/es\/producto\/sorbaria-sorbifolia-sem\/","url":"https:\/\/www.vallonchene.fr\/es\/producto\/sorbaria-sorbifolia-sem\/","name":"SORBARIA sorbifolia 'Sem' - fausse spir\u00e9e \u00e0 feuilles de sorbier","isPartOf":{"@id":"https:\/\/www.vallonchene.fr\/es\/#website"},"primaryImageOfPage":{"@id":"https:\/\/www.vallonchene.fr\/es\/producto\/sorbaria-sorbifolia-sem\/#primaryimage"},"image":{"@id":"https:\/\/www.vallonchene.fr\/es\/producto\/sorbaria-sorbifolia-sem\/#primaryimage"},"thumbnailUrl":"https:\/\/www.vallonchene.fr\/wp-content\/uploads\/2021\/08\/3628-a95-SORBARIA-sorbifolia-Sem-en-Mars.jpg","datePublished":"2021-08-31T11:38:25+00:00","dateModified":"2025-04-13T15:48:30+00:00","description":"Cette fausse spir\u00e9e \u00e0 feuilles de sorbier est spectaculaire au printemps avec ses pousses roses. Le SORBARIA sorbifolia 'Sem' fleurit blanc et dispose d'un feuillage fin et \u00e9l\u00e9gant. C'est un excellent...","breadcrumb":{"@id":"https:\/\/www.vallonchene.fr\/es\/producto\/sorbaria-sorbifolia-sem\/#breadcrumb"},"inLanguage":"es","potentialAction":[{"@type":"ReadAction","target":["https:\/\/www.vallonchene.fr\/es\/producto\/sorbaria-sorbifolia-sem\/"]}]},{"@type":"ImageObject","inLanguage":"es","@id":"https:\/\/www.vallonchene.fr\/es\/producto\/sorbaria-sorbifolia-sem\/#primaryimage","url":"https:\/\/www.vallonchene.fr\/wp-content\/uploads\/2021\/08\/3628-a95-SORBARIA-sorbifolia-Sem-en-Mars.jpg","contentUrl":"https:\/\/www.vallonchene.fr\/wp-content\/uploads\/2021\/08\/3628-a95-SORBARIA-sorbifolia-Sem-en-Mars.jpg","width":1600,"height":1600,"caption":"SORBARIA sorbifolia 'Sem' en Mars"},{"@type":"BreadcrumbList","@id":"https:\/\/www.vallonchene.fr\/es\/producto\/sorbaria-sorbifolia-sem\/#breadcrumb","itemListElement":[{"@type":"ListItem","position":1,"name":"Home","item":"https:\/\/www.vallonchene.fr\/es\/"},{"@type":"ListItem","position":2,"name":"Tienda","item":"https:\/\/www.vallonchene.fr\/tienda\/"},{"@type":"ListItem","position":3,"name":"Venta en linea","item":"https:\/\/www.vallonchene.fr\/es\/categoria-producto\/venta-en-linea\/"},{"@type":"ListItem","position":4,"name":"Vivero","item":"https:\/\/www.vallonchene.fr\/es\/categoria-producto\/venta-en-linea\/vivero\/"},{"@type":"ListItem","position":5,"name":"Arbustos y \u00e1rboles","item":"https:\/\/www.vallonchene.fr\/es\/categoria-producto\/venta-en-linea\/vivero\/arbustos-y-arboles\/"},{"@type":"ListItem","position":6,"name":"SORBARIA sorbifolia &#8216;Sem&#8217;"}]},{"@type":"WebSite","@id":"https:\/\/www.vallonchene.fr\/es\/#website","url":"https:\/\/www.vallonchene.fr\/es\/","name":"Vallonch\u00eane","description":"El vivero donde la calidad tiene sus ra\u00edces \u2013 Tel.: +33 (0)2.35.90.02.02","publisher":{"@id":"https:\/\/www.vallonchene.fr\/es\/#organization"},"potentialAction":[{"@type":"SearchAction","target":{"@type":"EntryPoint","urlTemplate":"https:\/\/www.vallonchene.fr\/es\/?s={search_term_string}"},"query-input":{"@type":"PropertyValueSpecification","valueRequired":true,"valueName":"search_term_string"}}],"inLanguage":"es"},{"@type":"Organization","@id":"https:\/\/www.vallonchene.fr\/es\/#organization","name":"VALLONCHENE","url":"https:\/\/www.vallonchene.fr\/es\/","logo":{"@type":"ImageObject","inLanguage":"es","@id":"https:\/\/www.vallonchene.fr\/es\/#\/schema\/logo\/image\/","url":"https:\/\/www.vallonchene.fr\/wp-content\/uploads\/2023\/03\/Logo-Vallonchene-site-et-R_hauteur_100.png","contentUrl":"https:\/\/www.vallonchene.fr\/wp-content\/uploads\/2023\/03\/Logo-Vallonchene-site-et-R_hauteur_100.png","width":221,"height":100,"caption":"VALLONCHENE"},"image":{"@id":"https:\/\/www.vallonchene.fr\/es\/#\/schema\/logo\/image\/"},"sameAs":["https:\/\/www.facebook.com\/vallonchene.fr","https:\/\/www.instagram.com\/vallonchene\/","https:\/\/www.pinterest.fr\/vallonchene\/"],"taxID":"49454502300017","hasMerchantReturnPolicy":{"@type":"MerchantReturnPolicy","merchantReturnLink":"https:\/\/www.vallonchene.fr\/remboursements_retours\/"}}]},"og_availability":"out of stock","product_availability":"out of stock","product_retailer_item_id":"56118","product_condition":"new"},"_links":{"self":[{"href":"https:\/\/www.vallonchene.fr\/es\/wp-json\/wp\/v2\/product\/3877","targetHints":{"allow":["GET"]}}],"collection":[{"href":"https:\/\/www.vallonchene.fr\/es\/wp-json\/wp\/v2\/product"}],"about":[{"href":"https:\/\/www.vallonchene.fr\/es\/wp-json\/wp\/v2\/types\/product"}],"replies":[{"embeddable":true,"href":"https:\/\/www.vallonchene.fr\/es\/wp-json\/wp\/v2\/comments?post=3877"}],"wp:featuredmedia":[{"embeddable":true,"href":"https:\/\/www.vallonchene.fr\/es\/wp-json\/wp\/v2\/media\/3871"}],"wp:attachment":[{"href":"https:\/\/www.vallonchene.fr\/es\/wp-json\/wp\/v2\/media?parent=3877"}],"wp:term":[{"taxonomy":"product_brand","embeddable":true,"href":"https:\/\/www.vallonchene.fr\/es\/wp-json\/wp\/v2\/product_brand?post=3877"},{"taxonomy":"product_cat","embeddable":true,"href":"https:\/\/www.vallonchene.fr\/es\/wp-json\/wp\/v2\/product_cat?post=3877"},{"taxonomy":"product_tag","embeddable":true,"href":"https:\/\/www.vallonchene.fr\/es\/wp-json\/wp\/v2\/product_tag?post=3877"}],"curies":[{"name":"wp","href":"https:\/\/api.w.org\/{rel}","templated":true}]}}