{"id":2947,"date":"2021-08-31T10:43:41","date_gmt":"2021-08-31T10:43:41","guid":{"rendered":"https:\/\/testing.vallonchene.fr\/produit\/acer-palmatum-shishigashira\/"},"modified":"2025-05-22T15:30:55","modified_gmt":"2025-05-22T13:30:55","slug":"acer-palmatum-shishigashira","status":"publish","type":"product","link":"https:\/\/www.vallonchene.fr\/es\/producto\/acer-palmatum-shishigashira\/","title":{"rendered":"ACER palmatum &#8216;Shishigashira&#8217; (Crispifolium, Mejishi) (\u00e9rable du Japon)"},"content":{"rendered":"<p>L&#8217;<strong>ACER palmatum &#8216;Shishigashira&#8217;<\/strong> est un merveilleux <strong>petit \u00e9rable du Japon<\/strong> se d\u00e9veloppant tr\u00e8s lentement. D&#8217;ailleurs, cela le rend parfaitement <strong>adapt\u00e9 aux petits jardins \u00e9galement<\/strong>.<br \/>\nIl se distingue parmi ses cong\u00e9n\u00e8res par une <strong>allure tr\u00e8s singuli\u00e8re<\/strong>. En effet, ses <strong>feuilles crisp\u00e9es<\/strong> poussent de fa\u00e7on <strong>tr\u00e8s dense et rapproch\u00e9e sur les branches<\/strong>. Ces derni\u00e8res sont assez \u00e9rig\u00e9es.<br \/>\nSon <strong>\u00e9corce est franchement verte<\/strong> et le reste en vieillissant.<br \/>\nDe plus, <strong>ses feuilles prennent une couleur orange intense \u00e0 l&#8217;automne<\/strong> (voir photo) pour illuminer le jardin.<br \/>\nEnfin, l&#8217;A. palmatum &#8216;Shishigashira&#8217; est un des derniers \u00e9rables du Japon \u00e0 perdre son feuillage. Lorsque ses feuilles seront tomb\u00e9es en hiver, il reste toujours attractif par le <strong>beau graphisme<\/strong> de ses branches.<\/p>\n<p>Pour d\u00e9couvrir toute notre collection d&#8217;\u00c9RABLES DU JAPON disponibles \u00e0 la vente en ce moment, <a href=\"https:\/\/www.vallonchene.fr\/?s=acer%20palmatum&amp;post_type=product&amp;dgwt_wcas=1&amp;lang=fr&amp;filter_stock_status=instock\" target=\"_blank\" rel=\"noopener\"><strong>merci de cliquer ici<\/strong><\/a>.<\/p>\n<h2>Comment planter l&#8217;ACER palmatum &#8216;Shishigashira&#8217; ?<\/h2>\n<p>Vous pouvez planter ce petit \u00e9rable du Japon non seulement \u00e0 <strong>mi-ombre<\/strong>, mais il supporte aussi le <strong>plein soleil<\/strong>. \u00c0 propos, c&#8217;est un des rares ACER palmatum \u00e0 supporter le soleil direct.<br \/>\nUtilisez-le pour une plantation en <strong>bac ou pot<\/strong>, en <strong>isol\u00e9<\/strong> ou en <strong>massif<\/strong>. Il repr\u00e9sente une plante de choix pour le <strong>Bonsa\u00ef<\/strong>.<br \/>\nCe tr\u00e8s petit arbre r\u00e9siste bien aux temp\u00e9ratures en dessous de -20\u00b0 C.<\/p>\n<p>Trouvez-lui une place <strong>moyennement humide<\/strong> avec un <strong>sol l\u00e9ger ou normal<\/strong> et un <strong>pH acide<\/strong> ou <strong>neutre<\/strong>. S&#8217;il se trouve \u00e0 l&#8217;ombre, il se satisfait aussi d&#8217;une terre moins humide.<\/p>\n<p>Astuce : <strong>\u00c9vitez de le tailler<\/strong> (sauf les branches dess\u00e9ch\u00e9es \u00e9ventuellement). Si vous ne pouvez pas faire autrement, taillez-le uniquement d\u00e9but juin en appliquant un cicatrisant.<\/p>\n<h2>Histoire et Origine<\/h2>\n<p>L&#8217;<strong>ACER palmatum &#8216;Shishigashira&#8217;<\/strong> porte aussi les synonymes <strong>ACER palmatum &#8216;Crispifolium&#8217;<\/strong> ou encore <strong>ACER palmatum &#8216;Mejishi&#8217;<\/strong>.<\/p>\n<p>Les ACER palmatum se cultivent depuis des si\u00e8cles au <strong><a href=\"https:\/\/fr.wikipedia.org\/wiki\/Japon\" target=\"_blank\" rel=\"noopener\">Japon<\/a><\/strong>. Toutefois, les jardiniers des zones temp\u00e9r\u00e9es du reste du monde les emploient depuis le 19\u1d49 si\u00e8cle. Les Britanniques introduisent le premier sp\u00e9cimen en 1821.<\/p>\n<p><strong><a href=\"https:\/\/fr.wikipedia.org\/wiki\/Carl_Peter_Thunberg\" target=\"_blank\" rel=\"noopener\">Carl Peter Thunberg<\/a><\/strong> les dessine lors de ses voyages au Japon \u00e0 la fin du 18\u1d49 si\u00e8cle. Il les nomme alors palmatum pour leurs feuilles en forme palm\u00e9e. Les Japonais les appellent <em>kaede<\/em> ou <em>momiji<\/em> en r\u00e9f\u00e9rence aux \u00ab mains \u00bb de grenouilles et de b\u00e9b\u00e9s respectivement.<\/p>\n<p>Le monde horticole a d\u00e9velopp\u00e9 d&#8217;innombrables cultivars que l&#8217;on retrouve au Japon, en Cor\u00e9e et en Chine, et par ailleurs dans le reste du monde.<\/p>\n<p>Les \u00e9rables du Japon trouvent facilement une place, m\u00eame dans les jardins de taille r\u00e9duite.<\/p>\n<p>Parfois, le terme \u00ab \u00e9rable du Japon \u00bb est aussi utilis\u00e9 pour d\u00e9crire d&#8217;autres esp\u00e8ces telles que A. japonicum, A. pseudosieboldianum, A. shirasawanum, A. sieboldianum\u2026<\/p>\n<p>Enfin, Les entreprises pharmaceutiques et cosm\u00e9tiques utilisent la <strong><a href=\"https:\/\/fr.wikipedia.org\/wiki\/Vitexine\" target=\"_blank\" rel=\"noopener\">vitexine<\/a><\/strong> que les feuilles contiennent en automne (lors de la coloration automnale).<\/p>\n<p>&nbsp;<\/p>\n","protected":false},"excerpt":{"rendered":"<p>Cet <strong>\u00e9rable du Japon<\/strong> a un feuillage vert crips\u00e9 qui lui conf\u00e8re une allure particuli\u00e8re. L&#8217;<strong>ACER palmatum &#8216;Shishigashira&#8217;<\/strong> a aussi un graphisme hors du commun et une jolie \u00e9corce verte.<\/p>\n","protected":false},"featured_media":44268,"comment_status":"open","ping_status":"closed","template":"","meta":[],"product_brand":[],"product_cat":[251,257],"product_tag":[595,596,1703,604,1704],"class_list":{"0":"post-2947","1":"product","2":"type-product","3":"status-publish","4":"has-post-thumbnail","6":"product_cat-arbustes-et-arbres","7":"product_cat-erables-du-japon","8":"product_tag-acer","9":"product_tag-acer-palmatum","10":"product_tag-acer-palmatum-shishigashira","11":"product_tag-erable-du-japon","12":"product_tag-shishigashira","13":"pa_99-hauteurapproximativeapres1-150a200m","14":"pa_couleurdelecorce-vert","15":"pa_couleurdufeuillage-vert","16":"pa_exigencesenhumidite-moyen","17":"pa_expositionspossibles-33-mi_ombreeviterlesoleilde12","18":"pa_expositionspossibles-ombrepasdesoleildirect","19":"pa_expositionspossibles-pleinsoleilde12ha17hmin","20":"pa_hauteurlivree-25-a-30-cm","21":"pa_hauteurlivree-40-a-50-cm","22":"pa_hauteurlivree-50-a-60-cm","23":"pa_hauteurlivree-60-a-80-cm","24":"pa_hauteurlivree-80-a-100-cm","25":"pa_interetauprintemps-feuillage","26":"pa_interetauprintemps-graphismeforme","27":"pa_interetauprintemps-jeunespousses","28":"pa_interetenautomne-feuillage","29":"pa_interetenautomne-graphismeforme","30":"pa_interetenete-feuillage","31":"pa_interetenete-graphismeforme","32":"pa_interetenhiver-graphismeforme","33":"pa_naturedufeuillage-caduc","34":"pa_naturesdesolpossibles-leger","35":"pa_naturesdesolpossibles-normal","36":"pa_particularites-adapteaubonsai","37":"pa_particularites-graphismeforme","38":"pa_periodedetaille-juin","39":"pa_phdusolacceptable-acidemoinsde65","40":"pa_phdusolacceptable-neutreentre65et75","41":"pa_portgraphisme-evase","42":"pa_portgraphisme-fastigie","43":"pa_resistanceaufroidrusticite-resistant-en-dessous-de-moins-20-degree-c","44":"pa_tailledepot-pot-de-2-litres","45":"pa_tailledepot-pot-de-3-litres","46":"pa_tailledepot-pot-de-5-litres","47":"pa_tailledepot-pot-de-7_5-litres","48":"pa_tailledepot-pot-de-9cm","49":"pa_utilisationpossible-bacoupot","50":"pa_utilisationpossible-isole","51":"pa_utilisationpossible-massif","53":"first","54":"instock","55":"taxable","56":"shipping-taxable","57":"purchasable","58":"product-type-variable","59":"has-default-attributes"},"supplier_id":null,"supplier_sku":"","barcode":null,"atum_controlled":true,"out_stock_date":null,"out_stock_threshold":null,"inheritable":true,"inbound_stock":0,"stock_on_hold":0,"sold_today":0,"sales_last_days":0,"reserved_stock":0,"customer_returns":0,"warehouse_damage":0,"lost_in_post":0,"other_logs":0,"out_stock_days":null,"lost_sales":0,"has_location":false,"update_date":"2026-01-22T13:28:13","atum_locations":[],"atum_stock_status":"instock","restock_status":false,"low_stock_amount":"","sales_update_date":"2024-11-02T14:55:28","calc_backorders":null,"yoast_head":"<!-- This site is optimized with the Yoast SEO Premium plugin v27.5 (Yoast SEO v27.5) - https:\/\/yoast.com\/product\/yoast-seo-premium-wordpress\/ -->\n<title>ACER palmatum &#039;Shishigashira&#039; (Crispifolium, Mejishi)<\/title>\n<meta name=\"description\" content=\"L&#039;ACER palmatum &#039;Shishigashira&#039; (\u00e9rable du Japon) se distingue par un feuillage vert crisp\u00e9, une \u00e9corce bien verte ainsi qu&#039;un graphisme hors du commun.\" \/>\n<meta name=\"robots\" content=\"index, follow, max-snippet:-1, max-image-preview:large, max-video-preview:-1\" \/>\n<link rel=\"canonical\" href=\"https:\/\/www.vallonchene.fr\/es\/producto\/acer-palmatum-shishigashira\/\" \/>\n<meta property=\"og:locale\" content=\"es_ES\" \/>\n<meta property=\"og:type\" content=\"article\" \/>\n<meta property=\"og:title\" content=\"ACER palmatum &#039;Shishigashira&#039; (Crispifolium, Mejishi) (\u00e9rable du Japon)\" \/>\n<meta property=\"og:description\" content=\"L&#039;ACER palmatum &#039;Shishigashira&#039; (\u00e9rable du Japon) se distingue par un feuillage vert crisp\u00e9, une \u00e9corce bien verte ainsi qu&#039;un graphisme hors du commun.\" \/>\n<meta property=\"og:url\" content=\"https:\/\/www.vallonchene.fr\/es\/producto\/acer-palmatum-shishigashira\/\" \/>\n<meta property=\"og:site_name\" content=\"Vallonch\u00eane\" \/>\n<meta property=\"article:publisher\" content=\"https:\/\/www.facebook.com\/vallonchene.fr\" \/>\n<meta property=\"article:modified_time\" content=\"2025-05-22T13:30:55+00:00\" \/>\n<meta property=\"og:image\" content=\"https:\/\/www.vallonchene.fr\/wp-content\/uploads\/2023\/10\/ACER-palmatum-Shishigashira.webp\" \/>\n\t<meta property=\"og:image:width\" content=\"1200\" \/>\n\t<meta property=\"og:image:height\" content=\"1200\" \/>\n\t<meta property=\"og:image:type\" content=\"image\/webp\" \/>\n<meta name=\"twitter:card\" content=\"summary_large_image\" \/>\n<meta name=\"twitter:label1\" content=\"Disponibilidad\" \/>\n\t<meta name=\"twitter:data1\" content=\"En stock\" \/>\n<script type=\"application\/ld+json\" class=\"yoast-schema-graph\">{\"@context\":\"https:\\\/\\\/schema.org\",\"@graph\":[{\"@type\":\"WebPage\",\"@id\":\"https:\\\/\\\/www.vallonchene.fr\\\/es\\\/producto\\\/acer-palmatum-shishigashira\\\/\",\"url\":\"https:\\\/\\\/www.vallonchene.fr\\\/es\\\/producto\\\/acer-palmatum-shishigashira\\\/\",\"name\":\"ACER palmatum 'Shishigashira' (Crispifolium, Mejishi)\",\"isPartOf\":{\"@id\":\"https:\\\/\\\/www.vallonchene.fr\\\/es\\\/#website\"},\"primaryImageOfPage\":{\"@id\":\"https:\\\/\\\/www.vallonchene.fr\\\/es\\\/producto\\\/acer-palmatum-shishigashira\\\/#primaryimage\"},\"image\":{\"@id\":\"https:\\\/\\\/www.vallonchene.fr\\\/es\\\/producto\\\/acer-palmatum-shishigashira\\\/#primaryimage\"},\"thumbnailUrl\":\"https:\\\/\\\/www.vallonchene.fr\\\/wp-content\\\/uploads\\\/2023\\\/10\\\/ACER-palmatum-Shishigashira.webp\",\"datePublished\":\"2021-08-31T10:43:41+00:00\",\"dateModified\":\"2025-05-22T13:30:55+00:00\",\"description\":\"L'ACER palmatum 'Shishigashira' (\u00e9rable du Japon) se distingue par un feuillage vert crisp\u00e9, une \u00e9corce bien verte ainsi qu'un graphisme hors du commun.\",\"breadcrumb\":{\"@id\":\"https:\\\/\\\/www.vallonchene.fr\\\/es\\\/producto\\\/acer-palmatum-shishigashira\\\/#breadcrumb\"},\"inLanguage\":\"es\",\"potentialAction\":[{\"@type\":\"ReadAction\",\"target\":[\"https:\\\/\\\/www.vallonchene.fr\\\/es\\\/producto\\\/acer-palmatum-shishigashira\\\/\"]}]},{\"@type\":\"ImageObject\",\"inLanguage\":\"es\",\"@id\":\"https:\\\/\\\/www.vallonchene.fr\\\/es\\\/producto\\\/acer-palmatum-shishigashira\\\/#primaryimage\",\"url\":\"https:\\\/\\\/www.vallonchene.fr\\\/wp-content\\\/uploads\\\/2023\\\/10\\\/ACER-palmatum-Shishigashira.webp\",\"contentUrl\":\"https:\\\/\\\/www.vallonchene.fr\\\/wp-content\\\/uploads\\\/2023\\\/10\\\/ACER-palmatum-Shishigashira.webp\",\"width\":1200,\"height\":1200,\"caption\":\"Feuillage vert crisp\u00e9 de l'ACER palmatum 'Shishigashira'\"},{\"@type\":\"BreadcrumbList\",\"@id\":\"https:\\\/\\\/www.vallonchene.fr\\\/es\\\/producto\\\/acer-palmatum-shishigashira\\\/#breadcrumb\",\"itemListElement\":[{\"@type\":\"ListItem\",\"position\":1,\"name\":\"Home\",\"item\":\"https:\\\/\\\/www.vallonchene.fr\\\/es\\\/\"},{\"@type\":\"ListItem\",\"position\":2,\"name\":\"Tienda\",\"item\":\"https:\\\/\\\/www.vallonchene.fr\\\/tienda\\\/\"},{\"@type\":\"ListItem\",\"position\":3,\"name\":\"Venta en linea\",\"item\":\"https:\\\/\\\/www.vallonchene.fr\\\/es\\\/categoria-producto\\\/venta-en-linea\\\/\"},{\"@type\":\"ListItem\",\"position\":4,\"name\":\"Vivero\",\"item\":\"https:\\\/\\\/www.vallonchene.fr\\\/es\\\/categoria-producto\\\/venta-en-linea\\\/vivero\\\/\"},{\"@type\":\"ListItem\",\"position\":5,\"name\":\"Arbustos y \u00e1rboles\",\"item\":\"https:\\\/\\\/www.vallonchene.fr\\\/es\\\/categoria-producto\\\/venta-en-linea\\\/vivero\\\/arbustos-y-arboles\\\/\"},{\"@type\":\"ListItem\",\"position\":6,\"name\":\"ACER palmatum &lsquo;Shishigashira&rsquo; (Crispifolium, Mejishi) (\u00e9rable du Japon)\"}]},{\"@type\":\"WebSite\",\"@id\":\"https:\\\/\\\/www.vallonchene.fr\\\/es\\\/#website\",\"url\":\"https:\\\/\\\/www.vallonchene.fr\\\/es\\\/\",\"name\":\"Vallonch\u00eane\",\"description\":\"El vivero donde la calidad tiene sus ra\u00edces \u2013 Tel.: +33 (0)2.35.90.02.02\",\"publisher\":{\"@id\":\"https:\\\/\\\/www.vallonchene.fr\\\/es\\\/#organization\"},\"potentialAction\":[{\"@type\":\"SearchAction\",\"target\":{\"@type\":\"EntryPoint\",\"urlTemplate\":\"https:\\\/\\\/www.vallonchene.fr\\\/es\\\/?s={search_term_string}\"},\"query-input\":{\"@type\":\"PropertyValueSpecification\",\"valueRequired\":true,\"valueName\":\"search_term_string\"}}],\"inLanguage\":\"es\"},{\"@type\":\"Organization\",\"@id\":\"https:\\\/\\\/www.vallonchene.fr\\\/es\\\/#organization\",\"name\":\"VALLONCHENE\",\"url\":\"https:\\\/\\\/www.vallonchene.fr\\\/es\\\/\",\"logo\":{\"@type\":\"ImageObject\",\"inLanguage\":\"es\",\"@id\":\"https:\\\/\\\/www.vallonchene.fr\\\/es\\\/#\\\/schema\\\/logo\\\/image\\\/\",\"url\":\"https:\\\/\\\/www.vallonchene.fr\\\/wp-content\\\/uploads\\\/2023\\\/03\\\/Logo-Vallonchene-site-et-R_hauteur_100.png\",\"contentUrl\":\"https:\\\/\\\/www.vallonchene.fr\\\/wp-content\\\/uploads\\\/2023\\\/03\\\/Logo-Vallonchene-site-et-R_hauteur_100.png\",\"width\":221,\"height\":100,\"caption\":\"VALLONCHENE\"},\"image\":{\"@id\":\"https:\\\/\\\/www.vallonchene.fr\\\/es\\\/#\\\/schema\\\/logo\\\/image\\\/\"},\"sameAs\":[\"https:\\\/\\\/www.facebook.com\\\/vallonchene.fr\",\"https:\\\/\\\/www.instagram.com\\\/vallonchene\\\/\",\"https:\\\/\\\/www.pinterest.fr\\\/vallonchene\\\/\"],\"taxID\":\"49454502300017\",\"hasMerchantReturnPolicy\":{\"@type\":\"MerchantReturnPolicy\",\"merchantReturnLink\":\"https:\\\/\\\/www.vallonchene.fr\\\/remboursements_retours\\\/\"}}]}<\/script>\n<meta property=\"og:availability\" content=\"instock\" \/>\n<meta property=\"product:availability\" content=\"instock\" \/>\n<meta property=\"product:retailer_item_id\" content=\"57994\" \/>\n<meta property=\"product:condition\" content=\"new\" \/>\n<!-- \/ Yoast SEO Premium plugin. -->","yoast_head_json":{"title":"ACER palmatum 'Shishigashira' (Crispifolium, Mejishi)","description":"L'ACER palmatum 'Shishigashira' (\u00e9rable du Japon) se distingue par un feuillage vert crisp\u00e9, une \u00e9corce bien verte ainsi qu'un graphisme hors du commun.","robots":{"index":"index","follow":"follow","max-snippet":"max-snippet:-1","max-image-preview":"max-image-preview:large","max-video-preview":"max-video-preview:-1"},"canonical":"https:\/\/www.vallonchene.fr\/es\/producto\/acer-palmatum-shishigashira\/","og_locale":"es_ES","og_type":"article","og_title":"ACER palmatum 'Shishigashira' (Crispifolium, Mejishi) (\u00e9rable du Japon)","og_description":"L'ACER palmatum 'Shishigashira' (\u00e9rable du Japon) se distingue par un feuillage vert crisp\u00e9, une \u00e9corce bien verte ainsi qu'un graphisme hors du commun.","og_url":"https:\/\/www.vallonchene.fr\/es\/producto\/acer-palmatum-shishigashira\/","og_site_name":"Vallonch\u00eane","article_publisher":"https:\/\/www.facebook.com\/vallonchene.fr","article_modified_time":"2025-05-22T13:30:55+00:00","og_image":[{"width":1200,"height":1200,"url":"https:\/\/www.vallonchene.fr\/wp-content\/uploads\/2023\/10\/ACER-palmatum-Shishigashira.webp","type":"image\/webp"}],"twitter_card":"summary_large_image","twitter_misc":{"Disponibilidad":"En stock"},"schema":{"@context":"https:\/\/schema.org","@graph":[{"@type":"WebPage","@id":"https:\/\/www.vallonchene.fr\/es\/producto\/acer-palmatum-shishigashira\/","url":"https:\/\/www.vallonchene.fr\/es\/producto\/acer-palmatum-shishigashira\/","name":"ACER palmatum 'Shishigashira' (Crispifolium, Mejishi)","isPartOf":{"@id":"https:\/\/www.vallonchene.fr\/es\/#website"},"primaryImageOfPage":{"@id":"https:\/\/www.vallonchene.fr\/es\/producto\/acer-palmatum-shishigashira\/#primaryimage"},"image":{"@id":"https:\/\/www.vallonchene.fr\/es\/producto\/acer-palmatum-shishigashira\/#primaryimage"},"thumbnailUrl":"https:\/\/www.vallonchene.fr\/wp-content\/uploads\/2023\/10\/ACER-palmatum-Shishigashira.webp","datePublished":"2021-08-31T10:43:41+00:00","dateModified":"2025-05-22T13:30:55+00:00","description":"L'ACER palmatum 'Shishigashira' (\u00e9rable du Japon) se distingue par un feuillage vert crisp\u00e9, une \u00e9corce bien verte ainsi qu'un graphisme hors du commun.","breadcrumb":{"@id":"https:\/\/www.vallonchene.fr\/es\/producto\/acer-palmatum-shishigashira\/#breadcrumb"},"inLanguage":"es","potentialAction":[{"@type":"ReadAction","target":["https:\/\/www.vallonchene.fr\/es\/producto\/acer-palmatum-shishigashira\/"]}]},{"@type":"ImageObject","inLanguage":"es","@id":"https:\/\/www.vallonchene.fr\/es\/producto\/acer-palmatum-shishigashira\/#primaryimage","url":"https:\/\/www.vallonchene.fr\/wp-content\/uploads\/2023\/10\/ACER-palmatum-Shishigashira.webp","contentUrl":"https:\/\/www.vallonchene.fr\/wp-content\/uploads\/2023\/10\/ACER-palmatum-Shishigashira.webp","width":1200,"height":1200,"caption":"Feuillage vert crisp\u00e9 de l'ACER palmatum 'Shishigashira'"},{"@type":"BreadcrumbList","@id":"https:\/\/www.vallonchene.fr\/es\/producto\/acer-palmatum-shishigashira\/#breadcrumb","itemListElement":[{"@type":"ListItem","position":1,"name":"Home","item":"https:\/\/www.vallonchene.fr\/es\/"},{"@type":"ListItem","position":2,"name":"Tienda","item":"https:\/\/www.vallonchene.fr\/tienda\/"},{"@type":"ListItem","position":3,"name":"Venta en linea","item":"https:\/\/www.vallonchene.fr\/es\/categoria-producto\/venta-en-linea\/"},{"@type":"ListItem","position":4,"name":"Vivero","item":"https:\/\/www.vallonchene.fr\/es\/categoria-producto\/venta-en-linea\/vivero\/"},{"@type":"ListItem","position":5,"name":"Arbustos y \u00e1rboles","item":"https:\/\/www.vallonchene.fr\/es\/categoria-producto\/venta-en-linea\/vivero\/arbustos-y-arboles\/"},{"@type":"ListItem","position":6,"name":"ACER palmatum &lsquo;Shishigashira&rsquo; (Crispifolium, Mejishi) (\u00e9rable du Japon)"}]},{"@type":"WebSite","@id":"https:\/\/www.vallonchene.fr\/es\/#website","url":"https:\/\/www.vallonchene.fr\/es\/","name":"Vallonch\u00eane","description":"El vivero donde la calidad tiene sus ra\u00edces \u2013 Tel.: +33 (0)2.35.90.02.02","publisher":{"@id":"https:\/\/www.vallonchene.fr\/es\/#organization"},"potentialAction":[{"@type":"SearchAction","target":{"@type":"EntryPoint","urlTemplate":"https:\/\/www.vallonchene.fr\/es\/?s={search_term_string}"},"query-input":{"@type":"PropertyValueSpecification","valueRequired":true,"valueName":"search_term_string"}}],"inLanguage":"es"},{"@type":"Organization","@id":"https:\/\/www.vallonchene.fr\/es\/#organization","name":"VALLONCHENE","url":"https:\/\/www.vallonchene.fr\/es\/","logo":{"@type":"ImageObject","inLanguage":"es","@id":"https:\/\/www.vallonchene.fr\/es\/#\/schema\/logo\/image\/","url":"https:\/\/www.vallonchene.fr\/wp-content\/uploads\/2023\/03\/Logo-Vallonchene-site-et-R_hauteur_100.png","contentUrl":"https:\/\/www.vallonchene.fr\/wp-content\/uploads\/2023\/03\/Logo-Vallonchene-site-et-R_hauteur_100.png","width":221,"height":100,"caption":"VALLONCHENE"},"image":{"@id":"https:\/\/www.vallonchene.fr\/es\/#\/schema\/logo\/image\/"},"sameAs":["https:\/\/www.facebook.com\/vallonchene.fr","https:\/\/www.instagram.com\/vallonchene\/","https:\/\/www.pinterest.fr\/vallonchene\/"],"taxID":"49454502300017","hasMerchantReturnPolicy":{"@type":"MerchantReturnPolicy","merchantReturnLink":"https:\/\/www.vallonchene.fr\/remboursements_retours\/"}}]},"og_availability":"instock","product_availability":"instock","product_retailer_item_id":"57994","product_condition":"new"},"_links":{"self":[{"href":"https:\/\/www.vallonchene.fr\/es\/wp-json\/wp\/v2\/product\/2947","targetHints":{"allow":["GET"]}}],"collection":[{"href":"https:\/\/www.vallonchene.fr\/es\/wp-json\/wp\/v2\/product"}],"about":[{"href":"https:\/\/www.vallonchene.fr\/es\/wp-json\/wp\/v2\/types\/product"}],"replies":[{"embeddable":true,"href":"https:\/\/www.vallonchene.fr\/es\/wp-json\/wp\/v2\/comments?post=2947"}],"wp:featuredmedia":[{"embeddable":true,"href":"https:\/\/www.vallonchene.fr\/es\/wp-json\/wp\/v2\/media\/44268"}],"wp:attachment":[{"href":"https:\/\/www.vallonchene.fr\/es\/wp-json\/wp\/v2\/media?parent=2947"}],"wp:term":[{"taxonomy":"product_brand","embeddable":true,"href":"https:\/\/www.vallonchene.fr\/es\/wp-json\/wp\/v2\/product_brand?post=2947"},{"taxonomy":"product_cat","embeddable":true,"href":"https:\/\/www.vallonchene.fr\/es\/wp-json\/wp\/v2\/product_cat?post=2947"},{"taxonomy":"product_tag","embeddable":true,"href":"https:\/\/www.vallonchene.fr\/es\/wp-json\/wp\/v2\/product_tag?post=2947"}],"curies":[{"name":"wp","href":"https:\/\/api.w.org\/{rel}","templated":true}]}}