{"id":23802,"date":"2021-09-18T10:18:38","date_gmt":"2021-09-18T10:18:38","guid":{"rendered":"https:\/\/testing.vallonchene.fr\/produit\/berberis-thunbergii-f-purpurea-rose-glow-epine-vinette-de-thunberg\/"},"modified":"2025-12-02T09:29:28","modified_gmt":"2025-12-02T08:29:28","slug":"berberis-thunbergii-f-purpurea-rose-glow-epine-vinette-de-thunberg","status":"publish","type":"product","link":"https:\/\/www.vallonchene.fr\/es\/producto\/berberis-thunbergii-f-purpurea-rose-glow-epine-vinette-de-thunberg\/","title":{"rendered":"BERBERIS thunbergii f. purpurea &#8216;Rose Glow&#8217; &#8211; \u00e9pine-vinette de Thunberg"},"content":{"rendered":"","protected":false},"excerpt":{"rendered":"<p>Cette <strong>\u00e9pine-vinette de Thunberg<\/strong> a un feuillage panach\u00e9 de rouge, rose et de blanc. Le <strong>BERBERIS thunbergii f. purpurea<\/strong> &#8216;Rose Glow&#8217; est une plante tr\u00e8s d\u00e9corative par son feuillage.<\/p>\n","protected":false},"featured_media":23796,"comment_status":"open","ping_status":"closed","template":"","meta":[],"product_brand":[],"product_cat":[251],"product_tag":[1342,9406,5755,9405,9407,9404],"class_list":{"0":"post-23802","1":"product","2":"type-product","3":"status-publish","4":"has-post-thumbnail","6":"product_cat-arbustes-et-arbres","7":"product_tag-berberis","8":"product_tag-epine-vinette","9":"product_tag-purpurea","10":"product_tag-rose-glow","11":"product_tag-thunberg","12":"product_tag-thunbergii","13":"pa_99-hauteurapproximativeapres1-100a150m","14":"pa_couleurdesfleurs-jaune","15":"pa_couleurdesfruits-rouge","16":"pa_couleurdufeuillage-blanc","17":"pa_couleurdufeuillage-panache","18":"pa_couleurdufeuillage-rose","19":"pa_couleurdufeuillage-rouge","20":"pa_exigencesenhumidite-fraisahumide","21":"pa_exigencesenhumidite-moyen","22":"pa_exigencesenhumidite-sec","23":"pa_expositionspossibles-pleinsoleilde12ha17hmin","24":"pa_hauteurlivree-30-a-40-cm","25":"pa_interetauprintemps-feuillage","26":"pa_interetauprintemps-fleurs","27":"pa_interetenautomne-feuillage","28":"pa_interetenete-feuillage","29":"pa_interetenete-fruits","30":"pa_naturedufeuillage-caduc","31":"pa_naturesdesolpossibles-leger","32":"pa_naturesdesolpossibles-lourd","33":"pa_naturesdesolpossibles-normal","34":"pa_periodedefloraison-printemps","35":"pa_periodedetaille-mars","36":"pa_phdusolacceptable-acidemoinsde65","37":"pa_phdusolacceptable-calcaireplusde75","38":"pa_phdusolacceptable-neutreentre65et75","39":"pa_portgraphisme-buissonnant","40":"pa_resistanceaufroidrusticite-resistant-en-dessous-de-moins-20-degree-c","41":"pa_tailledepot-pot-de-3-litres","42":"pa_utilisationpossible-bacoupot","43":"pa_utilisationpossible-haie","44":"pa_utilisationpossible-massif","46":"first","47":"outofstock","48":"taxable","49":"shipping-taxable","50":"purchasable","51":"product-type-variable","52":"has-default-attributes"},"supplier_id":null,"supplier_sku":"","barcode":null,"atum_controlled":true,"out_stock_date":null,"out_stock_threshold":null,"inheritable":true,"inbound_stock":0,"stock_on_hold":0,"sold_today":null,"sales_last_days":null,"reserved_stock":0,"customer_returns":0,"warehouse_damage":0,"lost_in_post":0,"other_logs":0,"out_stock_days":null,"lost_sales":null,"has_location":false,"update_date":"2026-02-18T15:50:19","atum_locations":[],"atum_stock_status":"outofstock","restock_status":false,"low_stock_amount":"","sales_update_date":"2026-02-18T15:50:19","calc_backorders":null,"yoast_head":"<!-- This site is optimized with the Yoast SEO Premium plugin v27.4 (Yoast SEO v27.4) - https:\/\/yoast.com\/product\/yoast-seo-premium-wordpress\/ -->\n<title>BERBERIS thunbergii f. purpurea &#039;Rose Glow&#039; - \u00e9pine-vinette de Thunberg<\/title>\n<meta name=\"description\" content=\"Cette \u00e9pine-vinette de Thunberg a un feuillage panach\u00e9 de rouge, rose et de blanc. Le BERBERIS thunbergii f. purpurea &#039;Rose Glow&#039; est une plante tr\u00e8s d\u00e9corative par son feuillage.\" \/>\n<meta name=\"robots\" content=\"index, follow, max-snippet:-1, max-image-preview:large, max-video-preview:-1\" \/>\n<link rel=\"canonical\" href=\"https:\/\/www.vallonchene.fr\/es\/producto\/berberis-thunbergii-f-purpurea-rose-glow-epine-vinette-de-thunberg\/\" \/>\n<meta property=\"og:locale\" content=\"es_ES\" \/>\n<meta property=\"og:type\" content=\"article\" \/>\n<meta property=\"og:title\" content=\"BERBERIS thunbergii f. purpurea &#039;Rose Glow&#039; - \u00e9pine-vinette de Thunberg\" \/>\n<meta property=\"og:description\" content=\"Cette \u00e9pine-vinette de Thunberg a un feuillage panach\u00e9 de rouge, rose et de blanc. Le BERBERIS thunbergii f. purpurea &#039;Rose Glow&#039; est une plante tr\u00e8s d\u00e9corative par son feuillage.\" \/>\n<meta property=\"og:url\" content=\"https:\/\/www.vallonchene.fr\/es\/producto\/berberis-thunbergii-f-purpurea-rose-glow-epine-vinette-de-thunberg\/\" \/>\n<meta property=\"og:site_name\" content=\"Vallonch\u00eane\" \/>\n<meta property=\"article:publisher\" content=\"https:\/\/www.facebook.com\/vallonchene.fr\" \/>\n<meta property=\"article:modified_time\" content=\"2025-12-02T08:29:28+00:00\" \/>\n<meta property=\"og:image\" content=\"https:\/\/www.vallonchene.fr\/wp-content\/uploads\/2021\/09\/4016-958-Feuillage-de-BERBERIS-thunbergii-f.-purpurea-Rose-Glow.jpg\" \/>\n\t<meta property=\"og:image:width\" content=\"1500\" \/>\n\t<meta property=\"og:image:height\" content=\"1500\" \/>\n\t<meta property=\"og:image:type\" content=\"image\/jpeg\" \/>\n<meta name=\"twitter:card\" content=\"summary_large_image\" \/>\n<meta name=\"twitter:label1\" content=\"Disponibilidad\" \/>\n\t<meta name=\"twitter:data1\" content=\"Agotado\" \/>\n<script type=\"application\/ld+json\" class=\"yoast-schema-graph\">{\"@context\":\"https:\\\/\\\/schema.org\",\"@graph\":[{\"@type\":\"WebPage\",\"@id\":\"https:\\\/\\\/www.vallonchene.fr\\\/es\\\/producto\\\/berberis-thunbergii-f-purpurea-rose-glow-epine-vinette-de-thunberg\\\/\",\"url\":\"https:\\\/\\\/www.vallonchene.fr\\\/es\\\/producto\\\/berberis-thunbergii-f-purpurea-rose-glow-epine-vinette-de-thunberg\\\/\",\"name\":\"BERBERIS thunbergii f. purpurea 'Rose Glow' - \u00e9pine-vinette de Thunberg\",\"isPartOf\":{\"@id\":\"https:\\\/\\\/www.vallonchene.fr\\\/es\\\/#website\"},\"primaryImageOfPage\":{\"@id\":\"https:\\\/\\\/www.vallonchene.fr\\\/es\\\/producto\\\/berberis-thunbergii-f-purpurea-rose-glow-epine-vinette-de-thunberg\\\/#primaryimage\"},\"image\":{\"@id\":\"https:\\\/\\\/www.vallonchene.fr\\\/es\\\/producto\\\/berberis-thunbergii-f-purpurea-rose-glow-epine-vinette-de-thunberg\\\/#primaryimage\"},\"thumbnailUrl\":\"https:\\\/\\\/www.vallonchene.fr\\\/wp-content\\\/uploads\\\/2021\\\/09\\\/4016-958-Feuillage-de-BERBERIS-thunbergii-f.-purpurea-Rose-Glow.jpg\",\"datePublished\":\"2021-09-18T10:18:38+00:00\",\"dateModified\":\"2025-12-02T08:29:28+00:00\",\"description\":\"Cette \u00e9pine-vinette de Thunberg a un feuillage panach\u00e9 de rouge, rose et de blanc. Le BERBERIS thunbergii f. purpurea 'Rose Glow' est une plante tr\u00e8s d\u00e9corative par son feuillage.\",\"breadcrumb\":{\"@id\":\"https:\\\/\\\/www.vallonchene.fr\\\/es\\\/producto\\\/berberis-thunbergii-f-purpurea-rose-glow-epine-vinette-de-thunberg\\\/#breadcrumb\"},\"inLanguage\":\"es\",\"potentialAction\":[{\"@type\":\"ReadAction\",\"target\":[\"https:\\\/\\\/www.vallonchene.fr\\\/es\\\/producto\\\/berberis-thunbergii-f-purpurea-rose-glow-epine-vinette-de-thunberg\\\/\"]}]},{\"@type\":\"ImageObject\",\"inLanguage\":\"es\",\"@id\":\"https:\\\/\\\/www.vallonchene.fr\\\/es\\\/producto\\\/berberis-thunbergii-f-purpurea-rose-glow-epine-vinette-de-thunberg\\\/#primaryimage\",\"url\":\"https:\\\/\\\/www.vallonchene.fr\\\/wp-content\\\/uploads\\\/2021\\\/09\\\/4016-958-Feuillage-de-BERBERIS-thunbergii-f.-purpurea-Rose-Glow.jpg\",\"contentUrl\":\"https:\\\/\\\/www.vallonchene.fr\\\/wp-content\\\/uploads\\\/2021\\\/09\\\/4016-958-Feuillage-de-BERBERIS-thunbergii-f.-purpurea-Rose-Glow.jpg\",\"width\":1500,\"height\":1500,\"caption\":\"Feuillage de BERBERIS thunbergii f. purpurea 'Rose Glow'\"},{\"@type\":\"BreadcrumbList\",\"@id\":\"https:\\\/\\\/www.vallonchene.fr\\\/es\\\/producto\\\/berberis-thunbergii-f-purpurea-rose-glow-epine-vinette-de-thunberg\\\/#breadcrumb\",\"itemListElement\":[{\"@type\":\"ListItem\",\"position\":1,\"name\":\"Home\",\"item\":\"https:\\\/\\\/www.vallonchene.fr\\\/es\\\/\"},{\"@type\":\"ListItem\",\"position\":2,\"name\":\"Tienda\",\"item\":\"https:\\\/\\\/www.vallonchene.fr\\\/tienda\\\/\"},{\"@type\":\"ListItem\",\"position\":3,\"name\":\"Venta en linea\",\"item\":\"https:\\\/\\\/www.vallonchene.fr\\\/es\\\/categoria-producto\\\/venta-en-linea\\\/\"},{\"@type\":\"ListItem\",\"position\":4,\"name\":\"Vivero\",\"item\":\"https:\\\/\\\/www.vallonchene.fr\\\/es\\\/categoria-producto\\\/venta-en-linea\\\/vivero\\\/\"},{\"@type\":\"ListItem\",\"position\":5,\"name\":\"Arbustos y \u00e1rboles\",\"item\":\"https:\\\/\\\/www.vallonchene.fr\\\/es\\\/categoria-producto\\\/venta-en-linea\\\/vivero\\\/arbustos-y-arboles\\\/\"},{\"@type\":\"ListItem\",\"position\":6,\"name\":\"BERBERIS thunbergii f. purpurea &lsquo;Rose Glow&rsquo; &#8211; \u00e9pine-vinette de Thunberg\"}]},{\"@type\":\"WebSite\",\"@id\":\"https:\\\/\\\/www.vallonchene.fr\\\/es\\\/#website\",\"url\":\"https:\\\/\\\/www.vallonchene.fr\\\/es\\\/\",\"name\":\"Vallonch\u00eane\",\"description\":\"El vivero donde la calidad tiene sus ra\u00edces \u2013 Tel.: +33 (0)2.35.90.02.02\",\"publisher\":{\"@id\":\"https:\\\/\\\/www.vallonchene.fr\\\/es\\\/#organization\"},\"potentialAction\":[{\"@type\":\"SearchAction\",\"target\":{\"@type\":\"EntryPoint\",\"urlTemplate\":\"https:\\\/\\\/www.vallonchene.fr\\\/es\\\/?s={search_term_string}\"},\"query-input\":{\"@type\":\"PropertyValueSpecification\",\"valueRequired\":true,\"valueName\":\"search_term_string\"}}],\"inLanguage\":\"es\"},{\"@type\":\"Organization\",\"@id\":\"https:\\\/\\\/www.vallonchene.fr\\\/es\\\/#organization\",\"name\":\"VALLONCHENE\",\"url\":\"https:\\\/\\\/www.vallonchene.fr\\\/es\\\/\",\"logo\":{\"@type\":\"ImageObject\",\"inLanguage\":\"es\",\"@id\":\"https:\\\/\\\/www.vallonchene.fr\\\/es\\\/#\\\/schema\\\/logo\\\/image\\\/\",\"url\":\"https:\\\/\\\/www.vallonchene.fr\\\/wp-content\\\/uploads\\\/2023\\\/03\\\/Logo-Vallonchene-site-et-R_hauteur_100.png\",\"contentUrl\":\"https:\\\/\\\/www.vallonchene.fr\\\/wp-content\\\/uploads\\\/2023\\\/03\\\/Logo-Vallonchene-site-et-R_hauteur_100.png\",\"width\":221,\"height\":100,\"caption\":\"VALLONCHENE\"},\"image\":{\"@id\":\"https:\\\/\\\/www.vallonchene.fr\\\/es\\\/#\\\/schema\\\/logo\\\/image\\\/\"},\"sameAs\":[\"https:\\\/\\\/www.facebook.com\\\/vallonchene.fr\",\"https:\\\/\\\/www.instagram.com\\\/vallonchene\\\/\",\"https:\\\/\\\/www.pinterest.fr\\\/vallonchene\\\/\"],\"taxID\":\"49454502300017\",\"hasMerchantReturnPolicy\":{\"@type\":\"MerchantReturnPolicy\",\"merchantReturnLink\":\"https:\\\/\\\/www.vallonchene.fr\\\/remboursements_retours\\\/\"}}]}<\/script>\n<meta property=\"og:availability\" content=\"out of stock\" \/>\n<meta property=\"product:availability\" content=\"out of stock\" \/>\n<meta property=\"product:retailer_item_id\" content=\"64938\" \/>\n<meta property=\"product:condition\" content=\"new\" \/>\n<!-- \/ Yoast SEO Premium plugin. -->","yoast_head_json":{"title":"BERBERIS thunbergii f. purpurea 'Rose Glow' - \u00e9pine-vinette de Thunberg","description":"Cette \u00e9pine-vinette de Thunberg a un feuillage panach\u00e9 de rouge, rose et de blanc. Le BERBERIS thunbergii f. purpurea 'Rose Glow' est une plante tr\u00e8s d\u00e9corative par son feuillage.","robots":{"index":"index","follow":"follow","max-snippet":"max-snippet:-1","max-image-preview":"max-image-preview:large","max-video-preview":"max-video-preview:-1"},"canonical":"https:\/\/www.vallonchene.fr\/es\/producto\/berberis-thunbergii-f-purpurea-rose-glow-epine-vinette-de-thunberg\/","og_locale":"es_ES","og_type":"article","og_title":"BERBERIS thunbergii f. purpurea 'Rose Glow' - \u00e9pine-vinette de Thunberg","og_description":"Cette \u00e9pine-vinette de Thunberg a un feuillage panach\u00e9 de rouge, rose et de blanc. Le BERBERIS thunbergii f. purpurea 'Rose Glow' est une plante tr\u00e8s d\u00e9corative par son feuillage.","og_url":"https:\/\/www.vallonchene.fr\/es\/producto\/berberis-thunbergii-f-purpurea-rose-glow-epine-vinette-de-thunberg\/","og_site_name":"Vallonch\u00eane","article_publisher":"https:\/\/www.facebook.com\/vallonchene.fr","article_modified_time":"2025-12-02T08:29:28+00:00","og_image":[{"width":1500,"height":1500,"url":"https:\/\/www.vallonchene.fr\/wp-content\/uploads\/2021\/09\/4016-958-Feuillage-de-BERBERIS-thunbergii-f.-purpurea-Rose-Glow.jpg","type":"image\/jpeg"}],"twitter_card":"summary_large_image","twitter_misc":{"Disponibilidad":"Agotado"},"schema":{"@context":"https:\/\/schema.org","@graph":[{"@type":"WebPage","@id":"https:\/\/www.vallonchene.fr\/es\/producto\/berberis-thunbergii-f-purpurea-rose-glow-epine-vinette-de-thunberg\/","url":"https:\/\/www.vallonchene.fr\/es\/producto\/berberis-thunbergii-f-purpurea-rose-glow-epine-vinette-de-thunberg\/","name":"BERBERIS thunbergii f. purpurea 'Rose Glow' - \u00e9pine-vinette de Thunberg","isPartOf":{"@id":"https:\/\/www.vallonchene.fr\/es\/#website"},"primaryImageOfPage":{"@id":"https:\/\/www.vallonchene.fr\/es\/producto\/berberis-thunbergii-f-purpurea-rose-glow-epine-vinette-de-thunberg\/#primaryimage"},"image":{"@id":"https:\/\/www.vallonchene.fr\/es\/producto\/berberis-thunbergii-f-purpurea-rose-glow-epine-vinette-de-thunberg\/#primaryimage"},"thumbnailUrl":"https:\/\/www.vallonchene.fr\/wp-content\/uploads\/2021\/09\/4016-958-Feuillage-de-BERBERIS-thunbergii-f.-purpurea-Rose-Glow.jpg","datePublished":"2021-09-18T10:18:38+00:00","dateModified":"2025-12-02T08:29:28+00:00","description":"Cette \u00e9pine-vinette de Thunberg a un feuillage panach\u00e9 de rouge, rose et de blanc. Le BERBERIS thunbergii f. purpurea 'Rose Glow' est une plante tr\u00e8s d\u00e9corative par son feuillage.","breadcrumb":{"@id":"https:\/\/www.vallonchene.fr\/es\/producto\/berberis-thunbergii-f-purpurea-rose-glow-epine-vinette-de-thunberg\/#breadcrumb"},"inLanguage":"es","potentialAction":[{"@type":"ReadAction","target":["https:\/\/www.vallonchene.fr\/es\/producto\/berberis-thunbergii-f-purpurea-rose-glow-epine-vinette-de-thunberg\/"]}]},{"@type":"ImageObject","inLanguage":"es","@id":"https:\/\/www.vallonchene.fr\/es\/producto\/berberis-thunbergii-f-purpurea-rose-glow-epine-vinette-de-thunberg\/#primaryimage","url":"https:\/\/www.vallonchene.fr\/wp-content\/uploads\/2021\/09\/4016-958-Feuillage-de-BERBERIS-thunbergii-f.-purpurea-Rose-Glow.jpg","contentUrl":"https:\/\/www.vallonchene.fr\/wp-content\/uploads\/2021\/09\/4016-958-Feuillage-de-BERBERIS-thunbergii-f.-purpurea-Rose-Glow.jpg","width":1500,"height":1500,"caption":"Feuillage de BERBERIS thunbergii f. purpurea 'Rose Glow'"},{"@type":"BreadcrumbList","@id":"https:\/\/www.vallonchene.fr\/es\/producto\/berberis-thunbergii-f-purpurea-rose-glow-epine-vinette-de-thunberg\/#breadcrumb","itemListElement":[{"@type":"ListItem","position":1,"name":"Home","item":"https:\/\/www.vallonchene.fr\/es\/"},{"@type":"ListItem","position":2,"name":"Tienda","item":"https:\/\/www.vallonchene.fr\/tienda\/"},{"@type":"ListItem","position":3,"name":"Venta en linea","item":"https:\/\/www.vallonchene.fr\/es\/categoria-producto\/venta-en-linea\/"},{"@type":"ListItem","position":4,"name":"Vivero","item":"https:\/\/www.vallonchene.fr\/es\/categoria-producto\/venta-en-linea\/vivero\/"},{"@type":"ListItem","position":5,"name":"Arbustos y \u00e1rboles","item":"https:\/\/www.vallonchene.fr\/es\/categoria-producto\/venta-en-linea\/vivero\/arbustos-y-arboles\/"},{"@type":"ListItem","position":6,"name":"BERBERIS thunbergii f. purpurea &lsquo;Rose Glow&rsquo; &#8211; \u00e9pine-vinette de Thunberg"}]},{"@type":"WebSite","@id":"https:\/\/www.vallonchene.fr\/es\/#website","url":"https:\/\/www.vallonchene.fr\/es\/","name":"Vallonch\u00eane","description":"El vivero donde la calidad tiene sus ra\u00edces \u2013 Tel.: +33 (0)2.35.90.02.02","publisher":{"@id":"https:\/\/www.vallonchene.fr\/es\/#organization"},"potentialAction":[{"@type":"SearchAction","target":{"@type":"EntryPoint","urlTemplate":"https:\/\/www.vallonchene.fr\/es\/?s={search_term_string}"},"query-input":{"@type":"PropertyValueSpecification","valueRequired":true,"valueName":"search_term_string"}}],"inLanguage":"es"},{"@type":"Organization","@id":"https:\/\/www.vallonchene.fr\/es\/#organization","name":"VALLONCHENE","url":"https:\/\/www.vallonchene.fr\/es\/","logo":{"@type":"ImageObject","inLanguage":"es","@id":"https:\/\/www.vallonchene.fr\/es\/#\/schema\/logo\/image\/","url":"https:\/\/www.vallonchene.fr\/wp-content\/uploads\/2023\/03\/Logo-Vallonchene-site-et-R_hauteur_100.png","contentUrl":"https:\/\/www.vallonchene.fr\/wp-content\/uploads\/2023\/03\/Logo-Vallonchene-site-et-R_hauteur_100.png","width":221,"height":100,"caption":"VALLONCHENE"},"image":{"@id":"https:\/\/www.vallonchene.fr\/es\/#\/schema\/logo\/image\/"},"sameAs":["https:\/\/www.facebook.com\/vallonchene.fr","https:\/\/www.instagram.com\/vallonchene\/","https:\/\/www.pinterest.fr\/vallonchene\/"],"taxID":"49454502300017","hasMerchantReturnPolicy":{"@type":"MerchantReturnPolicy","merchantReturnLink":"https:\/\/www.vallonchene.fr\/remboursements_retours\/"}}]},"og_availability":"out of stock","product_availability":"out of stock","product_retailer_item_id":"64938","product_condition":"new"},"_links":{"self":[{"href":"https:\/\/www.vallonchene.fr\/es\/wp-json\/wp\/v2\/product\/23802","targetHints":{"allow":["GET"]}}],"collection":[{"href":"https:\/\/www.vallonchene.fr\/es\/wp-json\/wp\/v2\/product"}],"about":[{"href":"https:\/\/www.vallonchene.fr\/es\/wp-json\/wp\/v2\/types\/product"}],"replies":[{"embeddable":true,"href":"https:\/\/www.vallonchene.fr\/es\/wp-json\/wp\/v2\/comments?post=23802"}],"wp:featuredmedia":[{"embeddable":true,"href":"https:\/\/www.vallonchene.fr\/es\/wp-json\/wp\/v2\/media\/23796"}],"wp:attachment":[{"href":"https:\/\/www.vallonchene.fr\/es\/wp-json\/wp\/v2\/media?parent=23802"}],"wp:term":[{"taxonomy":"product_brand","embeddable":true,"href":"https:\/\/www.vallonchene.fr\/es\/wp-json\/wp\/v2\/product_brand?post=23802"},{"taxonomy":"product_cat","embeddable":true,"href":"https:\/\/www.vallonchene.fr\/es\/wp-json\/wp\/v2\/product_cat?post=23802"},{"taxonomy":"product_tag","embeddable":true,"href":"https:\/\/www.vallonchene.fr\/es\/wp-json\/wp\/v2\/product_tag?post=23802"}],"curies":[{"name":"wp","href":"https:\/\/api.w.org\/{rel}","templated":true}]}}