{"id":23622,"date":"2021-08-31T11:10:30","date_gmt":"2021-08-31T11:10:30","guid":{"rendered":"https:\/\/testing.vallonchene.fr\/produit\/hydrangea-panciluata-hercules-grhp14\/"},"modified":"2026-02-28T18:57:44","modified_gmt":"2026-02-28T17:57:44","slug":"hydrangea-paniculata-hercules-grhp14","status":"publish","type":"product","link":"https:\/\/www.vallonchene.fr\/es\/producto\/hydrangea-paniculata-hercules-grhp14\/","title":{"rendered":"HYDRANGEA paniculata &#8216;Hercules&#8217; (GRHP14)"},"content":{"rendered":"\r\n<p>L&#8217;<strong>HYDRANGEA paniculata &#8216;Hercules&#8217;<\/strong> (R) fait partie des hortensias panicul\u00e9s qu&#8217;il faut absolument avoir. <br \/>En effet, il d\u00e9veloppe de <strong>grosses et nombreuses fleurs<\/strong>. Elles d\u00e9butent <strong>couleur cr\u00e8me pour devenir blanches et finir roses<\/strong>, plus tard en saison. Ces panicules peuvent mesurer <strong>jusqu&#8217;\u00e0 30 cm<\/strong> et perdurent plusieurs mois ! De plus, <strong>les tiges sont tr\u00e8s solides et ne s&#8217;arquent pas<\/strong> sous le poids des fleurs contrairement \u00e0 beaucoup d&#8217;autres HYDRANGEA paniculata. La plante atteint une <strong>hauteur de 1,5 m \u00e0 2 m<\/strong>.<\/p>\r\n<p>Pour visionner les autres vari\u00e9t\u00e9s d&#8217;HYDRANGEA actuellement disponibles, <a href=\"https:\/\/www.vallonchene.fr\/page\/1\/?s=hydrangea&amp;post_type=product&amp;dgwt_wcas=1&amp;lang=fr&amp;filter_stock_status=instock\"><strong>merci de cliquer ici<\/strong><\/a>.<\/p>\r\n\r\n\r\n\r\n\r\n\r\n<h2 id=\"h-comment-planter-l-hydrangea-paniculata-hercules-r\" class=\"wp-block-heading has-x-large-font-size\">Comment planter l&#8217;HYDRANGEA paniculata &#8216;Hercules&#8217; (R)<\/h2>\r\n\r\n\r\n\r\n<p>Plantez cet hortensia panicul\u00e9 <strong>en plein soleil ou mi-ombre<\/strong>. Il aime les terrains <strong>frais \u00e0 humide ou moyennement humide<\/strong>, mais peut aussi supporter des terrains secs. Le sol peut \u00eatre <strong>l\u00e9ger, normal ou lourd<\/strong> et d&#8217;un pH <strong>acide, neutre ou calcaire<\/strong>.<\/p>\r\n<p>Les HYDRANGEA paniculata se pr\u00eatent parfaitement pour la plantation en <strong>haie, bac ou massif<\/strong>.<\/p>\r\n<p><strong>Astuce :<\/strong> Retaillez l&#8217;HDYRANGEA paniculata &#8216;Hercules&#8217; (R) de 2\/3 de sa hauteur chaque ann\u00e9e en mars ou avril. Le plus vous le r\u00e9duisez alors, le plus les fleurs seront grandes la saison suivante.<\/p>\r\n<p>Pour une bonne pr\u00e9paration du pot ou du trou de plantation, nous avons con\u00e7u des <a href=\"https:\/\/www.vallonchene.fr\/comment-planter-et-entretenir-des-vegetaux\/\" target=\"_blank\" rel=\"noreferrer noopener\"><strong>instructions sp\u00e9cifiques disponibles ici<\/strong><\/a>. Lisez aussi <a href=\"https:\/\/www.vallonchene.fr\/comment-bien-arroser-le-jardin-et-economiser-leau\/\"><strong>nos astuces comment bien arroser et \u00e9conomiser l&#8217;eau ici<\/strong><\/a>.<\/p>\r\n\r\n\r\n\r\n\r\n\r\n\r\n\r\n\r\n\r\n<h2 id=\"h-histoire-et-origine\" class=\"wp-block-heading has-x-large-font-size\">Histoire et Origine<\/h2>\r\n\r\n\r\n\r\n<p>L&#8217;HYDRANGEA paniculata est end\u00e9mique au Japon et en Chine et a \u00e9t\u00e9 introduite aux \u00c9tats-Unis. Il y pousse dans des for\u00eats riches en vari\u00e9t\u00e9s, des prairies et aux bords des rivi\u00e8res dans des hauteurs allant de 300 \u00e0 3 100 m\u00e8tres.<\/p>\r\n<p>Les hortensias panicul\u00e9s aiment la chaleur et r\u00e9sistent bien au froid.<\/p>\r\n<p>L&#8217;esp\u00e8ce est d\u00e9crite pour la premi\u00e8re fois en 1829 par <a href=\"https:\/\/fr.wikipedia.org\/wiki\/Philipp_Franz_von_Siebold\"><strong>Philipp Franz von Siebold<\/strong><\/a>.<\/p>\r\n<p>De nos jours, les jardiniers l&#8217;appr\u00e9cient et l&#8217;utilisent pour son c\u00f4t\u00e9 ornemental.<\/p>\r\n\r\n\r\n\r\n\r\n\r\n\r\n","protected":false},"excerpt":{"rendered":"<p>Cet <b>hortensia panicul\u00e9<\/b> se distingue par ses fleurs g\u00e9antes blanches et tr\u00e8s denses. Les tiges de l&#8217;<b>HYDRANGEA paniculata &#8216;Hercules&#8217;<\/b> (R) sont tr\u00e8s solides et ne plient pas sous le poids des fleurs.<\/p>\n","protected":false},"featured_media":23619,"comment_status":"open","ping_status":"closed","template":"","meta":[],"product_brand":[],"product_cat":[251],"product_tag":[9368,2681,1540,1541],"class_list":{"0":"post-23622","1":"product","2":"type-product","3":"status-publish","4":"has-post-thumbnail","6":"product_cat-arbustes-et-arbres","7":"product_tag-hercules-grhp14","8":"product_tag-hortensia-panicule","9":"product_tag-hydrangea","10":"product_tag-hydrangea-paniculata","11":"pa_99-hauteurapproximativeapres1-150a200m","12":"pa_couleurdesfleurs-blanc","13":"pa_couleurdufeuillage-vert","14":"pa_exigencesenhumidite-fraisahumide","15":"pa_exigencesenhumidite-moyen","16":"pa_exigencesenhumidite-sec","17":"pa_expositionspossibles-33-mi_ombreeviterlesoleilde12","18":"pa_expositionspossibles-pleinsoleilde12ha17hmin","19":"pa_hauteurlivree-40-a-50-cm","20":"pa_hauteurlivree-60-a-80-cm","21":"pa_interetauprintemps-feuillage","22":"pa_interetenautomne-feuillage","23":"pa_interetenete-feuillage","24":"pa_interetenete-fleurs","25":"pa_naturedufeuillage-caduc","26":"pa_naturesdesolpossibles-leger","27":"pa_naturesdesolpossibles-lourd","28":"pa_naturesdesolpossibles-normal","29":"pa_periodedefloraison-ete","30":"pa_periodedetaille-mars","31":"pa_phdusolacceptable-acidemoinsde65","32":"pa_phdusolacceptable-calcaireplusde75","33":"pa_phdusolacceptable-neutreentre65et75","34":"pa_portgraphisme-arrondi","35":"pa_resistanceaufroidrusticite-resistant-en-dessous-de-moins-20-degree-c","36":"pa_tailledepot-pot-de-3-litres","37":"pa_tailledepot-pot-de-4-litres","38":"pa_utilisationpossible-bacoupot","39":"pa_utilisationpossible-haie","40":"pa_utilisationpossible-massif","42":"first","43":"outofstock","44":"taxable","45":"shipping-taxable","46":"purchasable","47":"product-type-variable","48":"has-default-attributes"},"supplier_id":null,"supplier_sku":"","barcode":null,"atum_controlled":true,"out_stock_date":null,"out_stock_threshold":null,"inheritable":true,"inbound_stock":0,"stock_on_hold":1,"sold_today":0,"sales_last_days":0,"reserved_stock":0,"customer_returns":0,"warehouse_damage":0,"lost_in_post":0,"other_logs":0,"out_stock_days":null,"lost_sales":0,"has_location":false,"update_date":"2026-03-19T09:41:47","atum_locations":[],"atum_stock_status":"instock","restock_status":false,"low_stock_amount":"","sales_update_date":"2024-12-28T13:56:49","calc_backorders":null,"yoast_head":"<!-- This site is optimized with the Yoast SEO Premium plugin v27.4 (Yoast SEO v27.4) - https:\/\/yoast.com\/product\/yoast-seo-premium-wordpress\/ -->\n<title>HYDRANGEA paniculata &#039;Hercules&#039; (GRHP14) - hortensia panicul\u00e9<\/title>\n<meta name=\"description\" content=\"Cet hortensia panicul\u00e9 se distingue par ses fleurs g\u00e9antes blanches et tr\u00e8s denses. L&#039;HYDRANGEA paniculata &#039;Hercules&#039; est tr\u00e8s rustique.\" \/>\n<meta name=\"robots\" content=\"index, follow, max-snippet:-1, max-image-preview:large, max-video-preview:-1\" \/>\n<link rel=\"canonical\" href=\"https:\/\/www.vallonchene.fr\/es\/producto\/hydrangea-paniculata-hercules-grhp14\/\" \/>\n<meta property=\"og:locale\" content=\"es_ES\" \/>\n<meta property=\"og:type\" content=\"article\" \/>\n<meta property=\"og:title\" content=\"HYDRANGEA paniculata &#039;Hercules&#039; (GRHP14)\" \/>\n<meta property=\"og:description\" content=\"Cet hortensia panicul\u00e9 se distingue par ses fleurs g\u00e9antes blanches et tr\u00e8s denses. L&#039;HYDRANGEA paniculata &#039;Hercules&#039; est tr\u00e8s rustique.\" \/>\n<meta property=\"og:url\" content=\"https:\/\/www.vallonchene.fr\/es\/producto\/hydrangea-paniculata-hercules-grhp14\/\" \/>\n<meta property=\"og:site_name\" content=\"Vallonch\u00eane\" \/>\n<meta property=\"article:publisher\" content=\"https:\/\/www.facebook.com\/vallonchene.fr\" \/>\n<meta property=\"article:modified_time\" content=\"2026-02-28T17:57:44+00:00\" \/>\n<meta property=\"og:image\" content=\"https:\/\/www.vallonchene.fr\/wp-content\/uploads\/2021\/08\/3937-2a2-HYDRANGEA-panciluata-Hercules-GRHP14.jpg\" \/>\n\t<meta property=\"og:image:width\" content=\"1600\" \/>\n\t<meta property=\"og:image:height\" content=\"1600\" \/>\n\t<meta property=\"og:image:type\" content=\"image\/jpeg\" \/>\n<meta name=\"twitter:card\" content=\"summary_large_image\" \/>\n<meta name=\"twitter:label1\" content=\"Disponibilidad\" \/>\n\t<meta name=\"twitter:data1\" content=\"Agotado\" \/>\n<script type=\"application\/ld+json\" class=\"yoast-schema-graph\">{\"@context\":\"https:\\\/\\\/schema.org\",\"@graph\":[{\"@type\":\"WebPage\",\"@id\":\"https:\\\/\\\/www.vallonchene.fr\\\/es\\\/producto\\\/hydrangea-paniculata-hercules-grhp14\\\/\",\"url\":\"https:\\\/\\\/www.vallonchene.fr\\\/es\\\/producto\\\/hydrangea-paniculata-hercules-grhp14\\\/\",\"name\":\"HYDRANGEA paniculata 'Hercules' (GRHP14) - hortensia panicul\u00e9\",\"isPartOf\":{\"@id\":\"https:\\\/\\\/www.vallonchene.fr\\\/es\\\/#website\"},\"primaryImageOfPage\":{\"@id\":\"https:\\\/\\\/www.vallonchene.fr\\\/es\\\/producto\\\/hydrangea-paniculata-hercules-grhp14\\\/#primaryimage\"},\"image\":{\"@id\":\"https:\\\/\\\/www.vallonchene.fr\\\/es\\\/producto\\\/hydrangea-paniculata-hercules-grhp14\\\/#primaryimage\"},\"thumbnailUrl\":\"https:\\\/\\\/www.vallonchene.fr\\\/wp-content\\\/uploads\\\/2021\\\/08\\\/3937-2a2-HYDRANGEA-panciluata-Hercules-GRHP14.jpg\",\"datePublished\":\"2021-08-31T11:10:30+00:00\",\"dateModified\":\"2026-02-28T17:57:44+00:00\",\"description\":\"Cet hortensia panicul\u00e9 se distingue par ses fleurs g\u00e9antes blanches et tr\u00e8s denses. L'HYDRANGEA paniculata 'Hercules' est tr\u00e8s rustique.\",\"breadcrumb\":{\"@id\":\"https:\\\/\\\/www.vallonchene.fr\\\/es\\\/producto\\\/hydrangea-paniculata-hercules-grhp14\\\/#breadcrumb\"},\"inLanguage\":\"es\",\"potentialAction\":[{\"@type\":\"ReadAction\",\"target\":[\"https:\\\/\\\/www.vallonchene.fr\\\/es\\\/producto\\\/hydrangea-paniculata-hercules-grhp14\\\/\"]}]},{\"@type\":\"ImageObject\",\"inLanguage\":\"es\",\"@id\":\"https:\\\/\\\/www.vallonchene.fr\\\/es\\\/producto\\\/hydrangea-paniculata-hercules-grhp14\\\/#primaryimage\",\"url\":\"https:\\\/\\\/www.vallonchene.fr\\\/wp-content\\\/uploads\\\/2021\\\/08\\\/3937-2a2-HYDRANGEA-panciluata-Hercules-GRHP14.jpg\",\"contentUrl\":\"https:\\\/\\\/www.vallonchene.fr\\\/wp-content\\\/uploads\\\/2021\\\/08\\\/3937-2a2-HYDRANGEA-panciluata-Hercules-GRHP14.jpg\",\"width\":1600,\"height\":1600,\"caption\":\"HYDRANGEA panciluata 'Hercules' (GRHP14)\"},{\"@type\":\"BreadcrumbList\",\"@id\":\"https:\\\/\\\/www.vallonchene.fr\\\/es\\\/producto\\\/hydrangea-paniculata-hercules-grhp14\\\/#breadcrumb\",\"itemListElement\":[{\"@type\":\"ListItem\",\"position\":1,\"name\":\"Home\",\"item\":\"https:\\\/\\\/www.vallonchene.fr\\\/es\\\/\"},{\"@type\":\"ListItem\",\"position\":2,\"name\":\"Tienda\",\"item\":\"https:\\\/\\\/www.vallonchene.fr\\\/tienda\\\/\"},{\"@type\":\"ListItem\",\"position\":3,\"name\":\"Venta en linea\",\"item\":\"https:\\\/\\\/www.vallonchene.fr\\\/es\\\/categoria-producto\\\/venta-en-linea\\\/\"},{\"@type\":\"ListItem\",\"position\":4,\"name\":\"Vivero\",\"item\":\"https:\\\/\\\/www.vallonchene.fr\\\/es\\\/categoria-producto\\\/venta-en-linea\\\/vivero\\\/\"},{\"@type\":\"ListItem\",\"position\":5,\"name\":\"Arbustos y \u00e1rboles\",\"item\":\"https:\\\/\\\/www.vallonchene.fr\\\/es\\\/categoria-producto\\\/venta-en-linea\\\/vivero\\\/arbustos-y-arboles\\\/\"},{\"@type\":\"ListItem\",\"position\":6,\"name\":\"HYDRANGEA paniculata &#8216;Hercules&#8217; (GRHP14)\"}]},{\"@type\":\"WebSite\",\"@id\":\"https:\\\/\\\/www.vallonchene.fr\\\/es\\\/#website\",\"url\":\"https:\\\/\\\/www.vallonchene.fr\\\/es\\\/\",\"name\":\"Vallonch\u00eane\",\"description\":\"El vivero donde la calidad tiene sus ra\u00edces \u2013 Tel.: +33 (0)2.35.90.02.02\",\"publisher\":{\"@id\":\"https:\\\/\\\/www.vallonchene.fr\\\/es\\\/#organization\"},\"potentialAction\":[{\"@type\":\"SearchAction\",\"target\":{\"@type\":\"EntryPoint\",\"urlTemplate\":\"https:\\\/\\\/www.vallonchene.fr\\\/es\\\/?s={search_term_string}\"},\"query-input\":{\"@type\":\"PropertyValueSpecification\",\"valueRequired\":true,\"valueName\":\"search_term_string\"}}],\"inLanguage\":\"es\"},{\"@type\":\"Organization\",\"@id\":\"https:\\\/\\\/www.vallonchene.fr\\\/es\\\/#organization\",\"name\":\"VALLONCHENE\",\"url\":\"https:\\\/\\\/www.vallonchene.fr\\\/es\\\/\",\"logo\":{\"@type\":\"ImageObject\",\"inLanguage\":\"es\",\"@id\":\"https:\\\/\\\/www.vallonchene.fr\\\/es\\\/#\\\/schema\\\/logo\\\/image\\\/\",\"url\":\"https:\\\/\\\/www.vallonchene.fr\\\/wp-content\\\/uploads\\\/2023\\\/03\\\/Logo-Vallonchene-site-et-R_hauteur_100.png\",\"contentUrl\":\"https:\\\/\\\/www.vallonchene.fr\\\/wp-content\\\/uploads\\\/2023\\\/03\\\/Logo-Vallonchene-site-et-R_hauteur_100.png\",\"width\":221,\"height\":100,\"caption\":\"VALLONCHENE\"},\"image\":{\"@id\":\"https:\\\/\\\/www.vallonchene.fr\\\/es\\\/#\\\/schema\\\/logo\\\/image\\\/\"},\"sameAs\":[\"https:\\\/\\\/www.facebook.com\\\/vallonchene.fr\",\"https:\\\/\\\/www.instagram.com\\\/vallonchene\\\/\",\"https:\\\/\\\/www.pinterest.fr\\\/vallonchene\\\/\"],\"taxID\":\"49454502300017\",\"hasMerchantReturnPolicy\":{\"@type\":\"MerchantReturnPolicy\",\"merchantReturnLink\":\"https:\\\/\\\/www.vallonchene.fr\\\/remboursements_retours\\\/\"}}]}<\/script>\n<meta property=\"og:availability\" content=\"out of stock\" \/>\n<meta property=\"product:availability\" content=\"out of stock\" \/>\n<meta property=\"product:retailer_item_id\" content=\"44861\" \/>\n<meta property=\"product:condition\" content=\"new\" \/>\n<!-- \/ Yoast SEO Premium plugin. -->","yoast_head_json":{"title":"HYDRANGEA paniculata 'Hercules' (GRHP14) - hortensia panicul\u00e9","description":"Cet hortensia panicul\u00e9 se distingue par ses fleurs g\u00e9antes blanches et tr\u00e8s denses. L'HYDRANGEA paniculata 'Hercules' est tr\u00e8s rustique.","robots":{"index":"index","follow":"follow","max-snippet":"max-snippet:-1","max-image-preview":"max-image-preview:large","max-video-preview":"max-video-preview:-1"},"canonical":"https:\/\/www.vallonchene.fr\/es\/producto\/hydrangea-paniculata-hercules-grhp14\/","og_locale":"es_ES","og_type":"article","og_title":"HYDRANGEA paniculata 'Hercules' (GRHP14)","og_description":"Cet hortensia panicul\u00e9 se distingue par ses fleurs g\u00e9antes blanches et tr\u00e8s denses. L'HYDRANGEA paniculata 'Hercules' est tr\u00e8s rustique.","og_url":"https:\/\/www.vallonchene.fr\/es\/producto\/hydrangea-paniculata-hercules-grhp14\/","og_site_name":"Vallonch\u00eane","article_publisher":"https:\/\/www.facebook.com\/vallonchene.fr","article_modified_time":"2026-02-28T17:57:44+00:00","og_image":[{"width":1600,"height":1600,"url":"https:\/\/www.vallonchene.fr\/wp-content\/uploads\/2021\/08\/3937-2a2-HYDRANGEA-panciluata-Hercules-GRHP14.jpg","type":"image\/jpeg"}],"twitter_card":"summary_large_image","twitter_misc":{"Disponibilidad":"Agotado"},"schema":{"@context":"https:\/\/schema.org","@graph":[{"@type":"WebPage","@id":"https:\/\/www.vallonchene.fr\/es\/producto\/hydrangea-paniculata-hercules-grhp14\/","url":"https:\/\/www.vallonchene.fr\/es\/producto\/hydrangea-paniculata-hercules-grhp14\/","name":"HYDRANGEA paniculata 'Hercules' (GRHP14) - hortensia panicul\u00e9","isPartOf":{"@id":"https:\/\/www.vallonchene.fr\/es\/#website"},"primaryImageOfPage":{"@id":"https:\/\/www.vallonchene.fr\/es\/producto\/hydrangea-paniculata-hercules-grhp14\/#primaryimage"},"image":{"@id":"https:\/\/www.vallonchene.fr\/es\/producto\/hydrangea-paniculata-hercules-grhp14\/#primaryimage"},"thumbnailUrl":"https:\/\/www.vallonchene.fr\/wp-content\/uploads\/2021\/08\/3937-2a2-HYDRANGEA-panciluata-Hercules-GRHP14.jpg","datePublished":"2021-08-31T11:10:30+00:00","dateModified":"2026-02-28T17:57:44+00:00","description":"Cet hortensia panicul\u00e9 se distingue par ses fleurs g\u00e9antes blanches et tr\u00e8s denses. L'HYDRANGEA paniculata 'Hercules' est tr\u00e8s rustique.","breadcrumb":{"@id":"https:\/\/www.vallonchene.fr\/es\/producto\/hydrangea-paniculata-hercules-grhp14\/#breadcrumb"},"inLanguage":"es","potentialAction":[{"@type":"ReadAction","target":["https:\/\/www.vallonchene.fr\/es\/producto\/hydrangea-paniculata-hercules-grhp14\/"]}]},{"@type":"ImageObject","inLanguage":"es","@id":"https:\/\/www.vallonchene.fr\/es\/producto\/hydrangea-paniculata-hercules-grhp14\/#primaryimage","url":"https:\/\/www.vallonchene.fr\/wp-content\/uploads\/2021\/08\/3937-2a2-HYDRANGEA-panciluata-Hercules-GRHP14.jpg","contentUrl":"https:\/\/www.vallonchene.fr\/wp-content\/uploads\/2021\/08\/3937-2a2-HYDRANGEA-panciluata-Hercules-GRHP14.jpg","width":1600,"height":1600,"caption":"HYDRANGEA panciluata 'Hercules' (GRHP14)"},{"@type":"BreadcrumbList","@id":"https:\/\/www.vallonchene.fr\/es\/producto\/hydrangea-paniculata-hercules-grhp14\/#breadcrumb","itemListElement":[{"@type":"ListItem","position":1,"name":"Home","item":"https:\/\/www.vallonchene.fr\/es\/"},{"@type":"ListItem","position":2,"name":"Tienda","item":"https:\/\/www.vallonchene.fr\/tienda\/"},{"@type":"ListItem","position":3,"name":"Venta en linea","item":"https:\/\/www.vallonchene.fr\/es\/categoria-producto\/venta-en-linea\/"},{"@type":"ListItem","position":4,"name":"Vivero","item":"https:\/\/www.vallonchene.fr\/es\/categoria-producto\/venta-en-linea\/vivero\/"},{"@type":"ListItem","position":5,"name":"Arbustos y \u00e1rboles","item":"https:\/\/www.vallonchene.fr\/es\/categoria-producto\/venta-en-linea\/vivero\/arbustos-y-arboles\/"},{"@type":"ListItem","position":6,"name":"HYDRANGEA paniculata &#8216;Hercules&#8217; (GRHP14)"}]},{"@type":"WebSite","@id":"https:\/\/www.vallonchene.fr\/es\/#website","url":"https:\/\/www.vallonchene.fr\/es\/","name":"Vallonch\u00eane","description":"El vivero donde la calidad tiene sus ra\u00edces \u2013 Tel.: +33 (0)2.35.90.02.02","publisher":{"@id":"https:\/\/www.vallonchene.fr\/es\/#organization"},"potentialAction":[{"@type":"SearchAction","target":{"@type":"EntryPoint","urlTemplate":"https:\/\/www.vallonchene.fr\/es\/?s={search_term_string}"},"query-input":{"@type":"PropertyValueSpecification","valueRequired":true,"valueName":"search_term_string"}}],"inLanguage":"es"},{"@type":"Organization","@id":"https:\/\/www.vallonchene.fr\/es\/#organization","name":"VALLONCHENE","url":"https:\/\/www.vallonchene.fr\/es\/","logo":{"@type":"ImageObject","inLanguage":"es","@id":"https:\/\/www.vallonchene.fr\/es\/#\/schema\/logo\/image\/","url":"https:\/\/www.vallonchene.fr\/wp-content\/uploads\/2023\/03\/Logo-Vallonchene-site-et-R_hauteur_100.png","contentUrl":"https:\/\/www.vallonchene.fr\/wp-content\/uploads\/2023\/03\/Logo-Vallonchene-site-et-R_hauteur_100.png","width":221,"height":100,"caption":"VALLONCHENE"},"image":{"@id":"https:\/\/www.vallonchene.fr\/es\/#\/schema\/logo\/image\/"},"sameAs":["https:\/\/www.facebook.com\/vallonchene.fr","https:\/\/www.instagram.com\/vallonchene\/","https:\/\/www.pinterest.fr\/vallonchene\/"],"taxID":"49454502300017","hasMerchantReturnPolicy":{"@type":"MerchantReturnPolicy","merchantReturnLink":"https:\/\/www.vallonchene.fr\/remboursements_retours\/"}}]},"og_availability":"out of stock","product_availability":"out of stock","product_retailer_item_id":"44861","product_condition":"new"},"_links":{"self":[{"href":"https:\/\/www.vallonchene.fr\/es\/wp-json\/wp\/v2\/product\/23622","targetHints":{"allow":["GET"]}}],"collection":[{"href":"https:\/\/www.vallonchene.fr\/es\/wp-json\/wp\/v2\/product"}],"about":[{"href":"https:\/\/www.vallonchene.fr\/es\/wp-json\/wp\/v2\/types\/product"}],"replies":[{"embeddable":true,"href":"https:\/\/www.vallonchene.fr\/es\/wp-json\/wp\/v2\/comments?post=23622"}],"wp:featuredmedia":[{"embeddable":true,"href":"https:\/\/www.vallonchene.fr\/es\/wp-json\/wp\/v2\/media\/23619"}],"wp:attachment":[{"href":"https:\/\/www.vallonchene.fr\/es\/wp-json\/wp\/v2\/media?parent=23622"}],"wp:term":[{"taxonomy":"product_brand","embeddable":true,"href":"https:\/\/www.vallonchene.fr\/es\/wp-json\/wp\/v2\/product_brand?post=23622"},{"taxonomy":"product_cat","embeddable":true,"href":"https:\/\/www.vallonchene.fr\/es\/wp-json\/wp\/v2\/product_cat?post=23622"},{"taxonomy":"product_tag","embeddable":true,"href":"https:\/\/www.vallonchene.fr\/es\/wp-json\/wp\/v2\/product_tag?post=23622"}],"curies":[{"name":"wp","href":"https:\/\/api.w.org\/{rel}","templated":true}]}}