{"id":23127,"date":"2021-08-31T11:09:32","date_gmt":"2021-08-31T11:09:32","guid":{"rendered":"https:\/\/testing.vallonchene.fr\/produit\/hydrangea-anomala-kuga-variegated\/"},"modified":"2024-09-26T15:26:11","modified_gmt":"2024-09-26T15:26:11","slug":"hydrangea-anomala-kuga-variegated","status":"publish","type":"product","link":"https:\/\/www.vallonchene.fr\/es\/producto\/hydrangea-anomala-kuga-variegated\/","title":{"rendered":"HYDRANGEA anomala &#8216;Kuga Variegated&#8217;"},"content":{"rendered":"","protected":false},"excerpt":{"rendered":"<p>Cet <b>hortensia grimpant panach\u00e9<\/b> a des feuilles vertes mouchet\u00e9es de jaune. L&#8217;<b>HYDRANGEA anomala &#8216;Kuga Variegated&#8217;<\/b> a une croissance lente et fleurit blanc en \u00e9t\u00e9.<\/p>\n","protected":false},"featured_media":23121,"comment_status":"open","ping_status":"closed","template":"","meta":[],"product_brand":[],"product_cat":[251],"product_tag":[9202,1540,9200,9199,9203,9201],"class_list":{"0":"post-23127","1":"product","2":"type-product","3":"status-publish","4":"has-post-thumbnail","6":"product_cat-arbustes-et-arbres","7":"product_tag-hortensia-grimpant-panache","8":"product_tag-hydrangea","9":"product_tag-hydrangea-anomala","10":"product_tag-hydrangea-anomala-kuga-variegate","11":"product_tag-hydrangea-anomala-kuga-variegated","12":"product_tag-kuga-variegated","13":"pa_99-hauteurapproximativeapres1-2a3m","14":"pa_couleurdesfleurs-blanc","15":"pa_couleurdufeuillage-jaune","16":"pa_couleurdufeuillage-panache","17":"pa_couleurdufeuillage-vert","18":"pa_exigencesenhumidite-fraisahumide","19":"pa_exigencesenhumidite-moyen","20":"pa_expositionspossibles-33-mi_ombreeviterlesoleilde12","21":"pa_expositionspossibles-ombrepasdesoleildirect","22":"pa_hauteurlivree-50-a-60-cm","23":"pa_hauteurlivree-80-a-100-cm","24":"pa_interetauprintemps-feuillage","25":"pa_interetauprintemps-jeunespousses","26":"pa_interetenautomne-feuillage","27":"pa_interetenete-feuillage","28":"pa_interetenete-fleurs","29":"pa_naturedufeuillage-caduc","30":"pa_naturesdesolpossibles-leger","31":"pa_naturesdesolpossibles-lourd","32":"pa_naturesdesolpossibles-normal","33":"pa_periodedefloraison-ete","34":"pa_periodedetaille-mars","35":"pa_phdusolacceptable-acidemoinsde65","36":"pa_phdusolacceptable-calcaireplusde75","37":"pa_phdusolacceptable-neutreentre65et75","38":"pa_portgraphisme-grimpant","39":"pa_resistanceaufroidrusticite-resistant-en-dessous-de-moins-20-degree-c","40":"pa_tailledepot-pot-de-7_5-litres","41":"pa_utilisationpossible-bacoupot","42":"pa_utilisationpossible-grimpant","43":"pa_utilisationpossible-massif","45":"first","46":"outofstock","47":"taxable","48":"shipping-taxable","49":"purchasable","50":"product-type-variable","51":"has-default-attributes"},"supplier_id":null,"supplier_sku":"","barcode":null,"atum_controlled":true,"out_stock_date":null,"out_stock_threshold":null,"inheritable":false,"inbound_stock":0,"stock_on_hold":0,"sold_today":null,"sales_last_days":null,"reserved_stock":0,"customer_returns":0,"warehouse_damage":0,"lost_in_post":0,"other_logs":0,"out_stock_days":null,"lost_sales":null,"has_location":false,"update_date":"2025-10-31T13:44:26","atum_locations":[],"atum_stock_status":"outofstock","restock_status":false,"low_stock_amount":"","sales_update_date":"2025-10-31T13:44:26","calc_backorders":null,"yoast_head":"<!-- This site is optimized with the Yoast SEO Premium plugin v27.4 (Yoast SEO v27.4) - https:\/\/yoast.com\/product\/yoast-seo-premium-wordpress\/ -->\n<title>HYDRANGEA anomala &#039;Kuga Variegated&#039; - hortensia grimpant panach\u00e9<\/title>\n<meta name=\"description\" content=\"Cet hortensia grimpant panach\u00e9 a des feuilles vertes mouchet\u00e9es de jaune. L&#039;HYDRANGEA anomala &#039;Kuga Variegated&#039; a une croissance lente et fleurit blanc en \u00e9t\u00e9.\" \/>\n<meta name=\"robots\" content=\"index, follow, max-snippet:-1, max-image-preview:large, max-video-preview:-1\" \/>\n<link rel=\"canonical\" href=\"https:\/\/www.vallonchene.fr\/es\/producto\/hydrangea-anomala-kuga-variegated\/\" \/>\n<meta property=\"og:locale\" content=\"es_ES\" \/>\n<meta property=\"og:type\" content=\"article\" \/>\n<meta property=\"og:title\" content=\"HYDRANGEA anomala &#039;Kuga Variegated&#039;\" \/>\n<meta property=\"og:description\" content=\"Cet hortensia grimpant panach\u00e9 a des feuilles vertes mouchet\u00e9es de jaune. L&#039;HYDRANGEA anomala &#039;Kuga Variegated&#039; a une croissance lente et fleurit blanc en \u00e9t\u00e9.\" \/>\n<meta property=\"og:url\" content=\"https:\/\/www.vallonchene.fr\/es\/producto\/hydrangea-anomala-kuga-variegated\/\" \/>\n<meta property=\"og:site_name\" content=\"Vallonch\u00eane\" \/>\n<meta property=\"article:publisher\" content=\"https:\/\/www.facebook.com\/vallonchene.fr\" \/>\n<meta property=\"article:modified_time\" content=\"2024-09-26T15:26:11+00:00\" \/>\n<meta property=\"og:image\" content=\"https:\/\/www.vallonchene.fr\/wp-content\/uploads\/2021\/08\/4055-a18-Pousse-de-lHYDRANGEA-anomala-Kuga-Variegated.jpg\" \/>\n\t<meta property=\"og:image:width\" content=\"1500\" \/>\n\t<meta property=\"og:image:height\" content=\"1500\" \/>\n\t<meta property=\"og:image:type\" content=\"image\/jpeg\" \/>\n<meta name=\"twitter:card\" content=\"summary_large_image\" \/>\n<meta name=\"twitter:label1\" content=\"Disponibilidad\" \/>\n\t<meta name=\"twitter:data1\" content=\"Agotado\" \/>\n<script type=\"application\/ld+json\" class=\"yoast-schema-graph\">{\"@context\":\"https:\\\/\\\/schema.org\",\"@graph\":[{\"@type\":\"WebPage\",\"@id\":\"https:\\\/\\\/www.vallonchene.fr\\\/es\\\/producto\\\/hydrangea-anomala-kuga-variegated\\\/\",\"url\":\"https:\\\/\\\/www.vallonchene.fr\\\/es\\\/producto\\\/hydrangea-anomala-kuga-variegated\\\/\",\"name\":\"HYDRANGEA anomala 'Kuga Variegated' - hortensia grimpant panach\u00e9\",\"isPartOf\":{\"@id\":\"https:\\\/\\\/www.vallonchene.fr\\\/es\\\/#website\"},\"primaryImageOfPage\":{\"@id\":\"https:\\\/\\\/www.vallonchene.fr\\\/es\\\/producto\\\/hydrangea-anomala-kuga-variegated\\\/#primaryimage\"},\"image\":{\"@id\":\"https:\\\/\\\/www.vallonchene.fr\\\/es\\\/producto\\\/hydrangea-anomala-kuga-variegated\\\/#primaryimage\"},\"thumbnailUrl\":\"https:\\\/\\\/www.vallonchene.fr\\\/wp-content\\\/uploads\\\/2021\\\/08\\\/4055-a18-Pousse-de-lHYDRANGEA-anomala-Kuga-Variegated.jpg\",\"datePublished\":\"2021-08-31T11:09:32+00:00\",\"dateModified\":\"2024-09-26T15:26:11+00:00\",\"description\":\"Cet hortensia grimpant panach\u00e9 a des feuilles vertes mouchet\u00e9es de jaune. L'HYDRANGEA anomala 'Kuga Variegated' a une croissance lente et fleurit blanc en \u00e9t\u00e9.\",\"breadcrumb\":{\"@id\":\"https:\\\/\\\/www.vallonchene.fr\\\/es\\\/producto\\\/hydrangea-anomala-kuga-variegated\\\/#breadcrumb\"},\"inLanguage\":\"es\",\"potentialAction\":[{\"@type\":\"ReadAction\",\"target\":[\"https:\\\/\\\/www.vallonchene.fr\\\/es\\\/producto\\\/hydrangea-anomala-kuga-variegated\\\/\"]}]},{\"@type\":\"ImageObject\",\"inLanguage\":\"es\",\"@id\":\"https:\\\/\\\/www.vallonchene.fr\\\/es\\\/producto\\\/hydrangea-anomala-kuga-variegated\\\/#primaryimage\",\"url\":\"https:\\\/\\\/www.vallonchene.fr\\\/wp-content\\\/uploads\\\/2021\\\/08\\\/4055-a18-Pousse-de-lHYDRANGEA-anomala-Kuga-Variegated.jpg\",\"contentUrl\":\"https:\\\/\\\/www.vallonchene.fr\\\/wp-content\\\/uploads\\\/2021\\\/08\\\/4055-a18-Pousse-de-lHYDRANGEA-anomala-Kuga-Variegated.jpg\",\"width\":1500,\"height\":1500,\"caption\":\"Pousse de l'HYDRANGEA anomala 'Kuga Variegated'\"},{\"@type\":\"BreadcrumbList\",\"@id\":\"https:\\\/\\\/www.vallonchene.fr\\\/es\\\/producto\\\/hydrangea-anomala-kuga-variegated\\\/#breadcrumb\",\"itemListElement\":[{\"@type\":\"ListItem\",\"position\":1,\"name\":\"Home\",\"item\":\"https:\\\/\\\/www.vallonchene.fr\\\/es\\\/\"},{\"@type\":\"ListItem\",\"position\":2,\"name\":\"Tienda\",\"item\":\"https:\\\/\\\/www.vallonchene.fr\\\/tienda\\\/\"},{\"@type\":\"ListItem\",\"position\":3,\"name\":\"Venta en linea\",\"item\":\"https:\\\/\\\/www.vallonchene.fr\\\/es\\\/categoria-producto\\\/venta-en-linea\\\/\"},{\"@type\":\"ListItem\",\"position\":4,\"name\":\"Vivero\",\"item\":\"https:\\\/\\\/www.vallonchene.fr\\\/es\\\/categoria-producto\\\/venta-en-linea\\\/vivero\\\/\"},{\"@type\":\"ListItem\",\"position\":5,\"name\":\"Arbustos y \u00e1rboles\",\"item\":\"https:\\\/\\\/www.vallonchene.fr\\\/es\\\/categoria-producto\\\/venta-en-linea\\\/vivero\\\/arbustos-y-arboles\\\/\"},{\"@type\":\"ListItem\",\"position\":6,\"name\":\"HYDRANGEA anomala &#8216;Kuga Variegated&#8217;\"}]},{\"@type\":\"WebSite\",\"@id\":\"https:\\\/\\\/www.vallonchene.fr\\\/es\\\/#website\",\"url\":\"https:\\\/\\\/www.vallonchene.fr\\\/es\\\/\",\"name\":\"Vallonch\u00eane\",\"description\":\"El vivero donde la calidad tiene sus ra\u00edces \u2013 Tel.: +33 (0)2.35.90.02.02\",\"publisher\":{\"@id\":\"https:\\\/\\\/www.vallonchene.fr\\\/es\\\/#organization\"},\"potentialAction\":[{\"@type\":\"SearchAction\",\"target\":{\"@type\":\"EntryPoint\",\"urlTemplate\":\"https:\\\/\\\/www.vallonchene.fr\\\/es\\\/?s={search_term_string}\"},\"query-input\":{\"@type\":\"PropertyValueSpecification\",\"valueRequired\":true,\"valueName\":\"search_term_string\"}}],\"inLanguage\":\"es\"},{\"@type\":\"Organization\",\"@id\":\"https:\\\/\\\/www.vallonchene.fr\\\/es\\\/#organization\",\"name\":\"VALLONCHENE\",\"url\":\"https:\\\/\\\/www.vallonchene.fr\\\/es\\\/\",\"logo\":{\"@type\":\"ImageObject\",\"inLanguage\":\"es\",\"@id\":\"https:\\\/\\\/www.vallonchene.fr\\\/es\\\/#\\\/schema\\\/logo\\\/image\\\/\",\"url\":\"https:\\\/\\\/www.vallonchene.fr\\\/wp-content\\\/uploads\\\/2023\\\/03\\\/Logo-Vallonchene-site-et-R_hauteur_100.png\",\"contentUrl\":\"https:\\\/\\\/www.vallonchene.fr\\\/wp-content\\\/uploads\\\/2023\\\/03\\\/Logo-Vallonchene-site-et-R_hauteur_100.png\",\"width\":221,\"height\":100,\"caption\":\"VALLONCHENE\"},\"image\":{\"@id\":\"https:\\\/\\\/www.vallonchene.fr\\\/es\\\/#\\\/schema\\\/logo\\\/image\\\/\"},\"sameAs\":[\"https:\\\/\\\/www.facebook.com\\\/vallonchene.fr\",\"https:\\\/\\\/www.instagram.com\\\/vallonchene\\\/\",\"https:\\\/\\\/www.pinterest.fr\\\/vallonchene\\\/\"],\"taxID\":\"49454502300017\",\"hasMerchantReturnPolicy\":{\"@type\":\"MerchantReturnPolicy\",\"merchantReturnLink\":\"https:\\\/\\\/www.vallonchene.fr\\\/remboursements_retours\\\/\"}}]}<\/script>\n<meta property=\"og:availability\" content=\"out of stock\" \/>\n<meta property=\"product:availability\" content=\"out of stock\" \/>\n<meta property=\"product:retailer_item_id\" content=\"57696\" \/>\n<meta property=\"product:condition\" content=\"new\" \/>\n<!-- \/ Yoast SEO Premium plugin. -->","yoast_head_json":{"title":"HYDRANGEA anomala 'Kuga Variegated' - hortensia grimpant panach\u00e9","description":"Cet hortensia grimpant panach\u00e9 a des feuilles vertes mouchet\u00e9es de jaune. L'HYDRANGEA anomala 'Kuga Variegated' a une croissance lente et fleurit blanc en \u00e9t\u00e9.","robots":{"index":"index","follow":"follow","max-snippet":"max-snippet:-1","max-image-preview":"max-image-preview:large","max-video-preview":"max-video-preview:-1"},"canonical":"https:\/\/www.vallonchene.fr\/es\/producto\/hydrangea-anomala-kuga-variegated\/","og_locale":"es_ES","og_type":"article","og_title":"HYDRANGEA anomala 'Kuga Variegated'","og_description":"Cet hortensia grimpant panach\u00e9 a des feuilles vertes mouchet\u00e9es de jaune. L'HYDRANGEA anomala 'Kuga Variegated' a une croissance lente et fleurit blanc en \u00e9t\u00e9.","og_url":"https:\/\/www.vallonchene.fr\/es\/producto\/hydrangea-anomala-kuga-variegated\/","og_site_name":"Vallonch\u00eane","article_publisher":"https:\/\/www.facebook.com\/vallonchene.fr","article_modified_time":"2024-09-26T15:26:11+00:00","og_image":[{"width":1500,"height":1500,"url":"https:\/\/www.vallonchene.fr\/wp-content\/uploads\/2021\/08\/4055-a18-Pousse-de-lHYDRANGEA-anomala-Kuga-Variegated.jpg","type":"image\/jpeg"}],"twitter_card":"summary_large_image","twitter_misc":{"Disponibilidad":"Agotado"},"schema":{"@context":"https:\/\/schema.org","@graph":[{"@type":"WebPage","@id":"https:\/\/www.vallonchene.fr\/es\/producto\/hydrangea-anomala-kuga-variegated\/","url":"https:\/\/www.vallonchene.fr\/es\/producto\/hydrangea-anomala-kuga-variegated\/","name":"HYDRANGEA anomala 'Kuga Variegated' - hortensia grimpant panach\u00e9","isPartOf":{"@id":"https:\/\/www.vallonchene.fr\/es\/#website"},"primaryImageOfPage":{"@id":"https:\/\/www.vallonchene.fr\/es\/producto\/hydrangea-anomala-kuga-variegated\/#primaryimage"},"image":{"@id":"https:\/\/www.vallonchene.fr\/es\/producto\/hydrangea-anomala-kuga-variegated\/#primaryimage"},"thumbnailUrl":"https:\/\/www.vallonchene.fr\/wp-content\/uploads\/2021\/08\/4055-a18-Pousse-de-lHYDRANGEA-anomala-Kuga-Variegated.jpg","datePublished":"2021-08-31T11:09:32+00:00","dateModified":"2024-09-26T15:26:11+00:00","description":"Cet hortensia grimpant panach\u00e9 a des feuilles vertes mouchet\u00e9es de jaune. L'HYDRANGEA anomala 'Kuga Variegated' a une croissance lente et fleurit blanc en \u00e9t\u00e9.","breadcrumb":{"@id":"https:\/\/www.vallonchene.fr\/es\/producto\/hydrangea-anomala-kuga-variegated\/#breadcrumb"},"inLanguage":"es","potentialAction":[{"@type":"ReadAction","target":["https:\/\/www.vallonchene.fr\/es\/producto\/hydrangea-anomala-kuga-variegated\/"]}]},{"@type":"ImageObject","inLanguage":"es","@id":"https:\/\/www.vallonchene.fr\/es\/producto\/hydrangea-anomala-kuga-variegated\/#primaryimage","url":"https:\/\/www.vallonchene.fr\/wp-content\/uploads\/2021\/08\/4055-a18-Pousse-de-lHYDRANGEA-anomala-Kuga-Variegated.jpg","contentUrl":"https:\/\/www.vallonchene.fr\/wp-content\/uploads\/2021\/08\/4055-a18-Pousse-de-lHYDRANGEA-anomala-Kuga-Variegated.jpg","width":1500,"height":1500,"caption":"Pousse de l'HYDRANGEA anomala 'Kuga Variegated'"},{"@type":"BreadcrumbList","@id":"https:\/\/www.vallonchene.fr\/es\/producto\/hydrangea-anomala-kuga-variegated\/#breadcrumb","itemListElement":[{"@type":"ListItem","position":1,"name":"Home","item":"https:\/\/www.vallonchene.fr\/es\/"},{"@type":"ListItem","position":2,"name":"Tienda","item":"https:\/\/www.vallonchene.fr\/tienda\/"},{"@type":"ListItem","position":3,"name":"Venta en linea","item":"https:\/\/www.vallonchene.fr\/es\/categoria-producto\/venta-en-linea\/"},{"@type":"ListItem","position":4,"name":"Vivero","item":"https:\/\/www.vallonchene.fr\/es\/categoria-producto\/venta-en-linea\/vivero\/"},{"@type":"ListItem","position":5,"name":"Arbustos y \u00e1rboles","item":"https:\/\/www.vallonchene.fr\/es\/categoria-producto\/venta-en-linea\/vivero\/arbustos-y-arboles\/"},{"@type":"ListItem","position":6,"name":"HYDRANGEA anomala &#8216;Kuga Variegated&#8217;"}]},{"@type":"WebSite","@id":"https:\/\/www.vallonchene.fr\/es\/#website","url":"https:\/\/www.vallonchene.fr\/es\/","name":"Vallonch\u00eane","description":"El vivero donde la calidad tiene sus ra\u00edces \u2013 Tel.: +33 (0)2.35.90.02.02","publisher":{"@id":"https:\/\/www.vallonchene.fr\/es\/#organization"},"potentialAction":[{"@type":"SearchAction","target":{"@type":"EntryPoint","urlTemplate":"https:\/\/www.vallonchene.fr\/es\/?s={search_term_string}"},"query-input":{"@type":"PropertyValueSpecification","valueRequired":true,"valueName":"search_term_string"}}],"inLanguage":"es"},{"@type":"Organization","@id":"https:\/\/www.vallonchene.fr\/es\/#organization","name":"VALLONCHENE","url":"https:\/\/www.vallonchene.fr\/es\/","logo":{"@type":"ImageObject","inLanguage":"es","@id":"https:\/\/www.vallonchene.fr\/es\/#\/schema\/logo\/image\/","url":"https:\/\/www.vallonchene.fr\/wp-content\/uploads\/2023\/03\/Logo-Vallonchene-site-et-R_hauteur_100.png","contentUrl":"https:\/\/www.vallonchene.fr\/wp-content\/uploads\/2023\/03\/Logo-Vallonchene-site-et-R_hauteur_100.png","width":221,"height":100,"caption":"VALLONCHENE"},"image":{"@id":"https:\/\/www.vallonchene.fr\/es\/#\/schema\/logo\/image\/"},"sameAs":["https:\/\/www.facebook.com\/vallonchene.fr","https:\/\/www.instagram.com\/vallonchene\/","https:\/\/www.pinterest.fr\/vallonchene\/"],"taxID":"49454502300017","hasMerchantReturnPolicy":{"@type":"MerchantReturnPolicy","merchantReturnLink":"https:\/\/www.vallonchene.fr\/remboursements_retours\/"}}]},"og_availability":"out of stock","product_availability":"out of stock","product_retailer_item_id":"57696","product_condition":"new"},"_links":{"self":[{"href":"https:\/\/www.vallonchene.fr\/es\/wp-json\/wp\/v2\/product\/23127","targetHints":{"allow":["GET"]}}],"collection":[{"href":"https:\/\/www.vallonchene.fr\/es\/wp-json\/wp\/v2\/product"}],"about":[{"href":"https:\/\/www.vallonchene.fr\/es\/wp-json\/wp\/v2\/types\/product"}],"replies":[{"embeddable":true,"href":"https:\/\/www.vallonchene.fr\/es\/wp-json\/wp\/v2\/comments?post=23127"}],"wp:featuredmedia":[{"embeddable":true,"href":"https:\/\/www.vallonchene.fr\/es\/wp-json\/wp\/v2\/media\/23121"}],"wp:attachment":[{"href":"https:\/\/www.vallonchene.fr\/es\/wp-json\/wp\/v2\/media?parent=23127"}],"wp:term":[{"taxonomy":"product_brand","embeddable":true,"href":"https:\/\/www.vallonchene.fr\/es\/wp-json\/wp\/v2\/product_brand?post=23127"},{"taxonomy":"product_cat","embeddable":true,"href":"https:\/\/www.vallonchene.fr\/es\/wp-json\/wp\/v2\/product_cat?post=23127"},{"taxonomy":"product_tag","embeddable":true,"href":"https:\/\/www.vallonchene.fr\/es\/wp-json\/wp\/v2\/product_tag?post=23127"}],"curies":[{"name":"wp","href":"https:\/\/api.w.org\/{rel}","templated":true}]}}