{"id":21144,"date":"2021-08-31T11:35:33","date_gmt":"2021-08-31T11:35:33","guid":{"rendered":"https:\/\/testing.vallonchene.fr\/produit\/salix-x-sepulcralis-erythroflexuosa\/"},"modified":"2024-09-26T14:45:33","modified_gmt":"2024-09-26T14:45:33","slug":"salix-x-sepulcralis-erythroflexuosa","status":"publish","type":"product","link":"https:\/\/www.vallonchene.fr\/es\/producto\/salix-x-sepulcralis-erythroflexuosa\/","title":{"rendered":"SALIX x sepulcralis &#8216;Erythroflexuosa&#8217;"},"content":{"rendered":"","protected":false},"excerpt":{"rendered":"<p>Le <b>saule tortueux<\/b> \u00e0 bois orange est particuli\u00e8rement d\u00e9coratif en hiver. Le <b>SALIX x sepulcralis &#8216;Erythroflexuosa&#8217;<\/b> a une croissance rapide.<\/p>\n","protected":false},"featured_media":0,"comment_status":"open","ping_status":"closed","template":"","meta":[],"product_brand":[],"product_cat":[251],"product_tag":[8389,2723,4576,8388,8391,8390],"class_list":{"0":"post-21144","1":"product","2":"type-product","3":"status-publish","5":"product_cat-arbustes-et-arbres","6":"product_tag-erythroflexuosa","7":"product_tag-salix","8":"product_tag-salix-sepulcralis","9":"product_tag-salix-sepulcralis-erythroflexuos","10":"product_tag-salix-sepulcralis-erythroflexuosa","11":"product_tag-saule-tortueux-a-bois-orange","12":"pa_99-hauteurapproximativeapres1-2a3m","13":"pa_couleurdelecorce-orange","14":"pa_couleurdufeuillage-vert","15":"pa_exigencesenhumidite-fraisahumide","16":"pa_exigencesenhumidite-moyen","17":"pa_exigencesenhumidite-sec","18":"pa_exigencesenhumidite-trempe","19":"pa_expositionspossibles-33-mi_ombreeviterlesoleilde12","20":"pa_expositionspossibles-pleinsoleilde12ha17hmin","21":"pa_hauteurlivree-80-a-100-cm","22":"pa_interetauprintemps-ecorce","23":"pa_interetauprintemps-feuillage","24":"pa_interetenautomne-ecorce","25":"pa_interetenautomne-feuillage","26":"pa_interetenete-ecorce","27":"pa_interetenete-feuillage","28":"pa_interetenhiver-ecorce","29":"pa_naturedufeuillage-caduc","30":"pa_naturesdesolpossibles-leger","31":"pa_naturesdesolpossibles-lourd","32":"pa_naturesdesolpossibles-normal","33":"pa_naturesdesolpossibles-treslourd","34":"pa_particularites-ecorceremarquable","35":"pa_particularites-graphismeforme","36":"pa_periodedefloraison-hiver","37":"pa_periodedetaille-mars","38":"pa_phdusolacceptable-acidemoinsde65","39":"pa_phdusolacceptable-calcaireplusde75","40":"pa_phdusolacceptable-neutreentre65et75","41":"pa_portgraphisme-fastigie","42":"pa_resistanceaufroidrusticite-resistant-en-dessous-de-moins-20-degree-c","43":"pa_tailledepot-pot-de-5-litres","44":"pa_utilisationpossible-isole","45":"pa_utilisationpossible-massif","47":"first","48":"outofstock","49":"taxable","50":"shipping-taxable","51":"purchasable","52":"product-type-variable","53":"has-default-attributes"},"supplier_id":null,"supplier_sku":"","barcode":null,"atum_controlled":true,"out_stock_date":null,"out_stock_threshold":null,"inheritable":false,"inbound_stock":0,"stock_on_hold":0,"sold_today":0,"sales_last_days":0,"reserved_stock":0,"customer_returns":0,"warehouse_damage":0,"lost_in_post":0,"other_logs":0,"out_stock_days":null,"lost_sales":0,"has_location":false,"update_date":"2024-10-20T13:22:41","atum_locations":[],"atum_stock_status":"outofstock","restock_status":false,"low_stock_amount":"","sales_update_date":"2024-10-20T13:22:41","calc_backorders":null,"yoast_head":"<!-- This site is optimized with the Yoast SEO Premium plugin v27.3 (Yoast SEO v27.3) - https:\/\/yoast.com\/product\/yoast-seo-premium-wordpress\/ -->\n<title>SALIX x sepulcralis &#039;Erythroflexuosa&#039; - saule tortueux \u00e0 bois orange<\/title>\n<meta name=\"description\" content=\"Le saule tortueux \u00e0 bois orange est particuli\u00e8rement d\u00e9coratif en hiver. Le SALIX x sepulcralis &#039;Erythroflexuosa&#039; a une croissance rapide.\" \/>\n<meta name=\"robots\" content=\"index, follow, max-snippet:-1, max-image-preview:large, max-video-preview:-1\" \/>\n<link rel=\"canonical\" href=\"https:\/\/www.vallonchene.fr\/es\/producto\/salix-x-sepulcralis-erythroflexuosa\/\" \/>\n<meta property=\"og:locale\" content=\"es_ES\" \/>\n<meta property=\"og:type\" content=\"article\" \/>\n<meta property=\"og:title\" content=\"SALIX x sepulcralis &#039;Erythroflexuosa&#039;\" \/>\n<meta property=\"og:description\" content=\"Le saule tortueux \u00e0 bois orange est particuli\u00e8rement d\u00e9coratif en hiver. Le SALIX x sepulcralis &#039;Erythroflexuosa&#039; a une croissance rapide.\" \/>\n<meta property=\"og:url\" content=\"https:\/\/www.vallonchene.fr\/es\/producto\/salix-x-sepulcralis-erythroflexuosa\/\" \/>\n<meta property=\"og:site_name\" content=\"Vallonch\u00eane\" \/>\n<meta property=\"article:publisher\" content=\"https:\/\/www.facebook.com\/vallonchene.fr\" \/>\n<meta property=\"article:modified_time\" content=\"2024-09-26T14:45:33+00:00\" \/>\n<meta name=\"twitter:card\" content=\"summary_large_image\" \/>\n<meta name=\"twitter:label1\" content=\"Disponibilidad\" \/>\n\t<meta name=\"twitter:data1\" content=\"Agotado\" \/>\n<script type=\"application\/ld+json\" class=\"yoast-schema-graph\">{\"@context\":\"https:\\\/\\\/schema.org\",\"@graph\":[{\"@type\":\"WebPage\",\"@id\":\"https:\\\/\\\/www.vallonchene.fr\\\/es\\\/producto\\\/salix-x-sepulcralis-erythroflexuosa\\\/\",\"url\":\"https:\\\/\\\/www.vallonchene.fr\\\/es\\\/producto\\\/salix-x-sepulcralis-erythroflexuosa\\\/\",\"name\":\"SALIX x sepulcralis 'Erythroflexuosa' - saule tortueux \u00e0 bois orange\",\"isPartOf\":{\"@id\":\"https:\\\/\\\/www.vallonchene.fr\\\/es\\\/#website\"},\"datePublished\":\"2021-08-31T11:35:33+00:00\",\"dateModified\":\"2024-09-26T14:45:33+00:00\",\"description\":\"Le saule tortueux \u00e0 bois orange est particuli\u00e8rement d\u00e9coratif en hiver. Le SALIX x sepulcralis 'Erythroflexuosa' a une croissance rapide.\",\"breadcrumb\":{\"@id\":\"https:\\\/\\\/www.vallonchene.fr\\\/es\\\/producto\\\/salix-x-sepulcralis-erythroflexuosa\\\/#breadcrumb\"},\"inLanguage\":\"es\",\"potentialAction\":[{\"@type\":\"ReadAction\",\"target\":[\"https:\\\/\\\/www.vallonchene.fr\\\/es\\\/producto\\\/salix-x-sepulcralis-erythroflexuosa\\\/\"]}]},{\"@type\":\"BreadcrumbList\",\"@id\":\"https:\\\/\\\/www.vallonchene.fr\\\/es\\\/producto\\\/salix-x-sepulcralis-erythroflexuosa\\\/#breadcrumb\",\"itemListElement\":[{\"@type\":\"ListItem\",\"position\":1,\"name\":\"Home\",\"item\":\"https:\\\/\\\/www.vallonchene.fr\\\/es\\\/\"},{\"@type\":\"ListItem\",\"position\":2,\"name\":\"Tienda\",\"item\":\"https:\\\/\\\/www.vallonchene.fr\\\/tienda\\\/\"},{\"@type\":\"ListItem\",\"position\":3,\"name\":\"Venta en linea\",\"item\":\"https:\\\/\\\/www.vallonchene.fr\\\/es\\\/categoria-producto\\\/venta-en-linea\\\/\"},{\"@type\":\"ListItem\",\"position\":4,\"name\":\"Vivero\",\"item\":\"https:\\\/\\\/www.vallonchene.fr\\\/es\\\/categoria-producto\\\/venta-en-linea\\\/vivero\\\/\"},{\"@type\":\"ListItem\",\"position\":5,\"name\":\"Arbustos y \u00e1rboles\",\"item\":\"https:\\\/\\\/www.vallonchene.fr\\\/es\\\/categoria-producto\\\/venta-en-linea\\\/vivero\\\/arbustos-y-arboles\\\/\"},{\"@type\":\"ListItem\",\"position\":6,\"name\":\"SALIX x sepulcralis &#8216;Erythroflexuosa&#8217;\"}]},{\"@type\":\"WebSite\",\"@id\":\"https:\\\/\\\/www.vallonchene.fr\\\/es\\\/#website\",\"url\":\"https:\\\/\\\/www.vallonchene.fr\\\/es\\\/\",\"name\":\"Vallonch\u00eane\",\"description\":\"El vivero donde la calidad tiene sus ra\u00edces \u2013 Tel.: +33 (0)2.35.90.02.02\",\"publisher\":{\"@id\":\"https:\\\/\\\/www.vallonchene.fr\\\/es\\\/#organization\"},\"potentialAction\":[{\"@type\":\"SearchAction\",\"target\":{\"@type\":\"EntryPoint\",\"urlTemplate\":\"https:\\\/\\\/www.vallonchene.fr\\\/es\\\/?s={search_term_string}\"},\"query-input\":{\"@type\":\"PropertyValueSpecification\",\"valueRequired\":true,\"valueName\":\"search_term_string\"}}],\"inLanguage\":\"es\"},{\"@type\":\"Organization\",\"@id\":\"https:\\\/\\\/www.vallonchene.fr\\\/es\\\/#organization\",\"name\":\"VALLONCHENE\",\"url\":\"https:\\\/\\\/www.vallonchene.fr\\\/es\\\/\",\"logo\":{\"@type\":\"ImageObject\",\"inLanguage\":\"es\",\"@id\":\"https:\\\/\\\/www.vallonchene.fr\\\/es\\\/#\\\/schema\\\/logo\\\/image\\\/\",\"url\":\"https:\\\/\\\/www.vallonchene.fr\\\/wp-content\\\/uploads\\\/2023\\\/03\\\/Logo-Vallonchene-site-et-R_hauteur_100.png\",\"contentUrl\":\"https:\\\/\\\/www.vallonchene.fr\\\/wp-content\\\/uploads\\\/2023\\\/03\\\/Logo-Vallonchene-site-et-R_hauteur_100.png\",\"width\":221,\"height\":100,\"caption\":\"VALLONCHENE\"},\"image\":{\"@id\":\"https:\\\/\\\/www.vallonchene.fr\\\/es\\\/#\\\/schema\\\/logo\\\/image\\\/\"},\"sameAs\":[\"https:\\\/\\\/www.facebook.com\\\/vallonchene.fr\",\"https:\\\/\\\/www.instagram.com\\\/vallonchene\\\/\",\"https:\\\/\\\/www.pinterest.fr\\\/vallonchene\\\/\"],\"taxID\":\"49454502300017\",\"hasMerchantReturnPolicy\":{\"@type\":\"MerchantReturnPolicy\",\"merchantReturnLink\":\"https:\\\/\\\/www.vallonchene.fr\\\/remboursements_retours\\\/\"}}]}<\/script>\n<meta property=\"og:availability\" content=\"out of stock\" \/>\n<meta property=\"product:availability\" content=\"out of stock\" \/>\n<meta property=\"product:retailer_item_id\" content=\"28839\" \/>\n<meta property=\"product:condition\" content=\"new\" \/>\n<!-- \/ Yoast SEO Premium plugin. -->","yoast_head_json":{"title":"SALIX x sepulcralis 'Erythroflexuosa' - saule tortueux \u00e0 bois orange","description":"Le saule tortueux \u00e0 bois orange est particuli\u00e8rement d\u00e9coratif en hiver. Le SALIX x sepulcralis 'Erythroflexuosa' a une croissance rapide.","robots":{"index":"index","follow":"follow","max-snippet":"max-snippet:-1","max-image-preview":"max-image-preview:large","max-video-preview":"max-video-preview:-1"},"canonical":"https:\/\/www.vallonchene.fr\/es\/producto\/salix-x-sepulcralis-erythroflexuosa\/","og_locale":"es_ES","og_type":"article","og_title":"SALIX x sepulcralis 'Erythroflexuosa'","og_description":"Le saule tortueux \u00e0 bois orange est particuli\u00e8rement d\u00e9coratif en hiver. Le SALIX x sepulcralis 'Erythroflexuosa' a une croissance rapide.","og_url":"https:\/\/www.vallonchene.fr\/es\/producto\/salix-x-sepulcralis-erythroflexuosa\/","og_site_name":"Vallonch\u00eane","article_publisher":"https:\/\/www.facebook.com\/vallonchene.fr","article_modified_time":"2024-09-26T14:45:33+00:00","twitter_card":"summary_large_image","twitter_misc":{"Disponibilidad":"Agotado"},"schema":{"@context":"https:\/\/schema.org","@graph":[{"@type":"WebPage","@id":"https:\/\/www.vallonchene.fr\/es\/producto\/salix-x-sepulcralis-erythroflexuosa\/","url":"https:\/\/www.vallonchene.fr\/es\/producto\/salix-x-sepulcralis-erythroflexuosa\/","name":"SALIX x sepulcralis 'Erythroflexuosa' - saule tortueux \u00e0 bois orange","isPartOf":{"@id":"https:\/\/www.vallonchene.fr\/es\/#website"},"datePublished":"2021-08-31T11:35:33+00:00","dateModified":"2024-09-26T14:45:33+00:00","description":"Le saule tortueux \u00e0 bois orange est particuli\u00e8rement d\u00e9coratif en hiver. Le SALIX x sepulcralis 'Erythroflexuosa' a une croissance rapide.","breadcrumb":{"@id":"https:\/\/www.vallonchene.fr\/es\/producto\/salix-x-sepulcralis-erythroflexuosa\/#breadcrumb"},"inLanguage":"es","potentialAction":[{"@type":"ReadAction","target":["https:\/\/www.vallonchene.fr\/es\/producto\/salix-x-sepulcralis-erythroflexuosa\/"]}]},{"@type":"BreadcrumbList","@id":"https:\/\/www.vallonchene.fr\/es\/producto\/salix-x-sepulcralis-erythroflexuosa\/#breadcrumb","itemListElement":[{"@type":"ListItem","position":1,"name":"Home","item":"https:\/\/www.vallonchene.fr\/es\/"},{"@type":"ListItem","position":2,"name":"Tienda","item":"https:\/\/www.vallonchene.fr\/tienda\/"},{"@type":"ListItem","position":3,"name":"Venta en linea","item":"https:\/\/www.vallonchene.fr\/es\/categoria-producto\/venta-en-linea\/"},{"@type":"ListItem","position":4,"name":"Vivero","item":"https:\/\/www.vallonchene.fr\/es\/categoria-producto\/venta-en-linea\/vivero\/"},{"@type":"ListItem","position":5,"name":"Arbustos y \u00e1rboles","item":"https:\/\/www.vallonchene.fr\/es\/categoria-producto\/venta-en-linea\/vivero\/arbustos-y-arboles\/"},{"@type":"ListItem","position":6,"name":"SALIX x sepulcralis &#8216;Erythroflexuosa&#8217;"}]},{"@type":"WebSite","@id":"https:\/\/www.vallonchene.fr\/es\/#website","url":"https:\/\/www.vallonchene.fr\/es\/","name":"Vallonch\u00eane","description":"El vivero donde la calidad tiene sus ra\u00edces \u2013 Tel.: +33 (0)2.35.90.02.02","publisher":{"@id":"https:\/\/www.vallonchene.fr\/es\/#organization"},"potentialAction":[{"@type":"SearchAction","target":{"@type":"EntryPoint","urlTemplate":"https:\/\/www.vallonchene.fr\/es\/?s={search_term_string}"},"query-input":{"@type":"PropertyValueSpecification","valueRequired":true,"valueName":"search_term_string"}}],"inLanguage":"es"},{"@type":"Organization","@id":"https:\/\/www.vallonchene.fr\/es\/#organization","name":"VALLONCHENE","url":"https:\/\/www.vallonchene.fr\/es\/","logo":{"@type":"ImageObject","inLanguage":"es","@id":"https:\/\/www.vallonchene.fr\/es\/#\/schema\/logo\/image\/","url":"https:\/\/www.vallonchene.fr\/wp-content\/uploads\/2023\/03\/Logo-Vallonchene-site-et-R_hauteur_100.png","contentUrl":"https:\/\/www.vallonchene.fr\/wp-content\/uploads\/2023\/03\/Logo-Vallonchene-site-et-R_hauteur_100.png","width":221,"height":100,"caption":"VALLONCHENE"},"image":{"@id":"https:\/\/www.vallonchene.fr\/es\/#\/schema\/logo\/image\/"},"sameAs":["https:\/\/www.facebook.com\/vallonchene.fr","https:\/\/www.instagram.com\/vallonchene\/","https:\/\/www.pinterest.fr\/vallonchene\/"],"taxID":"49454502300017","hasMerchantReturnPolicy":{"@type":"MerchantReturnPolicy","merchantReturnLink":"https:\/\/www.vallonchene.fr\/remboursements_retours\/"}}]},"og_availability":"out of stock","product_availability":"out of stock","product_retailer_item_id":"28839","product_condition":"new"},"_links":{"self":[{"href":"https:\/\/www.vallonchene.fr\/es\/wp-json\/wp\/v2\/product\/21144","targetHints":{"allow":["GET"]}}],"collection":[{"href":"https:\/\/www.vallonchene.fr\/es\/wp-json\/wp\/v2\/product"}],"about":[{"href":"https:\/\/www.vallonchene.fr\/es\/wp-json\/wp\/v2\/types\/product"}],"replies":[{"embeddable":true,"href":"https:\/\/www.vallonchene.fr\/es\/wp-json\/wp\/v2\/comments?post=21144"}],"wp:attachment":[{"href":"https:\/\/www.vallonchene.fr\/es\/wp-json\/wp\/v2\/media?parent=21144"}],"wp:term":[{"taxonomy":"product_brand","embeddable":true,"href":"https:\/\/www.vallonchene.fr\/es\/wp-json\/wp\/v2\/product_brand?post=21144"},{"taxonomy":"product_cat","embeddable":true,"href":"https:\/\/www.vallonchene.fr\/es\/wp-json\/wp\/v2\/product_cat?post=21144"},{"taxonomy":"product_tag","embeddable":true,"href":"https:\/\/www.vallonchene.fr\/es\/wp-json\/wp\/v2\/product_tag?post=21144"}],"curies":[{"name":"wp","href":"https:\/\/api.w.org\/{rel}","templated":true}]}}