{"id":20143,"date":"2021-08-31T10:55:33","date_gmt":"2021-08-31T10:55:33","guid":{"rendered":"https:\/\/testing.vallonchene.fr\/produit\/cupressocyparis-leylandii\/"},"modified":"2024-09-27T08:29:14","modified_gmt":"2024-09-27T08:29:14","slug":"cupressocyparis-leylandii","status":"publish","type":"product","link":"https:\/\/www.vallonchene.fr\/es\/producto\/cupressocyparis-leylandii\/","title":{"rendered":"CUPRESSOCYPARIS leylandii"},"content":{"rendered":"","protected":false},"excerpt":{"rendered":"<p>Le <b>cypr\u00e8s de Leyland<\/b> peut \u00eatre utilis\u00e9 en haie taill\u00e9e, mais aussi en brise vent (grande haie) ou en forme libre. Le feuillage du <b>CUPRESSOCYPARIS leylandii<\/b> est persistant et vert. Ce conif\u00e8re pousse tr\u00e8s rapidement.<\/p>\n","protected":false},"featured_media":0,"comment_status":"open","ping_status":"closed","template":"","meta":[],"product_brand":[],"product_cat":[11502],"product_tag":[1492,7975],"class_list":{"0":"post-20143","1":"product","2":"type-product","3":"status-publish","5":"product_cat-coniferas","6":"product_tag-cupressocyparis-leylandii","7":"product_tag-cypres-de-leyland","8":"pa_99-hauteurapproximativeapres1-3-a-5-m","9":"pa_couleurdufeuillage-verde","10":"pa_exigencesenhumidite-moderadamente-humedo-a-humedo","11":"pa_exigencesenhumidite-promedio","12":"pa_exigencesenhumidite-seco","13":"pa_expositionspossibles-sombra-parcial-evitar-el-sol-de-12-a-17-horas","14":"pa_expositionspossibles-sombra-sin-sol-directo","15":"pa_expositionspossibles-pleno-sol-de-12-a-17-min","16":"pa_interetauprintemps-follaje","17":"pa_interetauprintemps-habitus","18":"pa_interetenautomne-follaje","19":"pa_interetenautomne-habitus","20":"pa_interetenete-follaje","21":"pa_interetenete-habitus","22":"pa_interetenhiver-follaje","23":"pa_interetenhiver-habitus","24":"pa_naturedufeuillage-siempreverde","25":"pa_naturesdesolpossibles-ligero","26":"pa_naturesdesolpossibles-pesado","27":"pa_naturesdesolpossibles-normal-es","28":"pa_particularites-habitus","29":"pa_periodedetaille-junio","30":"pa_periodedetaille-septiembre","31":"pa_phdusolacceptable-acido-menos-de-6_5","32":"pa_phdusolacceptable-calcareo-mas-de-7_5","33":"pa_phdusolacceptable-neutro-entre-6_5-y-7_5","34":"pa_portgraphisme-fastigiado","35":"pa_resistanceaufroidrusticite-resistente-por-debajo-de-menos-20-c","36":"pa_utilisationpossible-contenedor-o-olla","37":"pa_utilisationpossible-cerca-viva","38":"pa_utilisationpossible-aislado","39":"pa_utilisationpossible-arriate","41":"first","42":"outofstock","43":"taxable","44":"shipping-taxable","45":"purchasable","46":"product-type-simple"},"supplier_id":null,"supplier_sku":"","barcode":null,"atum_controlled":true,"out_stock_date":"2024-09-27 08:29:14","out_stock_threshold":null,"inheritable":false,"inbound_stock":null,"stock_on_hold":null,"sold_today":null,"sales_last_days":null,"reserved_stock":null,"customer_returns":null,"warehouse_damage":null,"lost_in_post":null,"other_logs":null,"out_stock_days":null,"lost_sales":null,"has_location":null,"update_date":"2024-09-27T06:29:40","atum_locations":[],"atum_stock_status":"outofstock","restock_status":false,"low_stock_amount":"","sales_update_date":null,"calc_backorders":null,"yoast_head":"<!-- This site is optimized with the Yoast SEO Premium plugin v27.3 (Yoast SEO v27.3) - https:\/\/yoast.com\/product\/yoast-seo-premium-wordpress\/ -->\n<title>CUPRESSOCYPARIS leylandii - cypr\u00e8s de Leyland<\/title>\n<meta name=\"description\" content=\"Le cypr\u00e8s de Leyland peut \u00eatre utilis\u00e9 en haie taill\u00e9e, mais aussi en brise vent (grande haie) ou en forme libre. Le feuillage du CUPRESSOCYPARIS leylandii est persistant et vert. Ce conif\u00e8re pousse tr\u00e8s rapidement.\" \/>\n<meta name=\"robots\" content=\"index, follow, max-snippet:-1, max-image-preview:large, max-video-preview:-1\" \/>\n<link rel=\"canonical\" href=\"https:\/\/www.vallonchene.fr\/es\/producto\/cupressocyparis-leylandii\/\" \/>\n<meta property=\"og:locale\" content=\"es_ES\" \/>\n<meta property=\"og:type\" content=\"article\" \/>\n<meta property=\"og:title\" content=\"CUPRESSOCYPARIS leylandii\" \/>\n<meta property=\"og:description\" content=\"Le cypr\u00e8s de Leyland peut \u00eatre utilis\u00e9 en haie taill\u00e9e, mais aussi en brise vent (grande haie) ou en forme libre. Le feuillage du CUPRESSOCYPARIS leylandii est persistant et vert. Ce conif\u00e8re pousse tr\u00e8s rapidement.\" \/>\n<meta property=\"og:url\" content=\"https:\/\/www.vallonchene.fr\/es\/producto\/cupressocyparis-leylandii\/\" \/>\n<meta property=\"og:site_name\" content=\"Vallonch\u00eane\" \/>\n<meta property=\"article:publisher\" content=\"https:\/\/www.facebook.com\/vallonchene.fr\" \/>\n<meta property=\"article:modified_time\" content=\"2024-09-27T08:29:14+00:00\" \/>\n<meta name=\"twitter:card\" content=\"summary_large_image\" \/>\n<meta name=\"twitter:label1\" content=\"Precio\" \/>\n\t<meta name=\"twitter:data1\" content=\"0,00&nbsp;&euro;\" \/>\n\t<meta name=\"twitter:label2\" content=\"Disponibilidad\" \/>\n\t<meta name=\"twitter:data2\" content=\"Agotado\" \/>\n<script type=\"application\/ld+json\" class=\"yoast-schema-graph\">{\"@context\":\"https:\\\/\\\/schema.org\",\"@graph\":[{\"@type\":\"WebPage\",\"@id\":\"https:\\\/\\\/www.vallonchene.fr\\\/es\\\/producto\\\/cupressocyparis-leylandii\\\/\",\"url\":\"https:\\\/\\\/www.vallonchene.fr\\\/es\\\/producto\\\/cupressocyparis-leylandii\\\/\",\"name\":\"CUPRESSOCYPARIS leylandii - cypr\u00e8s de Leyland\",\"isPartOf\":{\"@id\":\"https:\\\/\\\/www.vallonchene.fr\\\/es\\\/#website\"},\"datePublished\":\"2021-08-31T10:55:33+00:00\",\"dateModified\":\"2024-09-27T08:29:14+00:00\",\"description\":\"Le cypr\u00e8s de Leyland peut \u00eatre utilis\u00e9 en haie taill\u00e9e, mais aussi en brise vent (grande haie) ou en forme libre. Le feuillage du CUPRESSOCYPARIS leylandii est persistant et vert. Ce conif\u00e8re pousse tr\u00e8s rapidement.\",\"breadcrumb\":{\"@id\":\"https:\\\/\\\/www.vallonchene.fr\\\/es\\\/producto\\\/cupressocyparis-leylandii\\\/#breadcrumb\"},\"inLanguage\":\"es\",\"potentialAction\":[{\"@type\":\"ReadAction\",\"target\":[\"https:\\\/\\\/www.vallonchene.fr\\\/es\\\/producto\\\/cupressocyparis-leylandii\\\/\"]}]},{\"@type\":\"BreadcrumbList\",\"@id\":\"https:\\\/\\\/www.vallonchene.fr\\\/es\\\/producto\\\/cupressocyparis-leylandii\\\/#breadcrumb\",\"itemListElement\":[{\"@type\":\"ListItem\",\"position\":1,\"name\":\"Home\",\"item\":\"https:\\\/\\\/www.vallonchene.fr\\\/es\\\/\"},{\"@type\":\"ListItem\",\"position\":2,\"name\":\"Tienda\",\"item\":\"https:\\\/\\\/www.vallonchene.fr\\\/tienda\\\/\"},{\"@type\":\"ListItem\",\"position\":3,\"name\":\"Venta en linea\",\"item\":\"https:\\\/\\\/www.vallonchene.fr\\\/es\\\/categoria-producto\\\/venta-en-linea\\\/\"},{\"@type\":\"ListItem\",\"position\":4,\"name\":\"Vivero\",\"item\":\"https:\\\/\\\/www.vallonchene.fr\\\/es\\\/categoria-producto\\\/venta-en-linea\\\/vivero\\\/\"},{\"@type\":\"ListItem\",\"position\":5,\"name\":\"Coniferas\",\"item\":\"https:\\\/\\\/www.vallonchene.fr\\\/es\\\/categoria-producto\\\/venta-en-linea\\\/vivero\\\/coniferas\\\/\"},{\"@type\":\"ListItem\",\"position\":6,\"name\":\"CUPRESSOCYPARIS leylandii\"}]},{\"@type\":\"WebSite\",\"@id\":\"https:\\\/\\\/www.vallonchene.fr\\\/es\\\/#website\",\"url\":\"https:\\\/\\\/www.vallonchene.fr\\\/es\\\/\",\"name\":\"Vallonch\u00eane\",\"description\":\"El vivero donde la calidad tiene sus ra\u00edces \u2013 Tel.: +33 (0)2.35.90.02.02\",\"publisher\":{\"@id\":\"https:\\\/\\\/www.vallonchene.fr\\\/es\\\/#organization\"},\"potentialAction\":[{\"@type\":\"SearchAction\",\"target\":{\"@type\":\"EntryPoint\",\"urlTemplate\":\"https:\\\/\\\/www.vallonchene.fr\\\/es\\\/?s={search_term_string}\"},\"query-input\":{\"@type\":\"PropertyValueSpecification\",\"valueRequired\":true,\"valueName\":\"search_term_string\"}}],\"inLanguage\":\"es\"},{\"@type\":\"Organization\",\"@id\":\"https:\\\/\\\/www.vallonchene.fr\\\/es\\\/#organization\",\"name\":\"VALLONCHENE\",\"url\":\"https:\\\/\\\/www.vallonchene.fr\\\/es\\\/\",\"logo\":{\"@type\":\"ImageObject\",\"inLanguage\":\"es\",\"@id\":\"https:\\\/\\\/www.vallonchene.fr\\\/es\\\/#\\\/schema\\\/logo\\\/image\\\/\",\"url\":\"https:\\\/\\\/www.vallonchene.fr\\\/wp-content\\\/uploads\\\/2023\\\/03\\\/Logo-Vallonchene-site-et-R_hauteur_100.png\",\"contentUrl\":\"https:\\\/\\\/www.vallonchene.fr\\\/wp-content\\\/uploads\\\/2023\\\/03\\\/Logo-Vallonchene-site-et-R_hauteur_100.png\",\"width\":221,\"height\":100,\"caption\":\"VALLONCHENE\"},\"image\":{\"@id\":\"https:\\\/\\\/www.vallonchene.fr\\\/es\\\/#\\\/schema\\\/logo\\\/image\\\/\"},\"sameAs\":[\"https:\\\/\\\/www.facebook.com\\\/vallonchene.fr\",\"https:\\\/\\\/www.instagram.com\\\/vallonchene\\\/\",\"https:\\\/\\\/www.pinterest.fr\\\/vallonchene\\\/\"],\"taxID\":\"49454502300017\",\"hasMerchantReturnPolicy\":{\"@type\":\"MerchantReturnPolicy\",\"merchantReturnLink\":\"https:\\\/\\\/www.vallonchene.fr\\\/remboursements_retours\\\/\"}}]}<\/script>\n<meta property=\"product:price:amount\" content=\"0.00\" \/>\n<meta property=\"product:price:currency\" content=\"EUR\" \/>\n<meta property=\"og:availability\" content=\"out of stock\" \/>\n<meta property=\"product:availability\" content=\"out of stock\" \/>\n<meta property=\"product:retailer_item_id\" content=\"88289\" \/>\n<meta property=\"product:condition\" content=\"new\" \/>\n<!-- \/ Yoast SEO Premium plugin. -->","yoast_head_json":{"title":"CUPRESSOCYPARIS leylandii - cypr\u00e8s de Leyland","description":"Le cypr\u00e8s de Leyland peut \u00eatre utilis\u00e9 en haie taill\u00e9e, mais aussi en brise vent (grande haie) ou en forme libre. Le feuillage du CUPRESSOCYPARIS leylandii est persistant et vert. Ce conif\u00e8re pousse tr\u00e8s rapidement.","robots":{"index":"index","follow":"follow","max-snippet":"max-snippet:-1","max-image-preview":"max-image-preview:large","max-video-preview":"max-video-preview:-1"},"canonical":"https:\/\/www.vallonchene.fr\/es\/producto\/cupressocyparis-leylandii\/","og_locale":"es_ES","og_type":"article","og_title":"CUPRESSOCYPARIS leylandii","og_description":"Le cypr\u00e8s de Leyland peut \u00eatre utilis\u00e9 en haie taill\u00e9e, mais aussi en brise vent (grande haie) ou en forme libre. Le feuillage du CUPRESSOCYPARIS leylandii est persistant et vert. Ce conif\u00e8re pousse tr\u00e8s rapidement.","og_url":"https:\/\/www.vallonchene.fr\/es\/producto\/cupressocyparis-leylandii\/","og_site_name":"Vallonch\u00eane","article_publisher":"https:\/\/www.facebook.com\/vallonchene.fr","article_modified_time":"2024-09-27T08:29:14+00:00","twitter_card":"summary_large_image","twitter_misc":{"Precio":"0,00&nbsp;&euro;","Disponibilidad":"Agotado"},"schema":{"@context":"https:\/\/schema.org","@graph":[{"@type":"WebPage","@id":"https:\/\/www.vallonchene.fr\/es\/producto\/cupressocyparis-leylandii\/","url":"https:\/\/www.vallonchene.fr\/es\/producto\/cupressocyparis-leylandii\/","name":"CUPRESSOCYPARIS leylandii - cypr\u00e8s de Leyland","isPartOf":{"@id":"https:\/\/www.vallonchene.fr\/es\/#website"},"datePublished":"2021-08-31T10:55:33+00:00","dateModified":"2024-09-27T08:29:14+00:00","description":"Le cypr\u00e8s de Leyland peut \u00eatre utilis\u00e9 en haie taill\u00e9e, mais aussi en brise vent (grande haie) ou en forme libre. Le feuillage du CUPRESSOCYPARIS leylandii est persistant et vert. Ce conif\u00e8re pousse tr\u00e8s rapidement.","breadcrumb":{"@id":"https:\/\/www.vallonchene.fr\/es\/producto\/cupressocyparis-leylandii\/#breadcrumb"},"inLanguage":"es","potentialAction":[{"@type":"ReadAction","target":["https:\/\/www.vallonchene.fr\/es\/producto\/cupressocyparis-leylandii\/"]}]},{"@type":"BreadcrumbList","@id":"https:\/\/www.vallonchene.fr\/es\/producto\/cupressocyparis-leylandii\/#breadcrumb","itemListElement":[{"@type":"ListItem","position":1,"name":"Home","item":"https:\/\/www.vallonchene.fr\/es\/"},{"@type":"ListItem","position":2,"name":"Tienda","item":"https:\/\/www.vallonchene.fr\/tienda\/"},{"@type":"ListItem","position":3,"name":"Venta en linea","item":"https:\/\/www.vallonchene.fr\/es\/categoria-producto\/venta-en-linea\/"},{"@type":"ListItem","position":4,"name":"Vivero","item":"https:\/\/www.vallonchene.fr\/es\/categoria-producto\/venta-en-linea\/vivero\/"},{"@type":"ListItem","position":5,"name":"Coniferas","item":"https:\/\/www.vallonchene.fr\/es\/categoria-producto\/venta-en-linea\/vivero\/coniferas\/"},{"@type":"ListItem","position":6,"name":"CUPRESSOCYPARIS leylandii"}]},{"@type":"WebSite","@id":"https:\/\/www.vallonchene.fr\/es\/#website","url":"https:\/\/www.vallonchene.fr\/es\/","name":"Vallonch\u00eane","description":"El vivero donde la calidad tiene sus ra\u00edces \u2013 Tel.: +33 (0)2.35.90.02.02","publisher":{"@id":"https:\/\/www.vallonchene.fr\/es\/#organization"},"potentialAction":[{"@type":"SearchAction","target":{"@type":"EntryPoint","urlTemplate":"https:\/\/www.vallonchene.fr\/es\/?s={search_term_string}"},"query-input":{"@type":"PropertyValueSpecification","valueRequired":true,"valueName":"search_term_string"}}],"inLanguage":"es"},{"@type":"Organization","@id":"https:\/\/www.vallonchene.fr\/es\/#organization","name":"VALLONCHENE","url":"https:\/\/www.vallonchene.fr\/es\/","logo":{"@type":"ImageObject","inLanguage":"es","@id":"https:\/\/www.vallonchene.fr\/es\/#\/schema\/logo\/image\/","url":"https:\/\/www.vallonchene.fr\/wp-content\/uploads\/2023\/03\/Logo-Vallonchene-site-et-R_hauteur_100.png","contentUrl":"https:\/\/www.vallonchene.fr\/wp-content\/uploads\/2023\/03\/Logo-Vallonchene-site-et-R_hauteur_100.png","width":221,"height":100,"caption":"VALLONCHENE"},"image":{"@id":"https:\/\/www.vallonchene.fr\/es\/#\/schema\/logo\/image\/"},"sameAs":["https:\/\/www.facebook.com\/vallonchene.fr","https:\/\/www.instagram.com\/vallonchene\/","https:\/\/www.pinterest.fr\/vallonchene\/"],"taxID":"49454502300017","hasMerchantReturnPolicy":{"@type":"MerchantReturnPolicy","merchantReturnLink":"https:\/\/www.vallonchene.fr\/remboursements_retours\/"}}]},"product_price_amount":"0.00","product_price_currency":"EUR","og_availability":"out of stock","product_availability":"out of stock","product_retailer_item_id":"88289","product_condition":"new"},"_links":{"self":[{"href":"https:\/\/www.vallonchene.fr\/es\/wp-json\/wp\/v2\/product\/20143","targetHints":{"allow":["GET"]}}],"collection":[{"href":"https:\/\/www.vallonchene.fr\/es\/wp-json\/wp\/v2\/product"}],"about":[{"href":"https:\/\/www.vallonchene.fr\/es\/wp-json\/wp\/v2\/types\/product"}],"replies":[{"embeddable":true,"href":"https:\/\/www.vallonchene.fr\/es\/wp-json\/wp\/v2\/comments?post=20143"}],"wp:attachment":[{"href":"https:\/\/www.vallonchene.fr\/es\/wp-json\/wp\/v2\/media?parent=20143"}],"wp:term":[{"taxonomy":"product_brand","embeddable":true,"href":"https:\/\/www.vallonchene.fr\/es\/wp-json\/wp\/v2\/product_brand?post=20143"},{"taxonomy":"product_cat","embeddable":true,"href":"https:\/\/www.vallonchene.fr\/es\/wp-json\/wp\/v2\/product_cat?post=20143"},{"taxonomy":"product_tag","embeddable":true,"href":"https:\/\/www.vallonchene.fr\/es\/wp-json\/wp\/v2\/product_tag?post=20143"}],"curies":[{"name":"wp","href":"https:\/\/api.w.org\/{rel}","templated":true}]}}