{"id":20104,"date":"2021-08-31T10:44:00","date_gmt":"2021-08-31T10:44:00","guid":{"rendered":"https:\/\/testing.vallonchene.fr\/produit\/acer-pseudoplatanus-prinz-handjery\/"},"modified":"2025-11-21T16:15:54","modified_gmt":"2025-11-21T15:15:54","slug":"acer-pseudoplatanus-prinz-handjery","status":"publish","type":"product","link":"https:\/\/www.vallonchene.fr\/es\/producto\/acer-pseudoplatanus-prinz-handjery\/","title":{"rendered":"ACER pseudoplatanus &#8216;Prinz Handjery&#8217;"},"content":{"rendered":"","protected":false},"excerpt":{"rendered":"<p>Cet <strong>\u00e9rable sycomore<\/strong> est remarquable pour ses pousses printani\u00e8res rose crevette puis blanches. Le feuillage de l&#8217;<strong>ACER pseudoplatanus &#8216;Prinz Handjery&#8217;<\/strong> devient ensuite vert. C&#8217;est un arbre \u00e0 croissance lente pour petits jardins.<\/p>\n","protected":false},"featured_media":20092,"comment_status":"open","ping_status":"closed","template":"","meta":[],"product_brand":[],"product_cat":[11499],"product_tag":[11855,12577,7953,7956,7955,12578,7951,7952,7954],"class_list":{"0":"post-20104","1":"product","2":"type-product","3":"status-publish","4":"has-post-thumbnail","6":"product_cat-arbustos-y-arboles","7":"product_tag-acer-es","8":"product_tag-acer-pseudoplatanus-es","9":"product_tag-acer-pseudoplatanus-prinz-handje","10":"product_tag-acer-pseudoplatanus-prinz-handjery","11":"product_tag-erable-blanc","12":"product_tag-arce-sicomoro","13":"product_tag-faux-platane","14":"product_tag-grand-erable","15":"product_tag-prinz-handjery","16":"pa_99-hauteurapproximativeapres1-2-a-3-m","17":"pa_couleurdufeuillage-blanca","18":"pa_couleurdufeuillage-rosa-es","19":"pa_couleurdufeuillage-verde","20":"pa_exigencesenhumidite-moderadamente-humedo-a-humedo","21":"pa_exigencesenhumidite-promedio","22":"pa_exigencesenhumidite-seco","23":"pa_expositionspossibles-sombra-parcial-evitar-el-sol-de-12-a-17-horas","24":"pa_expositionspossibles-pleno-sol-de-12-a-17-min","25":"pa_hauteurlivree-15-a-20-cm-es","26":"pa_interetauprintemps-follaje","27":"pa_interetauprintemps-habitus","28":"pa_interetauprintemps-brotes-jovenes","29":"pa_interetenautomne-follaje","30":"pa_interetenautomne-habitus","31":"pa_interetenete-follaje","32":"pa_interetenete-habitus","33":"pa_interetenhiver-habitus","34":"pa_naturedufeuillage-caduco","35":"pa_naturesdesolpossibles-ligero","36":"pa_naturesdesolpossibles-pesado","37":"pa_naturesdesolpossibles-normal-es","38":"pa_periodedetaille-marzo","39":"pa_phdusolacceptable-acido-menos-de-6_5","40":"pa_phdusolacceptable-calcareo-mas-de-7_5","41":"pa_phdusolacceptable-neutro-entre-6_5-y-7_5","42":"pa_portgraphisme-globoso","43":"pa_resistanceaufroidrusticite-resistente-por-debajo-de-menos-20-c","44":"pa_tailledepot-maceta-de-1-litro","45":"pa_utilisationpossible-contenedor-o-olla","46":"pa_utilisationpossible-aislado","47":"pa_utilisationpossible-arriate","49":"first","50":"outofstock","51":"taxable","52":"shipping-taxable","53":"purchasable","54":"product-type-variable"},"supplier_id":null,"supplier_sku":"","barcode":null,"atum_controlled":true,"out_stock_date":"2024-09-27 09:14:11","out_stock_threshold":null,"inheritable":true,"inbound_stock":0,"stock_on_hold":0,"sold_today":0,"sales_last_days":0,"reserved_stock":0,"customer_returns":0,"warehouse_damage":0,"lost_in_post":0,"other_logs":0,"out_stock_days":420,"lost_sales":0,"has_location":false,"update_date":"2025-11-21T15:15:56","atum_locations":[],"atum_stock_status":"outofstock","restock_status":false,"low_stock_amount":"","sales_update_date":"2025-05-03T13:04:57","calc_backorders":null,"yoast_head":"<!-- This site is optimized with the Yoast SEO Premium plugin v27.3 (Yoast SEO v27.3) - https:\/\/yoast.com\/product\/yoast-seo-premium-wordpress\/ -->\n<title>ACER pseudoplatanus &#039;Prinz Handjery&#039; - \u00e9rable sycomore<\/title>\n<meta name=\"description\" content=\"Cet \u00e9rable sycomore est remarquable pour ses pousses printani\u00e8res rose crevette puis blanches. Le feuillage de l&#039;ACER pseudoplatanus &#039;Prinz Handjery&#039; devient ensuite vert. C&#039;est un arbre \u00e0 croissance...\" \/>\n<meta name=\"robots\" content=\"index, follow, max-snippet:-1, max-image-preview:large, max-video-preview:-1\" \/>\n<link rel=\"canonical\" href=\"https:\/\/www.vallonchene.fr\/es\/producto\/acer-pseudoplatanus-prinz-handjery\/\" \/>\n<meta property=\"og:locale\" content=\"es_ES\" \/>\n<meta property=\"og:type\" content=\"article\" \/>\n<meta property=\"og:title\" content=\"ACER pseudoplatanus &#039;Prinz Handjery&#039;\" \/>\n<meta property=\"og:description\" content=\"Cet \u00e9rable sycomore est remarquable pour ses pousses printani\u00e8res rose crevette puis blanches. Le feuillage de l&#039;ACER pseudoplatanus &#039;Prinz Handjery&#039; devient ensuite vert. C&#039;est un arbre \u00e0 croissance...\" \/>\n<meta property=\"og:url\" content=\"https:\/\/www.vallonchene.fr\/es\/producto\/acer-pseudoplatanus-prinz-handjery\/\" \/>\n<meta property=\"og:site_name\" content=\"Vallonch\u00eane\" \/>\n<meta property=\"article:publisher\" content=\"https:\/\/www.facebook.com\/vallonchene.fr\" \/>\n<meta property=\"article:modified_time\" content=\"2025-11-21T15:15:54+00:00\" \/>\n<meta property=\"og:image\" content=\"https:\/\/www.vallonchene.fr\/wp-content\/uploads\/2021\/08\/475-5eb-ACER-pseudoplatanus-Prinz-Handjery-en-Mai.jpg\" \/>\n\t<meta property=\"og:image:width\" content=\"1600\" \/>\n\t<meta property=\"og:image:height\" content=\"1600\" \/>\n\t<meta property=\"og:image:type\" content=\"image\/jpeg\" \/>\n<meta name=\"twitter:card\" content=\"summary_large_image\" \/>\n<meta name=\"twitter:label1\" content=\"Disponibilidad\" \/>\n\t<meta name=\"twitter:data1\" content=\"Agotado\" \/>\n<script type=\"application\/ld+json\" class=\"yoast-schema-graph\">{\"@context\":\"https:\\\/\\\/schema.org\",\"@graph\":[{\"@type\":\"WebPage\",\"@id\":\"https:\\\/\\\/www.vallonchene.fr\\\/es\\\/producto\\\/acer-pseudoplatanus-prinz-handjery\\\/\",\"url\":\"https:\\\/\\\/www.vallonchene.fr\\\/es\\\/producto\\\/acer-pseudoplatanus-prinz-handjery\\\/\",\"name\":\"ACER pseudoplatanus 'Prinz Handjery' - \u00e9rable sycomore\",\"isPartOf\":{\"@id\":\"https:\\\/\\\/www.vallonchene.fr\\\/es\\\/#website\"},\"primaryImageOfPage\":{\"@id\":\"https:\\\/\\\/www.vallonchene.fr\\\/es\\\/producto\\\/acer-pseudoplatanus-prinz-handjery\\\/#primaryimage\"},\"image\":{\"@id\":\"https:\\\/\\\/www.vallonchene.fr\\\/es\\\/producto\\\/acer-pseudoplatanus-prinz-handjery\\\/#primaryimage\"},\"thumbnailUrl\":\"https:\\\/\\\/www.vallonchene.fr\\\/wp-content\\\/uploads\\\/2021\\\/08\\\/475-5eb-ACER-pseudoplatanus-Prinz-Handjery-en-Mai.jpg\",\"datePublished\":\"2021-08-31T10:44:00+00:00\",\"dateModified\":\"2025-11-21T15:15:54+00:00\",\"description\":\"Cet \u00e9rable sycomore est remarquable pour ses pousses printani\u00e8res rose crevette puis blanches. Le feuillage de l'ACER pseudoplatanus 'Prinz Handjery' devient ensuite vert. C'est un arbre \u00e0 croissance...\",\"breadcrumb\":{\"@id\":\"https:\\\/\\\/www.vallonchene.fr\\\/es\\\/producto\\\/acer-pseudoplatanus-prinz-handjery\\\/#breadcrumb\"},\"inLanguage\":\"es\",\"potentialAction\":[{\"@type\":\"ReadAction\",\"target\":[\"https:\\\/\\\/www.vallonchene.fr\\\/es\\\/producto\\\/acer-pseudoplatanus-prinz-handjery\\\/\"]}]},{\"@type\":\"ImageObject\",\"inLanguage\":\"es\",\"@id\":\"https:\\\/\\\/www.vallonchene.fr\\\/es\\\/producto\\\/acer-pseudoplatanus-prinz-handjery\\\/#primaryimage\",\"url\":\"https:\\\/\\\/www.vallonchene.fr\\\/wp-content\\\/uploads\\\/2021\\\/08\\\/475-5eb-ACER-pseudoplatanus-Prinz-Handjery-en-Mai.jpg\",\"contentUrl\":\"https:\\\/\\\/www.vallonchene.fr\\\/wp-content\\\/uploads\\\/2021\\\/08\\\/475-5eb-ACER-pseudoplatanus-Prinz-Handjery-en-Mai.jpg\",\"width\":1600,\"height\":1600,\"caption\":\"ACER pseudoplatanus 'Prinz Handjery' en Mai\"},{\"@type\":\"BreadcrumbList\",\"@id\":\"https:\\\/\\\/www.vallonchene.fr\\\/es\\\/producto\\\/acer-pseudoplatanus-prinz-handjery\\\/#breadcrumb\",\"itemListElement\":[{\"@type\":\"ListItem\",\"position\":1,\"name\":\"Home\",\"item\":\"https:\\\/\\\/www.vallonchene.fr\\\/es\\\/\"},{\"@type\":\"ListItem\",\"position\":2,\"name\":\"Tienda\",\"item\":\"https:\\\/\\\/www.vallonchene.fr\\\/tienda\\\/\"},{\"@type\":\"ListItem\",\"position\":3,\"name\":\"Venta en linea\",\"item\":\"https:\\\/\\\/www.vallonchene.fr\\\/es\\\/categoria-producto\\\/venta-en-linea\\\/\"},{\"@type\":\"ListItem\",\"position\":4,\"name\":\"Vivero\",\"item\":\"https:\\\/\\\/www.vallonchene.fr\\\/es\\\/categoria-producto\\\/venta-en-linea\\\/vivero\\\/\"},{\"@type\":\"ListItem\",\"position\":5,\"name\":\"Arbustos y \u00e1rboles\",\"item\":\"https:\\\/\\\/www.vallonchene.fr\\\/es\\\/categoria-producto\\\/venta-en-linea\\\/vivero\\\/arbustos-y-arboles\\\/\"},{\"@type\":\"ListItem\",\"position\":6,\"name\":\"ACER pseudoplatanus &lsquo;Prinz Handjery&rsquo;\"}]},{\"@type\":\"WebSite\",\"@id\":\"https:\\\/\\\/www.vallonchene.fr\\\/es\\\/#website\",\"url\":\"https:\\\/\\\/www.vallonchene.fr\\\/es\\\/\",\"name\":\"Vallonch\u00eane\",\"description\":\"El vivero donde la calidad tiene sus ra\u00edces \u2013 Tel.: +33 (0)2.35.90.02.02\",\"publisher\":{\"@id\":\"https:\\\/\\\/www.vallonchene.fr\\\/es\\\/#organization\"},\"potentialAction\":[{\"@type\":\"SearchAction\",\"target\":{\"@type\":\"EntryPoint\",\"urlTemplate\":\"https:\\\/\\\/www.vallonchene.fr\\\/es\\\/?s={search_term_string}\"},\"query-input\":{\"@type\":\"PropertyValueSpecification\",\"valueRequired\":true,\"valueName\":\"search_term_string\"}}],\"inLanguage\":\"es\"},{\"@type\":\"Organization\",\"@id\":\"https:\\\/\\\/www.vallonchene.fr\\\/es\\\/#organization\",\"name\":\"VALLONCHENE\",\"url\":\"https:\\\/\\\/www.vallonchene.fr\\\/es\\\/\",\"logo\":{\"@type\":\"ImageObject\",\"inLanguage\":\"es\",\"@id\":\"https:\\\/\\\/www.vallonchene.fr\\\/es\\\/#\\\/schema\\\/logo\\\/image\\\/\",\"url\":\"https:\\\/\\\/www.vallonchene.fr\\\/wp-content\\\/uploads\\\/2023\\\/03\\\/Logo-Vallonchene-site-et-R_hauteur_100.png\",\"contentUrl\":\"https:\\\/\\\/www.vallonchene.fr\\\/wp-content\\\/uploads\\\/2023\\\/03\\\/Logo-Vallonchene-site-et-R_hauteur_100.png\",\"width\":221,\"height\":100,\"caption\":\"VALLONCHENE\"},\"image\":{\"@id\":\"https:\\\/\\\/www.vallonchene.fr\\\/es\\\/#\\\/schema\\\/logo\\\/image\\\/\"},\"sameAs\":[\"https:\\\/\\\/www.facebook.com\\\/vallonchene.fr\",\"https:\\\/\\\/www.instagram.com\\\/vallonchene\\\/\",\"https:\\\/\\\/www.pinterest.fr\\\/vallonchene\\\/\"],\"taxID\":\"49454502300017\",\"hasMerchantReturnPolicy\":{\"@type\":\"MerchantReturnPolicy\",\"merchantReturnLink\":\"https:\\\/\\\/www.vallonchene.fr\\\/remboursements_retours\\\/\"}}]}<\/script>\n<meta property=\"og:availability\" content=\"out of stock\" \/>\n<meta property=\"product:availability\" content=\"out of stock\" \/>\n<meta property=\"product:retailer_item_id\" content=\"35572\" \/>\n<meta property=\"product:condition\" content=\"new\" \/>\n<!-- \/ Yoast SEO Premium plugin. -->","yoast_head_json":{"title":"ACER pseudoplatanus 'Prinz Handjery' - \u00e9rable sycomore","description":"Cet \u00e9rable sycomore est remarquable pour ses pousses printani\u00e8res rose crevette puis blanches. Le feuillage de l'ACER pseudoplatanus 'Prinz Handjery' devient ensuite vert. C'est un arbre \u00e0 croissance...","robots":{"index":"index","follow":"follow","max-snippet":"max-snippet:-1","max-image-preview":"max-image-preview:large","max-video-preview":"max-video-preview:-1"},"canonical":"https:\/\/www.vallonchene.fr\/es\/producto\/acer-pseudoplatanus-prinz-handjery\/","og_locale":"es_ES","og_type":"article","og_title":"ACER pseudoplatanus 'Prinz Handjery'","og_description":"Cet \u00e9rable sycomore est remarquable pour ses pousses printani\u00e8res rose crevette puis blanches. Le feuillage de l'ACER pseudoplatanus 'Prinz Handjery' devient ensuite vert. C'est un arbre \u00e0 croissance...","og_url":"https:\/\/www.vallonchene.fr\/es\/producto\/acer-pseudoplatanus-prinz-handjery\/","og_site_name":"Vallonch\u00eane","article_publisher":"https:\/\/www.facebook.com\/vallonchene.fr","article_modified_time":"2025-11-21T15:15:54+00:00","og_image":[{"width":1600,"height":1600,"url":"https:\/\/www.vallonchene.fr\/wp-content\/uploads\/2021\/08\/475-5eb-ACER-pseudoplatanus-Prinz-Handjery-en-Mai.jpg","type":"image\/jpeg"}],"twitter_card":"summary_large_image","twitter_misc":{"Disponibilidad":"Agotado"},"schema":{"@context":"https:\/\/schema.org","@graph":[{"@type":"WebPage","@id":"https:\/\/www.vallonchene.fr\/es\/producto\/acer-pseudoplatanus-prinz-handjery\/","url":"https:\/\/www.vallonchene.fr\/es\/producto\/acer-pseudoplatanus-prinz-handjery\/","name":"ACER pseudoplatanus 'Prinz Handjery' - \u00e9rable sycomore","isPartOf":{"@id":"https:\/\/www.vallonchene.fr\/es\/#website"},"primaryImageOfPage":{"@id":"https:\/\/www.vallonchene.fr\/es\/producto\/acer-pseudoplatanus-prinz-handjery\/#primaryimage"},"image":{"@id":"https:\/\/www.vallonchene.fr\/es\/producto\/acer-pseudoplatanus-prinz-handjery\/#primaryimage"},"thumbnailUrl":"https:\/\/www.vallonchene.fr\/wp-content\/uploads\/2021\/08\/475-5eb-ACER-pseudoplatanus-Prinz-Handjery-en-Mai.jpg","datePublished":"2021-08-31T10:44:00+00:00","dateModified":"2025-11-21T15:15:54+00:00","description":"Cet \u00e9rable sycomore est remarquable pour ses pousses printani\u00e8res rose crevette puis blanches. Le feuillage de l'ACER pseudoplatanus 'Prinz Handjery' devient ensuite vert. C'est un arbre \u00e0 croissance...","breadcrumb":{"@id":"https:\/\/www.vallonchene.fr\/es\/producto\/acer-pseudoplatanus-prinz-handjery\/#breadcrumb"},"inLanguage":"es","potentialAction":[{"@type":"ReadAction","target":["https:\/\/www.vallonchene.fr\/es\/producto\/acer-pseudoplatanus-prinz-handjery\/"]}]},{"@type":"ImageObject","inLanguage":"es","@id":"https:\/\/www.vallonchene.fr\/es\/producto\/acer-pseudoplatanus-prinz-handjery\/#primaryimage","url":"https:\/\/www.vallonchene.fr\/wp-content\/uploads\/2021\/08\/475-5eb-ACER-pseudoplatanus-Prinz-Handjery-en-Mai.jpg","contentUrl":"https:\/\/www.vallonchene.fr\/wp-content\/uploads\/2021\/08\/475-5eb-ACER-pseudoplatanus-Prinz-Handjery-en-Mai.jpg","width":1600,"height":1600,"caption":"ACER pseudoplatanus 'Prinz Handjery' en Mai"},{"@type":"BreadcrumbList","@id":"https:\/\/www.vallonchene.fr\/es\/producto\/acer-pseudoplatanus-prinz-handjery\/#breadcrumb","itemListElement":[{"@type":"ListItem","position":1,"name":"Home","item":"https:\/\/www.vallonchene.fr\/es\/"},{"@type":"ListItem","position":2,"name":"Tienda","item":"https:\/\/www.vallonchene.fr\/tienda\/"},{"@type":"ListItem","position":3,"name":"Venta en linea","item":"https:\/\/www.vallonchene.fr\/es\/categoria-producto\/venta-en-linea\/"},{"@type":"ListItem","position":4,"name":"Vivero","item":"https:\/\/www.vallonchene.fr\/es\/categoria-producto\/venta-en-linea\/vivero\/"},{"@type":"ListItem","position":5,"name":"Arbustos y \u00e1rboles","item":"https:\/\/www.vallonchene.fr\/es\/categoria-producto\/venta-en-linea\/vivero\/arbustos-y-arboles\/"},{"@type":"ListItem","position":6,"name":"ACER pseudoplatanus &lsquo;Prinz Handjery&rsquo;"}]},{"@type":"WebSite","@id":"https:\/\/www.vallonchene.fr\/es\/#website","url":"https:\/\/www.vallonchene.fr\/es\/","name":"Vallonch\u00eane","description":"El vivero donde la calidad tiene sus ra\u00edces \u2013 Tel.: +33 (0)2.35.90.02.02","publisher":{"@id":"https:\/\/www.vallonchene.fr\/es\/#organization"},"potentialAction":[{"@type":"SearchAction","target":{"@type":"EntryPoint","urlTemplate":"https:\/\/www.vallonchene.fr\/es\/?s={search_term_string}"},"query-input":{"@type":"PropertyValueSpecification","valueRequired":true,"valueName":"search_term_string"}}],"inLanguage":"es"},{"@type":"Organization","@id":"https:\/\/www.vallonchene.fr\/es\/#organization","name":"VALLONCHENE","url":"https:\/\/www.vallonchene.fr\/es\/","logo":{"@type":"ImageObject","inLanguage":"es","@id":"https:\/\/www.vallonchene.fr\/es\/#\/schema\/logo\/image\/","url":"https:\/\/www.vallonchene.fr\/wp-content\/uploads\/2023\/03\/Logo-Vallonchene-site-et-R_hauteur_100.png","contentUrl":"https:\/\/www.vallonchene.fr\/wp-content\/uploads\/2023\/03\/Logo-Vallonchene-site-et-R_hauteur_100.png","width":221,"height":100,"caption":"VALLONCHENE"},"image":{"@id":"https:\/\/www.vallonchene.fr\/es\/#\/schema\/logo\/image\/"},"sameAs":["https:\/\/www.facebook.com\/vallonchene.fr","https:\/\/www.instagram.com\/vallonchene\/","https:\/\/www.pinterest.fr\/vallonchene\/"],"taxID":"49454502300017","hasMerchantReturnPolicy":{"@type":"MerchantReturnPolicy","merchantReturnLink":"https:\/\/www.vallonchene.fr\/remboursements_retours\/"}}]},"og_availability":"out of stock","product_availability":"out of stock","product_retailer_item_id":"35572","product_condition":"new"},"_links":{"self":[{"href":"https:\/\/www.vallonchene.fr\/es\/wp-json\/wp\/v2\/product\/20104","targetHints":{"allow":["GET"]}}],"collection":[{"href":"https:\/\/www.vallonchene.fr\/es\/wp-json\/wp\/v2\/product"}],"about":[{"href":"https:\/\/www.vallonchene.fr\/es\/wp-json\/wp\/v2\/types\/product"}],"replies":[{"embeddable":true,"href":"https:\/\/www.vallonchene.fr\/es\/wp-json\/wp\/v2\/comments?post=20104"}],"wp:featuredmedia":[{"embeddable":true,"href":"https:\/\/www.vallonchene.fr\/es\/wp-json\/wp\/v2\/media\/20092"}],"wp:attachment":[{"href":"https:\/\/www.vallonchene.fr\/es\/wp-json\/wp\/v2\/media?parent=20104"}],"wp:term":[{"taxonomy":"product_brand","embeddable":true,"href":"https:\/\/www.vallonchene.fr\/es\/wp-json\/wp\/v2\/product_brand?post=20104"},{"taxonomy":"product_cat","embeddable":true,"href":"https:\/\/www.vallonchene.fr\/es\/wp-json\/wp\/v2\/product_cat?post=20104"},{"taxonomy":"product_tag","embeddable":true,"href":"https:\/\/www.vallonchene.fr\/es\/wp-json\/wp\/v2\/product_tag?post=20104"}],"curies":[{"name":"wp","href":"https:\/\/api.w.org\/{rel}","templated":true}]}}