{"id":19117,"date":"2021-08-31T10:41:44","date_gmt":"2021-08-31T10:41:44","guid":{"rendered":"https:\/\/testing.vallonchene.fr\/produit\/acer-conspicuum-red-flamingo\/"},"modified":"2024-09-27T09:17:29","modified_gmt":"2024-09-27T09:17:29","slug":"acer-conspicuum-red-flamingo","status":"publish","type":"product","link":"https:\/\/www.vallonchene.fr\/es\/producto\/acer-conspicuum-red-flamingo\/","title":{"rendered":"ACER conspicuum &#8216;Red Flamingo&#8217; (\u00e9rable \u00e0 peau de serpent)"},"content":{"rendered":"<p>Parmi les <strong>\u00e9rables \u00e0 peau de serpent<\/strong>, l&#8217;<strong>ACER conspicuum &#8216;Red Flamingo&#8217;<\/strong> est sans doute un des plus remarquables, car il n&#8217;a pas seulement cette \u00e9corce particuli\u00e8rement marqu\u00e9e de bandes blanches, mais aussi des pousses d&#8217;un rouge vif. Ses feuilles sont au d\u00e9but d&#8217;un rose lumineux pour ensuite se panacher d&#8217;un rose plus claire m\u00e9lang\u00e9 \u00e0 du vert. Une fois la pousse de l&#8217;ann\u00e9e termin\u00e9e, les feuilles resteront panach\u00e9es de vert et de blanc Plantez-le dans un sol bien drain\u00e9 !<\/p>\n","protected":false},"excerpt":{"rendered":"<p>Cet <strong>\u00e9rable \u00e0 peau de serpent<\/strong> est particuli\u00e8rement int\u00e9ressant pour son \u00e9corce stri\u00e9e de blanc. Le feuillage spectaculaire de l&#8217;<strong>ACER conspicuum &#8216;Red Flamingo&#8217;<\/strong> est panach\u00e9 de blanc, vert et rose. Les jeunes pousses au printemps sont d&#8217;un rouge vif.<\/p>\n","protected":false},"featured_media":19105,"comment_status":"open","ping_status":"closed","template":"","meta":[],"product_brand":[],"product_cat":[251],"product_tag":[595,2139,7542,7353,7543],"class_list":{"0":"post-19117","1":"product","2":"type-product","3":"status-publish","4":"has-post-thumbnail","6":"product_cat-arbustes-et-arbres","7":"product_tag-acer","8":"product_tag-acer-conspicuum","9":"product_tag-acer-conspicuum-red-flamingo","10":"product_tag-erable-a-peau-de-serpent","11":"product_tag-red-flamingo","12":"pa_99-hauteurapproximativeapres1-2a3m","13":"pa_couleurdelecorce-blanc","14":"pa_couleurdelecorce-rouge","15":"pa_couleurdelecorce-vert","16":"pa_couleurdufeuillage-blanc","17":"pa_couleurdufeuillage-panache","18":"pa_couleurdufeuillage-rose","19":"pa_couleurdufeuillage-vert","20":"pa_exigencesenhumidite-moyen","21":"pa_exigencesenhumidite-sec","22":"pa_expositionspossibles-33-mi_ombreeviterlesoleilde12","23":"pa_expositionspossibles-pleinsoleilde12ha17hmin","24":"pa_hauteurlivree-100-a-125cm","25":"pa_hauteurlivree-125-a-150cm","26":"pa_hauteurlivree-175-a-200-cm","27":"pa_hauteurlivree-200-a-250-cm","28":"pa_hauteurlivree-80-a-100-cm","29":"pa_interetauprintemps-ecorce","30":"pa_interetauprintemps-feuillage","31":"pa_interetauprintemps-jeunespousses","32":"pa_interetenautomne-ecorce","33":"pa_interetenautomne-feuillage","34":"pa_interetenete-ecorce","35":"pa_interetenete-feuillage","36":"pa_interetenhiver-ecorce","37":"pa_naturedufeuillage-caduc","38":"pa_naturesdesolpossibles-leger","39":"pa_naturesdesolpossibles-normal","40":"pa_particularites-ecorceremarquable","41":"pa_particularites-graphismeforme","42":"pa_periodedefloraison-printemps","43":"pa_periodedetaille-juin","44":"pa_phdusolacceptable-acidemoinsde65","45":"pa_phdusolacceptable-neutreentre65et75","46":"pa_portgraphisme-evase","47":"pa_resistanceaufroidrusticite-resistant-en-dessous-de-moins-20-degree-c","48":"pa_tailledepot-pot-de-10-litres","49":"pa_tailledepot-pot-de-3-litres","50":"pa_tailledepot-pot-de-7_5-litres","51":"pa_utilisationpossible-bacoupot","52":"pa_utilisationpossible-isole","53":"pa_utilisationpossible-massif","55":"first","56":"outofstock","57":"taxable","58":"shipping-taxable","59":"purchasable","60":"product-type-variable","61":"has-default-attributes"},"supplier_id":null,"supplier_sku":"","barcode":null,"atum_controlled":true,"out_stock_date":null,"out_stock_threshold":null,"inheritable":false,"inbound_stock":0,"stock_on_hold":0,"sold_today":0,"sales_last_days":0,"reserved_stock":0,"customer_returns":0,"warehouse_damage":0,"lost_in_post":0,"other_logs":0,"out_stock_days":null,"lost_sales":0,"has_location":false,"update_date":"2025-03-13T14:14:24","atum_locations":[],"atum_stock_status":"outofstock","restock_status":false,"low_stock_amount":"","sales_update_date":"2025-03-13T14:14:23","calc_backorders":null,"yoast_head":"<!-- This site is optimized with the Yoast SEO Premium plugin v27.5 (Yoast SEO v27.5) - https:\/\/yoast.com\/product\/yoast-seo-premium-wordpress\/ -->\n<title>ACER conspicuum &#039;Red Flamingo&#039; (\u00e9rable \u00e0 peau de serpent)<\/title>\n<meta name=\"description\" content=\"Cet \u00e9rable \u00e0 peau de serpent est particuli\u00e8rement int\u00e9ressant pour son \u00e9corce stri\u00e9e de blanc. Le feuillage spectaculaire de l&#039;ACER conspicuum &#039;Red Flamingo&#039; est panach\u00e9 de blanc, vert et de rose.\" \/>\n<meta name=\"robots\" content=\"index, follow, max-snippet:-1, max-image-preview:large, max-video-preview:-1\" \/>\n<link rel=\"canonical\" href=\"https:\/\/www.vallonchene.fr\/es\/producto\/acer-conspicuum-red-flamingo\/\" \/>\n<meta property=\"og:locale\" content=\"es_ES\" \/>\n<meta property=\"og:type\" content=\"article\" \/>\n<meta property=\"og:title\" content=\"ACER conspicuum &#039;Red Flamingo&#039; (\u00e9rable \u00e0 peau de serpent)\" \/>\n<meta property=\"og:description\" content=\"Cet \u00e9rable \u00e0 peau de serpent est particuli\u00e8rement int\u00e9ressant pour son \u00e9corce stri\u00e9e de blanc. Le feuillage spectaculaire de l&#039;ACER conspicuum &#039;Red Flamingo&#039; est panach\u00e9 de blanc, vert et de rose.\" \/>\n<meta property=\"og:url\" content=\"https:\/\/www.vallonchene.fr\/es\/producto\/acer-conspicuum-red-flamingo\/\" \/>\n<meta property=\"og:site_name\" content=\"Vallonch\u00eane\" \/>\n<meta property=\"article:publisher\" content=\"https:\/\/www.facebook.com\/vallonchene.fr\" \/>\n<meta property=\"article:modified_time\" content=\"2024-09-27T09:17:29+00:00\" \/>\n<meta property=\"og:image\" content=\"https:\/\/www.vallonchene.fr\/wp-content\/uploads\/2021\/08\/261-3f3-feuillage-de-lACER-conspicuum-Red-Flamingo-en-Septembre.jpg\" \/>\n\t<meta property=\"og:image:width\" content=\"1600\" \/>\n\t<meta property=\"og:image:height\" content=\"1600\" \/>\n\t<meta property=\"og:image:type\" content=\"image\/jpeg\" \/>\n<meta name=\"twitter:card\" content=\"summary_large_image\" \/>\n<meta name=\"twitter:label1\" content=\"Disponibilidad\" \/>\n\t<meta name=\"twitter:data1\" content=\"Agotado\" \/>\n<script type=\"application\/ld+json\" class=\"yoast-schema-graph\">{\"@context\":\"https:\\\/\\\/schema.org\",\"@graph\":[{\"@type\":\"WebPage\",\"@id\":\"https:\\\/\\\/www.vallonchene.fr\\\/es\\\/producto\\\/acer-conspicuum-red-flamingo\\\/\",\"url\":\"https:\\\/\\\/www.vallonchene.fr\\\/es\\\/producto\\\/acer-conspicuum-red-flamingo\\\/\",\"name\":\"ACER conspicuum 'Red Flamingo' (\u00e9rable \u00e0 peau de serpent)\",\"isPartOf\":{\"@id\":\"https:\\\/\\\/www.vallonchene.fr\\\/es\\\/#website\"},\"primaryImageOfPage\":{\"@id\":\"https:\\\/\\\/www.vallonchene.fr\\\/es\\\/producto\\\/acer-conspicuum-red-flamingo\\\/#primaryimage\"},\"image\":{\"@id\":\"https:\\\/\\\/www.vallonchene.fr\\\/es\\\/producto\\\/acer-conspicuum-red-flamingo\\\/#primaryimage\"},\"thumbnailUrl\":\"https:\\\/\\\/www.vallonchene.fr\\\/wp-content\\\/uploads\\\/2021\\\/08\\\/261-3f3-feuillage-de-lACER-conspicuum-Red-Flamingo-en-Septembre.jpg\",\"datePublished\":\"2021-08-31T10:41:44+00:00\",\"dateModified\":\"2024-09-27T09:17:29+00:00\",\"description\":\"Cet \u00e9rable \u00e0 peau de serpent est particuli\u00e8rement int\u00e9ressant pour son \u00e9corce stri\u00e9e de blanc. Le feuillage spectaculaire de l'ACER conspicuum 'Red Flamingo' est panach\u00e9 de blanc, vert et de rose.\",\"breadcrumb\":{\"@id\":\"https:\\\/\\\/www.vallonchene.fr\\\/es\\\/producto\\\/acer-conspicuum-red-flamingo\\\/#breadcrumb\"},\"inLanguage\":\"es\",\"potentialAction\":[{\"@type\":\"ReadAction\",\"target\":[\"https:\\\/\\\/www.vallonchene.fr\\\/es\\\/producto\\\/acer-conspicuum-red-flamingo\\\/\"]}]},{\"@type\":\"ImageObject\",\"inLanguage\":\"es\",\"@id\":\"https:\\\/\\\/www.vallonchene.fr\\\/es\\\/producto\\\/acer-conspicuum-red-flamingo\\\/#primaryimage\",\"url\":\"https:\\\/\\\/www.vallonchene.fr\\\/wp-content\\\/uploads\\\/2021\\\/08\\\/261-3f3-feuillage-de-lACER-conspicuum-Red-Flamingo-en-Septembre.jpg\",\"contentUrl\":\"https:\\\/\\\/www.vallonchene.fr\\\/wp-content\\\/uploads\\\/2021\\\/08\\\/261-3f3-feuillage-de-lACER-conspicuum-Red-Flamingo-en-Septembre.jpg\",\"width\":1600,\"height\":1600,\"caption\":\"feuillage de l'ACER conspicuum 'Red Flamingo' en Septembre\"},{\"@type\":\"BreadcrumbList\",\"@id\":\"https:\\\/\\\/www.vallonchene.fr\\\/es\\\/producto\\\/acer-conspicuum-red-flamingo\\\/#breadcrumb\",\"itemListElement\":[{\"@type\":\"ListItem\",\"position\":1,\"name\":\"Home\",\"item\":\"https:\\\/\\\/www.vallonchene.fr\\\/es\\\/\"},{\"@type\":\"ListItem\",\"position\":2,\"name\":\"Tienda\",\"item\":\"https:\\\/\\\/www.vallonchene.fr\\\/tienda\\\/\"},{\"@type\":\"ListItem\",\"position\":3,\"name\":\"Venta en linea\",\"item\":\"https:\\\/\\\/www.vallonchene.fr\\\/es\\\/categoria-producto\\\/venta-en-linea\\\/\"},{\"@type\":\"ListItem\",\"position\":4,\"name\":\"Vivero\",\"item\":\"https:\\\/\\\/www.vallonchene.fr\\\/es\\\/categoria-producto\\\/venta-en-linea\\\/vivero\\\/\"},{\"@type\":\"ListItem\",\"position\":5,\"name\":\"Arbustos y \u00e1rboles\",\"item\":\"https:\\\/\\\/www.vallonchene.fr\\\/es\\\/categoria-producto\\\/venta-en-linea\\\/vivero\\\/arbustos-y-arboles\\\/\"},{\"@type\":\"ListItem\",\"position\":6,\"name\":\"ACER conspicuum &#8216;Red Flamingo&#8217; (\u00e9rable \u00e0 peau de serpent)\"}]},{\"@type\":\"WebSite\",\"@id\":\"https:\\\/\\\/www.vallonchene.fr\\\/es\\\/#website\",\"url\":\"https:\\\/\\\/www.vallonchene.fr\\\/es\\\/\",\"name\":\"Vallonch\u00eane\",\"description\":\"El vivero donde la calidad tiene sus ra\u00edces \u2013 Tel.: +33 (0)2.35.90.02.02\",\"publisher\":{\"@id\":\"https:\\\/\\\/www.vallonchene.fr\\\/es\\\/#organization\"},\"potentialAction\":[{\"@type\":\"SearchAction\",\"target\":{\"@type\":\"EntryPoint\",\"urlTemplate\":\"https:\\\/\\\/www.vallonchene.fr\\\/es\\\/?s={search_term_string}\"},\"query-input\":{\"@type\":\"PropertyValueSpecification\",\"valueRequired\":true,\"valueName\":\"search_term_string\"}}],\"inLanguage\":\"es\"},{\"@type\":\"Organization\",\"@id\":\"https:\\\/\\\/www.vallonchene.fr\\\/es\\\/#organization\",\"name\":\"VALLONCHENE\",\"url\":\"https:\\\/\\\/www.vallonchene.fr\\\/es\\\/\",\"logo\":{\"@type\":\"ImageObject\",\"inLanguage\":\"es\",\"@id\":\"https:\\\/\\\/www.vallonchene.fr\\\/es\\\/#\\\/schema\\\/logo\\\/image\\\/\",\"url\":\"https:\\\/\\\/www.vallonchene.fr\\\/wp-content\\\/uploads\\\/2023\\\/03\\\/Logo-Vallonchene-site-et-R_hauteur_100.png\",\"contentUrl\":\"https:\\\/\\\/www.vallonchene.fr\\\/wp-content\\\/uploads\\\/2023\\\/03\\\/Logo-Vallonchene-site-et-R_hauteur_100.png\",\"width\":221,\"height\":100,\"caption\":\"VALLONCHENE\"},\"image\":{\"@id\":\"https:\\\/\\\/www.vallonchene.fr\\\/es\\\/#\\\/schema\\\/logo\\\/image\\\/\"},\"sameAs\":[\"https:\\\/\\\/www.facebook.com\\\/vallonchene.fr\",\"https:\\\/\\\/www.instagram.com\\\/vallonchene\\\/\",\"https:\\\/\\\/www.pinterest.fr\\\/vallonchene\\\/\"],\"taxID\":\"49454502300017\",\"hasMerchantReturnPolicy\":{\"@type\":\"MerchantReturnPolicy\",\"merchantReturnLink\":\"https:\\\/\\\/www.vallonchene.fr\\\/remboursements_retours\\\/\"}}]}<\/script>\n<meta property=\"og:availability\" content=\"out of stock\" \/>\n<meta property=\"product:availability\" content=\"out of stock\" \/>\n<meta property=\"product:retailer_item_id\" content=\"33926\" \/>\n<meta property=\"product:condition\" content=\"new\" \/>\n<!-- \/ Yoast SEO Premium plugin. -->","yoast_head_json":{"title":"ACER conspicuum 'Red Flamingo' (\u00e9rable \u00e0 peau de serpent)","description":"Cet \u00e9rable \u00e0 peau de serpent est particuli\u00e8rement int\u00e9ressant pour son \u00e9corce stri\u00e9e de blanc. Le feuillage spectaculaire de l'ACER conspicuum 'Red Flamingo' est panach\u00e9 de blanc, vert et de rose.","robots":{"index":"index","follow":"follow","max-snippet":"max-snippet:-1","max-image-preview":"max-image-preview:large","max-video-preview":"max-video-preview:-1"},"canonical":"https:\/\/www.vallonchene.fr\/es\/producto\/acer-conspicuum-red-flamingo\/","og_locale":"es_ES","og_type":"article","og_title":"ACER conspicuum 'Red Flamingo' (\u00e9rable \u00e0 peau de serpent)","og_description":"Cet \u00e9rable \u00e0 peau de serpent est particuli\u00e8rement int\u00e9ressant pour son \u00e9corce stri\u00e9e de blanc. Le feuillage spectaculaire de l'ACER conspicuum 'Red Flamingo' est panach\u00e9 de blanc, vert et de rose.","og_url":"https:\/\/www.vallonchene.fr\/es\/producto\/acer-conspicuum-red-flamingo\/","og_site_name":"Vallonch\u00eane","article_publisher":"https:\/\/www.facebook.com\/vallonchene.fr","article_modified_time":"2024-09-27T09:17:29+00:00","og_image":[{"width":1600,"height":1600,"url":"https:\/\/www.vallonchene.fr\/wp-content\/uploads\/2021\/08\/261-3f3-feuillage-de-lACER-conspicuum-Red-Flamingo-en-Septembre.jpg","type":"image\/jpeg"}],"twitter_card":"summary_large_image","twitter_misc":{"Disponibilidad":"Agotado"},"schema":{"@context":"https:\/\/schema.org","@graph":[{"@type":"WebPage","@id":"https:\/\/www.vallonchene.fr\/es\/producto\/acer-conspicuum-red-flamingo\/","url":"https:\/\/www.vallonchene.fr\/es\/producto\/acer-conspicuum-red-flamingo\/","name":"ACER conspicuum 'Red Flamingo' (\u00e9rable \u00e0 peau de serpent)","isPartOf":{"@id":"https:\/\/www.vallonchene.fr\/es\/#website"},"primaryImageOfPage":{"@id":"https:\/\/www.vallonchene.fr\/es\/producto\/acer-conspicuum-red-flamingo\/#primaryimage"},"image":{"@id":"https:\/\/www.vallonchene.fr\/es\/producto\/acer-conspicuum-red-flamingo\/#primaryimage"},"thumbnailUrl":"https:\/\/www.vallonchene.fr\/wp-content\/uploads\/2021\/08\/261-3f3-feuillage-de-lACER-conspicuum-Red-Flamingo-en-Septembre.jpg","datePublished":"2021-08-31T10:41:44+00:00","dateModified":"2024-09-27T09:17:29+00:00","description":"Cet \u00e9rable \u00e0 peau de serpent est particuli\u00e8rement int\u00e9ressant pour son \u00e9corce stri\u00e9e de blanc. Le feuillage spectaculaire de l'ACER conspicuum 'Red Flamingo' est panach\u00e9 de blanc, vert et de rose.","breadcrumb":{"@id":"https:\/\/www.vallonchene.fr\/es\/producto\/acer-conspicuum-red-flamingo\/#breadcrumb"},"inLanguage":"es","potentialAction":[{"@type":"ReadAction","target":["https:\/\/www.vallonchene.fr\/es\/producto\/acer-conspicuum-red-flamingo\/"]}]},{"@type":"ImageObject","inLanguage":"es","@id":"https:\/\/www.vallonchene.fr\/es\/producto\/acer-conspicuum-red-flamingo\/#primaryimage","url":"https:\/\/www.vallonchene.fr\/wp-content\/uploads\/2021\/08\/261-3f3-feuillage-de-lACER-conspicuum-Red-Flamingo-en-Septembre.jpg","contentUrl":"https:\/\/www.vallonchene.fr\/wp-content\/uploads\/2021\/08\/261-3f3-feuillage-de-lACER-conspicuum-Red-Flamingo-en-Septembre.jpg","width":1600,"height":1600,"caption":"feuillage de l'ACER conspicuum 'Red Flamingo' en Septembre"},{"@type":"BreadcrumbList","@id":"https:\/\/www.vallonchene.fr\/es\/producto\/acer-conspicuum-red-flamingo\/#breadcrumb","itemListElement":[{"@type":"ListItem","position":1,"name":"Home","item":"https:\/\/www.vallonchene.fr\/es\/"},{"@type":"ListItem","position":2,"name":"Tienda","item":"https:\/\/www.vallonchene.fr\/tienda\/"},{"@type":"ListItem","position":3,"name":"Venta en linea","item":"https:\/\/www.vallonchene.fr\/es\/categoria-producto\/venta-en-linea\/"},{"@type":"ListItem","position":4,"name":"Vivero","item":"https:\/\/www.vallonchene.fr\/es\/categoria-producto\/venta-en-linea\/vivero\/"},{"@type":"ListItem","position":5,"name":"Arbustos y \u00e1rboles","item":"https:\/\/www.vallonchene.fr\/es\/categoria-producto\/venta-en-linea\/vivero\/arbustos-y-arboles\/"},{"@type":"ListItem","position":6,"name":"ACER conspicuum &#8216;Red Flamingo&#8217; (\u00e9rable \u00e0 peau de serpent)"}]},{"@type":"WebSite","@id":"https:\/\/www.vallonchene.fr\/es\/#website","url":"https:\/\/www.vallonchene.fr\/es\/","name":"Vallonch\u00eane","description":"El vivero donde la calidad tiene sus ra\u00edces \u2013 Tel.: +33 (0)2.35.90.02.02","publisher":{"@id":"https:\/\/www.vallonchene.fr\/es\/#organization"},"potentialAction":[{"@type":"SearchAction","target":{"@type":"EntryPoint","urlTemplate":"https:\/\/www.vallonchene.fr\/es\/?s={search_term_string}"},"query-input":{"@type":"PropertyValueSpecification","valueRequired":true,"valueName":"search_term_string"}}],"inLanguage":"es"},{"@type":"Organization","@id":"https:\/\/www.vallonchene.fr\/es\/#organization","name":"VALLONCHENE","url":"https:\/\/www.vallonchene.fr\/es\/","logo":{"@type":"ImageObject","inLanguage":"es","@id":"https:\/\/www.vallonchene.fr\/es\/#\/schema\/logo\/image\/","url":"https:\/\/www.vallonchene.fr\/wp-content\/uploads\/2023\/03\/Logo-Vallonchene-site-et-R_hauteur_100.png","contentUrl":"https:\/\/www.vallonchene.fr\/wp-content\/uploads\/2023\/03\/Logo-Vallonchene-site-et-R_hauteur_100.png","width":221,"height":100,"caption":"VALLONCHENE"},"image":{"@id":"https:\/\/www.vallonchene.fr\/es\/#\/schema\/logo\/image\/"},"sameAs":["https:\/\/www.facebook.com\/vallonchene.fr","https:\/\/www.instagram.com\/vallonchene\/","https:\/\/www.pinterest.fr\/vallonchene\/"],"taxID":"49454502300017","hasMerchantReturnPolicy":{"@type":"MerchantReturnPolicy","merchantReturnLink":"https:\/\/www.vallonchene.fr\/remboursements_retours\/"}}]},"og_availability":"out of stock","product_availability":"out of stock","product_retailer_item_id":"33926","product_condition":"new"},"_links":{"self":[{"href":"https:\/\/www.vallonchene.fr\/es\/wp-json\/wp\/v2\/product\/19117","targetHints":{"allow":["GET"]}}],"collection":[{"href":"https:\/\/www.vallonchene.fr\/es\/wp-json\/wp\/v2\/product"}],"about":[{"href":"https:\/\/www.vallonchene.fr\/es\/wp-json\/wp\/v2\/types\/product"}],"replies":[{"embeddable":true,"href":"https:\/\/www.vallonchene.fr\/es\/wp-json\/wp\/v2\/comments?post=19117"}],"wp:featuredmedia":[{"embeddable":true,"href":"https:\/\/www.vallonchene.fr\/es\/wp-json\/wp\/v2\/media\/19105"}],"wp:attachment":[{"href":"https:\/\/www.vallonchene.fr\/es\/wp-json\/wp\/v2\/media?parent=19117"}],"wp:term":[{"taxonomy":"product_brand","embeddable":true,"href":"https:\/\/www.vallonchene.fr\/es\/wp-json\/wp\/v2\/product_brand?post=19117"},{"taxonomy":"product_cat","embeddable":true,"href":"https:\/\/www.vallonchene.fr\/es\/wp-json\/wp\/v2\/product_cat?post=19117"},{"taxonomy":"product_tag","embeddable":true,"href":"https:\/\/www.vallonchene.fr\/es\/wp-json\/wp\/v2\/product_tag?post=19117"}],"curies":[{"name":"wp","href":"https:\/\/api.w.org\/{rel}","templated":true}]}}