{"id":17746,"date":"2021-08-31T10:56:29","date_gmt":"2021-08-31T10:56:29","guid":{"rendered":"https:\/\/testing.vallonchene.fr\/produit\/edgeworthia-chrysantha-grandiflora\/"},"modified":"2024-09-27T08:28:12","modified_gmt":"2024-09-27T08:28:12","slug":"edgeworthia-chrysantha-grandiflora","status":"publish","type":"product","link":"https:\/\/www.vallonchene.fr\/es\/producto\/edgeworthia-chrysantha-grandiflora\/","title":{"rendered":"EDGEWORTHIA chrysantha &#8216;Grandiflora&#8217;"},"content":{"rendered":"","protected":false},"excerpt":{"rendered":"<p>Cet <strong>arbuste \u00e0 papier d&#8217;Orient<\/strong> fleurit jaune en fin d&#8217;hiver. Les fleurs de l&#8217;<strong>EDGEWORTHIA chrysantha &#8216;Grandiflora&#8217;<\/strong> sont tr\u00e8s parfum\u00e9es. Le feuillage est vert et \u00e9lanc\u00e9. Il est rustique.<\/p>\n","protected":false},"featured_media":0,"comment_status":"open","ping_status":"closed","template":"","meta":[],"product_brand":[],"product_cat":[251],"product_tag":[7016,2969,2968,7014,7017,7015],"class_list":{"0":"post-17746","1":"product","2":"type-product","3":"status-publish","5":"product_cat-arbustes-et-arbres","6":"product_tag-arbuste-a-papier-dorient","7":"product_tag-buisson-a-papier","8":"product_tag-edgeworthia-chrysantha","9":"product_tag-edgeworthia-chrysantha-grandiflo","10":"product_tag-edgeworthia-chrysantha-grandiflora","11":"product_tag-grandiflora","12":"pa_99-hauteurapproximativeapres1-100a150m","13":"pa_couleurdesfleurs-blanc","14":"pa_couleurdesfleurs-jaune","15":"pa_couleurdufeuillage-vert","16":"pa_exigencesenhumidite-fraisahumide","17":"pa_exigencesenhumidite-moyen","18":"pa_exigencesenhumidite-sec","19":"pa_expositionspossibles-33-mi_ombreeviterlesoleilde12","20":"pa_expositionspossibles-pleinsoleilde12ha17hmin","21":"pa_hauteurlivree-50-a-60-cm","22":"pa_hauteurlivree-70-a-80-cm","23":"pa_interetauprintemps-feuillage","24":"pa_interetauprintemps-graphismeforme","25":"pa_interetenautomne-feuillage","26":"pa_interetenautomne-graphismeforme","27":"pa_interetenete-feuillage","28":"pa_interetenete-graphismeforme","29":"pa_interetenhiver-fleurs","30":"pa_interetenhiver-graphismeforme","31":"pa_interetenhiver-parfum","32":"pa_naturedufeuillage-caduc","33":"pa_naturesdesolpossibles-leger","34":"pa_naturesdesolpossibles-lourd","35":"pa_naturesdesolpossibles-normal","36":"pa_particularites-graphismeforme","37":"pa_particularites-parfume","38":"pa_periodedefloraison-hiver","39":"pa_phdusolacceptable-acidemoinsde65","40":"pa_phdusolacceptable-calcaireplusde75","41":"pa_phdusolacceptable-neutreentre65et75","42":"pa_portgraphisme-arrondi","43":"pa_resistanceaufroidrusticite-resistantjusqua_20c","44":"pa_tailledepot-pot-de-3-litres","45":"pa_tailledepot-pot-de-5-litres","46":"pa_utilisationpossible-bacoupot","47":"pa_utilisationpossible-isole","48":"pa_utilisationpossible-massif","50":"first","51":"outofstock","52":"taxable","53":"shipping-taxable","54":"purchasable","55":"product-type-variable"},"supplier_id":null,"supplier_sku":"","barcode":null,"atum_controlled":true,"out_stock_date":"2024-09-27 08:28:12","out_stock_threshold":null,"inheritable":true,"inbound_stock":null,"stock_on_hold":0,"sold_today":0,"sales_last_days":0,"reserved_stock":null,"customer_returns":null,"warehouse_damage":null,"lost_in_post":null,"other_logs":null,"out_stock_days":0,"lost_sales":0,"has_location":false,"update_date":"2024-09-27T06:29:40","atum_locations":[],"atum_stock_status":"outofstock","restock_status":false,"low_stock_amount":"","sales_update_date":"2023-06-15T12:32:33","calc_backorders":null,"yoast_head":"<!-- This site is optimized with the Yoast SEO Premium plugin v27.3 (Yoast SEO v27.3) - https:\/\/yoast.com\/product\/yoast-seo-premium-wordpress\/ -->\n<title>EDGEWORTHIA chrysantha &#039;Grandiflora&#039; - buisson \u00e0 papier<\/title>\n<meta name=\"description\" content=\"Cet arbuste \u00e0 papier d&#039;Orient fleurit jaune en fin d&#039;hiver. Les fleurs de l&#039;EDGEWORTHIA chrysantha &#039;Grandiflora&#039; sont tr\u00e8s parfum\u00e9es. Le feuillage est vert et \u00e9lanc\u00e9. Il est rustique.\" \/>\n<meta name=\"robots\" content=\"index, follow, max-snippet:-1, max-image-preview:large, max-video-preview:-1\" \/>\n<link rel=\"canonical\" href=\"https:\/\/www.vallonchene.fr\/es\/producto\/edgeworthia-chrysantha-grandiflora\/\" \/>\n<meta property=\"og:locale\" content=\"es_ES\" \/>\n<meta property=\"og:type\" content=\"article\" \/>\n<meta property=\"og:title\" content=\"EDGEWORTHIA chrysantha &#039;Grandiflora&#039;\" \/>\n<meta property=\"og:description\" content=\"Cet arbuste \u00e0 papier d&#039;Orient fleurit jaune en fin d&#039;hiver. Les fleurs de l&#039;EDGEWORTHIA chrysantha &#039;Grandiflora&#039; sont tr\u00e8s parfum\u00e9es. Le feuillage est vert et \u00e9lanc\u00e9. Il est rustique.\" \/>\n<meta property=\"og:url\" content=\"https:\/\/www.vallonchene.fr\/es\/producto\/edgeworthia-chrysantha-grandiflora\/\" \/>\n<meta property=\"og:site_name\" content=\"Vallonch\u00eane\" \/>\n<meta property=\"article:publisher\" content=\"https:\/\/www.facebook.com\/vallonchene.fr\" \/>\n<meta property=\"article:modified_time\" content=\"2024-09-27T08:28:12+00:00\" \/>\n<meta name=\"twitter:card\" content=\"summary_large_image\" \/>\n<meta name=\"twitter:label1\" content=\"Disponibilidad\" \/>\n\t<meta name=\"twitter:data1\" content=\"Agotado\" \/>\n<script type=\"application\/ld+json\" class=\"yoast-schema-graph\">{\"@context\":\"https:\\\/\\\/schema.org\",\"@graph\":[{\"@type\":\"WebPage\",\"@id\":\"https:\\\/\\\/www.vallonchene.fr\\\/es\\\/producto\\\/edgeworthia-chrysantha-grandiflora\\\/\",\"url\":\"https:\\\/\\\/www.vallonchene.fr\\\/es\\\/producto\\\/edgeworthia-chrysantha-grandiflora\\\/\",\"name\":\"EDGEWORTHIA chrysantha 'Grandiflora' - buisson \u00e0 papier\",\"isPartOf\":{\"@id\":\"https:\\\/\\\/www.vallonchene.fr\\\/es\\\/#website\"},\"datePublished\":\"2021-08-31T10:56:29+00:00\",\"dateModified\":\"2024-09-27T08:28:12+00:00\",\"description\":\"Cet arbuste \u00e0 papier d'Orient fleurit jaune en fin d'hiver. Les fleurs de l'EDGEWORTHIA chrysantha 'Grandiflora' sont tr\u00e8s parfum\u00e9es. Le feuillage est vert et \u00e9lanc\u00e9. Il est rustique.\",\"breadcrumb\":{\"@id\":\"https:\\\/\\\/www.vallonchene.fr\\\/es\\\/producto\\\/edgeworthia-chrysantha-grandiflora\\\/#breadcrumb\"},\"inLanguage\":\"es\",\"potentialAction\":[{\"@type\":\"ReadAction\",\"target\":[\"https:\\\/\\\/www.vallonchene.fr\\\/es\\\/producto\\\/edgeworthia-chrysantha-grandiflora\\\/\"]}]},{\"@type\":\"BreadcrumbList\",\"@id\":\"https:\\\/\\\/www.vallonchene.fr\\\/es\\\/producto\\\/edgeworthia-chrysantha-grandiflora\\\/#breadcrumb\",\"itemListElement\":[{\"@type\":\"ListItem\",\"position\":1,\"name\":\"Home\",\"item\":\"https:\\\/\\\/www.vallonchene.fr\\\/es\\\/\"},{\"@type\":\"ListItem\",\"position\":2,\"name\":\"Tienda\",\"item\":\"https:\\\/\\\/www.vallonchene.fr\\\/tienda\\\/\"},{\"@type\":\"ListItem\",\"position\":3,\"name\":\"Venta en linea\",\"item\":\"https:\\\/\\\/www.vallonchene.fr\\\/es\\\/categoria-producto\\\/venta-en-linea\\\/\"},{\"@type\":\"ListItem\",\"position\":4,\"name\":\"Vivero\",\"item\":\"https:\\\/\\\/www.vallonchene.fr\\\/es\\\/categoria-producto\\\/venta-en-linea\\\/vivero\\\/\"},{\"@type\":\"ListItem\",\"position\":5,\"name\":\"Arbustos y \u00e1rboles\",\"item\":\"https:\\\/\\\/www.vallonchene.fr\\\/es\\\/categoria-producto\\\/venta-en-linea\\\/vivero\\\/arbustos-y-arboles\\\/\"},{\"@type\":\"ListItem\",\"position\":6,\"name\":\"EDGEWORTHIA chrysantha &#8216;Grandiflora&#8217;\"}]},{\"@type\":\"WebSite\",\"@id\":\"https:\\\/\\\/www.vallonchene.fr\\\/es\\\/#website\",\"url\":\"https:\\\/\\\/www.vallonchene.fr\\\/es\\\/\",\"name\":\"Vallonch\u00eane\",\"description\":\"El vivero donde la calidad tiene sus ra\u00edces \u2013 Tel.: +33 (0)2.35.90.02.02\",\"publisher\":{\"@id\":\"https:\\\/\\\/www.vallonchene.fr\\\/es\\\/#organization\"},\"potentialAction\":[{\"@type\":\"SearchAction\",\"target\":{\"@type\":\"EntryPoint\",\"urlTemplate\":\"https:\\\/\\\/www.vallonchene.fr\\\/es\\\/?s={search_term_string}\"},\"query-input\":{\"@type\":\"PropertyValueSpecification\",\"valueRequired\":true,\"valueName\":\"search_term_string\"}}],\"inLanguage\":\"es\"},{\"@type\":\"Organization\",\"@id\":\"https:\\\/\\\/www.vallonchene.fr\\\/es\\\/#organization\",\"name\":\"VALLONCHENE\",\"url\":\"https:\\\/\\\/www.vallonchene.fr\\\/es\\\/\",\"logo\":{\"@type\":\"ImageObject\",\"inLanguage\":\"es\",\"@id\":\"https:\\\/\\\/www.vallonchene.fr\\\/es\\\/#\\\/schema\\\/logo\\\/image\\\/\",\"url\":\"https:\\\/\\\/www.vallonchene.fr\\\/wp-content\\\/uploads\\\/2023\\\/03\\\/Logo-Vallonchene-site-et-R_hauteur_100.png\",\"contentUrl\":\"https:\\\/\\\/www.vallonchene.fr\\\/wp-content\\\/uploads\\\/2023\\\/03\\\/Logo-Vallonchene-site-et-R_hauteur_100.png\",\"width\":221,\"height\":100,\"caption\":\"VALLONCHENE\"},\"image\":{\"@id\":\"https:\\\/\\\/www.vallonchene.fr\\\/es\\\/#\\\/schema\\\/logo\\\/image\\\/\"},\"sameAs\":[\"https:\\\/\\\/www.facebook.com\\\/vallonchene.fr\",\"https:\\\/\\\/www.instagram.com\\\/vallonchene\\\/\",\"https:\\\/\\\/www.pinterest.fr\\\/vallonchene\\\/\"],\"taxID\":\"49454502300017\",\"hasMerchantReturnPolicy\":{\"@type\":\"MerchantReturnPolicy\",\"merchantReturnLink\":\"https:\\\/\\\/www.vallonchene.fr\\\/remboursements_retours\\\/\"}}]}<\/script>\n<meta property=\"og:availability\" content=\"out of stock\" \/>\n<meta property=\"product:availability\" content=\"out of stock\" \/>\n<meta property=\"product:retailer_item_id\" content=\"55342\" \/>\n<meta property=\"product:condition\" content=\"new\" \/>\n<!-- \/ Yoast SEO Premium plugin. -->","yoast_head_json":{"title":"EDGEWORTHIA chrysantha 'Grandiflora' - buisson \u00e0 papier","description":"Cet arbuste \u00e0 papier d'Orient fleurit jaune en fin d'hiver. Les fleurs de l'EDGEWORTHIA chrysantha 'Grandiflora' sont tr\u00e8s parfum\u00e9es. Le feuillage est vert et \u00e9lanc\u00e9. Il est rustique.","robots":{"index":"index","follow":"follow","max-snippet":"max-snippet:-1","max-image-preview":"max-image-preview:large","max-video-preview":"max-video-preview:-1"},"canonical":"https:\/\/www.vallonchene.fr\/es\/producto\/edgeworthia-chrysantha-grandiflora\/","og_locale":"es_ES","og_type":"article","og_title":"EDGEWORTHIA chrysantha 'Grandiflora'","og_description":"Cet arbuste \u00e0 papier d'Orient fleurit jaune en fin d'hiver. Les fleurs de l'EDGEWORTHIA chrysantha 'Grandiflora' sont tr\u00e8s parfum\u00e9es. Le feuillage est vert et \u00e9lanc\u00e9. Il est rustique.","og_url":"https:\/\/www.vallonchene.fr\/es\/producto\/edgeworthia-chrysantha-grandiflora\/","og_site_name":"Vallonch\u00eane","article_publisher":"https:\/\/www.facebook.com\/vallonchene.fr","article_modified_time":"2024-09-27T08:28:12+00:00","twitter_card":"summary_large_image","twitter_misc":{"Disponibilidad":"Agotado"},"schema":{"@context":"https:\/\/schema.org","@graph":[{"@type":"WebPage","@id":"https:\/\/www.vallonchene.fr\/es\/producto\/edgeworthia-chrysantha-grandiflora\/","url":"https:\/\/www.vallonchene.fr\/es\/producto\/edgeworthia-chrysantha-grandiflora\/","name":"EDGEWORTHIA chrysantha 'Grandiflora' - buisson \u00e0 papier","isPartOf":{"@id":"https:\/\/www.vallonchene.fr\/es\/#website"},"datePublished":"2021-08-31T10:56:29+00:00","dateModified":"2024-09-27T08:28:12+00:00","description":"Cet arbuste \u00e0 papier d'Orient fleurit jaune en fin d'hiver. Les fleurs de l'EDGEWORTHIA chrysantha 'Grandiflora' sont tr\u00e8s parfum\u00e9es. Le feuillage est vert et \u00e9lanc\u00e9. Il est rustique.","breadcrumb":{"@id":"https:\/\/www.vallonchene.fr\/es\/producto\/edgeworthia-chrysantha-grandiflora\/#breadcrumb"},"inLanguage":"es","potentialAction":[{"@type":"ReadAction","target":["https:\/\/www.vallonchene.fr\/es\/producto\/edgeworthia-chrysantha-grandiflora\/"]}]},{"@type":"BreadcrumbList","@id":"https:\/\/www.vallonchene.fr\/es\/producto\/edgeworthia-chrysantha-grandiflora\/#breadcrumb","itemListElement":[{"@type":"ListItem","position":1,"name":"Home","item":"https:\/\/www.vallonchene.fr\/es\/"},{"@type":"ListItem","position":2,"name":"Tienda","item":"https:\/\/www.vallonchene.fr\/tienda\/"},{"@type":"ListItem","position":3,"name":"Venta en linea","item":"https:\/\/www.vallonchene.fr\/es\/categoria-producto\/venta-en-linea\/"},{"@type":"ListItem","position":4,"name":"Vivero","item":"https:\/\/www.vallonchene.fr\/es\/categoria-producto\/venta-en-linea\/vivero\/"},{"@type":"ListItem","position":5,"name":"Arbustos y \u00e1rboles","item":"https:\/\/www.vallonchene.fr\/es\/categoria-producto\/venta-en-linea\/vivero\/arbustos-y-arboles\/"},{"@type":"ListItem","position":6,"name":"EDGEWORTHIA chrysantha &#8216;Grandiflora&#8217;"}]},{"@type":"WebSite","@id":"https:\/\/www.vallonchene.fr\/es\/#website","url":"https:\/\/www.vallonchene.fr\/es\/","name":"Vallonch\u00eane","description":"El vivero donde la calidad tiene sus ra\u00edces \u2013 Tel.: +33 (0)2.35.90.02.02","publisher":{"@id":"https:\/\/www.vallonchene.fr\/es\/#organization"},"potentialAction":[{"@type":"SearchAction","target":{"@type":"EntryPoint","urlTemplate":"https:\/\/www.vallonchene.fr\/es\/?s={search_term_string}"},"query-input":{"@type":"PropertyValueSpecification","valueRequired":true,"valueName":"search_term_string"}}],"inLanguage":"es"},{"@type":"Organization","@id":"https:\/\/www.vallonchene.fr\/es\/#organization","name":"VALLONCHENE","url":"https:\/\/www.vallonchene.fr\/es\/","logo":{"@type":"ImageObject","inLanguage":"es","@id":"https:\/\/www.vallonchene.fr\/es\/#\/schema\/logo\/image\/","url":"https:\/\/www.vallonchene.fr\/wp-content\/uploads\/2023\/03\/Logo-Vallonchene-site-et-R_hauteur_100.png","contentUrl":"https:\/\/www.vallonchene.fr\/wp-content\/uploads\/2023\/03\/Logo-Vallonchene-site-et-R_hauteur_100.png","width":221,"height":100,"caption":"VALLONCHENE"},"image":{"@id":"https:\/\/www.vallonchene.fr\/es\/#\/schema\/logo\/image\/"},"sameAs":["https:\/\/www.facebook.com\/vallonchene.fr","https:\/\/www.instagram.com\/vallonchene\/","https:\/\/www.pinterest.fr\/vallonchene\/"],"taxID":"49454502300017","hasMerchantReturnPolicy":{"@type":"MerchantReturnPolicy","merchantReturnLink":"https:\/\/www.vallonchene.fr\/remboursements_retours\/"}}]},"og_availability":"out of stock","product_availability":"out of stock","product_retailer_item_id":"55342","product_condition":"new"},"_links":{"self":[{"href":"https:\/\/www.vallonchene.fr\/es\/wp-json\/wp\/v2\/product\/17746","targetHints":{"allow":["GET"]}}],"collection":[{"href":"https:\/\/www.vallonchene.fr\/es\/wp-json\/wp\/v2\/product"}],"about":[{"href":"https:\/\/www.vallonchene.fr\/es\/wp-json\/wp\/v2\/types\/product"}],"replies":[{"embeddable":true,"href":"https:\/\/www.vallonchene.fr\/es\/wp-json\/wp\/v2\/comments?post=17746"}],"wp:attachment":[{"href":"https:\/\/www.vallonchene.fr\/es\/wp-json\/wp\/v2\/media?parent=17746"}],"wp:term":[{"taxonomy":"product_brand","embeddable":true,"href":"https:\/\/www.vallonchene.fr\/es\/wp-json\/wp\/v2\/product_brand?post=17746"},{"taxonomy":"product_cat","embeddable":true,"href":"https:\/\/www.vallonchene.fr\/es\/wp-json\/wp\/v2\/product_cat?post=17746"},{"taxonomy":"product_tag","embeddable":true,"href":"https:\/\/www.vallonchene.fr\/es\/wp-json\/wp\/v2\/product_tag?post=17746"}],"curies":[{"name":"wp","href":"https:\/\/api.w.org\/{rel}","templated":true}]}}