{"id":17740,"date":"2021-08-31T10:56:33","date_gmt":"2021-08-31T10:56:33","guid":{"rendered":"https:\/\/testing.vallonchene.fr\/produit\/elaeagnus-angustifolia-quicksilver\/"},"modified":"2024-09-27T08:27:49","modified_gmt":"2024-09-27T08:27:49","slug":"elaeagnus-angustifolia-quicksilver","status":"publish","type":"product","link":"https:\/\/www.vallonchene.fr\/es\/producto\/elaeagnus-angustifolia-quicksilver\/","title":{"rendered":"ELAEAGNUS angustifolia &#8216;Quicksilver&#8217;"},"content":{"rendered":"","protected":false},"excerpt":{"rendered":"<p>Cet <strong>olivier de boh\u00eame<\/strong> est spectaculaire pour son feuillage blanc\/argent\u00e9. L&#8217;<strong>ELAEAGNUS angustifolia &#8216;Quicksilver&#8217;<\/strong> fleurit jaune en \u00e9t\u00e9. Ses fleurs sont parfum\u00e9es.<\/p>\n","protected":false},"featured_media":17731,"comment_status":"open","ping_status":"closed","template":"","meta":[],"product_brand":[],"product_cat":[11499],"product_tag":[4566,7010,7009,7013,7012,7011],"class_list":{"0":"post-17740","1":"product","2":"type-product","3":"status-publish","4":"has-post-thumbnail","6":"product_cat-arbustos-y-arboles","7":"product_tag-elaeagnus","8":"product_tag-elaeagnus-angustifolia","9":"product_tag-elaeagnus-angustifolia-quicksilv","10":"product_tag-elaeagnus-angustifolia-quicksilver","11":"product_tag-olivier-de-boheme","12":"product_tag-quicksilver","13":"pa_99-hauteurapproximativeapres1-2-a-3-m","14":"pa_couleurdesfleurs-amarilla","15":"pa_couleurdufeuillage-blanca","16":"pa_exigencesenhumidite-moderadamente-humedo-a-humedo","17":"pa_exigencesenhumidite-promedio","18":"pa_exigencesenhumidite-seco","19":"pa_expositionspossibles-sombra-parcial-evitar-el-sol-de-12-a-17-horas","20":"pa_expositionspossibles-pleno-sol-de-12-a-17-min","21":"pa_hauteurlivree-100-a-125-cm","22":"pa_hauteurlivree-80-a-100-cm-es","23":"pa_interetauprintemps-follaje","24":"pa_interetenautomne-follaje","25":"pa_interetenete-follaje","26":"pa_interetenete-flores","27":"pa_interetenete-aroma","28":"pa_naturedufeuillage-caduco","29":"pa_naturesdesolpossibles-ligero","30":"pa_naturesdesolpossibles-pesado","31":"pa_naturesdesolpossibles-normal-es","32":"pa_particularites-fragrante","33":"pa_periodedefloraison-verano","34":"pa_periodedetaille-marzo","35":"pa_phdusolacceptable-acido-menos-de-6_5","36":"pa_phdusolacceptable-calcareo-mas-de-7_5","37":"pa_phdusolacceptable-neutro-entre-6_5-y-7_5","38":"pa_portgraphisme-arbustivo-es","39":"pa_portgraphisme-oval","40":"pa_resistanceaufroidrusticite-resistente-por-debajo-de-menos-20-c","41":"pa_tailledepot-maceta-de-5-litros","42":"pa_tailledepot-maceta-de-7_5-litros","43":"pa_utilisationpossible-cerca-viva","44":"pa_utilisationpossible-aislado","45":"pa_utilisationpossible-arriate","47":"first","48":"outofstock","49":"taxable","50":"shipping-taxable","51":"purchasable","52":"product-type-variable","53":"has-default-attributes"},"supplier_id":null,"supplier_sku":"","barcode":null,"atum_controlled":true,"out_stock_date":null,"out_stock_threshold":null,"inheritable":false,"inbound_stock":null,"stock_on_hold":0,"sold_today":0,"sales_last_days":0,"reserved_stock":0,"customer_returns":null,"warehouse_damage":null,"lost_in_post":null,"other_logs":null,"out_stock_days":null,"lost_sales":0,"has_location":null,"update_date":"2024-09-27T06:29:40","atum_locations":[],"atum_stock_status":"outofstock","restock_status":false,"low_stock_amount":"","sales_update_date":null,"calc_backorders":null,"yoast_head":"<!-- This site is optimized with the Yoast SEO Premium plugin v27.4 (Yoast SEO v27.4) - https:\/\/yoast.com\/product\/yoast-seo-premium-wordpress\/ -->\n<title>ELAEAGNUS angustifolia &#039;Quicksilver&#039; - olivier de boh\u00eame<\/title>\n<meta name=\"description\" content=\"Cet olivier de boh\u00eame est spectaculaire pour son feuillage blanc\/argent\u00e9. L&#039;ELAEAGNUS angustifolia &#039;Quicksilver&#039; fleurit jaune en \u00e9t\u00e9. Ses fleurs sont parfum\u00e9es.\" \/>\n<meta name=\"robots\" content=\"index, follow, max-snippet:-1, max-image-preview:large, max-video-preview:-1\" \/>\n<link rel=\"canonical\" href=\"https:\/\/www.vallonchene.fr\/es\/producto\/elaeagnus-angustifolia-quicksilver\/\" \/>\n<meta property=\"og:locale\" content=\"es_ES\" \/>\n<meta property=\"og:type\" content=\"article\" \/>\n<meta property=\"og:title\" content=\"ELAEAGNUS angustifolia &#039;Quicksilver&#039;\" \/>\n<meta property=\"og:description\" content=\"Cet olivier de boh\u00eame est spectaculaire pour son feuillage blanc\/argent\u00e9. L&#039;ELAEAGNUS angustifolia &#039;Quicksilver&#039; fleurit jaune en \u00e9t\u00e9. Ses fleurs sont parfum\u00e9es.\" \/>\n<meta property=\"og:url\" content=\"https:\/\/www.vallonchene.fr\/es\/producto\/elaeagnus-angustifolia-quicksilver\/\" \/>\n<meta property=\"og:site_name\" content=\"Vallonch\u00eane\" \/>\n<meta property=\"article:publisher\" content=\"https:\/\/www.facebook.com\/vallonchene.fr\" \/>\n<meta property=\"article:modified_time\" content=\"2024-09-27T08:27:49+00:00\" \/>\n<meta property=\"og:image\" content=\"https:\/\/www.vallonchene.fr\/wp-content\/uploads\/2021\/08\/1240-9bf-ELAEAGNUS-angustifolia-Quicksilver-en-Mai.jpg\" \/>\n\t<meta property=\"og:image:width\" content=\"1600\" \/>\n\t<meta property=\"og:image:height\" content=\"1600\" \/>\n\t<meta property=\"og:image:type\" content=\"image\/jpeg\" \/>\n<meta name=\"twitter:card\" content=\"summary_large_image\" \/>\n<meta name=\"twitter:label1\" content=\"Disponibilidad\" \/>\n\t<meta name=\"twitter:data1\" content=\"Agotado\" \/>\n<script type=\"application\/ld+json\" class=\"yoast-schema-graph\">{\"@context\":\"https:\\\/\\\/schema.org\",\"@graph\":[{\"@type\":\"WebPage\",\"@id\":\"https:\\\/\\\/www.vallonchene.fr\\\/es\\\/producto\\\/elaeagnus-angustifolia-quicksilver\\\/\",\"url\":\"https:\\\/\\\/www.vallonchene.fr\\\/es\\\/producto\\\/elaeagnus-angustifolia-quicksilver\\\/\",\"name\":\"ELAEAGNUS angustifolia 'Quicksilver' - olivier de boh\u00eame\",\"isPartOf\":{\"@id\":\"https:\\\/\\\/www.vallonchene.fr\\\/es\\\/#website\"},\"primaryImageOfPage\":{\"@id\":\"https:\\\/\\\/www.vallonchene.fr\\\/es\\\/producto\\\/elaeagnus-angustifolia-quicksilver\\\/#primaryimage\"},\"image\":{\"@id\":\"https:\\\/\\\/www.vallonchene.fr\\\/es\\\/producto\\\/elaeagnus-angustifolia-quicksilver\\\/#primaryimage\"},\"thumbnailUrl\":\"https:\\\/\\\/www.vallonchene.fr\\\/wp-content\\\/uploads\\\/2021\\\/08\\\/1240-9bf-ELAEAGNUS-angustifolia-Quicksilver-en-Mai.jpg\",\"datePublished\":\"2021-08-31T10:56:33+00:00\",\"dateModified\":\"2024-09-27T08:27:49+00:00\",\"description\":\"Cet olivier de boh\u00eame est spectaculaire pour son feuillage blanc\\\/argent\u00e9. L'ELAEAGNUS angustifolia 'Quicksilver' fleurit jaune en \u00e9t\u00e9. Ses fleurs sont parfum\u00e9es.\",\"breadcrumb\":{\"@id\":\"https:\\\/\\\/www.vallonchene.fr\\\/es\\\/producto\\\/elaeagnus-angustifolia-quicksilver\\\/#breadcrumb\"},\"inLanguage\":\"es\",\"potentialAction\":[{\"@type\":\"ReadAction\",\"target\":[\"https:\\\/\\\/www.vallonchene.fr\\\/es\\\/producto\\\/elaeagnus-angustifolia-quicksilver\\\/\"]}]},{\"@type\":\"ImageObject\",\"inLanguage\":\"es\",\"@id\":\"https:\\\/\\\/www.vallonchene.fr\\\/es\\\/producto\\\/elaeagnus-angustifolia-quicksilver\\\/#primaryimage\",\"url\":\"https:\\\/\\\/www.vallonchene.fr\\\/wp-content\\\/uploads\\\/2021\\\/08\\\/1240-9bf-ELAEAGNUS-angustifolia-Quicksilver-en-Mai.jpg\",\"contentUrl\":\"https:\\\/\\\/www.vallonchene.fr\\\/wp-content\\\/uploads\\\/2021\\\/08\\\/1240-9bf-ELAEAGNUS-angustifolia-Quicksilver-en-Mai.jpg\",\"width\":1600,\"height\":1600,\"caption\":\"ELAEAGNUS angustifolia 'Quicksilver' en Mai\"},{\"@type\":\"BreadcrumbList\",\"@id\":\"https:\\\/\\\/www.vallonchene.fr\\\/es\\\/producto\\\/elaeagnus-angustifolia-quicksilver\\\/#breadcrumb\",\"itemListElement\":[{\"@type\":\"ListItem\",\"position\":1,\"name\":\"Home\",\"item\":\"https:\\\/\\\/www.vallonchene.fr\\\/es\\\/\"},{\"@type\":\"ListItem\",\"position\":2,\"name\":\"Tienda\",\"item\":\"https:\\\/\\\/www.vallonchene.fr\\\/tienda\\\/\"},{\"@type\":\"ListItem\",\"position\":3,\"name\":\"Venta en linea\",\"item\":\"https:\\\/\\\/www.vallonchene.fr\\\/es\\\/categoria-producto\\\/venta-en-linea\\\/\"},{\"@type\":\"ListItem\",\"position\":4,\"name\":\"Vivero\",\"item\":\"https:\\\/\\\/www.vallonchene.fr\\\/es\\\/categoria-producto\\\/venta-en-linea\\\/vivero\\\/\"},{\"@type\":\"ListItem\",\"position\":5,\"name\":\"Arbustos y \u00e1rboles\",\"item\":\"https:\\\/\\\/www.vallonchene.fr\\\/es\\\/categoria-producto\\\/venta-en-linea\\\/vivero\\\/arbustos-y-arboles\\\/\"},{\"@type\":\"ListItem\",\"position\":6,\"name\":\"ELAEAGNUS angustifolia &#8216;Quicksilver&#8217;\"}]},{\"@type\":\"WebSite\",\"@id\":\"https:\\\/\\\/www.vallonchene.fr\\\/es\\\/#website\",\"url\":\"https:\\\/\\\/www.vallonchene.fr\\\/es\\\/\",\"name\":\"Vallonch\u00eane\",\"description\":\"El vivero donde la calidad tiene sus ra\u00edces \u2013 Tel.: +33 (0)2.35.90.02.02\",\"publisher\":{\"@id\":\"https:\\\/\\\/www.vallonchene.fr\\\/es\\\/#organization\"},\"potentialAction\":[{\"@type\":\"SearchAction\",\"target\":{\"@type\":\"EntryPoint\",\"urlTemplate\":\"https:\\\/\\\/www.vallonchene.fr\\\/es\\\/?s={search_term_string}\"},\"query-input\":{\"@type\":\"PropertyValueSpecification\",\"valueRequired\":true,\"valueName\":\"search_term_string\"}}],\"inLanguage\":\"es\"},{\"@type\":\"Organization\",\"@id\":\"https:\\\/\\\/www.vallonchene.fr\\\/es\\\/#organization\",\"name\":\"VALLONCHENE\",\"url\":\"https:\\\/\\\/www.vallonchene.fr\\\/es\\\/\",\"logo\":{\"@type\":\"ImageObject\",\"inLanguage\":\"es\",\"@id\":\"https:\\\/\\\/www.vallonchene.fr\\\/es\\\/#\\\/schema\\\/logo\\\/image\\\/\",\"url\":\"https:\\\/\\\/www.vallonchene.fr\\\/wp-content\\\/uploads\\\/2023\\\/03\\\/Logo-Vallonchene-site-et-R_hauteur_100.png\",\"contentUrl\":\"https:\\\/\\\/www.vallonchene.fr\\\/wp-content\\\/uploads\\\/2023\\\/03\\\/Logo-Vallonchene-site-et-R_hauteur_100.png\",\"width\":221,\"height\":100,\"caption\":\"VALLONCHENE\"},\"image\":{\"@id\":\"https:\\\/\\\/www.vallonchene.fr\\\/es\\\/#\\\/schema\\\/logo\\\/image\\\/\"},\"sameAs\":[\"https:\\\/\\\/www.facebook.com\\\/vallonchene.fr\",\"https:\\\/\\\/www.instagram.com\\\/vallonchene\\\/\",\"https:\\\/\\\/www.pinterest.fr\\\/vallonchene\\\/\"],\"taxID\":\"49454502300017\",\"hasMerchantReturnPolicy\":{\"@type\":\"MerchantReturnPolicy\",\"merchantReturnLink\":\"https:\\\/\\\/www.vallonchene.fr\\\/remboursements_retours\\\/\"}}]}<\/script>\n<meta property=\"og:availability\" content=\"out of stock\" \/>\n<meta property=\"product:availability\" content=\"out of stock\" \/>\n<meta property=\"product:retailer_item_id\" content=\"36532\" \/>\n<meta property=\"product:condition\" content=\"new\" \/>\n<!-- \/ Yoast SEO Premium plugin. -->","yoast_head_json":{"title":"ELAEAGNUS angustifolia 'Quicksilver' - olivier de boh\u00eame","description":"Cet olivier de boh\u00eame est spectaculaire pour son feuillage blanc\/argent\u00e9. L'ELAEAGNUS angustifolia 'Quicksilver' fleurit jaune en \u00e9t\u00e9. Ses fleurs sont parfum\u00e9es.","robots":{"index":"index","follow":"follow","max-snippet":"max-snippet:-1","max-image-preview":"max-image-preview:large","max-video-preview":"max-video-preview:-1"},"canonical":"https:\/\/www.vallonchene.fr\/es\/producto\/elaeagnus-angustifolia-quicksilver\/","og_locale":"es_ES","og_type":"article","og_title":"ELAEAGNUS angustifolia 'Quicksilver'","og_description":"Cet olivier de boh\u00eame est spectaculaire pour son feuillage blanc\/argent\u00e9. L'ELAEAGNUS angustifolia 'Quicksilver' fleurit jaune en \u00e9t\u00e9. Ses fleurs sont parfum\u00e9es.","og_url":"https:\/\/www.vallonchene.fr\/es\/producto\/elaeagnus-angustifolia-quicksilver\/","og_site_name":"Vallonch\u00eane","article_publisher":"https:\/\/www.facebook.com\/vallonchene.fr","article_modified_time":"2024-09-27T08:27:49+00:00","og_image":[{"width":1600,"height":1600,"url":"https:\/\/www.vallonchene.fr\/wp-content\/uploads\/2021\/08\/1240-9bf-ELAEAGNUS-angustifolia-Quicksilver-en-Mai.jpg","type":"image\/jpeg"}],"twitter_card":"summary_large_image","twitter_misc":{"Disponibilidad":"Agotado"},"schema":{"@context":"https:\/\/schema.org","@graph":[{"@type":"WebPage","@id":"https:\/\/www.vallonchene.fr\/es\/producto\/elaeagnus-angustifolia-quicksilver\/","url":"https:\/\/www.vallonchene.fr\/es\/producto\/elaeagnus-angustifolia-quicksilver\/","name":"ELAEAGNUS angustifolia 'Quicksilver' - olivier de boh\u00eame","isPartOf":{"@id":"https:\/\/www.vallonchene.fr\/es\/#website"},"primaryImageOfPage":{"@id":"https:\/\/www.vallonchene.fr\/es\/producto\/elaeagnus-angustifolia-quicksilver\/#primaryimage"},"image":{"@id":"https:\/\/www.vallonchene.fr\/es\/producto\/elaeagnus-angustifolia-quicksilver\/#primaryimage"},"thumbnailUrl":"https:\/\/www.vallonchene.fr\/wp-content\/uploads\/2021\/08\/1240-9bf-ELAEAGNUS-angustifolia-Quicksilver-en-Mai.jpg","datePublished":"2021-08-31T10:56:33+00:00","dateModified":"2024-09-27T08:27:49+00:00","description":"Cet olivier de boh\u00eame est spectaculaire pour son feuillage blanc\/argent\u00e9. L'ELAEAGNUS angustifolia 'Quicksilver' fleurit jaune en \u00e9t\u00e9. Ses fleurs sont parfum\u00e9es.","breadcrumb":{"@id":"https:\/\/www.vallonchene.fr\/es\/producto\/elaeagnus-angustifolia-quicksilver\/#breadcrumb"},"inLanguage":"es","potentialAction":[{"@type":"ReadAction","target":["https:\/\/www.vallonchene.fr\/es\/producto\/elaeagnus-angustifolia-quicksilver\/"]}]},{"@type":"ImageObject","inLanguage":"es","@id":"https:\/\/www.vallonchene.fr\/es\/producto\/elaeagnus-angustifolia-quicksilver\/#primaryimage","url":"https:\/\/www.vallonchene.fr\/wp-content\/uploads\/2021\/08\/1240-9bf-ELAEAGNUS-angustifolia-Quicksilver-en-Mai.jpg","contentUrl":"https:\/\/www.vallonchene.fr\/wp-content\/uploads\/2021\/08\/1240-9bf-ELAEAGNUS-angustifolia-Quicksilver-en-Mai.jpg","width":1600,"height":1600,"caption":"ELAEAGNUS angustifolia 'Quicksilver' en Mai"},{"@type":"BreadcrumbList","@id":"https:\/\/www.vallonchene.fr\/es\/producto\/elaeagnus-angustifolia-quicksilver\/#breadcrumb","itemListElement":[{"@type":"ListItem","position":1,"name":"Home","item":"https:\/\/www.vallonchene.fr\/es\/"},{"@type":"ListItem","position":2,"name":"Tienda","item":"https:\/\/www.vallonchene.fr\/tienda\/"},{"@type":"ListItem","position":3,"name":"Venta en linea","item":"https:\/\/www.vallonchene.fr\/es\/categoria-producto\/venta-en-linea\/"},{"@type":"ListItem","position":4,"name":"Vivero","item":"https:\/\/www.vallonchene.fr\/es\/categoria-producto\/venta-en-linea\/vivero\/"},{"@type":"ListItem","position":5,"name":"Arbustos y \u00e1rboles","item":"https:\/\/www.vallonchene.fr\/es\/categoria-producto\/venta-en-linea\/vivero\/arbustos-y-arboles\/"},{"@type":"ListItem","position":6,"name":"ELAEAGNUS angustifolia &#8216;Quicksilver&#8217;"}]},{"@type":"WebSite","@id":"https:\/\/www.vallonchene.fr\/es\/#website","url":"https:\/\/www.vallonchene.fr\/es\/","name":"Vallonch\u00eane","description":"El vivero donde la calidad tiene sus ra\u00edces \u2013 Tel.: +33 (0)2.35.90.02.02","publisher":{"@id":"https:\/\/www.vallonchene.fr\/es\/#organization"},"potentialAction":[{"@type":"SearchAction","target":{"@type":"EntryPoint","urlTemplate":"https:\/\/www.vallonchene.fr\/es\/?s={search_term_string}"},"query-input":{"@type":"PropertyValueSpecification","valueRequired":true,"valueName":"search_term_string"}}],"inLanguage":"es"},{"@type":"Organization","@id":"https:\/\/www.vallonchene.fr\/es\/#organization","name":"VALLONCHENE","url":"https:\/\/www.vallonchene.fr\/es\/","logo":{"@type":"ImageObject","inLanguage":"es","@id":"https:\/\/www.vallonchene.fr\/es\/#\/schema\/logo\/image\/","url":"https:\/\/www.vallonchene.fr\/wp-content\/uploads\/2023\/03\/Logo-Vallonchene-site-et-R_hauteur_100.png","contentUrl":"https:\/\/www.vallonchene.fr\/wp-content\/uploads\/2023\/03\/Logo-Vallonchene-site-et-R_hauteur_100.png","width":221,"height":100,"caption":"VALLONCHENE"},"image":{"@id":"https:\/\/www.vallonchene.fr\/es\/#\/schema\/logo\/image\/"},"sameAs":["https:\/\/www.facebook.com\/vallonchene.fr","https:\/\/www.instagram.com\/vallonchene\/","https:\/\/www.pinterest.fr\/vallonchene\/"],"taxID":"49454502300017","hasMerchantReturnPolicy":{"@type":"MerchantReturnPolicy","merchantReturnLink":"https:\/\/www.vallonchene.fr\/remboursements_retours\/"}}]},"og_availability":"out of stock","product_availability":"out of stock","product_retailer_item_id":"36532","product_condition":"new"},"_links":{"self":[{"href":"https:\/\/www.vallonchene.fr\/es\/wp-json\/wp\/v2\/product\/17740","targetHints":{"allow":["GET"]}}],"collection":[{"href":"https:\/\/www.vallonchene.fr\/es\/wp-json\/wp\/v2\/product"}],"about":[{"href":"https:\/\/www.vallonchene.fr\/es\/wp-json\/wp\/v2\/types\/product"}],"replies":[{"embeddable":true,"href":"https:\/\/www.vallonchene.fr\/es\/wp-json\/wp\/v2\/comments?post=17740"}],"wp:featuredmedia":[{"embeddable":true,"href":"https:\/\/www.vallonchene.fr\/es\/wp-json\/wp\/v2\/media\/17731"}],"wp:attachment":[{"href":"https:\/\/www.vallonchene.fr\/es\/wp-json\/wp\/v2\/media?parent=17740"}],"wp:term":[{"taxonomy":"product_brand","embeddable":true,"href":"https:\/\/www.vallonchene.fr\/es\/wp-json\/wp\/v2\/product_brand?post=17740"},{"taxonomy":"product_cat","embeddable":true,"href":"https:\/\/www.vallonchene.fr\/es\/wp-json\/wp\/v2\/product_cat?post=17740"},{"taxonomy":"product_tag","embeddable":true,"href":"https:\/\/www.vallonchene.fr\/es\/wp-json\/wp\/v2\/product_tag?post=17740"}],"curies":[{"name":"wp","href":"https:\/\/api.w.org\/{rel}","templated":true}]}}