{"id":17566,"date":"2021-08-31T11:41:51","date_gmt":"2021-08-31T11:41:51","guid":{"rendered":"https:\/\/testing.vallonchene.fr\/produit\/tricyrtis-hirta-variegata\/"},"modified":"2024-09-26T14:39:28","modified_gmt":"2024-09-26T14:39:28","slug":"tricyrtis-hirta-variegata","status":"publish","type":"product","link":"https:\/\/www.vallonchene.fr\/es\/producto\/tricyrtis-hirta-variegata\/","title":{"rendered":"TRICYRTIS hirta &#8216;Variegata&#8217;"},"content":{"rendered":"","protected":false},"excerpt":{"rendered":"<p>Ce <strong>lis des crapauds<\/strong> est bien plus \u00e9l\u00e9gant que son nom veut le faire croire. Le feuillage du\u00a0<strong>TRICYRTIS hirta &#8216;Variegata&#8217;<\/strong> est vert bord\u00e9 de blanc. Les magnifiques fleurs sont blanches tigr\u00e9es de mauve en fin d&#8217;\u00e9t\u00e9.<\/p>\n","protected":false},"featured_media":17563,"comment_status":"open","ping_status":"closed","template":"","meta":[],"product_brand":[],"product_cat":[263],"product_tag":[5924,5334,5923,6947,2062],"class_list":{"0":"post-17566","1":"product","2":"type-product","3":"status-publish","4":"has-post-thumbnail","6":"product_cat-vivaces","7":"product_tag-lis-des-crapauds","8":"product_tag-tricyrtis","9":"product_tag-tricyrtis-hirta","10":"product_tag-tricyrtis-hirta-variegata","11":"product_tag-variegata","12":"pa_99-hauteurapproximativeapres1-20a50cm","13":"pa_couleurdesfleurs-blanc","14":"pa_couleurdesfleurs-mauve","15":"pa_couleurdufeuillage-blanc","16":"pa_couleurdufeuillage-panache","17":"pa_couleurdufeuillage-vert","18":"pa_exigencesenhumidite-fraisahumide","19":"pa_exigencesenhumidite-moyen","20":"pa_exigencesenhumidite-sec","21":"pa_expositionspossibles-33-mi_ombreeviterlesoleilde12","22":"pa_expositionspossibles-ombrepasdesoleildirect","23":"pa_expositionspossibles-pleinsoleilde12ha17hmin","24":"pa_interetauprintemps-feuillage","25":"pa_interetenautomne-feuillage","26":"pa_interetenete-feuillage","27":"pa_interetenete-fleurs","28":"pa_naturedufeuillage-caduc","29":"pa_naturesdesolpossibles-leger","30":"pa_naturesdesolpossibles-normal","31":"pa_periodedefloraison-ete","32":"pa_periodedetaille-oct","33":"pa_phdusolacceptable-acidemoinsde65","34":"pa_phdusolacceptable-calcaireplusde75","35":"pa_phdusolacceptable-neutreentre65et75","36":"pa_portgraphisme-fastigie","37":"pa_resistanceaufroidrusticite-resistant-en-dessous-de-moins-20-degree-c","38":"pa_utilisationpossible-bacoupot","39":"pa_utilisationpossible-couvre_sol","40":"pa_utilisationpossible-massif","42":"first","43":"outofstock","44":"taxable","45":"shipping-taxable","46":"purchasable","47":"product-type-simple"},"supplier_id":null,"supplier_sku":"","barcode":null,"atum_controlled":true,"out_stock_date":"2024-09-26 14:39:28","out_stock_threshold":null,"inheritable":false,"inbound_stock":0,"stock_on_hold":0,"sold_today":0,"sales_last_days":0,"reserved_stock":0,"customer_returns":0,"warehouse_damage":0,"lost_in_post":0,"other_logs":0,"out_stock_days":259,"lost_sales":0,"has_location":false,"update_date":"2025-06-13T13:38:51","atum_locations":[],"atum_stock_status":"outofstock","restock_status":false,"low_stock_amount":"","sales_update_date":"2025-06-13T13:38:51","calc_backorders":null,"yoast_head":"<!-- This site is optimized with the Yoast SEO Premium plugin v27.5 (Yoast SEO v27.5) - https:\/\/yoast.com\/product\/yoast-seo-premium-wordpress\/ -->\n<title>TRICYRTIS hirta &#039;Variegata&#039; - lis des crapauds<\/title>\n<meta name=\"description\" content=\"Ce lis des crapauds est bien plus \u00e9l\u00e9gant que son nom veut le faire croire. Le feuillage du\u00a0TRICYRTIS hirta &#039;Variegata&#039; est vert bord\u00e9 de blanc. Les magnifiques fleurs sont blanches tigr\u00e9es de mauve en...\" \/>\n<meta name=\"robots\" content=\"index, follow, max-snippet:-1, max-image-preview:large, max-video-preview:-1\" \/>\n<link rel=\"canonical\" href=\"https:\/\/www.vallonchene.fr\/es\/producto\/tricyrtis-hirta-variegata\/\" \/>\n<meta property=\"og:locale\" content=\"es_ES\" \/>\n<meta property=\"og:type\" content=\"article\" \/>\n<meta property=\"og:title\" content=\"TRICYRTIS hirta &#039;Variegata&#039;\" \/>\n<meta property=\"og:description\" content=\"Ce lis des crapauds est bien plus \u00e9l\u00e9gant que son nom veut le faire croire. Le feuillage du\u00a0TRICYRTIS hirta &#039;Variegata&#039; est vert bord\u00e9 de blanc. Les magnifiques fleurs sont blanches tigr\u00e9es de mauve en...\" \/>\n<meta property=\"og:url\" content=\"https:\/\/www.vallonchene.fr\/es\/producto\/tricyrtis-hirta-variegata\/\" \/>\n<meta property=\"og:site_name\" content=\"Vallonch\u00eane\" \/>\n<meta property=\"article:publisher\" content=\"https:\/\/www.facebook.com\/vallonchene.fr\" \/>\n<meta property=\"article:modified_time\" content=\"2024-09-26T14:39:28+00:00\" \/>\n<meta property=\"og:image\" content=\"https:\/\/www.vallonchene.fr\/wp-content\/uploads\/2021\/08\/3812-9e6-TRICYRTIS-hirta-Variegata-en-Octobre.jpg\" \/>\n\t<meta property=\"og:image:width\" content=\"1600\" \/>\n\t<meta property=\"og:image:height\" content=\"1600\" \/>\n\t<meta property=\"og:image:type\" content=\"image\/jpeg\" \/>\n<meta name=\"twitter:card\" content=\"summary_large_image\" \/>\n<meta name=\"twitter:label1\" content=\"Precio\" \/>\n\t<meta name=\"twitter:data1\" content=\"0,00&nbsp;&euro;\" \/>\n\t<meta name=\"twitter:label2\" content=\"Disponibilidad\" \/>\n\t<meta name=\"twitter:data2\" content=\"Agotado\" \/>\n<script type=\"application\/ld+json\" class=\"yoast-schema-graph\">{\"@context\":\"https:\\\/\\\/schema.org\",\"@graph\":[{\"@type\":\"WebPage\",\"@id\":\"https:\\\/\\\/www.vallonchene.fr\\\/es\\\/producto\\\/tricyrtis-hirta-variegata\\\/\",\"url\":\"https:\\\/\\\/www.vallonchene.fr\\\/es\\\/producto\\\/tricyrtis-hirta-variegata\\\/\",\"name\":\"TRICYRTIS hirta 'Variegata' - lis des crapauds\",\"isPartOf\":{\"@id\":\"https:\\\/\\\/www.vallonchene.fr\\\/es\\\/#website\"},\"primaryImageOfPage\":{\"@id\":\"https:\\\/\\\/www.vallonchene.fr\\\/es\\\/producto\\\/tricyrtis-hirta-variegata\\\/#primaryimage\"},\"image\":{\"@id\":\"https:\\\/\\\/www.vallonchene.fr\\\/es\\\/producto\\\/tricyrtis-hirta-variegata\\\/#primaryimage\"},\"thumbnailUrl\":\"https:\\\/\\\/www.vallonchene.fr\\\/wp-content\\\/uploads\\\/2021\\\/08\\\/3812-9e6-TRICYRTIS-hirta-Variegata-en-Octobre.jpg\",\"datePublished\":\"2021-08-31T11:41:51+00:00\",\"dateModified\":\"2024-09-26T14:39:28+00:00\",\"description\":\"Ce lis des crapauds est bien plus \u00e9l\u00e9gant que son nom veut le faire croire. Le feuillage du\u00a0TRICYRTIS hirta 'Variegata' est vert bord\u00e9 de blanc. Les magnifiques fleurs sont blanches tigr\u00e9es de mauve en...\",\"breadcrumb\":{\"@id\":\"https:\\\/\\\/www.vallonchene.fr\\\/es\\\/producto\\\/tricyrtis-hirta-variegata\\\/#breadcrumb\"},\"inLanguage\":\"es\",\"potentialAction\":[{\"@type\":\"ReadAction\",\"target\":[\"https:\\\/\\\/www.vallonchene.fr\\\/es\\\/producto\\\/tricyrtis-hirta-variegata\\\/\"]}]},{\"@type\":\"ImageObject\",\"inLanguage\":\"es\",\"@id\":\"https:\\\/\\\/www.vallonchene.fr\\\/es\\\/producto\\\/tricyrtis-hirta-variegata\\\/#primaryimage\",\"url\":\"https:\\\/\\\/www.vallonchene.fr\\\/wp-content\\\/uploads\\\/2021\\\/08\\\/3812-9e6-TRICYRTIS-hirta-Variegata-en-Octobre.jpg\",\"contentUrl\":\"https:\\\/\\\/www.vallonchene.fr\\\/wp-content\\\/uploads\\\/2021\\\/08\\\/3812-9e6-TRICYRTIS-hirta-Variegata-en-Octobre.jpg\",\"width\":1600,\"height\":1600,\"caption\":\"TRICYRTIS hirta 'Variegata' en Octobre\"},{\"@type\":\"BreadcrumbList\",\"@id\":\"https:\\\/\\\/www.vallonchene.fr\\\/es\\\/producto\\\/tricyrtis-hirta-variegata\\\/#breadcrumb\",\"itemListElement\":[{\"@type\":\"ListItem\",\"position\":1,\"name\":\"Home\",\"item\":\"https:\\\/\\\/www.vallonchene.fr\\\/es\\\/\"},{\"@type\":\"ListItem\",\"position\":2,\"name\":\"Tienda\",\"item\":\"https:\\\/\\\/www.vallonchene.fr\\\/tienda\\\/\"},{\"@type\":\"ListItem\",\"position\":3,\"name\":\"Venta en linea\",\"item\":\"https:\\\/\\\/www.vallonchene.fr\\\/es\\\/categoria-producto\\\/venta-en-linea\\\/\"},{\"@type\":\"ListItem\",\"position\":4,\"name\":\"Vivero\",\"item\":\"https:\\\/\\\/www.vallonchene.fr\\\/es\\\/categoria-producto\\\/venta-en-linea\\\/vivero\\\/\"},{\"@type\":\"ListItem\",\"position\":5,\"name\":\"Plantas perennes\",\"item\":\"https:\\\/\\\/www.vallonchene.fr\\\/es\\\/categoria-producto\\\/venta-en-linea\\\/vivero\\\/plantas-perennes\\\/\"},{\"@type\":\"ListItem\",\"position\":6,\"name\":\"TRICYRTIS hirta &#8216;Variegata&#8217;\"}]},{\"@type\":\"WebSite\",\"@id\":\"https:\\\/\\\/www.vallonchene.fr\\\/es\\\/#website\",\"url\":\"https:\\\/\\\/www.vallonchene.fr\\\/es\\\/\",\"name\":\"Vallonch\u00eane\",\"description\":\"El vivero donde la calidad tiene sus ra\u00edces \u2013 Tel.: +33 (0)2.35.90.02.02\",\"publisher\":{\"@id\":\"https:\\\/\\\/www.vallonchene.fr\\\/es\\\/#organization\"},\"potentialAction\":[{\"@type\":\"SearchAction\",\"target\":{\"@type\":\"EntryPoint\",\"urlTemplate\":\"https:\\\/\\\/www.vallonchene.fr\\\/es\\\/?s={search_term_string}\"},\"query-input\":{\"@type\":\"PropertyValueSpecification\",\"valueRequired\":true,\"valueName\":\"search_term_string\"}}],\"inLanguage\":\"es\"},{\"@type\":\"Organization\",\"@id\":\"https:\\\/\\\/www.vallonchene.fr\\\/es\\\/#organization\",\"name\":\"VALLONCHENE\",\"url\":\"https:\\\/\\\/www.vallonchene.fr\\\/es\\\/\",\"logo\":{\"@type\":\"ImageObject\",\"inLanguage\":\"es\",\"@id\":\"https:\\\/\\\/www.vallonchene.fr\\\/es\\\/#\\\/schema\\\/logo\\\/image\\\/\",\"url\":\"https:\\\/\\\/www.vallonchene.fr\\\/wp-content\\\/uploads\\\/2023\\\/03\\\/Logo-Vallonchene-site-et-R_hauteur_100.png\",\"contentUrl\":\"https:\\\/\\\/www.vallonchene.fr\\\/wp-content\\\/uploads\\\/2023\\\/03\\\/Logo-Vallonchene-site-et-R_hauteur_100.png\",\"width\":221,\"height\":100,\"caption\":\"VALLONCHENE\"},\"image\":{\"@id\":\"https:\\\/\\\/www.vallonchene.fr\\\/es\\\/#\\\/schema\\\/logo\\\/image\\\/\"},\"sameAs\":[\"https:\\\/\\\/www.facebook.com\\\/vallonchene.fr\",\"https:\\\/\\\/www.instagram.com\\\/vallonchene\\\/\",\"https:\\\/\\\/www.pinterest.fr\\\/vallonchene\\\/\"],\"taxID\":\"49454502300017\",\"hasMerchantReturnPolicy\":{\"@type\":\"MerchantReturnPolicy\",\"merchantReturnLink\":\"https:\\\/\\\/www.vallonchene.fr\\\/remboursements_retours\\\/\"}}]}<\/script>\n<meta property=\"product:price:amount\" content=\"0.00\" \/>\n<meta property=\"product:price:currency\" content=\"EUR\" \/>\n<meta property=\"og:availability\" content=\"out of stock\" \/>\n<meta property=\"product:availability\" content=\"out of stock\" \/>\n<meta property=\"product:retailer_item_id\" content=\"68179\" \/>\n<meta property=\"product:condition\" content=\"new\" \/>\n<!-- \/ Yoast SEO Premium plugin. -->","yoast_head_json":{"title":"TRICYRTIS hirta 'Variegata' - lis des crapauds","description":"Ce lis des crapauds est bien plus \u00e9l\u00e9gant que son nom veut le faire croire. Le feuillage du\u00a0TRICYRTIS hirta 'Variegata' est vert bord\u00e9 de blanc. Les magnifiques fleurs sont blanches tigr\u00e9es de mauve en...","robots":{"index":"index","follow":"follow","max-snippet":"max-snippet:-1","max-image-preview":"max-image-preview:large","max-video-preview":"max-video-preview:-1"},"canonical":"https:\/\/www.vallonchene.fr\/es\/producto\/tricyrtis-hirta-variegata\/","og_locale":"es_ES","og_type":"article","og_title":"TRICYRTIS hirta 'Variegata'","og_description":"Ce lis des crapauds est bien plus \u00e9l\u00e9gant que son nom veut le faire croire. Le feuillage du\u00a0TRICYRTIS hirta 'Variegata' est vert bord\u00e9 de blanc. Les magnifiques fleurs sont blanches tigr\u00e9es de mauve en...","og_url":"https:\/\/www.vallonchene.fr\/es\/producto\/tricyrtis-hirta-variegata\/","og_site_name":"Vallonch\u00eane","article_publisher":"https:\/\/www.facebook.com\/vallonchene.fr","article_modified_time":"2024-09-26T14:39:28+00:00","og_image":[{"width":1600,"height":1600,"url":"https:\/\/www.vallonchene.fr\/wp-content\/uploads\/2021\/08\/3812-9e6-TRICYRTIS-hirta-Variegata-en-Octobre.jpg","type":"image\/jpeg"}],"twitter_card":"summary_large_image","twitter_misc":{"Precio":"0,00&nbsp;&euro;","Disponibilidad":"Agotado"},"schema":{"@context":"https:\/\/schema.org","@graph":[{"@type":"WebPage","@id":"https:\/\/www.vallonchene.fr\/es\/producto\/tricyrtis-hirta-variegata\/","url":"https:\/\/www.vallonchene.fr\/es\/producto\/tricyrtis-hirta-variegata\/","name":"TRICYRTIS hirta 'Variegata' - lis des crapauds","isPartOf":{"@id":"https:\/\/www.vallonchene.fr\/es\/#website"},"primaryImageOfPage":{"@id":"https:\/\/www.vallonchene.fr\/es\/producto\/tricyrtis-hirta-variegata\/#primaryimage"},"image":{"@id":"https:\/\/www.vallonchene.fr\/es\/producto\/tricyrtis-hirta-variegata\/#primaryimage"},"thumbnailUrl":"https:\/\/www.vallonchene.fr\/wp-content\/uploads\/2021\/08\/3812-9e6-TRICYRTIS-hirta-Variegata-en-Octobre.jpg","datePublished":"2021-08-31T11:41:51+00:00","dateModified":"2024-09-26T14:39:28+00:00","description":"Ce lis des crapauds est bien plus \u00e9l\u00e9gant que son nom veut le faire croire. Le feuillage du\u00a0TRICYRTIS hirta 'Variegata' est vert bord\u00e9 de blanc. Les magnifiques fleurs sont blanches tigr\u00e9es de mauve en...","breadcrumb":{"@id":"https:\/\/www.vallonchene.fr\/es\/producto\/tricyrtis-hirta-variegata\/#breadcrumb"},"inLanguage":"es","potentialAction":[{"@type":"ReadAction","target":["https:\/\/www.vallonchene.fr\/es\/producto\/tricyrtis-hirta-variegata\/"]}]},{"@type":"ImageObject","inLanguage":"es","@id":"https:\/\/www.vallonchene.fr\/es\/producto\/tricyrtis-hirta-variegata\/#primaryimage","url":"https:\/\/www.vallonchene.fr\/wp-content\/uploads\/2021\/08\/3812-9e6-TRICYRTIS-hirta-Variegata-en-Octobre.jpg","contentUrl":"https:\/\/www.vallonchene.fr\/wp-content\/uploads\/2021\/08\/3812-9e6-TRICYRTIS-hirta-Variegata-en-Octobre.jpg","width":1600,"height":1600,"caption":"TRICYRTIS hirta 'Variegata' en Octobre"},{"@type":"BreadcrumbList","@id":"https:\/\/www.vallonchene.fr\/es\/producto\/tricyrtis-hirta-variegata\/#breadcrumb","itemListElement":[{"@type":"ListItem","position":1,"name":"Home","item":"https:\/\/www.vallonchene.fr\/es\/"},{"@type":"ListItem","position":2,"name":"Tienda","item":"https:\/\/www.vallonchene.fr\/tienda\/"},{"@type":"ListItem","position":3,"name":"Venta en linea","item":"https:\/\/www.vallonchene.fr\/es\/categoria-producto\/venta-en-linea\/"},{"@type":"ListItem","position":4,"name":"Vivero","item":"https:\/\/www.vallonchene.fr\/es\/categoria-producto\/venta-en-linea\/vivero\/"},{"@type":"ListItem","position":5,"name":"Plantas perennes","item":"https:\/\/www.vallonchene.fr\/es\/categoria-producto\/venta-en-linea\/vivero\/plantas-perennes\/"},{"@type":"ListItem","position":6,"name":"TRICYRTIS hirta &#8216;Variegata&#8217;"}]},{"@type":"WebSite","@id":"https:\/\/www.vallonchene.fr\/es\/#website","url":"https:\/\/www.vallonchene.fr\/es\/","name":"Vallonch\u00eane","description":"El vivero donde la calidad tiene sus ra\u00edces \u2013 Tel.: +33 (0)2.35.90.02.02","publisher":{"@id":"https:\/\/www.vallonchene.fr\/es\/#organization"},"potentialAction":[{"@type":"SearchAction","target":{"@type":"EntryPoint","urlTemplate":"https:\/\/www.vallonchene.fr\/es\/?s={search_term_string}"},"query-input":{"@type":"PropertyValueSpecification","valueRequired":true,"valueName":"search_term_string"}}],"inLanguage":"es"},{"@type":"Organization","@id":"https:\/\/www.vallonchene.fr\/es\/#organization","name":"VALLONCHENE","url":"https:\/\/www.vallonchene.fr\/es\/","logo":{"@type":"ImageObject","inLanguage":"es","@id":"https:\/\/www.vallonchene.fr\/es\/#\/schema\/logo\/image\/","url":"https:\/\/www.vallonchene.fr\/wp-content\/uploads\/2023\/03\/Logo-Vallonchene-site-et-R_hauteur_100.png","contentUrl":"https:\/\/www.vallonchene.fr\/wp-content\/uploads\/2023\/03\/Logo-Vallonchene-site-et-R_hauteur_100.png","width":221,"height":100,"caption":"VALLONCHENE"},"image":{"@id":"https:\/\/www.vallonchene.fr\/es\/#\/schema\/logo\/image\/"},"sameAs":["https:\/\/www.facebook.com\/vallonchene.fr","https:\/\/www.instagram.com\/vallonchene\/","https:\/\/www.pinterest.fr\/vallonchene\/"],"taxID":"49454502300017","hasMerchantReturnPolicy":{"@type":"MerchantReturnPolicy","merchantReturnLink":"https:\/\/www.vallonchene.fr\/remboursements_retours\/"}}]},"product_price_amount":"0.00","product_price_currency":"EUR","og_availability":"out of stock","product_availability":"out of stock","product_retailer_item_id":"68179","product_condition":"new"},"_links":{"self":[{"href":"https:\/\/www.vallonchene.fr\/es\/wp-json\/wp\/v2\/product\/17566","targetHints":{"allow":["GET"]}}],"collection":[{"href":"https:\/\/www.vallonchene.fr\/es\/wp-json\/wp\/v2\/product"}],"about":[{"href":"https:\/\/www.vallonchene.fr\/es\/wp-json\/wp\/v2\/types\/product"}],"replies":[{"embeddable":true,"href":"https:\/\/www.vallonchene.fr\/es\/wp-json\/wp\/v2\/comments?post=17566"}],"wp:featuredmedia":[{"embeddable":true,"href":"https:\/\/www.vallonchene.fr\/es\/wp-json\/wp\/v2\/media\/17563"}],"wp:attachment":[{"href":"https:\/\/www.vallonchene.fr\/es\/wp-json\/wp\/v2\/media?parent=17566"}],"wp:term":[{"taxonomy":"product_brand","embeddable":true,"href":"https:\/\/www.vallonchene.fr\/es\/wp-json\/wp\/v2\/product_brand?post=17566"},{"taxonomy":"product_cat","embeddable":true,"href":"https:\/\/www.vallonchene.fr\/es\/wp-json\/wp\/v2\/product_cat?post=17566"},{"taxonomy":"product_tag","embeddable":true,"href":"https:\/\/www.vallonchene.fr\/es\/wp-json\/wp\/v2\/product_tag?post=17566"}],"curies":[{"name":"wp","href":"https:\/\/api.w.org\/{rel}","templated":true}]}}