{"id":16237,"date":"2021-08-31T11:25:42","date_gmt":"2021-08-31T11:25:42","guid":{"rendered":"https:\/\/testing.vallonchene.fr\/produit\/pinus-mugo-winter-gold\/"},"modified":"2024-09-26T14:59:55","modified_gmt":"2024-09-26T14:59:55","slug":"pinus-mugo-winter-gold","status":"publish","type":"product","link":"https:\/\/www.vallonchene.fr\/es\/producto\/pinus-mugo-winter-gold\/","title":{"rendered":"PINUS mugo &#8216;Winter Gold&#8217; (Wintergold)"},"content":{"rendered":"","protected":false},"excerpt":{"rendered":"<p>Ce <strong>pin de montagne<\/strong> est une forme large \u00e0 croissance lente. Les aiguilles du\u00a0<strong>PINUS mugo &#8216;Winter Gold&#8217;<\/strong> sont vertes en \u00e9t\u00e9 et jaunes en hiver. Il est absolument rustique et adapt\u00e9 aux petits jardins.<\/p>\n","protected":false},"featured_media":16231,"comment_status":"open","ping_status":"closed","template":"","meta":[],"product_brand":[],"product_cat":[254],"product_tag":[722,672,721,6460,6459],"class_list":{"0":"post-16237","1":"product","2":"type-product","3":"status-publish","4":"has-post-thumbnail","6":"product_cat-coniferes","7":"product_tag-pin-de-montagne","8":"product_tag-pinus","9":"product_tag-pinus-mugo","10":"product_tag-pinus-mugo-winter-gold","11":"product_tag-winter-gold","12":"pa_99-hauteurapproximativeapres1-50a100cm","13":"pa_couleurdufeuillage-jaune","14":"pa_couleurdufeuillage-vert","15":"pa_exigencesenhumidite-fraisahumide","16":"pa_exigencesenhumidite-moyen","17":"pa_exigencesenhumidite-sec","18":"pa_expositionspossibles-33-mi_ombreeviterlesoleilde12","19":"pa_expositionspossibles-pleinsoleilde12ha17hmin","20":"pa_hauteurlivree-25-a-30-cm","21":"pa_hauteurlivree-50-a-60-cm","22":"pa_hauteurlivree-60-a-80-cm","23":"pa_hauteurlivree-70-a-80-cm","24":"pa_hauteurlivree-80-a-100-cm","25":"pa_interetauprintemps-feuillage","26":"pa_interetauprintemps-graphismeforme","27":"pa_interetauprintemps-jeunespousses","28":"pa_interetenautomne-feuillage","29":"pa_interetenautomne-graphismeforme","30":"pa_interetenete-feuillage","31":"pa_interetenete-graphismeforme","32":"pa_interetenhiver-feuillage","33":"pa_interetenhiver-graphismeforme","34":"pa_naturedufeuillage-persistant","35":"pa_naturesdesolpossibles-leger","36":"pa_naturesdesolpossibles-lourd","37":"pa_naturesdesolpossibles-normal","38":"pa_particularites-adapteaubonsai","39":"pa_particularites-graphismeforme","40":"pa_periodedetaille-mars","41":"pa_phdusolacceptable-acidemoinsde65","42":"pa_phdusolacceptable-calcaireplusde75","43":"pa_phdusolacceptable-neutreentre65et75","44":"pa_portgraphisme-arrondi","45":"pa_portgraphisme-evase","46":"pa_resistanceaufroidrusticite-resistant-en-dessous-de-moins-20-degree-c","47":"pa_tailledepot-pot-de-10-litres","48":"pa_tailledepot-pot-de-15-litres","49":"pa_utilisationpossible-bacoupot","50":"pa_utilisationpossible-massif","52":"first","53":"outofstock","54":"taxable","55":"shipping-taxable","56":"purchasable","57":"product-type-variable","58":"has-default-attributes"},"supplier_id":null,"supplier_sku":"","barcode":null,"atum_controlled":true,"out_stock_date":null,"out_stock_threshold":null,"inheritable":true,"inbound_stock":0,"stock_on_hold":0,"sold_today":0,"sales_last_days":0,"reserved_stock":0,"customer_returns":0,"warehouse_damage":0,"lost_in_post":0,"other_logs":0,"out_stock_days":null,"lost_sales":0,"has_location":false,"update_date":"2024-09-26T13:00:01","atum_locations":[],"atum_stock_status":"outofstock","restock_status":false,"low_stock_amount":"","sales_update_date":"2024-01-28T15:01:02","calc_backorders":null,"yoast_head":"<!-- This site is optimized with the Yoast SEO Premium plugin v27.5 (Yoast SEO v27.5) - https:\/\/yoast.com\/product\/yoast-seo-premium-wordpress\/ -->\n<title>PINUS mugo &#039;Winter Gold&#039; - pin de montagne<\/title>\n<meta name=\"description\" content=\"Ce pin de montagne est une forme large \u00e0 croissance lente. Les aiguilles du\u00a0PINUS mugo &#039;Winter Gold&#039; sont vertes en \u00e9t\u00e9 et jaunes en hiver. Il est absolument rustique et adapt\u00e9 aux petits...\" \/>\n<meta name=\"robots\" content=\"index, follow, max-snippet:-1, max-image-preview:large, max-video-preview:-1\" \/>\n<link rel=\"canonical\" href=\"https:\/\/www.vallonchene.fr\/es\/producto\/pinus-mugo-winter-gold\/\" \/>\n<meta property=\"og:locale\" content=\"es_ES\" \/>\n<meta property=\"og:type\" content=\"article\" \/>\n<meta property=\"og:title\" content=\"PINUS mugo &#039;Winter Gold&#039; (Wintergold)\" \/>\n<meta property=\"og:description\" content=\"Ce pin de montagne est une forme large \u00e0 croissance lente. Les aiguilles du\u00a0PINUS mugo &#039;Winter Gold&#039; sont vertes en \u00e9t\u00e9 et jaunes en hiver. Il est absolument rustique et adapt\u00e9 aux petits...\" \/>\n<meta property=\"og:url\" content=\"https:\/\/www.vallonchene.fr\/es\/producto\/pinus-mugo-winter-gold\/\" \/>\n<meta property=\"og:site_name\" content=\"Vallonch\u00eane\" \/>\n<meta property=\"article:publisher\" content=\"https:\/\/www.facebook.com\/vallonchene.fr\" \/>\n<meta property=\"article:modified_time\" content=\"2024-09-26T14:59:55+00:00\" \/>\n<meta property=\"og:image\" content=\"https:\/\/www.vallonchene.fr\/wp-content\/uploads\/2021\/08\/2882-460-PINUS-mugo-Winter-Gold-en-Mars.jpg\" \/>\n\t<meta property=\"og:image:width\" content=\"1600\" \/>\n\t<meta property=\"og:image:height\" content=\"1600\" \/>\n\t<meta property=\"og:image:type\" content=\"image\/jpeg\" \/>\n<meta name=\"twitter:card\" content=\"summary_large_image\" \/>\n<meta name=\"twitter:label1\" content=\"Disponibilidad\" \/>\n\t<meta name=\"twitter:data1\" content=\"Agotado\" \/>\n<script type=\"application\/ld+json\" class=\"yoast-schema-graph\">{\"@context\":\"https:\\\/\\\/schema.org\",\"@graph\":[{\"@type\":\"WebPage\",\"@id\":\"https:\\\/\\\/www.vallonchene.fr\\\/es\\\/producto\\\/pinus-mugo-winter-gold\\\/\",\"url\":\"https:\\\/\\\/www.vallonchene.fr\\\/es\\\/producto\\\/pinus-mugo-winter-gold\\\/\",\"name\":\"PINUS mugo 'Winter Gold' - pin de montagne\",\"isPartOf\":{\"@id\":\"https:\\\/\\\/www.vallonchene.fr\\\/es\\\/#website\"},\"primaryImageOfPage\":{\"@id\":\"https:\\\/\\\/www.vallonchene.fr\\\/es\\\/producto\\\/pinus-mugo-winter-gold\\\/#primaryimage\"},\"image\":{\"@id\":\"https:\\\/\\\/www.vallonchene.fr\\\/es\\\/producto\\\/pinus-mugo-winter-gold\\\/#primaryimage\"},\"thumbnailUrl\":\"https:\\\/\\\/www.vallonchene.fr\\\/wp-content\\\/uploads\\\/2021\\\/08\\\/2882-460-PINUS-mugo-Winter-Gold-en-Mars.jpg\",\"datePublished\":\"2021-08-31T11:25:42+00:00\",\"dateModified\":\"2024-09-26T14:59:55+00:00\",\"description\":\"Ce pin de montagne est une forme large \u00e0 croissance lente. Les aiguilles du\u00a0PINUS mugo 'Winter Gold' sont vertes en \u00e9t\u00e9 et jaunes en hiver. Il est absolument rustique et adapt\u00e9 aux petits...\",\"breadcrumb\":{\"@id\":\"https:\\\/\\\/www.vallonchene.fr\\\/es\\\/producto\\\/pinus-mugo-winter-gold\\\/#breadcrumb\"},\"inLanguage\":\"es\",\"potentialAction\":[{\"@type\":\"ReadAction\",\"target\":[\"https:\\\/\\\/www.vallonchene.fr\\\/es\\\/producto\\\/pinus-mugo-winter-gold\\\/\"]}]},{\"@type\":\"ImageObject\",\"inLanguage\":\"es\",\"@id\":\"https:\\\/\\\/www.vallonchene.fr\\\/es\\\/producto\\\/pinus-mugo-winter-gold\\\/#primaryimage\",\"url\":\"https:\\\/\\\/www.vallonchene.fr\\\/wp-content\\\/uploads\\\/2021\\\/08\\\/2882-460-PINUS-mugo-Winter-Gold-en-Mars.jpg\",\"contentUrl\":\"https:\\\/\\\/www.vallonchene.fr\\\/wp-content\\\/uploads\\\/2021\\\/08\\\/2882-460-PINUS-mugo-Winter-Gold-en-Mars.jpg\",\"width\":1600,\"height\":1600,\"caption\":\"PINUS mugo 'Winter Gold' en Mars\"},{\"@type\":\"BreadcrumbList\",\"@id\":\"https:\\\/\\\/www.vallonchene.fr\\\/es\\\/producto\\\/pinus-mugo-winter-gold\\\/#breadcrumb\",\"itemListElement\":[{\"@type\":\"ListItem\",\"position\":1,\"name\":\"Home\",\"item\":\"https:\\\/\\\/www.vallonchene.fr\\\/es\\\/\"},{\"@type\":\"ListItem\",\"position\":2,\"name\":\"Tienda\",\"item\":\"https:\\\/\\\/www.vallonchene.fr\\\/tienda\\\/\"},{\"@type\":\"ListItem\",\"position\":3,\"name\":\"Venta en linea\",\"item\":\"https:\\\/\\\/www.vallonchene.fr\\\/es\\\/categoria-producto\\\/venta-en-linea\\\/\"},{\"@type\":\"ListItem\",\"position\":4,\"name\":\"Vivero\",\"item\":\"https:\\\/\\\/www.vallonchene.fr\\\/es\\\/categoria-producto\\\/venta-en-linea\\\/vivero\\\/\"},{\"@type\":\"ListItem\",\"position\":5,\"name\":\"Coniferas\",\"item\":\"https:\\\/\\\/www.vallonchene.fr\\\/es\\\/categoria-producto\\\/venta-en-linea\\\/vivero\\\/coniferas\\\/\"},{\"@type\":\"ListItem\",\"position\":6,\"name\":\"PINUS mugo &#8216;Winter Gold&#8217; (Wintergold)\"}]},{\"@type\":\"WebSite\",\"@id\":\"https:\\\/\\\/www.vallonchene.fr\\\/es\\\/#website\",\"url\":\"https:\\\/\\\/www.vallonchene.fr\\\/es\\\/\",\"name\":\"Vallonch\u00eane\",\"description\":\"El vivero donde la calidad tiene sus ra\u00edces \u2013 Tel.: +33 (0)2.35.90.02.02\",\"publisher\":{\"@id\":\"https:\\\/\\\/www.vallonchene.fr\\\/es\\\/#organization\"},\"potentialAction\":[{\"@type\":\"SearchAction\",\"target\":{\"@type\":\"EntryPoint\",\"urlTemplate\":\"https:\\\/\\\/www.vallonchene.fr\\\/es\\\/?s={search_term_string}\"},\"query-input\":{\"@type\":\"PropertyValueSpecification\",\"valueRequired\":true,\"valueName\":\"search_term_string\"}}],\"inLanguage\":\"es\"},{\"@type\":\"Organization\",\"@id\":\"https:\\\/\\\/www.vallonchene.fr\\\/es\\\/#organization\",\"name\":\"VALLONCHENE\",\"url\":\"https:\\\/\\\/www.vallonchene.fr\\\/es\\\/\",\"logo\":{\"@type\":\"ImageObject\",\"inLanguage\":\"es\",\"@id\":\"https:\\\/\\\/www.vallonchene.fr\\\/es\\\/#\\\/schema\\\/logo\\\/image\\\/\",\"url\":\"https:\\\/\\\/www.vallonchene.fr\\\/wp-content\\\/uploads\\\/2023\\\/03\\\/Logo-Vallonchene-site-et-R_hauteur_100.png\",\"contentUrl\":\"https:\\\/\\\/www.vallonchene.fr\\\/wp-content\\\/uploads\\\/2023\\\/03\\\/Logo-Vallonchene-site-et-R_hauteur_100.png\",\"width\":221,\"height\":100,\"caption\":\"VALLONCHENE\"},\"image\":{\"@id\":\"https:\\\/\\\/www.vallonchene.fr\\\/es\\\/#\\\/schema\\\/logo\\\/image\\\/\"},\"sameAs\":[\"https:\\\/\\\/www.facebook.com\\\/vallonchene.fr\",\"https:\\\/\\\/www.instagram.com\\\/vallonchene\\\/\",\"https:\\\/\\\/www.pinterest.fr\\\/vallonchene\\\/\"],\"taxID\":\"49454502300017\",\"hasMerchantReturnPolicy\":{\"@type\":\"MerchantReturnPolicy\",\"merchantReturnLink\":\"https:\\\/\\\/www.vallonchene.fr\\\/remboursements_retours\\\/\"}}]}<\/script>\n<meta property=\"og:availability\" content=\"out of stock\" \/>\n<meta property=\"product:availability\" content=\"out of stock\" \/>\n<meta property=\"product:retailer_item_id\" content=\"61784\" \/>\n<meta property=\"product:condition\" content=\"new\" \/>\n<!-- \/ Yoast SEO Premium plugin. -->","yoast_head_json":{"title":"PINUS mugo 'Winter Gold' - pin de montagne","description":"Ce pin de montagne est une forme large \u00e0 croissance lente. Les aiguilles du\u00a0PINUS mugo 'Winter Gold' sont vertes en \u00e9t\u00e9 et jaunes en hiver. Il est absolument rustique et adapt\u00e9 aux petits...","robots":{"index":"index","follow":"follow","max-snippet":"max-snippet:-1","max-image-preview":"max-image-preview:large","max-video-preview":"max-video-preview:-1"},"canonical":"https:\/\/www.vallonchene.fr\/es\/producto\/pinus-mugo-winter-gold\/","og_locale":"es_ES","og_type":"article","og_title":"PINUS mugo 'Winter Gold' (Wintergold)","og_description":"Ce pin de montagne est une forme large \u00e0 croissance lente. Les aiguilles du\u00a0PINUS mugo 'Winter Gold' sont vertes en \u00e9t\u00e9 et jaunes en hiver. Il est absolument rustique et adapt\u00e9 aux petits...","og_url":"https:\/\/www.vallonchene.fr\/es\/producto\/pinus-mugo-winter-gold\/","og_site_name":"Vallonch\u00eane","article_publisher":"https:\/\/www.facebook.com\/vallonchene.fr","article_modified_time":"2024-09-26T14:59:55+00:00","og_image":[{"width":1600,"height":1600,"url":"https:\/\/www.vallonchene.fr\/wp-content\/uploads\/2021\/08\/2882-460-PINUS-mugo-Winter-Gold-en-Mars.jpg","type":"image\/jpeg"}],"twitter_card":"summary_large_image","twitter_misc":{"Disponibilidad":"Agotado"},"schema":{"@context":"https:\/\/schema.org","@graph":[{"@type":"WebPage","@id":"https:\/\/www.vallonchene.fr\/es\/producto\/pinus-mugo-winter-gold\/","url":"https:\/\/www.vallonchene.fr\/es\/producto\/pinus-mugo-winter-gold\/","name":"PINUS mugo 'Winter Gold' - pin de montagne","isPartOf":{"@id":"https:\/\/www.vallonchene.fr\/es\/#website"},"primaryImageOfPage":{"@id":"https:\/\/www.vallonchene.fr\/es\/producto\/pinus-mugo-winter-gold\/#primaryimage"},"image":{"@id":"https:\/\/www.vallonchene.fr\/es\/producto\/pinus-mugo-winter-gold\/#primaryimage"},"thumbnailUrl":"https:\/\/www.vallonchene.fr\/wp-content\/uploads\/2021\/08\/2882-460-PINUS-mugo-Winter-Gold-en-Mars.jpg","datePublished":"2021-08-31T11:25:42+00:00","dateModified":"2024-09-26T14:59:55+00:00","description":"Ce pin de montagne est une forme large \u00e0 croissance lente. Les aiguilles du\u00a0PINUS mugo 'Winter Gold' sont vertes en \u00e9t\u00e9 et jaunes en hiver. Il est absolument rustique et adapt\u00e9 aux petits...","breadcrumb":{"@id":"https:\/\/www.vallonchene.fr\/es\/producto\/pinus-mugo-winter-gold\/#breadcrumb"},"inLanguage":"es","potentialAction":[{"@type":"ReadAction","target":["https:\/\/www.vallonchene.fr\/es\/producto\/pinus-mugo-winter-gold\/"]}]},{"@type":"ImageObject","inLanguage":"es","@id":"https:\/\/www.vallonchene.fr\/es\/producto\/pinus-mugo-winter-gold\/#primaryimage","url":"https:\/\/www.vallonchene.fr\/wp-content\/uploads\/2021\/08\/2882-460-PINUS-mugo-Winter-Gold-en-Mars.jpg","contentUrl":"https:\/\/www.vallonchene.fr\/wp-content\/uploads\/2021\/08\/2882-460-PINUS-mugo-Winter-Gold-en-Mars.jpg","width":1600,"height":1600,"caption":"PINUS mugo 'Winter Gold' en Mars"},{"@type":"BreadcrumbList","@id":"https:\/\/www.vallonchene.fr\/es\/producto\/pinus-mugo-winter-gold\/#breadcrumb","itemListElement":[{"@type":"ListItem","position":1,"name":"Home","item":"https:\/\/www.vallonchene.fr\/es\/"},{"@type":"ListItem","position":2,"name":"Tienda","item":"https:\/\/www.vallonchene.fr\/tienda\/"},{"@type":"ListItem","position":3,"name":"Venta en linea","item":"https:\/\/www.vallonchene.fr\/es\/categoria-producto\/venta-en-linea\/"},{"@type":"ListItem","position":4,"name":"Vivero","item":"https:\/\/www.vallonchene.fr\/es\/categoria-producto\/venta-en-linea\/vivero\/"},{"@type":"ListItem","position":5,"name":"Coniferas","item":"https:\/\/www.vallonchene.fr\/es\/categoria-producto\/venta-en-linea\/vivero\/coniferas\/"},{"@type":"ListItem","position":6,"name":"PINUS mugo &#8216;Winter Gold&#8217; (Wintergold)"}]},{"@type":"WebSite","@id":"https:\/\/www.vallonchene.fr\/es\/#website","url":"https:\/\/www.vallonchene.fr\/es\/","name":"Vallonch\u00eane","description":"El vivero donde la calidad tiene sus ra\u00edces \u2013 Tel.: +33 (0)2.35.90.02.02","publisher":{"@id":"https:\/\/www.vallonchene.fr\/es\/#organization"},"potentialAction":[{"@type":"SearchAction","target":{"@type":"EntryPoint","urlTemplate":"https:\/\/www.vallonchene.fr\/es\/?s={search_term_string}"},"query-input":{"@type":"PropertyValueSpecification","valueRequired":true,"valueName":"search_term_string"}}],"inLanguage":"es"},{"@type":"Organization","@id":"https:\/\/www.vallonchene.fr\/es\/#organization","name":"VALLONCHENE","url":"https:\/\/www.vallonchene.fr\/es\/","logo":{"@type":"ImageObject","inLanguage":"es","@id":"https:\/\/www.vallonchene.fr\/es\/#\/schema\/logo\/image\/","url":"https:\/\/www.vallonchene.fr\/wp-content\/uploads\/2023\/03\/Logo-Vallonchene-site-et-R_hauteur_100.png","contentUrl":"https:\/\/www.vallonchene.fr\/wp-content\/uploads\/2023\/03\/Logo-Vallonchene-site-et-R_hauteur_100.png","width":221,"height":100,"caption":"VALLONCHENE"},"image":{"@id":"https:\/\/www.vallonchene.fr\/es\/#\/schema\/logo\/image\/"},"sameAs":["https:\/\/www.facebook.com\/vallonchene.fr","https:\/\/www.instagram.com\/vallonchene\/","https:\/\/www.pinterest.fr\/vallonchene\/"],"taxID":"49454502300017","hasMerchantReturnPolicy":{"@type":"MerchantReturnPolicy","merchantReturnLink":"https:\/\/www.vallonchene.fr\/remboursements_retours\/"}}]},"og_availability":"out of stock","product_availability":"out of stock","product_retailer_item_id":"61784","product_condition":"new"},"_links":{"self":[{"href":"https:\/\/www.vallonchene.fr\/es\/wp-json\/wp\/v2\/product\/16237","targetHints":{"allow":["GET"]}}],"collection":[{"href":"https:\/\/www.vallonchene.fr\/es\/wp-json\/wp\/v2\/product"}],"about":[{"href":"https:\/\/www.vallonchene.fr\/es\/wp-json\/wp\/v2\/types\/product"}],"replies":[{"embeddable":true,"href":"https:\/\/www.vallonchene.fr\/es\/wp-json\/wp\/v2\/comments?post=16237"}],"wp:featuredmedia":[{"embeddable":true,"href":"https:\/\/www.vallonchene.fr\/es\/wp-json\/wp\/v2\/media\/16231"}],"wp:attachment":[{"href":"https:\/\/www.vallonchene.fr\/es\/wp-json\/wp\/v2\/media?parent=16237"}],"wp:term":[{"taxonomy":"product_brand","embeddable":true,"href":"https:\/\/www.vallonchene.fr\/es\/wp-json\/wp\/v2\/product_brand?post=16237"},{"taxonomy":"product_cat","embeddable":true,"href":"https:\/\/www.vallonchene.fr\/es\/wp-json\/wp\/v2\/product_cat?post=16237"},{"taxonomy":"product_tag","embeddable":true,"href":"https:\/\/www.vallonchene.fr\/es\/wp-json\/wp\/v2\/product_tag?post=16237"}],"curies":[{"name":"wp","href":"https:\/\/api.w.org\/{rel}","templated":true}]}}