{"id":15739,"date":"2021-08-31T10:53:38","date_gmt":"2021-08-31T10:53:38","guid":{"rendered":"https:\/\/testing.vallonchene.fr\/produit\/cornus-kousa-teutonia\/"},"modified":"2024-09-27T08:40:05","modified_gmt":"2024-09-27T08:40:05","slug":"cornus-kousa-teutonia","status":"publish","type":"product","link":"https:\/\/www.vallonchene.fr\/es\/producto\/cornus-kousa-teutonia\/","title":{"rendered":"CORNUS kousa &#8216;Teutonia&#8217;"},"content":{"rendered":"","protected":false},"excerpt":{"rendered":"<p>Ce <strong>cornouiller du Japon<\/strong> d\u00e9veloppe de tr\u00e8s belles fleurs blanches au printemps en forme d&#8217;\u00e9toile. Le <strong>CORNUS kousa &#8216;Teutonia&#8217;<\/strong> se pare avec des fruits rouges et de superbes couleurs d&#8217;automne. Il est parfaitement rustique.<\/p>\n","protected":false},"featured_media":15727,"comment_status":"open","ping_status":"closed","template":"","meta":[],"product_brand":[],"product_cat":[11499],"product_tag":[1521,12164,12165,6270,6272,6271],"class_list":{"0":"post-15739","1":"product","2":"type-product","3":"status-publish","4":"has-post-thumbnail","6":"product_cat-arbustos-y-arboles","7":"product_tag-cornouiller-a-fleurs","8":"product_tag-cornus-es","9":"product_tag-cornus-kousa-es","10":"product_tag-cornus-kousa-teutonia","11":"product_tag-cournouiller-du-japon","12":"product_tag-teutonia","13":"pa_99-hauteurapproximativeapres1-2-a-3-m","14":"pa_couleurdesfleurs-blanca","15":"pa_couleurdesfruits-roja","16":"pa_couleurdufeuillage-verde","17":"pa_exigencesenhumidite-moderadamente-humedo-a-humedo","18":"pa_exigencesenhumidite-promedio","19":"pa_exigencesenhumidite-seco","20":"pa_expositionspossibles-sombra-parcial-evitar-el-sol-de-12-a-17-horas","21":"pa_expositionspossibles-pleno-sol-de-12-a-17-min","22":"pa_interetauprintemps-follaje","23":"pa_interetauprintemps-flores","24":"pa_interetauprintemps-habitus","25":"pa_interetenautomne-follaje","26":"pa_interetenautomne-frutas","27":"pa_interetenautomne-habitus","28":"pa_interetenete-follaje","29":"pa_interetenete-habitus","30":"pa_interetenhiver-habitus","31":"pa_naturedufeuillage-caduco","32":"pa_naturesdesolpossibles-ligero","33":"pa_naturesdesolpossibles-pesado","34":"pa_naturesdesolpossibles-normal-es","35":"pa_particularites-habitus","36":"pa_periodedefloraison-primavera","37":"pa_periodedetaille-marzo","38":"pa_phdusolacceptable-acido-menos-de-6_5","39":"pa_phdusolacceptable-calcareo-mas-de-7_5","40":"pa_phdusolacceptable-neutro-entre-6_5-y-7_5","41":"pa_portgraphisme-infundibuliforme","42":"pa_resistanceaufroidrusticite-resistente-por-debajo-de-menos-20-c","43":"pa_utilisationpossible-aislado","44":"pa_utilisationpossible-arriate","46":"first","47":"outofstock","48":"taxable","49":"shipping-taxable","50":"purchasable","51":"product-type-simple"},"supplier_id":null,"supplier_sku":"","barcode":null,"atum_controlled":true,"out_stock_date":"2024-09-27 08:40:05","out_stock_threshold":null,"inheritable":false,"inbound_stock":0,"stock_on_hold":0,"sold_today":0,"sales_last_days":0,"reserved_stock":0,"customer_returns":0,"warehouse_damage":0,"lost_in_post":0,"other_logs":0,"out_stock_days":388,"lost_sales":0,"has_location":false,"update_date":"2025-10-21T07:51:25","atum_locations":[],"atum_stock_status":"outofstock","restock_status":false,"low_stock_amount":"","sales_update_date":"2025-10-21T07:51:25","calc_backorders":null,"yoast_head":"<!-- This site is optimized with the Yoast SEO Premium plugin v27.5 (Yoast SEO v27.5) - https:\/\/yoast.com\/product\/yoast-seo-premium-wordpress\/ -->\n<title>CORNUS kousa &#039;Teutonia&#039; - cournouiller du Japon<\/title>\n<meta name=\"description\" content=\"Ce cornouiller du Japon d\u00e9veloppe de tr\u00e8s belles fleurs blanches au printemps en forme d&#039;\u00e9toile. Le CORNUS kousa &#039;Teutonia&#039; se pare avec des fruits rouges et de superbes couleurs d&#039;automne. Il est...\" \/>\n<meta name=\"robots\" content=\"index, follow, max-snippet:-1, max-image-preview:large, max-video-preview:-1\" \/>\n<link rel=\"canonical\" href=\"https:\/\/www.vallonchene.fr\/es\/producto\/cornus-kousa-teutonia\/\" \/>\n<meta property=\"og:locale\" content=\"es_ES\" \/>\n<meta property=\"og:type\" content=\"article\" \/>\n<meta property=\"og:title\" content=\"CORNUS kousa &#039;Teutonia&#039;\" \/>\n<meta property=\"og:description\" content=\"Ce cornouiller du Japon d\u00e9veloppe de tr\u00e8s belles fleurs blanches au printemps en forme d&#039;\u00e9toile. Le CORNUS kousa &#039;Teutonia&#039; se pare avec des fruits rouges et de superbes couleurs d&#039;automne. Il est...\" \/>\n<meta property=\"og:url\" content=\"https:\/\/www.vallonchene.fr\/es\/producto\/cornus-kousa-teutonia\/\" \/>\n<meta property=\"og:site_name\" content=\"Vallonch\u00eane\" \/>\n<meta property=\"article:publisher\" content=\"https:\/\/www.facebook.com\/vallonchene.fr\" \/>\n<meta property=\"article:modified_time\" content=\"2024-09-27T08:40:05+00:00\" \/>\n<meta property=\"og:image\" content=\"https:\/\/www.vallonchene.fr\/wp-content\/uploads\/2021\/08\/1091-1d9-CORNUS-kousa-Teutonia-en-Octobre.jpg\" \/>\n\t<meta property=\"og:image:width\" content=\"1600\" \/>\n\t<meta property=\"og:image:height\" content=\"1600\" \/>\n\t<meta property=\"og:image:type\" content=\"image\/jpeg\" \/>\n<meta name=\"twitter:card\" content=\"summary_large_image\" \/>\n<meta name=\"twitter:label1\" content=\"Precio\" \/>\n\t<meta name=\"twitter:data1\" content=\"0,00&nbsp;&euro;\" \/>\n\t<meta name=\"twitter:label2\" content=\"Disponibilidad\" \/>\n\t<meta name=\"twitter:data2\" content=\"Agotado\" \/>\n<script type=\"application\/ld+json\" class=\"yoast-schema-graph\">{\"@context\":\"https:\\\/\\\/schema.org\",\"@graph\":[{\"@type\":\"WebPage\",\"@id\":\"https:\\\/\\\/www.vallonchene.fr\\\/es\\\/producto\\\/cornus-kousa-teutonia\\\/\",\"url\":\"https:\\\/\\\/www.vallonchene.fr\\\/es\\\/producto\\\/cornus-kousa-teutonia\\\/\",\"name\":\"CORNUS kousa 'Teutonia' - cournouiller du Japon\",\"isPartOf\":{\"@id\":\"https:\\\/\\\/www.vallonchene.fr\\\/es\\\/#website\"},\"primaryImageOfPage\":{\"@id\":\"https:\\\/\\\/www.vallonchene.fr\\\/es\\\/producto\\\/cornus-kousa-teutonia\\\/#primaryimage\"},\"image\":{\"@id\":\"https:\\\/\\\/www.vallonchene.fr\\\/es\\\/producto\\\/cornus-kousa-teutonia\\\/#primaryimage\"},\"thumbnailUrl\":\"https:\\\/\\\/www.vallonchene.fr\\\/wp-content\\\/uploads\\\/2021\\\/08\\\/1091-1d9-CORNUS-kousa-Teutonia-en-Octobre.jpg\",\"datePublished\":\"2021-08-31T10:53:38+00:00\",\"dateModified\":\"2024-09-27T08:40:05+00:00\",\"description\":\"Ce cornouiller du Japon d\u00e9veloppe de tr\u00e8s belles fleurs blanches au printemps en forme d'\u00e9toile. Le CORNUS kousa 'Teutonia' se pare avec des fruits rouges et de superbes couleurs d'automne. Il est...\",\"breadcrumb\":{\"@id\":\"https:\\\/\\\/www.vallonchene.fr\\\/es\\\/producto\\\/cornus-kousa-teutonia\\\/#breadcrumb\"},\"inLanguage\":\"es\",\"potentialAction\":[{\"@type\":\"ReadAction\",\"target\":[\"https:\\\/\\\/www.vallonchene.fr\\\/es\\\/producto\\\/cornus-kousa-teutonia\\\/\"]}]},{\"@type\":\"ImageObject\",\"inLanguage\":\"es\",\"@id\":\"https:\\\/\\\/www.vallonchene.fr\\\/es\\\/producto\\\/cornus-kousa-teutonia\\\/#primaryimage\",\"url\":\"https:\\\/\\\/www.vallonchene.fr\\\/wp-content\\\/uploads\\\/2021\\\/08\\\/1091-1d9-CORNUS-kousa-Teutonia-en-Octobre.jpg\",\"contentUrl\":\"https:\\\/\\\/www.vallonchene.fr\\\/wp-content\\\/uploads\\\/2021\\\/08\\\/1091-1d9-CORNUS-kousa-Teutonia-en-Octobre.jpg\",\"width\":1600,\"height\":1600,\"caption\":\"CORNUS kousa 'Teutonia' en Octobre\"},{\"@type\":\"BreadcrumbList\",\"@id\":\"https:\\\/\\\/www.vallonchene.fr\\\/es\\\/producto\\\/cornus-kousa-teutonia\\\/#breadcrumb\",\"itemListElement\":[{\"@type\":\"ListItem\",\"position\":1,\"name\":\"Home\",\"item\":\"https:\\\/\\\/www.vallonchene.fr\\\/es\\\/\"},{\"@type\":\"ListItem\",\"position\":2,\"name\":\"Tienda\",\"item\":\"https:\\\/\\\/www.vallonchene.fr\\\/tienda\\\/\"},{\"@type\":\"ListItem\",\"position\":3,\"name\":\"Venta en linea\",\"item\":\"https:\\\/\\\/www.vallonchene.fr\\\/es\\\/categoria-producto\\\/venta-en-linea\\\/\"},{\"@type\":\"ListItem\",\"position\":4,\"name\":\"Vivero\",\"item\":\"https:\\\/\\\/www.vallonchene.fr\\\/es\\\/categoria-producto\\\/venta-en-linea\\\/vivero\\\/\"},{\"@type\":\"ListItem\",\"position\":5,\"name\":\"Arbustos y \u00e1rboles\",\"item\":\"https:\\\/\\\/www.vallonchene.fr\\\/es\\\/categoria-producto\\\/venta-en-linea\\\/vivero\\\/arbustos-y-arboles\\\/\"},{\"@type\":\"ListItem\",\"position\":6,\"name\":\"CORNUS kousa &#8216;Teutonia&#8217;\"}]},{\"@type\":\"WebSite\",\"@id\":\"https:\\\/\\\/www.vallonchene.fr\\\/es\\\/#website\",\"url\":\"https:\\\/\\\/www.vallonchene.fr\\\/es\\\/\",\"name\":\"Vallonch\u00eane\",\"description\":\"El vivero donde la calidad tiene sus ra\u00edces \u2013 Tel.: +33 (0)2.35.90.02.02\",\"publisher\":{\"@id\":\"https:\\\/\\\/www.vallonchene.fr\\\/es\\\/#organization\"},\"potentialAction\":[{\"@type\":\"SearchAction\",\"target\":{\"@type\":\"EntryPoint\",\"urlTemplate\":\"https:\\\/\\\/www.vallonchene.fr\\\/es\\\/?s={search_term_string}\"},\"query-input\":{\"@type\":\"PropertyValueSpecification\",\"valueRequired\":true,\"valueName\":\"search_term_string\"}}],\"inLanguage\":\"es\"},{\"@type\":\"Organization\",\"@id\":\"https:\\\/\\\/www.vallonchene.fr\\\/es\\\/#organization\",\"name\":\"VALLONCHENE\",\"url\":\"https:\\\/\\\/www.vallonchene.fr\\\/es\\\/\",\"logo\":{\"@type\":\"ImageObject\",\"inLanguage\":\"es\",\"@id\":\"https:\\\/\\\/www.vallonchene.fr\\\/es\\\/#\\\/schema\\\/logo\\\/image\\\/\",\"url\":\"https:\\\/\\\/www.vallonchene.fr\\\/wp-content\\\/uploads\\\/2023\\\/03\\\/Logo-Vallonchene-site-et-R_hauteur_100.png\",\"contentUrl\":\"https:\\\/\\\/www.vallonchene.fr\\\/wp-content\\\/uploads\\\/2023\\\/03\\\/Logo-Vallonchene-site-et-R_hauteur_100.png\",\"width\":221,\"height\":100,\"caption\":\"VALLONCHENE\"},\"image\":{\"@id\":\"https:\\\/\\\/www.vallonchene.fr\\\/es\\\/#\\\/schema\\\/logo\\\/image\\\/\"},\"sameAs\":[\"https:\\\/\\\/www.facebook.com\\\/vallonchene.fr\",\"https:\\\/\\\/www.instagram.com\\\/vallonchene\\\/\",\"https:\\\/\\\/www.pinterest.fr\\\/vallonchene\\\/\"],\"taxID\":\"49454502300017\",\"hasMerchantReturnPolicy\":{\"@type\":\"MerchantReturnPolicy\",\"merchantReturnLink\":\"https:\\\/\\\/www.vallonchene.fr\\\/remboursements_retours\\\/\"}}]}<\/script>\n<meta property=\"product:price:amount\" content=\"0.00\" \/>\n<meta property=\"product:price:currency\" content=\"EUR\" \/>\n<meta property=\"og:availability\" content=\"out of stock\" \/>\n<meta property=\"product:availability\" content=\"out of stock\" \/>\n<meta property=\"product:retailer_item_id\" content=\"63146\" \/>\n<meta property=\"product:condition\" content=\"new\" \/>\n<!-- \/ Yoast SEO Premium plugin. -->","yoast_head_json":{"title":"CORNUS kousa 'Teutonia' - cournouiller du Japon","description":"Ce cornouiller du Japon d\u00e9veloppe de tr\u00e8s belles fleurs blanches au printemps en forme d'\u00e9toile. Le CORNUS kousa 'Teutonia' se pare avec des fruits rouges et de superbes couleurs d'automne. Il est...","robots":{"index":"index","follow":"follow","max-snippet":"max-snippet:-1","max-image-preview":"max-image-preview:large","max-video-preview":"max-video-preview:-1"},"canonical":"https:\/\/www.vallonchene.fr\/es\/producto\/cornus-kousa-teutonia\/","og_locale":"es_ES","og_type":"article","og_title":"CORNUS kousa 'Teutonia'","og_description":"Ce cornouiller du Japon d\u00e9veloppe de tr\u00e8s belles fleurs blanches au printemps en forme d'\u00e9toile. Le CORNUS kousa 'Teutonia' se pare avec des fruits rouges et de superbes couleurs d'automne. Il est...","og_url":"https:\/\/www.vallonchene.fr\/es\/producto\/cornus-kousa-teutonia\/","og_site_name":"Vallonch\u00eane","article_publisher":"https:\/\/www.facebook.com\/vallonchene.fr","article_modified_time":"2024-09-27T08:40:05+00:00","og_image":[{"width":1600,"height":1600,"url":"https:\/\/www.vallonchene.fr\/wp-content\/uploads\/2021\/08\/1091-1d9-CORNUS-kousa-Teutonia-en-Octobre.jpg","type":"image\/jpeg"}],"twitter_card":"summary_large_image","twitter_misc":{"Precio":"0,00&nbsp;&euro;","Disponibilidad":"Agotado"},"schema":{"@context":"https:\/\/schema.org","@graph":[{"@type":"WebPage","@id":"https:\/\/www.vallonchene.fr\/es\/producto\/cornus-kousa-teutonia\/","url":"https:\/\/www.vallonchene.fr\/es\/producto\/cornus-kousa-teutonia\/","name":"CORNUS kousa 'Teutonia' - cournouiller du Japon","isPartOf":{"@id":"https:\/\/www.vallonchene.fr\/es\/#website"},"primaryImageOfPage":{"@id":"https:\/\/www.vallonchene.fr\/es\/producto\/cornus-kousa-teutonia\/#primaryimage"},"image":{"@id":"https:\/\/www.vallonchene.fr\/es\/producto\/cornus-kousa-teutonia\/#primaryimage"},"thumbnailUrl":"https:\/\/www.vallonchene.fr\/wp-content\/uploads\/2021\/08\/1091-1d9-CORNUS-kousa-Teutonia-en-Octobre.jpg","datePublished":"2021-08-31T10:53:38+00:00","dateModified":"2024-09-27T08:40:05+00:00","description":"Ce cornouiller du Japon d\u00e9veloppe de tr\u00e8s belles fleurs blanches au printemps en forme d'\u00e9toile. Le CORNUS kousa 'Teutonia' se pare avec des fruits rouges et de superbes couleurs d'automne. Il est...","breadcrumb":{"@id":"https:\/\/www.vallonchene.fr\/es\/producto\/cornus-kousa-teutonia\/#breadcrumb"},"inLanguage":"es","potentialAction":[{"@type":"ReadAction","target":["https:\/\/www.vallonchene.fr\/es\/producto\/cornus-kousa-teutonia\/"]}]},{"@type":"ImageObject","inLanguage":"es","@id":"https:\/\/www.vallonchene.fr\/es\/producto\/cornus-kousa-teutonia\/#primaryimage","url":"https:\/\/www.vallonchene.fr\/wp-content\/uploads\/2021\/08\/1091-1d9-CORNUS-kousa-Teutonia-en-Octobre.jpg","contentUrl":"https:\/\/www.vallonchene.fr\/wp-content\/uploads\/2021\/08\/1091-1d9-CORNUS-kousa-Teutonia-en-Octobre.jpg","width":1600,"height":1600,"caption":"CORNUS kousa 'Teutonia' en Octobre"},{"@type":"BreadcrumbList","@id":"https:\/\/www.vallonchene.fr\/es\/producto\/cornus-kousa-teutonia\/#breadcrumb","itemListElement":[{"@type":"ListItem","position":1,"name":"Home","item":"https:\/\/www.vallonchene.fr\/es\/"},{"@type":"ListItem","position":2,"name":"Tienda","item":"https:\/\/www.vallonchene.fr\/tienda\/"},{"@type":"ListItem","position":3,"name":"Venta en linea","item":"https:\/\/www.vallonchene.fr\/es\/categoria-producto\/venta-en-linea\/"},{"@type":"ListItem","position":4,"name":"Vivero","item":"https:\/\/www.vallonchene.fr\/es\/categoria-producto\/venta-en-linea\/vivero\/"},{"@type":"ListItem","position":5,"name":"Arbustos y \u00e1rboles","item":"https:\/\/www.vallonchene.fr\/es\/categoria-producto\/venta-en-linea\/vivero\/arbustos-y-arboles\/"},{"@type":"ListItem","position":6,"name":"CORNUS kousa &#8216;Teutonia&#8217;"}]},{"@type":"WebSite","@id":"https:\/\/www.vallonchene.fr\/es\/#website","url":"https:\/\/www.vallonchene.fr\/es\/","name":"Vallonch\u00eane","description":"El vivero donde la calidad tiene sus ra\u00edces \u2013 Tel.: +33 (0)2.35.90.02.02","publisher":{"@id":"https:\/\/www.vallonchene.fr\/es\/#organization"},"potentialAction":[{"@type":"SearchAction","target":{"@type":"EntryPoint","urlTemplate":"https:\/\/www.vallonchene.fr\/es\/?s={search_term_string}"},"query-input":{"@type":"PropertyValueSpecification","valueRequired":true,"valueName":"search_term_string"}}],"inLanguage":"es"},{"@type":"Organization","@id":"https:\/\/www.vallonchene.fr\/es\/#organization","name":"VALLONCHENE","url":"https:\/\/www.vallonchene.fr\/es\/","logo":{"@type":"ImageObject","inLanguage":"es","@id":"https:\/\/www.vallonchene.fr\/es\/#\/schema\/logo\/image\/","url":"https:\/\/www.vallonchene.fr\/wp-content\/uploads\/2023\/03\/Logo-Vallonchene-site-et-R_hauteur_100.png","contentUrl":"https:\/\/www.vallonchene.fr\/wp-content\/uploads\/2023\/03\/Logo-Vallonchene-site-et-R_hauteur_100.png","width":221,"height":100,"caption":"VALLONCHENE"},"image":{"@id":"https:\/\/www.vallonchene.fr\/es\/#\/schema\/logo\/image\/"},"sameAs":["https:\/\/www.facebook.com\/vallonchene.fr","https:\/\/www.instagram.com\/vallonchene\/","https:\/\/www.pinterest.fr\/vallonchene\/"],"taxID":"49454502300017","hasMerchantReturnPolicy":{"@type":"MerchantReturnPolicy","merchantReturnLink":"https:\/\/www.vallonchene.fr\/remboursements_retours\/"}}]},"product_price_amount":"0.00","product_price_currency":"EUR","og_availability":"out of stock","product_availability":"out of stock","product_retailer_item_id":"63146","product_condition":"new"},"_links":{"self":[{"href":"https:\/\/www.vallonchene.fr\/es\/wp-json\/wp\/v2\/product\/15739","targetHints":{"allow":["GET"]}}],"collection":[{"href":"https:\/\/www.vallonchene.fr\/es\/wp-json\/wp\/v2\/product"}],"about":[{"href":"https:\/\/www.vallonchene.fr\/es\/wp-json\/wp\/v2\/types\/product"}],"replies":[{"embeddable":true,"href":"https:\/\/www.vallonchene.fr\/es\/wp-json\/wp\/v2\/comments?post=15739"}],"wp:featuredmedia":[{"embeddable":true,"href":"https:\/\/www.vallonchene.fr\/es\/wp-json\/wp\/v2\/media\/15727"}],"wp:attachment":[{"href":"https:\/\/www.vallonchene.fr\/es\/wp-json\/wp\/v2\/media?parent=15739"}],"wp:term":[{"taxonomy":"product_brand","embeddable":true,"href":"https:\/\/www.vallonchene.fr\/es\/wp-json\/wp\/v2\/product_brand?post=15739"},{"taxonomy":"product_cat","embeddable":true,"href":"https:\/\/www.vallonchene.fr\/es\/wp-json\/wp\/v2\/product_cat?post=15739"},{"taxonomy":"product_tag","embeddable":true,"href":"https:\/\/www.vallonchene.fr\/es\/wp-json\/wp\/v2\/product_tag?post=15739"}],"curies":[{"name":"wp","href":"https:\/\/api.w.org\/{rel}","templated":true}]}}