{"id":15049,"date":"2021-08-31T10:50:48","date_gmt":"2021-08-31T10:50:48","guid":{"rendered":"https:\/\/testing.vallonchene.fr\/produit\/chamaecyparis-obtusa-fernspray-gold\/"},"modified":"2025-12-01T11:19:57","modified_gmt":"2025-12-01T10:19:57","slug":"chamaecyparis-obtusa-fernspray-gold","status":"publish","type":"product","link":"https:\/\/www.vallonchene.fr\/es\/producto\/chamaecyparis-obtusa-fernspray-gold\/","title":{"rendered":"CHAMAECYPARIS obtusa &#8216;Fernspray Gold&#8217;"},"content":{"rendered":"","protected":false},"excerpt":{"rendered":"<p>Ce <strong>cypr\u00e8s du Japon<\/strong> est une v\u00e9ritable curiosit\u00e9 par sa fa\u00e7on de pousser. Le port du <strong>CHAMAECYPARIS obtusa &#8216;Fernspray Gold&#8217;<\/strong> est tr\u00e8s irr\u00e9gulier. Son feuillage est jaune. Plein soleil \u00e0 \u00e9viter. Il est tr\u00e8s rustique.<\/p>\n","protected":false},"featured_media":15040,"comment_status":"open","ping_status":"closed","template":"","meta":[],"product_brand":[],"product_cat":[254],"product_tag":[712,713,6024,6026,6025],"class_list":{"0":"post-15049","1":"product","2":"type-product","3":"status-publish","4":"has-post-thumbnail","6":"product_cat-coniferes","7":"product_tag-chamaecyparis","8":"product_tag-chamaecyparis-obtusa","9":"product_tag-chamaecyparis-obtusa-fernspray-g","10":"product_tag-chamaecyparis-obtusa-fernspray-gold","11":"product_tag-fernspray-gold","12":"pa_99-hauteurapproximativeapres1-50a100cm","13":"pa_couleurdufeuillage-jaune","14":"pa_exigencesenhumidite-fraisahumide","15":"pa_exigencesenhumidite-moyen","16":"pa_exigencesenhumidite-sec","17":"pa_expositionspossibles-33-mi_ombreeviterlesoleilde12","18":"pa_hauteurlivree-100-a-125cm","19":"pa_hauteurlivree-125-a-150cm","20":"pa_hauteurlivree-15-a-20-cm","21":"pa_hauteurlivree-20-a-25-cm","22":"pa_hauteurlivree-25-a-30-cm","23":"pa_hauteurlivree-30-a-35-cm","24":"pa_hauteurlivree-30-a-40-cm","25":"pa_hauteurlivree-40-a-50-cm","26":"pa_hauteurlivree-50-a-60-cm","27":"pa_hauteurlivree-60-a-80-cm","28":"pa_hauteurlivree-80-a-100-cm","29":"pa_interetauprintemps-feuillage","30":"pa_interetauprintemps-graphismeforme","31":"pa_interetenautomne-feuillage","32":"pa_interetenautomne-graphismeforme","33":"pa_interetenete-feuillage","34":"pa_interetenete-graphismeforme","35":"pa_interetenhiver-feuillage","36":"pa_interetenhiver-graphismeforme","37":"pa_naturedufeuillage-persistant","38":"pa_naturesdesolpossibles-leger","39":"pa_naturesdesolpossibles-lourd","40":"pa_naturesdesolpossibles-normal","41":"pa_particularites-adapteaubonsai","42":"pa_particularites-graphismeforme","43":"pa_periodedetaille-mars","44":"pa_phdusolacceptable-acidemoinsde65","45":"pa_phdusolacceptable-calcaireplusde75","46":"pa_phdusolacceptable-neutreentre65et75","47":"pa_portgraphisme-evase","48":"pa_resistanceaufroidrusticite-resistant-en-dessous-de-moins-20-degree-c","49":"pa_tailledepot-pot-de-1-litre","50":"pa_tailledepot-pot-de-10-litres","51":"pa_tailledepot-pot-de-15-litres","52":"pa_tailledepot-pot-de-2-litres","53":"pa_tailledepot-pot-de-20-litres","54":"pa_tailledepot-pot-de-25-litres","55":"pa_tailledepot-pot-de-3-litres","56":"pa_tailledepot-pot-de-4-litres","57":"pa_tailledepot-pot-de-5-litres","58":"pa_tailledepot-pot-de-7_5-litres","59":"pa_utilisationpossible-bacoupot","60":"pa_utilisationpossible-massif","62":"first","63":"outofstock","64":"taxable","65":"shipping-taxable","66":"purchasable","67":"product-type-variable","68":"has-default-attributes"},"supplier_id":null,"supplier_sku":"","barcode":null,"atum_controlled":true,"out_stock_date":null,"out_stock_threshold":null,"inheritable":true,"inbound_stock":0,"stock_on_hold":0,"sold_today":0,"sales_last_days":0,"reserved_stock":0,"customer_returns":0,"warehouse_damage":0,"lost_in_post":0,"other_logs":0,"out_stock_days":null,"lost_sales":0,"has_location":false,"update_date":"2025-12-01T10:19:58","atum_locations":[],"atum_stock_status":"outofstock","restock_status":false,"low_stock_amount":"","sales_update_date":"2024-01-07T09:18:47","calc_backorders":null,"yoast_head":"<!-- This site is optimized with the Yoast SEO Premium plugin v27.5 (Yoast SEO v27.5) - https:\/\/yoast.com\/product\/yoast-seo-premium-wordpress\/ -->\n<title>CHAMAECYPARIS obtusa &#039;Fernspray Gold&#039;<\/title>\n<meta name=\"description\" content=\"Ce cypr\u00e8s du Japon est une v\u00e9ritable curiosit\u00e9 par sa fa\u00e7on de pousser. Le port du CHAMAECYPARIS obtusa &#039;Fernspray Gold&#039; est tr\u00e8s irr\u00e9gulier. Son feuillage est jaune. Plein soleil \u00e0 \u00e9viter. Il est...\" \/>\n<meta name=\"robots\" content=\"index, follow, max-snippet:-1, max-image-preview:large, max-video-preview:-1\" \/>\n<link rel=\"canonical\" href=\"https:\/\/www.vallonchene.fr\/es\/producto\/chamaecyparis-obtusa-fernspray-gold\/\" \/>\n<meta property=\"og:locale\" content=\"es_ES\" \/>\n<meta property=\"og:type\" content=\"article\" \/>\n<meta property=\"og:title\" content=\"CHAMAECYPARIS obtusa &#039;Fernspray Gold&#039;\" \/>\n<meta property=\"og:description\" content=\"Ce cypr\u00e8s du Japon est une v\u00e9ritable curiosit\u00e9 par sa fa\u00e7on de pousser. Le port du CHAMAECYPARIS obtusa &#039;Fernspray Gold&#039; est tr\u00e8s irr\u00e9gulier. Son feuillage est jaune. Plein soleil \u00e0 \u00e9viter. Il est...\" \/>\n<meta property=\"og:url\" content=\"https:\/\/www.vallonchene.fr\/es\/producto\/chamaecyparis-obtusa-fernspray-gold\/\" \/>\n<meta property=\"og:site_name\" content=\"Vallonch\u00eane\" \/>\n<meta property=\"article:publisher\" content=\"https:\/\/www.facebook.com\/vallonchene.fr\" \/>\n<meta property=\"article:modified_time\" content=\"2025-12-01T10:19:57+00:00\" \/>\n<meta property=\"og:image\" content=\"https:\/\/www.vallonchene.fr\/wp-content\/uploads\/2021\/08\/893-978-CHAMAECYPARIS-obtusa-Fernspray-Gold-en-Octobre.jpg\" \/>\n\t<meta property=\"og:image:width\" content=\"1600\" \/>\n\t<meta property=\"og:image:height\" content=\"1600\" \/>\n\t<meta property=\"og:image:type\" content=\"image\/jpeg\" \/>\n<meta name=\"twitter:card\" content=\"summary_large_image\" \/>\n<meta name=\"twitter:label1\" content=\"Disponibilidad\" \/>\n\t<meta name=\"twitter:data1\" content=\"Agotado\" \/>\n<script type=\"application\/ld+json\" class=\"yoast-schema-graph\">{\"@context\":\"https:\\\/\\\/schema.org\",\"@graph\":[{\"@type\":\"WebPage\",\"@id\":\"https:\\\/\\\/www.vallonchene.fr\\\/es\\\/producto\\\/chamaecyparis-obtusa-fernspray-gold\\\/\",\"url\":\"https:\\\/\\\/www.vallonchene.fr\\\/es\\\/producto\\\/chamaecyparis-obtusa-fernspray-gold\\\/\",\"name\":\"CHAMAECYPARIS obtusa 'Fernspray Gold'\",\"isPartOf\":{\"@id\":\"https:\\\/\\\/www.vallonchene.fr\\\/es\\\/#website\"},\"primaryImageOfPage\":{\"@id\":\"https:\\\/\\\/www.vallonchene.fr\\\/es\\\/producto\\\/chamaecyparis-obtusa-fernspray-gold\\\/#primaryimage\"},\"image\":{\"@id\":\"https:\\\/\\\/www.vallonchene.fr\\\/es\\\/producto\\\/chamaecyparis-obtusa-fernspray-gold\\\/#primaryimage\"},\"thumbnailUrl\":\"https:\\\/\\\/www.vallonchene.fr\\\/wp-content\\\/uploads\\\/2021\\\/08\\\/893-978-CHAMAECYPARIS-obtusa-Fernspray-Gold-en-Octobre.jpg\",\"datePublished\":\"2021-08-31T10:50:48+00:00\",\"dateModified\":\"2025-12-01T10:19:57+00:00\",\"description\":\"Ce cypr\u00e8s du Japon est une v\u00e9ritable curiosit\u00e9 par sa fa\u00e7on de pousser. Le port du CHAMAECYPARIS obtusa 'Fernspray Gold' est tr\u00e8s irr\u00e9gulier. Son feuillage est jaune. Plein soleil \u00e0 \u00e9viter. Il est...\",\"breadcrumb\":{\"@id\":\"https:\\\/\\\/www.vallonchene.fr\\\/es\\\/producto\\\/chamaecyparis-obtusa-fernspray-gold\\\/#breadcrumb\"},\"inLanguage\":\"es\",\"potentialAction\":[{\"@type\":\"ReadAction\",\"target\":[\"https:\\\/\\\/www.vallonchene.fr\\\/es\\\/producto\\\/chamaecyparis-obtusa-fernspray-gold\\\/\"]}]},{\"@type\":\"ImageObject\",\"inLanguage\":\"es\",\"@id\":\"https:\\\/\\\/www.vallonchene.fr\\\/es\\\/producto\\\/chamaecyparis-obtusa-fernspray-gold\\\/#primaryimage\",\"url\":\"https:\\\/\\\/www.vallonchene.fr\\\/wp-content\\\/uploads\\\/2021\\\/08\\\/893-978-CHAMAECYPARIS-obtusa-Fernspray-Gold-en-Octobre.jpg\",\"contentUrl\":\"https:\\\/\\\/www.vallonchene.fr\\\/wp-content\\\/uploads\\\/2021\\\/08\\\/893-978-CHAMAECYPARIS-obtusa-Fernspray-Gold-en-Octobre.jpg\",\"width\":1600,\"height\":1600,\"caption\":\"CHAMAECYPARIS obtusa 'Fernspray Gold' en Octobre\"},{\"@type\":\"BreadcrumbList\",\"@id\":\"https:\\\/\\\/www.vallonchene.fr\\\/es\\\/producto\\\/chamaecyparis-obtusa-fernspray-gold\\\/#breadcrumb\",\"itemListElement\":[{\"@type\":\"ListItem\",\"position\":1,\"name\":\"Home\",\"item\":\"https:\\\/\\\/www.vallonchene.fr\\\/es\\\/\"},{\"@type\":\"ListItem\",\"position\":2,\"name\":\"Tienda\",\"item\":\"https:\\\/\\\/www.vallonchene.fr\\\/tienda\\\/\"},{\"@type\":\"ListItem\",\"position\":3,\"name\":\"Venta en linea\",\"item\":\"https:\\\/\\\/www.vallonchene.fr\\\/es\\\/categoria-producto\\\/venta-en-linea\\\/\"},{\"@type\":\"ListItem\",\"position\":4,\"name\":\"Vivero\",\"item\":\"https:\\\/\\\/www.vallonchene.fr\\\/es\\\/categoria-producto\\\/venta-en-linea\\\/vivero\\\/\"},{\"@type\":\"ListItem\",\"position\":5,\"name\":\"Coniferas\",\"item\":\"https:\\\/\\\/www.vallonchene.fr\\\/es\\\/categoria-producto\\\/venta-en-linea\\\/vivero\\\/coniferas\\\/\"},{\"@type\":\"ListItem\",\"position\":6,\"name\":\"CHAMAECYPARIS obtusa &lsquo;Fernspray Gold&rsquo;\"}]},{\"@type\":\"WebSite\",\"@id\":\"https:\\\/\\\/www.vallonchene.fr\\\/es\\\/#website\",\"url\":\"https:\\\/\\\/www.vallonchene.fr\\\/es\\\/\",\"name\":\"Vallonch\u00eane\",\"description\":\"El vivero donde la calidad tiene sus ra\u00edces \u2013 Tel.: +33 (0)2.35.90.02.02\",\"publisher\":{\"@id\":\"https:\\\/\\\/www.vallonchene.fr\\\/es\\\/#organization\"},\"potentialAction\":[{\"@type\":\"SearchAction\",\"target\":{\"@type\":\"EntryPoint\",\"urlTemplate\":\"https:\\\/\\\/www.vallonchene.fr\\\/es\\\/?s={search_term_string}\"},\"query-input\":{\"@type\":\"PropertyValueSpecification\",\"valueRequired\":true,\"valueName\":\"search_term_string\"}}],\"inLanguage\":\"es\"},{\"@type\":\"Organization\",\"@id\":\"https:\\\/\\\/www.vallonchene.fr\\\/es\\\/#organization\",\"name\":\"VALLONCHENE\",\"url\":\"https:\\\/\\\/www.vallonchene.fr\\\/es\\\/\",\"logo\":{\"@type\":\"ImageObject\",\"inLanguage\":\"es\",\"@id\":\"https:\\\/\\\/www.vallonchene.fr\\\/es\\\/#\\\/schema\\\/logo\\\/image\\\/\",\"url\":\"https:\\\/\\\/www.vallonchene.fr\\\/wp-content\\\/uploads\\\/2023\\\/03\\\/Logo-Vallonchene-site-et-R_hauteur_100.png\",\"contentUrl\":\"https:\\\/\\\/www.vallonchene.fr\\\/wp-content\\\/uploads\\\/2023\\\/03\\\/Logo-Vallonchene-site-et-R_hauteur_100.png\",\"width\":221,\"height\":100,\"caption\":\"VALLONCHENE\"},\"image\":{\"@id\":\"https:\\\/\\\/www.vallonchene.fr\\\/es\\\/#\\\/schema\\\/logo\\\/image\\\/\"},\"sameAs\":[\"https:\\\/\\\/www.facebook.com\\\/vallonchene.fr\",\"https:\\\/\\\/www.instagram.com\\\/vallonchene\\\/\",\"https:\\\/\\\/www.pinterest.fr\\\/vallonchene\\\/\"],\"taxID\":\"49454502300017\",\"hasMerchantReturnPolicy\":{\"@type\":\"MerchantReturnPolicy\",\"merchantReturnLink\":\"https:\\\/\\\/www.vallonchene.fr\\\/remboursements_retours\\\/\"}}]}<\/script>\n<meta property=\"og:availability\" content=\"out of stock\" \/>\n<meta property=\"product:availability\" content=\"out of stock\" \/>\n<meta property=\"product:retailer_item_id\" content=\"23462\" \/>\n<meta property=\"product:condition\" content=\"new\" \/>\n<!-- \/ Yoast SEO Premium plugin. -->","yoast_head_json":{"title":"CHAMAECYPARIS obtusa 'Fernspray Gold'","description":"Ce cypr\u00e8s du Japon est une v\u00e9ritable curiosit\u00e9 par sa fa\u00e7on de pousser. Le port du CHAMAECYPARIS obtusa 'Fernspray Gold' est tr\u00e8s irr\u00e9gulier. Son feuillage est jaune. Plein soleil \u00e0 \u00e9viter. Il est...","robots":{"index":"index","follow":"follow","max-snippet":"max-snippet:-1","max-image-preview":"max-image-preview:large","max-video-preview":"max-video-preview:-1"},"canonical":"https:\/\/www.vallonchene.fr\/es\/producto\/chamaecyparis-obtusa-fernspray-gold\/","og_locale":"es_ES","og_type":"article","og_title":"CHAMAECYPARIS obtusa 'Fernspray Gold'","og_description":"Ce cypr\u00e8s du Japon est une v\u00e9ritable curiosit\u00e9 par sa fa\u00e7on de pousser. Le port du CHAMAECYPARIS obtusa 'Fernspray Gold' est tr\u00e8s irr\u00e9gulier. Son feuillage est jaune. Plein soleil \u00e0 \u00e9viter. Il est...","og_url":"https:\/\/www.vallonchene.fr\/es\/producto\/chamaecyparis-obtusa-fernspray-gold\/","og_site_name":"Vallonch\u00eane","article_publisher":"https:\/\/www.facebook.com\/vallonchene.fr","article_modified_time":"2025-12-01T10:19:57+00:00","og_image":[{"width":1600,"height":1600,"url":"https:\/\/www.vallonchene.fr\/wp-content\/uploads\/2021\/08\/893-978-CHAMAECYPARIS-obtusa-Fernspray-Gold-en-Octobre.jpg","type":"image\/jpeg"}],"twitter_card":"summary_large_image","twitter_misc":{"Disponibilidad":"Agotado"},"schema":{"@context":"https:\/\/schema.org","@graph":[{"@type":"WebPage","@id":"https:\/\/www.vallonchene.fr\/es\/producto\/chamaecyparis-obtusa-fernspray-gold\/","url":"https:\/\/www.vallonchene.fr\/es\/producto\/chamaecyparis-obtusa-fernspray-gold\/","name":"CHAMAECYPARIS obtusa 'Fernspray Gold'","isPartOf":{"@id":"https:\/\/www.vallonchene.fr\/es\/#website"},"primaryImageOfPage":{"@id":"https:\/\/www.vallonchene.fr\/es\/producto\/chamaecyparis-obtusa-fernspray-gold\/#primaryimage"},"image":{"@id":"https:\/\/www.vallonchene.fr\/es\/producto\/chamaecyparis-obtusa-fernspray-gold\/#primaryimage"},"thumbnailUrl":"https:\/\/www.vallonchene.fr\/wp-content\/uploads\/2021\/08\/893-978-CHAMAECYPARIS-obtusa-Fernspray-Gold-en-Octobre.jpg","datePublished":"2021-08-31T10:50:48+00:00","dateModified":"2025-12-01T10:19:57+00:00","description":"Ce cypr\u00e8s du Japon est une v\u00e9ritable curiosit\u00e9 par sa fa\u00e7on de pousser. Le port du CHAMAECYPARIS obtusa 'Fernspray Gold' est tr\u00e8s irr\u00e9gulier. Son feuillage est jaune. Plein soleil \u00e0 \u00e9viter. Il est...","breadcrumb":{"@id":"https:\/\/www.vallonchene.fr\/es\/producto\/chamaecyparis-obtusa-fernspray-gold\/#breadcrumb"},"inLanguage":"es","potentialAction":[{"@type":"ReadAction","target":["https:\/\/www.vallonchene.fr\/es\/producto\/chamaecyparis-obtusa-fernspray-gold\/"]}]},{"@type":"ImageObject","inLanguage":"es","@id":"https:\/\/www.vallonchene.fr\/es\/producto\/chamaecyparis-obtusa-fernspray-gold\/#primaryimage","url":"https:\/\/www.vallonchene.fr\/wp-content\/uploads\/2021\/08\/893-978-CHAMAECYPARIS-obtusa-Fernspray-Gold-en-Octobre.jpg","contentUrl":"https:\/\/www.vallonchene.fr\/wp-content\/uploads\/2021\/08\/893-978-CHAMAECYPARIS-obtusa-Fernspray-Gold-en-Octobre.jpg","width":1600,"height":1600,"caption":"CHAMAECYPARIS obtusa 'Fernspray Gold' en Octobre"},{"@type":"BreadcrumbList","@id":"https:\/\/www.vallonchene.fr\/es\/producto\/chamaecyparis-obtusa-fernspray-gold\/#breadcrumb","itemListElement":[{"@type":"ListItem","position":1,"name":"Home","item":"https:\/\/www.vallonchene.fr\/es\/"},{"@type":"ListItem","position":2,"name":"Tienda","item":"https:\/\/www.vallonchene.fr\/tienda\/"},{"@type":"ListItem","position":3,"name":"Venta en linea","item":"https:\/\/www.vallonchene.fr\/es\/categoria-producto\/venta-en-linea\/"},{"@type":"ListItem","position":4,"name":"Vivero","item":"https:\/\/www.vallonchene.fr\/es\/categoria-producto\/venta-en-linea\/vivero\/"},{"@type":"ListItem","position":5,"name":"Coniferas","item":"https:\/\/www.vallonchene.fr\/es\/categoria-producto\/venta-en-linea\/vivero\/coniferas\/"},{"@type":"ListItem","position":6,"name":"CHAMAECYPARIS obtusa &lsquo;Fernspray Gold&rsquo;"}]},{"@type":"WebSite","@id":"https:\/\/www.vallonchene.fr\/es\/#website","url":"https:\/\/www.vallonchene.fr\/es\/","name":"Vallonch\u00eane","description":"El vivero donde la calidad tiene sus ra\u00edces \u2013 Tel.: +33 (0)2.35.90.02.02","publisher":{"@id":"https:\/\/www.vallonchene.fr\/es\/#organization"},"potentialAction":[{"@type":"SearchAction","target":{"@type":"EntryPoint","urlTemplate":"https:\/\/www.vallonchene.fr\/es\/?s={search_term_string}"},"query-input":{"@type":"PropertyValueSpecification","valueRequired":true,"valueName":"search_term_string"}}],"inLanguage":"es"},{"@type":"Organization","@id":"https:\/\/www.vallonchene.fr\/es\/#organization","name":"VALLONCHENE","url":"https:\/\/www.vallonchene.fr\/es\/","logo":{"@type":"ImageObject","inLanguage":"es","@id":"https:\/\/www.vallonchene.fr\/es\/#\/schema\/logo\/image\/","url":"https:\/\/www.vallonchene.fr\/wp-content\/uploads\/2023\/03\/Logo-Vallonchene-site-et-R_hauteur_100.png","contentUrl":"https:\/\/www.vallonchene.fr\/wp-content\/uploads\/2023\/03\/Logo-Vallonchene-site-et-R_hauteur_100.png","width":221,"height":100,"caption":"VALLONCHENE"},"image":{"@id":"https:\/\/www.vallonchene.fr\/es\/#\/schema\/logo\/image\/"},"sameAs":["https:\/\/www.facebook.com\/vallonchene.fr","https:\/\/www.instagram.com\/vallonchene\/","https:\/\/www.pinterest.fr\/vallonchene\/"],"taxID":"49454502300017","hasMerchantReturnPolicy":{"@type":"MerchantReturnPolicy","merchantReturnLink":"https:\/\/www.vallonchene.fr\/remboursements_retours\/"}}]},"og_availability":"out of stock","product_availability":"out of stock","product_retailer_item_id":"23462","product_condition":"new"},"_links":{"self":[{"href":"https:\/\/www.vallonchene.fr\/es\/wp-json\/wp\/v2\/product\/15049","targetHints":{"allow":["GET"]}}],"collection":[{"href":"https:\/\/www.vallonchene.fr\/es\/wp-json\/wp\/v2\/product"}],"about":[{"href":"https:\/\/www.vallonchene.fr\/es\/wp-json\/wp\/v2\/types\/product"}],"replies":[{"embeddable":true,"href":"https:\/\/www.vallonchene.fr\/es\/wp-json\/wp\/v2\/comments?post=15049"}],"wp:featuredmedia":[{"embeddable":true,"href":"https:\/\/www.vallonchene.fr\/es\/wp-json\/wp\/v2\/media\/15040"}],"wp:attachment":[{"href":"https:\/\/www.vallonchene.fr\/es\/wp-json\/wp\/v2\/media?parent=15049"}],"wp:term":[{"taxonomy":"product_brand","embeddable":true,"href":"https:\/\/www.vallonchene.fr\/es\/wp-json\/wp\/v2\/product_brand?post=15049"},{"taxonomy":"product_cat","embeddable":true,"href":"https:\/\/www.vallonchene.fr\/es\/wp-json\/wp\/v2\/product_cat?post=15049"},{"taxonomy":"product_tag","embeddable":true,"href":"https:\/\/www.vallonchene.fr\/es\/wp-json\/wp\/v2\/product_tag?post=15049"}],"curies":[{"name":"wp","href":"https:\/\/api.w.org\/{rel}","templated":true}]}}