{"id":15001,"date":"2021-08-31T10:55:45","date_gmt":"2021-08-31T10:55:45","guid":{"rendered":"https:\/\/testing.vallonchene.fr\/produit\/cupressus-arizonica-sulphurea\/"},"modified":"2024-09-27T08:29:05","modified_gmt":"2024-09-27T08:29:05","slug":"cupressus-arizonica-sulphurea","status":"publish","type":"product","link":"https:\/\/www.vallonchene.fr\/es\/producto\/cupressus-arizonica-sulphurea\/","title":{"rendered":"CUPRESSUS arizonica &#8216;Sulphurea&#8217;"},"content":{"rendered":"","protected":false},"excerpt":{"rendered":"<p>Ce <strong>cypr\u00e8s de l&#8217;Arizona<\/strong> est beau toute l&#8217;ann\u00e9e par son feuillage bleu et jaune. Au printemps, les pousses du <strong>CUPRESSUS arizonica &#8216;Sulphurea&#8217;<\/strong> sont d&#8217;une couleur encore plus vive. Il est rustique et ne prend que peu de place au jardin.<\/p>\n","protected":false},"featured_media":14992,"comment_status":"open","ping_status":"closed","template":"","meta":[],"product_brand":[],"product_cat":[254],"product_tag":[2369,2368,6015,2370,6016],"class_list":{"0":"post-15001","1":"product","2":"type-product","3":"status-publish","4":"has-post-thumbnail","6":"product_cat-coniferes","7":"product_tag-cupressus","8":"product_tag-cupressus-arizonica","9":"product_tag-cupressus-arizonica-sulphurea","10":"product_tag-cypres-de-larizona","11":"product_tag-sulphurea","12":"pa_99-hauteurapproximativeapres1-2a3m","13":"pa_couleurdufeuillage-bleu","14":"pa_couleurdufeuillage-jaune","15":"pa_exigencesenhumidite-fraisahumide","16":"pa_exigencesenhumidite-moyen","17":"pa_exigencesenhumidite-sec","18":"pa_expositionspossibles-33-mi_ombreeviterlesoleilde12","19":"pa_expositionspossibles-pleinsoleilde12ha17hmin","20":"pa_interetauprintemps-feuillage","21":"pa_interetauprintemps-graphismeforme","22":"pa_interetauprintemps-jeunespousses","23":"pa_interetenautomne-feuillage","24":"pa_interetenautomne-graphismeforme","25":"pa_interetenete-feuillage","26":"pa_interetenete-graphismeforme","27":"pa_interetenhiver-feuillage","28":"pa_interetenhiver-graphismeforme","29":"pa_naturedufeuillage-persistant","30":"pa_naturesdesolpossibles-leger","31":"pa_naturesdesolpossibles-lourd","32":"pa_naturesdesolpossibles-normal","33":"pa_particularites-adapteaubonsai","34":"pa_particularites-graphismeforme","35":"pa_periodedetaille-mars","36":"pa_phdusolacceptable-acidemoinsde65","37":"pa_phdusolacceptable-calcaireplusde75","38":"pa_phdusolacceptable-neutreentre65et75","39":"pa_portgraphisme-fastigie","40":"pa_resistanceaufroidrusticite-resistant-en-dessous-de-moins-20-degree-c","41":"pa_utilisationpossible-isole","42":"pa_utilisationpossible-massif","44":"first","45":"outofstock","46":"taxable","47":"shipping-taxable","48":"purchasable","49":"product-type-simple"},"supplier_id":null,"supplier_sku":"","barcode":null,"atum_controlled":true,"out_stock_date":"2024-09-27 08:29:05","out_stock_threshold":null,"inheritable":false,"inbound_stock":null,"stock_on_hold":null,"sold_today":null,"sales_last_days":null,"reserved_stock":null,"customer_returns":null,"warehouse_damage":null,"lost_in_post":null,"other_logs":null,"out_stock_days":null,"lost_sales":null,"has_location":null,"update_date":"2024-09-27T06:29:40","atum_locations":[],"atum_stock_status":"outofstock","restock_status":false,"low_stock_amount":"","sales_update_date":null,"calc_backorders":null,"yoast_head":"<!-- This site is optimized with the Yoast SEO Premium plugin v27.3 (Yoast SEO v27.3) - https:\/\/yoast.com\/product\/yoast-seo-premium-wordpress\/ -->\n<title>CUPRESSUS arizonica &#039;Sulphurea&#039; - cypr\u00e8s de l&#039;Arizona<\/title>\n<meta name=\"description\" content=\"Ce cypr\u00e8s de l&#039;Arizona est beau toute l&#039;ann\u00e9e par son feuillage bleu et jaune. Au printemps, les pousses du CUPRESSUS arizonica &#039;Sulphurea&#039; sont d&#039;une couleur encore plus vive. Il est rustique et ne prend...\" \/>\n<meta name=\"robots\" content=\"index, follow, max-snippet:-1, max-image-preview:large, max-video-preview:-1\" \/>\n<link rel=\"canonical\" href=\"https:\/\/www.vallonchene.fr\/es\/producto\/cupressus-arizonica-sulphurea\/\" \/>\n<meta property=\"og:locale\" content=\"es_ES\" \/>\n<meta property=\"og:type\" content=\"article\" \/>\n<meta property=\"og:title\" content=\"CUPRESSUS arizonica &#039;Sulphurea&#039;\" \/>\n<meta property=\"og:description\" content=\"Ce cypr\u00e8s de l&#039;Arizona est beau toute l&#039;ann\u00e9e par son feuillage bleu et jaune. Au printemps, les pousses du CUPRESSUS arizonica &#039;Sulphurea&#039; sont d&#039;une couleur encore plus vive. Il est rustique et ne prend...\" \/>\n<meta property=\"og:url\" content=\"https:\/\/www.vallonchene.fr\/es\/producto\/cupressus-arizonica-sulphurea\/\" \/>\n<meta property=\"og:site_name\" content=\"Vallonch\u00eane\" \/>\n<meta property=\"article:publisher\" content=\"https:\/\/www.facebook.com\/vallonchene.fr\" \/>\n<meta property=\"article:modified_time\" content=\"2024-09-27T08:29:05+00:00\" \/>\n<meta property=\"og:image\" content=\"https:\/\/www.vallonchene.fr\/wp-content\/uploads\/2021\/08\/1200-036-CUPRESSUS-arizonica-Sulphurea-en-Octobre.jpg\" \/>\n\t<meta property=\"og:image:width\" content=\"1600\" \/>\n\t<meta property=\"og:image:height\" content=\"1600\" \/>\n\t<meta property=\"og:image:type\" content=\"image\/jpeg\" \/>\n<meta name=\"twitter:card\" content=\"summary_large_image\" \/>\n<meta name=\"twitter:label1\" content=\"Precio\" \/>\n\t<meta name=\"twitter:data1\" content=\"0,00&nbsp;&euro;\" \/>\n\t<meta name=\"twitter:label2\" content=\"Disponibilidad\" \/>\n\t<meta name=\"twitter:data2\" content=\"Agotado\" \/>\n<script type=\"application\/ld+json\" class=\"yoast-schema-graph\">{\"@context\":\"https:\\\/\\\/schema.org\",\"@graph\":[{\"@type\":\"WebPage\",\"@id\":\"https:\\\/\\\/www.vallonchene.fr\\\/es\\\/producto\\\/cupressus-arizonica-sulphurea\\\/\",\"url\":\"https:\\\/\\\/www.vallonchene.fr\\\/es\\\/producto\\\/cupressus-arizonica-sulphurea\\\/\",\"name\":\"CUPRESSUS arizonica 'Sulphurea' - cypr\u00e8s de l'Arizona\",\"isPartOf\":{\"@id\":\"https:\\\/\\\/www.vallonchene.fr\\\/es\\\/#website\"},\"primaryImageOfPage\":{\"@id\":\"https:\\\/\\\/www.vallonchene.fr\\\/es\\\/producto\\\/cupressus-arizonica-sulphurea\\\/#primaryimage\"},\"image\":{\"@id\":\"https:\\\/\\\/www.vallonchene.fr\\\/es\\\/producto\\\/cupressus-arizonica-sulphurea\\\/#primaryimage\"},\"thumbnailUrl\":\"https:\\\/\\\/www.vallonchene.fr\\\/wp-content\\\/uploads\\\/2021\\\/08\\\/1200-036-CUPRESSUS-arizonica-Sulphurea-en-Octobre.jpg\",\"datePublished\":\"2021-08-31T10:55:45+00:00\",\"dateModified\":\"2024-09-27T08:29:05+00:00\",\"description\":\"Ce cypr\u00e8s de l'Arizona est beau toute l'ann\u00e9e par son feuillage bleu et jaune. Au printemps, les pousses du CUPRESSUS arizonica 'Sulphurea' sont d'une couleur encore plus vive. Il est rustique et ne prend...\",\"breadcrumb\":{\"@id\":\"https:\\\/\\\/www.vallonchene.fr\\\/es\\\/producto\\\/cupressus-arizonica-sulphurea\\\/#breadcrumb\"},\"inLanguage\":\"es\",\"potentialAction\":[{\"@type\":\"ReadAction\",\"target\":[\"https:\\\/\\\/www.vallonchene.fr\\\/es\\\/producto\\\/cupressus-arizonica-sulphurea\\\/\"]}]},{\"@type\":\"ImageObject\",\"inLanguage\":\"es\",\"@id\":\"https:\\\/\\\/www.vallonchene.fr\\\/es\\\/producto\\\/cupressus-arizonica-sulphurea\\\/#primaryimage\",\"url\":\"https:\\\/\\\/www.vallonchene.fr\\\/wp-content\\\/uploads\\\/2021\\\/08\\\/1200-036-CUPRESSUS-arizonica-Sulphurea-en-Octobre.jpg\",\"contentUrl\":\"https:\\\/\\\/www.vallonchene.fr\\\/wp-content\\\/uploads\\\/2021\\\/08\\\/1200-036-CUPRESSUS-arizonica-Sulphurea-en-Octobre.jpg\",\"width\":1600,\"height\":1600,\"caption\":\"CUPRESSUS arizonica 'Sulphurea' en Octobre\"},{\"@type\":\"BreadcrumbList\",\"@id\":\"https:\\\/\\\/www.vallonchene.fr\\\/es\\\/producto\\\/cupressus-arizonica-sulphurea\\\/#breadcrumb\",\"itemListElement\":[{\"@type\":\"ListItem\",\"position\":1,\"name\":\"Home\",\"item\":\"https:\\\/\\\/www.vallonchene.fr\\\/es\\\/\"},{\"@type\":\"ListItem\",\"position\":2,\"name\":\"Tienda\",\"item\":\"https:\\\/\\\/www.vallonchene.fr\\\/tienda\\\/\"},{\"@type\":\"ListItem\",\"position\":3,\"name\":\"Venta en linea\",\"item\":\"https:\\\/\\\/www.vallonchene.fr\\\/es\\\/categoria-producto\\\/venta-en-linea\\\/\"},{\"@type\":\"ListItem\",\"position\":4,\"name\":\"Vivero\",\"item\":\"https:\\\/\\\/www.vallonchene.fr\\\/es\\\/categoria-producto\\\/venta-en-linea\\\/vivero\\\/\"},{\"@type\":\"ListItem\",\"position\":5,\"name\":\"Coniferas\",\"item\":\"https:\\\/\\\/www.vallonchene.fr\\\/es\\\/categoria-producto\\\/venta-en-linea\\\/vivero\\\/coniferas\\\/\"},{\"@type\":\"ListItem\",\"position\":6,\"name\":\"CUPRESSUS arizonica &#8216;Sulphurea&#8217;\"}]},{\"@type\":\"WebSite\",\"@id\":\"https:\\\/\\\/www.vallonchene.fr\\\/es\\\/#website\",\"url\":\"https:\\\/\\\/www.vallonchene.fr\\\/es\\\/\",\"name\":\"Vallonch\u00eane\",\"description\":\"El vivero donde la calidad tiene sus ra\u00edces \u2013 Tel.: +33 (0)2.35.90.02.02\",\"publisher\":{\"@id\":\"https:\\\/\\\/www.vallonchene.fr\\\/es\\\/#organization\"},\"potentialAction\":[{\"@type\":\"SearchAction\",\"target\":{\"@type\":\"EntryPoint\",\"urlTemplate\":\"https:\\\/\\\/www.vallonchene.fr\\\/es\\\/?s={search_term_string}\"},\"query-input\":{\"@type\":\"PropertyValueSpecification\",\"valueRequired\":true,\"valueName\":\"search_term_string\"}}],\"inLanguage\":\"es\"},{\"@type\":\"Organization\",\"@id\":\"https:\\\/\\\/www.vallonchene.fr\\\/es\\\/#organization\",\"name\":\"VALLONCHENE\",\"url\":\"https:\\\/\\\/www.vallonchene.fr\\\/es\\\/\",\"logo\":{\"@type\":\"ImageObject\",\"inLanguage\":\"es\",\"@id\":\"https:\\\/\\\/www.vallonchene.fr\\\/es\\\/#\\\/schema\\\/logo\\\/image\\\/\",\"url\":\"https:\\\/\\\/www.vallonchene.fr\\\/wp-content\\\/uploads\\\/2023\\\/03\\\/Logo-Vallonchene-site-et-R_hauteur_100.png\",\"contentUrl\":\"https:\\\/\\\/www.vallonchene.fr\\\/wp-content\\\/uploads\\\/2023\\\/03\\\/Logo-Vallonchene-site-et-R_hauteur_100.png\",\"width\":221,\"height\":100,\"caption\":\"VALLONCHENE\"},\"image\":{\"@id\":\"https:\\\/\\\/www.vallonchene.fr\\\/es\\\/#\\\/schema\\\/logo\\\/image\\\/\"},\"sameAs\":[\"https:\\\/\\\/www.facebook.com\\\/vallonchene.fr\",\"https:\\\/\\\/www.instagram.com\\\/vallonchene\\\/\",\"https:\\\/\\\/www.pinterest.fr\\\/vallonchene\\\/\"],\"taxID\":\"49454502300017\",\"hasMerchantReturnPolicy\":{\"@type\":\"MerchantReturnPolicy\",\"merchantReturnLink\":\"https:\\\/\\\/www.vallonchene.fr\\\/remboursements_retours\\\/\"}}]}<\/script>\n<meta property=\"product:price:amount\" content=\"0.00\" \/>\n<meta property=\"product:price:currency\" content=\"EUR\" \/>\n<meta property=\"og:availability\" content=\"out of stock\" \/>\n<meta property=\"product:availability\" content=\"out of stock\" \/>\n<meta property=\"product:retailer_item_id\" content=\"98853\" \/>\n<meta property=\"product:condition\" content=\"new\" \/>\n<!-- \/ Yoast SEO Premium plugin. -->","yoast_head_json":{"title":"CUPRESSUS arizonica 'Sulphurea' - cypr\u00e8s de l'Arizona","description":"Ce cypr\u00e8s de l'Arizona est beau toute l'ann\u00e9e par son feuillage bleu et jaune. Au printemps, les pousses du CUPRESSUS arizonica 'Sulphurea' sont d'une couleur encore plus vive. Il est rustique et ne prend...","robots":{"index":"index","follow":"follow","max-snippet":"max-snippet:-1","max-image-preview":"max-image-preview:large","max-video-preview":"max-video-preview:-1"},"canonical":"https:\/\/www.vallonchene.fr\/es\/producto\/cupressus-arizonica-sulphurea\/","og_locale":"es_ES","og_type":"article","og_title":"CUPRESSUS arizonica 'Sulphurea'","og_description":"Ce cypr\u00e8s de l'Arizona est beau toute l'ann\u00e9e par son feuillage bleu et jaune. Au printemps, les pousses du CUPRESSUS arizonica 'Sulphurea' sont d'une couleur encore plus vive. Il est rustique et ne prend...","og_url":"https:\/\/www.vallonchene.fr\/es\/producto\/cupressus-arizonica-sulphurea\/","og_site_name":"Vallonch\u00eane","article_publisher":"https:\/\/www.facebook.com\/vallonchene.fr","article_modified_time":"2024-09-27T08:29:05+00:00","og_image":[{"width":1600,"height":1600,"url":"https:\/\/www.vallonchene.fr\/wp-content\/uploads\/2021\/08\/1200-036-CUPRESSUS-arizonica-Sulphurea-en-Octobre.jpg","type":"image\/jpeg"}],"twitter_card":"summary_large_image","twitter_misc":{"Precio":"0,00&nbsp;&euro;","Disponibilidad":"Agotado"},"schema":{"@context":"https:\/\/schema.org","@graph":[{"@type":"WebPage","@id":"https:\/\/www.vallonchene.fr\/es\/producto\/cupressus-arizonica-sulphurea\/","url":"https:\/\/www.vallonchene.fr\/es\/producto\/cupressus-arizonica-sulphurea\/","name":"CUPRESSUS arizonica 'Sulphurea' - cypr\u00e8s de l'Arizona","isPartOf":{"@id":"https:\/\/www.vallonchene.fr\/es\/#website"},"primaryImageOfPage":{"@id":"https:\/\/www.vallonchene.fr\/es\/producto\/cupressus-arizonica-sulphurea\/#primaryimage"},"image":{"@id":"https:\/\/www.vallonchene.fr\/es\/producto\/cupressus-arizonica-sulphurea\/#primaryimage"},"thumbnailUrl":"https:\/\/www.vallonchene.fr\/wp-content\/uploads\/2021\/08\/1200-036-CUPRESSUS-arizonica-Sulphurea-en-Octobre.jpg","datePublished":"2021-08-31T10:55:45+00:00","dateModified":"2024-09-27T08:29:05+00:00","description":"Ce cypr\u00e8s de l'Arizona est beau toute l'ann\u00e9e par son feuillage bleu et jaune. Au printemps, les pousses du CUPRESSUS arizonica 'Sulphurea' sont d'une couleur encore plus vive. Il est rustique et ne prend...","breadcrumb":{"@id":"https:\/\/www.vallonchene.fr\/es\/producto\/cupressus-arizonica-sulphurea\/#breadcrumb"},"inLanguage":"es","potentialAction":[{"@type":"ReadAction","target":["https:\/\/www.vallonchene.fr\/es\/producto\/cupressus-arizonica-sulphurea\/"]}]},{"@type":"ImageObject","inLanguage":"es","@id":"https:\/\/www.vallonchene.fr\/es\/producto\/cupressus-arizonica-sulphurea\/#primaryimage","url":"https:\/\/www.vallonchene.fr\/wp-content\/uploads\/2021\/08\/1200-036-CUPRESSUS-arizonica-Sulphurea-en-Octobre.jpg","contentUrl":"https:\/\/www.vallonchene.fr\/wp-content\/uploads\/2021\/08\/1200-036-CUPRESSUS-arizonica-Sulphurea-en-Octobre.jpg","width":1600,"height":1600,"caption":"CUPRESSUS arizonica 'Sulphurea' en Octobre"},{"@type":"BreadcrumbList","@id":"https:\/\/www.vallonchene.fr\/es\/producto\/cupressus-arizonica-sulphurea\/#breadcrumb","itemListElement":[{"@type":"ListItem","position":1,"name":"Home","item":"https:\/\/www.vallonchene.fr\/es\/"},{"@type":"ListItem","position":2,"name":"Tienda","item":"https:\/\/www.vallonchene.fr\/tienda\/"},{"@type":"ListItem","position":3,"name":"Venta en linea","item":"https:\/\/www.vallonchene.fr\/es\/categoria-producto\/venta-en-linea\/"},{"@type":"ListItem","position":4,"name":"Vivero","item":"https:\/\/www.vallonchene.fr\/es\/categoria-producto\/venta-en-linea\/vivero\/"},{"@type":"ListItem","position":5,"name":"Coniferas","item":"https:\/\/www.vallonchene.fr\/es\/categoria-producto\/venta-en-linea\/vivero\/coniferas\/"},{"@type":"ListItem","position":6,"name":"CUPRESSUS arizonica &#8216;Sulphurea&#8217;"}]},{"@type":"WebSite","@id":"https:\/\/www.vallonchene.fr\/es\/#website","url":"https:\/\/www.vallonchene.fr\/es\/","name":"Vallonch\u00eane","description":"El vivero donde la calidad tiene sus ra\u00edces \u2013 Tel.: +33 (0)2.35.90.02.02","publisher":{"@id":"https:\/\/www.vallonchene.fr\/es\/#organization"},"potentialAction":[{"@type":"SearchAction","target":{"@type":"EntryPoint","urlTemplate":"https:\/\/www.vallonchene.fr\/es\/?s={search_term_string}"},"query-input":{"@type":"PropertyValueSpecification","valueRequired":true,"valueName":"search_term_string"}}],"inLanguage":"es"},{"@type":"Organization","@id":"https:\/\/www.vallonchene.fr\/es\/#organization","name":"VALLONCHENE","url":"https:\/\/www.vallonchene.fr\/es\/","logo":{"@type":"ImageObject","inLanguage":"es","@id":"https:\/\/www.vallonchene.fr\/es\/#\/schema\/logo\/image\/","url":"https:\/\/www.vallonchene.fr\/wp-content\/uploads\/2023\/03\/Logo-Vallonchene-site-et-R_hauteur_100.png","contentUrl":"https:\/\/www.vallonchene.fr\/wp-content\/uploads\/2023\/03\/Logo-Vallonchene-site-et-R_hauteur_100.png","width":221,"height":100,"caption":"VALLONCHENE"},"image":{"@id":"https:\/\/www.vallonchene.fr\/es\/#\/schema\/logo\/image\/"},"sameAs":["https:\/\/www.facebook.com\/vallonchene.fr","https:\/\/www.instagram.com\/vallonchene\/","https:\/\/www.pinterest.fr\/vallonchene\/"],"taxID":"49454502300017","hasMerchantReturnPolicy":{"@type":"MerchantReturnPolicy","merchantReturnLink":"https:\/\/www.vallonchene.fr\/remboursements_retours\/"}}]},"product_price_amount":"0.00","product_price_currency":"EUR","og_availability":"out of stock","product_availability":"out of stock","product_retailer_item_id":"98853","product_condition":"new"},"_links":{"self":[{"href":"https:\/\/www.vallonchene.fr\/es\/wp-json\/wp\/v2\/product\/15001","targetHints":{"allow":["GET"]}}],"collection":[{"href":"https:\/\/www.vallonchene.fr\/es\/wp-json\/wp\/v2\/product"}],"about":[{"href":"https:\/\/www.vallonchene.fr\/es\/wp-json\/wp\/v2\/types\/product"}],"replies":[{"embeddable":true,"href":"https:\/\/www.vallonchene.fr\/es\/wp-json\/wp\/v2\/comments?post=15001"}],"wp:featuredmedia":[{"embeddable":true,"href":"https:\/\/www.vallonchene.fr\/es\/wp-json\/wp\/v2\/media\/14992"}],"wp:attachment":[{"href":"https:\/\/www.vallonchene.fr\/es\/wp-json\/wp\/v2\/media?parent=15001"}],"wp:term":[{"taxonomy":"product_brand","embeddable":true,"href":"https:\/\/www.vallonchene.fr\/es\/wp-json\/wp\/v2\/product_brand?post=15001"},{"taxonomy":"product_cat","embeddable":true,"href":"https:\/\/www.vallonchene.fr\/es\/wp-json\/wp\/v2\/product_cat?post=15001"},{"taxonomy":"product_tag","embeddable":true,"href":"https:\/\/www.vallonchene.fr\/es\/wp-json\/wp\/v2\/product_tag?post=15001"}],"curies":[{"name":"wp","href":"https:\/\/api.w.org\/{rel}","templated":true}]}}