{"id":14638,"date":"2021-08-31T11:15:13","date_gmt":"2021-08-31T11:15:13","guid":{"rendered":"https:\/\/testing.vallonchene.fr\/produit\/lysimachia-nummularia-aurea\/"},"modified":"2024-09-26T15:18:46","modified_gmt":"2024-09-26T15:18:46","slug":"lysimachia-nummularia-aurea","status":"publish","type":"product","link":"https:\/\/www.vallonchene.fr\/es\/producto\/lysimachia-nummularia-aurea\/","title":{"rendered":"LYSIMACHIA nummularia &#8216;Aurea&#8217;"},"content":{"rendered":"","protected":false},"excerpt":{"rendered":"<p>Cette <strong>herbe aux \u00e9cus<\/strong> est un excellent couvre-sol. Le <strong>LYSIMACHIA nummularia &#8216;Aurea&#8217;<\/strong> a un beau feuillage dor\u00e9. C&#8217;est une plante vivace tr\u00e8s rustique. Elle fleurit abondamment en \u00e9t\u00e9.<\/p>\n","protected":false},"featured_media":14632,"comment_status":"open","ping_status":"closed","template":"","meta":[],"product_brand":[],"product_cat":[11832],"product_tag":[1031,5891,5890,5889,5888],"class_list":{"0":"post-14638","1":"product","2":"type-product","3":"status-publish","4":"has-post-thumbnail","6":"product_cat-plantas-perennes","7":"product_tag-aurea","8":"product_tag-herbe-aux-ecus","9":"product_tag-lysimachia","10":"product_tag-lysimachia-nummularia","11":"product_tag-lysimachia-nummularia-aurea","12":"pa_99-hauteurapproximativeapres1-menos-de-20-cm","13":"pa_couleurdesfleurs-amarilla","14":"pa_couleurdufeuillage-amarilla","15":"pa_exigencesenhumidite-moderadamente-humedo-a-humedo","16":"pa_exigencesenhumidite-promedio","17":"pa_exigencesenhumidite-seco","18":"pa_expositionspossibles-pleno-sol-de-12-a-17-min","19":"pa_interetauprintemps-follaje","20":"pa_interetenautomne-follaje","21":"pa_interetenete-follaje","22":"pa_interetenete-flores","23":"pa_naturedufeuillage-caduco","24":"pa_naturesdesolpossibles-ligero","25":"pa_naturesdesolpossibles-pesado","26":"pa_naturesdesolpossibles-normal-es","27":"pa_periodedefloraison-verano","28":"pa_phdusolacceptable-acido-menos-de-6_5","29":"pa_phdusolacceptable-calcareo-mas-de-7_5","30":"pa_phdusolacceptable-neutro-entre-6_5-y-7_5","31":"pa_portgraphisme-tapizante","32":"pa_resistanceaufroidrusticite-resistente-por-debajo-de-menos-20-c","33":"pa_utilisationpossible-contenedor-o-olla","34":"pa_utilisationpossible-planta-tapizante","35":"pa_utilisationpossible-arriate","37":"first","38":"outofstock","39":"taxable","40":"shipping-taxable","41":"purchasable","42":"product-type-simple"},"supplier_id":null,"supplier_sku":"","barcode":null,"atum_controlled":true,"out_stock_date":"2024-09-26 15:18:46","out_stock_threshold":null,"inheritable":false,"inbound_stock":0,"stock_on_hold":0,"sold_today":0,"sales_last_days":0,"reserved_stock":0,"customer_returns":0,"warehouse_damage":0,"lost_in_post":0,"other_logs":0,"out_stock_days":533,"lost_sales":0,"has_location":false,"update_date":"2026-03-13T16:00:18","atum_locations":[],"atum_stock_status":"outofstock","restock_status":false,"low_stock_amount":"","sales_update_date":"2026-03-13T16:00:18","calc_backorders":null,"yoast_head":"<!-- This site is optimized with the Yoast SEO Premium plugin v27.3 (Yoast SEO v27.3) - https:\/\/yoast.com\/product\/yoast-seo-premium-wordpress\/ -->\n<title>LYSIMACHIA nummularia &#039;Aurea&#039; - herbe aux \u00e9cus<\/title>\n<meta name=\"description\" content=\"Cette herbe aux \u00e9cus est un excellent couvre-sol. Le LYSIMACHIA nummularia &#039;Aurea&#039; a un beau feuillage dor\u00e9. C&#039;est une plante vivace tr\u00e8s rustique. Elle fleurit abondamment en \u00e9t\u00e9.\" \/>\n<meta name=\"robots\" content=\"index, follow, max-snippet:-1, max-image-preview:large, max-video-preview:-1\" \/>\n<link rel=\"canonical\" href=\"https:\/\/www.vallonchene.fr\/es\/producto\/lysimachia-nummularia-aurea\/\" \/>\n<meta property=\"og:locale\" content=\"es_ES\" \/>\n<meta property=\"og:type\" content=\"article\" \/>\n<meta property=\"og:title\" content=\"LYSIMACHIA nummularia &#039;Aurea&#039;\" \/>\n<meta property=\"og:description\" content=\"Cette herbe aux \u00e9cus est un excellent couvre-sol. Le LYSIMACHIA nummularia &#039;Aurea&#039; a un beau feuillage dor\u00e9. C&#039;est une plante vivace tr\u00e8s rustique. Elle fleurit abondamment en \u00e9t\u00e9.\" \/>\n<meta property=\"og:url\" content=\"https:\/\/www.vallonchene.fr\/es\/producto\/lysimachia-nummularia-aurea\/\" \/>\n<meta property=\"og:site_name\" content=\"Vallonch\u00eane\" \/>\n<meta property=\"article:publisher\" content=\"https:\/\/www.facebook.com\/vallonchene.fr\" \/>\n<meta property=\"article:modified_time\" content=\"2024-09-26T15:18:46+00:00\" \/>\n<meta property=\"og:image\" content=\"https:\/\/www.vallonchene.fr\/wp-content\/uploads\/2021\/08\/2257-3cb-LYSIMACHIA-nummularia-Aurea-en-Juin.jpg\" \/>\n\t<meta property=\"og:image:width\" content=\"1600\" \/>\n\t<meta property=\"og:image:height\" content=\"1600\" \/>\n\t<meta property=\"og:image:type\" content=\"image\/jpeg\" \/>\n<meta name=\"twitter:card\" content=\"summary_large_image\" \/>\n<meta name=\"twitter:label1\" content=\"Precio\" \/>\n\t<meta name=\"twitter:data1\" content=\"0,00&nbsp;&euro;\" \/>\n\t<meta name=\"twitter:label2\" content=\"Disponibilidad\" \/>\n\t<meta name=\"twitter:data2\" content=\"Agotado\" \/>\n<script type=\"application\/ld+json\" class=\"yoast-schema-graph\">{\"@context\":\"https:\\\/\\\/schema.org\",\"@graph\":[{\"@type\":\"WebPage\",\"@id\":\"https:\\\/\\\/www.vallonchene.fr\\\/es\\\/producto\\\/lysimachia-nummularia-aurea\\\/\",\"url\":\"https:\\\/\\\/www.vallonchene.fr\\\/es\\\/producto\\\/lysimachia-nummularia-aurea\\\/\",\"name\":\"LYSIMACHIA nummularia 'Aurea' - herbe aux \u00e9cus\",\"isPartOf\":{\"@id\":\"https:\\\/\\\/www.vallonchene.fr\\\/es\\\/#website\"},\"primaryImageOfPage\":{\"@id\":\"https:\\\/\\\/www.vallonchene.fr\\\/es\\\/producto\\\/lysimachia-nummularia-aurea\\\/#primaryimage\"},\"image\":{\"@id\":\"https:\\\/\\\/www.vallonchene.fr\\\/es\\\/producto\\\/lysimachia-nummularia-aurea\\\/#primaryimage\"},\"thumbnailUrl\":\"https:\\\/\\\/www.vallonchene.fr\\\/wp-content\\\/uploads\\\/2021\\\/08\\\/2257-3cb-LYSIMACHIA-nummularia-Aurea-en-Juin.jpg\",\"datePublished\":\"2021-08-31T11:15:13+00:00\",\"dateModified\":\"2024-09-26T15:18:46+00:00\",\"description\":\"Cette herbe aux \u00e9cus est un excellent couvre-sol. Le LYSIMACHIA nummularia 'Aurea' a un beau feuillage dor\u00e9. C'est une plante vivace tr\u00e8s rustique. Elle fleurit abondamment en \u00e9t\u00e9.\",\"breadcrumb\":{\"@id\":\"https:\\\/\\\/www.vallonchene.fr\\\/es\\\/producto\\\/lysimachia-nummularia-aurea\\\/#breadcrumb\"},\"inLanguage\":\"es\",\"potentialAction\":[{\"@type\":\"ReadAction\",\"target\":[\"https:\\\/\\\/www.vallonchene.fr\\\/es\\\/producto\\\/lysimachia-nummularia-aurea\\\/\"]}]},{\"@type\":\"ImageObject\",\"inLanguage\":\"es\",\"@id\":\"https:\\\/\\\/www.vallonchene.fr\\\/es\\\/producto\\\/lysimachia-nummularia-aurea\\\/#primaryimage\",\"url\":\"https:\\\/\\\/www.vallonchene.fr\\\/wp-content\\\/uploads\\\/2021\\\/08\\\/2257-3cb-LYSIMACHIA-nummularia-Aurea-en-Juin.jpg\",\"contentUrl\":\"https:\\\/\\\/www.vallonchene.fr\\\/wp-content\\\/uploads\\\/2021\\\/08\\\/2257-3cb-LYSIMACHIA-nummularia-Aurea-en-Juin.jpg\",\"width\":1600,\"height\":1600,\"caption\":\"LYSIMACHIA nummularia 'Aurea' en Juin\"},{\"@type\":\"BreadcrumbList\",\"@id\":\"https:\\\/\\\/www.vallonchene.fr\\\/es\\\/producto\\\/lysimachia-nummularia-aurea\\\/#breadcrumb\",\"itemListElement\":[{\"@type\":\"ListItem\",\"position\":1,\"name\":\"Home\",\"item\":\"https:\\\/\\\/www.vallonchene.fr\\\/es\\\/\"},{\"@type\":\"ListItem\",\"position\":2,\"name\":\"Tienda\",\"item\":\"https:\\\/\\\/www.vallonchene.fr\\\/tienda\\\/\"},{\"@type\":\"ListItem\",\"position\":3,\"name\":\"Venta en linea\",\"item\":\"https:\\\/\\\/www.vallonchene.fr\\\/es\\\/categoria-producto\\\/venta-en-linea\\\/\"},{\"@type\":\"ListItem\",\"position\":4,\"name\":\"Vivero\",\"item\":\"https:\\\/\\\/www.vallonchene.fr\\\/es\\\/categoria-producto\\\/venta-en-linea\\\/vivero\\\/\"},{\"@type\":\"ListItem\",\"position\":5,\"name\":\"Plantas perennes\",\"item\":\"https:\\\/\\\/www.vallonchene.fr\\\/es\\\/categoria-producto\\\/venta-en-linea\\\/vivero\\\/plantas-perennes\\\/\"},{\"@type\":\"ListItem\",\"position\":6,\"name\":\"LYSIMACHIA nummularia &#8216;Aurea&#8217;\"}]},{\"@type\":\"WebSite\",\"@id\":\"https:\\\/\\\/www.vallonchene.fr\\\/es\\\/#website\",\"url\":\"https:\\\/\\\/www.vallonchene.fr\\\/es\\\/\",\"name\":\"Vallonch\u00eane\",\"description\":\"El vivero donde la calidad tiene sus ra\u00edces \u2013 Tel.: +33 (0)2.35.90.02.02\",\"publisher\":{\"@id\":\"https:\\\/\\\/www.vallonchene.fr\\\/es\\\/#organization\"},\"potentialAction\":[{\"@type\":\"SearchAction\",\"target\":{\"@type\":\"EntryPoint\",\"urlTemplate\":\"https:\\\/\\\/www.vallonchene.fr\\\/es\\\/?s={search_term_string}\"},\"query-input\":{\"@type\":\"PropertyValueSpecification\",\"valueRequired\":true,\"valueName\":\"search_term_string\"}}],\"inLanguage\":\"es\"},{\"@type\":\"Organization\",\"@id\":\"https:\\\/\\\/www.vallonchene.fr\\\/es\\\/#organization\",\"name\":\"VALLONCHENE\",\"url\":\"https:\\\/\\\/www.vallonchene.fr\\\/es\\\/\",\"logo\":{\"@type\":\"ImageObject\",\"inLanguage\":\"es\",\"@id\":\"https:\\\/\\\/www.vallonchene.fr\\\/es\\\/#\\\/schema\\\/logo\\\/image\\\/\",\"url\":\"https:\\\/\\\/www.vallonchene.fr\\\/wp-content\\\/uploads\\\/2023\\\/03\\\/Logo-Vallonchene-site-et-R_hauteur_100.png\",\"contentUrl\":\"https:\\\/\\\/www.vallonchene.fr\\\/wp-content\\\/uploads\\\/2023\\\/03\\\/Logo-Vallonchene-site-et-R_hauteur_100.png\",\"width\":221,\"height\":100,\"caption\":\"VALLONCHENE\"},\"image\":{\"@id\":\"https:\\\/\\\/www.vallonchene.fr\\\/es\\\/#\\\/schema\\\/logo\\\/image\\\/\"},\"sameAs\":[\"https:\\\/\\\/www.facebook.com\\\/vallonchene.fr\",\"https:\\\/\\\/www.instagram.com\\\/vallonchene\\\/\",\"https:\\\/\\\/www.pinterest.fr\\\/vallonchene\\\/\"],\"taxID\":\"49454502300017\",\"hasMerchantReturnPolicy\":{\"@type\":\"MerchantReturnPolicy\",\"merchantReturnLink\":\"https:\\\/\\\/www.vallonchene.fr\\\/remboursements_retours\\\/\"}}]}<\/script>\n<meta property=\"product:price:amount\" content=\"0.00\" \/>\n<meta property=\"product:price:currency\" content=\"EUR\" \/>\n<meta property=\"og:availability\" content=\"out of stock\" \/>\n<meta property=\"product:availability\" content=\"out of stock\" \/>\n<meta property=\"product:retailer_item_id\" content=\"68967\" \/>\n<meta property=\"product:condition\" content=\"new\" \/>\n<!-- \/ Yoast SEO Premium plugin. -->","yoast_head_json":{"title":"LYSIMACHIA nummularia 'Aurea' - herbe aux \u00e9cus","description":"Cette herbe aux \u00e9cus est un excellent couvre-sol. Le LYSIMACHIA nummularia 'Aurea' a un beau feuillage dor\u00e9. C'est une plante vivace tr\u00e8s rustique. Elle fleurit abondamment en \u00e9t\u00e9.","robots":{"index":"index","follow":"follow","max-snippet":"max-snippet:-1","max-image-preview":"max-image-preview:large","max-video-preview":"max-video-preview:-1"},"canonical":"https:\/\/www.vallonchene.fr\/es\/producto\/lysimachia-nummularia-aurea\/","og_locale":"es_ES","og_type":"article","og_title":"LYSIMACHIA nummularia 'Aurea'","og_description":"Cette herbe aux \u00e9cus est un excellent couvre-sol. Le LYSIMACHIA nummularia 'Aurea' a un beau feuillage dor\u00e9. C'est une plante vivace tr\u00e8s rustique. Elle fleurit abondamment en \u00e9t\u00e9.","og_url":"https:\/\/www.vallonchene.fr\/es\/producto\/lysimachia-nummularia-aurea\/","og_site_name":"Vallonch\u00eane","article_publisher":"https:\/\/www.facebook.com\/vallonchene.fr","article_modified_time":"2024-09-26T15:18:46+00:00","og_image":[{"width":1600,"height":1600,"url":"https:\/\/www.vallonchene.fr\/wp-content\/uploads\/2021\/08\/2257-3cb-LYSIMACHIA-nummularia-Aurea-en-Juin.jpg","type":"image\/jpeg"}],"twitter_card":"summary_large_image","twitter_misc":{"Precio":"0,00&nbsp;&euro;","Disponibilidad":"Agotado"},"schema":{"@context":"https:\/\/schema.org","@graph":[{"@type":"WebPage","@id":"https:\/\/www.vallonchene.fr\/es\/producto\/lysimachia-nummularia-aurea\/","url":"https:\/\/www.vallonchene.fr\/es\/producto\/lysimachia-nummularia-aurea\/","name":"LYSIMACHIA nummularia 'Aurea' - herbe aux \u00e9cus","isPartOf":{"@id":"https:\/\/www.vallonchene.fr\/es\/#website"},"primaryImageOfPage":{"@id":"https:\/\/www.vallonchene.fr\/es\/producto\/lysimachia-nummularia-aurea\/#primaryimage"},"image":{"@id":"https:\/\/www.vallonchene.fr\/es\/producto\/lysimachia-nummularia-aurea\/#primaryimage"},"thumbnailUrl":"https:\/\/www.vallonchene.fr\/wp-content\/uploads\/2021\/08\/2257-3cb-LYSIMACHIA-nummularia-Aurea-en-Juin.jpg","datePublished":"2021-08-31T11:15:13+00:00","dateModified":"2024-09-26T15:18:46+00:00","description":"Cette herbe aux \u00e9cus est un excellent couvre-sol. Le LYSIMACHIA nummularia 'Aurea' a un beau feuillage dor\u00e9. C'est une plante vivace tr\u00e8s rustique. Elle fleurit abondamment en \u00e9t\u00e9.","breadcrumb":{"@id":"https:\/\/www.vallonchene.fr\/es\/producto\/lysimachia-nummularia-aurea\/#breadcrumb"},"inLanguage":"es","potentialAction":[{"@type":"ReadAction","target":["https:\/\/www.vallonchene.fr\/es\/producto\/lysimachia-nummularia-aurea\/"]}]},{"@type":"ImageObject","inLanguage":"es","@id":"https:\/\/www.vallonchene.fr\/es\/producto\/lysimachia-nummularia-aurea\/#primaryimage","url":"https:\/\/www.vallonchene.fr\/wp-content\/uploads\/2021\/08\/2257-3cb-LYSIMACHIA-nummularia-Aurea-en-Juin.jpg","contentUrl":"https:\/\/www.vallonchene.fr\/wp-content\/uploads\/2021\/08\/2257-3cb-LYSIMACHIA-nummularia-Aurea-en-Juin.jpg","width":1600,"height":1600,"caption":"LYSIMACHIA nummularia 'Aurea' en Juin"},{"@type":"BreadcrumbList","@id":"https:\/\/www.vallonchene.fr\/es\/producto\/lysimachia-nummularia-aurea\/#breadcrumb","itemListElement":[{"@type":"ListItem","position":1,"name":"Home","item":"https:\/\/www.vallonchene.fr\/es\/"},{"@type":"ListItem","position":2,"name":"Tienda","item":"https:\/\/www.vallonchene.fr\/tienda\/"},{"@type":"ListItem","position":3,"name":"Venta en linea","item":"https:\/\/www.vallonchene.fr\/es\/categoria-producto\/venta-en-linea\/"},{"@type":"ListItem","position":4,"name":"Vivero","item":"https:\/\/www.vallonchene.fr\/es\/categoria-producto\/venta-en-linea\/vivero\/"},{"@type":"ListItem","position":5,"name":"Plantas perennes","item":"https:\/\/www.vallonchene.fr\/es\/categoria-producto\/venta-en-linea\/vivero\/plantas-perennes\/"},{"@type":"ListItem","position":6,"name":"LYSIMACHIA nummularia &#8216;Aurea&#8217;"}]},{"@type":"WebSite","@id":"https:\/\/www.vallonchene.fr\/es\/#website","url":"https:\/\/www.vallonchene.fr\/es\/","name":"Vallonch\u00eane","description":"El vivero donde la calidad tiene sus ra\u00edces \u2013 Tel.: +33 (0)2.35.90.02.02","publisher":{"@id":"https:\/\/www.vallonchene.fr\/es\/#organization"},"potentialAction":[{"@type":"SearchAction","target":{"@type":"EntryPoint","urlTemplate":"https:\/\/www.vallonchene.fr\/es\/?s={search_term_string}"},"query-input":{"@type":"PropertyValueSpecification","valueRequired":true,"valueName":"search_term_string"}}],"inLanguage":"es"},{"@type":"Organization","@id":"https:\/\/www.vallonchene.fr\/es\/#organization","name":"VALLONCHENE","url":"https:\/\/www.vallonchene.fr\/es\/","logo":{"@type":"ImageObject","inLanguage":"es","@id":"https:\/\/www.vallonchene.fr\/es\/#\/schema\/logo\/image\/","url":"https:\/\/www.vallonchene.fr\/wp-content\/uploads\/2023\/03\/Logo-Vallonchene-site-et-R_hauteur_100.png","contentUrl":"https:\/\/www.vallonchene.fr\/wp-content\/uploads\/2023\/03\/Logo-Vallonchene-site-et-R_hauteur_100.png","width":221,"height":100,"caption":"VALLONCHENE"},"image":{"@id":"https:\/\/www.vallonchene.fr\/es\/#\/schema\/logo\/image\/"},"sameAs":["https:\/\/www.facebook.com\/vallonchene.fr","https:\/\/www.instagram.com\/vallonchene\/","https:\/\/www.pinterest.fr\/vallonchene\/"],"taxID":"49454502300017","hasMerchantReturnPolicy":{"@type":"MerchantReturnPolicy","merchantReturnLink":"https:\/\/www.vallonchene.fr\/remboursements_retours\/"}}]},"product_price_amount":"0.00","product_price_currency":"EUR","og_availability":"out of stock","product_availability":"out of stock","product_retailer_item_id":"68967","product_condition":"new"},"_links":{"self":[{"href":"https:\/\/www.vallonchene.fr\/es\/wp-json\/wp\/v2\/product\/14638","targetHints":{"allow":["GET"]}}],"collection":[{"href":"https:\/\/www.vallonchene.fr\/es\/wp-json\/wp\/v2\/product"}],"about":[{"href":"https:\/\/www.vallonchene.fr\/es\/wp-json\/wp\/v2\/types\/product"}],"replies":[{"embeddable":true,"href":"https:\/\/www.vallonchene.fr\/es\/wp-json\/wp\/v2\/comments?post=14638"}],"wp:featuredmedia":[{"embeddable":true,"href":"https:\/\/www.vallonchene.fr\/es\/wp-json\/wp\/v2\/media\/14632"}],"wp:attachment":[{"href":"https:\/\/www.vallonchene.fr\/es\/wp-json\/wp\/v2\/media?parent=14638"}],"wp:term":[{"taxonomy":"product_brand","embeddable":true,"href":"https:\/\/www.vallonchene.fr\/es\/wp-json\/wp\/v2\/product_brand?post=14638"},{"taxonomy":"product_cat","embeddable":true,"href":"https:\/\/www.vallonchene.fr\/es\/wp-json\/wp\/v2\/product_cat?post=14638"},{"taxonomy":"product_tag","embeddable":true,"href":"https:\/\/www.vallonchene.fr\/es\/wp-json\/wp\/v2\/product_tag?post=14638"}],"curies":[{"name":"wp","href":"https:\/\/api.w.org\/{rel}","templated":true}]}}