{"id":14068,"date":"2021-08-31T10:37:26","date_gmt":"2021-08-31T10:37:26","guid":{"rendered":"https:\/\/testing.vallonchene.fr\/produit\/abelia-x-grandiflora-confetti\/"},"modified":"2024-09-27T12:24:27","modified_gmt":"2024-09-27T12:24:27","slug":"abelia-x-grandiflora-confetti","status":"publish","type":"product","link":"https:\/\/www.vallonchene.fr\/es\/producto\/abelia-x-grandiflora-confetti\/","title":{"rendered":"ABELIA x grandiflora &#8216;Confetti&#8217;"},"content":{"rendered":"","protected":false},"excerpt":{"rendered":"<p>Cet <strong>ab\u00e9lia panach\u00e9<\/strong> de blanc et vert se couvre de fleurs blanches en fin d&#8217;\u00e9t\u00e9. L&#8217;<strong>ABELIA x grandiflora &#8216;Confetti&#8217;<\/strong> est extr\u00eamement d\u00e9coratif toute l&#8217;ann\u00e9e puisque son feuillage est semi-persistant.<\/p>\n","protected":false},"featured_media":14065,"comment_status":"open","ping_status":"closed","template":"","meta":[],"product_brand":[],"product_cat":[251],"product_tag":[2189,2188,5658,5657,5659],"class_list":{"0":"post-14068","1":"product","2":"type-product","3":"status-publish","4":"has-post-thumbnail","6":"product_cat-arbustes-et-arbres","7":"product_tag-abelia","8":"product_tag-abelia-grandiflora","9":"product_tag-abelia-grandiflora-confetti","10":"product_tag-abelia-panache","11":"product_tag-confetti","12":"pa_99-hauteurapproximativeapres1-100a150m","13":"pa_couleurdesfleurs-blanc","14":"pa_couleurdufeuillage-blanc","15":"pa_couleurdufeuillage-panache","16":"pa_couleurdufeuillage-vert","17":"pa_exigencesenhumidite-fraisahumide","18":"pa_exigencesenhumidite-moyen","19":"pa_expositionspossibles-33-mi_ombreeviterlesoleilde12","20":"pa_expositionspossibles-pleinsoleilde12ha17hmin","21":"pa_interetauprintemps-feuillage","22":"pa_interetenautomne-feuillage","23":"pa_interetenete-feuillage","24":"pa_interetenete-fleurs","25":"pa_interetenhiver-feuillage","26":"pa_naturedufeuillage-semi_persistant","27":"pa_naturesdesolpossibles-leger","28":"pa_naturesdesolpossibles-normal","29":"pa_periodedefloraison-ete","30":"pa_periodedetaille-mars","31":"pa_phdusolacceptable-calcaireplusde75","32":"pa_phdusolacceptable-neutreentre65et75","33":"pa_portgraphisme-buissonnant","34":"pa_portgraphisme-ovale","35":"pa_resistanceaufroidrusticite-resistantjusqua_20c","36":"pa_utilisationpossible-bacoupot","37":"pa_utilisationpossible-haie","38":"pa_utilisationpossible-massif","40":"first","41":"outofstock","42":"taxable","43":"shipping-taxable","44":"purchasable","45":"product-type-simple"},"supplier_id":null,"supplier_sku":"","barcode":null,"atum_controlled":true,"out_stock_date":"2024-09-27 12:24:27","out_stock_threshold":null,"inheritable":false,"inbound_stock":0,"stock_on_hold":0,"sold_today":0,"sales_last_days":0,"reserved_stock":0,"customer_returns":0,"warehouse_damage":0,"lost_in_post":0,"other_logs":0,"out_stock_days":0,"lost_sales":0,"has_location":false,"update_date":"2024-09-27T10:24:38","atum_locations":[],"atum_stock_status":"outofstock","restock_status":false,"low_stock_amount":"","sales_update_date":"2024-09-15T13:47:17","calc_backorders":null,"yoast_head":"<!-- This site is optimized with the Yoast SEO Premium plugin v27.3 (Yoast SEO v27.3) - https:\/\/yoast.com\/product\/yoast-seo-premium-wordpress\/ -->\n<title>ABELIA x grandiflora &#039;Confetti&#039; - Ab\u00e9lia panach\u00e9<\/title>\n<meta name=\"description\" content=\"Cet ab\u00e9lia panach\u00e9 de blanc et vert se couvre de fleurs blanches en fin d&#039;\u00e9t\u00e9. L&#039;ABELIA x grandiflora &#039;Confetti&#039; est extr\u00eamement d\u00e9coratif toute l&#039;ann\u00e9e puisque son feuillage est semi-persistant.\" \/>\n<meta name=\"robots\" content=\"index, follow, max-snippet:-1, max-image-preview:large, max-video-preview:-1\" \/>\n<link rel=\"canonical\" href=\"https:\/\/www.vallonchene.fr\/es\/producto\/abelia-x-grandiflora-confetti\/\" \/>\n<meta property=\"og:locale\" content=\"es_ES\" \/>\n<meta property=\"og:type\" content=\"article\" \/>\n<meta property=\"og:title\" content=\"ABELIA x grandiflora &#039;Confetti&#039;\" \/>\n<meta property=\"og:description\" content=\"Cet ab\u00e9lia panach\u00e9 de blanc et vert se couvre de fleurs blanches en fin d&#039;\u00e9t\u00e9. L&#039;ABELIA x grandiflora &#039;Confetti&#039; est extr\u00eamement d\u00e9coratif toute l&#039;ann\u00e9e puisque son feuillage est semi-persistant.\" \/>\n<meta property=\"og:url\" content=\"https:\/\/www.vallonchene.fr\/es\/producto\/abelia-x-grandiflora-confetti\/\" \/>\n<meta property=\"og:site_name\" content=\"Vallonch\u00eane\" \/>\n<meta property=\"article:publisher\" content=\"https:\/\/www.facebook.com\/vallonchene.fr\" \/>\n<meta property=\"article:modified_time\" content=\"2024-09-27T12:24:27+00:00\" \/>\n<meta property=\"og:image\" content=\"https:\/\/www.vallonchene.fr\/wp-content\/uploads\/2021\/08\/4-3ec-ABELIA-x-grandiflora-Confetti-en-Septembre.jpg\" \/>\n\t<meta property=\"og:image:width\" content=\"1600\" \/>\n\t<meta property=\"og:image:height\" content=\"1600\" \/>\n\t<meta property=\"og:image:type\" content=\"image\/jpeg\" \/>\n<meta name=\"twitter:card\" content=\"summary_large_image\" \/>\n<meta name=\"twitter:label1\" content=\"Precio\" \/>\n\t<meta name=\"twitter:data1\" content=\"0,00&nbsp;&euro;\" \/>\n\t<meta name=\"twitter:label2\" content=\"Disponibilidad\" \/>\n\t<meta name=\"twitter:data2\" content=\"Agotado\" \/>\n<script type=\"application\/ld+json\" class=\"yoast-schema-graph\">{\"@context\":\"https:\\\/\\\/schema.org\",\"@graph\":[{\"@type\":\"WebPage\",\"@id\":\"https:\\\/\\\/www.vallonchene.fr\\\/es\\\/producto\\\/abelia-x-grandiflora-confetti\\\/\",\"url\":\"https:\\\/\\\/www.vallonchene.fr\\\/es\\\/producto\\\/abelia-x-grandiflora-confetti\\\/\",\"name\":\"ABELIA x grandiflora 'Confetti' - Ab\u00e9lia panach\u00e9\",\"isPartOf\":{\"@id\":\"https:\\\/\\\/www.vallonchene.fr\\\/es\\\/#website\"},\"primaryImageOfPage\":{\"@id\":\"https:\\\/\\\/www.vallonchene.fr\\\/es\\\/producto\\\/abelia-x-grandiflora-confetti\\\/#primaryimage\"},\"image\":{\"@id\":\"https:\\\/\\\/www.vallonchene.fr\\\/es\\\/producto\\\/abelia-x-grandiflora-confetti\\\/#primaryimage\"},\"thumbnailUrl\":\"https:\\\/\\\/www.vallonchene.fr\\\/wp-content\\\/uploads\\\/2021\\\/08\\\/4-3ec-ABELIA-x-grandiflora-Confetti-en-Septembre.jpg\",\"datePublished\":\"2021-08-31T10:37:26+00:00\",\"dateModified\":\"2024-09-27T12:24:27+00:00\",\"description\":\"Cet ab\u00e9lia panach\u00e9 de blanc et vert se couvre de fleurs blanches en fin d'\u00e9t\u00e9. L'ABELIA x grandiflora 'Confetti' est extr\u00eamement d\u00e9coratif toute l'ann\u00e9e puisque son feuillage est semi-persistant.\",\"breadcrumb\":{\"@id\":\"https:\\\/\\\/www.vallonchene.fr\\\/es\\\/producto\\\/abelia-x-grandiflora-confetti\\\/#breadcrumb\"},\"inLanguage\":\"es\",\"potentialAction\":[{\"@type\":\"ReadAction\",\"target\":[\"https:\\\/\\\/www.vallonchene.fr\\\/es\\\/producto\\\/abelia-x-grandiflora-confetti\\\/\"]}]},{\"@type\":\"ImageObject\",\"inLanguage\":\"es\",\"@id\":\"https:\\\/\\\/www.vallonchene.fr\\\/es\\\/producto\\\/abelia-x-grandiflora-confetti\\\/#primaryimage\",\"url\":\"https:\\\/\\\/www.vallonchene.fr\\\/wp-content\\\/uploads\\\/2021\\\/08\\\/4-3ec-ABELIA-x-grandiflora-Confetti-en-Septembre.jpg\",\"contentUrl\":\"https:\\\/\\\/www.vallonchene.fr\\\/wp-content\\\/uploads\\\/2021\\\/08\\\/4-3ec-ABELIA-x-grandiflora-Confetti-en-Septembre.jpg\",\"width\":1600,\"height\":1600,\"caption\":\"ABELIA x grandiflora 'Confetti' en Septembre\"},{\"@type\":\"BreadcrumbList\",\"@id\":\"https:\\\/\\\/www.vallonchene.fr\\\/es\\\/producto\\\/abelia-x-grandiflora-confetti\\\/#breadcrumb\",\"itemListElement\":[{\"@type\":\"ListItem\",\"position\":1,\"name\":\"Home\",\"item\":\"https:\\\/\\\/www.vallonchene.fr\\\/es\\\/\"},{\"@type\":\"ListItem\",\"position\":2,\"name\":\"Tienda\",\"item\":\"https:\\\/\\\/www.vallonchene.fr\\\/tienda\\\/\"},{\"@type\":\"ListItem\",\"position\":3,\"name\":\"Venta en linea\",\"item\":\"https:\\\/\\\/www.vallonchene.fr\\\/es\\\/categoria-producto\\\/venta-en-linea\\\/\"},{\"@type\":\"ListItem\",\"position\":4,\"name\":\"Vivero\",\"item\":\"https:\\\/\\\/www.vallonchene.fr\\\/es\\\/categoria-producto\\\/venta-en-linea\\\/vivero\\\/\"},{\"@type\":\"ListItem\",\"position\":5,\"name\":\"Arbustos y \u00e1rboles\",\"item\":\"https:\\\/\\\/www.vallonchene.fr\\\/es\\\/categoria-producto\\\/venta-en-linea\\\/vivero\\\/arbustos-y-arboles\\\/\"},{\"@type\":\"ListItem\",\"position\":6,\"name\":\"ABELIA x grandiflora &#8216;Confetti&#8217;\"}]},{\"@type\":\"WebSite\",\"@id\":\"https:\\\/\\\/www.vallonchene.fr\\\/es\\\/#website\",\"url\":\"https:\\\/\\\/www.vallonchene.fr\\\/es\\\/\",\"name\":\"Vallonch\u00eane\",\"description\":\"El vivero donde la calidad tiene sus ra\u00edces \u2013 Tel.: +33 (0)2.35.90.02.02\",\"publisher\":{\"@id\":\"https:\\\/\\\/www.vallonchene.fr\\\/es\\\/#organization\"},\"potentialAction\":[{\"@type\":\"SearchAction\",\"target\":{\"@type\":\"EntryPoint\",\"urlTemplate\":\"https:\\\/\\\/www.vallonchene.fr\\\/es\\\/?s={search_term_string}\"},\"query-input\":{\"@type\":\"PropertyValueSpecification\",\"valueRequired\":true,\"valueName\":\"search_term_string\"}}],\"inLanguage\":\"es\"},{\"@type\":\"Organization\",\"@id\":\"https:\\\/\\\/www.vallonchene.fr\\\/es\\\/#organization\",\"name\":\"VALLONCHENE\",\"url\":\"https:\\\/\\\/www.vallonchene.fr\\\/es\\\/\",\"logo\":{\"@type\":\"ImageObject\",\"inLanguage\":\"es\",\"@id\":\"https:\\\/\\\/www.vallonchene.fr\\\/es\\\/#\\\/schema\\\/logo\\\/image\\\/\",\"url\":\"https:\\\/\\\/www.vallonchene.fr\\\/wp-content\\\/uploads\\\/2023\\\/03\\\/Logo-Vallonchene-site-et-R_hauteur_100.png\",\"contentUrl\":\"https:\\\/\\\/www.vallonchene.fr\\\/wp-content\\\/uploads\\\/2023\\\/03\\\/Logo-Vallonchene-site-et-R_hauteur_100.png\",\"width\":221,\"height\":100,\"caption\":\"VALLONCHENE\"},\"image\":{\"@id\":\"https:\\\/\\\/www.vallonchene.fr\\\/es\\\/#\\\/schema\\\/logo\\\/image\\\/\"},\"sameAs\":[\"https:\\\/\\\/www.facebook.com\\\/vallonchene.fr\",\"https:\\\/\\\/www.instagram.com\\\/vallonchene\\\/\",\"https:\\\/\\\/www.pinterest.fr\\\/vallonchene\\\/\"],\"taxID\":\"49454502300017\",\"hasMerchantReturnPolicy\":{\"@type\":\"MerchantReturnPolicy\",\"merchantReturnLink\":\"https:\\\/\\\/www.vallonchene.fr\\\/remboursements_retours\\\/\"}}]}<\/script>\n<meta property=\"product:price:amount\" content=\"0.00\" \/>\n<meta property=\"product:price:currency\" content=\"EUR\" \/>\n<meta property=\"og:availability\" content=\"out of stock\" \/>\n<meta property=\"product:availability\" content=\"out of stock\" \/>\n<meta property=\"product:retailer_item_id\" content=\"38914\" \/>\n<meta property=\"product:condition\" content=\"new\" \/>\n<!-- \/ Yoast SEO Premium plugin. -->","yoast_head_json":{"title":"ABELIA x grandiflora 'Confetti' - Ab\u00e9lia panach\u00e9","description":"Cet ab\u00e9lia panach\u00e9 de blanc et vert se couvre de fleurs blanches en fin d'\u00e9t\u00e9. L'ABELIA x grandiflora 'Confetti' est extr\u00eamement d\u00e9coratif toute l'ann\u00e9e puisque son feuillage est semi-persistant.","robots":{"index":"index","follow":"follow","max-snippet":"max-snippet:-1","max-image-preview":"max-image-preview:large","max-video-preview":"max-video-preview:-1"},"canonical":"https:\/\/www.vallonchene.fr\/es\/producto\/abelia-x-grandiflora-confetti\/","og_locale":"es_ES","og_type":"article","og_title":"ABELIA x grandiflora 'Confetti'","og_description":"Cet ab\u00e9lia panach\u00e9 de blanc et vert se couvre de fleurs blanches en fin d'\u00e9t\u00e9. L'ABELIA x grandiflora 'Confetti' est extr\u00eamement d\u00e9coratif toute l'ann\u00e9e puisque son feuillage est semi-persistant.","og_url":"https:\/\/www.vallonchene.fr\/es\/producto\/abelia-x-grandiflora-confetti\/","og_site_name":"Vallonch\u00eane","article_publisher":"https:\/\/www.facebook.com\/vallonchene.fr","article_modified_time":"2024-09-27T12:24:27+00:00","og_image":[{"width":1600,"height":1600,"url":"https:\/\/www.vallonchene.fr\/wp-content\/uploads\/2021\/08\/4-3ec-ABELIA-x-grandiflora-Confetti-en-Septembre.jpg","type":"image\/jpeg"}],"twitter_card":"summary_large_image","twitter_misc":{"Precio":"0,00&nbsp;&euro;","Disponibilidad":"Agotado"},"schema":{"@context":"https:\/\/schema.org","@graph":[{"@type":"WebPage","@id":"https:\/\/www.vallonchene.fr\/es\/producto\/abelia-x-grandiflora-confetti\/","url":"https:\/\/www.vallonchene.fr\/es\/producto\/abelia-x-grandiflora-confetti\/","name":"ABELIA x grandiflora 'Confetti' - Ab\u00e9lia panach\u00e9","isPartOf":{"@id":"https:\/\/www.vallonchene.fr\/es\/#website"},"primaryImageOfPage":{"@id":"https:\/\/www.vallonchene.fr\/es\/producto\/abelia-x-grandiflora-confetti\/#primaryimage"},"image":{"@id":"https:\/\/www.vallonchene.fr\/es\/producto\/abelia-x-grandiflora-confetti\/#primaryimage"},"thumbnailUrl":"https:\/\/www.vallonchene.fr\/wp-content\/uploads\/2021\/08\/4-3ec-ABELIA-x-grandiflora-Confetti-en-Septembre.jpg","datePublished":"2021-08-31T10:37:26+00:00","dateModified":"2024-09-27T12:24:27+00:00","description":"Cet ab\u00e9lia panach\u00e9 de blanc et vert se couvre de fleurs blanches en fin d'\u00e9t\u00e9. L'ABELIA x grandiflora 'Confetti' est extr\u00eamement d\u00e9coratif toute l'ann\u00e9e puisque son feuillage est semi-persistant.","breadcrumb":{"@id":"https:\/\/www.vallonchene.fr\/es\/producto\/abelia-x-grandiflora-confetti\/#breadcrumb"},"inLanguage":"es","potentialAction":[{"@type":"ReadAction","target":["https:\/\/www.vallonchene.fr\/es\/producto\/abelia-x-grandiflora-confetti\/"]}]},{"@type":"ImageObject","inLanguage":"es","@id":"https:\/\/www.vallonchene.fr\/es\/producto\/abelia-x-grandiflora-confetti\/#primaryimage","url":"https:\/\/www.vallonchene.fr\/wp-content\/uploads\/2021\/08\/4-3ec-ABELIA-x-grandiflora-Confetti-en-Septembre.jpg","contentUrl":"https:\/\/www.vallonchene.fr\/wp-content\/uploads\/2021\/08\/4-3ec-ABELIA-x-grandiflora-Confetti-en-Septembre.jpg","width":1600,"height":1600,"caption":"ABELIA x grandiflora 'Confetti' en Septembre"},{"@type":"BreadcrumbList","@id":"https:\/\/www.vallonchene.fr\/es\/producto\/abelia-x-grandiflora-confetti\/#breadcrumb","itemListElement":[{"@type":"ListItem","position":1,"name":"Home","item":"https:\/\/www.vallonchene.fr\/es\/"},{"@type":"ListItem","position":2,"name":"Tienda","item":"https:\/\/www.vallonchene.fr\/tienda\/"},{"@type":"ListItem","position":3,"name":"Venta en linea","item":"https:\/\/www.vallonchene.fr\/es\/categoria-producto\/venta-en-linea\/"},{"@type":"ListItem","position":4,"name":"Vivero","item":"https:\/\/www.vallonchene.fr\/es\/categoria-producto\/venta-en-linea\/vivero\/"},{"@type":"ListItem","position":5,"name":"Arbustos y \u00e1rboles","item":"https:\/\/www.vallonchene.fr\/es\/categoria-producto\/venta-en-linea\/vivero\/arbustos-y-arboles\/"},{"@type":"ListItem","position":6,"name":"ABELIA x grandiflora &#8216;Confetti&#8217;"}]},{"@type":"WebSite","@id":"https:\/\/www.vallonchene.fr\/es\/#website","url":"https:\/\/www.vallonchene.fr\/es\/","name":"Vallonch\u00eane","description":"El vivero donde la calidad tiene sus ra\u00edces \u2013 Tel.: +33 (0)2.35.90.02.02","publisher":{"@id":"https:\/\/www.vallonchene.fr\/es\/#organization"},"potentialAction":[{"@type":"SearchAction","target":{"@type":"EntryPoint","urlTemplate":"https:\/\/www.vallonchene.fr\/es\/?s={search_term_string}"},"query-input":{"@type":"PropertyValueSpecification","valueRequired":true,"valueName":"search_term_string"}}],"inLanguage":"es"},{"@type":"Organization","@id":"https:\/\/www.vallonchene.fr\/es\/#organization","name":"VALLONCHENE","url":"https:\/\/www.vallonchene.fr\/es\/","logo":{"@type":"ImageObject","inLanguage":"es","@id":"https:\/\/www.vallonchene.fr\/es\/#\/schema\/logo\/image\/","url":"https:\/\/www.vallonchene.fr\/wp-content\/uploads\/2023\/03\/Logo-Vallonchene-site-et-R_hauteur_100.png","contentUrl":"https:\/\/www.vallonchene.fr\/wp-content\/uploads\/2023\/03\/Logo-Vallonchene-site-et-R_hauteur_100.png","width":221,"height":100,"caption":"VALLONCHENE"},"image":{"@id":"https:\/\/www.vallonchene.fr\/es\/#\/schema\/logo\/image\/"},"sameAs":["https:\/\/www.facebook.com\/vallonchene.fr","https:\/\/www.instagram.com\/vallonchene\/","https:\/\/www.pinterest.fr\/vallonchene\/"],"taxID":"49454502300017","hasMerchantReturnPolicy":{"@type":"MerchantReturnPolicy","merchantReturnLink":"https:\/\/www.vallonchene.fr\/remboursements_retours\/"}}]},"product_price_amount":"0.00","product_price_currency":"EUR","og_availability":"out of stock","product_availability":"out of stock","product_retailer_item_id":"38914","product_condition":"new"},"_links":{"self":[{"href":"https:\/\/www.vallonchene.fr\/es\/wp-json\/wp\/v2\/product\/14068","targetHints":{"allow":["GET"]}}],"collection":[{"href":"https:\/\/www.vallonchene.fr\/es\/wp-json\/wp\/v2\/product"}],"about":[{"href":"https:\/\/www.vallonchene.fr\/es\/wp-json\/wp\/v2\/types\/product"}],"replies":[{"embeddable":true,"href":"https:\/\/www.vallonchene.fr\/es\/wp-json\/wp\/v2\/comments?post=14068"}],"wp:featuredmedia":[{"embeddable":true,"href":"https:\/\/www.vallonchene.fr\/es\/wp-json\/wp\/v2\/media\/14065"}],"wp:attachment":[{"href":"https:\/\/www.vallonchene.fr\/es\/wp-json\/wp\/v2\/media?parent=14068"}],"wp:term":[{"taxonomy":"product_brand","embeddable":true,"href":"https:\/\/www.vallonchene.fr\/es\/wp-json\/wp\/v2\/product_brand?post=14068"},{"taxonomy":"product_cat","embeddable":true,"href":"https:\/\/www.vallonchene.fr\/es\/wp-json\/wp\/v2\/product_cat?post=14068"},{"taxonomy":"product_tag","embeddable":true,"href":"https:\/\/www.vallonchene.fr\/es\/wp-json\/wp\/v2\/product_tag?post=14068"}],"curies":[{"name":"wp","href":"https:\/\/api.w.org\/{rel}","templated":true}]}}