{"id":11980,"date":"2021-08-31T11:11:18","date_gmt":"2021-08-31T11:11:18","guid":{"rendered":"https:\/\/testing.vallonchene.fr\/produit\/hydrangea-paniculata-wim-s-red\/"},"modified":"2024-09-26T15:24:05","modified_gmt":"2024-09-26T15:24:05","slug":"hydrangea-paniculata-wim-s-red","status":"publish","type":"product","link":"https:\/\/www.vallonchene.fr\/es\/producto\/hydrangea-paniculata-wim-s-red\/","title":{"rendered":"HYDRANGEA paniculata &#8216;Wim&#8217;s Red&#8217;"},"content":{"rendered":"","protected":false},"excerpt":{"rendered":"<p>Cet <strong>hortensia panicul\u00e9<\/strong> fleurit abondamment en \u00e9t\u00e9. Les fleurs de l&#8217;<strong>HYDRANGEA paniculata &#8216;Wim&#8217;s Red&#8217;<\/strong> d\u00e9marrent blanches pour finir dans un rouge tr\u00e8s profond. Il fleurit sur le bois de l&#8217;ann\u00e9e et ne craint PAS le gel.<\/p>\n","protected":false},"featured_media":11974,"comment_status":"open","ping_status":"closed","template":"","meta":[],"product_brand":[],"product_cat":[251],"product_tag":[2681,1540,1541,5090,5091],"class_list":{"0":"post-11980","1":"product","2":"type-product","3":"status-publish","4":"has-post-thumbnail","6":"product_cat-arbustes-et-arbres","7":"product_tag-hortensia-panicule","8":"product_tag-hydrangea","9":"product_tag-hydrangea-paniculata","10":"product_tag-hydrangea-paniculata-wims-red","11":"product_tag-wims-red","12":"pa_99-hauteurapproximativeapres1-150a200m","13":"pa_couleurdesfleurs-blanc","14":"pa_couleurdesfleurs-rouge","15":"pa_couleurdufeuillage-vert","16":"pa_exigencesenhumidite-fraisahumide","17":"pa_exigencesenhumidite-moyen","18":"pa_exigencesenhumidite-sec","19":"pa_expositionspossibles-33-mi_ombreeviterlesoleilde12","20":"pa_expositionspossibles-pleinsoleilde12ha17hmin","21":"pa_interetauprintemps-feuillage","22":"pa_interetenautomne-feuillage","23":"pa_interetenete-feuillage","24":"pa_interetenete-fleurs","25":"pa_naturedufeuillage-caduc","26":"pa_naturesdesolpossibles-leger","27":"pa_naturesdesolpossibles-lourd","28":"pa_naturesdesolpossibles-normal","29":"pa_periodedefloraison-ete","30":"pa_periodedetaille-mars","31":"pa_phdusolacceptable-acidemoinsde65","32":"pa_phdusolacceptable-calcaireplusde75","33":"pa_phdusolacceptable-neutreentre65et75","34":"pa_portgraphisme-buissonnant","35":"pa_resistanceaufroidrusticite-resistant-en-dessous-de-moins-20-degree-c","36":"pa_utilisationpossible-bacoupot","37":"pa_utilisationpossible-haie","38":"pa_utilisationpossible-massif","40":"first","41":"outofstock","42":"taxable","43":"shipping-taxable","44":"purchasable","45":"product-type-simple"},"supplier_id":null,"supplier_sku":"","barcode":null,"atum_controlled":true,"out_stock_date":"2024-09-26 15:24:05","out_stock_threshold":null,"inheritable":false,"inbound_stock":0,"stock_on_hold":0,"sold_today":0,"sales_last_days":0,"reserved_stock":0,"customer_returns":0,"warehouse_damage":0,"lost_in_post":0,"other_logs":0,"out_stock_days":92,"lost_sales":0,"has_location":false,"update_date":"2024-12-28T13:56:45","atum_locations":[],"atum_stock_status":"outofstock","restock_status":false,"low_stock_amount":"","sales_update_date":"2024-12-28T13:56:45","calc_backorders":null,"yoast_head":"<!-- This site is optimized with the Yoast SEO Premium plugin v27.4 (Yoast SEO v27.4) - https:\/\/yoast.com\/product\/yoast-seo-premium-wordpress\/ -->\n<title>HYDRANGEA paniculata &#039;Wim&#039;s Red&#039; - hortensia panicul\u00e9<\/title>\n<meta name=\"description\" content=\"Cet hortensia panicul\u00e9 fleurit abondamment en \u00e9t\u00e9. Les fleurs de l&#039;HYDRANGEA paniculata &#039;Wim&#039;s Red&#039; d\u00e9marrent blanches pour finir dans un rouge tr\u00e8s profond. Il fleurit sur le bois de l&#039;ann\u00e9e et ne...\" \/>\n<meta name=\"robots\" content=\"index, follow, max-snippet:-1, max-image-preview:large, max-video-preview:-1\" \/>\n<link rel=\"canonical\" href=\"https:\/\/www.vallonchene.fr\/es\/producto\/hydrangea-paniculata-wim-s-red\/\" \/>\n<meta property=\"og:locale\" content=\"es_ES\" \/>\n<meta property=\"og:type\" content=\"article\" \/>\n<meta property=\"og:title\" content=\"HYDRANGEA paniculata &#039;Wim&#039;s Red&#039;\" \/>\n<meta property=\"og:description\" content=\"Cet hortensia panicul\u00e9 fleurit abondamment en \u00e9t\u00e9. Les fleurs de l&#039;HYDRANGEA paniculata &#039;Wim&#039;s Red&#039; d\u00e9marrent blanches pour finir dans un rouge tr\u00e8s profond. Il fleurit sur le bois de l&#039;ann\u00e9e et ne...\" \/>\n<meta property=\"og:url\" content=\"https:\/\/www.vallonchene.fr\/es\/producto\/hydrangea-paniculata-wim-s-red\/\" \/>\n<meta property=\"og:site_name\" content=\"Vallonch\u00eane\" \/>\n<meta property=\"article:publisher\" content=\"https:\/\/www.facebook.com\/vallonchene.fr\" \/>\n<meta property=\"article:modified_time\" content=\"2024-09-26T15:24:05+00:00\" \/>\n<meta property=\"og:image\" content=\"https:\/\/www.vallonchene.fr\/wp-content\/uploads\/2021\/08\/1991-265-HYDRANGEA-paniculata-Wims-Red-en-Aout.jpg\" \/>\n\t<meta property=\"og:image:width\" content=\"1600\" \/>\n\t<meta property=\"og:image:height\" content=\"1600\" \/>\n\t<meta property=\"og:image:type\" content=\"image\/jpeg\" \/>\n<meta name=\"twitter:card\" content=\"summary_large_image\" \/>\n<meta name=\"twitter:label1\" content=\"Precio\" \/>\n\t<meta name=\"twitter:data1\" content=\"0,00&nbsp;&euro;\" \/>\n\t<meta name=\"twitter:label2\" content=\"Disponibilidad\" \/>\n\t<meta name=\"twitter:data2\" content=\"Agotado\" \/>\n<script type=\"application\/ld+json\" class=\"yoast-schema-graph\">{\"@context\":\"https:\\\/\\\/schema.org\",\"@graph\":[{\"@type\":\"WebPage\",\"@id\":\"https:\\\/\\\/www.vallonchene.fr\\\/es\\\/producto\\\/hydrangea-paniculata-wim-s-red\\\/\",\"url\":\"https:\\\/\\\/www.vallonchene.fr\\\/es\\\/producto\\\/hydrangea-paniculata-wim-s-red\\\/\",\"name\":\"HYDRANGEA paniculata 'Wim's Red' - hortensia panicul\u00e9\",\"isPartOf\":{\"@id\":\"https:\\\/\\\/www.vallonchene.fr\\\/es\\\/#website\"},\"primaryImageOfPage\":{\"@id\":\"https:\\\/\\\/www.vallonchene.fr\\\/es\\\/producto\\\/hydrangea-paniculata-wim-s-red\\\/#primaryimage\"},\"image\":{\"@id\":\"https:\\\/\\\/www.vallonchene.fr\\\/es\\\/producto\\\/hydrangea-paniculata-wim-s-red\\\/#primaryimage\"},\"thumbnailUrl\":\"https:\\\/\\\/www.vallonchene.fr\\\/wp-content\\\/uploads\\\/2021\\\/08\\\/1991-265-HYDRANGEA-paniculata-Wims-Red-en-Aout.jpg\",\"datePublished\":\"2021-08-31T11:11:18+00:00\",\"dateModified\":\"2024-09-26T15:24:05+00:00\",\"description\":\"Cet hortensia panicul\u00e9 fleurit abondamment en \u00e9t\u00e9. Les fleurs de l'HYDRANGEA paniculata 'Wim's Red' d\u00e9marrent blanches pour finir dans un rouge tr\u00e8s profond. Il fleurit sur le bois de l'ann\u00e9e et ne...\",\"breadcrumb\":{\"@id\":\"https:\\\/\\\/www.vallonchene.fr\\\/es\\\/producto\\\/hydrangea-paniculata-wim-s-red\\\/#breadcrumb\"},\"inLanguage\":\"es\",\"potentialAction\":[{\"@type\":\"ReadAction\",\"target\":[\"https:\\\/\\\/www.vallonchene.fr\\\/es\\\/producto\\\/hydrangea-paniculata-wim-s-red\\\/\"]}]},{\"@type\":\"ImageObject\",\"inLanguage\":\"es\",\"@id\":\"https:\\\/\\\/www.vallonchene.fr\\\/es\\\/producto\\\/hydrangea-paniculata-wim-s-red\\\/#primaryimage\",\"url\":\"https:\\\/\\\/www.vallonchene.fr\\\/wp-content\\\/uploads\\\/2021\\\/08\\\/1991-265-HYDRANGEA-paniculata-Wims-Red-en-Aout.jpg\",\"contentUrl\":\"https:\\\/\\\/www.vallonchene.fr\\\/wp-content\\\/uploads\\\/2021\\\/08\\\/1991-265-HYDRANGEA-paniculata-Wims-Red-en-Aout.jpg\",\"width\":1600,\"height\":1600,\"caption\":\"HYDRANGEA paniculata 'Wim's Red' en Ao\u00fbt\"},{\"@type\":\"BreadcrumbList\",\"@id\":\"https:\\\/\\\/www.vallonchene.fr\\\/es\\\/producto\\\/hydrangea-paniculata-wim-s-red\\\/#breadcrumb\",\"itemListElement\":[{\"@type\":\"ListItem\",\"position\":1,\"name\":\"Home\",\"item\":\"https:\\\/\\\/www.vallonchene.fr\\\/es\\\/\"},{\"@type\":\"ListItem\",\"position\":2,\"name\":\"Tienda\",\"item\":\"https:\\\/\\\/www.vallonchene.fr\\\/tienda\\\/\"},{\"@type\":\"ListItem\",\"position\":3,\"name\":\"Venta en linea\",\"item\":\"https:\\\/\\\/www.vallonchene.fr\\\/es\\\/categoria-producto\\\/venta-en-linea\\\/\"},{\"@type\":\"ListItem\",\"position\":4,\"name\":\"Vivero\",\"item\":\"https:\\\/\\\/www.vallonchene.fr\\\/es\\\/categoria-producto\\\/venta-en-linea\\\/vivero\\\/\"},{\"@type\":\"ListItem\",\"position\":5,\"name\":\"Arbustos y \u00e1rboles\",\"item\":\"https:\\\/\\\/www.vallonchene.fr\\\/es\\\/categoria-producto\\\/venta-en-linea\\\/vivero\\\/arbustos-y-arboles\\\/\"},{\"@type\":\"ListItem\",\"position\":6,\"name\":\"HYDRANGEA paniculata &#8216;Wim&#8217;s Red&#8217;\"}]},{\"@type\":\"WebSite\",\"@id\":\"https:\\\/\\\/www.vallonchene.fr\\\/es\\\/#website\",\"url\":\"https:\\\/\\\/www.vallonchene.fr\\\/es\\\/\",\"name\":\"Vallonch\u00eane\",\"description\":\"El vivero donde la calidad tiene sus ra\u00edces \u2013 Tel.: +33 (0)2.35.90.02.02\",\"publisher\":{\"@id\":\"https:\\\/\\\/www.vallonchene.fr\\\/es\\\/#organization\"},\"potentialAction\":[{\"@type\":\"SearchAction\",\"target\":{\"@type\":\"EntryPoint\",\"urlTemplate\":\"https:\\\/\\\/www.vallonchene.fr\\\/es\\\/?s={search_term_string}\"},\"query-input\":{\"@type\":\"PropertyValueSpecification\",\"valueRequired\":true,\"valueName\":\"search_term_string\"}}],\"inLanguage\":\"es\"},{\"@type\":\"Organization\",\"@id\":\"https:\\\/\\\/www.vallonchene.fr\\\/es\\\/#organization\",\"name\":\"VALLONCHENE\",\"url\":\"https:\\\/\\\/www.vallonchene.fr\\\/es\\\/\",\"logo\":{\"@type\":\"ImageObject\",\"inLanguage\":\"es\",\"@id\":\"https:\\\/\\\/www.vallonchene.fr\\\/es\\\/#\\\/schema\\\/logo\\\/image\\\/\",\"url\":\"https:\\\/\\\/www.vallonchene.fr\\\/wp-content\\\/uploads\\\/2023\\\/03\\\/Logo-Vallonchene-site-et-R_hauteur_100.png\",\"contentUrl\":\"https:\\\/\\\/www.vallonchene.fr\\\/wp-content\\\/uploads\\\/2023\\\/03\\\/Logo-Vallonchene-site-et-R_hauteur_100.png\",\"width\":221,\"height\":100,\"caption\":\"VALLONCHENE\"},\"image\":{\"@id\":\"https:\\\/\\\/www.vallonchene.fr\\\/es\\\/#\\\/schema\\\/logo\\\/image\\\/\"},\"sameAs\":[\"https:\\\/\\\/www.facebook.com\\\/vallonchene.fr\",\"https:\\\/\\\/www.instagram.com\\\/vallonchene\\\/\",\"https:\\\/\\\/www.pinterest.fr\\\/vallonchene\\\/\"],\"taxID\":\"49454502300017\",\"hasMerchantReturnPolicy\":{\"@type\":\"MerchantReturnPolicy\",\"merchantReturnLink\":\"https:\\\/\\\/www.vallonchene.fr\\\/remboursements_retours\\\/\"}}]}<\/script>\n<meta property=\"product:price:amount\" content=\"0.00\" \/>\n<meta property=\"product:price:currency\" content=\"EUR\" \/>\n<meta property=\"og:availability\" content=\"out of stock\" \/>\n<meta property=\"product:availability\" content=\"out of stock\" \/>\n<meta property=\"product:retailer_item_id\" content=\"96938\" \/>\n<meta property=\"product:condition\" content=\"new\" \/>\n<!-- \/ Yoast SEO Premium plugin. -->","yoast_head_json":{"title":"HYDRANGEA paniculata 'Wim's Red' - hortensia panicul\u00e9","description":"Cet hortensia panicul\u00e9 fleurit abondamment en \u00e9t\u00e9. Les fleurs de l'HYDRANGEA paniculata 'Wim's Red' d\u00e9marrent blanches pour finir dans un rouge tr\u00e8s profond. Il fleurit sur le bois de l'ann\u00e9e et ne...","robots":{"index":"index","follow":"follow","max-snippet":"max-snippet:-1","max-image-preview":"max-image-preview:large","max-video-preview":"max-video-preview:-1"},"canonical":"https:\/\/www.vallonchene.fr\/es\/producto\/hydrangea-paniculata-wim-s-red\/","og_locale":"es_ES","og_type":"article","og_title":"HYDRANGEA paniculata 'Wim's Red'","og_description":"Cet hortensia panicul\u00e9 fleurit abondamment en \u00e9t\u00e9. Les fleurs de l'HYDRANGEA paniculata 'Wim's Red' d\u00e9marrent blanches pour finir dans un rouge tr\u00e8s profond. Il fleurit sur le bois de l'ann\u00e9e et ne...","og_url":"https:\/\/www.vallonchene.fr\/es\/producto\/hydrangea-paniculata-wim-s-red\/","og_site_name":"Vallonch\u00eane","article_publisher":"https:\/\/www.facebook.com\/vallonchene.fr","article_modified_time":"2024-09-26T15:24:05+00:00","og_image":[{"width":1600,"height":1600,"url":"https:\/\/www.vallonchene.fr\/wp-content\/uploads\/2021\/08\/1991-265-HYDRANGEA-paniculata-Wims-Red-en-Aout.jpg","type":"image\/jpeg"}],"twitter_card":"summary_large_image","twitter_misc":{"Precio":"0,00&nbsp;&euro;","Disponibilidad":"Agotado"},"schema":{"@context":"https:\/\/schema.org","@graph":[{"@type":"WebPage","@id":"https:\/\/www.vallonchene.fr\/es\/producto\/hydrangea-paniculata-wim-s-red\/","url":"https:\/\/www.vallonchene.fr\/es\/producto\/hydrangea-paniculata-wim-s-red\/","name":"HYDRANGEA paniculata 'Wim's Red' - hortensia panicul\u00e9","isPartOf":{"@id":"https:\/\/www.vallonchene.fr\/es\/#website"},"primaryImageOfPage":{"@id":"https:\/\/www.vallonchene.fr\/es\/producto\/hydrangea-paniculata-wim-s-red\/#primaryimage"},"image":{"@id":"https:\/\/www.vallonchene.fr\/es\/producto\/hydrangea-paniculata-wim-s-red\/#primaryimage"},"thumbnailUrl":"https:\/\/www.vallonchene.fr\/wp-content\/uploads\/2021\/08\/1991-265-HYDRANGEA-paniculata-Wims-Red-en-Aout.jpg","datePublished":"2021-08-31T11:11:18+00:00","dateModified":"2024-09-26T15:24:05+00:00","description":"Cet hortensia panicul\u00e9 fleurit abondamment en \u00e9t\u00e9. Les fleurs de l'HYDRANGEA paniculata 'Wim's Red' d\u00e9marrent blanches pour finir dans un rouge tr\u00e8s profond. Il fleurit sur le bois de l'ann\u00e9e et ne...","breadcrumb":{"@id":"https:\/\/www.vallonchene.fr\/es\/producto\/hydrangea-paniculata-wim-s-red\/#breadcrumb"},"inLanguage":"es","potentialAction":[{"@type":"ReadAction","target":["https:\/\/www.vallonchene.fr\/es\/producto\/hydrangea-paniculata-wim-s-red\/"]}]},{"@type":"ImageObject","inLanguage":"es","@id":"https:\/\/www.vallonchene.fr\/es\/producto\/hydrangea-paniculata-wim-s-red\/#primaryimage","url":"https:\/\/www.vallonchene.fr\/wp-content\/uploads\/2021\/08\/1991-265-HYDRANGEA-paniculata-Wims-Red-en-Aout.jpg","contentUrl":"https:\/\/www.vallonchene.fr\/wp-content\/uploads\/2021\/08\/1991-265-HYDRANGEA-paniculata-Wims-Red-en-Aout.jpg","width":1600,"height":1600,"caption":"HYDRANGEA paniculata 'Wim's Red' en Ao\u00fbt"},{"@type":"BreadcrumbList","@id":"https:\/\/www.vallonchene.fr\/es\/producto\/hydrangea-paniculata-wim-s-red\/#breadcrumb","itemListElement":[{"@type":"ListItem","position":1,"name":"Home","item":"https:\/\/www.vallonchene.fr\/es\/"},{"@type":"ListItem","position":2,"name":"Tienda","item":"https:\/\/www.vallonchene.fr\/tienda\/"},{"@type":"ListItem","position":3,"name":"Venta en linea","item":"https:\/\/www.vallonchene.fr\/es\/categoria-producto\/venta-en-linea\/"},{"@type":"ListItem","position":4,"name":"Vivero","item":"https:\/\/www.vallonchene.fr\/es\/categoria-producto\/venta-en-linea\/vivero\/"},{"@type":"ListItem","position":5,"name":"Arbustos y \u00e1rboles","item":"https:\/\/www.vallonchene.fr\/es\/categoria-producto\/venta-en-linea\/vivero\/arbustos-y-arboles\/"},{"@type":"ListItem","position":6,"name":"HYDRANGEA paniculata &#8216;Wim&#8217;s Red&#8217;"}]},{"@type":"WebSite","@id":"https:\/\/www.vallonchene.fr\/es\/#website","url":"https:\/\/www.vallonchene.fr\/es\/","name":"Vallonch\u00eane","description":"El vivero donde la calidad tiene sus ra\u00edces \u2013 Tel.: +33 (0)2.35.90.02.02","publisher":{"@id":"https:\/\/www.vallonchene.fr\/es\/#organization"},"potentialAction":[{"@type":"SearchAction","target":{"@type":"EntryPoint","urlTemplate":"https:\/\/www.vallonchene.fr\/es\/?s={search_term_string}"},"query-input":{"@type":"PropertyValueSpecification","valueRequired":true,"valueName":"search_term_string"}}],"inLanguage":"es"},{"@type":"Organization","@id":"https:\/\/www.vallonchene.fr\/es\/#organization","name":"VALLONCHENE","url":"https:\/\/www.vallonchene.fr\/es\/","logo":{"@type":"ImageObject","inLanguage":"es","@id":"https:\/\/www.vallonchene.fr\/es\/#\/schema\/logo\/image\/","url":"https:\/\/www.vallonchene.fr\/wp-content\/uploads\/2023\/03\/Logo-Vallonchene-site-et-R_hauteur_100.png","contentUrl":"https:\/\/www.vallonchene.fr\/wp-content\/uploads\/2023\/03\/Logo-Vallonchene-site-et-R_hauteur_100.png","width":221,"height":100,"caption":"VALLONCHENE"},"image":{"@id":"https:\/\/www.vallonchene.fr\/es\/#\/schema\/logo\/image\/"},"sameAs":["https:\/\/www.facebook.com\/vallonchene.fr","https:\/\/www.instagram.com\/vallonchene\/","https:\/\/www.pinterest.fr\/vallonchene\/"],"taxID":"49454502300017","hasMerchantReturnPolicy":{"@type":"MerchantReturnPolicy","merchantReturnLink":"https:\/\/www.vallonchene.fr\/remboursements_retours\/"}}]},"product_price_amount":"0.00","product_price_currency":"EUR","og_availability":"out of stock","product_availability":"out of stock","product_retailer_item_id":"96938","product_condition":"new"},"_links":{"self":[{"href":"https:\/\/www.vallonchene.fr\/es\/wp-json\/wp\/v2\/product\/11980","targetHints":{"allow":["GET"]}}],"collection":[{"href":"https:\/\/www.vallonchene.fr\/es\/wp-json\/wp\/v2\/product"}],"about":[{"href":"https:\/\/www.vallonchene.fr\/es\/wp-json\/wp\/v2\/types\/product"}],"replies":[{"embeddable":true,"href":"https:\/\/www.vallonchene.fr\/es\/wp-json\/wp\/v2\/comments?post=11980"}],"wp:featuredmedia":[{"embeddable":true,"href":"https:\/\/www.vallonchene.fr\/es\/wp-json\/wp\/v2\/media\/11974"}],"wp:attachment":[{"href":"https:\/\/www.vallonchene.fr\/es\/wp-json\/wp\/v2\/media?parent=11980"}],"wp:term":[{"taxonomy":"product_brand","embeddable":true,"href":"https:\/\/www.vallonchene.fr\/es\/wp-json\/wp\/v2\/product_brand?post=11980"},{"taxonomy":"product_cat","embeddable":true,"href":"https:\/\/www.vallonchene.fr\/es\/wp-json\/wp\/v2\/product_cat?post=11980"},{"taxonomy":"product_tag","embeddable":true,"href":"https:\/\/www.vallonchene.fr\/es\/wp-json\/wp\/v2\/product_tag?post=11980"}],"curies":[{"name":"wp","href":"https:\/\/api.w.org\/{rel}","templated":true}]}}