{"id":11008,"date":"2021-08-31T11:05:26","date_gmt":"2021-08-31T11:05:26","guid":{"rendered":"https:\/\/testing.vallonchene.fr\/produit\/hamamelis-x-intermedia-pallida\/"},"modified":"2024-09-27T08:15:03","modified_gmt":"2024-09-27T08:15:03","slug":"hamamelis-x-intermedia-pallida","status":"publish","type":"product","link":"https:\/\/www.vallonchene.fr\/es\/producto\/hamamelis-x-intermedia-pallida\/","title":{"rendered":"HAMAMELIS x intermedia &#8216;Pallida&#8217;"},"content":{"rendered":"","protected":false},"excerpt":{"rendered":"<p>Le <strong>noisetier de sorci\u00e8res<\/strong> est un des rares \u00e0 \u00eatre parfum\u00e9. L&#8217;<strong>HAMAMELIS x intermedia &#8216;Pallida&#8217;<\/strong> prend de superbes couleurs d&#8217;automne. En hiver, il fleurit jaune sur le bois nu et se met aussi en valeur par son graphisme.<\/p>\n","protected":false},"featured_media":10993,"comment_status":"open","ping_status":"closed","template":"","meta":[],"product_brand":[],"product_cat":[251],"product_tag":[1783,1782,4717,1866,4718],"class_list":{"0":"post-11008","1":"product","2":"type-product","3":"status-publish","4":"has-post-thumbnail","6":"product_cat-arbustes-et-arbres","7":"product_tag-hamamelis","8":"product_tag-hamamelis-intermedia","9":"product_tag-hamamelis-intermedia-pallida","10":"product_tag-noisetier-de-sorcieres","11":"product_tag-pallida","12":"pa_99-hauteurapproximativeapres1-2a3m","13":"pa_couleurdesfleurs-jaune","14":"pa_couleurdufeuillage-vert","15":"pa_exigencesenhumidite-fraisahumide","16":"pa_exigencesenhumidite-moyen","17":"pa_expositionspossibles-33-mi_ombreeviterlesoleilde12","18":"pa_expositionspossibles-pleinsoleilde12ha17hmin","19":"pa_interetauprintemps-graphismeforme","20":"pa_interetenautomne-feuillage","21":"pa_interetenautomne-graphismeforme","22":"pa_interetenete-feuillage","23":"pa_interetenete-graphismeforme","24":"pa_interetenhiver-fleurs","25":"pa_interetenhiver-graphismeforme","26":"pa_naturedufeuillage-caduc","27":"pa_naturesdesolpossibles-leger","28":"pa_naturesdesolpossibles-normal","29":"pa_particularites-graphismeforme","30":"pa_particularites-parfume","31":"pa_periodedefloraison-hiver","32":"pa_periodedetaille-avr","33":"pa_periodedetaille-mai","34":"pa_phdusolacceptable-acidemoinsde65","35":"pa_phdusolacceptable-neutreentre65et75","36":"pa_portgraphisme-evase","37":"pa_resistanceaufroidrusticite-resistant-en-dessous-de-moins-20-degree-c","38":"pa_utilisationpossible-bacoupot","39":"pa_utilisationpossible-isole","40":"pa_utilisationpossible-massif","42":"first","43":"outofstock","44":"taxable","45":"shipping-taxable","46":"purchasable","47":"product-type-simple"},"supplier_id":null,"supplier_sku":"","barcode":null,"atum_controlled":true,"out_stock_date":"2024-09-27 08:15:02","out_stock_threshold":null,"inheritable":false,"inbound_stock":null,"stock_on_hold":null,"sold_today":null,"sales_last_days":null,"reserved_stock":null,"customer_returns":null,"warehouse_damage":null,"lost_in_post":null,"other_logs":null,"out_stock_days":null,"lost_sales":null,"has_location":null,"update_date":"2024-09-27T06:16:56","atum_locations":[],"atum_stock_status":"outofstock","restock_status":false,"low_stock_amount":"","sales_update_date":null,"calc_backorders":null,"yoast_head":"<!-- This site is optimized with the Yoast SEO Premium plugin v27.5 (Yoast SEO v27.5) - https:\/\/yoast.com\/product\/yoast-seo-premium-wordpress\/ -->\n<title>HAMAMELIS x intermedia &#039;Pallida&#039; - noisetier de sorci\u00e8res<\/title>\n<meta name=\"description\" content=\"Le noisetier de sorci\u00e8res est un des rares \u00e0 \u00eatre parfum\u00e9. L&#039;HAMAMELIS x intermedia &#039;Pallida&#039; prend de superbes couleurs d&#039;automne. En hiver, il fleurit jaune sur le bois nu et se met aussi en valeur par...\" \/>\n<meta name=\"robots\" content=\"index, follow, max-snippet:-1, max-image-preview:large, max-video-preview:-1\" \/>\n<link rel=\"canonical\" href=\"https:\/\/www.vallonchene.fr\/es\/producto\/hamamelis-x-intermedia-pallida\/\" \/>\n<meta property=\"og:locale\" content=\"es_ES\" \/>\n<meta property=\"og:type\" content=\"article\" \/>\n<meta property=\"og:title\" content=\"HAMAMELIS x intermedia &#039;Pallida&#039;\" \/>\n<meta property=\"og:description\" content=\"Le noisetier de sorci\u00e8res est un des rares \u00e0 \u00eatre parfum\u00e9. L&#039;HAMAMELIS x intermedia &#039;Pallida&#039; prend de superbes couleurs d&#039;automne. En hiver, il fleurit jaune sur le bois nu et se met aussi en valeur par...\" \/>\n<meta property=\"og:url\" content=\"https:\/\/www.vallonchene.fr\/es\/producto\/hamamelis-x-intermedia-pallida\/\" \/>\n<meta property=\"og:site_name\" content=\"Vallonch\u00eane\" \/>\n<meta property=\"article:publisher\" content=\"https:\/\/www.facebook.com\/vallonchene.fr\" \/>\n<meta property=\"article:modified_time\" content=\"2024-09-27T08:15:03+00:00\" \/>\n<meta property=\"og:image\" content=\"https:\/\/www.vallonchene.fr\/wp-content\/uploads\/2021\/08\/1498-017-HAMAMELIS-x-intermedia-Pallida-en-Janvier.jpg\" \/>\n\t<meta property=\"og:image:width\" content=\"1600\" \/>\n\t<meta property=\"og:image:height\" content=\"1600\" \/>\n\t<meta property=\"og:image:type\" content=\"image\/jpeg\" \/>\n<meta name=\"twitter:card\" content=\"summary_large_image\" \/>\n<meta name=\"twitter:label1\" content=\"Precio\" \/>\n\t<meta name=\"twitter:data1\" content=\"0,00&nbsp;&euro;\" \/>\n\t<meta name=\"twitter:label2\" content=\"Disponibilidad\" \/>\n\t<meta name=\"twitter:data2\" content=\"Agotado\" \/>\n<script type=\"application\/ld+json\" class=\"yoast-schema-graph\">{\"@context\":\"https:\\\/\\\/schema.org\",\"@graph\":[{\"@type\":\"WebPage\",\"@id\":\"https:\\\/\\\/www.vallonchene.fr\\\/es\\\/producto\\\/hamamelis-x-intermedia-pallida\\\/\",\"url\":\"https:\\\/\\\/www.vallonchene.fr\\\/es\\\/producto\\\/hamamelis-x-intermedia-pallida\\\/\",\"name\":\"HAMAMELIS x intermedia 'Pallida' - noisetier de sorci\u00e8res\",\"isPartOf\":{\"@id\":\"https:\\\/\\\/www.vallonchene.fr\\\/es\\\/#website\"},\"primaryImageOfPage\":{\"@id\":\"https:\\\/\\\/www.vallonchene.fr\\\/es\\\/producto\\\/hamamelis-x-intermedia-pallida\\\/#primaryimage\"},\"image\":{\"@id\":\"https:\\\/\\\/www.vallonchene.fr\\\/es\\\/producto\\\/hamamelis-x-intermedia-pallida\\\/#primaryimage\"},\"thumbnailUrl\":\"https:\\\/\\\/www.vallonchene.fr\\\/wp-content\\\/uploads\\\/2021\\\/08\\\/1498-017-HAMAMELIS-x-intermedia-Pallida-en-Janvier.jpg\",\"datePublished\":\"2021-08-31T11:05:26+00:00\",\"dateModified\":\"2024-09-27T08:15:03+00:00\",\"description\":\"Le noisetier de sorci\u00e8res est un des rares \u00e0 \u00eatre parfum\u00e9. L'HAMAMELIS x intermedia 'Pallida' prend de superbes couleurs d'automne. En hiver, il fleurit jaune sur le bois nu et se met aussi en valeur par...\",\"breadcrumb\":{\"@id\":\"https:\\\/\\\/www.vallonchene.fr\\\/es\\\/producto\\\/hamamelis-x-intermedia-pallida\\\/#breadcrumb\"},\"inLanguage\":\"es\",\"potentialAction\":[{\"@type\":\"ReadAction\",\"target\":[\"https:\\\/\\\/www.vallonchene.fr\\\/es\\\/producto\\\/hamamelis-x-intermedia-pallida\\\/\"]}]},{\"@type\":\"ImageObject\",\"inLanguage\":\"es\",\"@id\":\"https:\\\/\\\/www.vallonchene.fr\\\/es\\\/producto\\\/hamamelis-x-intermedia-pallida\\\/#primaryimage\",\"url\":\"https:\\\/\\\/www.vallonchene.fr\\\/wp-content\\\/uploads\\\/2021\\\/08\\\/1498-017-HAMAMELIS-x-intermedia-Pallida-en-Janvier.jpg\",\"contentUrl\":\"https:\\\/\\\/www.vallonchene.fr\\\/wp-content\\\/uploads\\\/2021\\\/08\\\/1498-017-HAMAMELIS-x-intermedia-Pallida-en-Janvier.jpg\",\"width\":1600,\"height\":1600,\"caption\":\"HAMAMELIS x intermedia 'Pallida' en Janvier\"},{\"@type\":\"BreadcrumbList\",\"@id\":\"https:\\\/\\\/www.vallonchene.fr\\\/es\\\/producto\\\/hamamelis-x-intermedia-pallida\\\/#breadcrumb\",\"itemListElement\":[{\"@type\":\"ListItem\",\"position\":1,\"name\":\"Home\",\"item\":\"https:\\\/\\\/www.vallonchene.fr\\\/es\\\/\"},{\"@type\":\"ListItem\",\"position\":2,\"name\":\"Tienda\",\"item\":\"https:\\\/\\\/www.vallonchene.fr\\\/tienda\\\/\"},{\"@type\":\"ListItem\",\"position\":3,\"name\":\"Venta en linea\",\"item\":\"https:\\\/\\\/www.vallonchene.fr\\\/es\\\/categoria-producto\\\/venta-en-linea\\\/\"},{\"@type\":\"ListItem\",\"position\":4,\"name\":\"Vivero\",\"item\":\"https:\\\/\\\/www.vallonchene.fr\\\/es\\\/categoria-producto\\\/venta-en-linea\\\/vivero\\\/\"},{\"@type\":\"ListItem\",\"position\":5,\"name\":\"Arbustos y \u00e1rboles\",\"item\":\"https:\\\/\\\/www.vallonchene.fr\\\/es\\\/categoria-producto\\\/venta-en-linea\\\/vivero\\\/arbustos-y-arboles\\\/\"},{\"@type\":\"ListItem\",\"position\":6,\"name\":\"HAMAMELIS x intermedia &#8216;Pallida&#8217;\"}]},{\"@type\":\"WebSite\",\"@id\":\"https:\\\/\\\/www.vallonchene.fr\\\/es\\\/#website\",\"url\":\"https:\\\/\\\/www.vallonchene.fr\\\/es\\\/\",\"name\":\"Vallonch\u00eane\",\"description\":\"El vivero donde la calidad tiene sus ra\u00edces \u2013 Tel.: +33 (0)2.35.90.02.02\",\"publisher\":{\"@id\":\"https:\\\/\\\/www.vallonchene.fr\\\/es\\\/#organization\"},\"potentialAction\":[{\"@type\":\"SearchAction\",\"target\":{\"@type\":\"EntryPoint\",\"urlTemplate\":\"https:\\\/\\\/www.vallonchene.fr\\\/es\\\/?s={search_term_string}\"},\"query-input\":{\"@type\":\"PropertyValueSpecification\",\"valueRequired\":true,\"valueName\":\"search_term_string\"}}],\"inLanguage\":\"es\"},{\"@type\":\"Organization\",\"@id\":\"https:\\\/\\\/www.vallonchene.fr\\\/es\\\/#organization\",\"name\":\"VALLONCHENE\",\"url\":\"https:\\\/\\\/www.vallonchene.fr\\\/es\\\/\",\"logo\":{\"@type\":\"ImageObject\",\"inLanguage\":\"es\",\"@id\":\"https:\\\/\\\/www.vallonchene.fr\\\/es\\\/#\\\/schema\\\/logo\\\/image\\\/\",\"url\":\"https:\\\/\\\/www.vallonchene.fr\\\/wp-content\\\/uploads\\\/2023\\\/03\\\/Logo-Vallonchene-site-et-R_hauteur_100.png\",\"contentUrl\":\"https:\\\/\\\/www.vallonchene.fr\\\/wp-content\\\/uploads\\\/2023\\\/03\\\/Logo-Vallonchene-site-et-R_hauteur_100.png\",\"width\":221,\"height\":100,\"caption\":\"VALLONCHENE\"},\"image\":{\"@id\":\"https:\\\/\\\/www.vallonchene.fr\\\/es\\\/#\\\/schema\\\/logo\\\/image\\\/\"},\"sameAs\":[\"https:\\\/\\\/www.facebook.com\\\/vallonchene.fr\",\"https:\\\/\\\/www.instagram.com\\\/vallonchene\\\/\",\"https:\\\/\\\/www.pinterest.fr\\\/vallonchene\\\/\"],\"taxID\":\"49454502300017\",\"hasMerchantReturnPolicy\":{\"@type\":\"MerchantReturnPolicy\",\"merchantReturnLink\":\"https:\\\/\\\/www.vallonchene.fr\\\/remboursements_retours\\\/\"}}]}<\/script>\n<meta property=\"product:price:amount\" content=\"0.00\" \/>\n<meta property=\"product:price:currency\" content=\"EUR\" \/>\n<meta property=\"og:availability\" content=\"out of stock\" \/>\n<meta property=\"product:availability\" content=\"out of stock\" \/>\n<meta property=\"product:retailer_item_id\" content=\"35116\" \/>\n<meta property=\"product:condition\" content=\"new\" \/>\n<!-- \/ Yoast SEO Premium plugin. -->","yoast_head_json":{"title":"HAMAMELIS x intermedia 'Pallida' - noisetier de sorci\u00e8res","description":"Le noisetier de sorci\u00e8res est un des rares \u00e0 \u00eatre parfum\u00e9. L'HAMAMELIS x intermedia 'Pallida' prend de superbes couleurs d'automne. En hiver, il fleurit jaune sur le bois nu et se met aussi en valeur par...","robots":{"index":"index","follow":"follow","max-snippet":"max-snippet:-1","max-image-preview":"max-image-preview:large","max-video-preview":"max-video-preview:-1"},"canonical":"https:\/\/www.vallonchene.fr\/es\/producto\/hamamelis-x-intermedia-pallida\/","og_locale":"es_ES","og_type":"article","og_title":"HAMAMELIS x intermedia 'Pallida'","og_description":"Le noisetier de sorci\u00e8res est un des rares \u00e0 \u00eatre parfum\u00e9. L'HAMAMELIS x intermedia 'Pallida' prend de superbes couleurs d'automne. En hiver, il fleurit jaune sur le bois nu et se met aussi en valeur par...","og_url":"https:\/\/www.vallonchene.fr\/es\/producto\/hamamelis-x-intermedia-pallida\/","og_site_name":"Vallonch\u00eane","article_publisher":"https:\/\/www.facebook.com\/vallonchene.fr","article_modified_time":"2024-09-27T08:15:03+00:00","og_image":[{"width":1600,"height":1600,"url":"https:\/\/www.vallonchene.fr\/wp-content\/uploads\/2021\/08\/1498-017-HAMAMELIS-x-intermedia-Pallida-en-Janvier.jpg","type":"image\/jpeg"}],"twitter_card":"summary_large_image","twitter_misc":{"Precio":"0,00&nbsp;&euro;","Disponibilidad":"Agotado"},"schema":{"@context":"https:\/\/schema.org","@graph":[{"@type":"WebPage","@id":"https:\/\/www.vallonchene.fr\/es\/producto\/hamamelis-x-intermedia-pallida\/","url":"https:\/\/www.vallonchene.fr\/es\/producto\/hamamelis-x-intermedia-pallida\/","name":"HAMAMELIS x intermedia 'Pallida' - noisetier de sorci\u00e8res","isPartOf":{"@id":"https:\/\/www.vallonchene.fr\/es\/#website"},"primaryImageOfPage":{"@id":"https:\/\/www.vallonchene.fr\/es\/producto\/hamamelis-x-intermedia-pallida\/#primaryimage"},"image":{"@id":"https:\/\/www.vallonchene.fr\/es\/producto\/hamamelis-x-intermedia-pallida\/#primaryimage"},"thumbnailUrl":"https:\/\/www.vallonchene.fr\/wp-content\/uploads\/2021\/08\/1498-017-HAMAMELIS-x-intermedia-Pallida-en-Janvier.jpg","datePublished":"2021-08-31T11:05:26+00:00","dateModified":"2024-09-27T08:15:03+00:00","description":"Le noisetier de sorci\u00e8res est un des rares \u00e0 \u00eatre parfum\u00e9. L'HAMAMELIS x intermedia 'Pallida' prend de superbes couleurs d'automne. En hiver, il fleurit jaune sur le bois nu et se met aussi en valeur par...","breadcrumb":{"@id":"https:\/\/www.vallonchene.fr\/es\/producto\/hamamelis-x-intermedia-pallida\/#breadcrumb"},"inLanguage":"es","potentialAction":[{"@type":"ReadAction","target":["https:\/\/www.vallonchene.fr\/es\/producto\/hamamelis-x-intermedia-pallida\/"]}]},{"@type":"ImageObject","inLanguage":"es","@id":"https:\/\/www.vallonchene.fr\/es\/producto\/hamamelis-x-intermedia-pallida\/#primaryimage","url":"https:\/\/www.vallonchene.fr\/wp-content\/uploads\/2021\/08\/1498-017-HAMAMELIS-x-intermedia-Pallida-en-Janvier.jpg","contentUrl":"https:\/\/www.vallonchene.fr\/wp-content\/uploads\/2021\/08\/1498-017-HAMAMELIS-x-intermedia-Pallida-en-Janvier.jpg","width":1600,"height":1600,"caption":"HAMAMELIS x intermedia 'Pallida' en Janvier"},{"@type":"BreadcrumbList","@id":"https:\/\/www.vallonchene.fr\/es\/producto\/hamamelis-x-intermedia-pallida\/#breadcrumb","itemListElement":[{"@type":"ListItem","position":1,"name":"Home","item":"https:\/\/www.vallonchene.fr\/es\/"},{"@type":"ListItem","position":2,"name":"Tienda","item":"https:\/\/www.vallonchene.fr\/tienda\/"},{"@type":"ListItem","position":3,"name":"Venta en linea","item":"https:\/\/www.vallonchene.fr\/es\/categoria-producto\/venta-en-linea\/"},{"@type":"ListItem","position":4,"name":"Vivero","item":"https:\/\/www.vallonchene.fr\/es\/categoria-producto\/venta-en-linea\/vivero\/"},{"@type":"ListItem","position":5,"name":"Arbustos y \u00e1rboles","item":"https:\/\/www.vallonchene.fr\/es\/categoria-producto\/venta-en-linea\/vivero\/arbustos-y-arboles\/"},{"@type":"ListItem","position":6,"name":"HAMAMELIS x intermedia &#8216;Pallida&#8217;"}]},{"@type":"WebSite","@id":"https:\/\/www.vallonchene.fr\/es\/#website","url":"https:\/\/www.vallonchene.fr\/es\/","name":"Vallonch\u00eane","description":"El vivero donde la calidad tiene sus ra\u00edces \u2013 Tel.: +33 (0)2.35.90.02.02","publisher":{"@id":"https:\/\/www.vallonchene.fr\/es\/#organization"},"potentialAction":[{"@type":"SearchAction","target":{"@type":"EntryPoint","urlTemplate":"https:\/\/www.vallonchene.fr\/es\/?s={search_term_string}"},"query-input":{"@type":"PropertyValueSpecification","valueRequired":true,"valueName":"search_term_string"}}],"inLanguage":"es"},{"@type":"Organization","@id":"https:\/\/www.vallonchene.fr\/es\/#organization","name":"VALLONCHENE","url":"https:\/\/www.vallonchene.fr\/es\/","logo":{"@type":"ImageObject","inLanguage":"es","@id":"https:\/\/www.vallonchene.fr\/es\/#\/schema\/logo\/image\/","url":"https:\/\/www.vallonchene.fr\/wp-content\/uploads\/2023\/03\/Logo-Vallonchene-site-et-R_hauteur_100.png","contentUrl":"https:\/\/www.vallonchene.fr\/wp-content\/uploads\/2023\/03\/Logo-Vallonchene-site-et-R_hauteur_100.png","width":221,"height":100,"caption":"VALLONCHENE"},"image":{"@id":"https:\/\/www.vallonchene.fr\/es\/#\/schema\/logo\/image\/"},"sameAs":["https:\/\/www.facebook.com\/vallonchene.fr","https:\/\/www.instagram.com\/vallonchene\/","https:\/\/www.pinterest.fr\/vallonchene\/"],"taxID":"49454502300017","hasMerchantReturnPolicy":{"@type":"MerchantReturnPolicy","merchantReturnLink":"https:\/\/www.vallonchene.fr\/remboursements_retours\/"}}]},"product_price_amount":"0.00","product_price_currency":"EUR","og_availability":"out of stock","product_availability":"out of stock","product_retailer_item_id":"35116","product_condition":"new"},"_links":{"self":[{"href":"https:\/\/www.vallonchene.fr\/es\/wp-json\/wp\/v2\/product\/11008","targetHints":{"allow":["GET"]}}],"collection":[{"href":"https:\/\/www.vallonchene.fr\/es\/wp-json\/wp\/v2\/product"}],"about":[{"href":"https:\/\/www.vallonchene.fr\/es\/wp-json\/wp\/v2\/types\/product"}],"replies":[{"embeddable":true,"href":"https:\/\/www.vallonchene.fr\/es\/wp-json\/wp\/v2\/comments?post=11008"}],"wp:featuredmedia":[{"embeddable":true,"href":"https:\/\/www.vallonchene.fr\/es\/wp-json\/wp\/v2\/media\/10993"}],"wp:attachment":[{"href":"https:\/\/www.vallonchene.fr\/es\/wp-json\/wp\/v2\/media?parent=11008"}],"wp:term":[{"taxonomy":"product_brand","embeddable":true,"href":"https:\/\/www.vallonchene.fr\/es\/wp-json\/wp\/v2\/product_brand?post=11008"},{"taxonomy":"product_cat","embeddable":true,"href":"https:\/\/www.vallonchene.fr\/es\/wp-json\/wp\/v2\/product_cat?post=11008"},{"taxonomy":"product_tag","embeddable":true,"href":"https:\/\/www.vallonchene.fr\/es\/wp-json\/wp\/v2\/product_tag?post=11008"}],"curies":[{"name":"wp","href":"https:\/\/api.w.org\/{rel}","templated":true}]}}