{"id":56943,"date":"2024-07-03T09:05:31","date_gmt":"2024-07-03T07:05:31","guid":{"rendered":"https:\/\/www.vallonchene.fr\/coniferas-vs-frondosas-un-matrimonio-perfecto-para-un-jardin-encantado-durante-todas-las-estaciones\/"},"modified":"2026-02-11T16:54:52","modified_gmt":"2026-02-11T15:54:52","slug":"coniferas-vs-frondosas-un-matrimonio-perfecto-para-un-jardin-encantado-durante-todas-las-estaciones","status":"publish","type":"page","link":"https:\/\/www.vallonchene.fr\/es\/coniferas-vs-frondosas-un-matrimonio-perfecto-para-un-jardin-encantado-durante-todas-las-estaciones\/","title":{"rendered":"Con\u00edferas vs Frondosas: un matrimonio perfecto para un jard\u00edn encantado durante todas las estaciones"},"content":{"rendered":"\n<p>Frondosas y con\u00edferas (resinosas), dos familias vegetales distintas que marcan nuestro paisaje y embellecen nuestros jardines. Aunque a menudo se oponen, su complementariedad ofrece un rico y variado abanico horticola, que permite crear jardines armoniosos y din\u00e1micos durante todo el a\u00f1o.<br\/>As\u00ed, Vallonch\u00eane ofrece a la venta no solo <a href=\"https:\/\/www.vallonchene.fr\/es\/categoria-producto\/venta-en-linea\/vivero\/arbustos-y-arboles\/?filter_stock_status=instock\"><strong>una extensa selecci\u00f3n de frondoras<\/strong><\/a> inusuales, sino tambi\u00e9n \n<a href=\"https:\/\/www.vallonchene.fr\/es\/categoria-producto\/venta-en-linea\/vivero\/coniferas\/?filter_stock_status=instock\"><strong>una de las mayores colecciones de con\u00edferas en Europa<\/strong><\/a>.<\/p>\n\n<h3 class=\"wp-block-heading\" id=\"h-la-regle-d-or-du-1-3-2-3-pour-un-jardin-des-quatre-saisons\">La Regla de Oro del 1\/3 &#8211; 2\/3 para un Jard\u00edn de las Cuatro Estaciones<\/h3>\n\n<p>Para un jard\u00edn que ofrece un inter\u00e9s visual permanente, se admite com\u00fanmente que hay que asociar 1\/3 de persistentes, mayoritariamente con\u00edferas, con 2\/3 de plantas caducas, dominadas por las de hoja caduca. Esta regla de oro permite conciliar los respectivos encantos de cada categor\u00eda y crear un jard\u00edn que evoluciona a lo largo de las estaciones. Si, sin embargo, el jard\u00edn est\u00e1 esencialmente constituido por plantas de hoja caduca, ser\u00e1 aburrido durante todo el invierno.<\/p>\n\n<h3 class=\"wp-block-heading\" id=\"h-les-atouts-incomparables-des-coniferes-pour-un-jardin-majestueux\">Los Incomparables Beneficios de las Con\u00edferas para un Jard\u00edn Majestuoso<\/h3>\n\n<p>Las con\u00edferas, generalmente desconocidas, incluso despreciadas, est\u00e1n llenas de cualidades que las hacen imprescindibles en el arte paisaj\u00edstico.<\/p>\n\n<ul class=\"wp-block-list\">\n<li><strong>Resistentes y Adaptados<\/strong>: Una vez bien establecidos, los con\u00edferos soportan notablemente la sequ\u00eda, un activo valioso frente a los veranos \u00e1ridos y al calentamiento clim\u00e1tico.<\/li>\n\n\n\n<li><strong>Colores y Formas Embelesadoras<\/strong>: Lejos de la uniformidad verde a menudo asociada err\u00f3neamente, las con\u00edferas despliegan una paleta de colores y formas que var\u00edan con las estaciones. Desde el verde suave hasta el azul profundo, pasando por matices dorados y cobrizos, iluminan el jard\u00edn durante todo el a\u00f1o, especialmente en invierno, donde su follaje persistente ofrece un contraste sorprendente con los desnudos caducos. Sus siluetas gr\u00e1ficas, piramidales, columnares o rastreras, esculpen el espacio y aportan un toque de estructura al jard\u00edn.<\/li>\n\n\n\n<li><strong>Refugio de Paz para la Fauna:<\/strong> Las con\u00edferas, con su follaje denso y su estructura ramificada, constituyen un refugio esencial para los pajaros y los peque\u00f1os mam\u00edferos como las ardillas, favoreciendo as\u00ed la biodiversidad en el jard\u00edn.<\/li>\n\n\n\n<li><strong>Mantenimiento m\u00ednimo:<\/strong> Al contrario de lo que se cree, las con\u00edferas requieren poco o ning\u00fan mantenimiento.<\/li>\n\n\n\n<li><strong>Versatilidad notable:<\/strong> Las con\u00edferas se adaptan a una multitud de usos: en solitario para un toque majestuoso, en macizo, en setos estructurados, en bons\u00e1i o niwaki para un toque art\u00edstico, en maceta para adornar las terrazas, o en topia para creaciones vegetales originales.<\/li>\n\n\n\n<li><strong>Campeones de la Resistencia<\/strong>: Dotados de un sistema radical a menudo poderoso, algunos con\u00edferos anclan el suelo y resisten eficazmente a los vientos violentos y a la erosi\u00f3n.<\/li>\n\n\n\n<li><strong>Predecesores del Mundo Vegetal:<\/strong> Lejos de ser simples \u00e1rboles verdes, las con\u00edferas representan una fascinante l\u00ednea vegetal, que apareci\u00f3 mucho antes que las hojas caducas, y que ya poblaba la Tierra hace millones de a\u00f1os.<\/li>\n<\/ul>\n\n<h3 class=\"wp-block-heading\" id=\"h-briser-les-cliches-pour-un-jardin-unique\">Romper los estereotipos para un jard\u00edn \u00fanico<\/h3>\n\n<p>Elegir con\u00edferas para su jard\u00edn no significa limitarse a los pinos y tuyas com\u00fanmente utilizados para setos. El mundo de las con\u00edferas es infinitamente rico y encierra tesoros insospechados.<\/p>\n\n<ul class=\"wp-block-list\">\n<li><strong>Formas y Texturas Ins\u00f3litas<\/strong>: muchas variedades se distinguen por formas y texturas originales, lejos de las siluetas c\u00f3nicas esperadas. Agujas azuladas, cortezas agrietadas, portes llorones, en pisos o columnares, las con\u00edferas ofrecen una diversidad sorprendente que sabe sorprender y maravillar.<\/li>\n\n\n\n<li><strong>Adaptabilidad a los medios h\u00famedos:<\/strong> algunos con\u00edferos prosperan perfectamente en ambientes h\u00famedos, como los CRYPTOMERIA japonica, los TAXODIUM distichum o los SEQUOIADENDRON giganteum.<\/li>\n\n\n\n<li><strong>Variedades Enanas para Peque\u00f1os Espacios:<\/strong> las con\u00edferas no se limitan a los grandes \u00e1rboles majestuosos. Existen muchas variedades enanas o miniaturas, ideales para peque\u00f1os jardines o macetas, que permiten disfrutar de su belleza incluso en los espacios m\u00e1s reducidos.<\/li>\n\n\n\n<li><strong>Hoja de invierno para un espect\u00e1culo continuo:<\/strong> Si la mayor\u00eda de las con\u00edferas son persistentes, algunas, como TAXODIUM distichum y METASEQUOIA glyptostroboides, pierden su follaje en invierno, ofreciendo un espect\u00e1culo de colores oto\u00f1ales antes de perder su follaje para el invierno.<\/li>\n<\/ul>\n\n<h3 class=\"wp-block-heading\" id=\"h-une-protection-naturelle-contre-les-vents\"><strong>Una Protecci\u00f3n Natural contra los Vientos<\/strong><\/h3>\n\n<p>Ventaja a menudo pasada por alto, las con\u00edferas, gracias a su follaje denso y su porte ramificado, constituyen excelentes rompevientos. Permiten crear microclimas m\u00e1s protegidos en el jard\u00edn, protegiendo as\u00ed a otras plantas, de los vientos desecantes y de las corrientes de aire fr\u00edo. De igual modo, pueden servir de protecci\u00f3n para las construcciones y el mobiliario de jard\u00edn, reduciendo el impacto del viento y del ruido.<\/p>\n\n<h2 class=\"wp-block-heading\" id=\"h-conclusion-une-alliance-harmonieuse-pour-un-jardin-enchante\"><strong>Conclusi\u00f3n: Una Alianza Armoniosa para un Jard\u00edn Encantado<\/strong><\/h2>\n\n<p>Al asociar con\u00edferas y \u00e1rboles de hoja caduca de manera experta, es posible crear un jard\u00edn que ofrece inter\u00e9s visual y ecol\u00f3gico durante todo el a\u00f1o. Las con\u00edferas, con sus m\u00faltiples ventajas, aportan estructura, color, protecci\u00f3n y resiliencia al jard\u00edn, mientras que los \u00e1rboles de hoja caduca terminan el espect\u00e1culo.<\/p>\n\n<p>Lejos de ser simples \u00e1rboles verdes, las con\u00edferas son vegetales fascinantes y valiosos para el jard\u00edn. Al integrarlas en su espacio verde, usted crea un refugio de paz y belleza que le sorprender\u00e1 a lo largo de las estaciones.<\/p>\n\n<p>No dude en explorar la rica diversidad de con\u00edferas propuestas en Vallonch\u00eane (<a href=\"https:\/\/www.vallonchene.fr\/es\/categoria-producto\/venta-en-linea\/vivero\/coniferas\/?filter_stock_status=instock\"><strong>al hacer clic aqu\u00ed<\/strong><\/a>) para descubrir tesoros insospechados que sublimar\u00e1n su jard\u00edn y le conferir\u00e1n una personalidad \u00fanica.<\/p>\n","protected":false},"excerpt":{"rendered":"<p>Frondosas y con\u00edferas (resinosas), dos familias vegetales distintas que marcan nuestro paisaje y embellecen nuestros jardines. Aunque a menudo se oponen, su complementariedad ofrece un rico y variado abanico horticola, que permite crear jardines armoniosos y din\u00e1micos durante todo el a\u00f1o.As\u00ed, Vallonch\u00eane ofrece a la venta no solo una extensa selecci\u00f3n de frondoras inusuales, sino [&hellip;]<\/p>\n","protected":false},"author":1,"featured_media":56944,"parent":0,"menu_order":0,"comment_status":"closed","ping_status":"closed","template":"","meta":{"footnotes":""},"class_list":["post-56943","page","type-page","status-publish","has-post-thumbnail","hentry"],"yoast_head":"<!-- This site is optimized with the Yoast SEO Premium plugin v27.5 (Yoast SEO v27.5) - https:\/\/yoast.com\/product\/yoast-seo-premium-wordpress\/ -->\n<title>Con\u00edferas vs Frondosas: Un matrimonio perfecto para un jard\u00edn encantado<\/title>\n<meta name=\"robots\" content=\"index, follow, max-snippet:-1, max-image-preview:large, max-video-preview:-1\" \/>\n<link rel=\"canonical\" href=\"https:\/\/www.vallonchene.fr\/es\/coniferas-vs-frondosas-un-matrimonio-perfecto-para-un-jardin-encantado-durante-todas-las-estaciones\/\" \/>\n<meta property=\"og:locale\" content=\"es_ES\" \/>\n<meta property=\"og:type\" content=\"article\" \/>\n<meta property=\"og:title\" content=\"Con\u00edferas vs Frondosas: un matrimonio perfecto para un jard\u00edn encantado durante todas las estaciones\" \/>\n<meta property=\"og:description\" content=\"Frondosas y con\u00edferas (resinosas), dos familias vegetales distintas que marcan nuestro paisaje y embellecen nuestros jardines. Aunque a menudo se oponen, su complementariedad ofrece un rico y variado abanico horticola, que permite crear jardines armoniosos y din\u00e1micos durante todo el a\u00f1o.As\u00ed, Vallonch\u00eane ofrece a la venta no solo una extensa selecci\u00f3n de frondoras inusuales, sino [&hellip;]\" \/>\n<meta property=\"og:url\" content=\"https:\/\/www.vallonchene.fr\/es\/coniferas-vs-frondosas-un-matrimonio-perfecto-para-un-jardin-encantado-durante-todas-las-estaciones\/\" \/>\n<meta property=\"og:site_name\" content=\"Vallonch\u00eane\" \/>\n<meta property=\"article:publisher\" content=\"https:\/\/www.facebook.com\/vallonchene.fr\" \/>\n<meta property=\"article:modified_time\" content=\"2026-02-11T15:54:52+00:00\" \/>\n<meta property=\"og:image\" content=\"https:\/\/www.vallonchene.fr\/wp-content\/uploads\/2024\/07\/conifers.webp\" \/>\n\t<meta property=\"og:image:width\" content=\"1024\" \/>\n\t<meta property=\"og:image:height\" content=\"341\" \/>\n\t<meta property=\"og:image:type\" content=\"image\/webp\" \/>\n<meta name=\"twitter:card\" content=\"summary_large_image\" \/>\n<meta name=\"twitter:label1\" content=\"Tiempo de lectura\" \/>\n\t<meta name=\"twitter:data1\" content=\"5 minutos\" \/>\n<script type=\"application\/ld+json\" class=\"yoast-schema-graph\">{\"@context\":\"https:\\\/\\\/schema.org\",\"@graph\":[{\"@type\":\"WebPage\",\"@id\":\"https:\\\/\\\/www.vallonchene.fr\\\/es\\\/coniferas-vs-frondosas-un-matrimonio-perfecto-para-un-jardin-encantado-durante-todas-las-estaciones\\\/\",\"url\":\"https:\\\/\\\/www.vallonchene.fr\\\/es\\\/coniferas-vs-frondosas-un-matrimonio-perfecto-para-un-jardin-encantado-durante-todas-las-estaciones\\\/\",\"name\":\"Con\u00edferas vs Frondosas: Un matrimonio perfecto para un jard\u00edn encantado\",\"isPartOf\":{\"@id\":\"https:\\\/\\\/www.vallonchene.fr\\\/es\\\/#website\"},\"primaryImageOfPage\":{\"@id\":\"https:\\\/\\\/www.vallonchene.fr\\\/es\\\/coniferas-vs-frondosas-un-matrimonio-perfecto-para-un-jardin-encantado-durante-todas-las-estaciones\\\/#primaryimage\"},\"image\":{\"@id\":\"https:\\\/\\\/www.vallonchene.fr\\\/es\\\/coniferas-vs-frondosas-un-matrimonio-perfecto-para-un-jardin-encantado-durante-todas-las-estaciones\\\/#primaryimage\"},\"thumbnailUrl\":\"https:\\\/\\\/www.vallonchene.fr\\\/wp-content\\\/uploads\\\/2024\\\/07\\\/conifers.webp\",\"datePublished\":\"2024-07-03T07:05:31+00:00\",\"dateModified\":\"2026-02-11T15:54:52+00:00\",\"breadcrumb\":{\"@id\":\"https:\\\/\\\/www.vallonchene.fr\\\/es\\\/coniferas-vs-frondosas-un-matrimonio-perfecto-para-un-jardin-encantado-durante-todas-las-estaciones\\\/#breadcrumb\"},\"inLanguage\":\"es\",\"potentialAction\":[{\"@type\":\"ReadAction\",\"target\":[\"https:\\\/\\\/www.vallonchene.fr\\\/es\\\/coniferas-vs-frondosas-un-matrimonio-perfecto-para-un-jardin-encantado-durante-todas-las-estaciones\\\/\"]}]},{\"@type\":\"ImageObject\",\"inLanguage\":\"es\",\"@id\":\"https:\\\/\\\/www.vallonchene.fr\\\/es\\\/coniferas-vs-frondosas-un-matrimonio-perfecto-para-un-jardin-encantado-durante-todas-las-estaciones\\\/#primaryimage\",\"url\":\"https:\\\/\\\/www.vallonchene.fr\\\/wp-content\\\/uploads\\\/2024\\\/07\\\/conifers.webp\",\"contentUrl\":\"https:\\\/\\\/www.vallonchene.fr\\\/wp-content\\\/uploads\\\/2024\\\/07\\\/conifers.webp\",\"width\":1024,\"height\":341,\"caption\":\"Una mezcla de con\u00edferas de todos los colores y formas\"},{\"@type\":\"BreadcrumbList\",\"@id\":\"https:\\\/\\\/www.vallonchene.fr\\\/es\\\/coniferas-vs-frondosas-un-matrimonio-perfecto-para-un-jardin-encantado-durante-todas-las-estaciones\\\/#breadcrumb\",\"itemListElement\":[{\"@type\":\"ListItem\",\"position\":1,\"name\":\"Home\",\"item\":\"https:\\\/\\\/www.vallonchene.fr\\\/es\\\/\"},{\"@type\":\"ListItem\",\"position\":2,\"name\":\"Con\u00edferas vs Frondosas: un matrimonio perfecto para un jard\u00edn encantado durante todas las estaciones\"}]},{\"@type\":\"WebSite\",\"@id\":\"https:\\\/\\\/www.vallonchene.fr\\\/es\\\/#website\",\"url\":\"https:\\\/\\\/www.vallonchene.fr\\\/es\\\/\",\"name\":\"Vallonch\u00eane\",\"description\":\"El vivero donde la calidad tiene sus ra\u00edces \u2013 Tel.: +33 (0)2.35.90.02.02\",\"publisher\":{\"@id\":\"https:\\\/\\\/www.vallonchene.fr\\\/es\\\/#organization\"},\"potentialAction\":[{\"@type\":\"SearchAction\",\"target\":{\"@type\":\"EntryPoint\",\"urlTemplate\":\"https:\\\/\\\/www.vallonchene.fr\\\/es\\\/?s={search_term_string}\"},\"query-input\":{\"@type\":\"PropertyValueSpecification\",\"valueRequired\":true,\"valueName\":\"search_term_string\"}}],\"inLanguage\":\"es\"},{\"@type\":\"Organization\",\"@id\":\"https:\\\/\\\/www.vallonchene.fr\\\/es\\\/#organization\",\"name\":\"VALLONCHENE\",\"url\":\"https:\\\/\\\/www.vallonchene.fr\\\/es\\\/\",\"logo\":{\"@type\":\"ImageObject\",\"inLanguage\":\"es\",\"@id\":\"https:\\\/\\\/www.vallonchene.fr\\\/es\\\/#\\\/schema\\\/logo\\\/image\\\/\",\"url\":\"https:\\\/\\\/www.vallonchene.fr\\\/wp-content\\\/uploads\\\/2023\\\/03\\\/Logo-Vallonchene-site-et-R_hauteur_100.png\",\"contentUrl\":\"https:\\\/\\\/www.vallonchene.fr\\\/wp-content\\\/uploads\\\/2023\\\/03\\\/Logo-Vallonchene-site-et-R_hauteur_100.png\",\"width\":221,\"height\":100,\"caption\":\"VALLONCHENE\"},\"image\":{\"@id\":\"https:\\\/\\\/www.vallonchene.fr\\\/es\\\/#\\\/schema\\\/logo\\\/image\\\/\"},\"sameAs\":[\"https:\\\/\\\/www.facebook.com\\\/vallonchene.fr\",\"https:\\\/\\\/www.instagram.com\\\/vallonchene\\\/\",\"https:\\\/\\\/www.pinterest.fr\\\/vallonchene\\\/\"],\"taxID\":\"49454502300017\",\"hasMerchantReturnPolicy\":{\"@type\":\"MerchantReturnPolicy\",\"merchantReturnLink\":\"https:\\\/\\\/www.vallonchene.fr\\\/remboursements_retours\\\/\"}}]}<\/script>\n<!-- \/ Yoast SEO Premium plugin. -->","yoast_head_json":{"title":"Con\u00edferas vs Frondosas: Un matrimonio perfecto para un jard\u00edn encantado","robots":{"index":"index","follow":"follow","max-snippet":"max-snippet:-1","max-image-preview":"max-image-preview:large","max-video-preview":"max-video-preview:-1"},"canonical":"https:\/\/www.vallonchene.fr\/es\/coniferas-vs-frondosas-un-matrimonio-perfecto-para-un-jardin-encantado-durante-todas-las-estaciones\/","og_locale":"es_ES","og_type":"article","og_title":"Con\u00edferas vs Frondosas: un matrimonio perfecto para un jard\u00edn encantado durante todas las estaciones","og_description":"Frondosas y con\u00edferas (resinosas), dos familias vegetales distintas que marcan nuestro paisaje y embellecen nuestros jardines. Aunque a menudo se oponen, su complementariedad ofrece un rico y variado abanico horticola, que permite crear jardines armoniosos y din\u00e1micos durante todo el a\u00f1o.As\u00ed, Vallonch\u00eane ofrece a la venta no solo una extensa selecci\u00f3n de frondoras inusuales, sino [&hellip;]","og_url":"https:\/\/www.vallonchene.fr\/es\/coniferas-vs-frondosas-un-matrimonio-perfecto-para-un-jardin-encantado-durante-todas-las-estaciones\/","og_site_name":"Vallonch\u00eane","article_publisher":"https:\/\/www.facebook.com\/vallonchene.fr","article_modified_time":"2026-02-11T15:54:52+00:00","og_image":[{"width":1024,"height":341,"url":"https:\/\/www.vallonchene.fr\/wp-content\/uploads\/2024\/07\/conifers.webp","type":"image\/webp"}],"twitter_card":"summary_large_image","twitter_misc":{"Tiempo de lectura":"5 minutos"},"schema":{"@context":"https:\/\/schema.org","@graph":[{"@type":"WebPage","@id":"https:\/\/www.vallonchene.fr\/es\/coniferas-vs-frondosas-un-matrimonio-perfecto-para-un-jardin-encantado-durante-todas-las-estaciones\/","url":"https:\/\/www.vallonchene.fr\/es\/coniferas-vs-frondosas-un-matrimonio-perfecto-para-un-jardin-encantado-durante-todas-las-estaciones\/","name":"Con\u00edferas vs Frondosas: Un matrimonio perfecto para un jard\u00edn encantado","isPartOf":{"@id":"https:\/\/www.vallonchene.fr\/es\/#website"},"primaryImageOfPage":{"@id":"https:\/\/www.vallonchene.fr\/es\/coniferas-vs-frondosas-un-matrimonio-perfecto-para-un-jardin-encantado-durante-todas-las-estaciones\/#primaryimage"},"image":{"@id":"https:\/\/www.vallonchene.fr\/es\/coniferas-vs-frondosas-un-matrimonio-perfecto-para-un-jardin-encantado-durante-todas-las-estaciones\/#primaryimage"},"thumbnailUrl":"https:\/\/www.vallonchene.fr\/wp-content\/uploads\/2024\/07\/conifers.webp","datePublished":"2024-07-03T07:05:31+00:00","dateModified":"2026-02-11T15:54:52+00:00","breadcrumb":{"@id":"https:\/\/www.vallonchene.fr\/es\/coniferas-vs-frondosas-un-matrimonio-perfecto-para-un-jardin-encantado-durante-todas-las-estaciones\/#breadcrumb"},"inLanguage":"es","potentialAction":[{"@type":"ReadAction","target":["https:\/\/www.vallonchene.fr\/es\/coniferas-vs-frondosas-un-matrimonio-perfecto-para-un-jardin-encantado-durante-todas-las-estaciones\/"]}]},{"@type":"ImageObject","inLanguage":"es","@id":"https:\/\/www.vallonchene.fr\/es\/coniferas-vs-frondosas-un-matrimonio-perfecto-para-un-jardin-encantado-durante-todas-las-estaciones\/#primaryimage","url":"https:\/\/www.vallonchene.fr\/wp-content\/uploads\/2024\/07\/conifers.webp","contentUrl":"https:\/\/www.vallonchene.fr\/wp-content\/uploads\/2024\/07\/conifers.webp","width":1024,"height":341,"caption":"Una mezcla de con\u00edferas de todos los colores y formas"},{"@type":"BreadcrumbList","@id":"https:\/\/www.vallonchene.fr\/es\/coniferas-vs-frondosas-un-matrimonio-perfecto-para-un-jardin-encantado-durante-todas-las-estaciones\/#breadcrumb","itemListElement":[{"@type":"ListItem","position":1,"name":"Home","item":"https:\/\/www.vallonchene.fr\/es\/"},{"@type":"ListItem","position":2,"name":"Con\u00edferas vs Frondosas: un matrimonio perfecto para un jard\u00edn encantado durante todas las estaciones"}]},{"@type":"WebSite","@id":"https:\/\/www.vallonchene.fr\/es\/#website","url":"https:\/\/www.vallonchene.fr\/es\/","name":"Vallonch\u00eane","description":"El vivero donde la calidad tiene sus ra\u00edces \u2013 Tel.: +33 (0)2.35.90.02.02","publisher":{"@id":"https:\/\/www.vallonchene.fr\/es\/#organization"},"potentialAction":[{"@type":"SearchAction","target":{"@type":"EntryPoint","urlTemplate":"https:\/\/www.vallonchene.fr\/es\/?s={search_term_string}"},"query-input":{"@type":"PropertyValueSpecification","valueRequired":true,"valueName":"search_term_string"}}],"inLanguage":"es"},{"@type":"Organization","@id":"https:\/\/www.vallonchene.fr\/es\/#organization","name":"VALLONCHENE","url":"https:\/\/www.vallonchene.fr\/es\/","logo":{"@type":"ImageObject","inLanguage":"es","@id":"https:\/\/www.vallonchene.fr\/es\/#\/schema\/logo\/image\/","url":"https:\/\/www.vallonchene.fr\/wp-content\/uploads\/2023\/03\/Logo-Vallonchene-site-et-R_hauteur_100.png","contentUrl":"https:\/\/www.vallonchene.fr\/wp-content\/uploads\/2023\/03\/Logo-Vallonchene-site-et-R_hauteur_100.png","width":221,"height":100,"caption":"VALLONCHENE"},"image":{"@id":"https:\/\/www.vallonchene.fr\/es\/#\/schema\/logo\/image\/"},"sameAs":["https:\/\/www.facebook.com\/vallonchene.fr","https:\/\/www.instagram.com\/vallonchene\/","https:\/\/www.pinterest.fr\/vallonchene\/"],"taxID":"49454502300017","hasMerchantReturnPolicy":{"@type":"MerchantReturnPolicy","merchantReturnLink":"https:\/\/www.vallonchene.fr\/remboursements_retours\/"}}]}},"_links":{"self":[{"href":"https:\/\/www.vallonchene.fr\/es\/wp-json\/wp\/v2\/pages\/56943","targetHints":{"allow":["GET"]}}],"collection":[{"href":"https:\/\/www.vallonchene.fr\/es\/wp-json\/wp\/v2\/pages"}],"about":[{"href":"https:\/\/www.vallonchene.fr\/es\/wp-json\/wp\/v2\/types\/page"}],"author":[{"embeddable":true,"href":"https:\/\/www.vallonchene.fr\/es\/wp-json\/wp\/v2\/users\/1"}],"replies":[{"embeddable":true,"href":"https:\/\/www.vallonchene.fr\/es\/wp-json\/wp\/v2\/comments?post=56943"}],"version-history":[{"count":0,"href":"https:\/\/www.vallonchene.fr\/es\/wp-json\/wp\/v2\/pages\/56943\/revisions"}],"wp:featuredmedia":[{"embeddable":true,"href":"https:\/\/www.vallonchene.fr\/es\/wp-json\/wp\/v2\/media\/56944"}],"wp:attachment":[{"href":"https:\/\/www.vallonchene.fr\/es\/wp-json\/wp\/v2\/media?parent=56943"}],"curies":[{"name":"wp","href":"https:\/\/api.w.org\/{rel}","templated":true}]}}