{"id":50919,"date":"2023-04-10T09:33:13","date_gmt":"2023-04-10T08:33:13","guid":{"rendered":"https:\/\/www.vallonchene.fr\/?page_id=50919"},"modified":"2024-12-12T16:29:08","modified_gmt":"2024-12-12T15:29:08","slug":"como-plantar-y-cuidar-plantas-perennes","status":"publish","type":"page","link":"https:\/\/www.vallonchene.fr\/es\/como-plantar-y-mantener-plantas\/como-plantar-y-cuidar-plantas-perennes\/","title":{"rendered":"C\u00f3mo plantar y cuidar plantas perennes"},"content":{"rendered":"\n<p>Descubra con nuestras fichas pr\u00e1cticas <strong>c\u00f3mo plantar y cuidar plantas perennes<\/strong> y c\u00f3mo mantenerlas posteriormente.<\/p>\n\n\n\n<h2 class=\"wp-block-heading\" id=\"h-como-plantar-plantas-perennes\">C\u00f3mo plantar plantas perennes<\/h2>\n\n\n<div class=\"wp-block-image\">\n<figure class=\"alignright size-medium\"><a href=\"https:\/\/www.vallonchene.fr\/wp-content\/uploads\/2021\/08\/1259-3a0-EPIMEDIUM-Spine-Tingler-en-Avril.jpg\"><img decoding=\"async\" width=\"300\" height=\"300\" src=\"https:\/\/www.vallonchene.fr\/wp-content\/uploads\/2021\/08\/1259-3a0-EPIMEDIUM-Spine-Tingler-en-Avril-300x300.jpg\" alt=\"EPIMEDIUM 'Spine Tingler' en Avril\" class=\"wp-image-23589\" srcset=\"https:\/\/www.vallonchene.fr\/wp-content\/uploads\/2021\/08\/1259-3a0-EPIMEDIUM-Spine-Tingler-en-Avril-300x300.jpg 300w, https:\/\/www.vallonchene.fr\/wp-content\/uploads\/2021\/08\/1259-3a0-EPIMEDIUM-Spine-Tingler-en-Avril-324x324.jpg 324w, https:\/\/www.vallonchene.fr\/wp-content\/uploads\/2021\/08\/1259-3a0-EPIMEDIUM-Spine-Tingler-en-Avril-100x100.jpg 100w, https:\/\/www.vallonchene.fr\/wp-content\/uploads\/2021\/08\/1259-3a0-EPIMEDIUM-Spine-Tingler-en-Avril-416x416.jpg 416w, https:\/\/www.vallonchene.fr\/wp-content\/uploads\/2021\/08\/1259-3a0-EPIMEDIUM-Spine-Tingler-en-Avril-64x64.jpg 64w, https:\/\/www.vallonchene.fr\/wp-content\/uploads\/2021\/08\/1259-3a0-EPIMEDIUM-Spine-Tingler-en-Avril-1024x1024.jpg 1024w, https:\/\/www.vallonchene.fr\/wp-content\/uploads\/2021\/08\/1259-3a0-EPIMEDIUM-Spine-Tingler-en-Avril-150x150.jpg 150w, https:\/\/www.vallonchene.fr\/wp-content\/uploads\/2021\/08\/1259-3a0-EPIMEDIUM-Spine-Tingler-en-Avril-768x768.jpg 768w, https:\/\/www.vallonchene.fr\/wp-content\/uploads\/2021\/08\/1259-3a0-EPIMEDIUM-Spine-Tingler-en-Avril-1536x1536.jpg 1536w, https:\/\/www.vallonchene.fr\/wp-content\/uploads\/2021\/08\/1259-3a0-EPIMEDIUM-Spine-Tingler-en-Avril-1320x1320.jpg 1320w, https:\/\/www.vallonchene.fr\/wp-content\/uploads\/2021\/08\/1259-3a0-EPIMEDIUM-Spine-Tingler-en-Avril-32x32.jpg 32w, https:\/\/www.vallonchene.fr\/wp-content\/uploads\/2021\/08\/1259-3a0-EPIMEDIUM-Spine-Tingler-en-Avril.jpg 1600w\" sizes=\"(max-width: 300px) 100vw, 300px\" \/><\/a><figcaption class=\"wp-element-caption\">Flor del EPIMEDIUM<\/figcaption><\/figure>\n<\/div>\n\n\n<ol class=\"wp-block-list\">\n<li><strong>Prepare un buen agujero de plantaci\u00f3n<\/strong>: para las vivaces, se recomienda un agujero de 50 x 50 x 50 cm. A\u00f1ada un 30% de compost o tierra de hojas (disponible en Vallonch\u00eane\u00ae). Las plantas, al igual que usted, necesitan nutrirse, y el compost aportar\u00e1 materia org\u00e1nica. <strong>En ning\u00fan caso utilice tierra de brezo<\/strong>, ni siquiera para las plantas llamadas de brezo. Se seca demasiado en per\u00edodos de poca lluvia y es dif\u00edcil de humedecer nuevamente. Como resultado, sus plantas sufrir\u00e1n de falta de agua.<\/li>\n\n\n\n<li><strong>Al rellenar el agujero y plantar la planta, no cubra la ra\u00edz inicial de la planta con tierra o compost<\/strong>. Si cubre el cuello, el crecimiento de la planta puede ralentizarse considerablemente, detenerse o incluso la planta puede morir a largo plazo.<\/li>\n\n\n\n<li><strong>Riegue abundantemente al pie de la planta<\/strong> (al menos un riego de 12 litros).<\/li>\n\n\n\n<li><strong>Si dispone de mulch (mezcla de hojas y agujas de pino), cubra la superficie del agujero de plantaci\u00f3n con \u00e9l<\/strong> (evitando el cuello de la planta). Esto le permitir\u00e1 reducir el crecimiento de malas hierbas y conservar la humedad alrededor de la planta durante m\u00e1s tiempo. <strong>En ning\u00fan caso utilice el c\u00e9sped cortado.<\/strong> El \u00abcompost\u00bb a base de c\u00e9sped cortado debe evitarse absolutamente.<\/li>\n<\/ol>\n\n\n\n<h2 class=\"wp-block-heading\" id=\"h-como-cuidar-plantas-perennes\">C\u00f3mo cuidar plantas perennes<\/h2>\n\n\n\n<p>Si ha seguido correctamente las instrucciones de plantaci\u00f3n anteriores, el mantenimiento de sus plantas ser\u00e1 mucho m\u00e1s f\u00e1cil (tanto en cuanto al riego como al deshierbe).<\/p>\n\n\n\n<ol class=\"wp-block-list\">\n<li><strong>Mantenga una buena humedad para su planta durante al menos doce meses, especialmente durante los per\u00edodos secos. \u00a1ATENCI\u00d3N!<\/strong> Es muy com\u00fan creer err\u00f3neamente que la lluvia proporciona suficiente agua a las plantas reci\u00e9n plantadas. \u00a1Esto es falso! Si desea tener \u00e9xito en su jard\u00edn y asegurar un buen riego para sus plantas, adquiera un pluvi\u00f3metro sencillo (un recipiente est\u00e1ndar en un palo). Es la \u00fanica manera de controlar la humedad en el jard\u00edn. El pluvi\u00f3metro es tan importante como la pala o la azada. La observaci\u00f3n de la humedad adecuada es a\u00fan m\u00e1s crucial en las plantas perennes que en las caducas. De hecho, las perennes suelen mostrar falta de agua mediante el amarillamiento o la ca\u00edda de las hojas cuando ya es demasiado tarde.<\/li>\n\n\n\n<li><strong>Si no ha cubierto el \u00e1rea de plantaci\u00f3n con mulch, rompa regularmente la costra superficial que se desarrolla con el tiempo<\/strong>. Esto permitir\u00e1 que el agua de riego y de lluvia penetre mejor en el suelo y llegue a las ra\u00edces de manera m\u00e1s eficiente.<\/li>\n\n\n\n<li><strong>Elimine las malas hierbas de sus parterres<\/strong>, ya que son el principal enemigo de las vivaces. No solo ocultan las vivaces, sino que pueden dominarlas o incluso sofocarlas.<\/li>\n\n\n\n<li><strong>Elimine las flores marchitas<\/strong>. Estas agotan las plantas con la producci\u00f3n de semillas. Su planta ser\u00e1 a\u00fan m\u00e1s fuerte y hermosa el a\u00f1o siguiente.<\/li>\n\n\n\n<li><strong>Limpie sus vivaces continuamente<\/strong>: elimine las hojas, ramas o tallos florales muertos para dejar espacio a los nuevos brotes.<\/li>\n\n\n\n<li><strong>Corte las vivaces caducas al final de la temporada<\/strong> (las gram\u00edneas a finales del invierno).<\/li>\n\n\n\n<li><strong>Para el invierno, coloque un palo en el lugar de sus vivaces caducas<\/strong> para no olvidarlas.<\/li>\n<\/ol>\n\n\n\n<p>Si usted no encuentra la respuesta a sus preguntas sobre una planta que haya comprado en Vallonch\u00eane, estaremos encantados de ayudarle. En ese caso, <a href=\"https:\/\/www.vallonchene.fr\/contact\/\"><strong>env\u00edenos un mensaje<\/strong><\/a>.<\/p>\n\n\n\n<h2 class=\"wp-block-heading\" id=\"block-131005a0-26fa-4efd-bbd4-db126a9b5796\">\u00a1Suscr\u00edbase a nuestra newsletter gratuita!<\/h2>\n\n\n\n<p id=\"block-8224cbb0-e145-4e1c-b276-f9d8df46a089\">Suscr\u00edbase a nuestra newsletter gratuita y reciba autom\u00e1ticamente nuestras nuevas publicaciones sobre plantas y jardiner\u00eda en general. Si ya no desea recibirla, puede darse de baja con un simple clic.<\/p>\n\n\n<div class='fluentform ff-default fluentform_wrapper_18 ffs_default_wrap'><form data-form_id=\"18\" id=\"fluentform_18\" class=\"frm-fluent-form fluent_form_18 ff-el-form-top ff_form_instance_18_1 ff-form-loading ffs_default\" data-form_instance=\"ff_form_instance_18_1\" method=\"POST\" ><fieldset  style=\"border: none!important;margin: 0!important;padding: 0!important;background-color: transparent!important;box-shadow: none!important;outline: none!important; min-inline-size: 100%;\">\n                    <legend class=\"ff_screen_reader_title\" style=\"display: block; margin: 0!important;padding: 0!important;height: 0!important;text-indent: -999999px;width: 0!important;overflow:hidden;\">Souscription G\u00e9n\u00e9rale ES sans OPT-IN<\/legend>        <div\n                style=\"display: none!important; position: absolute!important; transform: translateX(1000%)!important;\"\n                class=\"ff-el-group ff-hpsf-container\"\n        >\n            <div class=\"ff-el-input--label asterisk-right\">\n                <label for=\"ff_18_item_sf\" aria-label=\"Contact\">\n                    Contact                <\/label>\n            <\/div>\n            <div class=\"ff-el-input--content\">\n                <input type=\"text\"\n                       name=\"item_18__fluent_sf\"\n                       class=\"ff-el-form-control\"\n                       id=\"ff_18_item_sf\"\n                \/>\n            <\/div>\n        <\/div>\n        <input type='hidden' name='__fluent_form_embded_post_id' value='50919' \/><input type=\"hidden\" id=\"_fluentform_18_fluentformnonce\" name=\"_fluentform_18_fluentformnonce\" value=\"994beef6d7\" \/><input type=\"hidden\" name=\"_wp_http_referer\" value=\"\/es\/wp-json\/wp\/v2\/pages\/50919\" \/><div data-type=\"name-element\" data-name=\"names\" class=\" ff-field_container ff-name-field-wrapper\" ><div class='ff-t-container'><div class='ff-t-cell '><div class='ff-el-group'><div class=\"ff-el-input--label ff-el-is-required asterisk-right\"><label for='ff_18_names_first_name_' id='label_ff_18_names_first_name_' >Nombre<\/label><\/div><div class='ff-el-input--content'><input type=\"text\" name=\"names[first_name]\" id=\"ff_18_names_first_name_\" class=\"ff-el-form-control\" aria-invalid=\"false\" aria-required=true><\/div><\/div><\/div><div class='ff-t-cell '><div class='ff-el-group'><div class=\"ff-el-input--label ff-el-is-required asterisk-right\"><label for='ff_18_names_last_name_' id='label_ff_18_names_last_name_' >Apellito<\/label><\/div><div class='ff-el-input--content'><input type=\"text\" name=\"names[last_name]\" id=\"ff_18_names_last_name_\" class=\"ff-el-form-control\" aria-invalid=\"false\" aria-required=true><\/div><\/div><\/div><\/div><\/div><div class='ff-el-group'><div class=\"ff-el-input--label ff-el-is-required asterisk-right\"><label for='ff_18_email' id='label_ff_18_email' aria-label=\"Email\">Email<\/label><\/div><div class='ff-el-input--content'><input type=\"email\" name=\"email\" id=\"ff_18_email\" class=\"ff-el-form-control\" data-name=\"email\"  aria-invalid=\"false\" aria-required=true><\/div><\/div><div class='ff-el-group    ff-el-input--content'><div class='ff-el-form-check ff-el-tc'><label aria-label='Consiento que este sitio web guarde mis datos para gestionar mi suscripci\u00f3n de acuerdo con su pol\u00edtica de privacidad.\nPuedo darme de baja en cualquier momento utilizando el enlace que aparece al final de cada correo electr\u00f3nico.' class='ff-el-form-check-label ff_tc_label' for=gdpr-agreement_8954ef786717a4a96aa3465d69609980><span class='ff_tc_checkbox'><input type=\"checkbox\" name=\"gdpr-agreement\" class=\"ff-el-form-check-input ff_gdpr_field\" data-name=\"gdpr-agreement\" id=\"gdpr-agreement_8954ef786717a4a96aa3465d69609980\"  value='on' aria-invalid='false' aria-required=true><\/span> <div class='ff_t_c'>Consiento que este sitio web guarde mis datos para gestionar mi suscripci\u00f3n de acuerdo con su pol\u00edtica de privacidad.\nPuedo darme de baja en cualquier momento utilizando el enlace que aparece al final de cada correo electr\u00f3nico.<\/div><\/label><\/div><\/div><div class='ff-el-group ff-text-left ff_submit_btn_wrapper'><button type=\"submit\" class=\"ff-btn ff-btn-submit ff-btn-md ff_btn_style\"  aria-label=\"Suscribirse gratuitamente\">Suscribirse gratuitamente<\/button><\/div>\t\t<div id=\"cf-turnstile-fluent-4279869363\"\r\n\t\tclass=\"cf-turnstile\" \t\tdata-sitekey=\"0x4AAAAAAAEQmtNTo7HKVVoq\"\r\n\t\tdata-theme=\"light\"\r\n\t\tdata-language=\"auto\"\r\n\t\tdata-size=\"normal\"\r\n\t\tdata-retry=\"auto\" data-retry-interval=\"1000\"\r\n\t\tdata-refresh-expired=\"auto\"\r\n\t\tdata-refresh-timeout=\"auto\"\r\n\t\tdata-action=\"fluent-form-18\"\r\n\t\tdata-callback=\"turnstileFluentCallback\"\r\n\t\t\t\tdata-appearance=\"always\"><\/div>\r\n\t\t\t<script>document.addEventListener(\"DOMContentLoaded\", function() { setTimeout(function(){ var e=document.getElementById(\"cf-turnstile-fluent-4279869363\"); if(e&&!e.innerHTML.trim()){turnstile.render(e, {sitekey:\"0x4AAAAAAAEQmtNTo7HKVVoq\"});} }, 200); });<\/script>\r\n\t\t\t<br class=\"cf-turnstile-br cf-turnstile-br-fluent-4279869363\">\r\n\t\t\t\t<style>#cf-turnstile-fluent-4279869363 { margin-left: -15px; }<\/style>\r\n\t\t<\/fieldset><\/form><div id='fluentform_18_errors' class='ff-errors-in-stack ff_form_instance_18_1 ff-form-loading_errors ff_form_instance_18_1_errors'><\/div><\/div>            <script type=\"text\/javascript\">\n                window.fluent_form_ff_form_instance_18_1 = {\"id\":\"18\",\"ajaxUrl\":\"https:\\\/\\\/www.vallonchene.fr\\\/wp-admin\\\/admin-ajax.php\",\"settings\":{\"layout\":{\"labelPlacement\":\"top\",\"helpMessagePlacement\":\"with_label\",\"errorMessagePlacement\":\"inline\"},\"restrictions\":{\"denyEmptySubmission\":{\"enabled\":false}}},\"form_instance\":\"ff_form_instance_18_1\",\"form_id_selector\":\"fluentform_18\",\"rules\":{\"names[first_name]\":{\"required\":{\"value\":true,\"message\":\"Este campo es obligatorio\",\"global\":false,\"global_message\":\"Ce champ est requis\"}},\"names[middle_name]\":{\"required\":{\"value\":false,\"message\":\"This field is required\",\"global\":false,\"global_message\":\"Ce champ est requis\"}},\"names[last_name]\":{\"required\":{\"value\":true,\"message\":\"Este campo es obligatorio\",\"global\":false,\"global_message\":\"Ce champ est requis\"}},\"email\":{\"required\":{\"value\":true,\"message\":\"Dieses Feld ist erforderlich\",\"global\":false,\"global_message\":\"Ce champ est requis\"},\"email\":{\"value\":true,\"message\":\"Bitte geben Sie eine g\\u00fcltige Email-Adresse ein\",\"global\":false,\"global_message\":\"Ce champ doit contenir un e-mail valide\"}},\"gdpr-agreement\":{\"required\":{\"value\":true,\"message\":\"Dieses K\\u00e4stchen ist erforderlich\",\"global\":false,\"global_message\":\"Ce champ est requis\"}}},\"debounce_time\":300};\n                            <\/script>\n            \n","protected":false},"excerpt":{"rendered":"<p>Descubra con nuestras fichas pr\u00e1cticas c\u00f3mo plantar y cuidar plantas perennes y c\u00f3mo mantenerlas posteriormente. C\u00f3mo plantar plantas perennes C\u00f3mo cuidar plantas perennes Si ha seguido correctamente las instrucciones de plantaci\u00f3n anteriores, el mantenimiento de sus plantas ser\u00e1 mucho m\u00e1s f\u00e1cil (tanto en cuanto al riego como al deshierbe). Si usted no encuentra la respuesta [&hellip;]<\/p>\n","protected":false},"author":1,"featured_media":0,"parent":50457,"menu_order":0,"comment_status":"closed","ping_status":"closed","template":"","meta":{"footnotes":""},"class_list":["post-50919","page","type-page","status-publish","hentry"],"yoast_head":"<!-- This site is optimized with the Yoast SEO Premium plugin v27.5 (Yoast SEO v27.5) - https:\/\/yoast.com\/product\/yoast-seo-premium-wordpress\/ -->\n<title>C\u00f3mo plantar y cuidar plantas perennes - Vallonch\u00eane<\/title>\n<meta name=\"robots\" content=\"index, follow, max-snippet:-1, max-image-preview:large, max-video-preview:-1\" \/>\n<link rel=\"canonical\" href=\"https:\/\/www.vallonchene.fr\/es\/como-plantar-y-mantener-plantas\/como-plantar-y-cuidar-plantas-perennes\/\" \/>\n<meta property=\"og:locale\" content=\"es_ES\" \/>\n<meta property=\"og:type\" content=\"article\" \/>\n<meta property=\"og:title\" content=\"C\u00f3mo plantar y cuidar plantas perennes\" \/>\n<meta property=\"og:description\" content=\"Descubra con nuestras fichas pr\u00e1cticas c\u00f3mo plantar y cuidar plantas perennes y c\u00f3mo mantenerlas posteriormente. C\u00f3mo plantar plantas perennes C\u00f3mo cuidar plantas perennes Si ha seguido correctamente las instrucciones de plantaci\u00f3n anteriores, el mantenimiento de sus plantas ser\u00e1 mucho m\u00e1s f\u00e1cil (tanto en cuanto al riego como al deshierbe). Si usted no encuentra la respuesta [&hellip;]\" \/>\n<meta property=\"og:url\" content=\"https:\/\/www.vallonchene.fr\/es\/como-plantar-y-mantener-plantas\/como-plantar-y-cuidar-plantas-perennes\/\" \/>\n<meta property=\"og:site_name\" content=\"Vallonch\u00eane\" \/>\n<meta property=\"article:publisher\" content=\"https:\/\/www.facebook.com\/vallonchene.fr\" \/>\n<meta property=\"article:modified_time\" content=\"2024-12-12T15:29:08+00:00\" \/>\n<meta property=\"og:image\" content=\"https:\/\/www.vallonchene.fr\/wp-content\/uploads\/2021\/08\/1259-3a0-EPIMEDIUM-Spine-Tingler-en-Avril.jpg\" \/>\n\t<meta property=\"og:image:width\" content=\"1600\" \/>\n\t<meta property=\"og:image:height\" content=\"1600\" \/>\n\t<meta property=\"og:image:type\" content=\"image\/jpeg\" \/>\n<meta name=\"twitter:card\" content=\"summary_large_image\" \/>\n<meta name=\"twitter:label1\" content=\"Tiempo de lectura\" \/>\n\t<meta name=\"twitter:data1\" content=\"3 minutos\" \/>\n<script type=\"application\/ld+json\" class=\"yoast-schema-graph\">{\"@context\":\"https:\\\/\\\/schema.org\",\"@graph\":[{\"@type\":\"WebPage\",\"@id\":\"https:\\\/\\\/www.vallonchene.fr\\\/es\\\/como-plantar-y-mantener-plantas\\\/como-plantar-y-cuidar-plantas-perennes\\\/\",\"url\":\"https:\\\/\\\/www.vallonchene.fr\\\/es\\\/como-plantar-y-mantener-plantas\\\/como-plantar-y-cuidar-plantas-perennes\\\/\",\"name\":\"C\u00f3mo plantar y cuidar plantas perennes - Vallonch\u00eane\",\"isPartOf\":{\"@id\":\"https:\\\/\\\/www.vallonchene.fr\\\/es\\\/#website\"},\"primaryImageOfPage\":{\"@id\":\"https:\\\/\\\/www.vallonchene.fr\\\/es\\\/como-plantar-y-mantener-plantas\\\/como-plantar-y-cuidar-plantas-perennes\\\/#primaryimage\"},\"image\":{\"@id\":\"https:\\\/\\\/www.vallonchene.fr\\\/es\\\/como-plantar-y-mantener-plantas\\\/como-plantar-y-cuidar-plantas-perennes\\\/#primaryimage\"},\"thumbnailUrl\":\"https:\\\/\\\/www.vallonchene.fr\\\/wp-content\\\/uploads\\\/2021\\\/08\\\/1259-3a0-EPIMEDIUM-Spine-Tingler-en-Avril-300x300.jpg\",\"datePublished\":\"2023-04-10T08:33:13+00:00\",\"dateModified\":\"2024-12-12T15:29:08+00:00\",\"breadcrumb\":{\"@id\":\"https:\\\/\\\/www.vallonchene.fr\\\/es\\\/como-plantar-y-mantener-plantas\\\/como-plantar-y-cuidar-plantas-perennes\\\/#breadcrumb\"},\"inLanguage\":\"es\",\"potentialAction\":[{\"@type\":\"ReadAction\",\"target\":[\"https:\\\/\\\/www.vallonchene.fr\\\/es\\\/como-plantar-y-mantener-plantas\\\/como-plantar-y-cuidar-plantas-perennes\\\/\"]}]},{\"@type\":\"ImageObject\",\"inLanguage\":\"es\",\"@id\":\"https:\\\/\\\/www.vallonchene.fr\\\/es\\\/como-plantar-y-mantener-plantas\\\/como-plantar-y-cuidar-plantas-perennes\\\/#primaryimage\",\"url\":\"https:\\\/\\\/www.vallonchene.fr\\\/wp-content\\\/uploads\\\/2021\\\/08\\\/1259-3a0-EPIMEDIUM-Spine-Tingler-en-Avril-300x300.jpg\",\"contentUrl\":\"https:\\\/\\\/www.vallonchene.fr\\\/wp-content\\\/uploads\\\/2021\\\/08\\\/1259-3a0-EPIMEDIUM-Spine-Tingler-en-Avril-300x300.jpg\"},{\"@type\":\"BreadcrumbList\",\"@id\":\"https:\\\/\\\/www.vallonchene.fr\\\/es\\\/como-plantar-y-mantener-plantas\\\/como-plantar-y-cuidar-plantas-perennes\\\/#breadcrumb\",\"itemListElement\":[{\"@type\":\"ListItem\",\"position\":1,\"name\":\"Home\",\"item\":\"https:\\\/\\\/www.vallonchene.fr\\\/es\\\/\"},{\"@type\":\"ListItem\",\"position\":2,\"name\":\"C\u00f3mo plantar y mantener plantas\",\"item\":\"https:\\\/\\\/www.vallonchene.fr\\\/es\\\/como-plantar-y-mantener-plantas\\\/\"},{\"@type\":\"ListItem\",\"position\":3,\"name\":\"C\u00f3mo plantar y cuidar plantas perennes\"}]},{\"@type\":\"WebSite\",\"@id\":\"https:\\\/\\\/www.vallonchene.fr\\\/es\\\/#website\",\"url\":\"https:\\\/\\\/www.vallonchene.fr\\\/es\\\/\",\"name\":\"Vallonch\u00eane\",\"description\":\"El vivero donde la calidad tiene sus ra\u00edces \u2013 Tel.: +33 (0)2.35.90.02.02\",\"publisher\":{\"@id\":\"https:\\\/\\\/www.vallonchene.fr\\\/es\\\/#organization\"},\"potentialAction\":[{\"@type\":\"SearchAction\",\"target\":{\"@type\":\"EntryPoint\",\"urlTemplate\":\"https:\\\/\\\/www.vallonchene.fr\\\/es\\\/?s={search_term_string}\"},\"query-input\":{\"@type\":\"PropertyValueSpecification\",\"valueRequired\":true,\"valueName\":\"search_term_string\"}}],\"inLanguage\":\"es\"},{\"@type\":\"Organization\",\"@id\":\"https:\\\/\\\/www.vallonchene.fr\\\/es\\\/#organization\",\"name\":\"VALLONCHENE\",\"url\":\"https:\\\/\\\/www.vallonchene.fr\\\/es\\\/\",\"logo\":{\"@type\":\"ImageObject\",\"inLanguage\":\"es\",\"@id\":\"https:\\\/\\\/www.vallonchene.fr\\\/es\\\/#\\\/schema\\\/logo\\\/image\\\/\",\"url\":\"https:\\\/\\\/www.vallonchene.fr\\\/wp-content\\\/uploads\\\/2023\\\/03\\\/Logo-Vallonchene-site-et-R_hauteur_100.png\",\"contentUrl\":\"https:\\\/\\\/www.vallonchene.fr\\\/wp-content\\\/uploads\\\/2023\\\/03\\\/Logo-Vallonchene-site-et-R_hauteur_100.png\",\"width\":221,\"height\":100,\"caption\":\"VALLONCHENE\"},\"image\":{\"@id\":\"https:\\\/\\\/www.vallonchene.fr\\\/es\\\/#\\\/schema\\\/logo\\\/image\\\/\"},\"sameAs\":[\"https:\\\/\\\/www.facebook.com\\\/vallonchene.fr\",\"https:\\\/\\\/www.instagram.com\\\/vallonchene\\\/\",\"https:\\\/\\\/www.pinterest.fr\\\/vallonchene\\\/\"],\"taxID\":\"49454502300017\",\"hasMerchantReturnPolicy\":{\"@type\":\"MerchantReturnPolicy\",\"merchantReturnLink\":\"https:\\\/\\\/www.vallonchene.fr\\\/remboursements_retours\\\/\"}}]}<\/script>\n<!-- \/ Yoast SEO Premium plugin. -->","yoast_head_json":{"title":"C\u00f3mo plantar y cuidar plantas perennes - Vallonch\u00eane","robots":{"index":"index","follow":"follow","max-snippet":"max-snippet:-1","max-image-preview":"max-image-preview:large","max-video-preview":"max-video-preview:-1"},"canonical":"https:\/\/www.vallonchene.fr\/es\/como-plantar-y-mantener-plantas\/como-plantar-y-cuidar-plantas-perennes\/","og_locale":"es_ES","og_type":"article","og_title":"C\u00f3mo plantar y cuidar plantas perennes","og_description":"Descubra con nuestras fichas pr\u00e1cticas c\u00f3mo plantar y cuidar plantas perennes y c\u00f3mo mantenerlas posteriormente. C\u00f3mo plantar plantas perennes C\u00f3mo cuidar plantas perennes Si ha seguido correctamente las instrucciones de plantaci\u00f3n anteriores, el mantenimiento de sus plantas ser\u00e1 mucho m\u00e1s f\u00e1cil (tanto en cuanto al riego como al deshierbe). Si usted no encuentra la respuesta [&hellip;]","og_url":"https:\/\/www.vallonchene.fr\/es\/como-plantar-y-mantener-plantas\/como-plantar-y-cuidar-plantas-perennes\/","og_site_name":"Vallonch\u00eane","article_publisher":"https:\/\/www.facebook.com\/vallonchene.fr","article_modified_time":"2024-12-12T15:29:08+00:00","og_image":[{"width":1600,"height":1600,"url":"https:\/\/www.vallonchene.fr\/wp-content\/uploads\/2021\/08\/1259-3a0-EPIMEDIUM-Spine-Tingler-en-Avril.jpg","type":"image\/jpeg"}],"twitter_card":"summary_large_image","twitter_misc":{"Tiempo de lectura":"3 minutos"},"schema":{"@context":"https:\/\/schema.org","@graph":[{"@type":"WebPage","@id":"https:\/\/www.vallonchene.fr\/es\/como-plantar-y-mantener-plantas\/como-plantar-y-cuidar-plantas-perennes\/","url":"https:\/\/www.vallonchene.fr\/es\/como-plantar-y-mantener-plantas\/como-plantar-y-cuidar-plantas-perennes\/","name":"C\u00f3mo plantar y cuidar plantas perennes - Vallonch\u00eane","isPartOf":{"@id":"https:\/\/www.vallonchene.fr\/es\/#website"},"primaryImageOfPage":{"@id":"https:\/\/www.vallonchene.fr\/es\/como-plantar-y-mantener-plantas\/como-plantar-y-cuidar-plantas-perennes\/#primaryimage"},"image":{"@id":"https:\/\/www.vallonchene.fr\/es\/como-plantar-y-mantener-plantas\/como-plantar-y-cuidar-plantas-perennes\/#primaryimage"},"thumbnailUrl":"https:\/\/www.vallonchene.fr\/wp-content\/uploads\/2021\/08\/1259-3a0-EPIMEDIUM-Spine-Tingler-en-Avril-300x300.jpg","datePublished":"2023-04-10T08:33:13+00:00","dateModified":"2024-12-12T15:29:08+00:00","breadcrumb":{"@id":"https:\/\/www.vallonchene.fr\/es\/como-plantar-y-mantener-plantas\/como-plantar-y-cuidar-plantas-perennes\/#breadcrumb"},"inLanguage":"es","potentialAction":[{"@type":"ReadAction","target":["https:\/\/www.vallonchene.fr\/es\/como-plantar-y-mantener-plantas\/como-plantar-y-cuidar-plantas-perennes\/"]}]},{"@type":"ImageObject","inLanguage":"es","@id":"https:\/\/www.vallonchene.fr\/es\/como-plantar-y-mantener-plantas\/como-plantar-y-cuidar-plantas-perennes\/#primaryimage","url":"https:\/\/www.vallonchene.fr\/wp-content\/uploads\/2021\/08\/1259-3a0-EPIMEDIUM-Spine-Tingler-en-Avril-300x300.jpg","contentUrl":"https:\/\/www.vallonchene.fr\/wp-content\/uploads\/2021\/08\/1259-3a0-EPIMEDIUM-Spine-Tingler-en-Avril-300x300.jpg"},{"@type":"BreadcrumbList","@id":"https:\/\/www.vallonchene.fr\/es\/como-plantar-y-mantener-plantas\/como-plantar-y-cuidar-plantas-perennes\/#breadcrumb","itemListElement":[{"@type":"ListItem","position":1,"name":"Home","item":"https:\/\/www.vallonchene.fr\/es\/"},{"@type":"ListItem","position":2,"name":"C\u00f3mo plantar y mantener plantas","item":"https:\/\/www.vallonchene.fr\/es\/como-plantar-y-mantener-plantas\/"},{"@type":"ListItem","position":3,"name":"C\u00f3mo plantar y cuidar plantas perennes"}]},{"@type":"WebSite","@id":"https:\/\/www.vallonchene.fr\/es\/#website","url":"https:\/\/www.vallonchene.fr\/es\/","name":"Vallonch\u00eane","description":"El vivero donde la calidad tiene sus ra\u00edces \u2013 Tel.: +33 (0)2.35.90.02.02","publisher":{"@id":"https:\/\/www.vallonchene.fr\/es\/#organization"},"potentialAction":[{"@type":"SearchAction","target":{"@type":"EntryPoint","urlTemplate":"https:\/\/www.vallonchene.fr\/es\/?s={search_term_string}"},"query-input":{"@type":"PropertyValueSpecification","valueRequired":true,"valueName":"search_term_string"}}],"inLanguage":"es"},{"@type":"Organization","@id":"https:\/\/www.vallonchene.fr\/es\/#organization","name":"VALLONCHENE","url":"https:\/\/www.vallonchene.fr\/es\/","logo":{"@type":"ImageObject","inLanguage":"es","@id":"https:\/\/www.vallonchene.fr\/es\/#\/schema\/logo\/image\/","url":"https:\/\/www.vallonchene.fr\/wp-content\/uploads\/2023\/03\/Logo-Vallonchene-site-et-R_hauteur_100.png","contentUrl":"https:\/\/www.vallonchene.fr\/wp-content\/uploads\/2023\/03\/Logo-Vallonchene-site-et-R_hauteur_100.png","width":221,"height":100,"caption":"VALLONCHENE"},"image":{"@id":"https:\/\/www.vallonchene.fr\/es\/#\/schema\/logo\/image\/"},"sameAs":["https:\/\/www.facebook.com\/vallonchene.fr","https:\/\/www.instagram.com\/vallonchene\/","https:\/\/www.pinterest.fr\/vallonchene\/"],"taxID":"49454502300017","hasMerchantReturnPolicy":{"@type":"MerchantReturnPolicy","merchantReturnLink":"https:\/\/www.vallonchene.fr\/remboursements_retours\/"}}]}},"_links":{"self":[{"href":"https:\/\/www.vallonchene.fr\/es\/wp-json\/wp\/v2\/pages\/50919","targetHints":{"allow":["GET"]}}],"collection":[{"href":"https:\/\/www.vallonchene.fr\/es\/wp-json\/wp\/v2\/pages"}],"about":[{"href":"https:\/\/www.vallonchene.fr\/es\/wp-json\/wp\/v2\/types\/page"}],"author":[{"embeddable":true,"href":"https:\/\/www.vallonchene.fr\/es\/wp-json\/wp\/v2\/users\/1"}],"replies":[{"embeddable":true,"href":"https:\/\/www.vallonchene.fr\/es\/wp-json\/wp\/v2\/comments?post=50919"}],"version-history":[{"count":0,"href":"https:\/\/www.vallonchene.fr\/es\/wp-json\/wp\/v2\/pages\/50919\/revisions"}],"up":[{"embeddable":true,"href":"https:\/\/www.vallonchene.fr\/es\/wp-json\/wp\/v2\/pages\/50457"}],"wp:attachment":[{"href":"https:\/\/www.vallonchene.fr\/es\/wp-json\/wp\/v2\/media?parent=50919"}],"curies":[{"name":"wp","href":"https:\/\/api.w.org\/{rel}","templated":true}]}}