{"id":50912,"date":"2023-04-10T08:55:18","date_gmt":"2023-04-10T07:55:18","guid":{"rendered":"https:\/\/www.vallonchene.fr\/?page_id=50912"},"modified":"2024-12-12T16:28:40","modified_gmt":"2024-12-12T15:28:40","slug":"como-plantar-y-cuidar-los-eleboros","status":"publish","type":"page","link":"https:\/\/www.vallonchene.fr\/es\/como-plantar-y-mantener-plantas\/como-plantar-y-cuidar-los-eleboros\/","title":{"rendered":"C\u00f3mo plantar y cuidar los el\u00e9boros"},"content":{"rendered":"\n<p>Descubra con esta ficha pr\u00e1ctica c\u00f3mo plantar y cuidar los helleboros (el\u00e9boros).<\/p>\n\n\n\n<h2 class=\"wp-block-heading\" id=\"h-plantacion-de-los-eleboros\">PLANTACI\u00d3N DE LOS EL\u00c9BOROS<\/h2>\n\n\n<div class=\"wp-block-image\">\n<figure class=\"alignright size-full\"><a href=\"https:\/\/www.vallonchene.fr\/wp-content\/uploads\/2021\/09\/dessin-plantation-hellebore-200x-691-Schema-de-plantation-dun-hellebore.png\"><img decoding=\"async\" width=\"200\" height=\"169\" src=\"https:\/\/www.vallonchene.fr\/wp-content\/uploads\/2021\/09\/dessin-plantation-hellebore-200x-691-Schema-de-plantation-dun-hellebore.png\" alt=\"Sch\u00e9ma de plantation d'un hell\u00e9bore\" class=\"wp-image-121\" srcset=\"https:\/\/www.vallonchene.fr\/wp-content\/uploads\/2021\/09\/dessin-plantation-hellebore-200x-691-Schema-de-plantation-dun-hellebore.png 200w, https:\/\/www.vallonchene.fr\/wp-content\/uploads\/2021\/09\/dessin-plantation-hellebore-200x-691-Schema-de-plantation-dun-hellebore-64x54.png 64w\" sizes=\"(max-width: 200px) 100vw, 200px\" \/><\/a><figcaption class=\"wp-element-caption\">Esquema de plantaci\u00f3n de un el\u00e9boro<\/figcaption><\/figure>\n<\/div>\n\n\n<ol class=\"wp-block-list\">\n<li><strong>Elija un lugar donde el agua no se estanque<\/strong> (ni en invierno ni en verano). Los el\u00e9boros son plantas extremadamente resistentes, pero no soportan tener los pies mojados, pues tienden a pudrirse.<\/li>\n\n\n\n<li><strong>Plante el el\u00e9boro aproximadamente 5 cm por encima del nivel del suelo inicial<\/strong> (despu\u00e9s de haber retirado la maceta, por supuesto). No coloque tierra ni composto por encima del cepell\u00f3n inicial de la planta (vea el esquema). Si cubre el cuello, el crecimiento de la planta puede ralentizarse considerablemente, detenerse, la planta no florecer\u00e1 o incluso puede morir.<\/li>\n\n\n\n<li><strong><strong>Sea cuidadoso con el uso de mantillo<\/strong> (mezcla de hojas y agujas de pino) al pie de los el\u00e9boros, ya que favorece la pudrici\u00f3n de la planta en la base.<\/strong><\/li>\n<\/ol>\n\n\n\n<h2 class=\"wp-block-heading\" id=\"h-cuidado-de-los-eleboros\">CUIDADO DE LOS EL\u00c9BOROS<\/h2>\n\n\n\n<p>Si ha seguido correctamente las instrucciones de plantaci\u00f3n anteriores, el mantenimiento de sus plantas ser\u00e1 mucho m\u00e1s f\u00e1cil.<\/p>\n\n\n<div class=\"wp-block-image\">\n<figure class=\"alignright size-full\"><a href=\"https:\/\/www.vallonchene.fr\/wp-content\/uploads\/2021\/09\/helleborus-fane-200x-e24-Fleur-fanee-dhellebore.jpg\"><img decoding=\"async\" width=\"200\" height=\"200\" src=\"https:\/\/www.vallonchene.fr\/wp-content\/uploads\/2021\/09\/helleborus-fane-200x-e24-Fleur-fanee-dhellebore.jpg\" alt=\"Fleur fan\u00e9e d'hell\u00e9bore\" class=\"wp-image-124\" srcset=\"https:\/\/www.vallonchene.fr\/wp-content\/uploads\/2021\/09\/helleborus-fane-200x-e24-Fleur-fanee-dhellebore.jpg 200w, https:\/\/www.vallonchene.fr\/wp-content\/uploads\/2021\/09\/helleborus-fane-200x-e24-Fleur-fanee-dhellebore-100x100.jpg 100w, https:\/\/www.vallonchene.fr\/wp-content\/uploads\/2021\/09\/helleborus-fane-200x-e24-Fleur-fanee-dhellebore-64x64.jpg 64w, https:\/\/www.vallonchene.fr\/wp-content\/uploads\/2021\/09\/helleborus-fane-200x-e24-Fleur-fanee-dhellebore-150x150.jpg 150w, https:\/\/www.vallonchene.fr\/wp-content\/uploads\/2021\/09\/helleborus-fane-200x-e24-Fleur-fanee-dhellebore-32x32.jpg 32w\" sizes=\"(max-width: 200px) 100vw, 200px\" \/><\/a><figcaption class=\"wp-element-caption\">Fleur fan\u00e9e d&#8217;un hell\u00e9bore avec les poches de graines au milieu<\/figcaption><\/figure>\n<\/div>\n\n\n<ol class=\"wp-block-list\">\n<li><strong><strong>Preste atenci\u00f3n a los excesos de riego y humedad en los el\u00e9boros.<\/strong><\/strong><\/li>\n\n\n\n<li><strong>Si observa la aparici\u00f3n de pudrici\u00f3n en la base de la planta o manchas negras en las hojas, trate la base y las hojas con caldo bordel\u00e9s<\/strong> (utilizado en agricultura ecol\u00f3gica). Este tratamiento es preventivo y curativo.<\/li>\n\n\n\n<li><strong>Elimine las flores marchitas.<\/strong> Estas agotan a la planta con la producci\u00f3n de semillas. Su el\u00e9boro ser\u00e1 mucho m\u00e1s fuerte y hermoso al a\u00f1o siguiente. Como puede ser dif\u00edcil reconocer una flor marchita de el\u00e9boro, le incluimos una foto donde la planta ya ha comenzado a producir semillas. Esta flor debe ser eliminada absolutamente los primeros a\u00f1os, aunque todav\u00eda sea magn\u00edfica.<\/li>\n\n\n\n<li><strong>NO ELIMINE las hojas a principios de invierno, antes de la floraci\u00f3n<\/strong>, como se puede aconsejar en algunos libros o viveros. Las hojas son una parte esencial de la morfolog\u00eda de la planta y son vitales para ella. Su planta de el\u00e9boro se desarrollar\u00e1 mucho mejor conservando las hojas. Elimine solo las que se hayan vuelto negras.<\/li>\n\n\n\n<li><strong>Deshierbe sus parterres<\/strong>, ya que las malas hierbas son los principales enemigos de las plantas perennes. No solo ocultan las plantas perennes, sino que pueden dominarlas e incluso sofocarlas.<\/li>\n\n\n\n<li><strong>Limpie regularmente sus hel\u00e9boros:<\/strong> elimine las hojas da\u00f1adas y los tallos florales muertos para dejar espacio a los nuevos.<\/li>\n<\/ol>\n\n\n\n<p>Si usted no encuentra la respuesta a sus preguntas sobre una planta que haya comprado en Vallonch\u00eane, estaremos encantados de ayudarle. En ese caso, <a href=\"https:\/\/www.vallonchene.fr\/contact\/\"><strong>env\u00edenos un mensaje<\/strong><\/a>.<\/p>\n\n\n\n<h2 class=\"wp-block-heading\" id=\"block-131005a0-26fa-4efd-bbd4-db126a9b5796\">\u00a1Suscr\u00edbase a nuestra newsletter gratuita!<\/h2>\n\n\n\n<p id=\"block-8224cbb0-e145-4e1c-b276-f9d8df46a089\">Suscr\u00edbase a nuestra newsletter gratuita y reciba autom\u00e1ticamente nuestras nuevas publicaciones sobre plantas y jardiner\u00eda en general. Si ya no desea recibirla, puede darse de baja con un simple clic.<\/p>\n\n\n<div class='fluentform ff-default fluentform_wrapper_18 ffs_default_wrap'><form data-form_id=\"18\" id=\"fluentform_18\" class=\"frm-fluent-form fluent_form_18 ff-el-form-top ff_form_instance_18_1 ff-form-loading ffs_default\" data-form_instance=\"ff_form_instance_18_1\" method=\"POST\" ><fieldset  style=\"border: none!important;margin: 0!important;padding: 0!important;background-color: transparent!important;box-shadow: none!important;outline: none!important; min-inline-size: 100%;\">\n                    <legend class=\"ff_screen_reader_title\" style=\"display: block; margin: 0!important;padding: 0!important;height: 0!important;text-indent: -999999px;width: 0!important;overflow:hidden;\">Souscription G\u00e9n\u00e9rale ES sans OPT-IN<\/legend>        <div\n                style=\"display: none!important; position: absolute!important; transform: translateX(1000%)!important;\"\n                class=\"ff-el-group ff-hpsf-container\"\n        >\n            <div class=\"ff-el-input--label asterisk-right\">\n                <label for=\"ff_18_item_sf\" aria-label=\"Notify\">\n                    Notify                <\/label>\n            <\/div>\n            <div class=\"ff-el-input--content\">\n                <input type=\"text\"\n                       name=\"item_18__fluent_sf\"\n                       class=\"ff-el-form-control\"\n                       id=\"ff_18_item_sf\"\n                \/>\n            <\/div>\n        <\/div>\n        <input type='hidden' name='__fluent_form_embded_post_id' value='50912' \/><input type=\"hidden\" id=\"_fluentform_18_fluentformnonce\" name=\"_fluentform_18_fluentformnonce\" value=\"994beef6d7\" \/><input type=\"hidden\" name=\"_wp_http_referer\" value=\"\/es\/wp-json\/wp\/v2\/pages\/50912\" \/><div data-type=\"name-element\" data-name=\"names\" class=\" ff-field_container ff-name-field-wrapper\" ><div class='ff-t-container'><div class='ff-t-cell '><div class='ff-el-group'><div class=\"ff-el-input--label ff-el-is-required asterisk-right\"><label for='ff_18_names_first_name_' id='label_ff_18_names_first_name_' >Nombre<\/label><\/div><div class='ff-el-input--content'><input type=\"text\" name=\"names[first_name]\" id=\"ff_18_names_first_name_\" class=\"ff-el-form-control\" aria-invalid=\"false\" aria-required=true><\/div><\/div><\/div><div class='ff-t-cell '><div class='ff-el-group'><div class=\"ff-el-input--label ff-el-is-required asterisk-right\"><label for='ff_18_names_last_name_' id='label_ff_18_names_last_name_' >Apellito<\/label><\/div><div class='ff-el-input--content'><input type=\"text\" name=\"names[last_name]\" id=\"ff_18_names_last_name_\" class=\"ff-el-form-control\" aria-invalid=\"false\" aria-required=true><\/div><\/div><\/div><\/div><\/div><div class='ff-el-group'><div class=\"ff-el-input--label ff-el-is-required asterisk-right\"><label for='ff_18_email' id='label_ff_18_email' aria-label=\"Email\">Email<\/label><\/div><div class='ff-el-input--content'><input type=\"email\" name=\"email\" id=\"ff_18_email\" class=\"ff-el-form-control\" data-name=\"email\"  aria-invalid=\"false\" aria-required=true><\/div><\/div><div class='ff-el-group    ff-el-input--content'><div class='ff-el-form-check ff-el-tc'><label aria-label='Consiento que este sitio web guarde mis datos para gestionar mi suscripci\u00f3n de acuerdo con su pol\u00edtica de privacidad.\nPuedo darme de baja en cualquier momento utilizando el enlace que aparece al final de cada correo electr\u00f3nico.' class='ff-el-form-check-label ff_tc_label' for=gdpr-agreement_ecf04bdfd2a97f8ece67992d86584ba7><span class='ff_tc_checkbox'><input type=\"checkbox\" name=\"gdpr-agreement\" class=\"ff-el-form-check-input ff_gdpr_field\" data-name=\"gdpr-agreement\" id=\"gdpr-agreement_ecf04bdfd2a97f8ece67992d86584ba7\"  value='on' aria-invalid='false' aria-required=true><\/span> <div class='ff_t_c'>Consiento que este sitio web guarde mis datos para gestionar mi suscripci\u00f3n de acuerdo con su pol\u00edtica de privacidad.\nPuedo darme de baja en cualquier momento utilizando el enlace que aparece al final de cada correo electr\u00f3nico.<\/div><\/label><\/div><\/div><div class='ff-el-group ff-text-left ff_submit_btn_wrapper'><button type=\"submit\" class=\"ff-btn ff-btn-submit ff-btn-md ff_btn_style\"  aria-label=\"Suscribirse gratuitamente\">Suscribirse gratuitamente<\/button><\/div>\t\t<div id=\"cf-turnstile-fluent-2040426092\"\r\n\t\tclass=\"cf-turnstile\" \t\tdata-sitekey=\"0x4AAAAAAAEQmtNTo7HKVVoq\"\r\n\t\tdata-theme=\"light\"\r\n\t\tdata-language=\"auto\"\r\n\t\tdata-size=\"normal\"\r\n\t\tdata-retry=\"auto\" data-retry-interval=\"1000\"\r\n\t\tdata-refresh-expired=\"auto\"\r\n\t\tdata-refresh-timeout=\"auto\"\r\n\t\tdata-action=\"fluent-form-18\"\r\n\t\tdata-callback=\"turnstileFluentCallback\"\r\n\t\t\t\tdata-appearance=\"always\"><\/div>\r\n\t\t\t<script>document.addEventListener(\"DOMContentLoaded\", function() { setTimeout(function(){ var e=document.getElementById(\"cf-turnstile-fluent-2040426092\"); if(e&&!e.innerHTML.trim()){turnstile.render(e, {sitekey:\"0x4AAAAAAAEQmtNTo7HKVVoq\"});} }, 200); });<\/script>\r\n\t\t\t<br class=\"cf-turnstile-br cf-turnstile-br-fluent-2040426092\">\r\n\t\t\t\t<style>#cf-turnstile-fluent-2040426092 { margin-left: -15px; }<\/style>\r\n\t\t<\/fieldset><\/form><div id='fluentform_18_errors' class='ff-errors-in-stack ff_form_instance_18_1 ff-form-loading_errors ff_form_instance_18_1_errors'><\/div><\/div>            <script type=\"text\/javascript\">\n                window.fluent_form_ff_form_instance_18_1 = {\"id\":\"18\",\"ajaxUrl\":\"https:\\\/\\\/www.vallonchene.fr\\\/wp-admin\\\/admin-ajax.php\",\"settings\":{\"layout\":{\"labelPlacement\":\"top\",\"helpMessagePlacement\":\"with_label\",\"errorMessagePlacement\":\"inline\"},\"restrictions\":{\"denyEmptySubmission\":{\"enabled\":false}}},\"form_instance\":\"ff_form_instance_18_1\",\"form_id_selector\":\"fluentform_18\",\"rules\":{\"names[first_name]\":{\"required\":{\"value\":true,\"message\":\"Este campo es obligatorio\",\"global\":false,\"global_message\":\"Ce champ est requis\"}},\"names[middle_name]\":{\"required\":{\"value\":false,\"message\":\"This field is required\",\"global\":false,\"global_message\":\"Ce champ est requis\"}},\"names[last_name]\":{\"required\":{\"value\":true,\"message\":\"Este campo es obligatorio\",\"global\":false,\"global_message\":\"Ce champ est requis\"}},\"email\":{\"required\":{\"value\":true,\"message\":\"Dieses Feld ist erforderlich\",\"global\":false,\"global_message\":\"Ce champ est requis\"},\"email\":{\"value\":true,\"message\":\"Bitte geben Sie eine g\\u00fcltige Email-Adresse ein\",\"global\":false,\"global_message\":\"Ce champ doit contenir un e-mail valide\"}},\"gdpr-agreement\":{\"required\":{\"value\":true,\"message\":\"Dieses K\\u00e4stchen ist erforderlich\",\"global\":false,\"global_message\":\"Ce champ est requis\"}}},\"debounce_time\":300};\n                            <\/script>\n            \n","protected":false},"excerpt":{"rendered":"<p>Descubra con esta ficha pr\u00e1ctica c\u00f3mo plantar y cuidar los helleboros (el\u00e9boros). PLANTACI\u00d3N DE LOS EL\u00c9BOROS CUIDADO DE LOS EL\u00c9BOROS Si ha seguido correctamente las instrucciones de plantaci\u00f3n anteriores, el mantenimiento de sus plantas ser\u00e1 mucho m\u00e1s f\u00e1cil. Si usted no encuentra la respuesta a sus preguntas sobre una planta que haya comprado en Vallonch\u00eane, [&hellip;]<\/p>\n","protected":false},"author":1,"featured_media":0,"parent":50457,"menu_order":0,"comment_status":"closed","ping_status":"closed","template":"","meta":{"footnotes":""},"class_list":["post-50912","page","type-page","status-publish","hentry"],"yoast_head":"<!-- This site is optimized with the Yoast SEO Premium plugin v27.5 (Yoast SEO v27.5) - https:\/\/yoast.com\/product\/yoast-seo-premium-wordpress\/ -->\n<title>C\u00f3mo plantar y cuidar los el\u00e9boros - Vallonch\u00eane<\/title>\n<meta name=\"robots\" content=\"index, follow, max-snippet:-1, max-image-preview:large, max-video-preview:-1\" \/>\n<link rel=\"canonical\" href=\"https:\/\/www.vallonchene.fr\/es\/como-plantar-y-mantener-plantas\/como-plantar-y-cuidar-los-eleboros\/\" \/>\n<meta property=\"og:locale\" content=\"es_ES\" \/>\n<meta property=\"og:type\" content=\"article\" \/>\n<meta property=\"og:title\" content=\"C\u00f3mo plantar y cuidar los el\u00e9boros\" \/>\n<meta property=\"og:description\" content=\"Descubra con esta ficha pr\u00e1ctica c\u00f3mo plantar y cuidar los helleboros (el\u00e9boros). PLANTACI\u00d3N DE LOS EL\u00c9BOROS CUIDADO DE LOS EL\u00c9BOROS Si ha seguido correctamente las instrucciones de plantaci\u00f3n anteriores, el mantenimiento de sus plantas ser\u00e1 mucho m\u00e1s f\u00e1cil. Si usted no encuentra la respuesta a sus preguntas sobre una planta que haya comprado en Vallonch\u00eane, [&hellip;]\" \/>\n<meta property=\"og:url\" content=\"https:\/\/www.vallonchene.fr\/es\/como-plantar-y-mantener-plantas\/como-plantar-y-cuidar-los-eleboros\/\" \/>\n<meta property=\"og:site_name\" content=\"Vallonch\u00eane\" \/>\n<meta property=\"article:publisher\" content=\"https:\/\/www.facebook.com\/vallonchene.fr\" \/>\n<meta property=\"article:modified_time\" content=\"2024-12-12T15:28:40+00:00\" \/>\n<meta property=\"og:image\" content=\"https:\/\/www.vallonchene.fr\/wp-content\/uploads\/2021\/09\/dessin-plantation-hellebore-200x-691-Schema-de-plantation-dun-hellebore.png\" \/>\n\t<meta property=\"og:image:width\" content=\"200\" \/>\n\t<meta property=\"og:image:height\" content=\"169\" \/>\n\t<meta property=\"og:image:type\" content=\"image\/png\" \/>\n<meta name=\"twitter:card\" content=\"summary_large_image\" \/>\n<meta name=\"twitter:label1\" content=\"Tiempo de lectura\" \/>\n\t<meta name=\"twitter:data1\" content=\"3 minutos\" \/>\n<script type=\"application\/ld+json\" class=\"yoast-schema-graph\">{\"@context\":\"https:\\\/\\\/schema.org\",\"@graph\":[{\"@type\":\"WebPage\",\"@id\":\"https:\\\/\\\/www.vallonchene.fr\\\/es\\\/como-plantar-y-mantener-plantas\\\/como-plantar-y-cuidar-los-eleboros\\\/\",\"url\":\"https:\\\/\\\/www.vallonchene.fr\\\/es\\\/como-plantar-y-mantener-plantas\\\/como-plantar-y-cuidar-los-eleboros\\\/\",\"name\":\"C\u00f3mo plantar y cuidar los el\u00e9boros - Vallonch\u00eane\",\"isPartOf\":{\"@id\":\"https:\\\/\\\/www.vallonchene.fr\\\/es\\\/#website\"},\"primaryImageOfPage\":{\"@id\":\"https:\\\/\\\/www.vallonchene.fr\\\/es\\\/como-plantar-y-mantener-plantas\\\/como-plantar-y-cuidar-los-eleboros\\\/#primaryimage\"},\"image\":{\"@id\":\"https:\\\/\\\/www.vallonchene.fr\\\/es\\\/como-plantar-y-mantener-plantas\\\/como-plantar-y-cuidar-los-eleboros\\\/#primaryimage\"},\"thumbnailUrl\":\"https:\\\/\\\/www.vallonchene.fr\\\/wp-content\\\/uploads\\\/2021\\\/09\\\/dessin-plantation-hellebore-200x-691-Schema-de-plantation-dun-hellebore.png\",\"datePublished\":\"2023-04-10T07:55:18+00:00\",\"dateModified\":\"2024-12-12T15:28:40+00:00\",\"breadcrumb\":{\"@id\":\"https:\\\/\\\/www.vallonchene.fr\\\/es\\\/como-plantar-y-mantener-plantas\\\/como-plantar-y-cuidar-los-eleboros\\\/#breadcrumb\"},\"inLanguage\":\"es\",\"potentialAction\":[{\"@type\":\"ReadAction\",\"target\":[\"https:\\\/\\\/www.vallonchene.fr\\\/es\\\/como-plantar-y-mantener-plantas\\\/como-plantar-y-cuidar-los-eleboros\\\/\"]}]},{\"@type\":\"ImageObject\",\"inLanguage\":\"es\",\"@id\":\"https:\\\/\\\/www.vallonchene.fr\\\/es\\\/como-plantar-y-mantener-plantas\\\/como-plantar-y-cuidar-los-eleboros\\\/#primaryimage\",\"url\":\"https:\\\/\\\/www.vallonchene.fr\\\/wp-content\\\/uploads\\\/2021\\\/09\\\/dessin-plantation-hellebore-200x-691-Schema-de-plantation-dun-hellebore.png\",\"contentUrl\":\"https:\\\/\\\/www.vallonchene.fr\\\/wp-content\\\/uploads\\\/2021\\\/09\\\/dessin-plantation-hellebore-200x-691-Schema-de-plantation-dun-hellebore.png\"},{\"@type\":\"BreadcrumbList\",\"@id\":\"https:\\\/\\\/www.vallonchene.fr\\\/es\\\/como-plantar-y-mantener-plantas\\\/como-plantar-y-cuidar-los-eleboros\\\/#breadcrumb\",\"itemListElement\":[{\"@type\":\"ListItem\",\"position\":1,\"name\":\"Home\",\"item\":\"https:\\\/\\\/www.vallonchene.fr\\\/es\\\/\"},{\"@type\":\"ListItem\",\"position\":2,\"name\":\"C\u00f3mo plantar y mantener plantas\",\"item\":\"https:\\\/\\\/www.vallonchene.fr\\\/es\\\/como-plantar-y-mantener-plantas\\\/\"},{\"@type\":\"ListItem\",\"position\":3,\"name\":\"C\u00f3mo plantar y cuidar los el\u00e9boros\"}]},{\"@type\":\"WebSite\",\"@id\":\"https:\\\/\\\/www.vallonchene.fr\\\/es\\\/#website\",\"url\":\"https:\\\/\\\/www.vallonchene.fr\\\/es\\\/\",\"name\":\"Vallonch\u00eane\",\"description\":\"El vivero donde la calidad tiene sus ra\u00edces \u2013 Tel.: +33 (0)2.35.90.02.02\",\"publisher\":{\"@id\":\"https:\\\/\\\/www.vallonchene.fr\\\/es\\\/#organization\"},\"potentialAction\":[{\"@type\":\"SearchAction\",\"target\":{\"@type\":\"EntryPoint\",\"urlTemplate\":\"https:\\\/\\\/www.vallonchene.fr\\\/es\\\/?s={search_term_string}\"},\"query-input\":{\"@type\":\"PropertyValueSpecification\",\"valueRequired\":true,\"valueName\":\"search_term_string\"}}],\"inLanguage\":\"es\"},{\"@type\":\"Organization\",\"@id\":\"https:\\\/\\\/www.vallonchene.fr\\\/es\\\/#organization\",\"name\":\"VALLONCHENE\",\"url\":\"https:\\\/\\\/www.vallonchene.fr\\\/es\\\/\",\"logo\":{\"@type\":\"ImageObject\",\"inLanguage\":\"es\",\"@id\":\"https:\\\/\\\/www.vallonchene.fr\\\/es\\\/#\\\/schema\\\/logo\\\/image\\\/\",\"url\":\"https:\\\/\\\/www.vallonchene.fr\\\/wp-content\\\/uploads\\\/2023\\\/03\\\/Logo-Vallonchene-site-et-R_hauteur_100.png\",\"contentUrl\":\"https:\\\/\\\/www.vallonchene.fr\\\/wp-content\\\/uploads\\\/2023\\\/03\\\/Logo-Vallonchene-site-et-R_hauteur_100.png\",\"width\":221,\"height\":100,\"caption\":\"VALLONCHENE\"},\"image\":{\"@id\":\"https:\\\/\\\/www.vallonchene.fr\\\/es\\\/#\\\/schema\\\/logo\\\/image\\\/\"},\"sameAs\":[\"https:\\\/\\\/www.facebook.com\\\/vallonchene.fr\",\"https:\\\/\\\/www.instagram.com\\\/vallonchene\\\/\",\"https:\\\/\\\/www.pinterest.fr\\\/vallonchene\\\/\"],\"taxID\":\"49454502300017\",\"hasMerchantReturnPolicy\":{\"@type\":\"MerchantReturnPolicy\",\"merchantReturnLink\":\"https:\\\/\\\/www.vallonchene.fr\\\/remboursements_retours\\\/\"}}]}<\/script>\n<!-- \/ Yoast SEO Premium plugin. -->","yoast_head_json":{"title":"C\u00f3mo plantar y cuidar los el\u00e9boros - Vallonch\u00eane","robots":{"index":"index","follow":"follow","max-snippet":"max-snippet:-1","max-image-preview":"max-image-preview:large","max-video-preview":"max-video-preview:-1"},"canonical":"https:\/\/www.vallonchene.fr\/es\/como-plantar-y-mantener-plantas\/como-plantar-y-cuidar-los-eleboros\/","og_locale":"es_ES","og_type":"article","og_title":"C\u00f3mo plantar y cuidar los el\u00e9boros","og_description":"Descubra con esta ficha pr\u00e1ctica c\u00f3mo plantar y cuidar los helleboros (el\u00e9boros). PLANTACI\u00d3N DE LOS EL\u00c9BOROS CUIDADO DE LOS EL\u00c9BOROS Si ha seguido correctamente las instrucciones de plantaci\u00f3n anteriores, el mantenimiento de sus plantas ser\u00e1 mucho m\u00e1s f\u00e1cil. Si usted no encuentra la respuesta a sus preguntas sobre una planta que haya comprado en Vallonch\u00eane, [&hellip;]","og_url":"https:\/\/www.vallonchene.fr\/es\/como-plantar-y-mantener-plantas\/como-plantar-y-cuidar-los-eleboros\/","og_site_name":"Vallonch\u00eane","article_publisher":"https:\/\/www.facebook.com\/vallonchene.fr","article_modified_time":"2024-12-12T15:28:40+00:00","og_image":[{"width":200,"height":169,"url":"https:\/\/www.vallonchene.fr\/wp-content\/uploads\/2021\/09\/dessin-plantation-hellebore-200x-691-Schema-de-plantation-dun-hellebore.png","type":"image\/png"}],"twitter_card":"summary_large_image","twitter_misc":{"Tiempo de lectura":"3 minutos"},"schema":{"@context":"https:\/\/schema.org","@graph":[{"@type":"WebPage","@id":"https:\/\/www.vallonchene.fr\/es\/como-plantar-y-mantener-plantas\/como-plantar-y-cuidar-los-eleboros\/","url":"https:\/\/www.vallonchene.fr\/es\/como-plantar-y-mantener-plantas\/como-plantar-y-cuidar-los-eleboros\/","name":"C\u00f3mo plantar y cuidar los el\u00e9boros - Vallonch\u00eane","isPartOf":{"@id":"https:\/\/www.vallonchene.fr\/es\/#website"},"primaryImageOfPage":{"@id":"https:\/\/www.vallonchene.fr\/es\/como-plantar-y-mantener-plantas\/como-plantar-y-cuidar-los-eleboros\/#primaryimage"},"image":{"@id":"https:\/\/www.vallonchene.fr\/es\/como-plantar-y-mantener-plantas\/como-plantar-y-cuidar-los-eleboros\/#primaryimage"},"thumbnailUrl":"https:\/\/www.vallonchene.fr\/wp-content\/uploads\/2021\/09\/dessin-plantation-hellebore-200x-691-Schema-de-plantation-dun-hellebore.png","datePublished":"2023-04-10T07:55:18+00:00","dateModified":"2024-12-12T15:28:40+00:00","breadcrumb":{"@id":"https:\/\/www.vallonchene.fr\/es\/como-plantar-y-mantener-plantas\/como-plantar-y-cuidar-los-eleboros\/#breadcrumb"},"inLanguage":"es","potentialAction":[{"@type":"ReadAction","target":["https:\/\/www.vallonchene.fr\/es\/como-plantar-y-mantener-plantas\/como-plantar-y-cuidar-los-eleboros\/"]}]},{"@type":"ImageObject","inLanguage":"es","@id":"https:\/\/www.vallonchene.fr\/es\/como-plantar-y-mantener-plantas\/como-plantar-y-cuidar-los-eleboros\/#primaryimage","url":"https:\/\/www.vallonchene.fr\/wp-content\/uploads\/2021\/09\/dessin-plantation-hellebore-200x-691-Schema-de-plantation-dun-hellebore.png","contentUrl":"https:\/\/www.vallonchene.fr\/wp-content\/uploads\/2021\/09\/dessin-plantation-hellebore-200x-691-Schema-de-plantation-dun-hellebore.png"},{"@type":"BreadcrumbList","@id":"https:\/\/www.vallonchene.fr\/es\/como-plantar-y-mantener-plantas\/como-plantar-y-cuidar-los-eleboros\/#breadcrumb","itemListElement":[{"@type":"ListItem","position":1,"name":"Home","item":"https:\/\/www.vallonchene.fr\/es\/"},{"@type":"ListItem","position":2,"name":"C\u00f3mo plantar y mantener plantas","item":"https:\/\/www.vallonchene.fr\/es\/como-plantar-y-mantener-plantas\/"},{"@type":"ListItem","position":3,"name":"C\u00f3mo plantar y cuidar los el\u00e9boros"}]},{"@type":"WebSite","@id":"https:\/\/www.vallonchene.fr\/es\/#website","url":"https:\/\/www.vallonchene.fr\/es\/","name":"Vallonch\u00eane","description":"El vivero donde la calidad tiene sus ra\u00edces \u2013 Tel.: +33 (0)2.35.90.02.02","publisher":{"@id":"https:\/\/www.vallonchene.fr\/es\/#organization"},"potentialAction":[{"@type":"SearchAction","target":{"@type":"EntryPoint","urlTemplate":"https:\/\/www.vallonchene.fr\/es\/?s={search_term_string}"},"query-input":{"@type":"PropertyValueSpecification","valueRequired":true,"valueName":"search_term_string"}}],"inLanguage":"es"},{"@type":"Organization","@id":"https:\/\/www.vallonchene.fr\/es\/#organization","name":"VALLONCHENE","url":"https:\/\/www.vallonchene.fr\/es\/","logo":{"@type":"ImageObject","inLanguage":"es","@id":"https:\/\/www.vallonchene.fr\/es\/#\/schema\/logo\/image\/","url":"https:\/\/www.vallonchene.fr\/wp-content\/uploads\/2023\/03\/Logo-Vallonchene-site-et-R_hauteur_100.png","contentUrl":"https:\/\/www.vallonchene.fr\/wp-content\/uploads\/2023\/03\/Logo-Vallonchene-site-et-R_hauteur_100.png","width":221,"height":100,"caption":"VALLONCHENE"},"image":{"@id":"https:\/\/www.vallonchene.fr\/es\/#\/schema\/logo\/image\/"},"sameAs":["https:\/\/www.facebook.com\/vallonchene.fr","https:\/\/www.instagram.com\/vallonchene\/","https:\/\/www.pinterest.fr\/vallonchene\/"],"taxID":"49454502300017","hasMerchantReturnPolicy":{"@type":"MerchantReturnPolicy","merchantReturnLink":"https:\/\/www.vallonchene.fr\/remboursements_retours\/"}}]}},"_links":{"self":[{"href":"https:\/\/www.vallonchene.fr\/es\/wp-json\/wp\/v2\/pages\/50912","targetHints":{"allow":["GET"]}}],"collection":[{"href":"https:\/\/www.vallonchene.fr\/es\/wp-json\/wp\/v2\/pages"}],"about":[{"href":"https:\/\/www.vallonchene.fr\/es\/wp-json\/wp\/v2\/types\/page"}],"author":[{"embeddable":true,"href":"https:\/\/www.vallonchene.fr\/es\/wp-json\/wp\/v2\/users\/1"}],"replies":[{"embeddable":true,"href":"https:\/\/www.vallonchene.fr\/es\/wp-json\/wp\/v2\/comments?post=50912"}],"version-history":[{"count":0,"href":"https:\/\/www.vallonchene.fr\/es\/wp-json\/wp\/v2\/pages\/50912\/revisions"}],"up":[{"embeddable":true,"href":"https:\/\/www.vallonchene.fr\/es\/wp-json\/wp\/v2\/pages\/50457"}],"wp:attachment":[{"href":"https:\/\/www.vallonchene.fr\/es\/wp-json\/wp\/v2\/media?parent=50912"}],"curies":[{"name":"wp","href":"https:\/\/api.w.org\/{rel}","templated":true}]}}