{"id":50503,"date":"2023-04-15T09:26:39","date_gmt":"2023-04-15T08:26:39","guid":{"rendered":"https:\/\/www.vallonchene.fr\/?page_id=50503"},"modified":"2024-12-05T16:45:43","modified_gmt":"2024-12-05T15:45:43","slug":"carta-de-calidad","status":"publish","type":"page","link":"https:\/\/www.vallonchene.fr\/es\/carta-de-calidad\/","title":{"rendered":"Carta de Calidad"},"content":{"rendered":"\n<h2 class=\"wp-block-heading\" id=\"h-calidad-la-clave-de-nuestro-exito\">Calidad &#8211; la clave de nuestro \u00e9xito<\/h2>\n\n\n\n<p>Nuestro objetivo en Vallonch\u00eane es satisfacerle. La satisfacci\u00f3n de nuestros clientes pasa obligatoriamente por <strong>la calidad de nuestras plantas, productos y servicios<\/strong>. Es por eso que:<\/p>\n\n\n\n<ul class=\"wp-block-list\">\n<li>Vallonch\u00eane PRODUCE desde 2006 plantas de alta calidad en Normand\u00eda. Vallonch\u00eane es conocido por esta calidad entre nuestros clientes (vea los testimonios internacionales) y ha sido recompensado por jurados internacionales (3 m\u00e9ritos y una recomendaci\u00f3n en las Jornadas de Plantas de Courson).<\/li>\n\n\n\n<li>Nuestro compromiso con la calidad no se detiene en la producci\u00f3n. Durante su compra de una planta en Vallonch\u00eane, ya sea en persona o en l\u00ednea, recibir\u00e1 una ficha t\u00e9cnica que explica tanto la correcta plantaci\u00f3n como los cuidados que debe brindarle.<\/li>\n\n\n\n<li>Las plantas que compra en vallonchene.fr son las mismas que se venden en el vivero. No comercializamos plantas llamadas de \u00abventa por correspondencia\u00bb, d\u00e9biles, muy caras y que mueren en gran parte posteriormente.<\/li>\n\n\n\n<li>Las plantas entregadas al ordenar en vallonchene.fr se eligen entre las disponibles y se seleccionan como si las eligi\u00e9ramos para nosotros mismos.<\/li>\n\n\n\n<li>Si, por error de stock, una planta ordenada estuviera indisponible, le propondremos una planta similar (si existe) y si esto no le conviene, le reembolsaremos INMEDIATAMENTE la planta o el conjunto de su pedido. \u00a1SIN HABLADUR\u00cdAS!<\/li>\n\n\n\n<li>Obtendr\u00e1 mejores resultados de establecimiento con nosotros. Nuestras plantas no son \u00abadictas\u00bb a los fertilizantes producidas en invernadero, sino plantas producidas en su inmensa mayor\u00eda, en el lugar, en un clima que a veces puede alcanzar los \u221222\u00b0 C.<\/li>\n\n\n\n<li>Nuestro m\u00e9todo de producci\u00f3n en macetas y al aire libre le permite plantar durante todo el a\u00f1o SIN NECESIDAD DE RESPETAR LOS PERIODOS DE PLANTACI\u00d3N TRADICIONALES.<\/li>\n\n\n\n<li>Vallonch\u00eane le ofrece una considerable variedad de plantas inusuales y resistentes: con\u00edferas (una de las mayores colecciones a la venta en Europa), \u00e1rboles de hoja caduca (magnolias, arces japoneses, cornejos florales, persistentes y caducos&#8230;), arbustos y \u00e1rboles inusuales y vivaces r\u00fasticas y raras.<\/li>\n<\/ul>\n","protected":false},"excerpt":{"rendered":"<p>Calidad &#8211; la clave de nuestro \u00e9xito Nuestro objetivo en Vallonch\u00eane es satisfacerle. La satisfacci\u00f3n de nuestros clientes pasa obligatoriamente por la calidad de nuestras plantas, productos y servicios. Es por eso que:<\/p>\n","protected":false},"author":1,"featured_media":0,"parent":0,"menu_order":0,"comment_status":"closed","ping_status":"closed","template":"","meta":{"footnotes":""},"class_list":["post-50503","page","type-page","status-publish","hentry"],"yoast_head":"<!-- This site is optimized with the Yoast SEO Premium plugin v27.5 (Yoast SEO v27.5) - https:\/\/yoast.com\/product\/yoast-seo-premium-wordpress\/ -->\n<title>Carta de Calidad - Vallonch\u00eane<\/title>\n<meta name=\"robots\" content=\"index, follow, max-snippet:-1, max-image-preview:large, max-video-preview:-1\" \/>\n<link rel=\"canonical\" href=\"https:\/\/www.vallonchene.fr\/es\/carta-de-calidad\/\" \/>\n<meta property=\"og:locale\" content=\"es_ES\" \/>\n<meta property=\"og:type\" content=\"article\" \/>\n<meta property=\"og:title\" content=\"Carta de Calidad\" \/>\n<meta property=\"og:description\" content=\"Calidad &#8211; la clave de nuestro \u00e9xito Nuestro objetivo en Vallonch\u00eane es satisfacerle. La satisfacci\u00f3n de nuestros clientes pasa obligatoriamente por la calidad de nuestras plantas, productos y servicios. Es por eso que:\" \/>\n<meta property=\"og:url\" content=\"https:\/\/www.vallonchene.fr\/es\/carta-de-calidad\/\" \/>\n<meta property=\"og:site_name\" content=\"Vallonch\u00eane\" \/>\n<meta property=\"article:publisher\" content=\"https:\/\/www.facebook.com\/vallonchene.fr\" \/>\n<meta property=\"article:modified_time\" content=\"2024-12-05T15:45:43+00:00\" \/>\n<meta name=\"twitter:card\" content=\"summary_large_image\" \/>\n<meta name=\"twitter:label1\" content=\"Tiempo de lectura\" \/>\n\t<meta name=\"twitter:data1\" content=\"2 minutos\" \/>\n<script type=\"application\/ld+json\" class=\"yoast-schema-graph\">{\"@context\":\"https:\\\/\\\/schema.org\",\"@graph\":[{\"@type\":\"WebPage\",\"@id\":\"https:\\\/\\\/www.vallonchene.fr\\\/es\\\/carta-de-calidad\\\/\",\"url\":\"https:\\\/\\\/www.vallonchene.fr\\\/es\\\/carta-de-calidad\\\/\",\"name\":\"Carta de Calidad - Vallonch\u00eane\",\"isPartOf\":{\"@id\":\"https:\\\/\\\/www.vallonchene.fr\\\/es\\\/#website\"},\"datePublished\":\"2023-04-15T08:26:39+00:00\",\"dateModified\":\"2024-12-05T15:45:43+00:00\",\"breadcrumb\":{\"@id\":\"https:\\\/\\\/www.vallonchene.fr\\\/es\\\/carta-de-calidad\\\/#breadcrumb\"},\"inLanguage\":\"es\",\"potentialAction\":[{\"@type\":\"ReadAction\",\"target\":[\"https:\\\/\\\/www.vallonchene.fr\\\/es\\\/carta-de-calidad\\\/\"]}]},{\"@type\":\"BreadcrumbList\",\"@id\":\"https:\\\/\\\/www.vallonchene.fr\\\/es\\\/carta-de-calidad\\\/#breadcrumb\",\"itemListElement\":[{\"@type\":\"ListItem\",\"position\":1,\"name\":\"Home\",\"item\":\"https:\\\/\\\/www.vallonchene.fr\\\/es\\\/\"},{\"@type\":\"ListItem\",\"position\":2,\"name\":\"Carta de Calidad\"}]},{\"@type\":\"WebSite\",\"@id\":\"https:\\\/\\\/www.vallonchene.fr\\\/es\\\/#website\",\"url\":\"https:\\\/\\\/www.vallonchene.fr\\\/es\\\/\",\"name\":\"Vallonch\u00eane\",\"description\":\"El vivero donde la calidad tiene sus ra\u00edces \u2013 Tel.: +33 (0)2.35.90.02.02\",\"publisher\":{\"@id\":\"https:\\\/\\\/www.vallonchene.fr\\\/es\\\/#organization\"},\"potentialAction\":[{\"@type\":\"SearchAction\",\"target\":{\"@type\":\"EntryPoint\",\"urlTemplate\":\"https:\\\/\\\/www.vallonchene.fr\\\/es\\\/?s={search_term_string}\"},\"query-input\":{\"@type\":\"PropertyValueSpecification\",\"valueRequired\":true,\"valueName\":\"search_term_string\"}}],\"inLanguage\":\"es\"},{\"@type\":\"Organization\",\"@id\":\"https:\\\/\\\/www.vallonchene.fr\\\/es\\\/#organization\",\"name\":\"VALLONCHENE\",\"url\":\"https:\\\/\\\/www.vallonchene.fr\\\/es\\\/\",\"logo\":{\"@type\":\"ImageObject\",\"inLanguage\":\"es\",\"@id\":\"https:\\\/\\\/www.vallonchene.fr\\\/es\\\/#\\\/schema\\\/logo\\\/image\\\/\",\"url\":\"https:\\\/\\\/www.vallonchene.fr\\\/wp-content\\\/uploads\\\/2023\\\/03\\\/Logo-Vallonchene-site-et-R_hauteur_100.png\",\"contentUrl\":\"https:\\\/\\\/www.vallonchene.fr\\\/wp-content\\\/uploads\\\/2023\\\/03\\\/Logo-Vallonchene-site-et-R_hauteur_100.png\",\"width\":221,\"height\":100,\"caption\":\"VALLONCHENE\"},\"image\":{\"@id\":\"https:\\\/\\\/www.vallonchene.fr\\\/es\\\/#\\\/schema\\\/logo\\\/image\\\/\"},\"sameAs\":[\"https:\\\/\\\/www.facebook.com\\\/vallonchene.fr\",\"https:\\\/\\\/www.instagram.com\\\/vallonchene\\\/\",\"https:\\\/\\\/www.pinterest.fr\\\/vallonchene\\\/\"],\"taxID\":\"49454502300017\",\"hasMerchantReturnPolicy\":{\"@type\":\"MerchantReturnPolicy\",\"merchantReturnLink\":\"https:\\\/\\\/www.vallonchene.fr\\\/remboursements_retours\\\/\"}}]}<\/script>\n<!-- \/ Yoast SEO Premium plugin. -->","yoast_head_json":{"title":"Carta de Calidad - Vallonch\u00eane","robots":{"index":"index","follow":"follow","max-snippet":"max-snippet:-1","max-image-preview":"max-image-preview:large","max-video-preview":"max-video-preview:-1"},"canonical":"https:\/\/www.vallonchene.fr\/es\/carta-de-calidad\/","og_locale":"es_ES","og_type":"article","og_title":"Carta de Calidad","og_description":"Calidad &#8211; la clave de nuestro \u00e9xito Nuestro objetivo en Vallonch\u00eane es satisfacerle. La satisfacci\u00f3n de nuestros clientes pasa obligatoriamente por la calidad de nuestras plantas, productos y servicios. Es por eso que:","og_url":"https:\/\/www.vallonchene.fr\/es\/carta-de-calidad\/","og_site_name":"Vallonch\u00eane","article_publisher":"https:\/\/www.facebook.com\/vallonchene.fr","article_modified_time":"2024-12-05T15:45:43+00:00","twitter_card":"summary_large_image","twitter_misc":{"Tiempo de lectura":"2 minutos"},"schema":{"@context":"https:\/\/schema.org","@graph":[{"@type":"WebPage","@id":"https:\/\/www.vallonchene.fr\/es\/carta-de-calidad\/","url":"https:\/\/www.vallonchene.fr\/es\/carta-de-calidad\/","name":"Carta de Calidad - Vallonch\u00eane","isPartOf":{"@id":"https:\/\/www.vallonchene.fr\/es\/#website"},"datePublished":"2023-04-15T08:26:39+00:00","dateModified":"2024-12-05T15:45:43+00:00","breadcrumb":{"@id":"https:\/\/www.vallonchene.fr\/es\/carta-de-calidad\/#breadcrumb"},"inLanguage":"es","potentialAction":[{"@type":"ReadAction","target":["https:\/\/www.vallonchene.fr\/es\/carta-de-calidad\/"]}]},{"@type":"BreadcrumbList","@id":"https:\/\/www.vallonchene.fr\/es\/carta-de-calidad\/#breadcrumb","itemListElement":[{"@type":"ListItem","position":1,"name":"Home","item":"https:\/\/www.vallonchene.fr\/es\/"},{"@type":"ListItem","position":2,"name":"Carta de Calidad"}]},{"@type":"WebSite","@id":"https:\/\/www.vallonchene.fr\/es\/#website","url":"https:\/\/www.vallonchene.fr\/es\/","name":"Vallonch\u00eane","description":"El vivero donde la calidad tiene sus ra\u00edces \u2013 Tel.: +33 (0)2.35.90.02.02","publisher":{"@id":"https:\/\/www.vallonchene.fr\/es\/#organization"},"potentialAction":[{"@type":"SearchAction","target":{"@type":"EntryPoint","urlTemplate":"https:\/\/www.vallonchene.fr\/es\/?s={search_term_string}"},"query-input":{"@type":"PropertyValueSpecification","valueRequired":true,"valueName":"search_term_string"}}],"inLanguage":"es"},{"@type":"Organization","@id":"https:\/\/www.vallonchene.fr\/es\/#organization","name":"VALLONCHENE","url":"https:\/\/www.vallonchene.fr\/es\/","logo":{"@type":"ImageObject","inLanguage":"es","@id":"https:\/\/www.vallonchene.fr\/es\/#\/schema\/logo\/image\/","url":"https:\/\/www.vallonchene.fr\/wp-content\/uploads\/2023\/03\/Logo-Vallonchene-site-et-R_hauteur_100.png","contentUrl":"https:\/\/www.vallonchene.fr\/wp-content\/uploads\/2023\/03\/Logo-Vallonchene-site-et-R_hauteur_100.png","width":221,"height":100,"caption":"VALLONCHENE"},"image":{"@id":"https:\/\/www.vallonchene.fr\/es\/#\/schema\/logo\/image\/"},"sameAs":["https:\/\/www.facebook.com\/vallonchene.fr","https:\/\/www.instagram.com\/vallonchene\/","https:\/\/www.pinterest.fr\/vallonchene\/"],"taxID":"49454502300017","hasMerchantReturnPolicy":{"@type":"MerchantReturnPolicy","merchantReturnLink":"https:\/\/www.vallonchene.fr\/remboursements_retours\/"}}]}},"_links":{"self":[{"href":"https:\/\/www.vallonchene.fr\/es\/wp-json\/wp\/v2\/pages\/50503","targetHints":{"allow":["GET"]}}],"collection":[{"href":"https:\/\/www.vallonchene.fr\/es\/wp-json\/wp\/v2\/pages"}],"about":[{"href":"https:\/\/www.vallonchene.fr\/es\/wp-json\/wp\/v2\/types\/page"}],"author":[{"embeddable":true,"href":"https:\/\/www.vallonchene.fr\/es\/wp-json\/wp\/v2\/users\/1"}],"replies":[{"embeddable":true,"href":"https:\/\/www.vallonchene.fr\/es\/wp-json\/wp\/v2\/comments?post=50503"}],"version-history":[{"count":0,"href":"https:\/\/www.vallonchene.fr\/es\/wp-json\/wp\/v2\/pages\/50503\/revisions"}],"wp:attachment":[{"href":"https:\/\/www.vallonchene.fr\/es\/wp-json\/wp\/v2\/media?parent=50503"}],"curies":[{"name":"wp","href":"https:\/\/api.w.org\/{rel}","templated":true}]}}