{"id":50501,"date":"2023-04-04T08:30:06","date_gmt":"2023-04-04T07:30:06","guid":{"rendered":"https:\/\/www.vallonchene.fr\/?page_id=50501"},"modified":"2024-12-05T16:53:04","modified_gmt":"2024-12-05T15:53:04","slug":"aviso-legal","status":"publish","type":"page","link":"https:\/\/www.vallonchene.fr\/es\/aviso-legal\/","title":{"rendered":"Aviso legal"},"content":{"rendered":"\n<h2 class=\"wp-block-heading\" id=\"h-propiedad-y-edicion-del-sitio-web\">Propiedad y edici\u00f3n del sitio web<\/h2>\n\n\n\n<p>VALLONCHENE SARL<br>1426, chemin d&#8217;Atteville<br>76440 SOMMERY (Francia)<\/p>\n\n\n\n<p>Tel. : +33 (0)2 35 90 02 02<br>Correo electr\u00f3nico: office arobase vallonchene punto fr<\/p>\n\n\n\n<p>R.C.S. de Dieppe<br>N\u00b0 Siret : 494 545 023 00017<\/p>\n\n\n\n<p><strong>Todos los derechos reservados 2021.<\/strong> Las im\u00e1genes de este sitio web no son contractuales y son propiedad de Vallonch\u00e8ne o de sus colaboradores.<\/p>\n\n\n\n<p><strong>Queda prohibida la reproducci\u00f3n, copia y uso del contenido y\/o im\u00e1genes de www.vallonchene.fr sin autorizaci\u00f3n escrita previa.<\/strong><\/p>\n\n\n\n<h2 class=\"wp-block-heading\" id=\"h-responsable-de-la-publicacion\">Responsable de la publicaci\u00f3n<\/h2>\n\n\n\n<p>Christophe MARSILLE<\/p>\n\n\n\n<h2 class=\"wp-block-heading\" id=\"h-alojamiento-del-sitio\">Alojamiento del sitio<\/h2>\n\n\n\n<p>El sitio www.vallonchene.fr est\u00e1 alojado en servidores en Francia de la empresa OVH SAS, 2 rue Kellermann &#8211; BP 80157 59053 ROUBAIX CEDEX 1 (Francia).<\/p>\n\n\n\n<p>El almacenamiento de los datos personales de los usuarios se realiza exclusivamente en los centros de datos en Estados miembros de la Uni\u00f3n Europea de la empresa OVH.<\/p>\n\n\n\n<h2 class=\"wp-block-heading\" id=\"h-reglamento-en-linea-de-disputas\">Reglamento en l\u00ednea de disputas<\/h2>\n\n\n\n<p>Si, a pesar de todos nuestros esfuerzos por proporcionar productos y servicios de calidad, encuentra un problema, le invitamos a contactarnos de inmediato por cualquier medio (datos de contacto ver arriba) para que podamos resolver su problema.<\/p>\n\n\n\n<p>En caso de una disputa que no hayamos podido resolver, tiene la posibilidad de contactar la <a href=\"http:\/\/En caso de una disputa que no hayamos podido resolver, tiene la posibilidad de contactar la plataforma de Reglamento en l\u00ednea de disputas de la comisi\u00f3n europea haciendo clic aqu\u00ed.\">plataforma de Reglamento en l\u00ednea de disputas de la comisi\u00f3n europea haciendo clic aqu\u00ed<\/a>.<\/p>\n\n\n\n<h2 class=\"wp-block-heading\" id=\"h-formulario-de-retractacion\">Formulario de retractaci\u00f3n<\/h2>\n\n\n\n<p><a href=\"https:\/\/www.vallonchene.fr\/wp-content\/uploads\/2023\/04\/Formulaire_de_retractation_FR.pdf\">Puede descargar el formulario de retractaci\u00f3n haciendo clic aqu\u00ed.<\/a><\/p>\n","protected":false},"excerpt":{"rendered":"<p>Propiedad y edici\u00f3n del sitio web VALLONCHENE SARL1426, chemin d&#8217;Atteville76440 SOMMERY (Francia) Tel. : +33 (0)2 35 90 02 02Correo electr\u00f3nico: office arobase vallonchene punto fr R.C.S. de DieppeN\u00b0 Siret : 494 545 023 00017 Todos los derechos reservados 2021. Las im\u00e1genes de este sitio web no son contractuales y son propiedad de Vallonch\u00e8ne o [&hellip;]<\/p>\n","protected":false},"author":1,"featured_media":0,"parent":0,"menu_order":0,"comment_status":"closed","ping_status":"closed","template":"","meta":{"footnotes":""},"class_list":["post-50501","page","type-page","status-publish","hentry"],"yoast_head":"<!-- This site is optimized with the Yoast SEO Premium plugin v27.5 (Yoast SEO v27.5) - https:\/\/yoast.com\/product\/yoast-seo-premium-wordpress\/ -->\n<title>Aviso legal - Vallonch\u00eane<\/title>\n<meta name=\"robots\" content=\"index, follow, max-snippet:-1, max-image-preview:large, max-video-preview:-1\" \/>\n<link rel=\"canonical\" href=\"https:\/\/www.vallonchene.fr\/es\/aviso-legal\/\" \/>\n<meta property=\"og:locale\" content=\"es_ES\" \/>\n<meta property=\"og:type\" content=\"article\" \/>\n<meta property=\"og:title\" content=\"Aviso legal\" \/>\n<meta property=\"og:description\" content=\"Propiedad y edici\u00f3n del sitio web VALLONCHENE SARL1426, chemin d&#8217;Atteville76440 SOMMERY (Francia) Tel. : +33 (0)2 35 90 02 02Correo electr\u00f3nico: office arobase vallonchene punto fr R.C.S. de DieppeN\u00b0 Siret : 494 545 023 00017 Todos los derechos reservados 2021. Las im\u00e1genes de este sitio web no son contractuales y son propiedad de Vallonch\u00e8ne o [&hellip;]\" \/>\n<meta property=\"og:url\" content=\"https:\/\/www.vallonchene.fr\/es\/aviso-legal\/\" \/>\n<meta property=\"og:site_name\" content=\"Vallonch\u00eane\" \/>\n<meta property=\"article:publisher\" content=\"https:\/\/www.facebook.com\/vallonchene.fr\" \/>\n<meta property=\"article:modified_time\" content=\"2024-12-05T15:53:04+00:00\" \/>\n<meta name=\"twitter:card\" content=\"summary_large_image\" \/>\n<meta name=\"twitter:label1\" content=\"Tiempo de lectura\" \/>\n\t<meta name=\"twitter:data1\" content=\"2 minutos\" \/>\n<script type=\"application\/ld+json\" class=\"yoast-schema-graph\">{\"@context\":\"https:\\\/\\\/schema.org\",\"@graph\":[{\"@type\":\"WebPage\",\"@id\":\"https:\\\/\\\/www.vallonchene.fr\\\/es\\\/aviso-legal\\\/\",\"url\":\"https:\\\/\\\/www.vallonchene.fr\\\/es\\\/aviso-legal\\\/\",\"name\":\"Aviso legal - Vallonch\u00eane\",\"isPartOf\":{\"@id\":\"https:\\\/\\\/www.vallonchene.fr\\\/es\\\/#website\"},\"datePublished\":\"2023-04-04T07:30:06+00:00\",\"dateModified\":\"2024-12-05T15:53:04+00:00\",\"breadcrumb\":{\"@id\":\"https:\\\/\\\/www.vallonchene.fr\\\/es\\\/aviso-legal\\\/#breadcrumb\"},\"inLanguage\":\"es\",\"potentialAction\":[{\"@type\":\"ReadAction\",\"target\":[\"https:\\\/\\\/www.vallonchene.fr\\\/es\\\/aviso-legal\\\/\"]}]},{\"@type\":\"BreadcrumbList\",\"@id\":\"https:\\\/\\\/www.vallonchene.fr\\\/es\\\/aviso-legal\\\/#breadcrumb\",\"itemListElement\":[{\"@type\":\"ListItem\",\"position\":1,\"name\":\"Home\",\"item\":\"https:\\\/\\\/www.vallonchene.fr\\\/es\\\/\"},{\"@type\":\"ListItem\",\"position\":2,\"name\":\"Aviso legal\"}]},{\"@type\":\"WebSite\",\"@id\":\"https:\\\/\\\/www.vallonchene.fr\\\/es\\\/#website\",\"url\":\"https:\\\/\\\/www.vallonchene.fr\\\/es\\\/\",\"name\":\"Vallonch\u00eane\",\"description\":\"El vivero donde la calidad tiene sus ra\u00edces \u2013 Tel.: +33 (0)2.35.90.02.02\",\"publisher\":{\"@id\":\"https:\\\/\\\/www.vallonchene.fr\\\/es\\\/#organization\"},\"potentialAction\":[{\"@type\":\"SearchAction\",\"target\":{\"@type\":\"EntryPoint\",\"urlTemplate\":\"https:\\\/\\\/www.vallonchene.fr\\\/es\\\/?s={search_term_string}\"},\"query-input\":{\"@type\":\"PropertyValueSpecification\",\"valueRequired\":true,\"valueName\":\"search_term_string\"}}],\"inLanguage\":\"es\"},{\"@type\":\"Organization\",\"@id\":\"https:\\\/\\\/www.vallonchene.fr\\\/es\\\/#organization\",\"name\":\"VALLONCHENE\",\"url\":\"https:\\\/\\\/www.vallonchene.fr\\\/es\\\/\",\"logo\":{\"@type\":\"ImageObject\",\"inLanguage\":\"es\",\"@id\":\"https:\\\/\\\/www.vallonchene.fr\\\/es\\\/#\\\/schema\\\/logo\\\/image\\\/\",\"url\":\"https:\\\/\\\/www.vallonchene.fr\\\/wp-content\\\/uploads\\\/2023\\\/03\\\/Logo-Vallonchene-site-et-R_hauteur_100.png\",\"contentUrl\":\"https:\\\/\\\/www.vallonchene.fr\\\/wp-content\\\/uploads\\\/2023\\\/03\\\/Logo-Vallonchene-site-et-R_hauteur_100.png\",\"width\":221,\"height\":100,\"caption\":\"VALLONCHENE\"},\"image\":{\"@id\":\"https:\\\/\\\/www.vallonchene.fr\\\/es\\\/#\\\/schema\\\/logo\\\/image\\\/\"},\"sameAs\":[\"https:\\\/\\\/www.facebook.com\\\/vallonchene.fr\",\"https:\\\/\\\/www.instagram.com\\\/vallonchene\\\/\",\"https:\\\/\\\/www.pinterest.fr\\\/vallonchene\\\/\"],\"taxID\":\"49454502300017\",\"hasMerchantReturnPolicy\":{\"@type\":\"MerchantReturnPolicy\",\"merchantReturnLink\":\"https:\\\/\\\/www.vallonchene.fr\\\/remboursements_retours\\\/\"}}]}<\/script>\n<!-- \/ Yoast SEO Premium plugin. -->","yoast_head_json":{"title":"Aviso legal - Vallonch\u00eane","robots":{"index":"index","follow":"follow","max-snippet":"max-snippet:-1","max-image-preview":"max-image-preview:large","max-video-preview":"max-video-preview:-1"},"canonical":"https:\/\/www.vallonchene.fr\/es\/aviso-legal\/","og_locale":"es_ES","og_type":"article","og_title":"Aviso legal","og_description":"Propiedad y edici\u00f3n del sitio web VALLONCHENE SARL1426, chemin d&#8217;Atteville76440 SOMMERY (Francia) Tel. : +33 (0)2 35 90 02 02Correo electr\u00f3nico: office arobase vallonchene punto fr R.C.S. de DieppeN\u00b0 Siret : 494 545 023 00017 Todos los derechos reservados 2021. Las im\u00e1genes de este sitio web no son contractuales y son propiedad de Vallonch\u00e8ne o [&hellip;]","og_url":"https:\/\/www.vallonchene.fr\/es\/aviso-legal\/","og_site_name":"Vallonch\u00eane","article_publisher":"https:\/\/www.facebook.com\/vallonchene.fr","article_modified_time":"2024-12-05T15:53:04+00:00","twitter_card":"summary_large_image","twitter_misc":{"Tiempo de lectura":"2 minutos"},"schema":{"@context":"https:\/\/schema.org","@graph":[{"@type":"WebPage","@id":"https:\/\/www.vallonchene.fr\/es\/aviso-legal\/","url":"https:\/\/www.vallonchene.fr\/es\/aviso-legal\/","name":"Aviso legal - Vallonch\u00eane","isPartOf":{"@id":"https:\/\/www.vallonchene.fr\/es\/#website"},"datePublished":"2023-04-04T07:30:06+00:00","dateModified":"2024-12-05T15:53:04+00:00","breadcrumb":{"@id":"https:\/\/www.vallonchene.fr\/es\/aviso-legal\/#breadcrumb"},"inLanguage":"es","potentialAction":[{"@type":"ReadAction","target":["https:\/\/www.vallonchene.fr\/es\/aviso-legal\/"]}]},{"@type":"BreadcrumbList","@id":"https:\/\/www.vallonchene.fr\/es\/aviso-legal\/#breadcrumb","itemListElement":[{"@type":"ListItem","position":1,"name":"Home","item":"https:\/\/www.vallonchene.fr\/es\/"},{"@type":"ListItem","position":2,"name":"Aviso legal"}]},{"@type":"WebSite","@id":"https:\/\/www.vallonchene.fr\/es\/#website","url":"https:\/\/www.vallonchene.fr\/es\/","name":"Vallonch\u00eane","description":"El vivero donde la calidad tiene sus ra\u00edces \u2013 Tel.: +33 (0)2.35.90.02.02","publisher":{"@id":"https:\/\/www.vallonchene.fr\/es\/#organization"},"potentialAction":[{"@type":"SearchAction","target":{"@type":"EntryPoint","urlTemplate":"https:\/\/www.vallonchene.fr\/es\/?s={search_term_string}"},"query-input":{"@type":"PropertyValueSpecification","valueRequired":true,"valueName":"search_term_string"}}],"inLanguage":"es"},{"@type":"Organization","@id":"https:\/\/www.vallonchene.fr\/es\/#organization","name":"VALLONCHENE","url":"https:\/\/www.vallonchene.fr\/es\/","logo":{"@type":"ImageObject","inLanguage":"es","@id":"https:\/\/www.vallonchene.fr\/es\/#\/schema\/logo\/image\/","url":"https:\/\/www.vallonchene.fr\/wp-content\/uploads\/2023\/03\/Logo-Vallonchene-site-et-R_hauteur_100.png","contentUrl":"https:\/\/www.vallonchene.fr\/wp-content\/uploads\/2023\/03\/Logo-Vallonchene-site-et-R_hauteur_100.png","width":221,"height":100,"caption":"VALLONCHENE"},"image":{"@id":"https:\/\/www.vallonchene.fr\/es\/#\/schema\/logo\/image\/"},"sameAs":["https:\/\/www.facebook.com\/vallonchene.fr","https:\/\/www.instagram.com\/vallonchene\/","https:\/\/www.pinterest.fr\/vallonchene\/"],"taxID":"49454502300017","hasMerchantReturnPolicy":{"@type":"MerchantReturnPolicy","merchantReturnLink":"https:\/\/www.vallonchene.fr\/remboursements_retours\/"}}]}},"_links":{"self":[{"href":"https:\/\/www.vallonchene.fr\/es\/wp-json\/wp\/v2\/pages\/50501","targetHints":{"allow":["GET"]}}],"collection":[{"href":"https:\/\/www.vallonchene.fr\/es\/wp-json\/wp\/v2\/pages"}],"about":[{"href":"https:\/\/www.vallonchene.fr\/es\/wp-json\/wp\/v2\/types\/page"}],"author":[{"embeddable":true,"href":"https:\/\/www.vallonchene.fr\/es\/wp-json\/wp\/v2\/users\/1"}],"replies":[{"embeddable":true,"href":"https:\/\/www.vallonchene.fr\/es\/wp-json\/wp\/v2\/comments?post=50501"}],"version-history":[{"count":0,"href":"https:\/\/www.vallonchene.fr\/es\/wp-json\/wp\/v2\/pages\/50501\/revisions"}],"wp:attachment":[{"href":"https:\/\/www.vallonchene.fr\/es\/wp-json\/wp\/v2\/media?parent=50501"}],"curies":[{"name":"wp","href":"https:\/\/api.w.org\/{rel}","templated":true}]}}