{"id":50499,"date":"2023-04-11T12:46:18","date_gmt":"2023-04-11T10:46:18","guid":{"rendered":"https:\/\/www.vallonchene.fr\/?page_id=50499"},"modified":"2025-10-23T11:19:00","modified_gmt":"2025-10-23T09:19:00","slug":"nuestra-empresa","status":"publish","type":"page","link":"https:\/\/www.vallonchene.fr\/es\/nuestra-empresa\/","title":{"rendered":"Nuestra empresa"},"content":{"rendered":"\n<h2 class=\"wp-block-heading\" id=\"h-la-pepiniere-vallonchene\">El Vivero VALLONCH\u00caNE<sup>\u00ae<\/sup><\/h2>\n\n<h3 class=\"wp-block-heading\" id=\"h-notre-entreprise\">Nuestra empresa<\/h3>\n\n<p>Fundado en 2007 por dos apasionados del jard\u00edn, el vivero <strong>Vallonch\u00eane est\u00e1 ubicado en el n\u00famero 1426 del chemin d&#8217;Atteville, en 76440 SOMMERY, Normand\u00eda (Francia)<\/strong>, y alberga m\u00e1s de mil plantas raras, incluso extremadamente raras, que pueden sorprender incluso a los coleccionistas m\u00e1s experimentados. Estos con\u00edferos, \u00e1rboles y arbustos de hoja caduca, frutales, arces japoneses y plantas vivaces han sido seleccionados por ser especialmente atractivos por una o varias razones: flores, follaje, perfume, color oto\u00f1al o corteza. Muchas de estas plantas se cultivan parcial o totalmente en nuestras instalaciones en Normand\u00eda. Por supuesto, son perfectamente resistentes al fr\u00edo.   <\/p>\n\n<h3 class=\"wp-block-heading\" id=\"h-nos-points-forts\">Nuestros puntos fuertes<\/h3>\n\n<ul class=\"wp-block-list\">\n<li>Pagos seguros en nuestro sitio web<\/li>\n\n\n\n<li>Productos de calidad superior<\/li>\n\n\n\n<li>Plantas ins\u00f3litas<\/li>\n\n\n\n<li>Gran disponibilidad<\/li>\n\n\n\n<li>Atenci\u00f3n al cliente inigualable<\/li>\n\n\n\n<li>Asesoramiento profesional antes, durante y despu\u00e9s de la compra<\/li>\n\n\n\n<li>Clientes extremadamente satisfechos (<a href=\"https:\/\/es.trustpilot.com\/review\/vallonchene.fr\">compru\u00e9belo usted mismo<\/a>)<\/li>\n<\/ul>\n\n<h3 class=\"wp-block-heading\" id=\"h-comment-acheter\">\u00bfC\u00f3mo comprar?<\/h3>\n\n<p>Cuando no pueda desplazarse para elegir nuestras plantas en persona, puede hacer su pedido directamente aqu\u00ed en nuestro sitio web, ya sea para adquirirlas usted mismo o para enviarlas como regalo a sus amigos. Es importante recordar que \u00fanicamente enviamos las plantas que est\u00e1n disponibles para la venta presencial en nuestro vivero. NO SE TRATA EN NING\u00daN CAS DE PLANTAS LLAMADAS DE VENTA POR CORRESPONDENCIA (a menudo d\u00e9biles y con una mala relaci\u00f3n calidad-precio). <a href=\"https:\/\/www.vallonchene.fr\/es\/entrega\/\">Para obtener m\u00e1s informaci\u00f3n sobre la entrega, haga clic aqu\u00ed.<\/a><\/p>\n","protected":false},"excerpt":{"rendered":"<p>El Vivero VALLONCH\u00caNE\u00ae Nuestra empresa Fundado en 2007 por dos apasionados del jard\u00edn, el vivero Vallonch\u00eane est\u00e1 ubicado en el n\u00famero 1426 del chemin d&#8217;Atteville, en 76440 SOMMERY, Normand\u00eda (Francia), y alberga m\u00e1s de mil plantas raras, incluso extremadamente raras, que pueden sorprender incluso a los coleccionistas m\u00e1s experimentados. Estos con\u00edferos, \u00e1rboles y arbustos de [&hellip;]<\/p>\n","protected":false},"author":1,"featured_media":0,"parent":0,"menu_order":0,"comment_status":"closed","ping_status":"closed","template":"","meta":{"footnotes":""},"class_list":["post-50499","page","type-page","status-publish","hentry"],"yoast_head":"<!-- This site is optimized with the Yoast SEO Premium plugin v27.5 (Yoast SEO v27.5) - https:\/\/yoast.com\/product\/yoast-seo-premium-wordpress\/ -->\n<title>Nuestra empresa - Vallonch\u00eane<\/title>\n<meta name=\"description\" content=\"Qui sommes-nous ? D\u00e9couvrez qui est la p\u00e9pini\u00e8re Vallonch\u00eane et quels sont ses points forts pour satisfaire ses clients.\" \/>\n<meta name=\"robots\" content=\"index, follow, max-snippet:-1, max-image-preview:large, max-video-preview:-1\" \/>\n<link rel=\"canonical\" href=\"https:\/\/www.vallonchene.fr\/es\/nuestra-empresa\/\" \/>\n<meta property=\"og:locale\" content=\"es_ES\" \/>\n<meta property=\"og:type\" content=\"article\" \/>\n<meta property=\"og:title\" content=\"Nuestra empresa\" \/>\n<meta property=\"og:description\" content=\"Qui sommes-nous ? D\u00e9couvrez qui est la p\u00e9pini\u00e8re Vallonch\u00eane et quels sont ses points forts pour satisfaire ses clients.\" \/>\n<meta property=\"og:url\" content=\"https:\/\/www.vallonchene.fr\/es\/nuestra-empresa\/\" \/>\n<meta property=\"og:site_name\" content=\"Vallonch\u00eane\" \/>\n<meta property=\"article:publisher\" content=\"https:\/\/www.facebook.com\/vallonchene.fr\" \/>\n<meta property=\"article:modified_time\" content=\"2025-10-23T09:19:00+00:00\" \/>\n<meta name=\"twitter:card\" content=\"summary_large_image\" \/>\n<meta name=\"twitter:label1\" content=\"Tiempo de lectura\" \/>\n\t<meta name=\"twitter:data1\" content=\"1 minuto\" \/>\n<script type=\"application\/ld+json\" class=\"yoast-schema-graph\">{\"@context\":\"https:\\\/\\\/schema.org\",\"@graph\":[{\"@type\":\"WebPage\",\"@id\":\"https:\\\/\\\/www.vallonchene.fr\\\/es\\\/nuestra-empresa\\\/\",\"url\":\"https:\\\/\\\/www.vallonchene.fr\\\/es\\\/nuestra-empresa\\\/\",\"name\":\"Nuestra empresa - Vallonch\u00eane\",\"isPartOf\":{\"@id\":\"https:\\\/\\\/www.vallonchene.fr\\\/es\\\/#website\"},\"datePublished\":\"2023-04-11T10:46:18+00:00\",\"dateModified\":\"2025-10-23T09:19:00+00:00\",\"description\":\"Qui sommes-nous ? D\u00e9couvrez qui est la p\u00e9pini\u00e8re Vallonch\u00eane et quels sont ses points forts pour satisfaire ses clients.\",\"breadcrumb\":{\"@id\":\"https:\\\/\\\/www.vallonchene.fr\\\/es\\\/nuestra-empresa\\\/#breadcrumb\"},\"inLanguage\":\"es\",\"potentialAction\":[{\"@type\":\"ReadAction\",\"target\":[\"https:\\\/\\\/www.vallonchene.fr\\\/es\\\/nuestra-empresa\\\/\"]}]},{\"@type\":\"BreadcrumbList\",\"@id\":\"https:\\\/\\\/www.vallonchene.fr\\\/es\\\/nuestra-empresa\\\/#breadcrumb\",\"itemListElement\":[{\"@type\":\"ListItem\",\"position\":1,\"name\":\"Home\",\"item\":\"https:\\\/\\\/www.vallonchene.fr\\\/es\\\/\"},{\"@type\":\"ListItem\",\"position\":2,\"name\":\"Nuestra empresa\"}]},{\"@type\":\"WebSite\",\"@id\":\"https:\\\/\\\/www.vallonchene.fr\\\/es\\\/#website\",\"url\":\"https:\\\/\\\/www.vallonchene.fr\\\/es\\\/\",\"name\":\"Vallonch\u00eane\",\"description\":\"El vivero donde la calidad tiene sus ra\u00edces \u2013 Tel.: +33 (0)2.35.90.02.02\",\"publisher\":{\"@id\":\"https:\\\/\\\/www.vallonchene.fr\\\/es\\\/#organization\"},\"potentialAction\":[{\"@type\":\"SearchAction\",\"target\":{\"@type\":\"EntryPoint\",\"urlTemplate\":\"https:\\\/\\\/www.vallonchene.fr\\\/es\\\/?s={search_term_string}\"},\"query-input\":{\"@type\":\"PropertyValueSpecification\",\"valueRequired\":true,\"valueName\":\"search_term_string\"}}],\"inLanguage\":\"es\"},{\"@type\":\"Organization\",\"@id\":\"https:\\\/\\\/www.vallonchene.fr\\\/es\\\/#organization\",\"name\":\"VALLONCHENE\",\"url\":\"https:\\\/\\\/www.vallonchene.fr\\\/es\\\/\",\"logo\":{\"@type\":\"ImageObject\",\"inLanguage\":\"es\",\"@id\":\"https:\\\/\\\/www.vallonchene.fr\\\/es\\\/#\\\/schema\\\/logo\\\/image\\\/\",\"url\":\"https:\\\/\\\/www.vallonchene.fr\\\/wp-content\\\/uploads\\\/2023\\\/03\\\/Logo-Vallonchene-site-et-R_hauteur_100.png\",\"contentUrl\":\"https:\\\/\\\/www.vallonchene.fr\\\/wp-content\\\/uploads\\\/2023\\\/03\\\/Logo-Vallonchene-site-et-R_hauteur_100.png\",\"width\":221,\"height\":100,\"caption\":\"VALLONCHENE\"},\"image\":{\"@id\":\"https:\\\/\\\/www.vallonchene.fr\\\/es\\\/#\\\/schema\\\/logo\\\/image\\\/\"},\"sameAs\":[\"https:\\\/\\\/www.facebook.com\\\/vallonchene.fr\",\"https:\\\/\\\/www.instagram.com\\\/vallonchene\\\/\",\"https:\\\/\\\/www.pinterest.fr\\\/vallonchene\\\/\"],\"taxID\":\"49454502300017\",\"hasMerchantReturnPolicy\":{\"@type\":\"MerchantReturnPolicy\",\"merchantReturnLink\":\"https:\\\/\\\/www.vallonchene.fr\\\/remboursements_retours\\\/\"}}]}<\/script>\n<!-- \/ Yoast SEO Premium plugin. -->","yoast_head_json":{"title":"Nuestra empresa - Vallonch\u00eane","description":"Qui sommes-nous ? D\u00e9couvrez qui est la p\u00e9pini\u00e8re Vallonch\u00eane et quels sont ses points forts pour satisfaire ses clients.","robots":{"index":"index","follow":"follow","max-snippet":"max-snippet:-1","max-image-preview":"max-image-preview:large","max-video-preview":"max-video-preview:-1"},"canonical":"https:\/\/www.vallonchene.fr\/es\/nuestra-empresa\/","og_locale":"es_ES","og_type":"article","og_title":"Nuestra empresa","og_description":"Qui sommes-nous ? D\u00e9couvrez qui est la p\u00e9pini\u00e8re Vallonch\u00eane et quels sont ses points forts pour satisfaire ses clients.","og_url":"https:\/\/www.vallonchene.fr\/es\/nuestra-empresa\/","og_site_name":"Vallonch\u00eane","article_publisher":"https:\/\/www.facebook.com\/vallonchene.fr","article_modified_time":"2025-10-23T09:19:00+00:00","twitter_card":"summary_large_image","twitter_misc":{"Tiempo de lectura":"1 minuto"},"schema":{"@context":"https:\/\/schema.org","@graph":[{"@type":"WebPage","@id":"https:\/\/www.vallonchene.fr\/es\/nuestra-empresa\/","url":"https:\/\/www.vallonchene.fr\/es\/nuestra-empresa\/","name":"Nuestra empresa - Vallonch\u00eane","isPartOf":{"@id":"https:\/\/www.vallonchene.fr\/es\/#website"},"datePublished":"2023-04-11T10:46:18+00:00","dateModified":"2025-10-23T09:19:00+00:00","description":"Qui sommes-nous ? D\u00e9couvrez qui est la p\u00e9pini\u00e8re Vallonch\u00eane et quels sont ses points forts pour satisfaire ses clients.","breadcrumb":{"@id":"https:\/\/www.vallonchene.fr\/es\/nuestra-empresa\/#breadcrumb"},"inLanguage":"es","potentialAction":[{"@type":"ReadAction","target":["https:\/\/www.vallonchene.fr\/es\/nuestra-empresa\/"]}]},{"@type":"BreadcrumbList","@id":"https:\/\/www.vallonchene.fr\/es\/nuestra-empresa\/#breadcrumb","itemListElement":[{"@type":"ListItem","position":1,"name":"Home","item":"https:\/\/www.vallonchene.fr\/es\/"},{"@type":"ListItem","position":2,"name":"Nuestra empresa"}]},{"@type":"WebSite","@id":"https:\/\/www.vallonchene.fr\/es\/#website","url":"https:\/\/www.vallonchene.fr\/es\/","name":"Vallonch\u00eane","description":"El vivero donde la calidad tiene sus ra\u00edces \u2013 Tel.: +33 (0)2.35.90.02.02","publisher":{"@id":"https:\/\/www.vallonchene.fr\/es\/#organization"},"potentialAction":[{"@type":"SearchAction","target":{"@type":"EntryPoint","urlTemplate":"https:\/\/www.vallonchene.fr\/es\/?s={search_term_string}"},"query-input":{"@type":"PropertyValueSpecification","valueRequired":true,"valueName":"search_term_string"}}],"inLanguage":"es"},{"@type":"Organization","@id":"https:\/\/www.vallonchene.fr\/es\/#organization","name":"VALLONCHENE","url":"https:\/\/www.vallonchene.fr\/es\/","logo":{"@type":"ImageObject","inLanguage":"es","@id":"https:\/\/www.vallonchene.fr\/es\/#\/schema\/logo\/image\/","url":"https:\/\/www.vallonchene.fr\/wp-content\/uploads\/2023\/03\/Logo-Vallonchene-site-et-R_hauteur_100.png","contentUrl":"https:\/\/www.vallonchene.fr\/wp-content\/uploads\/2023\/03\/Logo-Vallonchene-site-et-R_hauteur_100.png","width":221,"height":100,"caption":"VALLONCHENE"},"image":{"@id":"https:\/\/www.vallonchene.fr\/es\/#\/schema\/logo\/image\/"},"sameAs":["https:\/\/www.facebook.com\/vallonchene.fr","https:\/\/www.instagram.com\/vallonchene\/","https:\/\/www.pinterest.fr\/vallonchene\/"],"taxID":"49454502300017","hasMerchantReturnPolicy":{"@type":"MerchantReturnPolicy","merchantReturnLink":"https:\/\/www.vallonchene.fr\/remboursements_retours\/"}}]}},"_links":{"self":[{"href":"https:\/\/www.vallonchene.fr\/es\/wp-json\/wp\/v2\/pages\/50499","targetHints":{"allow":["GET"]}}],"collection":[{"href":"https:\/\/www.vallonchene.fr\/es\/wp-json\/wp\/v2\/pages"}],"about":[{"href":"https:\/\/www.vallonchene.fr\/es\/wp-json\/wp\/v2\/types\/page"}],"author":[{"embeddable":true,"href":"https:\/\/www.vallonchene.fr\/es\/wp-json\/wp\/v2\/users\/1"}],"replies":[{"embeddable":true,"href":"https:\/\/www.vallonchene.fr\/es\/wp-json\/wp\/v2\/comments?post=50499"}],"version-history":[{"count":0,"href":"https:\/\/www.vallonchene.fr\/es\/wp-json\/wp\/v2\/pages\/50499\/revisions"}],"wp:attachment":[{"href":"https:\/\/www.vallonchene.fr\/es\/wp-json\/wp\/v2\/media?parent=50499"}],"curies":[{"name":"wp","href":"https:\/\/api.w.org\/{rel}","templated":true}]}}