{"id":50440,"date":"2023-04-06T08:36:13","date_gmt":"2023-04-06T07:36:13","guid":{"rendered":"https:\/\/www.vallonchene.fr\/?page_id=50440"},"modified":"2024-12-02T12:07:50","modified_gmt":"2024-12-02T11:07:50","slug":"pagos-seguros","status":"publish","type":"page","link":"https:\/\/www.vallonchene.fr\/es\/pagos-seguros\/","title":{"rendered":"Pagos seguros"},"content":{"rendered":"\n<h3 class=\"wp-block-heading\" id=\"h-los-metodos-de-pago-disponibles\">Los m\u00e9todos de pago disponibles<\/h3>\n\n\n\n<p>Puede pagar su pedido en www.vallonchene.fr con:<\/p>\n\n\n\n<ul class=\"wp-block-list\">\n<li>su tarjeta de cr\u00e9dito o d\u00e9bito<\/li>\n\n\n\n<li>un giro bancario (a iniciar por usted mismo a trav\u00e9s de su banca en l\u00ednea); sus datos bancarios aparecer\u00e1n al concluir la compra<\/li>\n<\/ul>\n\n\n\n<h3 class=\"wp-block-heading\" id=\"h-proteccion-de-sus-pagos\">Protecci\u00f3n de sus pagos<\/h3>\n\n\n\n<p>Todas las transacciones en nuestro sitio web est\u00e1n encriptadas con SSL para garantizarle el m\u00e1s alto nivel de seguridad disponible actualmente.<br>Al efectuar su pedido, tiene la opci\u00f3n de guardar su tarjeta de cr\u00e9dito para pagos futuros. LA INFORMACI\u00d3N DE SU TARJETA se almacena EXCLUSIVAMENTE en el SERVICIO BANCARIO que procesa los pagos en nuestro nombre, garantiz\u00e1ndole un nivel de seguridad bancaria. <strong>Sus datos de pago NUNCA se almacenan en nuestros sistemas.<\/strong><\/p>\n\n\n\n<h3 class=\"wp-block-heading\" id=\"h-proteccion-de-datos-personales\">Protecci\u00f3n de datos personales<\/h3>\n\n\n\n<p>Toda la informaci\u00f3n proporcionada en nuestro sitio web es necesaria para procesar su pedido de manera eficiente y se trata con la m\u00e1xima confidencialidad y discreci\u00f3n.<\/p>\n\n\n\n<p>Nos sometemos estrictamente a la Ley Org\u00e1nica 15\/1999 de Protecci\u00f3n de Datos de Car\u00e1cter Personal en Francia. De conformidad con esta ley, usted tiene derecho a acceder, rectificar y cancelar sus datos personales. Para ejercer estos derechos, puede ponerse en contacto con nosotros a trav\u00e9s de la secci\u00f3n de contacto o hacer los cambios directamente, iniciando sesi\u00f3n en su cuenta de cliente en nuestra p\u00e1gina web <a href=\"https:\/\/www.vallonchene.fr\/es\/mi-cuenta\/\">aqu\u00ed<\/a>.<\/p>\n\n\n\n<p>Si desea ponerse en contacto con nuestro servicio de atenci\u00f3n al cliente, <a href=\"https:\/\/www.vallonchene.fr\/es\/contacto\/\">haga clic aqu\u00ed para enviarnos un mensaje<\/a> o <a href=\"https:\/\/www.vallonchene.fr\/es\/mi-cuenta\/\">inicie sesi\u00f3n en su cuenta<\/a>.<\/p>\n","protected":false},"excerpt":{"rendered":"<p>Los m\u00e9todos de pago disponibles Puede pagar su pedido en www.vallonchene.fr con: Protecci\u00f3n de sus pagos Todas las transacciones en nuestro sitio web est\u00e1n encriptadas con SSL para garantizarle el m\u00e1s alto nivel de seguridad disponible actualmente.Al efectuar su pedido, tiene la opci\u00f3n de guardar su tarjeta de cr\u00e9dito para pagos futuros. LA INFORMACI\u00d3N DE [&hellip;]<\/p>\n","protected":false},"author":1,"featured_media":0,"parent":0,"menu_order":0,"comment_status":"closed","ping_status":"closed","template":"","meta":{"footnotes":""},"class_list":["post-50440","page","type-page","status-publish","hentry"],"yoast_head":"<!-- This site is optimized with the Yoast SEO Premium plugin v27.5 (Yoast SEO v27.5) - https:\/\/yoast.com\/product\/yoast-seo-premium-wordpress\/ -->\n<title>Pagos seguros - Vallonch\u00eane<\/title>\n<meta name=\"robots\" content=\"index, follow, max-snippet:-1, max-image-preview:large, max-video-preview:-1\" \/>\n<link rel=\"canonical\" href=\"https:\/\/www.vallonchene.fr\/es\/pagos-seguros\/\" \/>\n<meta property=\"og:locale\" content=\"es_ES\" \/>\n<meta property=\"og:type\" content=\"article\" \/>\n<meta property=\"og:title\" content=\"Pagos seguros\" \/>\n<meta property=\"og:description\" content=\"Los m\u00e9todos de pago disponibles Puede pagar su pedido en www.vallonchene.fr con: Protecci\u00f3n de sus pagos Todas las transacciones en nuestro sitio web est\u00e1n encriptadas con SSL para garantizarle el m\u00e1s alto nivel de seguridad disponible actualmente.Al efectuar su pedido, tiene la opci\u00f3n de guardar su tarjeta de cr\u00e9dito para pagos futuros. LA INFORMACI\u00d3N DE [&hellip;]\" \/>\n<meta property=\"og:url\" content=\"https:\/\/www.vallonchene.fr\/es\/pagos-seguros\/\" \/>\n<meta property=\"og:site_name\" content=\"Vallonch\u00eane\" \/>\n<meta property=\"article:publisher\" content=\"https:\/\/www.facebook.com\/vallonchene.fr\" \/>\n<meta property=\"article:modified_time\" content=\"2024-12-02T11:07:50+00:00\" \/>\n<meta name=\"twitter:card\" content=\"summary_large_image\" \/>\n<meta name=\"twitter:label1\" content=\"Tiempo de lectura\" \/>\n\t<meta name=\"twitter:data1\" content=\"2 minutos\" \/>\n<script type=\"application\/ld+json\" class=\"yoast-schema-graph\">{\"@context\":\"https:\\\/\\\/schema.org\",\"@graph\":[{\"@type\":\"WebPage\",\"@id\":\"https:\\\/\\\/www.vallonchene.fr\\\/es\\\/pagos-seguros\\\/\",\"url\":\"https:\\\/\\\/www.vallonchene.fr\\\/es\\\/pagos-seguros\\\/\",\"name\":\"Pagos seguros - Vallonch\u00eane\",\"isPartOf\":{\"@id\":\"https:\\\/\\\/www.vallonchene.fr\\\/es\\\/#website\"},\"datePublished\":\"2023-04-06T07:36:13+00:00\",\"dateModified\":\"2024-12-02T11:07:50+00:00\",\"breadcrumb\":{\"@id\":\"https:\\\/\\\/www.vallonchene.fr\\\/es\\\/pagos-seguros\\\/#breadcrumb\"},\"inLanguage\":\"es\",\"potentialAction\":[{\"@type\":\"ReadAction\",\"target\":[\"https:\\\/\\\/www.vallonchene.fr\\\/es\\\/pagos-seguros\\\/\"]}]},{\"@type\":\"BreadcrumbList\",\"@id\":\"https:\\\/\\\/www.vallonchene.fr\\\/es\\\/pagos-seguros\\\/#breadcrumb\",\"itemListElement\":[{\"@type\":\"ListItem\",\"position\":1,\"name\":\"Home\",\"item\":\"https:\\\/\\\/www.vallonchene.fr\\\/es\\\/\"},{\"@type\":\"ListItem\",\"position\":2,\"name\":\"Pagos seguros\"}]},{\"@type\":\"WebSite\",\"@id\":\"https:\\\/\\\/www.vallonchene.fr\\\/es\\\/#website\",\"url\":\"https:\\\/\\\/www.vallonchene.fr\\\/es\\\/\",\"name\":\"Vallonch\u00eane\",\"description\":\"El vivero donde la calidad tiene sus ra\u00edces \u2013 Tel.: +33 (0)2.35.90.02.02\",\"publisher\":{\"@id\":\"https:\\\/\\\/www.vallonchene.fr\\\/es\\\/#organization\"},\"potentialAction\":[{\"@type\":\"SearchAction\",\"target\":{\"@type\":\"EntryPoint\",\"urlTemplate\":\"https:\\\/\\\/www.vallonchene.fr\\\/es\\\/?s={search_term_string}\"},\"query-input\":{\"@type\":\"PropertyValueSpecification\",\"valueRequired\":true,\"valueName\":\"search_term_string\"}}],\"inLanguage\":\"es\"},{\"@type\":\"Organization\",\"@id\":\"https:\\\/\\\/www.vallonchene.fr\\\/es\\\/#organization\",\"name\":\"VALLONCHENE\",\"url\":\"https:\\\/\\\/www.vallonchene.fr\\\/es\\\/\",\"logo\":{\"@type\":\"ImageObject\",\"inLanguage\":\"es\",\"@id\":\"https:\\\/\\\/www.vallonchene.fr\\\/es\\\/#\\\/schema\\\/logo\\\/image\\\/\",\"url\":\"https:\\\/\\\/www.vallonchene.fr\\\/wp-content\\\/uploads\\\/2023\\\/03\\\/Logo-Vallonchene-site-et-R_hauteur_100.png\",\"contentUrl\":\"https:\\\/\\\/www.vallonchene.fr\\\/wp-content\\\/uploads\\\/2023\\\/03\\\/Logo-Vallonchene-site-et-R_hauteur_100.png\",\"width\":221,\"height\":100,\"caption\":\"VALLONCHENE\"},\"image\":{\"@id\":\"https:\\\/\\\/www.vallonchene.fr\\\/es\\\/#\\\/schema\\\/logo\\\/image\\\/\"},\"sameAs\":[\"https:\\\/\\\/www.facebook.com\\\/vallonchene.fr\",\"https:\\\/\\\/www.instagram.com\\\/vallonchene\\\/\",\"https:\\\/\\\/www.pinterest.fr\\\/vallonchene\\\/\"],\"taxID\":\"49454502300017\",\"hasMerchantReturnPolicy\":{\"@type\":\"MerchantReturnPolicy\",\"merchantReturnLink\":\"https:\\\/\\\/www.vallonchene.fr\\\/remboursements_retours\\\/\"}}]}<\/script>\n<!-- \/ Yoast SEO Premium plugin. -->","yoast_head_json":{"title":"Pagos seguros - Vallonch\u00eane","robots":{"index":"index","follow":"follow","max-snippet":"max-snippet:-1","max-image-preview":"max-image-preview:large","max-video-preview":"max-video-preview:-1"},"canonical":"https:\/\/www.vallonchene.fr\/es\/pagos-seguros\/","og_locale":"es_ES","og_type":"article","og_title":"Pagos seguros","og_description":"Los m\u00e9todos de pago disponibles Puede pagar su pedido en www.vallonchene.fr con: Protecci\u00f3n de sus pagos Todas las transacciones en nuestro sitio web est\u00e1n encriptadas con SSL para garantizarle el m\u00e1s alto nivel de seguridad disponible actualmente.Al efectuar su pedido, tiene la opci\u00f3n de guardar su tarjeta de cr\u00e9dito para pagos futuros. LA INFORMACI\u00d3N DE [&hellip;]","og_url":"https:\/\/www.vallonchene.fr\/es\/pagos-seguros\/","og_site_name":"Vallonch\u00eane","article_publisher":"https:\/\/www.facebook.com\/vallonchene.fr","article_modified_time":"2024-12-02T11:07:50+00:00","twitter_card":"summary_large_image","twitter_misc":{"Tiempo de lectura":"2 minutos"},"schema":{"@context":"https:\/\/schema.org","@graph":[{"@type":"WebPage","@id":"https:\/\/www.vallonchene.fr\/es\/pagos-seguros\/","url":"https:\/\/www.vallonchene.fr\/es\/pagos-seguros\/","name":"Pagos seguros - Vallonch\u00eane","isPartOf":{"@id":"https:\/\/www.vallonchene.fr\/es\/#website"},"datePublished":"2023-04-06T07:36:13+00:00","dateModified":"2024-12-02T11:07:50+00:00","breadcrumb":{"@id":"https:\/\/www.vallonchene.fr\/es\/pagos-seguros\/#breadcrumb"},"inLanguage":"es","potentialAction":[{"@type":"ReadAction","target":["https:\/\/www.vallonchene.fr\/es\/pagos-seguros\/"]}]},{"@type":"BreadcrumbList","@id":"https:\/\/www.vallonchene.fr\/es\/pagos-seguros\/#breadcrumb","itemListElement":[{"@type":"ListItem","position":1,"name":"Home","item":"https:\/\/www.vallonchene.fr\/es\/"},{"@type":"ListItem","position":2,"name":"Pagos seguros"}]},{"@type":"WebSite","@id":"https:\/\/www.vallonchene.fr\/es\/#website","url":"https:\/\/www.vallonchene.fr\/es\/","name":"Vallonch\u00eane","description":"El vivero donde la calidad tiene sus ra\u00edces \u2013 Tel.: +33 (0)2.35.90.02.02","publisher":{"@id":"https:\/\/www.vallonchene.fr\/es\/#organization"},"potentialAction":[{"@type":"SearchAction","target":{"@type":"EntryPoint","urlTemplate":"https:\/\/www.vallonchene.fr\/es\/?s={search_term_string}"},"query-input":{"@type":"PropertyValueSpecification","valueRequired":true,"valueName":"search_term_string"}}],"inLanguage":"es"},{"@type":"Organization","@id":"https:\/\/www.vallonchene.fr\/es\/#organization","name":"VALLONCHENE","url":"https:\/\/www.vallonchene.fr\/es\/","logo":{"@type":"ImageObject","inLanguage":"es","@id":"https:\/\/www.vallonchene.fr\/es\/#\/schema\/logo\/image\/","url":"https:\/\/www.vallonchene.fr\/wp-content\/uploads\/2023\/03\/Logo-Vallonchene-site-et-R_hauteur_100.png","contentUrl":"https:\/\/www.vallonchene.fr\/wp-content\/uploads\/2023\/03\/Logo-Vallonchene-site-et-R_hauteur_100.png","width":221,"height":100,"caption":"VALLONCHENE"},"image":{"@id":"https:\/\/www.vallonchene.fr\/es\/#\/schema\/logo\/image\/"},"sameAs":["https:\/\/www.facebook.com\/vallonchene.fr","https:\/\/www.instagram.com\/vallonchene\/","https:\/\/www.pinterest.fr\/vallonchene\/"],"taxID":"49454502300017","hasMerchantReturnPolicy":{"@type":"MerchantReturnPolicy","merchantReturnLink":"https:\/\/www.vallonchene.fr\/remboursements_retours\/"}}]}},"_links":{"self":[{"href":"https:\/\/www.vallonchene.fr\/es\/wp-json\/wp\/v2\/pages\/50440","targetHints":{"allow":["GET"]}}],"collection":[{"href":"https:\/\/www.vallonchene.fr\/es\/wp-json\/wp\/v2\/pages"}],"about":[{"href":"https:\/\/www.vallonchene.fr\/es\/wp-json\/wp\/v2\/types\/page"}],"author":[{"embeddable":true,"href":"https:\/\/www.vallonchene.fr\/es\/wp-json\/wp\/v2\/users\/1"}],"replies":[{"embeddable":true,"href":"https:\/\/www.vallonchene.fr\/es\/wp-json\/wp\/v2\/comments?post=50440"}],"version-history":[{"count":0,"href":"https:\/\/www.vallonchene.fr\/es\/wp-json\/wp\/v2\/pages\/50440\/revisions"}],"wp:attachment":[{"href":"https:\/\/www.vallonchene.fr\/es\/wp-json\/wp\/v2\/media?parent=50440"}],"curies":[{"name":"wp","href":"https:\/\/api.w.org\/{rel}","templated":true}]}}