{"id":50409,"date":"2023-04-11T13:24:56","date_gmt":"2023-04-11T12:24:56","guid":{"rendered":"https:\/\/www.vallonchene.fr\/?page_id=50409"},"modified":"2024-12-02T10:01:43","modified_gmt":"2024-12-02T09:01:43","slug":"por-que-nuestros-clientes-estan-tan-satisfechos","status":"publish","type":"page","link":"https:\/\/www.vallonchene.fr\/es\/por-que-nuestros-clientes-estan-tan-satisfechos\/","title":{"rendered":"\u00bfPor qu\u00e9 nuestros clientes est\u00e1n tan satisfechos?"},"content":{"rendered":"<div class=\"wp-block-image\">\n<figure class=\"alignright size-full\"><a href=\"https:\/\/es.trustpilot.com\/review\/vallonchene.fr\"><img decoding=\"async\" width=\"222\" height=\"72\" src=\"https:\/\/www.vallonchene.fr\/wp-content\/uploads\/2023\/03\/Trustpilot.png\" alt=\"Trustpilot\" class=\"wp-image-26490\" srcset=\"https:\/\/www.vallonchene.fr\/wp-content\/uploads\/2023\/03\/Trustpilot.png 222w, https:\/\/www.vallonchene.fr\/wp-content\/uploads\/2023\/03\/Trustpilot-64x21.png 64w\" sizes=\"(max-width: 222px) 100vw, 222px\" \/><\/a><\/figure>\n<\/div>\n\n\n<p>En Vallonch\u00eane, estamos muy orgullosos de nuestra puntuaci\u00f3n de satisfacci\u00f3n, una de las m\u00e1s altas de nuestro sector, visible en la plataforma independiente de opiniones verificadas Trustpilot.<\/p>\n\n\n\n<p><a class=\"btn btn-default\" href=\"https:\/\/fr.trustpilot.com\/review\/vallonchene.fr\" target=\"_blank\" rel=\"noreferrer noopener\">Consulte nuestra valoraci\u00f3n en Trustpilot haciendo clic aqu\u00ed.<\/a><\/p>\n\n\n\n<p>En primer lugar, queremos destacar que Vallonch\u00eane no es solo un sitio de venta. Somos, ante todo, un vivero de producci\u00f3n dirigido por apasionados. \u00a1No somos uno de esos vendedores de plantas que abundan en internet hoy en d\u00eda!<\/p>\n\n\n\n<p>Si desea visitarnos en persona, <strong>le invitamos a venir a nuestro vivero<\/strong> y aprovechar para realizar sus compras de plantas. Adem\u00e1s, le informamos que las <strong>plantas que enviamos a domicilio son las mismas<\/strong> que puede comprar en nuestro vivero.<\/p>\n\n\n\n<p>En esta p\u00e1gina queremos explicarle<\/p>\n\n\n\n<ul class=\"wp-block-list\">\n<li>El efecto ensalada<\/li>\n\n\n\n<li>Notre m\u00e9thode de production<\/li>\n\n\n\n<li>Nuestro m\u00e9todo de producci\u00f3n<\/li>\n\n\n\n<li>Viajar como tesoros<\/li>\n<\/ul>\n\n\n\n<p>De lo contrario, puede resultar dif\u00edcil comprender por qu\u00e9 una planta en nuestro hogar parece, a primera vista, m\u00e1s cara.<\/p>\n\n\n\n<p><strong>El precio de una planta se determina en funci\u00f3n de su tiempo de cultivo, su tasa de crecimiento, la complejidad de su m\u00e9todo de cultivo y multiplicaci\u00f3n, as\u00ed como de los costos de embalaje para el env\u00edo.<\/strong><\/p>\n\n\n\n<h2 class=\"wp-block-heading\" id=\"h-el-efecto-ensalada\">El efecto ensalada<\/h2>\n\n\n\n<p>En Vallonch\u00eane, <strong>nunca utilizamos fertilizantes l\u00edquidos ni de liberaci\u00f3n lenta, ni tampoco pesticidas<\/strong> para cultivar nuestras plantas.<\/p>\n\n\n\n<p>En la horticultura convencional, ocurre todo lo contrario, ya que estos fertilizantes especiales hacen que las plantas crezcan muy r\u00e1pido, pero sin ninguna estructura. Estas producciones hort\u00edcolas provocan entonces un<strong> \u00abefecto ensalada\u00bb:<\/strong><\/p>\n\n\n\n<p>En realidad, las plantas cultivadas de esta manera crecen demasiado r\u00e1pido y carecen de estructura. Por consiguiente, son menos resistentes a las condiciones clim\u00e1ticas adversas como el fr\u00edo, el sol o el calor. En \u00faltima instancia, <strong>estas plantas de crecimiento acelerado son \u00abdelicadas\u00bb (como una lechuga)<\/strong> y se ven f\u00e1cilmente afectadas por las inclemencias del tiempo. Provenientes de un entorno de producci\u00f3n artificial, les costar\u00e1 mucho adaptarse al entorno natural de su jard\u00edn. Algunas no sobrevivir\u00e1n. \u00a1Qu\u00e9 p\u00e9rdida de tiempo y dinero!<\/p>\n\n\n\n<p>Tenga en cuenta tambi\u00e9n que <strong>los fertilizantes l\u00edquidos representan un grave peligro para los acu\u00edferos<\/strong>, ya que no son completamente absorbidos por el suelo. De esta manera, pueden contaminar las aguas subterr\u00e1neas con nitratos, que luego pueden terminar en el agua que bebemos. \u00a1Piense en esto la pr\u00f3xima vez que tome un vaso de agua!<\/p>\n\n\n\n<h2 class=\"wp-block-heading\" id=\"h-plantas-mas-robustas\">Plantas m\u00e1s robustas\u2026<\/h2>\n\n\n<div class=\"wp-block-image\">\n<figure class=\"alignright size-full\"><a href=\"https:\/\/www.vallonchene.fr\/wp-content\/uploads\/2021\/02\/20230301_164300_01-56c-Substrat-utilise-dans-la-production-a-Vallonchene.jpg\"><img decoding=\"async\" width=\"300\" height=\"300\" src=\"https:\/\/www.vallonchene.fr\/wp-content\/uploads\/2021\/02\/20230301_164300_01-56c-Substrat-utilise-dans-la-production-a-Vallonchene.jpg\" alt=\"Substrat utilis\u00e9 dans la production \u00e0 Vallonch\u00eane\" class=\"wp-image-181\" srcset=\"https:\/\/www.vallonchene.fr\/wp-content\/uploads\/2021\/02\/20230301_164300_01-56c-Substrat-utilise-dans-la-production-a-Vallonchene.jpg 300w, https:\/\/www.vallonchene.fr\/wp-content\/uploads\/2021\/02\/20230301_164300_01-56c-Substrat-utilise-dans-la-production-a-Vallonchene-100x100.jpg 100w, https:\/\/www.vallonchene.fr\/wp-content\/uploads\/2021\/02\/20230301_164300_01-56c-Substrat-utilise-dans-la-production-a-Vallonchene-64x64.jpg 64w, https:\/\/www.vallonchene.fr\/wp-content\/uploads\/2021\/02\/20230301_164300_01-56c-Substrat-utilise-dans-la-production-a-Vallonchene-150x150.jpg 150w, https:\/\/www.vallonchene.fr\/wp-content\/uploads\/2021\/02\/20230301_164300_01-56c-Substrat-utilise-dans-la-production-a-Vallonchene-32x32.jpg 32w\" sizes=\"(max-width: 300px) 100vw, 300px\" \/><\/a><figcaption class=\"wp-element-caption\">Nuestro sustrato es natural y especialmente formulado para nuestras plantas<\/figcaption><\/figure>\n<\/div>\n\n\n<p>Sin embargo, el sustrato (soporte donde se desarrollan las ra\u00edces) que utilizamos en Vallonch\u00eane para cultivar nuestras plantas es \u00fanico. <strong>Es una mezcla de cortezas finas, compost y diferentes turbas ricas<\/strong>. Permite a la planta \u00abaprender\u00bb a crecer en una situaci\u00f3n m\u00e1s natural.<\/p>\n\n\n\n<p>Adem\u00e1s, <strong>nunca utilizamos turbas puras ni otras mezclas artificiales<\/strong> para nuestros cultivos. Las turbas puras obligan a un riego intensivo, tanto durante la producci\u00f3n como una vez que la planta est\u00e1 en su hogar, lo que conlleva un gran desperdicio de agua.<\/p>\n\n\n\n<p>En Vallonch\u00eane, regamos nuestras plantas mediante un sistema de riego por goteo para evitar el desperdicio de agua. De esta manera, cada planta recibe exactamente la cantidad de agua que necesita.<\/p>\n\n\n\n<p>Finalmente, las plantas de Vallonch\u00eane <strong>se cultivan al aire libre<\/strong>. Los vegetales que crecen en nuestro vivero no se someten a <strong>ning\u00fan forzamiento en invernadero<\/strong>. Esta es una t\u00e9cnica hort\u00edcola que acelera el crecimiento de las plantas, pero puede afectar su calidad a largo plazo.<\/p>\n\n\n\n<p><strong>Nuestra metodolog\u00eda de cultivo garantiza un desarrollo m\u00e1s natural y una mejor adaptaci\u00f3n de nuestras plantas a su jard\u00edn.<\/strong> En resumen, al plantar nuestros ejemplares, <strong>no necesitar\u00e1 un riego diario<\/strong>. Con un riego semanal en \u00e9pocas secas (durante el primer a\u00f1o) ser\u00e1 suficiente.<\/p>\n\n\n\n<h2 class=\"wp-block-heading\" id=\"h-cual-es-nuestro-proceso-de-seleccion-de-plantas-para-sus-pedidos\">\u00bfCu\u00e1l es nuestro proceso de selecci\u00f3n de plantas para sus pedidos?<\/h2>\n\n\n\n<p>Cuando procesamos tu pedido, seleccionamos cada planta con el mayor cuidado, poni\u00e9ndonos en el lugar de quien la recibir\u00e1. De hecho, <strong>las elegimos como si fueran para nosotros mismos<\/strong>.<\/p>\n\n\n\n<p>La producci\u00f3n vegetal est\u00e1 sujeta a las inclemencias de la naturaleza. Si, debido a circunstancias imprevistas, alguna planta no cumple con nuestros est\u00e1ndares de calidad al momento de preparar su pedido, nos pondremos en contacto con usted telef\u00f3nicamente y, si as\u00ed lo desea, le enviaremos fotos. De esta manera, podr\u00e1 evaluar si la planta es de su agrado. Posteriormente, podr\u00e1 optar por un reemplazo de variedad o solicitar un reembolso INMEDIATO del importe abonado.<\/p>\n\n\n\n<h2 class=\"wp-block-heading\" id=\"h-viajar-como-tesoros\">Viajar como tesoros<\/h2>\n\n\n\n<p>Desarrollamos nuestra labor con gran pasi\u00f3n y entusiasmo. Por esta raz\u00f3n, <strong>dedicamos una atenci\u00f3n especial, no solo a nuestros clientes, sino tambi\u00e9n a nuestras plantas<\/strong>. Cada una de nuestras peque\u00f1as maravillas es muy preciada para nosotros. No olvidemos que son seres vivos confiados a nuestro cuidado.<\/p>\n\n\n\n<p>Por ello, prestamos la m\u00e1xima atenci\u00f3n al embalaje de nuestras plantas ex\u00f3ticas cuando deben viajar para llegar hasta usted. Cada paquete se crea de forma individual y personalizada para cada pedido en el momento de su env\u00edo. Como podr\u00e1 imaginar, ninguno de nuestros paquetes es igual. Los <a href=\"https:\/\/es.trustpilot.com\/review\/vallonchene.fr\">numerosos testimonios de cinco estrellas en Trustpilot<\/a> (una plataforma independiente de rese\u00f1as verificadas) hacen referencia con frecuencia a nuestros embalajes muy s\u00f3lidos y cuidadosos.<\/p>\n\n\n\n<h2 class=\"wp-block-heading\" id=\"h-a-igual-calidad-vallonchene-no-es-mas-caro\">A igual calidad, Vallonch\u00eane no es m\u00e1s caro\u2026<\/h2>\n\n\n\n<p>En conclusi\u00f3n, y considerando todos los factores, comprender\u00e1 que, a igual calidad, Vallonch\u00eane no solo no es m\u00e1s caro, sino que incluso puede resultar m\u00e1s econ\u00f3mico.<\/p>\n","protected":false},"excerpt":{"rendered":"<p>En Vallonch\u00eane, estamos muy orgullosos de nuestra puntuaci\u00f3n de satisfacci\u00f3n, una de las m\u00e1s altas de nuestro sector, visible en la plataforma independiente de opiniones verificadas Trustpilot. Consulte nuestra valoraci\u00f3n en Trustpilot haciendo clic aqu\u00ed. En primer lugar, queremos destacar que Vallonch\u00eane no es solo un sitio de venta. Somos, ante todo, un vivero de [&hellip;]<\/p>\n","protected":false},"author":1,"featured_media":0,"parent":0,"menu_order":0,"comment_status":"closed","ping_status":"closed","template":"","meta":{"footnotes":""},"class_list":["post-50409","page","type-page","status-publish","hentry"],"yoast_head":"<!-- This site is optimized with the Yoast SEO Premium plugin v27.5 (Yoast SEO v27.5) - https:\/\/yoast.com\/product\/yoast-seo-premium-wordpress\/ -->\n<title>\u00bfPor qu\u00e9 nuestros clientes est\u00e1n tan satisfechos? - Vallonch\u00eane<\/title>\n<meta name=\"robots\" content=\"index, follow, max-snippet:-1, max-image-preview:large, max-video-preview:-1\" \/>\n<link rel=\"canonical\" href=\"https:\/\/www.vallonchene.fr\/es\/por-que-nuestros-clientes-estan-tan-satisfechos\/\" \/>\n<meta property=\"og:locale\" content=\"es_ES\" \/>\n<meta property=\"og:type\" content=\"article\" \/>\n<meta property=\"og:title\" content=\"\u00bfPor qu\u00e9 nuestros clientes est\u00e1n tan satisfechos?\" \/>\n<meta property=\"og:description\" content=\"En Vallonch\u00eane, estamos muy orgullosos de nuestra puntuaci\u00f3n de satisfacci\u00f3n, una de las m\u00e1s altas de nuestro sector, visible en la plataforma independiente de opiniones verificadas Trustpilot. Consulte nuestra valoraci\u00f3n en Trustpilot haciendo clic aqu\u00ed. En primer lugar, queremos destacar que Vallonch\u00eane no es solo un sitio de venta. Somos, ante todo, un vivero de [&hellip;]\" \/>\n<meta property=\"og:url\" content=\"https:\/\/www.vallonchene.fr\/es\/por-que-nuestros-clientes-estan-tan-satisfechos\/\" \/>\n<meta property=\"og:site_name\" content=\"Vallonch\u00eane\" \/>\n<meta property=\"article:publisher\" content=\"https:\/\/www.facebook.com\/vallonchene.fr\" \/>\n<meta property=\"article:modified_time\" content=\"2024-12-02T09:01:43+00:00\" \/>\n<meta property=\"og:image\" content=\"https:\/\/www.vallonchene.fr\/wp-content\/uploads\/2023\/03\/Trustpilot.png\" \/>\n\t<meta property=\"og:image:width\" content=\"222\" \/>\n\t<meta property=\"og:image:height\" content=\"72\" \/>\n\t<meta property=\"og:image:type\" content=\"image\/png\" \/>\n<meta name=\"twitter:card\" content=\"summary_large_image\" \/>\n<meta name=\"twitter:label1\" content=\"Tiempo de lectura\" \/>\n\t<meta name=\"twitter:data1\" content=\"5 minutos\" \/>\n<script type=\"application\/ld+json\" class=\"yoast-schema-graph\">{\"@context\":\"https:\\\/\\\/schema.org\",\"@graph\":[{\"@type\":\"WebPage\",\"@id\":\"https:\\\/\\\/www.vallonchene.fr\\\/es\\\/por-que-nuestros-clientes-estan-tan-satisfechos\\\/\",\"url\":\"https:\\\/\\\/www.vallonchene.fr\\\/es\\\/por-que-nuestros-clientes-estan-tan-satisfechos\\\/\",\"name\":\"\u00bfPor qu\u00e9 nuestros clientes est\u00e1n tan satisfechos? - Vallonch\u00eane\",\"isPartOf\":{\"@id\":\"https:\\\/\\\/www.vallonchene.fr\\\/es\\\/#website\"},\"primaryImageOfPage\":{\"@id\":\"https:\\\/\\\/www.vallonchene.fr\\\/es\\\/por-que-nuestros-clientes-estan-tan-satisfechos\\\/#primaryimage\"},\"image\":{\"@id\":\"https:\\\/\\\/www.vallonchene.fr\\\/es\\\/por-que-nuestros-clientes-estan-tan-satisfechos\\\/#primaryimage\"},\"thumbnailUrl\":\"https:\\\/\\\/www.vallonchene.fr\\\/wp-content\\\/uploads\\\/2023\\\/03\\\/Trustpilot.png\",\"datePublished\":\"2023-04-11T12:24:56+00:00\",\"dateModified\":\"2024-12-02T09:01:43+00:00\",\"breadcrumb\":{\"@id\":\"https:\\\/\\\/www.vallonchene.fr\\\/es\\\/por-que-nuestros-clientes-estan-tan-satisfechos\\\/#breadcrumb\"},\"inLanguage\":\"es\",\"potentialAction\":[{\"@type\":\"ReadAction\",\"target\":[\"https:\\\/\\\/www.vallonchene.fr\\\/es\\\/por-que-nuestros-clientes-estan-tan-satisfechos\\\/\"]}]},{\"@type\":\"ImageObject\",\"inLanguage\":\"es\",\"@id\":\"https:\\\/\\\/www.vallonchene.fr\\\/es\\\/por-que-nuestros-clientes-estan-tan-satisfechos\\\/#primaryimage\",\"url\":\"https:\\\/\\\/www.vallonchene.fr\\\/wp-content\\\/uploads\\\/2023\\\/03\\\/Trustpilot.png\",\"contentUrl\":\"https:\\\/\\\/www.vallonchene.fr\\\/wp-content\\\/uploads\\\/2023\\\/03\\\/Trustpilot.png\"},{\"@type\":\"BreadcrumbList\",\"@id\":\"https:\\\/\\\/www.vallonchene.fr\\\/es\\\/por-que-nuestros-clientes-estan-tan-satisfechos\\\/#breadcrumb\",\"itemListElement\":[{\"@type\":\"ListItem\",\"position\":1,\"name\":\"Home\",\"item\":\"https:\\\/\\\/www.vallonchene.fr\\\/es\\\/\"},{\"@type\":\"ListItem\",\"position\":2,\"name\":\"\u00bfPor qu\u00e9 nuestros clientes est\u00e1n tan satisfechos?\"}]},{\"@type\":\"WebSite\",\"@id\":\"https:\\\/\\\/www.vallonchene.fr\\\/es\\\/#website\",\"url\":\"https:\\\/\\\/www.vallonchene.fr\\\/es\\\/\",\"name\":\"Vallonch\u00eane\",\"description\":\"El vivero donde la calidad tiene sus ra\u00edces \u2013 Tel.: +33 (0)2.35.90.02.02\",\"publisher\":{\"@id\":\"https:\\\/\\\/www.vallonchene.fr\\\/es\\\/#organization\"},\"potentialAction\":[{\"@type\":\"SearchAction\",\"target\":{\"@type\":\"EntryPoint\",\"urlTemplate\":\"https:\\\/\\\/www.vallonchene.fr\\\/es\\\/?s={search_term_string}\"},\"query-input\":{\"@type\":\"PropertyValueSpecification\",\"valueRequired\":true,\"valueName\":\"search_term_string\"}}],\"inLanguage\":\"es\"},{\"@type\":\"Organization\",\"@id\":\"https:\\\/\\\/www.vallonchene.fr\\\/es\\\/#organization\",\"name\":\"VALLONCHENE\",\"url\":\"https:\\\/\\\/www.vallonchene.fr\\\/es\\\/\",\"logo\":{\"@type\":\"ImageObject\",\"inLanguage\":\"es\",\"@id\":\"https:\\\/\\\/www.vallonchene.fr\\\/es\\\/#\\\/schema\\\/logo\\\/image\\\/\",\"url\":\"https:\\\/\\\/www.vallonchene.fr\\\/wp-content\\\/uploads\\\/2023\\\/03\\\/Logo-Vallonchene-site-et-R_hauteur_100.png\",\"contentUrl\":\"https:\\\/\\\/www.vallonchene.fr\\\/wp-content\\\/uploads\\\/2023\\\/03\\\/Logo-Vallonchene-site-et-R_hauteur_100.png\",\"width\":221,\"height\":100,\"caption\":\"VALLONCHENE\"},\"image\":{\"@id\":\"https:\\\/\\\/www.vallonchene.fr\\\/es\\\/#\\\/schema\\\/logo\\\/image\\\/\"},\"sameAs\":[\"https:\\\/\\\/www.facebook.com\\\/vallonchene.fr\",\"https:\\\/\\\/www.instagram.com\\\/vallonchene\\\/\",\"https:\\\/\\\/www.pinterest.fr\\\/vallonchene\\\/\"],\"taxID\":\"49454502300017\",\"hasMerchantReturnPolicy\":{\"@type\":\"MerchantReturnPolicy\",\"merchantReturnLink\":\"https:\\\/\\\/www.vallonchene.fr\\\/remboursements_retours\\\/\"}}]}<\/script>\n<!-- \/ Yoast SEO Premium plugin. -->","yoast_head_json":{"title":"\u00bfPor qu\u00e9 nuestros clientes est\u00e1n tan satisfechos? - Vallonch\u00eane","robots":{"index":"index","follow":"follow","max-snippet":"max-snippet:-1","max-image-preview":"max-image-preview:large","max-video-preview":"max-video-preview:-1"},"canonical":"https:\/\/www.vallonchene.fr\/es\/por-que-nuestros-clientes-estan-tan-satisfechos\/","og_locale":"es_ES","og_type":"article","og_title":"\u00bfPor qu\u00e9 nuestros clientes est\u00e1n tan satisfechos?","og_description":"En Vallonch\u00eane, estamos muy orgullosos de nuestra puntuaci\u00f3n de satisfacci\u00f3n, una de las m\u00e1s altas de nuestro sector, visible en la plataforma independiente de opiniones verificadas Trustpilot. Consulte nuestra valoraci\u00f3n en Trustpilot haciendo clic aqu\u00ed. En primer lugar, queremos destacar que Vallonch\u00eane no es solo un sitio de venta. Somos, ante todo, un vivero de [&hellip;]","og_url":"https:\/\/www.vallonchene.fr\/es\/por-que-nuestros-clientes-estan-tan-satisfechos\/","og_site_name":"Vallonch\u00eane","article_publisher":"https:\/\/www.facebook.com\/vallonchene.fr","article_modified_time":"2024-12-02T09:01:43+00:00","og_image":[{"width":222,"height":72,"url":"https:\/\/www.vallonchene.fr\/wp-content\/uploads\/2023\/03\/Trustpilot.png","type":"image\/png"}],"twitter_card":"summary_large_image","twitter_misc":{"Tiempo de lectura":"5 minutos"},"schema":{"@context":"https:\/\/schema.org","@graph":[{"@type":"WebPage","@id":"https:\/\/www.vallonchene.fr\/es\/por-que-nuestros-clientes-estan-tan-satisfechos\/","url":"https:\/\/www.vallonchene.fr\/es\/por-que-nuestros-clientes-estan-tan-satisfechos\/","name":"\u00bfPor qu\u00e9 nuestros clientes est\u00e1n tan satisfechos? - Vallonch\u00eane","isPartOf":{"@id":"https:\/\/www.vallonchene.fr\/es\/#website"},"primaryImageOfPage":{"@id":"https:\/\/www.vallonchene.fr\/es\/por-que-nuestros-clientes-estan-tan-satisfechos\/#primaryimage"},"image":{"@id":"https:\/\/www.vallonchene.fr\/es\/por-que-nuestros-clientes-estan-tan-satisfechos\/#primaryimage"},"thumbnailUrl":"https:\/\/www.vallonchene.fr\/wp-content\/uploads\/2023\/03\/Trustpilot.png","datePublished":"2023-04-11T12:24:56+00:00","dateModified":"2024-12-02T09:01:43+00:00","breadcrumb":{"@id":"https:\/\/www.vallonchene.fr\/es\/por-que-nuestros-clientes-estan-tan-satisfechos\/#breadcrumb"},"inLanguage":"es","potentialAction":[{"@type":"ReadAction","target":["https:\/\/www.vallonchene.fr\/es\/por-que-nuestros-clientes-estan-tan-satisfechos\/"]}]},{"@type":"ImageObject","inLanguage":"es","@id":"https:\/\/www.vallonchene.fr\/es\/por-que-nuestros-clientes-estan-tan-satisfechos\/#primaryimage","url":"https:\/\/www.vallonchene.fr\/wp-content\/uploads\/2023\/03\/Trustpilot.png","contentUrl":"https:\/\/www.vallonchene.fr\/wp-content\/uploads\/2023\/03\/Trustpilot.png"},{"@type":"BreadcrumbList","@id":"https:\/\/www.vallonchene.fr\/es\/por-que-nuestros-clientes-estan-tan-satisfechos\/#breadcrumb","itemListElement":[{"@type":"ListItem","position":1,"name":"Home","item":"https:\/\/www.vallonchene.fr\/es\/"},{"@type":"ListItem","position":2,"name":"\u00bfPor qu\u00e9 nuestros clientes est\u00e1n tan satisfechos?"}]},{"@type":"WebSite","@id":"https:\/\/www.vallonchene.fr\/es\/#website","url":"https:\/\/www.vallonchene.fr\/es\/","name":"Vallonch\u00eane","description":"El vivero donde la calidad tiene sus ra\u00edces \u2013 Tel.: +33 (0)2.35.90.02.02","publisher":{"@id":"https:\/\/www.vallonchene.fr\/es\/#organization"},"potentialAction":[{"@type":"SearchAction","target":{"@type":"EntryPoint","urlTemplate":"https:\/\/www.vallonchene.fr\/es\/?s={search_term_string}"},"query-input":{"@type":"PropertyValueSpecification","valueRequired":true,"valueName":"search_term_string"}}],"inLanguage":"es"},{"@type":"Organization","@id":"https:\/\/www.vallonchene.fr\/es\/#organization","name":"VALLONCHENE","url":"https:\/\/www.vallonchene.fr\/es\/","logo":{"@type":"ImageObject","inLanguage":"es","@id":"https:\/\/www.vallonchene.fr\/es\/#\/schema\/logo\/image\/","url":"https:\/\/www.vallonchene.fr\/wp-content\/uploads\/2023\/03\/Logo-Vallonchene-site-et-R_hauteur_100.png","contentUrl":"https:\/\/www.vallonchene.fr\/wp-content\/uploads\/2023\/03\/Logo-Vallonchene-site-et-R_hauteur_100.png","width":221,"height":100,"caption":"VALLONCHENE"},"image":{"@id":"https:\/\/www.vallonchene.fr\/es\/#\/schema\/logo\/image\/"},"sameAs":["https:\/\/www.facebook.com\/vallonchene.fr","https:\/\/www.instagram.com\/vallonchene\/","https:\/\/www.pinterest.fr\/vallonchene\/"],"taxID":"49454502300017","hasMerchantReturnPolicy":{"@type":"MerchantReturnPolicy","merchantReturnLink":"https:\/\/www.vallonchene.fr\/remboursements_retours\/"}}]}},"_links":{"self":[{"href":"https:\/\/www.vallonchene.fr\/es\/wp-json\/wp\/v2\/pages\/50409","targetHints":{"allow":["GET"]}}],"collection":[{"href":"https:\/\/www.vallonchene.fr\/es\/wp-json\/wp\/v2\/pages"}],"about":[{"href":"https:\/\/www.vallonchene.fr\/es\/wp-json\/wp\/v2\/types\/page"}],"author":[{"embeddable":true,"href":"https:\/\/www.vallonchene.fr\/es\/wp-json\/wp\/v2\/users\/1"}],"replies":[{"embeddable":true,"href":"https:\/\/www.vallonchene.fr\/es\/wp-json\/wp\/v2\/comments?post=50409"}],"version-history":[{"count":0,"href":"https:\/\/www.vallonchene.fr\/es\/wp-json\/wp\/v2\/pages\/50409\/revisions"}],"wp:attachment":[{"href":"https:\/\/www.vallonchene.fr\/es\/wp-json\/wp\/v2\/media?parent=50409"}],"curies":[{"name":"wp","href":"https:\/\/api.w.org\/{rel}","templated":true}]}}