{"id":53976,"date":"2025-05-31T14:48:50","date_gmt":"2025-05-31T12:48:50","guid":{"rendered":"https:\/\/www.vallonchene.fr\/?post_type=product&#038;p=53976"},"modified":"2025-12-17T09:26:36","modified_gmt":"2025-12-17T08:26:36","slug":"visite-guidee-du-jardin-de-vallonchene-pour-une-personne","status":"publish","type":"product","link":"https:\/\/www.vallonchene.fr\/en\/product\/visite-guidee-du-jardin-de-vallonchene-pour-une-personne\/","title":{"rendered":"Visite guid\u00e9e du Jardin de Vallonch\u00eane pour une personne"},"content":{"rendered":"","protected":false},"excerpt":{"rendered":"<p class=\"ai-optimize-28\"><strong>Pour voir le site Internet du Jardin de Vallonch\u00eane, <a href=\"https:\/\/jardin.vallonchene.fr\" target=\"_blank\" rel=\"noopener\">merci de cliquer ici<\/a>.<\/strong><\/p>\n<ul>\n<li class=\"ai-optimize-27\">Votre e-mail de confirmation de commande, une fois le paiement d\u00fbment re\u00e7u, fera foi de ticket d&#8217;entr\u00e9e. Pensez \u00e0 l&#8217;imprimer ou \u00e0 le sauvegarder sur votre t\u00e9l\u00e9phone, car il devra \u00eatre pr\u00e9sent\u00e9 lors de votre arriv\u00e9e pour acc\u00e9der \u00e0 la visite.<\/li>\n<li class=\"ai-optimize-27\"><strong>Pour que l&#8217;exp\u00e9rience soit optimale pour tous, la visite d\u00e9marre \u00e0 l&#8217;heure exacte.<\/strong><\/li>\n<li class=\"ai-optimize-26\">Lieu de rendez-vous : <a href=\"https:\/\/jardin.vallonchene.fr\/contact\/\">P\u00e9pini\u00e8re Vallonch\u00eane<\/a> (vous pourrez \u00e9galement y stationner votre v\u00e9hicule)<\/li>\n<li class=\"ai-optimize-26\">Dur\u00e9e de la visite : environ 1 h 30 \u00e0 2 h 00<\/li>\n<li class=\"ai-optimize-31\">Pr\u00e9voir des v\u00eatements adapt\u00e9s \u00e0 la m\u00e9t\u00e9o et des chaussures de marche confortables.<\/li>\n<li class=\"ai-optimize-32\">Compte tenu de la configuration du site tr\u00e8s vallonn\u00e9, la visite est inadapt\u00e9e aux personnes \u00e0 mobilit\u00e9 r\u00e9duite, fauteuils roulants et poussettes.<\/li>\n<li class=\"ai-optimize-33\">Nos amies, les animaux, ne sont cependant pas admis \u00e0 la visite.<\/li>\n<li class=\"ai-optimize-35\">Ticket non remboursable, sauf en cas d&#8217;annulation de notre part.<\/li>\n<\/ul>\n<p>&nbsp;<\/p>\n","protected":false},"featured_media":41898,"comment_status":"open","ping_status":"closed","template":"","meta":[],"product_brand":[],"product_cat":[15],"product_tag":[],"class_list":{"0":"post-53976","1":"product","2":"type-product","3":"status-publish","4":"has-post-thumbnail","6":"product_cat-non-classe","8":"first","9":"outofstock","10":"taxable","11":"shipping-taxable","12":"purchasable","13":"product-type-variable"},"supplier_id":null,"supplier_sku":"","barcode":null,"atum_controlled":true,"out_stock_date":null,"out_stock_threshold":null,"inheritable":true,"inbound_stock":0,"stock_on_hold":15,"sold_today":0,"sales_last_days":15,"reserved_stock":0,"customer_returns":0,"warehouse_damage":0,"lost_in_post":0,"other_logs":0,"out_stock_days":null,"lost_sales":0,"has_location":false,"update_date":"2026-04-29T08:11:35","atum_locations":[],"atum_stock_status":"instock","restock_status":false,"low_stock_amount":"","sales_update_date":"2026-04-29T08:11:35","calc_backorders":null,"yoast_head":"<!-- This site is optimized with the Yoast SEO Premium plugin v27.5 (Yoast SEO v27.5) - https:\/\/yoast.com\/product\/yoast-seo-premium-wordpress\/ -->\n<title>Visite guid\u00e9e du Jardin de Vallonch\u00eane pour une personne - Vallonch\u00eane<\/title>\n<meta name=\"robots\" content=\"index, follow, max-snippet:-1, max-image-preview:large, max-video-preview:-1\" \/>\n<link rel=\"canonical\" href=\"https:\/\/www.vallonchene.fr\/en\/product\/visite-guidee-du-jardin-de-vallonchene-pour-une-personne\/\" \/>\n<meta property=\"og:locale\" content=\"en_US\" \/>\n<meta property=\"og:type\" content=\"article\" \/>\n<meta property=\"og:title\" content=\"Visite guid\u00e9e du Jardin de Vallonch\u00eane pour une personne\" \/>\n<meta property=\"og:description\" content=\"Pour voir le site Internet du Jardin de Vallonch\u00eane, merci de cliquer ici.    Votre e-mail de confirmation de commande, une fois le paiement d\u00fbment re\u00e7u, fera foi de ticket d&#039;entr\u00e9e. Pensez \u00e0 l&#039;imprimer ou \u00e0 le sauvegarder sur votre t\u00e9l\u00e9phone, car il devra \u00eatre pr\u00e9sent\u00e9 lors de votre arriv\u00e9e pour acc\u00e9der \u00e0 la visite.  Pour que l&#039;exp\u00e9rience soit optimale pour tous, la visite d\u00e9marre \u00e0 l&#039;heure exacte.  Lieu de rendez-vous : P\u00e9pini\u00e8re Vallonch\u00eane (vous pourrez \u00e9galement y stationner votre v\u00e9hicule)  Dur\u00e9e de la visite : environ 1 h 30 \u00e0 2 h 00  Pr\u00e9voir des v\u00eatements adapt\u00e9s \u00e0 la m\u00e9t\u00e9o et des chaussures de marche confortables.  Compte tenu de la configuration du site tr\u00e8s vallonn\u00e9, la visite est inadapt\u00e9e aux personnes \u00e0 mobilit\u00e9 r\u00e9duite, fauteuils roulants et poussettes.  Nos amies, les animaux, ne sont cependant pas admis \u00e0 la visite.  Ticket non remboursable, sauf en cas d&#039;annulation de notre part.  &nbsp;\" \/>\n<meta property=\"og:url\" content=\"https:\/\/www.vallonchene.fr\/en\/product\/visite-guidee-du-jardin-de-vallonchene-pour-une-personne\/\" \/>\n<meta property=\"og:site_name\" content=\"Vallonch\u00eane\" \/>\n<meta property=\"article:publisher\" content=\"https:\/\/www.facebook.com\/vallonchene.fr\" \/>\n<meta property=\"article:modified_time\" content=\"2025-12-17T08:26:36+00:00\" \/>\n<meta property=\"og:image\" content=\"https:\/\/www.vallonchene.fr\/wp-content\/uploads\/2023\/07\/Logo-JARDIN-Vallonchene-avec-site-R-SIMPLE.jpg\" \/>\n\t<meta property=\"og:image:width\" content=\"927\" \/>\n\t<meta property=\"og:image:height\" content=\"626\" \/>\n\t<meta property=\"og:image:type\" content=\"image\/jpeg\" \/>\n<meta name=\"twitter:card\" content=\"summary_large_image\" \/>\n<meta name=\"twitter:label1\" content=\"Availability\" \/>\n\t<meta name=\"twitter:data1\" content=\"Out of stock\" \/>\n<script type=\"application\/ld+json\" class=\"yoast-schema-graph\">{\"@context\":\"https:\\\/\\\/schema.org\",\"@graph\":[{\"@type\":\"WebPage\",\"@id\":\"https:\\\/\\\/www.vallonchene.fr\\\/en\\\/product\\\/visite-guidee-du-jardin-de-vallonchene-pour-une-personne\\\/\",\"url\":\"https:\\\/\\\/www.vallonchene.fr\\\/en\\\/product\\\/visite-guidee-du-jardin-de-vallonchene-pour-une-personne\\\/\",\"name\":\"Visite guid\u00e9e du Jardin de Vallonch\u00eane pour une personne - Vallonch\u00eane\",\"isPartOf\":{\"@id\":\"https:\\\/\\\/www.vallonchene.fr\\\/en\\\/#website\"},\"primaryImageOfPage\":{\"@id\":\"https:\\\/\\\/www.vallonchene.fr\\\/en\\\/product\\\/visite-guidee-du-jardin-de-vallonchene-pour-une-personne\\\/#primaryimage\"},\"image\":{\"@id\":\"https:\\\/\\\/www.vallonchene.fr\\\/en\\\/product\\\/visite-guidee-du-jardin-de-vallonchene-pour-une-personne\\\/#primaryimage\"},\"thumbnailUrl\":\"https:\\\/\\\/www.vallonchene.fr\\\/wp-content\\\/uploads\\\/2023\\\/07\\\/Logo-JARDIN-Vallonchene-avec-site-R-SIMPLE.jpg\",\"datePublished\":\"2025-05-31T12:48:50+00:00\",\"dateModified\":\"2025-12-17T08:26:36+00:00\",\"breadcrumb\":{\"@id\":\"https:\\\/\\\/www.vallonchene.fr\\\/en\\\/product\\\/visite-guidee-du-jardin-de-vallonchene-pour-une-personne\\\/#breadcrumb\"},\"inLanguage\":\"en-US\",\"potentialAction\":[{\"@type\":\"ReadAction\",\"target\":[\"https:\\\/\\\/www.vallonchene.fr\\\/en\\\/product\\\/visite-guidee-du-jardin-de-vallonchene-pour-une-personne\\\/\"]}]},{\"@type\":\"ImageObject\",\"inLanguage\":\"en-US\",\"@id\":\"https:\\\/\\\/www.vallonchene.fr\\\/en\\\/product\\\/visite-guidee-du-jardin-de-vallonchene-pour-une-personne\\\/#primaryimage\",\"url\":\"https:\\\/\\\/www.vallonchene.fr\\\/wp-content\\\/uploads\\\/2023\\\/07\\\/Logo-JARDIN-Vallonchene-avec-site-R-SIMPLE.jpg\",\"contentUrl\":\"https:\\\/\\\/www.vallonchene.fr\\\/wp-content\\\/uploads\\\/2023\\\/07\\\/Logo-JARDIN-Vallonchene-avec-site-R-SIMPLE.jpg\",\"width\":927,\"height\":626,\"caption\":\"Logo of Vallonch\u00eane Garden\"},{\"@type\":\"BreadcrumbList\",\"@id\":\"https:\\\/\\\/www.vallonchene.fr\\\/en\\\/product\\\/visite-guidee-du-jardin-de-vallonchene-pour-une-personne\\\/#breadcrumb\",\"itemListElement\":[{\"@type\":\"ListItem\",\"position\":1,\"name\":\"Home\",\"item\":\"https:\\\/\\\/www.vallonchene.fr\\\/en\\\/\"},{\"@type\":\"ListItem\",\"position\":2,\"name\":\"Shop\",\"item\":\"https:\\\/\\\/www.vallonchene.fr\\\/en\\\/shop\\\/\"},{\"@type\":\"ListItem\",\"position\":3,\"name\":\"no class\",\"item\":\"https:\\\/\\\/www.vallonchene.fr\\\/en\\\/product-category\\\/no-class\\\/\"},{\"@type\":\"ListItem\",\"position\":4,\"name\":\"Visite guid\u00e9e du Jardin de Vallonch\u00eane pour une personne\"}]},{\"@type\":\"WebSite\",\"@id\":\"https:\\\/\\\/www.vallonchene.fr\\\/en\\\/#website\",\"url\":\"https:\\\/\\\/www.vallonchene.fr\\\/en\\\/\",\"name\":\"Vallonch\u00eane\",\"description\":\"The nursery where quality has its roots \u2013 Call: +33 (0)2 35 90 02 02\",\"publisher\":{\"@id\":\"https:\\\/\\\/www.vallonchene.fr\\\/en\\\/#organization\"},\"potentialAction\":[{\"@type\":\"SearchAction\",\"target\":{\"@type\":\"EntryPoint\",\"urlTemplate\":\"https:\\\/\\\/www.vallonchene.fr\\\/en\\\/?s={search_term_string}\"},\"query-input\":{\"@type\":\"PropertyValueSpecification\",\"valueRequired\":true,\"valueName\":\"search_term_string\"}}],\"inLanguage\":\"en-US\"},{\"@type\":\"Organization\",\"@id\":\"https:\\\/\\\/www.vallonchene.fr\\\/en\\\/#organization\",\"name\":\"VALLONCHENE\",\"url\":\"https:\\\/\\\/www.vallonchene.fr\\\/en\\\/\",\"logo\":{\"@type\":\"ImageObject\",\"inLanguage\":\"en-US\",\"@id\":\"https:\\\/\\\/www.vallonchene.fr\\\/en\\\/#\\\/schema\\\/logo\\\/image\\\/\",\"url\":\"https:\\\/\\\/www.vallonchene.fr\\\/wp-content\\\/uploads\\\/2023\\\/03\\\/Logo-Vallonchene-site-et-R_hauteur_100.png\",\"contentUrl\":\"https:\\\/\\\/www.vallonchene.fr\\\/wp-content\\\/uploads\\\/2023\\\/03\\\/Logo-Vallonchene-site-et-R_hauteur_100.png\",\"width\":221,\"height\":100,\"caption\":\"VALLONCHENE\"},\"image\":{\"@id\":\"https:\\\/\\\/www.vallonchene.fr\\\/en\\\/#\\\/schema\\\/logo\\\/image\\\/\"},\"sameAs\":[\"https:\\\/\\\/www.facebook.com\\\/vallonchene.fr\",\"https:\\\/\\\/www.instagram.com\\\/vallonchene\\\/\",\"https:\\\/\\\/www.pinterest.fr\\\/vallonchene\\\/\"],\"taxID\":\"49454502300017\",\"hasMerchantReturnPolicy\":{\"@type\":\"MerchantReturnPolicy\",\"merchantReturnLink\":\"https:\\\/\\\/www.vallonchene.fr\\\/remboursements_retours\\\/\"}}]}<\/script>\n<meta property=\"og:availability\" content=\"out of stock\" \/>\n<meta property=\"product:availability\" content=\"out of stock\" \/>\n<meta property=\"product:condition\" content=\"new\" \/>\n<!-- \/ Yoast SEO Premium plugin. -->","yoast_head_json":{"title":"Visite guid\u00e9e du Jardin de Vallonch\u00eane pour une personne - Vallonch\u00eane","robots":{"index":"index","follow":"follow","max-snippet":"max-snippet:-1","max-image-preview":"max-image-preview:large","max-video-preview":"max-video-preview:-1"},"canonical":"https:\/\/www.vallonchene.fr\/en\/product\/visite-guidee-du-jardin-de-vallonchene-pour-une-personne\/","og_locale":"en_US","og_type":"article","og_title":"Visite guid\u00e9e du Jardin de Vallonch\u00eane pour une personne","og_description":"Pour voir le site Internet du Jardin de Vallonch\u00eane, merci de cliquer ici.    Votre e-mail de confirmation de commande, une fois le paiement d\u00fbment re\u00e7u, fera foi de ticket d'entr\u00e9e. Pensez \u00e0 l'imprimer ou \u00e0 le sauvegarder sur votre t\u00e9l\u00e9phone, car il devra \u00eatre pr\u00e9sent\u00e9 lors de votre arriv\u00e9e pour acc\u00e9der \u00e0 la visite.  Pour que l'exp\u00e9rience soit optimale pour tous, la visite d\u00e9marre \u00e0 l'heure exacte.  Lieu de rendez-vous : P\u00e9pini\u00e8re Vallonch\u00eane (vous pourrez \u00e9galement y stationner votre v\u00e9hicule)  Dur\u00e9e de la visite : environ 1 h 30 \u00e0 2 h 00  Pr\u00e9voir des v\u00eatements adapt\u00e9s \u00e0 la m\u00e9t\u00e9o et des chaussures de marche confortables.  Compte tenu de la configuration du site tr\u00e8s vallonn\u00e9, la visite est inadapt\u00e9e aux personnes \u00e0 mobilit\u00e9 r\u00e9duite, fauteuils roulants et poussettes.  Nos amies, les animaux, ne sont cependant pas admis \u00e0 la visite.  Ticket non remboursable, sauf en cas d'annulation de notre part.  &nbsp;","og_url":"https:\/\/www.vallonchene.fr\/en\/product\/visite-guidee-du-jardin-de-vallonchene-pour-une-personne\/","og_site_name":"Vallonch\u00eane","article_publisher":"https:\/\/www.facebook.com\/vallonchene.fr","article_modified_time":"2025-12-17T08:26:36+00:00","og_image":[{"width":927,"height":626,"url":"https:\/\/www.vallonchene.fr\/wp-content\/uploads\/2023\/07\/Logo-JARDIN-Vallonchene-avec-site-R-SIMPLE.jpg","type":"image\/jpeg"}],"twitter_card":"summary_large_image","twitter_misc":{"Availability":"Out of stock"},"schema":{"@context":"https:\/\/schema.org","@graph":[{"@type":"WebPage","@id":"https:\/\/www.vallonchene.fr\/en\/product\/visite-guidee-du-jardin-de-vallonchene-pour-une-personne\/","url":"https:\/\/www.vallonchene.fr\/en\/product\/visite-guidee-du-jardin-de-vallonchene-pour-une-personne\/","name":"Visite guid\u00e9e du Jardin de Vallonch\u00eane pour une personne - Vallonch\u00eane","isPartOf":{"@id":"https:\/\/www.vallonchene.fr\/en\/#website"},"primaryImageOfPage":{"@id":"https:\/\/www.vallonchene.fr\/en\/product\/visite-guidee-du-jardin-de-vallonchene-pour-une-personne\/#primaryimage"},"image":{"@id":"https:\/\/www.vallonchene.fr\/en\/product\/visite-guidee-du-jardin-de-vallonchene-pour-une-personne\/#primaryimage"},"thumbnailUrl":"https:\/\/www.vallonchene.fr\/wp-content\/uploads\/2023\/07\/Logo-JARDIN-Vallonchene-avec-site-R-SIMPLE.jpg","datePublished":"2025-05-31T12:48:50+00:00","dateModified":"2025-12-17T08:26:36+00:00","breadcrumb":{"@id":"https:\/\/www.vallonchene.fr\/en\/product\/visite-guidee-du-jardin-de-vallonchene-pour-une-personne\/#breadcrumb"},"inLanguage":"en-US","potentialAction":[{"@type":"ReadAction","target":["https:\/\/www.vallonchene.fr\/en\/product\/visite-guidee-du-jardin-de-vallonchene-pour-une-personne\/"]}]},{"@type":"ImageObject","inLanguage":"en-US","@id":"https:\/\/www.vallonchene.fr\/en\/product\/visite-guidee-du-jardin-de-vallonchene-pour-une-personne\/#primaryimage","url":"https:\/\/www.vallonchene.fr\/wp-content\/uploads\/2023\/07\/Logo-JARDIN-Vallonchene-avec-site-R-SIMPLE.jpg","contentUrl":"https:\/\/www.vallonchene.fr\/wp-content\/uploads\/2023\/07\/Logo-JARDIN-Vallonchene-avec-site-R-SIMPLE.jpg","width":927,"height":626,"caption":"Logo of Vallonch\u00eane Garden"},{"@type":"BreadcrumbList","@id":"https:\/\/www.vallonchene.fr\/en\/product\/visite-guidee-du-jardin-de-vallonchene-pour-une-personne\/#breadcrumb","itemListElement":[{"@type":"ListItem","position":1,"name":"Home","item":"https:\/\/www.vallonchene.fr\/en\/"},{"@type":"ListItem","position":2,"name":"Shop","item":"https:\/\/www.vallonchene.fr\/en\/shop\/"},{"@type":"ListItem","position":3,"name":"no class","item":"https:\/\/www.vallonchene.fr\/en\/product-category\/no-class\/"},{"@type":"ListItem","position":4,"name":"Visite guid\u00e9e du Jardin de Vallonch\u00eane pour une personne"}]},{"@type":"WebSite","@id":"https:\/\/www.vallonchene.fr\/en\/#website","url":"https:\/\/www.vallonchene.fr\/en\/","name":"Vallonch\u00eane","description":"The nursery where quality has its roots \u2013 Call: +33 (0)2 35 90 02 02","publisher":{"@id":"https:\/\/www.vallonchene.fr\/en\/#organization"},"potentialAction":[{"@type":"SearchAction","target":{"@type":"EntryPoint","urlTemplate":"https:\/\/www.vallonchene.fr\/en\/?s={search_term_string}"},"query-input":{"@type":"PropertyValueSpecification","valueRequired":true,"valueName":"search_term_string"}}],"inLanguage":"en-US"},{"@type":"Organization","@id":"https:\/\/www.vallonchene.fr\/en\/#organization","name":"VALLONCHENE","url":"https:\/\/www.vallonchene.fr\/en\/","logo":{"@type":"ImageObject","inLanguage":"en-US","@id":"https:\/\/www.vallonchene.fr\/en\/#\/schema\/logo\/image\/","url":"https:\/\/www.vallonchene.fr\/wp-content\/uploads\/2023\/03\/Logo-Vallonchene-site-et-R_hauteur_100.png","contentUrl":"https:\/\/www.vallonchene.fr\/wp-content\/uploads\/2023\/03\/Logo-Vallonchene-site-et-R_hauteur_100.png","width":221,"height":100,"caption":"VALLONCHENE"},"image":{"@id":"https:\/\/www.vallonchene.fr\/en\/#\/schema\/logo\/image\/"},"sameAs":["https:\/\/www.facebook.com\/vallonchene.fr","https:\/\/www.instagram.com\/vallonchene\/","https:\/\/www.pinterest.fr\/vallonchene\/"],"taxID":"49454502300017","hasMerchantReturnPolicy":{"@type":"MerchantReturnPolicy","merchantReturnLink":"https:\/\/www.vallonchene.fr\/remboursements_retours\/"}}]},"og_availability":"out of stock","product_availability":"out of stock","product_condition":"new"},"_links":{"self":[{"href":"https:\/\/www.vallonchene.fr\/en\/wp-json\/wp\/v2\/product\/53976","targetHints":{"allow":["GET"]}}],"collection":[{"href":"https:\/\/www.vallonchene.fr\/en\/wp-json\/wp\/v2\/product"}],"about":[{"href":"https:\/\/www.vallonchene.fr\/en\/wp-json\/wp\/v2\/types\/product"}],"replies":[{"embeddable":true,"href":"https:\/\/www.vallonchene.fr\/en\/wp-json\/wp\/v2\/comments?post=53976"}],"wp:featuredmedia":[{"embeddable":true,"href":"https:\/\/www.vallonchene.fr\/en\/wp-json\/wp\/v2\/media\/41898"}],"wp:attachment":[{"href":"https:\/\/www.vallonchene.fr\/en\/wp-json\/wp\/v2\/media?parent=53976"}],"wp:term":[{"taxonomy":"product_brand","embeddable":true,"href":"https:\/\/www.vallonchene.fr\/en\/wp-json\/wp\/v2\/product_brand?post=53976"},{"taxonomy":"product_cat","embeddable":true,"href":"https:\/\/www.vallonchene.fr\/en\/wp-json\/wp\/v2\/product_cat?post=53976"},{"taxonomy":"product_tag","embeddable":true,"href":"https:\/\/www.vallonchene.fr\/en\/wp-json\/wp\/v2\/product_tag?post=53976"}],"curies":[{"name":"wp","href":"https:\/\/api.w.org\/{rel}","templated":true}]}}