{"id":24679,"date":"2022-07-26T15:13:02","date_gmt":"2022-07-26T15:13:02","guid":{"rendered":"https:\/\/testing.vallonchene.fr\/produit\/populus-tremula-erecta-fastigiata-aspen-eurasian-aspen-european-aspen\/"},"modified":"2025-05-14T15:12:51","modified_gmt":"2025-05-14T13:12:51","slug":"populus-tremula-erecta-fastigiata-aspen-eurasian-aspen-european-aspen","status":"publish","type":"product","link":"https:\/\/www.vallonchene.fr\/en\/product\/populus-tremula-erecta-fastigiata-aspen-eurasian-aspen-european-aspen\/","title":{"rendered":"POPULUS tremula &#8216;Erecta&#8217; (Fastigiata)"},"content":{"rendered":"<h2>The Plant<\/h2>\n<p>The <strong>POPULUS tremula &#8216;Erecta&#8217; (syn. Fastigiata)<\/strong>, commonly known as the <strong>fastigiate quaking aspen<\/strong>, provides an <strong>important structural and decorative element<\/strong> for any garden, whether large or small.<\/p>\n<p>Indeed, this tree <strong>requires very little space<\/strong>. Moreover, it reaches a <strong>much lower height than the Italian aspen<\/strong>, for example. The trunks of specimens in the Vallonch\u00eane Garden, which are a little over 20 years old, measure only about twenty centimeters in diameter.  <\/p>\n<p>Moreover, its <strong>matte foliage<\/strong> takes on <strong>interesting colors in autumn<\/strong>, ranging from red to yellow, including orange. <\/p>\n<p>Enfin, en hiver, ses branches d\u00e9nud\u00e9es tr\u00e8s verticales accentuent sa silhouette fastigi\u00e9e.<\/p>\n<p>To view all the POPULUS currently available for sale, <strong><a href=\"https:\/\/www.vallonchene.fr\/en\/?s=populus&amp;post_type=product&amp;dgwt_wcas=1&amp;lang=fr&amp;filter_stock_status=instock\">please click here<\/a><\/strong>.<\/p>\n<h2>How to plant and care for POPULUS tremula &#8216;Erecta&#8217; (Fastigiata)?<\/h2>\n<h3>Planting<\/h3>\n<p>This tree is not demanding. However, consider the following points: <\/p>\n<ol>\n<li>Choose a location in full sun or partial shade.<\/li>\n<li>The location can be wet, moderately moist, or dry.<\/li>\n<li>The fastigiate quaking aspen tolerates light, normal, or heavy soil with an acidic, neutral, or calcareous pH.<\/li>\n<\/ol>\n<p>For proper preparation of the planting hole, we have designed <a href=\"https:\/\/www.vallonchene.fr\/comment-planter-et-entretenir-des-vegetaux\/comment-planter-et-entretenir-arbres-arbustes-et-coniferes\/\" target=\"_blank\" rel=\"noreferrer noopener\"><strong>specific instructions available here<\/strong><\/a>.<\/p>\n<h3>Care<\/h3>\n<p>If this plant is not demanding when it comes to planting, it is even less so regarding maintenance. However, it is still important to monitor watering during dry periods in the first two years after planting to ensure successful establishment.  Furthermore, <a href=\"https:\/\/www.vallonchene.fr\/comment-bien-arroser-le-jardin-et-economiser-leau\/\"><strong>discover here how to water your garden and save water<\/strong><\/a>.<\/p>\n<p>However, you can prune in January or February if specific needs arise.<\/p>\n<h2>History and Origin<\/h2>\n<p>The POPULUS tremula &#8216;Erecta&#8217; (Fastigiata) belongs to the fascinating cultivars of the European poplar. It was discovered in Sweden in the mid-19th century, specifically in V\u00e4sterg\u00f6tland in 1847. <\/p>\n<p>The species <em>POPULUS<\/em> has a rich evolutionary history, with traces found in Eurasia after the Cretaceous-Paleogene mass extinction. It then diversified significantly about 27 million years ago, influenced by climate changes. <em><br \/>\n<\/em><\/p>\n<p>Finally, POPULUS tremula &#8216;Erecta&#8217; (syn. Fastigiata) captivates with its vertical growth habit while adding a touch of color in autumn.<\/p>\n","protected":false},"excerpt":{"rendered":"<p>This <strong>quaking aspen<\/strong> has a very upright form. The leaves of <strong>POPULUS tremula &#8216;Erecta&#8217;<\/strong> are smaller than those of the classic species and take on vibrant colors in autumn. <\/p>\n","protected":false},"featured_media":53824,"comment_status":"open","ping_status":"closed","template":"","meta":[],"product_brand":[],"product_cat":[253],"product_tag":[12571],"class_list":{"0":"post-24679","1":"product","2":"type-product","3":"status-publish","4":"has-post-thumbnail","6":"product_cat-shrubs-and-trees-en","7":"product_tag-populus-en","8":"pa_99-hauteurapproximativeapres1-2_3m-en","9":"pa_couleurdufeuillage-green-en","10":"pa_exigencesenhumidite-dry-en","11":"pa_exigencesenhumidite-humid-en","12":"pa_exigencesenhumidite-mean-en","13":"pa_expositionspossibles-34-fullsunfromnoonuntil5pmmin-en","14":"pa_expositionspossibles-27-halfshadenosunfromnoonunti-en","15":"pa_expositionspossibles-shadenodirectsunlight-en","16":"pa_hauteurlivree-100-to-125-cm","17":"pa_hauteurlivree-125-to-150-cm","18":"pa_hauteurlivree-150-to-175-cm","19":"pa_interetauprintemps-foliage-en","20":"pa_interetauprintemps-shape-en","21":"pa_interetenautomne-foliage-en","22":"pa_interetenautomne-shape-en","23":"pa_interetenete-foliage-en","24":"pa_interetenete-shape-en","25":"pa_interetenhiver-shape-en","26":"pa_naturedufeuillage-deciduous-en","27":"pa_naturesdesolpossibles-heavy-en","28":"pa_naturesdesolpossibles-light-en","29":"pa_naturesdesolpossibles-normal-en","30":"pa_periodedetaille-febr-en","31":"pa_periodedetaille-jan-en","32":"pa_phdusolacceptable-acidlessthan65-en","33":"pa_phdusolacceptable-calcareousmorethan75-en","34":"pa_phdusolacceptable-neutralbetween65and75-en","35":"pa_portgraphisme-fastigiated-en","36":"pa_resistanceaufroidrusticite-hardyunder_20c-en","37":"pa_tailledepot-5literpot-en","38":"pa_tailledepot-75literpot-en","39":"pa_utilisationpossible-bedding-en","40":"pa_utilisationpossible-isolated-en","42":"first","43":"instock","44":"taxable","45":"shipping-taxable","46":"purchasable","47":"product-type-variable"},"supplier_id":null,"supplier_sku":"","barcode":null,"atum_controlled":true,"out_stock_date":null,"out_stock_threshold":null,"inheritable":true,"inbound_stock":0,"stock_on_hold":0,"sold_today":0,"sales_last_days":2,"reserved_stock":0,"customer_returns":0,"warehouse_damage":0,"lost_in_post":0,"other_logs":0,"out_stock_days":null,"lost_sales":0,"has_location":false,"update_date":"2025-11-30T16:13:08","atum_locations":[],"atum_stock_status":"instock","restock_status":false,"low_stock_amount":"","sales_update_date":"2024-02-11T14:22:12","calc_backorders":null,"yoast_head":"<!-- This site is optimized with the Yoast SEO Premium plugin v27.4 (Yoast SEO v27.4) - https:\/\/yoast.com\/product\/yoast-seo-premium-wordpress\/ -->\n<title>POPULUS tremula &#039;Erecta&#039; (Fastigiata) (fastigiate quaking aspen)<\/title>\n<meta name=\"description\" content=\"This trembling poplar has a very upright form. The leaves of POPULUS tremula &#039;Erecta&#039; are much smaller than those of the classic species.\" \/>\n<meta name=\"robots\" content=\"index, follow, max-snippet:-1, max-image-preview:large, max-video-preview:-1\" \/>\n<link rel=\"canonical\" href=\"https:\/\/www.vallonchene.fr\/en\/product\/populus-tremula-erecta-fastigiata-aspen-eurasian-aspen-european-aspen\/\" \/>\n<meta property=\"og:locale\" content=\"en_US\" \/>\n<meta property=\"og:type\" content=\"article\" \/>\n<meta property=\"og:title\" content=\"POPULUS tremula &#039;Erecta&#039; (Fastigiata)\" \/>\n<meta property=\"og:description\" content=\"This trembling poplar has a very upright form. The leaves of POPULUS tremula &#039;Erecta&#039; are much smaller than those of the classic species.\" \/>\n<meta property=\"og:url\" content=\"https:\/\/www.vallonchene.fr\/en\/product\/populus-tremula-erecta-fastigiata-aspen-eurasian-aspen-european-aspen\/\" \/>\n<meta property=\"og:site_name\" content=\"Vallonch\u00eane\" \/>\n<meta property=\"article:publisher\" content=\"https:\/\/www.facebook.com\/vallonchene.fr\" \/>\n<meta property=\"article:modified_time\" content=\"2025-05-14T13:12:51+00:00\" \/>\n<meta property=\"og:image\" content=\"https:\/\/www.vallonchene.fr\/wp-content\/uploads\/2025\/05\/POPULUS-tremula-Erecta_02.webp\" \/>\n\t<meta property=\"og:image:width\" content=\"1200\" \/>\n\t<meta property=\"og:image:height\" content=\"1200\" \/>\n\t<meta property=\"og:image:type\" content=\"image\/webp\" \/>\n<meta name=\"twitter:card\" content=\"summary_large_image\" \/>\n<meta name=\"twitter:label1\" content=\"Availability\" \/>\n\t<meta name=\"twitter:data1\" content=\"In stock\" \/>\n<script type=\"application\/ld+json\" class=\"yoast-schema-graph\">{\"@context\":\"https:\\\/\\\/schema.org\",\"@graph\":[{\"@type\":\"WebPage\",\"@id\":\"https:\\\/\\\/www.vallonchene.fr\\\/en\\\/product\\\/populus-tremula-erecta-fastigiata-aspen-eurasian-aspen-european-aspen\\\/\",\"url\":\"https:\\\/\\\/www.vallonchene.fr\\\/en\\\/product\\\/populus-tremula-erecta-fastigiata-aspen-eurasian-aspen-european-aspen\\\/\",\"name\":\"POPULUS tremula 'Erecta' (Fastigiata) (fastigiate quaking aspen)\",\"isPartOf\":{\"@id\":\"https:\\\/\\\/www.vallonchene.fr\\\/en\\\/#website\"},\"primaryImageOfPage\":{\"@id\":\"https:\\\/\\\/www.vallonchene.fr\\\/en\\\/product\\\/populus-tremula-erecta-fastigiata-aspen-eurasian-aspen-european-aspen\\\/#primaryimage\"},\"image\":{\"@id\":\"https:\\\/\\\/www.vallonchene.fr\\\/en\\\/product\\\/populus-tremula-erecta-fastigiata-aspen-eurasian-aspen-european-aspen\\\/#primaryimage\"},\"thumbnailUrl\":\"https:\\\/\\\/www.vallonchene.fr\\\/wp-content\\\/uploads\\\/2025\\\/05\\\/POPULUS-tremula-Erecta_02.webp\",\"datePublished\":\"2022-07-26T15:13:02+00:00\",\"dateModified\":\"2025-05-14T13:12:51+00:00\",\"description\":\"This trembling poplar has a very upright form. The leaves of POPULUS tremula 'Erecta' are much smaller than those of the classic species.\",\"breadcrumb\":{\"@id\":\"https:\\\/\\\/www.vallonchene.fr\\\/en\\\/product\\\/populus-tremula-erecta-fastigiata-aspen-eurasian-aspen-european-aspen\\\/#breadcrumb\"},\"inLanguage\":\"en-US\",\"potentialAction\":[{\"@type\":\"ReadAction\",\"target\":[\"https:\\\/\\\/www.vallonchene.fr\\\/en\\\/product\\\/populus-tremula-erecta-fastigiata-aspen-eurasian-aspen-european-aspen\\\/\"]}]},{\"@type\":\"ImageObject\",\"inLanguage\":\"en-US\",\"@id\":\"https:\\\/\\\/www.vallonchene.fr\\\/en\\\/product\\\/populus-tremula-erecta-fastigiata-aspen-eurasian-aspen-european-aspen\\\/#primaryimage\",\"url\":\"https:\\\/\\\/www.vallonchene.fr\\\/wp-content\\\/uploads\\\/2025\\\/05\\\/POPULUS-tremula-Erecta_02.webp\",\"contentUrl\":\"https:\\\/\\\/www.vallonchene.fr\\\/wp-content\\\/uploads\\\/2025\\\/05\\\/POPULUS-tremula-Erecta_02.webp\",\"width\":1200,\"height\":1200,\"caption\":\"Two POPULUS tremula 'Erecta' (Fastigiata) with a very small footprint\"},{\"@type\":\"BreadcrumbList\",\"@id\":\"https:\\\/\\\/www.vallonchene.fr\\\/en\\\/product\\\/populus-tremula-erecta-fastigiata-aspen-eurasian-aspen-european-aspen\\\/#breadcrumb\",\"itemListElement\":[{\"@type\":\"ListItem\",\"position\":1,\"name\":\"Home\",\"item\":\"https:\\\/\\\/www.vallonchene.fr\\\/en\\\/\"},{\"@type\":\"ListItem\",\"position\":2,\"name\":\"Shop\",\"item\":\"https:\\\/\\\/www.vallonchene.fr\\\/en\\\/shop\\\/\"},{\"@type\":\"ListItem\",\"position\":3,\"name\":\"Online shop\",\"item\":\"https:\\\/\\\/www.vallonchene.fr\\\/en\\\/product-category\\\/online-shop-en\\\/\"},{\"@type\":\"ListItem\",\"position\":4,\"name\":\"Nursery\",\"item\":\"https:\\\/\\\/www.vallonchene.fr\\\/en\\\/product-category\\\/online-shop-en\\\/nursery-en\\\/\"},{\"@type\":\"ListItem\",\"position\":5,\"name\":\"Shrubs and trees\",\"item\":\"https:\\\/\\\/www.vallonchene.fr\\\/en\\\/product-category\\\/online-shop-en\\\/nursery-en\\\/shrubs-and-trees-en\\\/\"},{\"@type\":\"ListItem\",\"position\":6,\"name\":\"POPULUS tremula &lsquo;Erecta&rsquo; (Fastigiata)\"}]},{\"@type\":\"WebSite\",\"@id\":\"https:\\\/\\\/www.vallonchene.fr\\\/en\\\/#website\",\"url\":\"https:\\\/\\\/www.vallonchene.fr\\\/en\\\/\",\"name\":\"Vallonch\u00eane\",\"description\":\"The nursery where quality has its roots \u2013 Call: +33 (0)2 35 90 02 02\",\"publisher\":{\"@id\":\"https:\\\/\\\/www.vallonchene.fr\\\/en\\\/#organization\"},\"potentialAction\":[{\"@type\":\"SearchAction\",\"target\":{\"@type\":\"EntryPoint\",\"urlTemplate\":\"https:\\\/\\\/www.vallonchene.fr\\\/en\\\/?s={search_term_string}\"},\"query-input\":{\"@type\":\"PropertyValueSpecification\",\"valueRequired\":true,\"valueName\":\"search_term_string\"}}],\"inLanguage\":\"en-US\"},{\"@type\":\"Organization\",\"@id\":\"https:\\\/\\\/www.vallonchene.fr\\\/en\\\/#organization\",\"name\":\"VALLONCHENE\",\"url\":\"https:\\\/\\\/www.vallonchene.fr\\\/en\\\/\",\"logo\":{\"@type\":\"ImageObject\",\"inLanguage\":\"en-US\",\"@id\":\"https:\\\/\\\/www.vallonchene.fr\\\/en\\\/#\\\/schema\\\/logo\\\/image\\\/\",\"url\":\"https:\\\/\\\/www.vallonchene.fr\\\/wp-content\\\/uploads\\\/2023\\\/03\\\/Logo-Vallonchene-site-et-R_hauteur_100.png\",\"contentUrl\":\"https:\\\/\\\/www.vallonchene.fr\\\/wp-content\\\/uploads\\\/2023\\\/03\\\/Logo-Vallonchene-site-et-R_hauteur_100.png\",\"width\":221,\"height\":100,\"caption\":\"VALLONCHENE\"},\"image\":{\"@id\":\"https:\\\/\\\/www.vallonchene.fr\\\/en\\\/#\\\/schema\\\/logo\\\/image\\\/\"},\"sameAs\":[\"https:\\\/\\\/www.facebook.com\\\/vallonchene.fr\",\"https:\\\/\\\/www.instagram.com\\\/vallonchene\\\/\",\"https:\\\/\\\/www.pinterest.fr\\\/vallonchene\\\/\"],\"taxID\":\"49454502300017\",\"hasMerchantReturnPolicy\":{\"@type\":\"MerchantReturnPolicy\",\"merchantReturnLink\":\"https:\\\/\\\/www.vallonchene.fr\\\/remboursements_retours\\\/\"}}]}<\/script>\n<meta property=\"og:availability\" content=\"instock\" \/>\n<meta property=\"product:availability\" content=\"instock\" \/>\n<meta property=\"product:retailer_item_id\" content=\"68259\" \/>\n<meta property=\"product:condition\" content=\"new\" \/>\n<!-- \/ Yoast SEO Premium plugin. -->","yoast_head_json":{"title":"POPULUS tremula 'Erecta' (Fastigiata) (fastigiate quaking aspen)","description":"This trembling poplar has a very upright form. The leaves of POPULUS tremula 'Erecta' are much smaller than those of the classic species.","robots":{"index":"index","follow":"follow","max-snippet":"max-snippet:-1","max-image-preview":"max-image-preview:large","max-video-preview":"max-video-preview:-1"},"canonical":"https:\/\/www.vallonchene.fr\/en\/product\/populus-tremula-erecta-fastigiata-aspen-eurasian-aspen-european-aspen\/","og_locale":"en_US","og_type":"article","og_title":"POPULUS tremula 'Erecta' (Fastigiata)","og_description":"This trembling poplar has a very upright form. The leaves of POPULUS tremula 'Erecta' are much smaller than those of the classic species.","og_url":"https:\/\/www.vallonchene.fr\/en\/product\/populus-tremula-erecta-fastigiata-aspen-eurasian-aspen-european-aspen\/","og_site_name":"Vallonch\u00eane","article_publisher":"https:\/\/www.facebook.com\/vallonchene.fr","article_modified_time":"2025-05-14T13:12:51+00:00","og_image":[{"width":1200,"height":1200,"url":"https:\/\/www.vallonchene.fr\/wp-content\/uploads\/2025\/05\/POPULUS-tremula-Erecta_02.webp","type":"image\/webp"}],"twitter_card":"summary_large_image","twitter_misc":{"Availability":"In stock"},"schema":{"@context":"https:\/\/schema.org","@graph":[{"@type":"WebPage","@id":"https:\/\/www.vallonchene.fr\/en\/product\/populus-tremula-erecta-fastigiata-aspen-eurasian-aspen-european-aspen\/","url":"https:\/\/www.vallonchene.fr\/en\/product\/populus-tremula-erecta-fastigiata-aspen-eurasian-aspen-european-aspen\/","name":"POPULUS tremula 'Erecta' (Fastigiata) (fastigiate quaking aspen)","isPartOf":{"@id":"https:\/\/www.vallonchene.fr\/en\/#website"},"primaryImageOfPage":{"@id":"https:\/\/www.vallonchene.fr\/en\/product\/populus-tremula-erecta-fastigiata-aspen-eurasian-aspen-european-aspen\/#primaryimage"},"image":{"@id":"https:\/\/www.vallonchene.fr\/en\/product\/populus-tremula-erecta-fastigiata-aspen-eurasian-aspen-european-aspen\/#primaryimage"},"thumbnailUrl":"https:\/\/www.vallonchene.fr\/wp-content\/uploads\/2025\/05\/POPULUS-tremula-Erecta_02.webp","datePublished":"2022-07-26T15:13:02+00:00","dateModified":"2025-05-14T13:12:51+00:00","description":"This trembling poplar has a very upright form. The leaves of POPULUS tremula 'Erecta' are much smaller than those of the classic species.","breadcrumb":{"@id":"https:\/\/www.vallonchene.fr\/en\/product\/populus-tremula-erecta-fastigiata-aspen-eurasian-aspen-european-aspen\/#breadcrumb"},"inLanguage":"en-US","potentialAction":[{"@type":"ReadAction","target":["https:\/\/www.vallonchene.fr\/en\/product\/populus-tremula-erecta-fastigiata-aspen-eurasian-aspen-european-aspen\/"]}]},{"@type":"ImageObject","inLanguage":"en-US","@id":"https:\/\/www.vallonchene.fr\/en\/product\/populus-tremula-erecta-fastigiata-aspen-eurasian-aspen-european-aspen\/#primaryimage","url":"https:\/\/www.vallonchene.fr\/wp-content\/uploads\/2025\/05\/POPULUS-tremula-Erecta_02.webp","contentUrl":"https:\/\/www.vallonchene.fr\/wp-content\/uploads\/2025\/05\/POPULUS-tremula-Erecta_02.webp","width":1200,"height":1200,"caption":"Two POPULUS tremula 'Erecta' (Fastigiata) with a very small footprint"},{"@type":"BreadcrumbList","@id":"https:\/\/www.vallonchene.fr\/en\/product\/populus-tremula-erecta-fastigiata-aspen-eurasian-aspen-european-aspen\/#breadcrumb","itemListElement":[{"@type":"ListItem","position":1,"name":"Home","item":"https:\/\/www.vallonchene.fr\/en\/"},{"@type":"ListItem","position":2,"name":"Shop","item":"https:\/\/www.vallonchene.fr\/en\/shop\/"},{"@type":"ListItem","position":3,"name":"Online shop","item":"https:\/\/www.vallonchene.fr\/en\/product-category\/online-shop-en\/"},{"@type":"ListItem","position":4,"name":"Nursery","item":"https:\/\/www.vallonchene.fr\/en\/product-category\/online-shop-en\/nursery-en\/"},{"@type":"ListItem","position":5,"name":"Shrubs and trees","item":"https:\/\/www.vallonchene.fr\/en\/product-category\/online-shop-en\/nursery-en\/shrubs-and-trees-en\/"},{"@type":"ListItem","position":6,"name":"POPULUS tremula &lsquo;Erecta&rsquo; (Fastigiata)"}]},{"@type":"WebSite","@id":"https:\/\/www.vallonchene.fr\/en\/#website","url":"https:\/\/www.vallonchene.fr\/en\/","name":"Vallonch\u00eane","description":"The nursery where quality has its roots \u2013 Call: +33 (0)2 35 90 02 02","publisher":{"@id":"https:\/\/www.vallonchene.fr\/en\/#organization"},"potentialAction":[{"@type":"SearchAction","target":{"@type":"EntryPoint","urlTemplate":"https:\/\/www.vallonchene.fr\/en\/?s={search_term_string}"},"query-input":{"@type":"PropertyValueSpecification","valueRequired":true,"valueName":"search_term_string"}}],"inLanguage":"en-US"},{"@type":"Organization","@id":"https:\/\/www.vallonchene.fr\/en\/#organization","name":"VALLONCHENE","url":"https:\/\/www.vallonchene.fr\/en\/","logo":{"@type":"ImageObject","inLanguage":"en-US","@id":"https:\/\/www.vallonchene.fr\/en\/#\/schema\/logo\/image\/","url":"https:\/\/www.vallonchene.fr\/wp-content\/uploads\/2023\/03\/Logo-Vallonchene-site-et-R_hauteur_100.png","contentUrl":"https:\/\/www.vallonchene.fr\/wp-content\/uploads\/2023\/03\/Logo-Vallonchene-site-et-R_hauteur_100.png","width":221,"height":100,"caption":"VALLONCHENE"},"image":{"@id":"https:\/\/www.vallonchene.fr\/en\/#\/schema\/logo\/image\/"},"sameAs":["https:\/\/www.facebook.com\/vallonchene.fr","https:\/\/www.instagram.com\/vallonchene\/","https:\/\/www.pinterest.fr\/vallonchene\/"],"taxID":"49454502300017","hasMerchantReturnPolicy":{"@type":"MerchantReturnPolicy","merchantReturnLink":"https:\/\/www.vallonchene.fr\/remboursements_retours\/"}}]},"og_availability":"instock","product_availability":"instock","product_retailer_item_id":"68259","product_condition":"new"},"_links":{"self":[{"href":"https:\/\/www.vallonchene.fr\/en\/wp-json\/wp\/v2\/product\/24679","targetHints":{"allow":["GET"]}}],"collection":[{"href":"https:\/\/www.vallonchene.fr\/en\/wp-json\/wp\/v2\/product"}],"about":[{"href":"https:\/\/www.vallonchene.fr\/en\/wp-json\/wp\/v2\/types\/product"}],"replies":[{"embeddable":true,"href":"https:\/\/www.vallonchene.fr\/en\/wp-json\/wp\/v2\/comments?post=24679"}],"wp:featuredmedia":[{"embeddable":true,"href":"https:\/\/www.vallonchene.fr\/en\/wp-json\/wp\/v2\/media\/53824"}],"wp:attachment":[{"href":"https:\/\/www.vallonchene.fr\/en\/wp-json\/wp\/v2\/media?parent=24679"}],"wp:term":[{"taxonomy":"product_brand","embeddable":true,"href":"https:\/\/www.vallonchene.fr\/en\/wp-json\/wp\/v2\/product_brand?post=24679"},{"taxonomy":"product_cat","embeddable":true,"href":"https:\/\/www.vallonchene.fr\/en\/wp-json\/wp\/v2\/product_cat?post=24679"},{"taxonomy":"product_tag","embeddable":true,"href":"https:\/\/www.vallonchene.fr\/en\/wp-json\/wp\/v2\/product_tag?post=24679"}],"curies":[{"name":"wp","href":"https:\/\/api.w.org\/{rel}","templated":true}]}}