{"id":17655,"date":"2021-08-31T11:32:42","date_gmt":"2021-08-31T11:32:42","guid":{"rendered":"https:\/\/testing.vallonchene.fr\/produit\/rhododendron-yakushimanum\/"},"modified":"2021-08-31T11:32:42","modified_gmt":"2021-08-31T11:32:42","slug":"rhododendron-yakushimanum","status":"publish","type":"product","link":"https:\/\/www.vallonchene.fr\/en\/product\/rhododendron-yakushimanum\/","title":{"rendered":"RHODODENDRON yakushimanum"},"content":{"rendered":"","protected":false},"excerpt":{"rendered":"<p>Ce\u00a0<strong>RHODODENDRON yakushimanum<\/strong> est une esp\u00e8ce type tr\u00e8s recherch\u00e9e et devenue rares de nos jours. Le feuillage est vert sur le dessus et marron duveteux au dessous. Il fleurit blanc. C&#8217;est une forme naine supportant le plein soleil.<\/p>\n","protected":false},"featured_media":17642,"comment_status":"open","ping_status":"closed","template":"","meta":[],"product_brand":[],"product_cat":[272],"product_tag":[],"class_list":{"0":"post-17655","1":"product","2":"type-product","3":"status-publish","4":"has-post-thumbnail","6":"product_cat-rhododendrons","7":"pa_99-hauteurapproximativeapres1-50a100cm","8":"pa_couleurdesfleurs-blanc","9":"pa_couleurdufeuillage-vert","10":"pa_exigencesenhumidite-fraisahumide","11":"pa_exigencesenhumidite-moyen","12":"pa_expositionspossibles-pleinsoleilde12ha17hmin","13":"pa_expositionspossibles-33-mi_ombreeviterlesoleilde12","14":"pa_expositionspossibles-ombrepasdesoleildirect","15":"pa_interetauprintemps-fleurs","16":"pa_interetauprintemps-feuillage","17":"pa_interetauprintemps-graphismeforme","18":"pa_interetauprintemps-jeunespousses","19":"pa_interetenautomne-feuillage","20":"pa_interetenautomne-graphismeforme","21":"pa_interetenete-feuillage","22":"pa_interetenete-graphismeforme","23":"pa_interetenhiver-bourgeon","24":"pa_interetenhiver-feuillage","25":"pa_interetenhiver-graphismeforme","26":"pa_naturedufeuillage-duveteux","27":"pa_naturedufeuillage-persistant","28":"pa_naturesdesolpossibles-leger","29":"pa_naturesdesolpossibles-normal","30":"pa_periodedefloraison-printemps","31":"pa_periodedetaille-mars","32":"pa_phdusolacceptable-acidemoinsde65","33":"pa_phdusolacceptable-neutreentre65et75","34":"pa_portgraphisme-arrondi","35":"pa_resistanceaufroidrusticite-resistant-en-dessous-de-moins-20-degree-c","36":"pa_utilisationpossible-massif","37":"pa_utilisationpossible-bacoupot","39":"first","40":"outofstock","41":"taxable","42":"shipping-taxable","43":"purchasable","44":"product-type-simple"},"supplier_id":null,"supplier_sku":"","barcode":null,"atum_controlled":true,"out_stock_date":"2024-09-26 14:50:46","out_stock_threshold":null,"inheritable":false,"inbound_stock":null,"stock_on_hold":null,"sold_today":null,"sales_last_days":null,"reserved_stock":null,"customer_returns":null,"warehouse_damage":null,"lost_in_post":null,"other_logs":null,"out_stock_days":null,"lost_sales":null,"has_location":null,"update_date":"2024-09-26T12:51:48","atum_locations":[],"atum_stock_status":"outofstock","restock_status":false,"low_stock_amount":"","sales_update_date":null,"calc_backorders":null,"yoast_head":"<!-- This site is optimized with the Yoast SEO Premium plugin v27.3 (Yoast SEO v27.3) - https:\/\/yoast.com\/product\/yoast-seo-premium-wordpress\/ -->\n<title>RHODODENDRON yakushimanum - rhododendron de Yakushima<\/title>\n<meta name=\"description\" content=\"Ce\u00a0RHODODENDRON yakushimanum est une esp\u00e8ce type tr\u00e8s recherch\u00e9e et devenue rares de nos jours. Le feuillage est vert sur le dessus et marron duveteux au dessous. Il fleurit blanc. C&#039;est une forme naine supportant le...\" \/>\n<meta name=\"robots\" content=\"index, follow, max-snippet:-1, max-image-preview:large, max-video-preview:-1\" \/>\n<link rel=\"canonical\" href=\"https:\/\/www.vallonchene.fr\/en\/product\/rhododendron-yakushimanum\/\" \/>\n<meta property=\"og:locale\" content=\"en_US\" \/>\n<meta property=\"og:type\" content=\"article\" \/>\n<meta property=\"og:title\" content=\"RHODODENDRON yakushimanum\" \/>\n<meta property=\"og:description\" content=\"Ce\u00a0RHODODENDRON yakushimanum est une esp\u00e8ce type tr\u00e8s recherch\u00e9e et devenue rares de nos jours. Le feuillage est vert sur le dessus et marron duveteux au dessous. Il fleurit blanc. C&#039;est une forme naine supportant le...\" \/>\n<meta property=\"og:url\" content=\"https:\/\/www.vallonchene.fr\/en\/product\/rhododendron-yakushimanum\/\" \/>\n<meta property=\"og:site_name\" content=\"Vallonch\u00eane\" \/>\n<meta property=\"article:publisher\" content=\"https:\/\/www.facebook.com\/vallonchene.fr\" \/>\n<meta property=\"og:image\" content=\"https:\/\/www.vallonchene.fr\/wp-content\/uploads\/2021\/08\/3262-81b-RHODODENDRON-yakushimanum-en-Octobre.jpg\" \/>\n\t<meta property=\"og:image:width\" content=\"1600\" \/>\n\t<meta property=\"og:image:height\" content=\"1600\" \/>\n\t<meta property=\"og:image:type\" content=\"image\/jpeg\" \/>\n<meta name=\"twitter:card\" content=\"summary_large_image\" \/>\n<meta name=\"twitter:label1\" content=\"Price\" \/>\n\t<meta name=\"twitter:data1\" content=\"0,00&nbsp;&euro;\" \/>\n\t<meta name=\"twitter:label2\" content=\"Availability\" \/>\n\t<meta name=\"twitter:data2\" content=\"Out of stock\" \/>\n<script type=\"application\/ld+json\" class=\"yoast-schema-graph\">{\"@context\":\"https:\\\/\\\/schema.org\",\"@graph\":[{\"@type\":\"WebPage\",\"@id\":\"https:\\\/\\\/www.vallonchene.fr\\\/en\\\/product\\\/rhododendron-yakushimanum\\\/\",\"url\":\"https:\\\/\\\/www.vallonchene.fr\\\/en\\\/product\\\/rhododendron-yakushimanum\\\/\",\"name\":\"RHODODENDRON yakushimanum - rhododendron de Yakushima\",\"isPartOf\":{\"@id\":\"https:\\\/\\\/www.vallonchene.fr\\\/en\\\/#website\"},\"primaryImageOfPage\":{\"@id\":\"https:\\\/\\\/www.vallonchene.fr\\\/en\\\/product\\\/rhododendron-yakushimanum\\\/#primaryimage\"},\"image\":{\"@id\":\"https:\\\/\\\/www.vallonchene.fr\\\/en\\\/product\\\/rhododendron-yakushimanum\\\/#primaryimage\"},\"thumbnailUrl\":\"https:\\\/\\\/www.vallonchene.fr\\\/wp-content\\\/uploads\\\/2021\\\/08\\\/3262-81b-RHODODENDRON-yakushimanum-en-Octobre.jpg\",\"datePublished\":\"2021-08-31T11:32:42+00:00\",\"description\":\"Ce\u00a0RHODODENDRON yakushimanum est une esp\u00e8ce type tr\u00e8s recherch\u00e9e et devenue rares de nos jours. Le feuillage est vert sur le dessus et marron duveteux au dessous. Il fleurit blanc. C'est une forme naine supportant le...\",\"breadcrumb\":{\"@id\":\"https:\\\/\\\/www.vallonchene.fr\\\/en\\\/product\\\/rhododendron-yakushimanum\\\/#breadcrumb\"},\"inLanguage\":\"en-US\",\"potentialAction\":[{\"@type\":\"ReadAction\",\"target\":[\"https:\\\/\\\/www.vallonchene.fr\\\/en\\\/product\\\/rhododendron-yakushimanum\\\/\"]}]},{\"@type\":\"ImageObject\",\"inLanguage\":\"en-US\",\"@id\":\"https:\\\/\\\/www.vallonchene.fr\\\/en\\\/product\\\/rhododendron-yakushimanum\\\/#primaryimage\",\"url\":\"https:\\\/\\\/www.vallonchene.fr\\\/wp-content\\\/uploads\\\/2021\\\/08\\\/3262-81b-RHODODENDRON-yakushimanum-en-Octobre.jpg\",\"contentUrl\":\"https:\\\/\\\/www.vallonchene.fr\\\/wp-content\\\/uploads\\\/2021\\\/08\\\/3262-81b-RHODODENDRON-yakushimanum-en-Octobre.jpg\",\"width\":1600,\"height\":1600},{\"@type\":\"BreadcrumbList\",\"@id\":\"https:\\\/\\\/www.vallonchene.fr\\\/en\\\/product\\\/rhododendron-yakushimanum\\\/#breadcrumb\",\"itemListElement\":[{\"@type\":\"ListItem\",\"position\":1,\"name\":\"Home\",\"item\":\"https:\\\/\\\/www.vallonchene.fr\\\/en\\\/\"},{\"@type\":\"ListItem\",\"position\":2,\"name\":\"Shop\",\"item\":\"https:\\\/\\\/www.vallonchene.fr\\\/en\\\/shop\\\/\"},{\"@type\":\"ListItem\",\"position\":3,\"name\":\"Online shop\",\"item\":\"https:\\\/\\\/www.vallonchene.fr\\\/en\\\/product-category\\\/online-shop-en\\\/\"},{\"@type\":\"ListItem\",\"position\":4,\"name\":\"Nursery\",\"item\":\"https:\\\/\\\/www.vallonchene.fr\\\/en\\\/product-category\\\/online-shop-en\\\/nursery-en\\\/\"},{\"@type\":\"ListItem\",\"position\":5,\"name\":\"Rhododendrons\",\"item\":\"https:\\\/\\\/www.vallonchene.fr\\\/en\\\/product-category\\\/online-shop-en\\\/nursery-en\\\/rhododendrons-en\\\/\"},{\"@type\":\"ListItem\",\"position\":6,\"name\":\"RHODODENDRON yakushimanum\"}]},{\"@type\":\"WebSite\",\"@id\":\"https:\\\/\\\/www.vallonchene.fr\\\/en\\\/#website\",\"url\":\"https:\\\/\\\/www.vallonchene.fr\\\/en\\\/\",\"name\":\"Vallonch\u00eane\",\"description\":\"The nursery where quality has its roots \u2013 Call: +33 (0)2 35 90 02 02\",\"publisher\":{\"@id\":\"https:\\\/\\\/www.vallonchene.fr\\\/en\\\/#organization\"},\"potentialAction\":[{\"@type\":\"SearchAction\",\"target\":{\"@type\":\"EntryPoint\",\"urlTemplate\":\"https:\\\/\\\/www.vallonchene.fr\\\/en\\\/?s={search_term_string}\"},\"query-input\":{\"@type\":\"PropertyValueSpecification\",\"valueRequired\":true,\"valueName\":\"search_term_string\"}}],\"inLanguage\":\"en-US\"},{\"@type\":\"Organization\",\"@id\":\"https:\\\/\\\/www.vallonchene.fr\\\/en\\\/#organization\",\"name\":\"VALLONCHENE\",\"url\":\"https:\\\/\\\/www.vallonchene.fr\\\/en\\\/\",\"logo\":{\"@type\":\"ImageObject\",\"inLanguage\":\"en-US\",\"@id\":\"https:\\\/\\\/www.vallonchene.fr\\\/en\\\/#\\\/schema\\\/logo\\\/image\\\/\",\"url\":\"https:\\\/\\\/www.vallonchene.fr\\\/wp-content\\\/uploads\\\/2023\\\/03\\\/Logo-Vallonchene-site-et-R_hauteur_100.png\",\"contentUrl\":\"https:\\\/\\\/www.vallonchene.fr\\\/wp-content\\\/uploads\\\/2023\\\/03\\\/Logo-Vallonchene-site-et-R_hauteur_100.png\",\"width\":221,\"height\":100,\"caption\":\"VALLONCHENE\"},\"image\":{\"@id\":\"https:\\\/\\\/www.vallonchene.fr\\\/en\\\/#\\\/schema\\\/logo\\\/image\\\/\"},\"sameAs\":[\"https:\\\/\\\/www.facebook.com\\\/vallonchene.fr\",\"https:\\\/\\\/www.instagram.com\\\/vallonchene\\\/\",\"https:\\\/\\\/www.pinterest.fr\\\/vallonchene\\\/\"],\"taxID\":\"49454502300017\",\"hasMerchantReturnPolicy\":{\"@type\":\"MerchantReturnPolicy\",\"merchantReturnLink\":\"https:\\\/\\\/www.vallonchene.fr\\\/remboursements_retours\\\/\"}}]}<\/script>\n<meta property=\"product:price:amount\" content=\"0.00\" \/>\n<meta property=\"product:price:currency\" content=\"EUR\" \/>\n<meta property=\"og:availability\" content=\"out of stock\" \/>\n<meta property=\"product:availability\" content=\"out of stock\" \/>\n<meta property=\"product:retailer_item_id\" content=\"57366\" \/>\n<meta property=\"product:condition\" content=\"new\" \/>\n<!-- \/ Yoast SEO Premium plugin. -->","yoast_head_json":{"title":"RHODODENDRON yakushimanum - rhododendron de Yakushima","description":"Ce\u00a0RHODODENDRON yakushimanum est une esp\u00e8ce type tr\u00e8s recherch\u00e9e et devenue rares de nos jours. Le feuillage est vert sur le dessus et marron duveteux au dessous. Il fleurit blanc. C'est une forme naine supportant le...","robots":{"index":"index","follow":"follow","max-snippet":"max-snippet:-1","max-image-preview":"max-image-preview:large","max-video-preview":"max-video-preview:-1"},"canonical":"https:\/\/www.vallonchene.fr\/en\/product\/rhododendron-yakushimanum\/","og_locale":"en_US","og_type":"article","og_title":"RHODODENDRON yakushimanum","og_description":"Ce\u00a0RHODODENDRON yakushimanum est une esp\u00e8ce type tr\u00e8s recherch\u00e9e et devenue rares de nos jours. Le feuillage est vert sur le dessus et marron duveteux au dessous. Il fleurit blanc. C'est une forme naine supportant le...","og_url":"https:\/\/www.vallonchene.fr\/en\/product\/rhododendron-yakushimanum\/","og_site_name":"Vallonch\u00eane","article_publisher":"https:\/\/www.facebook.com\/vallonchene.fr","og_image":[{"width":1600,"height":1600,"url":"https:\/\/www.vallonchene.fr\/wp-content\/uploads\/2021\/08\/3262-81b-RHODODENDRON-yakushimanum-en-Octobre.jpg","type":"image\/jpeg"}],"twitter_card":"summary_large_image","twitter_misc":{"Price":"0,00&nbsp;&euro;","Availability":"Out of stock"},"schema":{"@context":"https:\/\/schema.org","@graph":[{"@type":"WebPage","@id":"https:\/\/www.vallonchene.fr\/en\/product\/rhododendron-yakushimanum\/","url":"https:\/\/www.vallonchene.fr\/en\/product\/rhododendron-yakushimanum\/","name":"RHODODENDRON yakushimanum - rhododendron de Yakushima","isPartOf":{"@id":"https:\/\/www.vallonchene.fr\/en\/#website"},"primaryImageOfPage":{"@id":"https:\/\/www.vallonchene.fr\/en\/product\/rhododendron-yakushimanum\/#primaryimage"},"image":{"@id":"https:\/\/www.vallonchene.fr\/en\/product\/rhododendron-yakushimanum\/#primaryimage"},"thumbnailUrl":"https:\/\/www.vallonchene.fr\/wp-content\/uploads\/2021\/08\/3262-81b-RHODODENDRON-yakushimanum-en-Octobre.jpg","datePublished":"2021-08-31T11:32:42+00:00","description":"Ce\u00a0RHODODENDRON yakushimanum est une esp\u00e8ce type tr\u00e8s recherch\u00e9e et devenue rares de nos jours. Le feuillage est vert sur le dessus et marron duveteux au dessous. Il fleurit blanc. C'est une forme naine supportant le...","breadcrumb":{"@id":"https:\/\/www.vallonchene.fr\/en\/product\/rhododendron-yakushimanum\/#breadcrumb"},"inLanguage":"en-US","potentialAction":[{"@type":"ReadAction","target":["https:\/\/www.vallonchene.fr\/en\/product\/rhododendron-yakushimanum\/"]}]},{"@type":"ImageObject","inLanguage":"en-US","@id":"https:\/\/www.vallonchene.fr\/en\/product\/rhododendron-yakushimanum\/#primaryimage","url":"https:\/\/www.vallonchene.fr\/wp-content\/uploads\/2021\/08\/3262-81b-RHODODENDRON-yakushimanum-en-Octobre.jpg","contentUrl":"https:\/\/www.vallonchene.fr\/wp-content\/uploads\/2021\/08\/3262-81b-RHODODENDRON-yakushimanum-en-Octobre.jpg","width":1600,"height":1600},{"@type":"BreadcrumbList","@id":"https:\/\/www.vallonchene.fr\/en\/product\/rhododendron-yakushimanum\/#breadcrumb","itemListElement":[{"@type":"ListItem","position":1,"name":"Home","item":"https:\/\/www.vallonchene.fr\/en\/"},{"@type":"ListItem","position":2,"name":"Shop","item":"https:\/\/www.vallonchene.fr\/en\/shop\/"},{"@type":"ListItem","position":3,"name":"Online shop","item":"https:\/\/www.vallonchene.fr\/en\/product-category\/online-shop-en\/"},{"@type":"ListItem","position":4,"name":"Nursery","item":"https:\/\/www.vallonchene.fr\/en\/product-category\/online-shop-en\/nursery-en\/"},{"@type":"ListItem","position":5,"name":"Rhododendrons","item":"https:\/\/www.vallonchene.fr\/en\/product-category\/online-shop-en\/nursery-en\/rhododendrons-en\/"},{"@type":"ListItem","position":6,"name":"RHODODENDRON yakushimanum"}]},{"@type":"WebSite","@id":"https:\/\/www.vallonchene.fr\/en\/#website","url":"https:\/\/www.vallonchene.fr\/en\/","name":"Vallonch\u00eane","description":"The nursery where quality has its roots \u2013 Call: +33 (0)2 35 90 02 02","publisher":{"@id":"https:\/\/www.vallonchene.fr\/en\/#organization"},"potentialAction":[{"@type":"SearchAction","target":{"@type":"EntryPoint","urlTemplate":"https:\/\/www.vallonchene.fr\/en\/?s={search_term_string}"},"query-input":{"@type":"PropertyValueSpecification","valueRequired":true,"valueName":"search_term_string"}}],"inLanguage":"en-US"},{"@type":"Organization","@id":"https:\/\/www.vallonchene.fr\/en\/#organization","name":"VALLONCHENE","url":"https:\/\/www.vallonchene.fr\/en\/","logo":{"@type":"ImageObject","inLanguage":"en-US","@id":"https:\/\/www.vallonchene.fr\/en\/#\/schema\/logo\/image\/","url":"https:\/\/www.vallonchene.fr\/wp-content\/uploads\/2023\/03\/Logo-Vallonchene-site-et-R_hauteur_100.png","contentUrl":"https:\/\/www.vallonchene.fr\/wp-content\/uploads\/2023\/03\/Logo-Vallonchene-site-et-R_hauteur_100.png","width":221,"height":100,"caption":"VALLONCHENE"},"image":{"@id":"https:\/\/www.vallonchene.fr\/en\/#\/schema\/logo\/image\/"},"sameAs":["https:\/\/www.facebook.com\/vallonchene.fr","https:\/\/www.instagram.com\/vallonchene\/","https:\/\/www.pinterest.fr\/vallonchene\/"],"taxID":"49454502300017","hasMerchantReturnPolicy":{"@type":"MerchantReturnPolicy","merchantReturnLink":"https:\/\/www.vallonchene.fr\/remboursements_retours\/"}}]},"product_price_amount":"0.00","product_price_currency":"EUR","og_availability":"out of stock","product_availability":"out of stock","product_retailer_item_id":"57366","product_condition":"new"},"_links":{"self":[{"href":"https:\/\/www.vallonchene.fr\/en\/wp-json\/wp\/v2\/product\/17655","targetHints":{"allow":["GET"]}}],"collection":[{"href":"https:\/\/www.vallonchene.fr\/en\/wp-json\/wp\/v2\/product"}],"about":[{"href":"https:\/\/www.vallonchene.fr\/en\/wp-json\/wp\/v2\/types\/product"}],"replies":[{"embeddable":true,"href":"https:\/\/www.vallonchene.fr\/en\/wp-json\/wp\/v2\/comments?post=17655"}],"wp:featuredmedia":[{"embeddable":true,"href":"https:\/\/www.vallonchene.fr\/en\/wp-json\/wp\/v2\/media\/17642"}],"wp:attachment":[{"href":"https:\/\/www.vallonchene.fr\/en\/wp-json\/wp\/v2\/media?parent=17655"}],"wp:term":[{"taxonomy":"product_brand","embeddable":true,"href":"https:\/\/www.vallonchene.fr\/en\/wp-json\/wp\/v2\/product_brand?post=17655"},{"taxonomy":"product_cat","embeddable":true,"href":"https:\/\/www.vallonchene.fr\/en\/wp-json\/wp\/v2\/product_cat?post=17655"},{"taxonomy":"product_tag","embeddable":true,"href":"https:\/\/www.vallonchene.fr\/en\/wp-json\/wp\/v2\/product_tag?post=17655"}],"curies":[{"name":"wp","href":"https:\/\/api.w.org\/{rel}","templated":true}]}}