{"id":27159,"date":"2023-04-11T12:46:18","date_gmt":"2023-04-11T10:46:18","guid":{"rendered":"https:\/\/testing.vallonchene.fr\/?page_id=27159"},"modified":"2025-10-23T11:14:12","modified_gmt":"2025-10-23T09:14:12","slug":"about-us","status":"publish","type":"page","link":"https:\/\/www.vallonchene.fr\/en\/about-us\/","title":{"rendered":"About us"},"content":{"rendered":"\n<h2 class=\"wp-block-heading\" id=\"h-la-pepiniere-vallonchene\">VALLONCH\u00caNE<sup>\u00ae nursery<\/sup><\/h2>\n\n<h3 class=\"wp-block-heading\" id=\"h-notre-entreprise\">Our company<\/h3>\n\n<p>Founded in 2007 by two garden enthusiasts, the <strong>Vallonch\u00eane nursery is located at 1426, chemin d&#8217;Atteville in 76440 SOMMERY in Normandy (France)<\/strong> and is home to over a thousand rare and even extremely rare plants that will surprise even seasoned collectors. These conifers, deciduous plants (shrubs and trees), fruit trees, Japanese maples, or perennials were selected because they are particularly attractive for one or more reasons (flowers, foliage, fragrance, autumn color, bark). Many of them are grown partially or entirely on our premises in Normandy. Of course, they are perfectly hardy.   <\/p>\n\n<h3 class=\"wp-block-heading\" id=\"h-nos-points-forts\">Our strengths<\/h3>\n\n<ul class=\"wp-block-list\">\n<li>Secure payments on our website<\/li>\n\n\n\n<li>High-quality products<\/li>\n\n\n\n<li>Unusual plants<\/li>\n\n\n\n<li>Large stock available<\/li>\n\n\n\n<li>Unmatched customer service<\/li>\n\n\n\n<li>Professional advice before, during and after purchase<\/li>\n\n\n\n<li>Extremely satisfied customers (<a href=\"https:\/\/www.trustpilot.com\/review\/vallonchene.fr\">see for yourself<\/a>)<br\/><\/li>\n<\/ul>\n\n<h3 class=\"wp-block-heading\" id=\"h-comment-acheter\">How to buy from us?<\/h3>\n\n<p>When you can&#8217;t come in person to choose our plants, you can order directly here on our website to get them yourself or have them delivered to your friends. It is important to note that we ship the plants available for on-site sale.<br\/> THESE ARE IN NO WAY SO-CALLED MAIL-ORDER PLANTS (very weak and with poor value for money).<br\/> <a href=\"https:\/\/www.vallonchene.fr\/en\/shipping\/\">To learn more about delivery, click here.<br\/><br\/><\/a><\/p>\n","protected":false},"excerpt":{"rendered":"<p>VALLONCH\u00caNE\u00ae nursery Our company Founded in 2007 by two garden enthusiasts, the Vallonch\u00eane nursery is located at 1426, chemin d&#8217;Atteville in 76440 SOMMERY in Normandy (France) and is home to over a thousand rare and even extremely rare plants that will surprise even seasoned collectors. These conifers, deciduous plants (shrubs and trees), fruit trees, Japanese [&hellip;]<\/p>\n","protected":false},"author":1,"featured_media":0,"parent":0,"menu_order":0,"comment_status":"closed","ping_status":"closed","template":"","meta":{"footnotes":""},"class_list":["post-27159","page","type-page","status-publish","hentry"],"yoast_head":"<!-- This site is optimized with the Yoast SEO Premium plugin v27.5 (Yoast SEO v27.5) - https:\/\/yoast.com\/product\/yoast-seo-premium-wordpress\/ -->\n<title>About us - Vallonch\u00eane<\/title>\n<meta name=\"description\" content=\"About us D\u00e9couvrez qui est la p\u00e9pini\u00e8re Vallonch\u00eane et quels sont ses points forts pour satisfaire ses clients.\" \/>\n<meta name=\"robots\" content=\"index, follow, max-snippet:-1, max-image-preview:large, max-video-preview:-1\" \/>\n<link rel=\"canonical\" href=\"https:\/\/www.vallonchene.fr\/en\/about-us\/\" \/>\n<meta property=\"og:locale\" content=\"en_US\" \/>\n<meta property=\"og:type\" content=\"article\" \/>\n<meta property=\"og:title\" content=\"About us\" \/>\n<meta property=\"og:description\" content=\"About us D\u00e9couvrez qui est la p\u00e9pini\u00e8re Vallonch\u00eane et quels sont ses points forts pour satisfaire ses clients.\" \/>\n<meta property=\"og:url\" content=\"https:\/\/www.vallonchene.fr\/en\/about-us\/\" \/>\n<meta property=\"og:site_name\" content=\"Vallonch\u00eane\" \/>\n<meta property=\"article:publisher\" content=\"https:\/\/www.facebook.com\/vallonchene.fr\" \/>\n<meta property=\"article:modified_time\" content=\"2025-10-23T09:14:12+00:00\" \/>\n<meta name=\"twitter:card\" content=\"summary_large_image\" \/>\n<meta name=\"twitter:label1\" content=\"Est. reading time\" \/>\n\t<meta name=\"twitter:data1\" content=\"2 minutes\" \/>\n<script type=\"application\/ld+json\" class=\"yoast-schema-graph\">{\"@context\":\"https:\\\/\\\/schema.org\",\"@graph\":[{\"@type\":[\"WebPage\",\"AboutPage\"],\"@id\":\"https:\\\/\\\/www.vallonchene.fr\\\/en\\\/about-us\\\/\",\"url\":\"https:\\\/\\\/www.vallonchene.fr\\\/en\\\/about-us\\\/\",\"name\":\"About us - Vallonch\u00eane\",\"isPartOf\":{\"@id\":\"https:\\\/\\\/www.vallonchene.fr\\\/en\\\/#website\"},\"datePublished\":\"2023-04-11T10:46:18+00:00\",\"dateModified\":\"2025-10-23T09:14:12+00:00\",\"description\":\"About us D\u00e9couvrez qui est la p\u00e9pini\u00e8re Vallonch\u00eane et quels sont ses points forts pour satisfaire ses clients.\",\"breadcrumb\":{\"@id\":\"https:\\\/\\\/www.vallonchene.fr\\\/en\\\/about-us\\\/#breadcrumb\"},\"inLanguage\":\"en-US\",\"potentialAction\":[{\"@type\":\"ReadAction\",\"target\":[\"https:\\\/\\\/www.vallonchene.fr\\\/en\\\/about-us\\\/\"]}]},{\"@type\":\"BreadcrumbList\",\"@id\":\"https:\\\/\\\/www.vallonchene.fr\\\/en\\\/about-us\\\/#breadcrumb\",\"itemListElement\":[{\"@type\":\"ListItem\",\"position\":1,\"name\":\"Home\",\"item\":\"https:\\\/\\\/www.vallonchene.fr\\\/en\\\/\"},{\"@type\":\"ListItem\",\"position\":2,\"name\":\"About us\"}]},{\"@type\":\"WebSite\",\"@id\":\"https:\\\/\\\/www.vallonchene.fr\\\/en\\\/#website\",\"url\":\"https:\\\/\\\/www.vallonchene.fr\\\/en\\\/\",\"name\":\"Vallonch\u00eane\",\"description\":\"The nursery where quality has its roots \u2013 Call: +33 (0)2 35 90 02 02\",\"publisher\":{\"@id\":\"https:\\\/\\\/www.vallonchene.fr\\\/en\\\/#organization\"},\"potentialAction\":[{\"@type\":\"SearchAction\",\"target\":{\"@type\":\"EntryPoint\",\"urlTemplate\":\"https:\\\/\\\/www.vallonchene.fr\\\/en\\\/?s={search_term_string}\"},\"query-input\":{\"@type\":\"PropertyValueSpecification\",\"valueRequired\":true,\"valueName\":\"search_term_string\"}}],\"inLanguage\":\"en-US\"},{\"@type\":\"Organization\",\"@id\":\"https:\\\/\\\/www.vallonchene.fr\\\/en\\\/#organization\",\"name\":\"VALLONCHENE\",\"url\":\"https:\\\/\\\/www.vallonchene.fr\\\/en\\\/\",\"logo\":{\"@type\":\"ImageObject\",\"inLanguage\":\"en-US\",\"@id\":\"https:\\\/\\\/www.vallonchene.fr\\\/en\\\/#\\\/schema\\\/logo\\\/image\\\/\",\"url\":\"https:\\\/\\\/www.vallonchene.fr\\\/wp-content\\\/uploads\\\/2023\\\/03\\\/Logo-Vallonchene-site-et-R_hauteur_100.png\",\"contentUrl\":\"https:\\\/\\\/www.vallonchene.fr\\\/wp-content\\\/uploads\\\/2023\\\/03\\\/Logo-Vallonchene-site-et-R_hauteur_100.png\",\"width\":221,\"height\":100,\"caption\":\"VALLONCHENE\"},\"image\":{\"@id\":\"https:\\\/\\\/www.vallonchene.fr\\\/en\\\/#\\\/schema\\\/logo\\\/image\\\/\"},\"sameAs\":[\"https:\\\/\\\/www.facebook.com\\\/vallonchene.fr\",\"https:\\\/\\\/www.instagram.com\\\/vallonchene\\\/\",\"https:\\\/\\\/www.pinterest.fr\\\/vallonchene\\\/\"],\"taxID\":\"49454502300017\",\"hasMerchantReturnPolicy\":{\"@type\":\"MerchantReturnPolicy\",\"merchantReturnLink\":\"https:\\\/\\\/www.vallonchene.fr\\\/remboursements_retours\\\/\"}}]}<\/script>\n<!-- \/ Yoast SEO Premium plugin. -->","yoast_head_json":{"title":"About us - Vallonch\u00eane","description":"About us D\u00e9couvrez qui est la p\u00e9pini\u00e8re Vallonch\u00eane et quels sont ses points forts pour satisfaire ses clients.","robots":{"index":"index","follow":"follow","max-snippet":"max-snippet:-1","max-image-preview":"max-image-preview:large","max-video-preview":"max-video-preview:-1"},"canonical":"https:\/\/www.vallonchene.fr\/en\/about-us\/","og_locale":"en_US","og_type":"article","og_title":"About us","og_description":"About us D\u00e9couvrez qui est la p\u00e9pini\u00e8re Vallonch\u00eane et quels sont ses points forts pour satisfaire ses clients.","og_url":"https:\/\/www.vallonchene.fr\/en\/about-us\/","og_site_name":"Vallonch\u00eane","article_publisher":"https:\/\/www.facebook.com\/vallonchene.fr","article_modified_time":"2025-10-23T09:14:12+00:00","twitter_card":"summary_large_image","twitter_misc":{"Est. reading time":"2 minutes"},"schema":{"@context":"https:\/\/schema.org","@graph":[{"@type":["WebPage","AboutPage"],"@id":"https:\/\/www.vallonchene.fr\/en\/about-us\/","url":"https:\/\/www.vallonchene.fr\/en\/about-us\/","name":"About us - Vallonch\u00eane","isPartOf":{"@id":"https:\/\/www.vallonchene.fr\/en\/#website"},"datePublished":"2023-04-11T10:46:18+00:00","dateModified":"2025-10-23T09:14:12+00:00","description":"About us D\u00e9couvrez qui est la p\u00e9pini\u00e8re Vallonch\u00eane et quels sont ses points forts pour satisfaire ses clients.","breadcrumb":{"@id":"https:\/\/www.vallonchene.fr\/en\/about-us\/#breadcrumb"},"inLanguage":"en-US","potentialAction":[{"@type":"ReadAction","target":["https:\/\/www.vallonchene.fr\/en\/about-us\/"]}]},{"@type":"BreadcrumbList","@id":"https:\/\/www.vallonchene.fr\/en\/about-us\/#breadcrumb","itemListElement":[{"@type":"ListItem","position":1,"name":"Home","item":"https:\/\/www.vallonchene.fr\/en\/"},{"@type":"ListItem","position":2,"name":"About us"}]},{"@type":"WebSite","@id":"https:\/\/www.vallonchene.fr\/en\/#website","url":"https:\/\/www.vallonchene.fr\/en\/","name":"Vallonch\u00eane","description":"The nursery where quality has its roots \u2013 Call: +33 (0)2 35 90 02 02","publisher":{"@id":"https:\/\/www.vallonchene.fr\/en\/#organization"},"potentialAction":[{"@type":"SearchAction","target":{"@type":"EntryPoint","urlTemplate":"https:\/\/www.vallonchene.fr\/en\/?s={search_term_string}"},"query-input":{"@type":"PropertyValueSpecification","valueRequired":true,"valueName":"search_term_string"}}],"inLanguage":"en-US"},{"@type":"Organization","@id":"https:\/\/www.vallonchene.fr\/en\/#organization","name":"VALLONCHENE","url":"https:\/\/www.vallonchene.fr\/en\/","logo":{"@type":"ImageObject","inLanguage":"en-US","@id":"https:\/\/www.vallonchene.fr\/en\/#\/schema\/logo\/image\/","url":"https:\/\/www.vallonchene.fr\/wp-content\/uploads\/2023\/03\/Logo-Vallonchene-site-et-R_hauteur_100.png","contentUrl":"https:\/\/www.vallonchene.fr\/wp-content\/uploads\/2023\/03\/Logo-Vallonchene-site-et-R_hauteur_100.png","width":221,"height":100,"caption":"VALLONCHENE"},"image":{"@id":"https:\/\/www.vallonchene.fr\/en\/#\/schema\/logo\/image\/"},"sameAs":["https:\/\/www.facebook.com\/vallonchene.fr","https:\/\/www.instagram.com\/vallonchene\/","https:\/\/www.pinterest.fr\/vallonchene\/"],"taxID":"49454502300017","hasMerchantReturnPolicy":{"@type":"MerchantReturnPolicy","merchantReturnLink":"https:\/\/www.vallonchene.fr\/remboursements_retours\/"}}]}},"_links":{"self":[{"href":"https:\/\/www.vallonchene.fr\/en\/wp-json\/wp\/v2\/pages\/27159","targetHints":{"allow":["GET"]}}],"collection":[{"href":"https:\/\/www.vallonchene.fr\/en\/wp-json\/wp\/v2\/pages"}],"about":[{"href":"https:\/\/www.vallonchene.fr\/en\/wp-json\/wp\/v2\/types\/page"}],"author":[{"embeddable":true,"href":"https:\/\/www.vallonchene.fr\/en\/wp-json\/wp\/v2\/users\/1"}],"replies":[{"embeddable":true,"href":"https:\/\/www.vallonchene.fr\/en\/wp-json\/wp\/v2\/comments?post=27159"}],"version-history":[{"count":0,"href":"https:\/\/www.vallonchene.fr\/en\/wp-json\/wp\/v2\/pages\/27159\/revisions"}],"wp:attachment":[{"href":"https:\/\/www.vallonchene.fr\/en\/wp-json\/wp\/v2\/media?parent=27159"}],"curies":[{"name":"wp","href":"https:\/\/api.w.org\/{rel}","templated":true}]}}