{"id":27053,"date":"2023-04-08T15:39:56","date_gmt":"2023-04-08T14:39:56","guid":{"rendered":"https:\/\/testing.vallonchene.fr\/?page_id=27053"},"modified":"2024-10-17T15:05:30","modified_gmt":"2024-10-17T15:05:30","slug":"how-to-plant-and-maintain-shrubs-trees-and-conifers","status":"publish","type":"page","link":"https:\/\/www.vallonchene.fr\/en\/how-to-plant-and-maintain-plants\/how-to-plant-and-maintain-shrubs-trees-and-conifers\/","title":{"rendered":"How to plant and maintain shrubs, trees, and conifers"},"content":{"rendered":"\n<p>Discover <strong>how to plant shrubs, trees, and conifers<\/strong> and how to take <strong>care<\/strong> of those plants later on :<\/p>\n\n\n\n<h2 class=\"wp-block-heading\" id=\"h-how-to-plant-shrubs-trees-and-conifers\">How to plant shrubs, trees, and conifers<\/h2>\n\n\n\n<ol class=\"wp-block-list\">\n<li><strong>Choose the right location:<\/strong> Carefully select a spot based on the plant&#8217;s sunlight requirements (you will find more information about your plant&#8217;s favorite exposure on its Vallonch\u00eane\u00ae label or on our website). To understand terms like &#8220;full sun,&#8221; don&#8217;t be misled by the &#8220;south-facing&#8221; orientation. It&#8217;s the duration of sunlight that matters. &#8220;Full sun&#8221; means sunlight from noon to 5 pm (more explanations in the plant fact sheets on our website).<\/li>\n\n\n\n<li><strong>Prepare a good planting hole:<\/strong> For trees and shrubs, it is recommended to dig a hole 1m x 1m x 1m. Separate the top layer of good soil from the deeper, poorer soil, and replace 50% of it with potting soil (available at Vallonch\u00eane\u00ae) or compost. Plants need to feed, just like you, and adding potting soil provides organic matter. Never use heather soil, even for so-called &#8220;heather plants&#8221;! It dries out too much during dry periods and is difficult to rehydrate. As a result, your plants will suffer from a lack of water or excess water.<\/li>\n\n\n\n<li><strong>When filling the hole and planting the plant, do not put any soil or potting soil above the plant&#8217;s initial root ball.<\/strong> If you cover the collar, growth can slow down significantly, be destroyed, or the plant may even die in the long term. To avoid this, plant slightly above ground level.<\/li>\n\n\n\n<li><strong>Water abundantly at the base of the plant (at least one 12-liter watering can).<\/strong><\/li>\n\n\n\n<li><strong>If you have mulch (a mixture of leaves and pine needles), cover the surface of the planting hole with it<\/strong> (at least 20 cm of thickness while avoiding the plant&#8217;s collar). This will help reduce weed growth and preserve moisture around the plant for longer. Never use your grass clippings. &#8220;Compost&#8221; made from grass clippings should be absolutely avoided.<\/li>\n\n\n\n<li><strong>Beware of urine from domestic animals, especially cats and dogs.<\/strong> Animal urination is very often fatal to plants. Urine on evergreens, particularly yews, boxwood, and conifers, can act as a systemic herbicide that destroys the plant, starting with the branch that comes into contact with it and continuing to the rest of the plant. Urine from foxes or badgers can also be dangerous.<\/li>\n\n\n\n<li><strong>If it&#8217;s a tree, it may be helpful to stake it (depending on its size).<\/strong> This stabilizes the root ball and promotes good root growth. Check the tie regularly to prevent strangulation over time.<\/li>\n<\/ol>\n\n\n\n<h2 class=\"wp-block-heading\" id=\"h-how-to-maintain-shrubs-tress-and-conifers\">How to maintain shrubs, tress, and conifers<\/h2>\n\n\n\n<p>If you have followed our above planting instructions, the care of your plants will be much easier (concerning weed and watering):<\/p>\n\n\n\n<ol class=\"wp-block-list\">\n<li><strong>Maintain good humidity for your plant for at least twelve months,<\/strong> especially during dry periods. <strong>WARNING!<\/strong> It is very misleading to think that rain provides enough water for newly planted plants. This is false! If you want to succeed in your garden and ensure proper watering for your plants, get a basic rain gauge. This is the only way to monitor garden humidity. <strong>A rain gauge is as important as a spade or hoe!<\/strong> Should your rain gauge fail to record a minimum of 10 mm of rainfall in a week, during either spring or summer, supplemental watering is necessary. Furthermore, observing the right humidity is even more significant for evergreen plants than for deciduous plants, as evergreens often show a lack of water by yellowing or dropping leaves when it is already too late.<\/li>\n\n\n\n<li><strong>If you have not covered the planting area with mulch, break up the surface crust that develops over time.<\/strong> This allows watering and rainwater to penetrate the soil more easily and reach the roots more effectively.<\/li>\n\n\n\n<li><strong>Remove dead flowers.<\/strong> They exhaust the plants with seed production. Your plant will be stronger and more beautiful the following year.<\/li>\n<\/ol>\n\n\n\n<p class=\"has-text-align-center\"><strong>Do you have any questions?<\/strong><br>You are welcome to <a href=\"https:\/\/www.vallonchene.fr\/en\/contact\/\">send a message to our customer service<\/a>.<\/p>\n\n\n\n<h2 class=\"wp-block-heading\" id=\"h-souscrivez-a-notre-newsletter-gratuite\">Souscrivez \u00e0 notre newsletter gratuite !<\/h2>\n\n\n\n<p>Abonnez-vous \u00e0 notre newsletter gratuite et recevez automatiquement nos nouvelles publications sur les plantes et le jardinage en g\u00e9n\u00e9ral. Si vous n&#8217;en voulez plus, vous pouvez vous d\u00e9sabonner par un simple clic.<\/p>\n\n\n<div class='fluentform ff-default fluentform_wrapper_11 ffs_default_wrap'><form data-form_id=\"11\" id=\"fluentform_11\" class=\"frm-fluent-form fluent_form_11 ff-el-form-top ff_form_instance_11_1 ff-form-loading ffs_default\" data-form_instance=\"ff_form_instance_11_1\" method=\"POST\" ><fieldset  style=\"border: none!important;margin: 0!important;padding: 0!important;background-color: transparent!important;box-shadow: none!important;outline: none!important; min-inline-size: 100%;\">\n                    <legend class=\"ff_screen_reader_title\" style=\"display: block; margin: 0!important;padding: 0!important;height: 0!important;text-indent: -999999px;width: 0!important;overflow:hidden;\">Souscription G\u00e9n\u00e9rale FR sans OPT-IN<\/legend>        <div\n                style=\"display: none!important; position: absolute!important; transform: translateX(1000%)!important;\"\n                class=\"ff-el-group ff-hpsf-container\"\n        >\n            <div class=\"ff-el-input--label asterisk-right\">\n                <label for=\"ff_11_item_sf\" aria-label=\"Subscribe\">\n                    Subscribe                <\/label>\n            <\/div>\n            <div class=\"ff-el-input--content\">\n                <input type=\"text\"\n                       name=\"item_11__fluent_sf\"\n                       class=\"ff-el-form-control\"\n                       id=\"ff_11_item_sf\"\n                \/>\n            <\/div>\n        <\/div>\n        <input type='hidden' name='__fluent_form_embded_post_id' value='27053' \/><input type=\"hidden\" id=\"_fluentform_11_fluentformnonce\" name=\"_fluentform_11_fluentformnonce\" value=\"a77b8aaa30\" \/><input type=\"hidden\" name=\"_wp_http_referer\" value=\"\/en\/wp-json\/wp\/v2\/pages\/27053\" \/><div data-type=\"name-element\" data-name=\"names\" class=\" ff-field_container ff-name-field-wrapper\" ><div class='ff-t-container'><div class='ff-t-cell '><div class='ff-el-group'><div class=\"ff-el-input--label ff-el-is-required asterisk-right\"><label for='ff_11_names_first_name_' id='label_ff_11_names_first_name_' >Pr\u00e9nom<\/label><\/div><div class='ff-el-input--content'><input type=\"text\" name=\"names[first_name]\" id=\"ff_11_names_first_name_\" class=\"ff-el-form-control\" aria-invalid=\"false\" aria-required=true><\/div><\/div><\/div><div class='ff-t-cell '><div class='ff-el-group'><div class=\"ff-el-input--label ff-el-is-required asterisk-right\"><label for='ff_11_names_last_name_' id='label_ff_11_names_last_name_' >Nom<\/label><\/div><div class='ff-el-input--content'><input type=\"text\" name=\"names[last_name]\" id=\"ff_11_names_last_name_\" class=\"ff-el-form-control\" aria-invalid=\"false\" aria-required=true><\/div><\/div><\/div><\/div><\/div><div class='ff-el-group'><div class=\"ff-el-input--label ff-el-is-required asterisk-right\"><label for='ff_11_email' id='label_ff_11_email' aria-label=\"Email\">Email<\/label><\/div><div class='ff-el-input--content'><input type=\"email\" name=\"email\" id=\"ff_11_email\" class=\"ff-el-form-control\" data-name=\"email\"  aria-invalid=\"false\" aria-required=true><\/div><\/div><div class='ff-el-group    ff-el-input--content'><div class='ff-el-form-check ff-el-tc'><label aria-label='Je consens \u00e0 ce que ce site stocke les informations que j&#039;envoie avec ce formulaire afin de pouvoir r\u00e9pondre \u00e0 ma demande.\nSi je souhaite me d\u00e9sabonner, il suffit de cliquer sur le lien en bas de la lettre d&#039;informations pr\u00e9vu \u00e0 cet effet.' class='ff-el-form-check-label ff_tc_label' for=gdpr-agreement_8b702de72809bdee017661cd88fbc2eb><span class='ff_tc_checkbox'><input type=\"checkbox\" name=\"gdpr-agreement\" class=\"ff-el-form-check-input ff_gdpr_field\" data-name=\"gdpr-agreement\" id=\"gdpr-agreement_8b702de72809bdee017661cd88fbc2eb\"  value='on' aria-invalid='false' aria-required=true><\/span> <div class='ff_t_c'>Je consens \u00e0 ce que ce site stocke les informations que j'envoie avec ce formulaire afin de pouvoir r\u00e9pondre \u00e0 ma demande.\nSi je souhaite me d\u00e9sabonner, il suffit de cliquer sur le lien en bas de la lettre d'informations pr\u00e9vu \u00e0 cet effet.<\/div><\/label><\/div><\/div><div class='ff-el-group ff-text-left ff_submit_btn_wrapper'><button type=\"submit\" class=\"ff-btn ff-btn-submit ff-btn-md ff_btn_style\"  aria-label=\"S&#039;abonner gratuitement\">S'abonner gratuitement<\/button><\/div>\t\t<div id=\"cf-turnstile-fluent-4288823292\"\r\n\t\tclass=\"cf-turnstile\" \t\tdata-sitekey=\"0x4AAAAAAAEQmtNTo7HKVVoq\"\r\n\t\tdata-theme=\"light\"\r\n\t\tdata-language=\"auto\"\r\n\t\tdata-size=\"normal\"\r\n\t\tdata-retry=\"auto\" data-retry-interval=\"1000\"\r\n\t\tdata-refresh-expired=\"auto\"\r\n\t\tdata-refresh-timeout=\"auto\"\r\n\t\tdata-action=\"fluent-form-11\"\r\n\t\tdata-callback=\"turnstileFluentCallback\"\r\n\t\t\t\tdata-appearance=\"always\"><\/div>\r\n\t\t\t<script>document.addEventListener(\"DOMContentLoaded\", function() { setTimeout(function(){ var e=document.getElementById(\"cf-turnstile-fluent-4288823292\"); if(e&&!e.innerHTML.trim()){turnstile.render(e, {sitekey:\"0x4AAAAAAAEQmtNTo7HKVVoq\"});} }, 200); });<\/script>\r\n\t\t\t<br class=\"cf-turnstile-br cf-turnstile-br-fluent-4288823292\">\r\n\t\t\t\t<style>#cf-turnstile-fluent-4288823292 { margin-left: -15px; }<\/style>\r\n\t\t<\/fieldset><\/form><div id='fluentform_11_errors' class='ff-errors-in-stack ff_form_instance_11_1 ff-form-loading_errors ff_form_instance_11_1_errors'><\/div><\/div>            <script type=\"text\/javascript\">\n                window.fluent_form_ff_form_instance_11_1 = {\"id\":\"11\",\"ajaxUrl\":\"https:\\\/\\\/www.vallonchene.fr\\\/wp-admin\\\/admin-ajax.php\",\"settings\":{\"layout\":{\"labelPlacement\":\"top\",\"helpMessagePlacement\":\"with_label\",\"errorMessagePlacement\":\"inline\"},\"restrictions\":{\"denyEmptySubmission\":{\"enabled\":false}}},\"form_instance\":\"ff_form_instance_11_1\",\"form_id_selector\":\"fluentform_11\",\"rules\":{\"names[first_name]\":{\"required\":{\"value\":true,\"message\":\"Ce champ est obligatoire\"}},\"names[middle_name]\":{\"required\":{\"value\":false,\"message\":\"This field is required\"}},\"names[last_name]\":{\"required\":{\"value\":true,\"message\":\"Ce champ est obligatoire\"}},\"email\":{\"required\":{\"value\":true,\"message\":\"Ce champ est obligatoire\"},\"email\":{\"value\":true,\"message\":\"Merci d'entrer un e-mail valide\"}},\"gdpr-agreement\":{\"required\":{\"value\":true,\"message\":\"Ce champ est requis\"}}},\"debounce_time\":300};\n                            <\/script>\n            \n","protected":false},"excerpt":{"rendered":"<p>Discover how to plant shrubs, trees, and conifers and how to take care of those plants later on : How to plant shrubs, trees, and conifers How to maintain shrubs, tress, and conifers If you have followed our above planting instructions, the care of your plants will be much easier (concerning weed and watering): Do [&hellip;]<\/p>\n","protected":false},"author":1,"featured_media":0,"parent":27037,"menu_order":0,"comment_status":"closed","ping_status":"closed","template":"","meta":{"footnotes":""},"class_list":["post-27053","page","type-page","status-publish","hentry"],"yoast_head":"<!-- This site is optimized with the Yoast SEO Premium plugin v27.4 (Yoast SEO v27.4) - https:\/\/yoast.com\/product\/yoast-seo-premium-wordpress\/ -->\n<title>How to plant and maintain shrubs, trees, and conifers - Vallonch\u00eane<\/title>\n<meta name=\"robots\" content=\"index, follow, max-snippet:-1, max-image-preview:large, max-video-preview:-1\" \/>\n<link rel=\"canonical\" href=\"https:\/\/www.vallonchene.fr\/en\/how-to-plant-and-maintain-plants\/how-to-plant-and-maintain-shrubs-trees-and-conifers\/\" \/>\n<meta property=\"og:locale\" content=\"en_US\" \/>\n<meta property=\"og:type\" content=\"article\" \/>\n<meta property=\"og:title\" content=\"How to plant and maintain shrubs, trees, and conifers\" \/>\n<meta property=\"og:description\" content=\"Discover how to plant shrubs, trees, and conifers and how to take care of those plants later on : How to plant shrubs, trees, and conifers How to maintain shrubs, tress, and conifers If you have followed our above planting instructions, the care of your plants will be much easier (concerning weed and watering): Do [&hellip;]\" \/>\n<meta property=\"og:url\" content=\"https:\/\/www.vallonchene.fr\/en\/how-to-plant-and-maintain-plants\/how-to-plant-and-maintain-shrubs-trees-and-conifers\/\" \/>\n<meta property=\"og:site_name\" content=\"Vallonch\u00eane\" \/>\n<meta property=\"article:publisher\" content=\"https:\/\/www.facebook.com\/vallonchene.fr\" \/>\n<meta property=\"article:modified_time\" content=\"2024-10-17T15:05:30+00:00\" \/>\n<meta name=\"twitter:card\" content=\"summary_large_image\" \/>\n<meta name=\"twitter:label1\" content=\"Est. reading time\" \/>\n\t<meta name=\"twitter:data1\" content=\"4 minutes\" \/>\n<script type=\"application\/ld+json\" class=\"yoast-schema-graph\">{\"@context\":\"https:\\\/\\\/schema.org\",\"@graph\":[{\"@type\":\"TechArticle\",\"@id\":\"https:\\\/\\\/www.vallonchene.fr\\\/en\\\/how-to-plant-and-maintain-plants\\\/how-to-plant-and-maintain-shrubs-trees-and-conifers\\\/#article\",\"isPartOf\":{\"@id\":\"https:\\\/\\\/www.vallonchene.fr\\\/en\\\/how-to-plant-and-maintain-plants\\\/how-to-plant-and-maintain-shrubs-trees-and-conifers\\\/\"},\"author\":{\"name\":\"Vallonch\u00eane\",\"@id\":\"https:\\\/\\\/www.vallonchene.fr\\\/en\\\/#\\\/schema\\\/person\\\/e0333176b10d7aea832c0f881bce1ea9\"},\"headline\":\"How to plant and maintain shrubs, trees, and conifers\",\"datePublished\":\"2023-04-08T14:39:56+00:00\",\"dateModified\":\"2024-10-17T15:05:30+00:00\",\"mainEntityOfPage\":{\"@id\":\"https:\\\/\\\/www.vallonchene.fr\\\/en\\\/how-to-plant-and-maintain-plants\\\/how-to-plant-and-maintain-shrubs-trees-and-conifers\\\/\"},\"wordCount\":706,\"publisher\":{\"@id\":\"https:\\\/\\\/www.vallonchene.fr\\\/en\\\/#organization\"},\"inLanguage\":\"en-US\"},{\"@type\":[\"WebPage\",\"QAPage\"],\"@id\":\"https:\\\/\\\/www.vallonchene.fr\\\/en\\\/how-to-plant-and-maintain-plants\\\/how-to-plant-and-maintain-shrubs-trees-and-conifers\\\/\",\"url\":\"https:\\\/\\\/www.vallonchene.fr\\\/en\\\/how-to-plant-and-maintain-plants\\\/how-to-plant-and-maintain-shrubs-trees-and-conifers\\\/\",\"name\":\"How to plant and maintain shrubs, trees, and conifers - Vallonch\u00eane\",\"isPartOf\":{\"@id\":\"https:\\\/\\\/www.vallonchene.fr\\\/en\\\/#website\"},\"datePublished\":\"2023-04-08T14:39:56+00:00\",\"dateModified\":\"2024-10-17T15:05:30+00:00\",\"breadcrumb\":{\"@id\":\"https:\\\/\\\/www.vallonchene.fr\\\/en\\\/how-to-plant-and-maintain-plants\\\/how-to-plant-and-maintain-shrubs-trees-and-conifers\\\/#breadcrumb\"},\"inLanguage\":\"en-US\",\"potentialAction\":[{\"@type\":\"ReadAction\",\"target\":[\"https:\\\/\\\/www.vallonchene.fr\\\/en\\\/how-to-plant-and-maintain-plants\\\/how-to-plant-and-maintain-shrubs-trees-and-conifers\\\/\"]}]},{\"@type\":\"BreadcrumbList\",\"@id\":\"https:\\\/\\\/www.vallonchene.fr\\\/en\\\/how-to-plant-and-maintain-plants\\\/how-to-plant-and-maintain-shrubs-trees-and-conifers\\\/#breadcrumb\",\"itemListElement\":[{\"@type\":\"ListItem\",\"position\":1,\"name\":\"Home\",\"item\":\"https:\\\/\\\/www.vallonchene.fr\\\/en\\\/\"},{\"@type\":\"ListItem\",\"position\":2,\"name\":\"How to plant and maintain plants\",\"item\":\"https:\\\/\\\/www.vallonchene.fr\\\/en\\\/comment-planter-et-entretenir-des-vegetaux\\\/\"},{\"@type\":\"ListItem\",\"position\":3,\"name\":\"How to plant and maintain shrubs, trees, and conifers\"}]},{\"@type\":\"WebSite\",\"@id\":\"https:\\\/\\\/www.vallonchene.fr\\\/en\\\/#website\",\"url\":\"https:\\\/\\\/www.vallonchene.fr\\\/en\\\/\",\"name\":\"Vallonch\u00eane\",\"description\":\"The nursery where quality has its roots \u2013 Call: +33 (0)2 35 90 02 02\",\"publisher\":{\"@id\":\"https:\\\/\\\/www.vallonchene.fr\\\/en\\\/#organization\"},\"potentialAction\":[{\"@type\":\"SearchAction\",\"target\":{\"@type\":\"EntryPoint\",\"urlTemplate\":\"https:\\\/\\\/www.vallonchene.fr\\\/en\\\/?s={search_term_string}\"},\"query-input\":{\"@type\":\"PropertyValueSpecification\",\"valueRequired\":true,\"valueName\":\"search_term_string\"}}],\"inLanguage\":\"en-US\"},{\"@type\":\"Organization\",\"@id\":\"https:\\\/\\\/www.vallonchene.fr\\\/en\\\/#organization\",\"name\":\"VALLONCHENE\",\"url\":\"https:\\\/\\\/www.vallonchene.fr\\\/en\\\/\",\"logo\":{\"@type\":\"ImageObject\",\"inLanguage\":\"en-US\",\"@id\":\"https:\\\/\\\/www.vallonchene.fr\\\/en\\\/#\\\/schema\\\/logo\\\/image\\\/\",\"url\":\"https:\\\/\\\/www.vallonchene.fr\\\/wp-content\\\/uploads\\\/2023\\\/03\\\/Logo-Vallonchene-site-et-R_hauteur_100.png\",\"contentUrl\":\"https:\\\/\\\/www.vallonchene.fr\\\/wp-content\\\/uploads\\\/2023\\\/03\\\/Logo-Vallonchene-site-et-R_hauteur_100.png\",\"width\":221,\"height\":100,\"caption\":\"VALLONCHENE\"},\"image\":{\"@id\":\"https:\\\/\\\/www.vallonchene.fr\\\/en\\\/#\\\/schema\\\/logo\\\/image\\\/\"},\"sameAs\":[\"https:\\\/\\\/www.facebook.com\\\/vallonchene.fr\",\"https:\\\/\\\/www.instagram.com\\\/vallonchene\\\/\",\"https:\\\/\\\/www.pinterest.fr\\\/vallonchene\\\/\"],\"taxID\":\"49454502300017\",\"hasMerchantReturnPolicy\":{\"@type\":\"MerchantReturnPolicy\",\"merchantReturnLink\":\"https:\\\/\\\/www.vallonchene.fr\\\/remboursements_retours\\\/\"}},{\"@type\":\"Person\",\"@id\":\"https:\\\/\\\/www.vallonchene.fr\\\/en\\\/#\\\/schema\\\/person\\\/e0333176b10d7aea832c0f881bce1ea9\",\"name\":\"Vallonch\u00eane\",\"sameAs\":[\"https:\\\/\\\/www.vallonchene.fr\\\/\",\"https:\\\/\\\/www.facebook.com\\\/vallonchene.fr\",\"https:\\\/\\\/www.instagram.com\\\/vallonchene\\\/\",\"https:\\\/\\\/www.pinterest.fr\\\/vallonchene\\\/\"],\"url\":\"https:\\\/\\\/www.vallonchene.fr\\\/en\\\/author\\\/vallonchene\\\/\"}]}<\/script>\n<!-- \/ Yoast SEO Premium plugin. -->","yoast_head_json":{"title":"How to plant and maintain shrubs, trees, and conifers - Vallonch\u00eane","robots":{"index":"index","follow":"follow","max-snippet":"max-snippet:-1","max-image-preview":"max-image-preview:large","max-video-preview":"max-video-preview:-1"},"canonical":"https:\/\/www.vallonchene.fr\/en\/how-to-plant-and-maintain-plants\/how-to-plant-and-maintain-shrubs-trees-and-conifers\/","og_locale":"en_US","og_type":"article","og_title":"How to plant and maintain shrubs, trees, and conifers","og_description":"Discover how to plant shrubs, trees, and conifers and how to take care of those plants later on : How to plant shrubs, trees, and conifers How to maintain shrubs, tress, and conifers If you have followed our above planting instructions, the care of your plants will be much easier (concerning weed and watering): Do [&hellip;]","og_url":"https:\/\/www.vallonchene.fr\/en\/how-to-plant-and-maintain-plants\/how-to-plant-and-maintain-shrubs-trees-and-conifers\/","og_site_name":"Vallonch\u00eane","article_publisher":"https:\/\/www.facebook.com\/vallonchene.fr","article_modified_time":"2024-10-17T15:05:30+00:00","twitter_card":"summary_large_image","twitter_misc":{"Est. reading time":"4 minutes"},"schema":{"@context":"https:\/\/schema.org","@graph":[{"@type":"TechArticle","@id":"https:\/\/www.vallonchene.fr\/en\/how-to-plant-and-maintain-plants\/how-to-plant-and-maintain-shrubs-trees-and-conifers\/#article","isPartOf":{"@id":"https:\/\/www.vallonchene.fr\/en\/how-to-plant-and-maintain-plants\/how-to-plant-and-maintain-shrubs-trees-and-conifers\/"},"author":{"name":"Vallonch\u00eane","@id":"https:\/\/www.vallonchene.fr\/en\/#\/schema\/person\/e0333176b10d7aea832c0f881bce1ea9"},"headline":"How to plant and maintain shrubs, trees, and conifers","datePublished":"2023-04-08T14:39:56+00:00","dateModified":"2024-10-17T15:05:30+00:00","mainEntityOfPage":{"@id":"https:\/\/www.vallonchene.fr\/en\/how-to-plant-and-maintain-plants\/how-to-plant-and-maintain-shrubs-trees-and-conifers\/"},"wordCount":706,"publisher":{"@id":"https:\/\/www.vallonchene.fr\/en\/#organization"},"inLanguage":"en-US"},{"@type":["WebPage","QAPage"],"@id":"https:\/\/www.vallonchene.fr\/en\/how-to-plant-and-maintain-plants\/how-to-plant-and-maintain-shrubs-trees-and-conifers\/","url":"https:\/\/www.vallonchene.fr\/en\/how-to-plant-and-maintain-plants\/how-to-plant-and-maintain-shrubs-trees-and-conifers\/","name":"How to plant and maintain shrubs, trees, and conifers - Vallonch\u00eane","isPartOf":{"@id":"https:\/\/www.vallonchene.fr\/en\/#website"},"datePublished":"2023-04-08T14:39:56+00:00","dateModified":"2024-10-17T15:05:30+00:00","breadcrumb":{"@id":"https:\/\/www.vallonchene.fr\/en\/how-to-plant-and-maintain-plants\/how-to-plant-and-maintain-shrubs-trees-and-conifers\/#breadcrumb"},"inLanguage":"en-US","potentialAction":[{"@type":"ReadAction","target":["https:\/\/www.vallonchene.fr\/en\/how-to-plant-and-maintain-plants\/how-to-plant-and-maintain-shrubs-trees-and-conifers\/"]}]},{"@type":"BreadcrumbList","@id":"https:\/\/www.vallonchene.fr\/en\/how-to-plant-and-maintain-plants\/how-to-plant-and-maintain-shrubs-trees-and-conifers\/#breadcrumb","itemListElement":[{"@type":"ListItem","position":1,"name":"Home","item":"https:\/\/www.vallonchene.fr\/en\/"},{"@type":"ListItem","position":2,"name":"How to plant and maintain plants","item":"https:\/\/www.vallonchene.fr\/en\/comment-planter-et-entretenir-des-vegetaux\/"},{"@type":"ListItem","position":3,"name":"How to plant and maintain shrubs, trees, and conifers"}]},{"@type":"WebSite","@id":"https:\/\/www.vallonchene.fr\/en\/#website","url":"https:\/\/www.vallonchene.fr\/en\/","name":"Vallonch\u00eane","description":"The nursery where quality has its roots \u2013 Call: +33 (0)2 35 90 02 02","publisher":{"@id":"https:\/\/www.vallonchene.fr\/en\/#organization"},"potentialAction":[{"@type":"SearchAction","target":{"@type":"EntryPoint","urlTemplate":"https:\/\/www.vallonchene.fr\/en\/?s={search_term_string}"},"query-input":{"@type":"PropertyValueSpecification","valueRequired":true,"valueName":"search_term_string"}}],"inLanguage":"en-US"},{"@type":"Organization","@id":"https:\/\/www.vallonchene.fr\/en\/#organization","name":"VALLONCHENE","url":"https:\/\/www.vallonchene.fr\/en\/","logo":{"@type":"ImageObject","inLanguage":"en-US","@id":"https:\/\/www.vallonchene.fr\/en\/#\/schema\/logo\/image\/","url":"https:\/\/www.vallonchene.fr\/wp-content\/uploads\/2023\/03\/Logo-Vallonchene-site-et-R_hauteur_100.png","contentUrl":"https:\/\/www.vallonchene.fr\/wp-content\/uploads\/2023\/03\/Logo-Vallonchene-site-et-R_hauteur_100.png","width":221,"height":100,"caption":"VALLONCHENE"},"image":{"@id":"https:\/\/www.vallonchene.fr\/en\/#\/schema\/logo\/image\/"},"sameAs":["https:\/\/www.facebook.com\/vallonchene.fr","https:\/\/www.instagram.com\/vallonchene\/","https:\/\/www.pinterest.fr\/vallonchene\/"],"taxID":"49454502300017","hasMerchantReturnPolicy":{"@type":"MerchantReturnPolicy","merchantReturnLink":"https:\/\/www.vallonchene.fr\/remboursements_retours\/"}},{"@type":"Person","@id":"https:\/\/www.vallonchene.fr\/en\/#\/schema\/person\/e0333176b10d7aea832c0f881bce1ea9","name":"Vallonch\u00eane","sameAs":["https:\/\/www.vallonchene.fr\/","https:\/\/www.facebook.com\/vallonchene.fr","https:\/\/www.instagram.com\/vallonchene\/","https:\/\/www.pinterest.fr\/vallonchene\/"],"url":"https:\/\/www.vallonchene.fr\/en\/author\/vallonchene\/"}]}},"_links":{"self":[{"href":"https:\/\/www.vallonchene.fr\/en\/wp-json\/wp\/v2\/pages\/27053","targetHints":{"allow":["GET"]}}],"collection":[{"href":"https:\/\/www.vallonchene.fr\/en\/wp-json\/wp\/v2\/pages"}],"about":[{"href":"https:\/\/www.vallonchene.fr\/en\/wp-json\/wp\/v2\/types\/page"}],"author":[{"embeddable":true,"href":"https:\/\/www.vallonchene.fr\/en\/wp-json\/wp\/v2\/users\/1"}],"replies":[{"embeddable":true,"href":"https:\/\/www.vallonchene.fr\/en\/wp-json\/wp\/v2\/comments?post=27053"}],"version-history":[{"count":0,"href":"https:\/\/www.vallonchene.fr\/en\/wp-json\/wp\/v2\/pages\/27053\/revisions"}],"up":[{"embeddable":true,"href":"https:\/\/www.vallonchene.fr\/en\/wp-json\/wp\/v2\/pages\/27037"}],"wp:attachment":[{"href":"https:\/\/www.vallonchene.fr\/en\/wp-json\/wp\/v2\/media?parent=27053"}],"curies":[{"name":"wp","href":"https:\/\/api.w.org\/{rel}","templated":true}]}}