{"id":26944,"date":"2023-04-05T08:12:29","date_gmt":"2023-04-05T08:12:29","guid":{"rendered":"https:\/\/testing.vallonchene.fr\/?page_id=26944"},"modified":"2023-04-05T08:16:55","modified_gmt":"2023-04-05T08:16:55","slug":"valerianes-garden","status":"publish","type":"page","link":"https:\/\/www.vallonchene.fr\/en\/valerianes-garden\/","title":{"rendered":"Val\u00e9rianes-Garden"},"content":{"rendered":"\n<p>Val\u00e9rianes-Garden is less than 10 minutes from Vallonch\u00eane\u00ae. This garden can compete, without hesitation, with the greatest English gardens. This marvelous place is located in Bosc Roger sur Buchy between Rouen and Forges les Teaux. It is so called by its creators in honor of their daughters: Val\u00e9rie and Anne.<\/p>\n\n\n<div class=\"wp-block-image\">\n<figure class=\"alignright size-full is-resized\"><a href=\"https:\/\/www.vallonchene.fr\/wp-content\/uploads\/2021\/09\/Jardin-de-Valeriane-entree-deuxieme-partie-e59-Jardin-de-Valeriance-entree-deuxieme-partie.JPG\"><img decoding=\"async\" src=\"https:\/\/www.vallonchene.fr\/wp-content\/uploads\/2021\/09\/Jardin-de-Valeriane-entree-deuxieme-partie-e59-Jardin-de-Valeriance-entree-deuxieme-partie.JPG\" alt=\"Jardin de Val\u00e9riane, entr\u00e9e de la deuxi\u00e8me partie\" class=\"wp-image-110\" width=\"-380\" height=\"-284\" srcset=\"https:\/\/www.vallonchene.fr\/wp-content\/uploads\/2021\/09\/Jardin-de-Valeriane-entree-deuxieme-partie-e59-Jardin-de-Valeriance-entree-deuxieme-partie.JPG 600w, https:\/\/www.vallonchene.fr\/wp-content\/uploads\/2021\/09\/Jardin-de-Valeriane-entree-deuxieme-partie-e59-Jardin-de-Valeriance-entree-deuxieme-partie-416x311.jpg 416w, https:\/\/www.vallonchene.fr\/wp-content\/uploads\/2021\/09\/Jardin-de-Valeriane-entree-deuxieme-partie-e59-Jardin-de-Valeriance-entree-deuxieme-partie-64x48.jpg 64w, https:\/\/www.vallonchene.fr\/wp-content\/uploads\/2021\/09\/Jardin-de-Valeriane-entree-deuxieme-partie-e59-Jardin-de-Valeriance-entree-deuxieme-partie-300x225.jpg 300w\" sizes=\"(max-width: 600px) 100vw, 600px\" \/><\/a><figcaption class=\"wp-element-caption\">Val\u00e9rianes-Garden, entry of the second part<\/figcaption><\/figure>\n<\/div>\n\n\n<p>Marylin and Michel TISSAIT started this garden about thirty years ago, with a first part located around their house.<\/p>\n\n\n\n<p>It now has an excellent structure with exceptional trees. The beds at their feet are lined with various perennials and shrubs, giving them a pleasant play of colors.<br>Very interesting elements in this first part of Val\u00e9rianes-Garden are the small pool, the secret garden and the large, nicely arranged \u201cmixed border\u201d.<\/p>\n\n\n\n<p>The second part of the Val\u00e9rianes-Garden, which was laid out around ten years ago, represents a real challenge: both in terms of the garden itself and in terms of heritage preservation.<\/p>\n\n\n<div class=\"wp-block-image\">\n<figure class=\"alignleft size-full is-resized\"><a href=\"https:\/\/www.vallonchene.fr\/wp-content\/uploads\/2021\/09\/Jardin-de-Valeriane-imperata-ba6-Jardin-de-Valeriane-graminees.JPG\"><img decoding=\"async\" src=\"https:\/\/www.vallonchene.fr\/wp-content\/uploads\/2021\/09\/Jardin-de-Valeriane-imperata-ba6-Jardin-de-Valeriane-graminees.JPG\" alt=\"Jardin de Val\u00e9rianes, gramin\u00e9es rouge d'Afrique\" class=\"wp-image-113\" width=\"-352\" height=\"-234\" srcset=\"https:\/\/www.vallonchene.fr\/wp-content\/uploads\/2021\/09\/Jardin-de-Valeriane-imperata-ba6-Jardin-de-Valeriane-graminees.JPG 600w, https:\/\/www.vallonchene.fr\/wp-content\/uploads\/2021\/09\/Jardin-de-Valeriane-imperata-ba6-Jardin-de-Valeriane-graminees-416x277.jpg 416w, https:\/\/www.vallonchene.fr\/wp-content\/uploads\/2021\/09\/Jardin-de-Valeriane-imperata-ba6-Jardin-de-Valeriane-graminees-64x43.jpg 64w, https:\/\/www.vallonchene.fr\/wp-content\/uploads\/2021\/09\/Jardin-de-Valeriane-imperata-ba6-Jardin-de-Valeriane-graminees-300x200.jpg 300w\" sizes=\"(max-width: 600px) 100vw, 600px\" \/><\/a><figcaption class=\"wp-element-caption\">Val\u00e9rianes-Garden, red grass from South Africa<\/figcaption><\/figure>\n<\/div>\n\n\n<p>Indeed, Mrs. TISSAIT assisted by her husband, carried out themselves the high-quality restoration of old farm buildings. As soon as you enter, you feel that you have to expect something wonderful. As the photo on this page shows, real landscaping work has been done.<\/p>\n\n\n\n<p>It is a fantastic walk during which you will discover the rarest species (perennials, shrubs, and trees). The creators have played with excellence with bark, foliage and shapes, to the point that there would not even have been a need for flowers to decorate it. And yet, they are not lacking. It&#8217;s a ballad weaving through a vegetal universe that constantly surprises you with incredible views and transparencies.<\/p>\n\n\n<div class=\"wp-block-image\">\n<figure class=\"alignright size-full is-resized\"><a href=\"https:\/\/www.vallonchene.fr\/wp-content\/uploads\/2021\/09\/Jardin-de-Valerianes-500x-027-Jardin-de-Valeriane-etang.JPG\"><img decoding=\"async\" src=\"https:\/\/www.vallonchene.fr\/wp-content\/uploads\/2021\/09\/Jardin-de-Valerianes-500x-027-Jardin-de-Valeriane-etang.JPG\" alt=\"Jardin de Val\u00e9rianes, le grand bassin\" class=\"wp-image-116\" width=\"-157\" height=\"-104\" srcset=\"https:\/\/www.vallonchene.fr\/wp-content\/uploads\/2021\/09\/Jardin-de-Valerianes-500x-027-Jardin-de-Valeriane-etang.JPG 500w, https:\/\/www.vallonchene.fr\/wp-content\/uploads\/2021\/09\/Jardin-de-Valerianes-500x-027-Jardin-de-Valeriane-etang-416x277.jpg 416w, https:\/\/www.vallonchene.fr\/wp-content\/uploads\/2021\/09\/Jardin-de-Valerianes-500x-027-Jardin-de-Valeriane-etang-64x43.jpg 64w, https:\/\/www.vallonchene.fr\/wp-content\/uploads\/2021\/09\/Jardin-de-Valerianes-500x-027-Jardin-de-Valeriane-etang-300x200.jpg 300w\" sizes=\"(max-width: 500px) 100vw, 500px\" \/><\/a><figcaption class=\"wp-element-caption\">Val\u00e9rianes-Garden, the big pond<\/figcaption><\/figure>\n<\/div>\n\n\n<p>You are made to \u201cwalk on water\u201d thanks to stones placed in the big pond. The play of colors with bright red astilbes and grasses from South Africa is spectacular! Do not forget to admire the bark of the trees beginning to mature.<\/p>\n\n\n\n<p>Even a Japanese corner has been skillfully integrated into the ballad, with Japanese maples and bamboo. Having been surprised by the extreme cleanliness of the garden as soon as I arrived (the parking lot on the lawn worthy of a golf green), I would like to specify that the complete maintenance of the garden is provided by Ms. and Mr. Tissait on their own. This Pharaonic work carried out during all these years testifies their immense passion for gardening and deserves all our respect.<\/p>\n\n\n\n<p>You can get further information on their website: jardindevalerianes.e-monsite.com<\/p>\n","protected":false},"excerpt":{"rendered":"<p>Val\u00e9rianes-Garden is less than 10 minutes from Vallonch\u00eane\u00ae. This garden can compete, without hesitation, with the greatest English gardens. This marvelous place is located in Bosc Roger sur Buchy between Rouen and Forges les Teaux. It is so called by its creators in honor of their daughters: Val\u00e9rie and Anne. Marylin and Michel TISSAIT started [&hellip;]<\/p>\n","protected":false},"author":1,"featured_media":0,"parent":0,"menu_order":0,"comment_status":"closed","ping_status":"closed","template":"","meta":{"footnotes":""},"class_list":["post-26944","page","type-page","status-publish","hentry"],"yoast_head":"<!-- This site is optimized with the Yoast SEO Premium plugin v27.5 (Yoast SEO v27.5) - https:\/\/yoast.com\/product\/yoast-seo-premium-wordpress\/ -->\n<title>Val\u00e9rianes-Garden - Vallonch\u00eane<\/title>\n<meta name=\"description\" content=\"Discover Val\u00e9rianes-Garden. One of the best English-style gardens in Normandy, located between Rouen and Forges les Eaux.\" \/>\n<meta name=\"robots\" content=\"index, follow, max-snippet:-1, max-image-preview:large, max-video-preview:-1\" \/>\n<link rel=\"canonical\" href=\"https:\/\/www.vallonchene.fr\/en\/valerianes-garden\/\" \/>\n<meta property=\"og:locale\" content=\"en_US\" \/>\n<meta property=\"og:type\" content=\"article\" \/>\n<meta property=\"og:title\" content=\"Val\u00e9rianes-Garden\" \/>\n<meta property=\"og:description\" content=\"Discover Val\u00e9rianes-Garden. One of the best English-style gardens in Normandy, located between Rouen and Forges les Eaux.\" \/>\n<meta property=\"og:url\" content=\"https:\/\/www.vallonchene.fr\/en\/valerianes-garden\/\" \/>\n<meta property=\"og:site_name\" content=\"Vallonch\u00eane\" \/>\n<meta property=\"article:publisher\" content=\"https:\/\/www.facebook.com\/vallonchene.fr\" \/>\n<meta property=\"article:modified_time\" content=\"2023-04-05T08:16:55+00:00\" \/>\n<meta property=\"og:image\" content=\"https:\/\/www.vallonchene.fr\/wp-content\/uploads\/2021\/09\/Jardin-de-Valeriane-entree-deuxieme-partie-e59-Jardin-de-Valeriance-entree-deuxieme-partie.JPG\" \/>\n<meta name=\"twitter:card\" content=\"summary_large_image\" \/>\n<meta name=\"twitter:label1\" content=\"Est. reading time\" \/>\n\t<meta name=\"twitter:data1\" content=\"3 minutes\" \/>\n<script type=\"application\/ld+json\" class=\"yoast-schema-graph\">{\"@context\":\"https:\\\/\\\/schema.org\",\"@graph\":[{\"@type\":\"WebPage\",\"@id\":\"https:\\\/\\\/www.vallonchene.fr\\\/en\\\/valerianes-garden\\\/\",\"url\":\"https:\\\/\\\/www.vallonchene.fr\\\/en\\\/valerianes-garden\\\/\",\"name\":\"Val\u00e9rianes-Garden - Vallonch\u00eane\",\"isPartOf\":{\"@id\":\"https:\\\/\\\/www.vallonchene.fr\\\/en\\\/#website\"},\"primaryImageOfPage\":{\"@id\":\"https:\\\/\\\/www.vallonchene.fr\\\/en\\\/valerianes-garden\\\/#primaryimage\"},\"image\":{\"@id\":\"https:\\\/\\\/www.vallonchene.fr\\\/en\\\/valerianes-garden\\\/#primaryimage\"},\"thumbnailUrl\":\"https:\\\/\\\/www.vallonchene.fr\\\/wp-content\\\/uploads\\\/2021\\\/09\\\/Jardin-de-Valeriane-entree-deuxieme-partie-e59-Jardin-de-Valeriance-entree-deuxieme-partie.JPG\",\"datePublished\":\"2023-04-05T08:12:29+00:00\",\"dateModified\":\"2023-04-05T08:16:55+00:00\",\"description\":\"Discover Val\u00e9rianes-Garden. One of the best English-style gardens in Normandy, located between Rouen and Forges les Eaux.\",\"breadcrumb\":{\"@id\":\"https:\\\/\\\/www.vallonchene.fr\\\/en\\\/valerianes-garden\\\/#breadcrumb\"},\"inLanguage\":\"en-US\",\"potentialAction\":[{\"@type\":\"ReadAction\",\"target\":[\"https:\\\/\\\/www.vallonchene.fr\\\/en\\\/valerianes-garden\\\/\"]}]},{\"@type\":\"ImageObject\",\"inLanguage\":\"en-US\",\"@id\":\"https:\\\/\\\/www.vallonchene.fr\\\/en\\\/valerianes-garden\\\/#primaryimage\",\"url\":\"https:\\\/\\\/www.vallonchene.fr\\\/wp-content\\\/uploads\\\/2021\\\/09\\\/Jardin-de-Valeriane-entree-deuxieme-partie-e59-Jardin-de-Valeriance-entree-deuxieme-partie.JPG\",\"contentUrl\":\"https:\\\/\\\/www.vallonchene.fr\\\/wp-content\\\/uploads\\\/2021\\\/09\\\/Jardin-de-Valeriane-entree-deuxieme-partie-e59-Jardin-de-Valeriance-entree-deuxieme-partie.JPG\"},{\"@type\":\"BreadcrumbList\",\"@id\":\"https:\\\/\\\/www.vallonchene.fr\\\/en\\\/valerianes-garden\\\/#breadcrumb\",\"itemListElement\":[{\"@type\":\"ListItem\",\"position\":1,\"name\":\"Home\",\"item\":\"https:\\\/\\\/www.vallonchene.fr\\\/en\\\/\"},{\"@type\":\"ListItem\",\"position\":2,\"name\":\"Val\u00e9rianes-Garden\"}]},{\"@type\":\"WebSite\",\"@id\":\"https:\\\/\\\/www.vallonchene.fr\\\/en\\\/#website\",\"url\":\"https:\\\/\\\/www.vallonchene.fr\\\/en\\\/\",\"name\":\"Vallonch\u00eane\",\"description\":\"The nursery where quality has its roots \u2013 Call: +33 (0)2 35 90 02 02\",\"publisher\":{\"@id\":\"https:\\\/\\\/www.vallonchene.fr\\\/en\\\/#organization\"},\"potentialAction\":[{\"@type\":\"SearchAction\",\"target\":{\"@type\":\"EntryPoint\",\"urlTemplate\":\"https:\\\/\\\/www.vallonchene.fr\\\/en\\\/?s={search_term_string}\"},\"query-input\":{\"@type\":\"PropertyValueSpecification\",\"valueRequired\":true,\"valueName\":\"search_term_string\"}}],\"inLanguage\":\"en-US\"},{\"@type\":\"Organization\",\"@id\":\"https:\\\/\\\/www.vallonchene.fr\\\/en\\\/#organization\",\"name\":\"VALLONCHENE\",\"url\":\"https:\\\/\\\/www.vallonchene.fr\\\/en\\\/\",\"logo\":{\"@type\":\"ImageObject\",\"inLanguage\":\"en-US\",\"@id\":\"https:\\\/\\\/www.vallonchene.fr\\\/en\\\/#\\\/schema\\\/logo\\\/image\\\/\",\"url\":\"https:\\\/\\\/www.vallonchene.fr\\\/wp-content\\\/uploads\\\/2023\\\/03\\\/Logo-Vallonchene-site-et-R_hauteur_100.png\",\"contentUrl\":\"https:\\\/\\\/www.vallonchene.fr\\\/wp-content\\\/uploads\\\/2023\\\/03\\\/Logo-Vallonchene-site-et-R_hauteur_100.png\",\"width\":221,\"height\":100,\"caption\":\"VALLONCHENE\"},\"image\":{\"@id\":\"https:\\\/\\\/www.vallonchene.fr\\\/en\\\/#\\\/schema\\\/logo\\\/image\\\/\"},\"sameAs\":[\"https:\\\/\\\/www.facebook.com\\\/vallonchene.fr\",\"https:\\\/\\\/www.instagram.com\\\/vallonchene\\\/\",\"https:\\\/\\\/www.pinterest.fr\\\/vallonchene\\\/\"],\"taxID\":\"49454502300017\",\"hasMerchantReturnPolicy\":{\"@type\":\"MerchantReturnPolicy\",\"merchantReturnLink\":\"https:\\\/\\\/www.vallonchene.fr\\\/remboursements_retours\\\/\"}}]}<\/script>\n<!-- \/ Yoast SEO Premium plugin. -->","yoast_head_json":{"title":"Val\u00e9rianes-Garden - Vallonch\u00eane","description":"Discover Val\u00e9rianes-Garden. One of the best English-style gardens in Normandy, located between Rouen and Forges les Eaux.","robots":{"index":"index","follow":"follow","max-snippet":"max-snippet:-1","max-image-preview":"max-image-preview:large","max-video-preview":"max-video-preview:-1"},"canonical":"https:\/\/www.vallonchene.fr\/en\/valerianes-garden\/","og_locale":"en_US","og_type":"article","og_title":"Val\u00e9rianes-Garden","og_description":"Discover Val\u00e9rianes-Garden. One of the best English-style gardens in Normandy, located between Rouen and Forges les Eaux.","og_url":"https:\/\/www.vallonchene.fr\/en\/valerianes-garden\/","og_site_name":"Vallonch\u00eane","article_publisher":"https:\/\/www.facebook.com\/vallonchene.fr","article_modified_time":"2023-04-05T08:16:55+00:00","og_image":[{"url":"https:\/\/www.vallonchene.fr\/wp-content\/uploads\/2021\/09\/Jardin-de-Valeriane-entree-deuxieme-partie-e59-Jardin-de-Valeriance-entree-deuxieme-partie.JPG","type":"","width":"","height":""}],"twitter_card":"summary_large_image","twitter_misc":{"Est. reading time":"3 minutes"},"schema":{"@context":"https:\/\/schema.org","@graph":[{"@type":"WebPage","@id":"https:\/\/www.vallonchene.fr\/en\/valerianes-garden\/","url":"https:\/\/www.vallonchene.fr\/en\/valerianes-garden\/","name":"Val\u00e9rianes-Garden - Vallonch\u00eane","isPartOf":{"@id":"https:\/\/www.vallonchene.fr\/en\/#website"},"primaryImageOfPage":{"@id":"https:\/\/www.vallonchene.fr\/en\/valerianes-garden\/#primaryimage"},"image":{"@id":"https:\/\/www.vallonchene.fr\/en\/valerianes-garden\/#primaryimage"},"thumbnailUrl":"https:\/\/www.vallonchene.fr\/wp-content\/uploads\/2021\/09\/Jardin-de-Valeriane-entree-deuxieme-partie-e59-Jardin-de-Valeriance-entree-deuxieme-partie.JPG","datePublished":"2023-04-05T08:12:29+00:00","dateModified":"2023-04-05T08:16:55+00:00","description":"Discover Val\u00e9rianes-Garden. One of the best English-style gardens in Normandy, located between Rouen and Forges les Eaux.","breadcrumb":{"@id":"https:\/\/www.vallonchene.fr\/en\/valerianes-garden\/#breadcrumb"},"inLanguage":"en-US","potentialAction":[{"@type":"ReadAction","target":["https:\/\/www.vallonchene.fr\/en\/valerianes-garden\/"]}]},{"@type":"ImageObject","inLanguage":"en-US","@id":"https:\/\/www.vallonchene.fr\/en\/valerianes-garden\/#primaryimage","url":"https:\/\/www.vallonchene.fr\/wp-content\/uploads\/2021\/09\/Jardin-de-Valeriane-entree-deuxieme-partie-e59-Jardin-de-Valeriance-entree-deuxieme-partie.JPG","contentUrl":"https:\/\/www.vallonchene.fr\/wp-content\/uploads\/2021\/09\/Jardin-de-Valeriane-entree-deuxieme-partie-e59-Jardin-de-Valeriance-entree-deuxieme-partie.JPG"},{"@type":"BreadcrumbList","@id":"https:\/\/www.vallonchene.fr\/en\/valerianes-garden\/#breadcrumb","itemListElement":[{"@type":"ListItem","position":1,"name":"Home","item":"https:\/\/www.vallonchene.fr\/en\/"},{"@type":"ListItem","position":2,"name":"Val\u00e9rianes-Garden"}]},{"@type":"WebSite","@id":"https:\/\/www.vallonchene.fr\/en\/#website","url":"https:\/\/www.vallonchene.fr\/en\/","name":"Vallonch\u00eane","description":"The nursery where quality has its roots \u2013 Call: +33 (0)2 35 90 02 02","publisher":{"@id":"https:\/\/www.vallonchene.fr\/en\/#organization"},"potentialAction":[{"@type":"SearchAction","target":{"@type":"EntryPoint","urlTemplate":"https:\/\/www.vallonchene.fr\/en\/?s={search_term_string}"},"query-input":{"@type":"PropertyValueSpecification","valueRequired":true,"valueName":"search_term_string"}}],"inLanguage":"en-US"},{"@type":"Organization","@id":"https:\/\/www.vallonchene.fr\/en\/#organization","name":"VALLONCHENE","url":"https:\/\/www.vallonchene.fr\/en\/","logo":{"@type":"ImageObject","inLanguage":"en-US","@id":"https:\/\/www.vallonchene.fr\/en\/#\/schema\/logo\/image\/","url":"https:\/\/www.vallonchene.fr\/wp-content\/uploads\/2023\/03\/Logo-Vallonchene-site-et-R_hauteur_100.png","contentUrl":"https:\/\/www.vallonchene.fr\/wp-content\/uploads\/2023\/03\/Logo-Vallonchene-site-et-R_hauteur_100.png","width":221,"height":100,"caption":"VALLONCHENE"},"image":{"@id":"https:\/\/www.vallonchene.fr\/en\/#\/schema\/logo\/image\/"},"sameAs":["https:\/\/www.facebook.com\/vallonchene.fr","https:\/\/www.instagram.com\/vallonchene\/","https:\/\/www.pinterest.fr\/vallonchene\/"],"taxID":"49454502300017","hasMerchantReturnPolicy":{"@type":"MerchantReturnPolicy","merchantReturnLink":"https:\/\/www.vallonchene.fr\/remboursements_retours\/"}}]}},"_links":{"self":[{"href":"https:\/\/www.vallonchene.fr\/en\/wp-json\/wp\/v2\/pages\/26944","targetHints":{"allow":["GET"]}}],"collection":[{"href":"https:\/\/www.vallonchene.fr\/en\/wp-json\/wp\/v2\/pages"}],"about":[{"href":"https:\/\/www.vallonchene.fr\/en\/wp-json\/wp\/v2\/types\/page"}],"author":[{"embeddable":true,"href":"https:\/\/www.vallonchene.fr\/en\/wp-json\/wp\/v2\/users\/1"}],"replies":[{"embeddable":true,"href":"https:\/\/www.vallonchene.fr\/en\/wp-json\/wp\/v2\/comments?post=26944"}],"version-history":[{"count":0,"href":"https:\/\/www.vallonchene.fr\/en\/wp-json\/wp\/v2\/pages\/26944\/revisions"}],"wp:attachment":[{"href":"https:\/\/www.vallonchene.fr\/en\/wp-json\/wp\/v2\/media?parent=26944"}],"curies":[{"name":"wp","href":"https:\/\/api.w.org\/{rel}","templated":true}]}}