{"id":9485,"date":"2021-08-31T10:55:17","date_gmt":"2021-08-31T10:55:17","guid":{"rendered":"https:\/\/testing.vallonchene.fr\/produit\/cryptomeria-japonica-little-champion\/"},"modified":"2026-03-15T16:45:29","modified_gmt":"2026-03-15T15:45:29","slug":"cryptomeria-japonica-little-champion-sicheltanne","status":"publish","type":"product","link":"https:\/\/www.vallonchene.fr\/de\/produkt\/cryptomeria-japonica-little-champion-sicheltanne\/","title":{"rendered":"CRYPTOMERIA japonica &#8218;Little Champion&#8216; (Sicheltanne)"},"content":{"rendered":"\r\n<p>Die <strong>CRYPTOMERIA japonica &#8218;Little Champion&#8216;<\/strong> \u00fcberrascht mit ihrem v\u00f6llig ungew\u00f6hnlichen Blattwerk und ihrer Form. <br \/>Tats\u00e4chlich handelt es sich bei dieser <strong>Sicheltanne<\/strong> um eine <strong>Zwergpflanze<\/strong>, da sie sehr langsam w\u00e4chst und eine H\u00f6he von 1 m nicht \u00fcberschreitet. \u00dcberdies w\u00e4chst diese Mini-Konifere von Natur aus kugelf\u00f6rmig. Sie entwickelt sehr dichtes, gr\u00fcnes Laub. <br \/>Sie ist eine wirklich untypische Pflanze und verleiht Ihrem Garten eine grafische Note. <br \/>Ebenso eignet sich dieser Nadelbaum hervorragend f\u00fcr Bonsai.<\/p>\r\n\r\n\r\n\r\n<p>Um unsere anderen derzeit zum Verkauf stehenden CRYPTOMERIA-Sorten anzuzeigen, <a href=\"https:\/\/www.vallonchene.fr\/de\/?s=cryptomeria&amp;post_type=product&amp;dgwt_wcas=1&amp;lang=de&amp;filter_stock_status=instock\" target=\"_blank\" rel=\"noreferrer noopener\"><strong>klicken Sie bitte hier<\/strong><\/a>.<\/p>\r\n\r\n<h2 id=\"h-wie-man-cryptomeria-japonica-little-champion-pflanzt\" class=\"wp-block-heading\">Wie man CRYPTOMERIA japonica &#8218;Little Champion&#8216; pflanzt<\/h2>\r\n\r\n\r\n\r\n<p>Diese Zwergkonifere gedeiht sowohl in T\u00f6pfen als auch im Boden gut. Suchen Sie einen Platz in voller Sonne oder Halbschatten.<\/p>\r\n\r\n\r\n\r\n<p>Der Boden kann leicht, normal oder schwer sein und einen beliebigen pH-Wert aufweisen. Auch wenn diese Mini-Konifere problemlos trockene B\u00f6den vertr\u00e4gt, mag sie sehr feuchte B\u00f6den.<\/p>\r\n\r\n\r\n\r\n<p>Diese Pflanze wird sowohl unerfahrene G\u00e4rtner als auch Sammler begeistern.<\/p>\r\n\r\n\r\n\r\n<p>F\u00fcr eine gute Vorbereitung des Topfes oder des Pflanzlochs haben wir <a href=\"https:\/\/www.vallonchene.fr\/de\/wie-man-pflanzen-pflanzt-und-pflegt\/\" target=\"_blank\" rel=\"noreferrer noopener\"><strong>hier eine spezielle Anleitung zusammengestellt<\/strong><\/a>.<\/p>\r\n\r\n<h2 id=\"h-geschichte-und-herkunft\" class=\"wp-block-heading\">Geschichte und Herkunft<\/h2>\r\n\r\n\r\n\r\n<p>Die Typusart CRYPTOMERIA japonica kommt aus Japan zu uns und wird dort auch \u201eSugi\u201c genannt. Der deutsche Volksname ist <em>Sicheltanne<\/em> oder <em>japanische Zeder<\/em>. Weiterhin wird dieser Nadelbaum in China schon so lange gepflanzt, dass die dortigen Exemplare als eigene Art (CRYTOPMERIA japonica var. sinensis) beschrieben wurden. Sie unterscheiden sich jedoch nicht von den in Japan wild wachsenden Sorten. \u00dcberdies wurden keine Beweise daf\u00fcr gefunden, dass CRYPTOMERIA japonica in freier Wildbahn in China vorkam.<\/p>\r\n\r\n\r\n\r\n<p>Mitte des 19. Jahrhunderts f\u00fchrten die Portugiesen CRYPTOMERIA zur Holzgewinnung auf den <a href=\"https:\/\/de.wikipedia.org\/wiki\/Azoren\"><strong>Azoren<\/strong><\/a> ein. Mit einer Pr\u00e4senzquote von 60 % in den Produktionsw\u00e4ldern sind sie nach wie vor die am h\u00e4ufigsten kultivierte Art im Archipel.<\/p>\r\n\r\n\r\n\r\n<p>\u00dcber 34 Millionen Jahre alte Fossilien wurden in Kamtschatka und \u00fcber 5 Millionen Jahre alte Fossilien in Deutschland in der N\u00e4he des Rheins entdeckt.<\/p>\r\n\r\n\r\n\r\n<p>Das CRYPTOMERIA-Holz verstr\u00f6mt einen starken Duft und ist sehr widerstandsf\u00e4hig gegen Verrottung und Insekten. Seine geringe Dichte macht es zu einem hervorragenden Holz f\u00fcr Leichtbaukonstruktionen.<\/p>\r\n\r\n\r\n\r\n<p>CRYPTOMERIA wurden in der N\u00e4he von Tempeln gepflanzt. Einige Exemplare sind mehrere hundert Jahre alt. <a href=\"https:\/\/de.wikipedia.org\/wiki\/Nikk%C5%8D-Nationalpark\"><strong>Nikk\u014ds ber\u00fchmte Zedernallee<\/strong><\/a> mit einer L\u00e4nge von 37 km existiert noch immer.<\/p>\r\n","protected":false},"excerpt":{"rendered":"<p>Diese <strong>japanische Zeder<\/strong> hat eine sehr regelm\u00e4ssige und runde Form. Die\u00a0<strong>CRYPTOMERIA japonica &#8218;Little Champion&#8216;<\/strong> w\u00e4chst langsam und ist deshalb besonders f\u00fcr kleine G\u00e4rten geeignet.<\/p>\n","protected":false},"featured_media":41683,"comment_status":"open","ping_status":"closed","template":"","meta":[],"product_brand":[],"product_cat":[255],"product_tag":[11347,11346,11348],"class_list":{"0":"post-9485","1":"product","2":"type-product","3":"status-publish","4":"has-post-thumbnail","6":"product_cat-koniferen-de","7":"product_tag-cryptomeria-de","8":"product_tag-cryptomeria-japonica-de","9":"product_tag-sicheltanne-de","10":"pa_99-hauteurapproximativeapres1-50_100cm-de","11":"pa_couleurdufeuillage-grun-de","12":"pa_exigencesenhumidite-feucht-de","13":"pa_exigencesenhumidite-normal-de","14":"pa_exigencesenhumidite-sehrfeucht-de","15":"pa_expositionspossibles-ce-halbschattigsonnezw12und17-de","16":"pa_expositionspossibles-sonnigvon12bis17uhr-de","17":"pa_hauteurlivree-100-bis-125-cm","18":"pa_hauteurlivree-125-bis-150-cm","19":"pa_hauteurlivree-15-bis-20-cm","20":"pa_hauteurlivree-150-bis-175-cm","21":"pa_hauteurlivree-175-bis-200-cm","22":"pa_hauteurlivree-200-bis-250-cm","23":"pa_hauteurlivree-25-bis-30-cm","24":"pa_hauteurlivree-30-bis-35-cm","25":"pa_hauteurlivree-30-bis-40-cm","26":"pa_hauteurlivree-350-bis-400-cm","27":"pa_hauteurlivree-40-bis-50-cm","28":"pa_hauteurlivree-40-bis-60-cm","29":"pa_hauteurlivree-50-bis-60-cm","30":"pa_hauteurlivree-60-bis-80-cm","31":"pa_hauteurlivree-60-cm-stamm","32":"pa_hauteurlivree-70-bis-80-cm","33":"pa_hauteurlivree-80-bis-100-cm","34":"pa_interetauprintemps-form-de","35":"pa_interetauprintemps-jungesprossen-de","36":"pa_interetauprintemps-laub-de","37":"pa_interetenautomne-form-de","38":"pa_interetenautomne-laub-de","39":"pa_interetenete-form-de","40":"pa_interetenete-laub-de","41":"pa_interetenhiver-form-de","42":"pa_interetenhiver-laub-de","43":"pa_naturedufeuillage-immergrun-de","44":"pa_naturesdesolpossibles-leicht-de","45":"pa_naturesdesolpossibles-normal-de","46":"pa_naturesdesolpossibles-schwer-de","47":"pa_particularites-form-de","48":"pa_particularites-furbonsaigeeignet-de","49":"pa_periodedetaille-marz-de","50":"pa_phdusolacceptable-kalkigmehrals75-de","51":"pa_phdusolacceptable-neutralzw65u75-de","52":"pa_phdusolacceptable-sauerwenigerals65-de","53":"pa_portgraphisme-rund-de","54":"pa_resistanceaufroidrusticite-frostbestandigunter_20c-de","55":"pa_tailledepot-1liter_topf-de","56":"pa_tailledepot-10liter_topf-de","57":"pa_tailledepot-12liter_topf-de","58":"pa_tailledepot-15liter_topf-de","59":"pa_tailledepot-2liter_topf-de","60":"pa_tailledepot-20liter_topf-de","61":"pa_tailledepot-25liter_topf-de","62":"pa_tailledepot-3liter_topf-de","63":"pa_tailledepot-30liter_topf-de","64":"pa_tailledepot-4liter_topf-de","65":"pa_tailledepot-40liter_topf-de","66":"pa_tailledepot-45liter_topf-de","67":"pa_tailledepot-5liter_topf-de","68":"pa_tailledepot-75liter_topf-de","69":"pa_tailledepot-ballen-de","70":"pa_tailledepot-jungpflanze-1-liter-topf","71":"pa_utilisationpossible-beet-de","72":"pa_utilisationpossible-kubelodertopf-de","74":"first","75":"instock","76":"taxable","77":"shipping-taxable","78":"purchasable","79":"product-type-variable"},"supplier_id":null,"supplier_sku":"","barcode":null,"atum_controlled":true,"out_stock_date":null,"out_stock_threshold":null,"inheritable":true,"inbound_stock":0,"stock_on_hold":0,"sold_today":0,"sales_last_days":0,"reserved_stock":0,"customer_returns":0,"warehouse_damage":0,"lost_in_post":0,"other_logs":0,"out_stock_days":null,"lost_sales":0,"has_location":false,"update_date":"2026-04-05T12:28:07","atum_locations":[],"atum_stock_status":"instock","restock_status":false,"low_stock_amount":"","sales_update_date":"2025-10-01T13:51:30","calc_backorders":null,"yoast_head":"<!-- This site is optimized with the Yoast SEO Premium plugin v27.5 (Yoast SEO v27.5) - https:\/\/yoast.com\/product\/yoast-seo-premium-wordpress\/ -->\n<title>CRYPTOMERIA japonica &#039;Little Champion&#039; - Sicheltanne<\/title>\n<meta name=\"description\" content=\"Diese Sicheltanne hat eine sehr regelm\u00e4\u00dfige und runde Form. Die\u00a0CRYPTOMERIA japonica &#039;Little Champion&#039; w\u00e4chst langsam und eignet sich f\u00fcr kleine G\u00e4rten.\" \/>\n<meta name=\"robots\" content=\"index, follow, max-snippet:-1, max-image-preview:large, max-video-preview:-1\" \/>\n<link rel=\"canonical\" href=\"https:\/\/www.vallonchene.fr\/de\/produkt\/cryptomeria-japonica-little-champion-sicheltanne\/\" \/>\n<meta property=\"og:locale\" content=\"de_DE\" \/>\n<meta property=\"og:type\" content=\"article\" \/>\n<meta property=\"og:title\" content=\"CRYPTOMERIA japonica &#039;Little Champion&#039; (Sicheltanne)\" \/>\n<meta property=\"og:description\" content=\"Diese Sicheltanne hat eine sehr regelm\u00e4\u00dfige und runde Form. Die\u00a0CRYPTOMERIA japonica &#039;Little Champion&#039; w\u00e4chst langsam und eignet sich f\u00fcr kleine G\u00e4rten.\" \/>\n<meta property=\"og:url\" content=\"https:\/\/www.vallonchene.fr\/de\/produkt\/cryptomeria-japonica-little-champion-sicheltanne\/\" \/>\n<meta property=\"og:site_name\" content=\"Vallonch\u00eane\" \/>\n<meta property=\"article:publisher\" content=\"https:\/\/www.facebook.com\/vallonchene.fr\" \/>\n<meta property=\"article:modified_time\" content=\"2026-03-15T15:45:29+00:00\" \/>\n<meta property=\"og:image\" content=\"https:\/\/www.vallonchene.fr\/wp-content\/uploads\/2023\/07\/CRYPTOMERIA-japonica-Little-Champion_01.webp\" \/>\n\t<meta property=\"og:image:width\" content=\"1200\" \/>\n\t<meta property=\"og:image:height\" content=\"1200\" \/>\n\t<meta property=\"og:image:type\" content=\"image\/webp\" \/>\n<meta name=\"twitter:card\" content=\"summary_large_image\" \/>\n<meta name=\"twitter:label1\" content=\"Verf\u00fcgbarkeit\" \/>\n\t<meta name=\"twitter:data1\" content=\"Vorr\u00e4tig\" \/>\n<script type=\"application\/ld+json\" class=\"yoast-schema-graph\">{\"@context\":\"https:\\\/\\\/schema.org\",\"@graph\":[{\"@type\":\"WebPage\",\"@id\":\"https:\\\/\\\/www.vallonchene.fr\\\/de\\\/produkt\\\/cryptomeria-japonica-little-champion-sicheltanne\\\/\",\"url\":\"https:\\\/\\\/www.vallonchene.fr\\\/de\\\/produkt\\\/cryptomeria-japonica-little-champion-sicheltanne\\\/\",\"name\":\"CRYPTOMERIA japonica 'Little Champion' - Sicheltanne\",\"isPartOf\":{\"@id\":\"https:\\\/\\\/www.vallonchene.fr\\\/de\\\/#website\"},\"primaryImageOfPage\":{\"@id\":\"https:\\\/\\\/www.vallonchene.fr\\\/de\\\/produkt\\\/cryptomeria-japonica-little-champion-sicheltanne\\\/#primaryimage\"},\"image\":{\"@id\":\"https:\\\/\\\/www.vallonchene.fr\\\/de\\\/produkt\\\/cryptomeria-japonica-little-champion-sicheltanne\\\/#primaryimage\"},\"thumbnailUrl\":\"https:\\\/\\\/www.vallonchene.fr\\\/wp-content\\\/uploads\\\/2023\\\/07\\\/CRYPTOMERIA-japonica-Little-Champion_01.webp\",\"datePublished\":\"2021-08-31T10:55:17+00:00\",\"dateModified\":\"2026-03-15T15:45:29+00:00\",\"description\":\"Diese Sicheltanne hat eine sehr regelm\u00e4\u00dfige und runde Form. Die\u00a0CRYPTOMERIA japonica 'Little Champion' w\u00e4chst langsam und eignet sich f\u00fcr kleine G\u00e4rten.\",\"breadcrumb\":{\"@id\":\"https:\\\/\\\/www.vallonchene.fr\\\/de\\\/produkt\\\/cryptomeria-japonica-little-champion-sicheltanne\\\/#breadcrumb\"},\"inLanguage\":\"de\",\"potentialAction\":[{\"@type\":\"ReadAction\",\"target\":[\"https:\\\/\\\/www.vallonchene.fr\\\/de\\\/produkt\\\/cryptomeria-japonica-little-champion-sicheltanne\\\/\"]}]},{\"@type\":\"ImageObject\",\"inLanguage\":\"de\",\"@id\":\"https:\\\/\\\/www.vallonchene.fr\\\/de\\\/produkt\\\/cryptomeria-japonica-little-champion-sicheltanne\\\/#primaryimage\",\"url\":\"https:\\\/\\\/www.vallonchene.fr\\\/wp-content\\\/uploads\\\/2023\\\/07\\\/CRYPTOMERIA-japonica-Little-Champion_01.webp\",\"contentUrl\":\"https:\\\/\\\/www.vallonchene.fr\\\/wp-content\\\/uploads\\\/2023\\\/07\\\/CRYPTOMERIA-japonica-Little-Champion_01.webp\",\"width\":1200,\"height\":1200,\"caption\":\"Sehr dichtes, gr\u00fcnes Laub von CRYPTOMERIA japonica 'Little Champion'\"},{\"@type\":\"BreadcrumbList\",\"@id\":\"https:\\\/\\\/www.vallonchene.fr\\\/de\\\/produkt\\\/cryptomeria-japonica-little-champion-sicheltanne\\\/#breadcrumb\",\"itemListElement\":[{\"@type\":\"ListItem\",\"position\":1,\"name\":\"Home\",\"item\":\"https:\\\/\\\/www.vallonchene.fr\\\/de\\\/\"},{\"@type\":\"ListItem\",\"position\":2,\"name\":\"Shop\",\"item\":\"https:\\\/\\\/www.vallonchene.fr\\\/de\\\/shop\\\/\"},{\"@type\":\"ListItem\",\"position\":3,\"name\":\"Online-Verkauf\",\"item\":\"https:\\\/\\\/www.vallonchene.fr\\\/de\\\/produkt-kategorie\\\/online-verkauf-de\\\/\"},{\"@type\":\"ListItem\",\"position\":4,\"name\":\"Baumschule\",\"item\":\"https:\\\/\\\/www.vallonchene.fr\\\/de\\\/produkt-kategorie\\\/online-verkauf-de\\\/baumschule-gaertnerei-de\\\/\"},{\"@type\":\"ListItem\",\"position\":5,\"name\":\"Koniferen\",\"item\":\"https:\\\/\\\/www.vallonchene.fr\\\/de\\\/produkt-kategorie\\\/online-verkauf-de\\\/baumschule-gaertnerei-de\\\/koniferen-de\\\/\"},{\"@type\":\"ListItem\",\"position\":6,\"name\":\"CRYPTOMERIA japonica &#8216;Little Champion&#8217; (Sicheltanne)\"}]},{\"@type\":\"WebSite\",\"@id\":\"https:\\\/\\\/www.vallonchene.fr\\\/de\\\/#website\",\"url\":\"https:\\\/\\\/www.vallonchene.fr\\\/de\\\/\",\"name\":\"Vallonch\u00eane\",\"description\":\"Die Baumschule, bei der Qualit\u00e4t ihre Wurzeln hat \u2013 Tel.: +49 (0)6838-5399840\",\"publisher\":{\"@id\":\"https:\\\/\\\/www.vallonchene.fr\\\/de\\\/#organization\"},\"potentialAction\":[{\"@type\":\"SearchAction\",\"target\":{\"@type\":\"EntryPoint\",\"urlTemplate\":\"https:\\\/\\\/www.vallonchene.fr\\\/de\\\/?s={search_term_string}\"},\"query-input\":{\"@type\":\"PropertyValueSpecification\",\"valueRequired\":true,\"valueName\":\"search_term_string\"}}],\"inLanguage\":\"de\"},{\"@type\":\"Organization\",\"@id\":\"https:\\\/\\\/www.vallonchene.fr\\\/de\\\/#organization\",\"name\":\"VALLONCHENE\",\"url\":\"https:\\\/\\\/www.vallonchene.fr\\\/de\\\/\",\"logo\":{\"@type\":\"ImageObject\",\"inLanguage\":\"de\",\"@id\":\"https:\\\/\\\/www.vallonchene.fr\\\/de\\\/#\\\/schema\\\/logo\\\/image\\\/\",\"url\":\"https:\\\/\\\/www.vallonchene.fr\\\/wp-content\\\/uploads\\\/2023\\\/03\\\/Logo-Vallonchene-site-et-R_hauteur_100.png\",\"contentUrl\":\"https:\\\/\\\/www.vallonchene.fr\\\/wp-content\\\/uploads\\\/2023\\\/03\\\/Logo-Vallonchene-site-et-R_hauteur_100.png\",\"width\":221,\"height\":100,\"caption\":\"VALLONCHENE\"},\"image\":{\"@id\":\"https:\\\/\\\/www.vallonchene.fr\\\/de\\\/#\\\/schema\\\/logo\\\/image\\\/\"},\"sameAs\":[\"https:\\\/\\\/www.facebook.com\\\/vallonchene.fr\",\"https:\\\/\\\/www.instagram.com\\\/vallonchene\\\/\",\"https:\\\/\\\/www.pinterest.fr\\\/vallonchene\\\/\"],\"taxID\":\"49454502300017\",\"hasMerchantReturnPolicy\":{\"@type\":\"MerchantReturnPolicy\",\"merchantReturnLink\":\"https:\\\/\\\/www.vallonchene.fr\\\/remboursements_retours\\\/\"}}]}<\/script>\n<meta property=\"og:availability\" content=\"instock\" \/>\n<meta property=\"product:availability\" content=\"instock\" \/>\n<meta property=\"product:retailer_item_id\" content=\"76111\" \/>\n<meta property=\"product:condition\" content=\"new\" \/>\n<!-- \/ Yoast SEO Premium plugin. -->","yoast_head_json":{"title":"CRYPTOMERIA japonica 'Little Champion' - Sicheltanne","description":"Diese Sicheltanne hat eine sehr regelm\u00e4\u00dfige und runde Form. Die\u00a0CRYPTOMERIA japonica 'Little Champion' w\u00e4chst langsam und eignet sich f\u00fcr kleine G\u00e4rten.","robots":{"index":"index","follow":"follow","max-snippet":"max-snippet:-1","max-image-preview":"max-image-preview:large","max-video-preview":"max-video-preview:-1"},"canonical":"https:\/\/www.vallonchene.fr\/de\/produkt\/cryptomeria-japonica-little-champion-sicheltanne\/","og_locale":"de_DE","og_type":"article","og_title":"CRYPTOMERIA japonica 'Little Champion' (Sicheltanne)","og_description":"Diese Sicheltanne hat eine sehr regelm\u00e4\u00dfige und runde Form. Die\u00a0CRYPTOMERIA japonica 'Little Champion' w\u00e4chst langsam und eignet sich f\u00fcr kleine G\u00e4rten.","og_url":"https:\/\/www.vallonchene.fr\/de\/produkt\/cryptomeria-japonica-little-champion-sicheltanne\/","og_site_name":"Vallonch\u00eane","article_publisher":"https:\/\/www.facebook.com\/vallonchene.fr","article_modified_time":"2026-03-15T15:45:29+00:00","og_image":[{"width":1200,"height":1200,"url":"https:\/\/www.vallonchene.fr\/wp-content\/uploads\/2023\/07\/CRYPTOMERIA-japonica-Little-Champion_01.webp","type":"image\/webp"}],"twitter_card":"summary_large_image","twitter_misc":{"Verf\u00fcgbarkeit":"Vorr\u00e4tig"},"schema":{"@context":"https:\/\/schema.org","@graph":[{"@type":"WebPage","@id":"https:\/\/www.vallonchene.fr\/de\/produkt\/cryptomeria-japonica-little-champion-sicheltanne\/","url":"https:\/\/www.vallonchene.fr\/de\/produkt\/cryptomeria-japonica-little-champion-sicheltanne\/","name":"CRYPTOMERIA japonica 'Little Champion' - Sicheltanne","isPartOf":{"@id":"https:\/\/www.vallonchene.fr\/de\/#website"},"primaryImageOfPage":{"@id":"https:\/\/www.vallonchene.fr\/de\/produkt\/cryptomeria-japonica-little-champion-sicheltanne\/#primaryimage"},"image":{"@id":"https:\/\/www.vallonchene.fr\/de\/produkt\/cryptomeria-japonica-little-champion-sicheltanne\/#primaryimage"},"thumbnailUrl":"https:\/\/www.vallonchene.fr\/wp-content\/uploads\/2023\/07\/CRYPTOMERIA-japonica-Little-Champion_01.webp","datePublished":"2021-08-31T10:55:17+00:00","dateModified":"2026-03-15T15:45:29+00:00","description":"Diese Sicheltanne hat eine sehr regelm\u00e4\u00dfige und runde Form. Die\u00a0CRYPTOMERIA japonica 'Little Champion' w\u00e4chst langsam und eignet sich f\u00fcr kleine G\u00e4rten.","breadcrumb":{"@id":"https:\/\/www.vallonchene.fr\/de\/produkt\/cryptomeria-japonica-little-champion-sicheltanne\/#breadcrumb"},"inLanguage":"de","potentialAction":[{"@type":"ReadAction","target":["https:\/\/www.vallonchene.fr\/de\/produkt\/cryptomeria-japonica-little-champion-sicheltanne\/"]}]},{"@type":"ImageObject","inLanguage":"de","@id":"https:\/\/www.vallonchene.fr\/de\/produkt\/cryptomeria-japonica-little-champion-sicheltanne\/#primaryimage","url":"https:\/\/www.vallonchene.fr\/wp-content\/uploads\/2023\/07\/CRYPTOMERIA-japonica-Little-Champion_01.webp","contentUrl":"https:\/\/www.vallonchene.fr\/wp-content\/uploads\/2023\/07\/CRYPTOMERIA-japonica-Little-Champion_01.webp","width":1200,"height":1200,"caption":"Sehr dichtes, gr\u00fcnes Laub von CRYPTOMERIA japonica 'Little Champion'"},{"@type":"BreadcrumbList","@id":"https:\/\/www.vallonchene.fr\/de\/produkt\/cryptomeria-japonica-little-champion-sicheltanne\/#breadcrumb","itemListElement":[{"@type":"ListItem","position":1,"name":"Home","item":"https:\/\/www.vallonchene.fr\/de\/"},{"@type":"ListItem","position":2,"name":"Shop","item":"https:\/\/www.vallonchene.fr\/de\/shop\/"},{"@type":"ListItem","position":3,"name":"Online-Verkauf","item":"https:\/\/www.vallonchene.fr\/de\/produkt-kategorie\/online-verkauf-de\/"},{"@type":"ListItem","position":4,"name":"Baumschule","item":"https:\/\/www.vallonchene.fr\/de\/produkt-kategorie\/online-verkauf-de\/baumschule-gaertnerei-de\/"},{"@type":"ListItem","position":5,"name":"Koniferen","item":"https:\/\/www.vallonchene.fr\/de\/produkt-kategorie\/online-verkauf-de\/baumschule-gaertnerei-de\/koniferen-de\/"},{"@type":"ListItem","position":6,"name":"CRYPTOMERIA japonica &#8216;Little Champion&#8217; (Sicheltanne)"}]},{"@type":"WebSite","@id":"https:\/\/www.vallonchene.fr\/de\/#website","url":"https:\/\/www.vallonchene.fr\/de\/","name":"Vallonch\u00eane","description":"Die Baumschule, bei der Qualit\u00e4t ihre Wurzeln hat \u2013 Tel.: +49 (0)6838-5399840","publisher":{"@id":"https:\/\/www.vallonchene.fr\/de\/#organization"},"potentialAction":[{"@type":"SearchAction","target":{"@type":"EntryPoint","urlTemplate":"https:\/\/www.vallonchene.fr\/de\/?s={search_term_string}"},"query-input":{"@type":"PropertyValueSpecification","valueRequired":true,"valueName":"search_term_string"}}],"inLanguage":"de"},{"@type":"Organization","@id":"https:\/\/www.vallonchene.fr\/de\/#organization","name":"VALLONCHENE","url":"https:\/\/www.vallonchene.fr\/de\/","logo":{"@type":"ImageObject","inLanguage":"de","@id":"https:\/\/www.vallonchene.fr\/de\/#\/schema\/logo\/image\/","url":"https:\/\/www.vallonchene.fr\/wp-content\/uploads\/2023\/03\/Logo-Vallonchene-site-et-R_hauteur_100.png","contentUrl":"https:\/\/www.vallonchene.fr\/wp-content\/uploads\/2023\/03\/Logo-Vallonchene-site-et-R_hauteur_100.png","width":221,"height":100,"caption":"VALLONCHENE"},"image":{"@id":"https:\/\/www.vallonchene.fr\/de\/#\/schema\/logo\/image\/"},"sameAs":["https:\/\/www.facebook.com\/vallonchene.fr","https:\/\/www.instagram.com\/vallonchene\/","https:\/\/www.pinterest.fr\/vallonchene\/"],"taxID":"49454502300017","hasMerchantReturnPolicy":{"@type":"MerchantReturnPolicy","merchantReturnLink":"https:\/\/www.vallonchene.fr\/remboursements_retours\/"}}]},"og_availability":"instock","product_availability":"instock","product_retailer_item_id":"76111","product_condition":"new"},"_links":{"self":[{"href":"https:\/\/www.vallonchene.fr\/de\/wp-json\/wp\/v2\/product\/9485","targetHints":{"allow":["GET"]}}],"collection":[{"href":"https:\/\/www.vallonchene.fr\/de\/wp-json\/wp\/v2\/product"}],"about":[{"href":"https:\/\/www.vallonchene.fr\/de\/wp-json\/wp\/v2\/types\/product"}],"replies":[{"embeddable":true,"href":"https:\/\/www.vallonchene.fr\/de\/wp-json\/wp\/v2\/comments?post=9485"}],"wp:featuredmedia":[{"embeddable":true,"href":"https:\/\/www.vallonchene.fr\/de\/wp-json\/wp\/v2\/media\/41683"}],"wp:attachment":[{"href":"https:\/\/www.vallonchene.fr\/de\/wp-json\/wp\/v2\/media?parent=9485"}],"wp:term":[{"taxonomy":"product_brand","embeddable":true,"href":"https:\/\/www.vallonchene.fr\/de\/wp-json\/wp\/v2\/product_brand?post=9485"},{"taxonomy":"product_cat","embeddable":true,"href":"https:\/\/www.vallonchene.fr\/de\/wp-json\/wp\/v2\/product_cat?post=9485"},{"taxonomy":"product_tag","embeddable":true,"href":"https:\/\/www.vallonchene.fr\/de\/wp-json\/wp\/v2\/product_tag?post=9485"}],"curies":[{"name":"wp","href":"https:\/\/api.w.org\/{rel}","templated":true}]}}