{"id":8209,"date":"2021-08-31T11:30:28","date_gmt":"2021-08-31T11:30:28","guid":{"rendered":"https:\/\/testing.vallonchene.fr\/produit\/prunus-mume-beni-chidori\/"},"modified":"2025-02-02T15:24:46","modified_gmt":"2025-02-02T14:24:46","slug":"prunus-mume-beni-chidori","status":"publish","type":"product","link":"https:\/\/www.vallonchene.fr\/de\/produkt\/prunus-mume-beni-chidori\/","title":{"rendered":"PRUNUS mume &#8218;Beni-Chidori&#8216; (Japanische Aprikose, Japanische Pflaume, Winterkirsche)"},"content":{"rendered":"<p>Dieser <strong>japanische Aprikosenbaum<\/strong> bl\u00fcht Ende Februar Anfang M\u00e4rz. <strong>PRUNUS mume &#8218;Beni-Chidori&#8216;<\/strong> bl\u00fcht reichlich mehrere Wochen lang (siehe Fotos). Seine Bl\u00fcten haben eine sehr intensive und besondere rosa Farbe, ohne aufdringlich zu sein. Au\u00dferdem verbreitet dieser kleine Baum \u00fcber eine ziemlich gro\u00dfe Distanz einen sehr angenehmen Duft. Da er nur langsam w\u00e4chst, ist er auch f\u00fcr kleine G\u00e4rten geeignet. Es handelt sich hier um eine Pflanze, die bei Sammlern sehr begehrt ist.<\/p>\n","protected":false},"excerpt":{"rendered":"<p>Diese <strong>japanische Aprikose<\/strong> bl\u00fcht tief rosa am Ende des Winters bevor die Bl\u00e4tter erscheinen. Die <strong>PRUNUS mume &#8218;Beni-Chidori&#8216;<\/strong> ist sehr wohlduftend und w\u00e4chst nur langsam.<\/p>\n","protected":false},"featured_media":8199,"comment_status":"open","ping_status":"closed","template":"","meta":[],"product_brand":[],"product_cat":[252],"product_tag":[10707,10708],"class_list":{"0":"post-8209","1":"product","2":"type-product","3":"status-publish","4":"has-post-thumbnail","6":"product_cat-straucher-und-baume-de","7":"product_tag-prunus-de","8":"product_tag-prunus-mume-de","9":"pa_99-hauteurapproximativeapres1-2_3m-de","10":"pa_couleurdesfleurs-rosa-de","11":"pa_couleurdufeuillage-grun-de","12":"pa_exigencesenhumidite-feucht-de","13":"pa_exigencesenhumidite-normal-de","14":"pa_exigencesenhumidite-trocken-de","15":"pa_expositionspossibles-ce-halbschattigsonnezw12und17-de","16":"pa_expositionspossibles-sonnigvon12bis17uhr-de","17":"pa_hauteurlivree-100-bis-125-cm","18":"pa_hauteurlivree-125-bis-150-cm","19":"pa_hauteurlivree-40-bis-50-cm","20":"pa_hauteurlivree-50-bis-60-cm","21":"pa_hauteurlivree-80-bis-100-cm","22":"pa_interetauprintemps-bluten-de","23":"pa_interetauprintemps-laub-de","24":"pa_interetauprintemps-parfum-de","25":"pa_interetenautomne-laub-de","26":"pa_interetenete-laub-de","27":"pa_interetenhiver-bluten-de","28":"pa_interetenhiver-parfum-de","29":"pa_naturedufeuillage-nichtimmergrun-de","30":"pa_naturesdesolpossibles-leicht-de","31":"pa_naturesdesolpossibles-normal-de","32":"pa_naturesdesolpossibles-schwer-de","33":"pa_particularites-duftend-de","34":"pa_periodedefloraison-fruhling-de","35":"pa_periodedefloraison-winter-de","36":"pa_phdusolacceptable-kalkigmehrals75-de","37":"pa_phdusolacceptable-neutralzw65u75-de","38":"pa_phdusolacceptable-sauerwenigerals65-de","39":"pa_portgraphisme-rund-de","40":"pa_resistanceaufroidrusticite-frostbestandigunter_20c-de","41":"pa_tailledepot-10liter_topf-de","42":"pa_tailledepot-2liter_topf-de","43":"pa_tailledepot-3liter_topf-de","44":"pa_tailledepot-5liter_topf-de","45":"pa_tailledepot-75liter_topf-de","46":"pa_utilisationpossible-alleinstehend-de","47":"pa_utilisationpossible-beet-de","48":"pa_utilisationpossible-kubelodertopf-de","50":"first","51":"instock","52":"taxable","53":"shipping-taxable","54":"purchasable","55":"product-type-variable","56":"has-default-attributes"},"supplier_id":null,"supplier_sku":"","barcode":null,"atum_controlled":true,"out_stock_date":null,"out_stock_threshold":null,"inheritable":true,"inbound_stock":0,"stock_on_hold":0,"sold_today":0,"sales_last_days":0,"reserved_stock":0,"customer_returns":0,"warehouse_damage":0,"lost_in_post":0,"other_logs":0,"out_stock_days":null,"lost_sales":0,"has_location":false,"update_date":"2026-04-16T08:15:54","atum_locations":[],"atum_stock_status":"instock","restock_status":false,"low_stock_amount":"","sales_update_date":"2026-04-16T08:15:54","calc_backorders":null,"yoast_head":"<!-- This site is optimized with the Yoast SEO Premium plugin v27.4 (Yoast SEO v27.4) - https:\/\/yoast.com\/product\/yoast-seo-premium-wordpress\/ -->\n<title>PRUNUS mume &#039;Beni-Chidori&#039; (Japanische Aprikose, Japanische Pflaume, Winterkirsche)<\/title>\n<meta name=\"description\" content=\"Diese japanische Aprikose bl\u00fcht tief rosa am Ende des Winters bevor die Bl\u00e4tter erscheinen. Die PRUNUS mume &#039;Beni-Chidori&#039; ist sehr wohlduftend und w\u00e4chst nur langsam.\" \/>\n<meta name=\"robots\" content=\"index, follow, max-snippet:-1, max-image-preview:large, max-video-preview:-1\" \/>\n<link rel=\"canonical\" href=\"https:\/\/www.vallonchene.fr\/de\/produkt\/prunus-mume-beni-chidori\/\" \/>\n<meta property=\"og:locale\" content=\"de_DE\" \/>\n<meta property=\"og:type\" content=\"article\" \/>\n<meta property=\"og:title\" content=\"PRUNUS mume &#039;Beni-Chidori&#039; (Japanische Aprikose, Japanische Pflaume, Winterkirsche)\" \/>\n<meta property=\"og:description\" content=\"Diese japanische Aprikose bl\u00fcht tief rosa am Ende des Winters bevor die Bl\u00e4tter erscheinen. Die PRUNUS mume &#039;Beni-Chidori&#039; ist sehr wohlduftend und w\u00e4chst nur langsam.\" \/>\n<meta property=\"og:url\" content=\"https:\/\/www.vallonchene.fr\/de\/produkt\/prunus-mume-beni-chidori\/\" \/>\n<meta property=\"og:site_name\" content=\"Vallonch\u00eane\" \/>\n<meta property=\"article:publisher\" content=\"https:\/\/www.facebook.com\/vallonchene.fr\" \/>\n<meta property=\"article:modified_time\" content=\"2025-02-02T14:24:46+00:00\" \/>\n<meta property=\"og:image\" content=\"https:\/\/www.vallonchene.fr\/wp-content\/uploads\/2021\/08\/3150-430-PRUNUS-mume-Beni-Chidori-en-Mars.jpg\" \/>\n\t<meta property=\"og:image:width\" content=\"1600\" \/>\n\t<meta property=\"og:image:height\" content=\"1600\" \/>\n\t<meta property=\"og:image:type\" content=\"image\/jpeg\" \/>\n<meta name=\"twitter:card\" content=\"summary_large_image\" \/>\n<meta name=\"twitter:label1\" content=\"Verf\u00fcgbarkeit\" \/>\n\t<meta name=\"twitter:data1\" content=\"Vorr\u00e4tig\" \/>\n<script type=\"application\/ld+json\" class=\"yoast-schema-graph\">{\"@context\":\"https:\\\/\\\/schema.org\",\"@graph\":[{\"@type\":\"WebPage\",\"@id\":\"https:\\\/\\\/www.vallonchene.fr\\\/de\\\/produkt\\\/prunus-mume-beni-chidori\\\/\",\"url\":\"https:\\\/\\\/www.vallonchene.fr\\\/de\\\/produkt\\\/prunus-mume-beni-chidori\\\/\",\"name\":\"PRUNUS mume 'Beni-Chidori' (Japanische Aprikose, Japanische Pflaume, Winterkirsche)\",\"isPartOf\":{\"@id\":\"https:\\\/\\\/www.vallonchene.fr\\\/de\\\/#website\"},\"primaryImageOfPage\":{\"@id\":\"https:\\\/\\\/www.vallonchene.fr\\\/de\\\/produkt\\\/prunus-mume-beni-chidori\\\/#primaryimage\"},\"image\":{\"@id\":\"https:\\\/\\\/www.vallonchene.fr\\\/de\\\/produkt\\\/prunus-mume-beni-chidori\\\/#primaryimage\"},\"thumbnailUrl\":\"https:\\\/\\\/www.vallonchene.fr\\\/wp-content\\\/uploads\\\/2021\\\/08\\\/3150-430-PRUNUS-mume-Beni-Chidori-en-Mars.jpg\",\"datePublished\":\"2021-08-31T11:30:28+00:00\",\"dateModified\":\"2025-02-02T14:24:46+00:00\",\"description\":\"Diese japanische Aprikose bl\u00fcht tief rosa am Ende des Winters bevor die Bl\u00e4tter erscheinen. Die PRUNUS mume 'Beni-Chidori' ist sehr wohlduftend und w\u00e4chst nur langsam.\",\"breadcrumb\":{\"@id\":\"https:\\\/\\\/www.vallonchene.fr\\\/de\\\/produkt\\\/prunus-mume-beni-chidori\\\/#breadcrumb\"},\"inLanguage\":\"de\",\"potentialAction\":[{\"@type\":\"ReadAction\",\"target\":[\"https:\\\/\\\/www.vallonchene.fr\\\/de\\\/produkt\\\/prunus-mume-beni-chidori\\\/\"]}]},{\"@type\":\"ImageObject\",\"inLanguage\":\"de\",\"@id\":\"https:\\\/\\\/www.vallonchene.fr\\\/de\\\/produkt\\\/prunus-mume-beni-chidori\\\/#primaryimage\",\"url\":\"https:\\\/\\\/www.vallonchene.fr\\\/wp-content\\\/uploads\\\/2021\\\/08\\\/3150-430-PRUNUS-mume-Beni-Chidori-en-Mars.jpg\",\"contentUrl\":\"https:\\\/\\\/www.vallonchene.fr\\\/wp-content\\\/uploads\\\/2021\\\/08\\\/3150-430-PRUNUS-mume-Beni-Chidori-en-Mars.jpg\",\"width\":1600,\"height\":1600},{\"@type\":\"BreadcrumbList\",\"@id\":\"https:\\\/\\\/www.vallonchene.fr\\\/de\\\/produkt\\\/prunus-mume-beni-chidori\\\/#breadcrumb\",\"itemListElement\":[{\"@type\":\"ListItem\",\"position\":1,\"name\":\"Home\",\"item\":\"https:\\\/\\\/www.vallonchene.fr\\\/de\\\/\"},{\"@type\":\"ListItem\",\"position\":2,\"name\":\"Shop\",\"item\":\"https:\\\/\\\/www.vallonchene.fr\\\/de\\\/shop\\\/\"},{\"@type\":\"ListItem\",\"position\":3,\"name\":\"Online-Verkauf\",\"item\":\"https:\\\/\\\/www.vallonchene.fr\\\/de\\\/produkt-kategorie\\\/online-verkauf-de\\\/\"},{\"@type\":\"ListItem\",\"position\":4,\"name\":\"Baumschule\",\"item\":\"https:\\\/\\\/www.vallonchene.fr\\\/de\\\/produkt-kategorie\\\/online-verkauf-de\\\/baumschule-gaertnerei-de\\\/\"},{\"@type\":\"ListItem\",\"position\":5,\"name\":\"Str\u00e4ucher und B\u00e4ume\",\"item\":\"https:\\\/\\\/www.vallonchene.fr\\\/de\\\/produkt-kategorie\\\/online-verkauf-de\\\/baumschule-gaertnerei-de\\\/straucher-und-baume-de\\\/\"},{\"@type\":\"ListItem\",\"position\":6,\"name\":\"PRUNUS mume &#8218;Beni-Chidori&#8216; (Japanische Aprikose, Japanische Pflaume, Winterkirsche)\"}]},{\"@type\":\"WebSite\",\"@id\":\"https:\\\/\\\/www.vallonchene.fr\\\/de\\\/#website\",\"url\":\"https:\\\/\\\/www.vallonchene.fr\\\/de\\\/\",\"name\":\"Vallonch\u00eane\",\"description\":\"Die Baumschule, bei der Qualit\u00e4t ihre Wurzeln hat \u2013 Tel.: +49 (0)6838-5399840\",\"publisher\":{\"@id\":\"https:\\\/\\\/www.vallonchene.fr\\\/de\\\/#organization\"},\"potentialAction\":[{\"@type\":\"SearchAction\",\"target\":{\"@type\":\"EntryPoint\",\"urlTemplate\":\"https:\\\/\\\/www.vallonchene.fr\\\/de\\\/?s={search_term_string}\"},\"query-input\":{\"@type\":\"PropertyValueSpecification\",\"valueRequired\":true,\"valueName\":\"search_term_string\"}}],\"inLanguage\":\"de\"},{\"@type\":\"Organization\",\"@id\":\"https:\\\/\\\/www.vallonchene.fr\\\/de\\\/#organization\",\"name\":\"VALLONCHENE\",\"url\":\"https:\\\/\\\/www.vallonchene.fr\\\/de\\\/\",\"logo\":{\"@type\":\"ImageObject\",\"inLanguage\":\"de\",\"@id\":\"https:\\\/\\\/www.vallonchene.fr\\\/de\\\/#\\\/schema\\\/logo\\\/image\\\/\",\"url\":\"https:\\\/\\\/www.vallonchene.fr\\\/wp-content\\\/uploads\\\/2023\\\/03\\\/Logo-Vallonchene-site-et-R_hauteur_100.png\",\"contentUrl\":\"https:\\\/\\\/www.vallonchene.fr\\\/wp-content\\\/uploads\\\/2023\\\/03\\\/Logo-Vallonchene-site-et-R_hauteur_100.png\",\"width\":221,\"height\":100,\"caption\":\"VALLONCHENE\"},\"image\":{\"@id\":\"https:\\\/\\\/www.vallonchene.fr\\\/de\\\/#\\\/schema\\\/logo\\\/image\\\/\"},\"sameAs\":[\"https:\\\/\\\/www.facebook.com\\\/vallonchene.fr\",\"https:\\\/\\\/www.instagram.com\\\/vallonchene\\\/\",\"https:\\\/\\\/www.pinterest.fr\\\/vallonchene\\\/\"],\"taxID\":\"49454502300017\",\"hasMerchantReturnPolicy\":{\"@type\":\"MerchantReturnPolicy\",\"merchantReturnLink\":\"https:\\\/\\\/www.vallonchene.fr\\\/remboursements_retours\\\/\"}}]}<\/script>\n<meta property=\"og:availability\" content=\"instock\" \/>\n<meta property=\"product:availability\" content=\"instock\" \/>\n<meta property=\"product:retailer_item_id\" content=\"23257\" \/>\n<meta property=\"product:condition\" content=\"new\" \/>\n<!-- \/ Yoast SEO Premium plugin. -->","yoast_head_json":{"title":"PRUNUS mume 'Beni-Chidori' (Japanische Aprikose, Japanische Pflaume, Winterkirsche)","description":"Diese japanische Aprikose bl\u00fcht tief rosa am Ende des Winters bevor die Bl\u00e4tter erscheinen. Die PRUNUS mume 'Beni-Chidori' ist sehr wohlduftend und w\u00e4chst nur langsam.","robots":{"index":"index","follow":"follow","max-snippet":"max-snippet:-1","max-image-preview":"max-image-preview:large","max-video-preview":"max-video-preview:-1"},"canonical":"https:\/\/www.vallonchene.fr\/de\/produkt\/prunus-mume-beni-chidori\/","og_locale":"de_DE","og_type":"article","og_title":"PRUNUS mume 'Beni-Chidori' (Japanische Aprikose, Japanische Pflaume, Winterkirsche)","og_description":"Diese japanische Aprikose bl\u00fcht tief rosa am Ende des Winters bevor die Bl\u00e4tter erscheinen. Die PRUNUS mume 'Beni-Chidori' ist sehr wohlduftend und w\u00e4chst nur langsam.","og_url":"https:\/\/www.vallonchene.fr\/de\/produkt\/prunus-mume-beni-chidori\/","og_site_name":"Vallonch\u00eane","article_publisher":"https:\/\/www.facebook.com\/vallonchene.fr","article_modified_time":"2025-02-02T14:24:46+00:00","og_image":[{"width":1600,"height":1600,"url":"https:\/\/www.vallonchene.fr\/wp-content\/uploads\/2021\/08\/3150-430-PRUNUS-mume-Beni-Chidori-en-Mars.jpg","type":"image\/jpeg"}],"twitter_card":"summary_large_image","twitter_misc":{"Verf\u00fcgbarkeit":"Vorr\u00e4tig"},"schema":{"@context":"https:\/\/schema.org","@graph":[{"@type":"WebPage","@id":"https:\/\/www.vallonchene.fr\/de\/produkt\/prunus-mume-beni-chidori\/","url":"https:\/\/www.vallonchene.fr\/de\/produkt\/prunus-mume-beni-chidori\/","name":"PRUNUS mume 'Beni-Chidori' (Japanische Aprikose, Japanische Pflaume, Winterkirsche)","isPartOf":{"@id":"https:\/\/www.vallonchene.fr\/de\/#website"},"primaryImageOfPage":{"@id":"https:\/\/www.vallonchene.fr\/de\/produkt\/prunus-mume-beni-chidori\/#primaryimage"},"image":{"@id":"https:\/\/www.vallonchene.fr\/de\/produkt\/prunus-mume-beni-chidori\/#primaryimage"},"thumbnailUrl":"https:\/\/www.vallonchene.fr\/wp-content\/uploads\/2021\/08\/3150-430-PRUNUS-mume-Beni-Chidori-en-Mars.jpg","datePublished":"2021-08-31T11:30:28+00:00","dateModified":"2025-02-02T14:24:46+00:00","description":"Diese japanische Aprikose bl\u00fcht tief rosa am Ende des Winters bevor die Bl\u00e4tter erscheinen. Die PRUNUS mume 'Beni-Chidori' ist sehr wohlduftend und w\u00e4chst nur langsam.","breadcrumb":{"@id":"https:\/\/www.vallonchene.fr\/de\/produkt\/prunus-mume-beni-chidori\/#breadcrumb"},"inLanguage":"de","potentialAction":[{"@type":"ReadAction","target":["https:\/\/www.vallonchene.fr\/de\/produkt\/prunus-mume-beni-chidori\/"]}]},{"@type":"ImageObject","inLanguage":"de","@id":"https:\/\/www.vallonchene.fr\/de\/produkt\/prunus-mume-beni-chidori\/#primaryimage","url":"https:\/\/www.vallonchene.fr\/wp-content\/uploads\/2021\/08\/3150-430-PRUNUS-mume-Beni-Chidori-en-Mars.jpg","contentUrl":"https:\/\/www.vallonchene.fr\/wp-content\/uploads\/2021\/08\/3150-430-PRUNUS-mume-Beni-Chidori-en-Mars.jpg","width":1600,"height":1600},{"@type":"BreadcrumbList","@id":"https:\/\/www.vallonchene.fr\/de\/produkt\/prunus-mume-beni-chidori\/#breadcrumb","itemListElement":[{"@type":"ListItem","position":1,"name":"Home","item":"https:\/\/www.vallonchene.fr\/de\/"},{"@type":"ListItem","position":2,"name":"Shop","item":"https:\/\/www.vallonchene.fr\/de\/shop\/"},{"@type":"ListItem","position":3,"name":"Online-Verkauf","item":"https:\/\/www.vallonchene.fr\/de\/produkt-kategorie\/online-verkauf-de\/"},{"@type":"ListItem","position":4,"name":"Baumschule","item":"https:\/\/www.vallonchene.fr\/de\/produkt-kategorie\/online-verkauf-de\/baumschule-gaertnerei-de\/"},{"@type":"ListItem","position":5,"name":"Str\u00e4ucher und B\u00e4ume","item":"https:\/\/www.vallonchene.fr\/de\/produkt-kategorie\/online-verkauf-de\/baumschule-gaertnerei-de\/straucher-und-baume-de\/"},{"@type":"ListItem","position":6,"name":"PRUNUS mume &#8218;Beni-Chidori&#8216; (Japanische Aprikose, Japanische Pflaume, Winterkirsche)"}]},{"@type":"WebSite","@id":"https:\/\/www.vallonchene.fr\/de\/#website","url":"https:\/\/www.vallonchene.fr\/de\/","name":"Vallonch\u00eane","description":"Die Baumschule, bei der Qualit\u00e4t ihre Wurzeln hat \u2013 Tel.: +49 (0)6838-5399840","publisher":{"@id":"https:\/\/www.vallonchene.fr\/de\/#organization"},"potentialAction":[{"@type":"SearchAction","target":{"@type":"EntryPoint","urlTemplate":"https:\/\/www.vallonchene.fr\/de\/?s={search_term_string}"},"query-input":{"@type":"PropertyValueSpecification","valueRequired":true,"valueName":"search_term_string"}}],"inLanguage":"de"},{"@type":"Organization","@id":"https:\/\/www.vallonchene.fr\/de\/#organization","name":"VALLONCHENE","url":"https:\/\/www.vallonchene.fr\/de\/","logo":{"@type":"ImageObject","inLanguage":"de","@id":"https:\/\/www.vallonchene.fr\/de\/#\/schema\/logo\/image\/","url":"https:\/\/www.vallonchene.fr\/wp-content\/uploads\/2023\/03\/Logo-Vallonchene-site-et-R_hauteur_100.png","contentUrl":"https:\/\/www.vallonchene.fr\/wp-content\/uploads\/2023\/03\/Logo-Vallonchene-site-et-R_hauteur_100.png","width":221,"height":100,"caption":"VALLONCHENE"},"image":{"@id":"https:\/\/www.vallonchene.fr\/de\/#\/schema\/logo\/image\/"},"sameAs":["https:\/\/www.facebook.com\/vallonchene.fr","https:\/\/www.instagram.com\/vallonchene\/","https:\/\/www.pinterest.fr\/vallonchene\/"],"taxID":"49454502300017","hasMerchantReturnPolicy":{"@type":"MerchantReturnPolicy","merchantReturnLink":"https:\/\/www.vallonchene.fr\/remboursements_retours\/"}}]},"og_availability":"instock","product_availability":"instock","product_retailer_item_id":"23257","product_condition":"new"},"_links":{"self":[{"href":"https:\/\/www.vallonchene.fr\/de\/wp-json\/wp\/v2\/product\/8209","targetHints":{"allow":["GET"]}}],"collection":[{"href":"https:\/\/www.vallonchene.fr\/de\/wp-json\/wp\/v2\/product"}],"about":[{"href":"https:\/\/www.vallonchene.fr\/de\/wp-json\/wp\/v2\/types\/product"}],"replies":[{"embeddable":true,"href":"https:\/\/www.vallonchene.fr\/de\/wp-json\/wp\/v2\/comments?post=8209"}],"wp:featuredmedia":[{"embeddable":true,"href":"https:\/\/www.vallonchene.fr\/de\/wp-json\/wp\/v2\/media\/8199"}],"wp:attachment":[{"href":"https:\/\/www.vallonchene.fr\/de\/wp-json\/wp\/v2\/media?parent=8209"}],"wp:term":[{"taxonomy":"product_brand","embeddable":true,"href":"https:\/\/www.vallonchene.fr\/de\/wp-json\/wp\/v2\/product_brand?post=8209"},{"taxonomy":"product_cat","embeddable":true,"href":"https:\/\/www.vallonchene.fr\/de\/wp-json\/wp\/v2\/product_cat?post=8209"},{"taxonomy":"product_tag","embeddable":true,"href":"https:\/\/www.vallonchene.fr\/de\/wp-json\/wp\/v2\/product_tag?post=8209"}],"curies":[{"name":"wp","href":"https:\/\/api.w.org\/{rel}","templated":true}]}}