{"id":736,"date":"2021-08-31T10:50:21","date_gmt":"2021-08-31T10:50:21","guid":{"rendered":"https:\/\/testing.vallonchene.fr\/produit\/chamaecyparis-lawsoniana-wissel-s-saguaro\/"},"modified":"2026-01-27T09:53:49","modified_gmt":"2026-01-27T08:53:49","slug":"chamaecyparis-lawsoniana-wissel-s-saguaro","status":"publish","type":"product","link":"https:\/\/www.vallonchene.fr\/de\/produkt\/chamaecyparis-lawsoniana-wissel-s-saguaro\/","title":{"rendered":"CHAMAECYPARIS lawsoniana &#8218;Wissel&#8217;s Saguaro&#8216;"},"content":{"rendered":"<h2>Die Pflanze<\/h2>\n<p>Der <strong>CHAMAECYPARIS lawsoniana &#8218;Wissel&#8217;s Saguaro&#8216;<\/strong> (<strong>Lawson-Zypresse<\/strong>) geh\u00f6rt zu den au\u00dfergew\u00f6hnlichen Pflanzen. Tats\u00e4chlich ist seine <strong>\u00e4u\u00dferst schmale und sehr vertikale Wuchsform<\/strong> in der Pflanzenwelt nur selten zu finden. Er wird in jedem Garten ein <strong>wichtiges Strukturelement<\/strong> darstellen.  <\/p>\n<p>Aus diesem Grund nimmt dieser Kenner-Nadelbaum eine <strong>\u00e4u\u00dferst geringe Bodenfl\u00e4che<\/strong> ein und <strong>w\u00e4chst wesentlich langsamer<\/strong> als die typische Art. Selbst die kleinsten G\u00e4rten werden Platz f\u00fcr diese bezaubernde Lawson-Zypresse haben. <\/p>\n<p>Ebenso verleihen seine <strong>unregelm\u00e4\u00dfigen Seitenzweige<\/strong> ihm ein noch einzigartigeres Erscheinungsbild. Sie k\u00f6nnen ihn jedoch auch zu einer einfachen S\u00e4ule formen, indem Sie diese entfernen. <\/p>\n<p>Ferner nimmt sein <strong>Laub eine bl\u00e4uliche F\u00e4rbung<\/strong> an, die ihm zus\u00e4tzlichen Reiz verleiht und eine andere Farbnuance im Vergleich zu den meist vorherrschenden Gr\u00fcnt\u00f6nen in einem Garten bietet. <\/p>\n<p>Bonsai-Liebhaber werden erfreut sein zu erfahren, dass sich diese Pflanze perfekt f\u00fcr ihre Kunst eignet.<\/p>\n<p>Um alle aktuell zum Verkauf stehenden CHAMAECYPARIS zu sehen, <strong><a href=\"https:\/\/www.vallonchene.fr\/de\/?s=chamaecyparis&amp;post_type=product&amp;dgwt_wcas=1&amp;lang=de&amp;filter_stock_status=instock\">klicken Sie bitte hier<\/a><\/strong>.<\/p>\n<h2>Wie pflanzt und pflegt man CHAMAECYPARIS lawsoniana &#8218;Wissel&#8217;s Saguaro&#8216;?<\/h2>\n<h3>Pflanzung<\/h3>\n<p>Trotz der Tatsache, dass es sich um eine leicht zu kultivierende Pflanze handelt, sollten Sie die folgenden Punkte beachten:<\/p>\n<ol>\n<li>Pflanzen Sie ihn in Halbschatten oder voller Sonne. Je mehr direktes Sonnenlicht er erh\u00e4lt, desto blauer wird sein Laub. <\/li>\n<li>Der Standort kann frisch bis feucht, m\u00e4\u00dfig oder trocken sein, mit einem sauren, neutralen oder kalkhaltigen pH-Wert.<\/li>\n<li>Der Boden kann leicht, normal oder schwer sein.<\/li>\n<\/ol>\n<p><a href=\"https:\/\/www.vallonchene.fr\/comment-planter-et-entretenir-des-vegetaux\/comment-planter-et-entretenir-arbres-arbustes-et-coniferes\/\" target=\"_blank\" rel=\"noreferrer noopener\"><strong>F\u00fcr eine gute Vorbereitung des Pflanzlochs haben wir spezielle Anweisungen entwickelt, die hier verf\u00fcgbar sind. <\/strong><\/a><\/p>\n<h3>Pflege<\/h3>\n<p>Wie bereits erw\u00e4hnt, ist diese Pflanze leicht zu kultivieren. Dennoch sollten Sie in den ersten zwei Jahren w\u00e4hrend trockener Perioden eine regelm\u00e4\u00dfige Bew\u00e4sserung sicherstellen, bis sie sich gut etabliert hat.  <a href=\"https:\/\/www.vallonchene.fr\/comment-bien-arroser-le-jardin-et-economiser-leau\/\"><strong>Lesen Sie hier auch unsere Tipps zum richtigen Gie\u00dfen und Wassersparen<\/strong><\/a>.<\/p>\n<p>Wenn Sie ihn schneiden m\u00f6chten, tun Sie dies im Februar oder M\u00e4rz vor dem neuen Austrieb, insbesondere wenn Sie ihn zu einer S\u00e4ule formen m\u00f6chten, wie oben erw\u00e4hnt.<\/p>\n<h2>Geschichte und Herkunft<\/h2>\n<p>Die Gattung CHAMAECYPARIS lawsoniana, auch als Lawson-Zypresse bekannt, stammt aus den feuchten K\u00fcstenw\u00e4ldern des nordwestlichen Teils der Vereinigten Staaten.<\/p>\n<p>Um 1885 entstand in einer Forststation in Tharandt, Deutschland, eine besondere Form. 1888 wurde sie zu Ehren von F. van der Wissel, einem niederl\u00e4ndischen Baumschulen-Inhaber, benannt, wodurch der urspr\u00fcngliche Kultivar &#8218;Wisselii&#8216; entstand. <\/p>\n<p>Sp\u00e4ter, in den Niederlanden, entstand aus dem Kultivar &#8218;Wisselii&#8216; eine Mutation. Diese wurde dann unter dem Namen &#8218;Wissel&#8217;s Saguaro&#8216; vermarktet, da ihre skulpturale Silhouette an die Form eines Saguaro erinnert, den ikonischen Kaktus der amerikanischen W\u00fcste. <\/p>\n<p>Zusammenfassend ist der CHAMAECYPARIS lawsoniana &#8218;Wissel&#8217;s Saguaro&#8216; eine unverzichtbare Strukturpflanze f\u00fcr G\u00e4rten jeder Gr\u00f6\u00dfe, die mit ihrem bl\u00e4ulichen Laub eine besondere Farbnote verleiht. Schlie\u00dflich wird diese Pflanze sowohl Sammler als auch Bonsai-Liebhaber begeistern. <\/p>\n","protected":false},"excerpt":{"rendered":"<p>Diese <strong>Lawson-Zypresse<\/strong> hat gr\u00fcnes und blaues Laub. Die <strong>CHAMAECYPARIS lawsoniana &#8218;Wissel&#8217;s Saguaro&#8216;<\/strong> zeichnet sich durch eine sehr schmale Wuchsform mit unregelm\u00e4\u00dfigen \u00c4sten aus und wird Ihrem Garten eine ganz besondere Note verleihen.  <\/p>\n","protected":false},"featured_media":53657,"comment_status":"open","ping_status":"closed","template":"","meta":[],"product_brand":[],"product_cat":[255],"product_tag":[11358,12334,12561],"class_list":{"0":"post-736","1":"product","2":"type-product","3":"status-publish","4":"has-post-thumbnail","6":"product_cat-koniferen-de","7":"product_tag-chamaecyparis-de","8":"product_tag-chamaecyparis-lawsoniana-de","9":"product_tag-lawson-zypresse","10":"pa_99-hauteurapproximativeapres1-150a200m-de","11":"pa_couleurdufeuillage-blau-de","12":"pa_couleurdufeuillage-grun-de","13":"pa_exigencesenhumidite-feucht-de","14":"pa_exigencesenhumidite-normal-de","15":"pa_exigencesenhumidite-trocken-de","16":"pa_expositionspossibles-ce-halbschattigsonnezw12und17-de","17":"pa_expositionspossibles-sonnigvon12bis17uhr-de","18":"pa_hauteurlivree-100-bis-125-cm","19":"pa_hauteurlivree-125-bis-150-cm","20":"pa_hauteurlivree-15-bis-20-cm","21":"pa_hauteurlivree-150-bis-175-cm","22":"pa_hauteurlivree-20-bis-25cm","23":"pa_hauteurlivree-200-bis-250-cm","24":"pa_hauteurlivree-25-bis-30-cm","25":"pa_hauteurlivree-30-bis-35-cm","26":"pa_hauteurlivree-30-bis-40-cm","27":"pa_hauteurlivree-40-bis-50-cm","28":"pa_hauteurlivree-40-bis-60-cm","29":"pa_hauteurlivree-50-bis-60-cm","30":"pa_hauteurlivree-60-bis-80-cm","31":"pa_hauteurlivree-70-bis-80-cm","32":"pa_hauteurlivree-80-bis-100-cm","33":"pa_hauteurlivree-n-v","34":"pa_interetauprintemps-form-de","35":"pa_interetauprintemps-laub-de","36":"pa_interetenautomne-form-de","37":"pa_interetenautomne-laub-de","38":"pa_interetenete-form-de","39":"pa_interetenete-laub-de","40":"pa_interetenhiver-form-de","41":"pa_interetenhiver-laub-de","42":"pa_naturedufeuillage-immergrun-de","43":"pa_naturesdesolpossibles-leicht-de","44":"pa_naturesdesolpossibles-normal-de","45":"pa_naturesdesolpossibles-schwer-de","46":"pa_particularites-form-de","47":"pa_particularites-furbonsaigeeignet-de","48":"pa_periodedetaille-febr-de","49":"pa_periodedetaille-marz-de","50":"pa_phdusolacceptable-kalkigmehrals75-de","51":"pa_phdusolacceptable-neutralzw65u75-de","52":"pa_phdusolacceptable-sauerwenigerals65-de","53":"pa_portgraphisme-kolonnenformig-de","54":"pa_resistanceaufroidrusticite-frostbestandigunter_20c-de","55":"pa_tailledepot-1liter_topf-de","56":"pa_tailledepot-10liter_topf-de","57":"pa_tailledepot-12liter_topf-de","58":"pa_tailledepot-15liter_topf-de","59":"pa_tailledepot-2liter_topf-de","60":"pa_tailledepot-20liter_topf-de","61":"pa_tailledepot-25liter_topf-de","62":"pa_tailledepot-3liter_topf-de","63":"pa_tailledepot-4liter_topf-de","64":"pa_tailledepot-5liter_topf-de","65":"pa_tailledepot-7_cm_topf-de","66":"pa_tailledepot-75liter_topf-de","67":"pa_utilisationpossible-beet-de","68":"pa_utilisationpossible-kubelodertopf-de","70":"first","71":"instock","72":"taxable","73":"shipping-taxable","74":"purchasable","75":"product-type-variable"},"supplier_id":null,"supplier_sku":"","barcode":null,"atum_controlled":true,"out_stock_date":null,"out_stock_threshold":null,"inheritable":true,"inbound_stock":0,"stock_on_hold":2,"sold_today":0,"sales_last_days":0,"reserved_stock":0,"customer_returns":0,"warehouse_damage":0,"lost_in_post":0,"other_logs":0,"out_stock_days":null,"lost_sales":0,"has_location":false,"update_date":"2026-04-17T12:26:15","atum_locations":[],"atum_stock_status":"instock","restock_status":false,"low_stock_amount":"","sales_update_date":"2026-01-27T08:53:18","calc_backorders":null,"yoast_head":"<!-- This site is optimized with the Yoast SEO Premium plugin v27.5 (Yoast SEO v27.5) - https:\/\/yoast.com\/product\/yoast-seo-premium-wordpress\/ -->\n<title>CHAMAECYPARIS lawsoniana &#039;Wissel&#039;s Saguaro&#039;<\/title>\n<meta name=\"description\" content=\"Diese Lawson-Zypresse hat gr\u00fcnes und blaues Laub. Die CHAMAECYPARIS lawsoniana &#039;Wissel&#039;s Saguaro&#039; besitzt eine \u00e4u\u00dferst schmale Struktur mit unregelm\u00e4\u00dfigen \u00c4sten.\" \/>\n<meta name=\"robots\" content=\"index, follow, max-snippet:-1, max-image-preview:large, max-video-preview:-1\" \/>\n<link rel=\"canonical\" href=\"https:\/\/www.vallonchene.fr\/de\/produkt\/chamaecyparis-lawsoniana-wissel-s-saguaro\/\" \/>\n<meta property=\"og:locale\" content=\"de_DE\" \/>\n<meta property=\"og:type\" content=\"article\" \/>\n<meta property=\"og:title\" content=\"CHAMAECYPARIS lawsoniana &#039;Wissel&#039;s Saguaro&#039;\" \/>\n<meta property=\"og:description\" content=\"Diese Lawson-Zypresse hat gr\u00fcnes und blaues Laub. Die CHAMAECYPARIS lawsoniana &#039;Wissel&#039;s Saguaro&#039; besitzt eine \u00e4u\u00dferst schmale Struktur mit unregelm\u00e4\u00dfigen \u00c4sten.\" \/>\n<meta property=\"og:url\" content=\"https:\/\/www.vallonchene.fr\/de\/produkt\/chamaecyparis-lawsoniana-wissel-s-saguaro\/\" \/>\n<meta property=\"og:site_name\" content=\"Vallonch\u00eane\" \/>\n<meta property=\"article:publisher\" content=\"https:\/\/www.facebook.com\/vallonchene.fr\" \/>\n<meta property=\"article:modified_time\" content=\"2026-01-27T08:53:49+00:00\" \/>\n<meta property=\"og:image\" content=\"https:\/\/www.vallonchene.fr\/wp-content\/uploads\/2025\/04\/CHAMAECYPARIS-lawsoniana-Wissels-Saguaro_03.webp\" \/>\n\t<meta property=\"og:image:width\" content=\"1200\" \/>\n\t<meta property=\"og:image:height\" content=\"1200\" \/>\n\t<meta property=\"og:image:type\" content=\"image\/webp\" \/>\n<meta name=\"twitter:card\" content=\"summary_large_image\" \/>\n<meta name=\"twitter:label1\" content=\"Verf\u00fcgbarkeit\" \/>\n\t<meta name=\"twitter:data1\" content=\"Vorr\u00e4tig\" \/>\n<script type=\"application\/ld+json\" class=\"yoast-schema-graph\">{\"@context\":\"https:\\\/\\\/schema.org\",\"@graph\":[{\"@type\":\"WebPage\",\"@id\":\"https:\\\/\\\/www.vallonchene.fr\\\/de\\\/produkt\\\/chamaecyparis-lawsoniana-wissel-s-saguaro\\\/\",\"url\":\"https:\\\/\\\/www.vallonchene.fr\\\/de\\\/produkt\\\/chamaecyparis-lawsoniana-wissel-s-saguaro\\\/\",\"name\":\"CHAMAECYPARIS lawsoniana 'Wissel's Saguaro'\",\"isPartOf\":{\"@id\":\"https:\\\/\\\/www.vallonchene.fr\\\/de\\\/#website\"},\"primaryImageOfPage\":{\"@id\":\"https:\\\/\\\/www.vallonchene.fr\\\/de\\\/produkt\\\/chamaecyparis-lawsoniana-wissel-s-saguaro\\\/#primaryimage\"},\"image\":{\"@id\":\"https:\\\/\\\/www.vallonchene.fr\\\/de\\\/produkt\\\/chamaecyparis-lawsoniana-wissel-s-saguaro\\\/#primaryimage\"},\"thumbnailUrl\":\"https:\\\/\\\/www.vallonchene.fr\\\/wp-content\\\/uploads\\\/2025\\\/04\\\/CHAMAECYPARIS-lawsoniana-Wissels-Saguaro_03.webp\",\"datePublished\":\"2021-08-31T10:50:21+00:00\",\"dateModified\":\"2026-01-27T08:53:49+00:00\",\"description\":\"Diese Lawson-Zypresse hat gr\u00fcnes und blaues Laub. Die CHAMAECYPARIS lawsoniana 'Wissel's Saguaro' besitzt eine \u00e4u\u00dferst schmale Struktur mit unregelm\u00e4\u00dfigen \u00c4sten.\",\"breadcrumb\":{\"@id\":\"https:\\\/\\\/www.vallonchene.fr\\\/de\\\/produkt\\\/chamaecyparis-lawsoniana-wissel-s-saguaro\\\/#breadcrumb\"},\"inLanguage\":\"de\",\"potentialAction\":[{\"@type\":\"ReadAction\",\"target\":[\"https:\\\/\\\/www.vallonchene.fr\\\/de\\\/produkt\\\/chamaecyparis-lawsoniana-wissel-s-saguaro\\\/\"]}]},{\"@type\":\"ImageObject\",\"inLanguage\":\"de\",\"@id\":\"https:\\\/\\\/www.vallonchene.fr\\\/de\\\/produkt\\\/chamaecyparis-lawsoniana-wissel-s-saguaro\\\/#primaryimage\",\"url\":\"https:\\\/\\\/www.vallonchene.fr\\\/wp-content\\\/uploads\\\/2025\\\/04\\\/CHAMAECYPARIS-lawsoniana-Wissels-Saguaro_03.webp\",\"contentUrl\":\"https:\\\/\\\/www.vallonchene.fr\\\/wp-content\\\/uploads\\\/2025\\\/04\\\/CHAMAECYPARIS-lawsoniana-Wissels-Saguaro_03.webp\",\"width\":1200,\"height\":1200,\"caption\":\"Extrem vertikale Wuchsform von CHAMAECYPARIS lawsoniana 'Wissel's Saguaro'\"},{\"@type\":\"BreadcrumbList\",\"@id\":\"https:\\\/\\\/www.vallonchene.fr\\\/de\\\/produkt\\\/chamaecyparis-lawsoniana-wissel-s-saguaro\\\/#breadcrumb\",\"itemListElement\":[{\"@type\":\"ListItem\",\"position\":1,\"name\":\"Home\",\"item\":\"https:\\\/\\\/www.vallonchene.fr\\\/de\\\/\"},{\"@type\":\"ListItem\",\"position\":2,\"name\":\"Shop\",\"item\":\"https:\\\/\\\/www.vallonchene.fr\\\/de\\\/shop\\\/\"},{\"@type\":\"ListItem\",\"position\":3,\"name\":\"Online-Verkauf\",\"item\":\"https:\\\/\\\/www.vallonchene.fr\\\/de\\\/produkt-kategorie\\\/online-verkauf-de\\\/\"},{\"@type\":\"ListItem\",\"position\":4,\"name\":\"Baumschule\",\"item\":\"https:\\\/\\\/www.vallonchene.fr\\\/de\\\/produkt-kategorie\\\/online-verkauf-de\\\/baumschule-gaertnerei-de\\\/\"},{\"@type\":\"ListItem\",\"position\":5,\"name\":\"Koniferen\",\"item\":\"https:\\\/\\\/www.vallonchene.fr\\\/de\\\/produkt-kategorie\\\/online-verkauf-de\\\/baumschule-gaertnerei-de\\\/koniferen-de\\\/\"},{\"@type\":\"ListItem\",\"position\":6,\"name\":\"CHAMAECYPARIS lawsoniana &#8218;Wissel&#8217;s Saguaro&#8216;\"}]},{\"@type\":\"WebSite\",\"@id\":\"https:\\\/\\\/www.vallonchene.fr\\\/de\\\/#website\",\"url\":\"https:\\\/\\\/www.vallonchene.fr\\\/de\\\/\",\"name\":\"Vallonch\u00eane\",\"description\":\"Die Baumschule, bei der Qualit\u00e4t ihre Wurzeln hat \u2013 Tel.: +49 (0)6838-5399840\",\"publisher\":{\"@id\":\"https:\\\/\\\/www.vallonchene.fr\\\/de\\\/#organization\"},\"potentialAction\":[{\"@type\":\"SearchAction\",\"target\":{\"@type\":\"EntryPoint\",\"urlTemplate\":\"https:\\\/\\\/www.vallonchene.fr\\\/de\\\/?s={search_term_string}\"},\"query-input\":{\"@type\":\"PropertyValueSpecification\",\"valueRequired\":true,\"valueName\":\"search_term_string\"}}],\"inLanguage\":\"de\"},{\"@type\":\"Organization\",\"@id\":\"https:\\\/\\\/www.vallonchene.fr\\\/de\\\/#organization\",\"name\":\"VALLONCHENE\",\"url\":\"https:\\\/\\\/www.vallonchene.fr\\\/de\\\/\",\"logo\":{\"@type\":\"ImageObject\",\"inLanguage\":\"de\",\"@id\":\"https:\\\/\\\/www.vallonchene.fr\\\/de\\\/#\\\/schema\\\/logo\\\/image\\\/\",\"url\":\"https:\\\/\\\/www.vallonchene.fr\\\/wp-content\\\/uploads\\\/2023\\\/03\\\/Logo-Vallonchene-site-et-R_hauteur_100.png\",\"contentUrl\":\"https:\\\/\\\/www.vallonchene.fr\\\/wp-content\\\/uploads\\\/2023\\\/03\\\/Logo-Vallonchene-site-et-R_hauteur_100.png\",\"width\":221,\"height\":100,\"caption\":\"VALLONCHENE\"},\"image\":{\"@id\":\"https:\\\/\\\/www.vallonchene.fr\\\/de\\\/#\\\/schema\\\/logo\\\/image\\\/\"},\"sameAs\":[\"https:\\\/\\\/www.facebook.com\\\/vallonchene.fr\",\"https:\\\/\\\/www.instagram.com\\\/vallonchene\\\/\",\"https:\\\/\\\/www.pinterest.fr\\\/vallonchene\\\/\"],\"taxID\":\"49454502300017\",\"hasMerchantReturnPolicy\":{\"@type\":\"MerchantReturnPolicy\",\"merchantReturnLink\":\"https:\\\/\\\/www.vallonchene.fr\\\/remboursements_retours\\\/\"}}]}<\/script>\n<meta property=\"og:availability\" content=\"instock\" \/>\n<meta property=\"product:availability\" content=\"instock\" \/>\n<meta property=\"product:retailer_item_id\" content=\"75922\" \/>\n<meta property=\"product:condition\" content=\"new\" \/>\n<!-- \/ Yoast SEO Premium plugin. -->","yoast_head_json":{"title":"CHAMAECYPARIS lawsoniana 'Wissel's Saguaro'","description":"Diese Lawson-Zypresse hat gr\u00fcnes und blaues Laub. Die CHAMAECYPARIS lawsoniana 'Wissel's Saguaro' besitzt eine \u00e4u\u00dferst schmale Struktur mit unregelm\u00e4\u00dfigen \u00c4sten.","robots":{"index":"index","follow":"follow","max-snippet":"max-snippet:-1","max-image-preview":"max-image-preview:large","max-video-preview":"max-video-preview:-1"},"canonical":"https:\/\/www.vallonchene.fr\/de\/produkt\/chamaecyparis-lawsoniana-wissel-s-saguaro\/","og_locale":"de_DE","og_type":"article","og_title":"CHAMAECYPARIS lawsoniana 'Wissel's Saguaro'","og_description":"Diese Lawson-Zypresse hat gr\u00fcnes und blaues Laub. Die CHAMAECYPARIS lawsoniana 'Wissel's Saguaro' besitzt eine \u00e4u\u00dferst schmale Struktur mit unregelm\u00e4\u00dfigen \u00c4sten.","og_url":"https:\/\/www.vallonchene.fr\/de\/produkt\/chamaecyparis-lawsoniana-wissel-s-saguaro\/","og_site_name":"Vallonch\u00eane","article_publisher":"https:\/\/www.facebook.com\/vallonchene.fr","article_modified_time":"2026-01-27T08:53:49+00:00","og_image":[{"width":1200,"height":1200,"url":"https:\/\/www.vallonchene.fr\/wp-content\/uploads\/2025\/04\/CHAMAECYPARIS-lawsoniana-Wissels-Saguaro_03.webp","type":"image\/webp"}],"twitter_card":"summary_large_image","twitter_misc":{"Verf\u00fcgbarkeit":"Vorr\u00e4tig"},"schema":{"@context":"https:\/\/schema.org","@graph":[{"@type":"WebPage","@id":"https:\/\/www.vallonchene.fr\/de\/produkt\/chamaecyparis-lawsoniana-wissel-s-saguaro\/","url":"https:\/\/www.vallonchene.fr\/de\/produkt\/chamaecyparis-lawsoniana-wissel-s-saguaro\/","name":"CHAMAECYPARIS lawsoniana 'Wissel's Saguaro'","isPartOf":{"@id":"https:\/\/www.vallonchene.fr\/de\/#website"},"primaryImageOfPage":{"@id":"https:\/\/www.vallonchene.fr\/de\/produkt\/chamaecyparis-lawsoniana-wissel-s-saguaro\/#primaryimage"},"image":{"@id":"https:\/\/www.vallonchene.fr\/de\/produkt\/chamaecyparis-lawsoniana-wissel-s-saguaro\/#primaryimage"},"thumbnailUrl":"https:\/\/www.vallonchene.fr\/wp-content\/uploads\/2025\/04\/CHAMAECYPARIS-lawsoniana-Wissels-Saguaro_03.webp","datePublished":"2021-08-31T10:50:21+00:00","dateModified":"2026-01-27T08:53:49+00:00","description":"Diese Lawson-Zypresse hat gr\u00fcnes und blaues Laub. Die CHAMAECYPARIS lawsoniana 'Wissel's Saguaro' besitzt eine \u00e4u\u00dferst schmale Struktur mit unregelm\u00e4\u00dfigen \u00c4sten.","breadcrumb":{"@id":"https:\/\/www.vallonchene.fr\/de\/produkt\/chamaecyparis-lawsoniana-wissel-s-saguaro\/#breadcrumb"},"inLanguage":"de","potentialAction":[{"@type":"ReadAction","target":["https:\/\/www.vallonchene.fr\/de\/produkt\/chamaecyparis-lawsoniana-wissel-s-saguaro\/"]}]},{"@type":"ImageObject","inLanguage":"de","@id":"https:\/\/www.vallonchene.fr\/de\/produkt\/chamaecyparis-lawsoniana-wissel-s-saguaro\/#primaryimage","url":"https:\/\/www.vallonchene.fr\/wp-content\/uploads\/2025\/04\/CHAMAECYPARIS-lawsoniana-Wissels-Saguaro_03.webp","contentUrl":"https:\/\/www.vallonchene.fr\/wp-content\/uploads\/2025\/04\/CHAMAECYPARIS-lawsoniana-Wissels-Saguaro_03.webp","width":1200,"height":1200,"caption":"Extrem vertikale Wuchsform von CHAMAECYPARIS lawsoniana 'Wissel's Saguaro'"},{"@type":"BreadcrumbList","@id":"https:\/\/www.vallonchene.fr\/de\/produkt\/chamaecyparis-lawsoniana-wissel-s-saguaro\/#breadcrumb","itemListElement":[{"@type":"ListItem","position":1,"name":"Home","item":"https:\/\/www.vallonchene.fr\/de\/"},{"@type":"ListItem","position":2,"name":"Shop","item":"https:\/\/www.vallonchene.fr\/de\/shop\/"},{"@type":"ListItem","position":3,"name":"Online-Verkauf","item":"https:\/\/www.vallonchene.fr\/de\/produkt-kategorie\/online-verkauf-de\/"},{"@type":"ListItem","position":4,"name":"Baumschule","item":"https:\/\/www.vallonchene.fr\/de\/produkt-kategorie\/online-verkauf-de\/baumschule-gaertnerei-de\/"},{"@type":"ListItem","position":5,"name":"Koniferen","item":"https:\/\/www.vallonchene.fr\/de\/produkt-kategorie\/online-verkauf-de\/baumschule-gaertnerei-de\/koniferen-de\/"},{"@type":"ListItem","position":6,"name":"CHAMAECYPARIS lawsoniana &#8218;Wissel&#8217;s Saguaro&#8216;"}]},{"@type":"WebSite","@id":"https:\/\/www.vallonchene.fr\/de\/#website","url":"https:\/\/www.vallonchene.fr\/de\/","name":"Vallonch\u00eane","description":"Die Baumschule, bei der Qualit\u00e4t ihre Wurzeln hat \u2013 Tel.: +49 (0)6838-5399840","publisher":{"@id":"https:\/\/www.vallonchene.fr\/de\/#organization"},"potentialAction":[{"@type":"SearchAction","target":{"@type":"EntryPoint","urlTemplate":"https:\/\/www.vallonchene.fr\/de\/?s={search_term_string}"},"query-input":{"@type":"PropertyValueSpecification","valueRequired":true,"valueName":"search_term_string"}}],"inLanguage":"de"},{"@type":"Organization","@id":"https:\/\/www.vallonchene.fr\/de\/#organization","name":"VALLONCHENE","url":"https:\/\/www.vallonchene.fr\/de\/","logo":{"@type":"ImageObject","inLanguage":"de","@id":"https:\/\/www.vallonchene.fr\/de\/#\/schema\/logo\/image\/","url":"https:\/\/www.vallonchene.fr\/wp-content\/uploads\/2023\/03\/Logo-Vallonchene-site-et-R_hauteur_100.png","contentUrl":"https:\/\/www.vallonchene.fr\/wp-content\/uploads\/2023\/03\/Logo-Vallonchene-site-et-R_hauteur_100.png","width":221,"height":100,"caption":"VALLONCHENE"},"image":{"@id":"https:\/\/www.vallonchene.fr\/de\/#\/schema\/logo\/image\/"},"sameAs":["https:\/\/www.facebook.com\/vallonchene.fr","https:\/\/www.instagram.com\/vallonchene\/","https:\/\/www.pinterest.fr\/vallonchene\/"],"taxID":"49454502300017","hasMerchantReturnPolicy":{"@type":"MerchantReturnPolicy","merchantReturnLink":"https:\/\/www.vallonchene.fr\/remboursements_retours\/"}}]},"og_availability":"instock","product_availability":"instock","product_retailer_item_id":"75922","product_condition":"new"},"_links":{"self":[{"href":"https:\/\/www.vallonchene.fr\/de\/wp-json\/wp\/v2\/product\/736","targetHints":{"allow":["GET"]}}],"collection":[{"href":"https:\/\/www.vallonchene.fr\/de\/wp-json\/wp\/v2\/product"}],"about":[{"href":"https:\/\/www.vallonchene.fr\/de\/wp-json\/wp\/v2\/types\/product"}],"replies":[{"embeddable":true,"href":"https:\/\/www.vallonchene.fr\/de\/wp-json\/wp\/v2\/comments?post=736"}],"wp:featuredmedia":[{"embeddable":true,"href":"https:\/\/www.vallonchene.fr\/de\/wp-json\/wp\/v2\/media\/53657"}],"wp:attachment":[{"href":"https:\/\/www.vallonchene.fr\/de\/wp-json\/wp\/v2\/media?parent=736"}],"wp:term":[{"taxonomy":"product_brand","embeddable":true,"href":"https:\/\/www.vallonchene.fr\/de\/wp-json\/wp\/v2\/product_brand?post=736"},{"taxonomy":"product_cat","embeddable":true,"href":"https:\/\/www.vallonchene.fr\/de\/wp-json\/wp\/v2\/product_cat?post=736"},{"taxonomy":"product_tag","embeddable":true,"href":"https:\/\/www.vallonchene.fr\/de\/wp-json\/wp\/v2\/product_tag?post=736"}],"curies":[{"name":"wp","href":"https:\/\/api.w.org\/{rel}","templated":true}]}}