{"id":7050,"date":"2021-08-31T11:37:44","date_gmt":"2021-08-31T11:37:44","guid":{"rendered":"https:\/\/testing.vallonchene.fr\/produit\/sequoiadendron-giganteum-pendulum\/"},"modified":"2026-03-05T10:10:05","modified_gmt":"2026-03-05T09:10:05","slug":"sequoiadendron-giganteum-pendulum","status":"publish","type":"product","link":"https:\/\/www.vallonchene.fr\/de\/produkt\/sequoiadendron-giganteum-pendulum\/","title":{"rendered":"SEQUOIADENDRON giganteum &#8218;Pendulum&#8216; (Trauer-Riesenmammutbaum)"},"content":{"rendered":"<p>Dieser <strong>Riesenmammutbaum<\/strong> ist wahrscheinlich einer der spektakul\u00e4rsten B\u00e4um der einen Platz selbst in kleinen Garten finden kann. Der\u00a0<strong>SEQUOIADENDRON giganteum &#8218;Pendulum&#8216;<\/strong> ben\u00f6tigt tats\u00e4chlich nur eine kleine Oberfl\u00e4che da sich sein Stamm regelrecht in den Himmel schraubt und seine \u00c4ste h\u00e4ngen eng am Stamm herunter. Seine Silhouette kann fantastischen Tieren oder ganz einfach der M\u00e4hne eines Pferdes gleichen. Die SEQUOIADENDRON giganteum haben eine der besten Verwurzelungen unter den B\u00e4umen.\u00a0<\/p>\n<p>Die Pflanze auf den nebenstehenden Fotos wurde NIEMALS beschnitten oder geformt.<\/p>\n","protected":false},"excerpt":{"rendered":"<p>Dieser <b>Riesenmammutbaum<\/b> ist eine der aussergew\u00f6hnlichsten Formen mit seinen h\u00e4ngenden \u00c4sten. Der\u00a0<b>SEQUOIADENDRON giganteum &#8218;Pendulum&#8216;<\/b> schraubt sich regelrecht in den Himmel. Er ist winterhart und von sehr geringem Umfang.<\/p>\n","protected":false},"featured_media":7035,"comment_status":"open","ping_status":"closed","template":"","meta":[],"product_brand":[],"product_cat":[255],"product_tag":[12120,12119],"class_list":{"0":"post-7050","1":"product","2":"type-product","3":"status-publish","4":"has-post-thumbnail","6":"product_cat-koniferen-de","7":"product_tag-sequoiadendron-de","8":"product_tag-sequoiadendron-giganteum-de","9":"pa_99-hauteurapproximativeapres1-3_5m-de","10":"pa_couleurdufeuillage-grun-de","11":"pa_exigencesenhumidite-feucht-de","12":"pa_exigencesenhumidite-normal-de","13":"pa_exigencesenhumidite-trocken-de","14":"pa_expositionspossibles-ce-halbschattigsonnezw12und17-de","15":"pa_expositionspossibles-sonnigvon12bis17uhr-de","16":"pa_hauteurlivree-50-bis-60-cm","17":"pa_interetauprintemps-form-de","18":"pa_interetauprintemps-laub-de","19":"pa_interetenautomne-form-de","20":"pa_interetenautomne-laub-de","21":"pa_interetenete-form-de","22":"pa_interetenete-laub-de","23":"pa_interetenhiver-form-de","24":"pa_interetenhiver-laub-de","25":"pa_naturedufeuillage-immergrun-de","26":"pa_naturesdesolpossibles-leicht-de","27":"pa_naturesdesolpossibles-normal-de","28":"pa_naturesdesolpossibles-schwer-de","29":"pa_naturesdesolpossibles-sehrschwer-de","30":"pa_particularites-form-de","31":"pa_periodedetaille-marz-de","32":"pa_phdusolacceptable-kalkigmehrals75-de","33":"pa_phdusolacceptable-neutralzw65u75-de","34":"pa_phdusolacceptable-sauerwenigerals65-de","35":"pa_portgraphisme-kolonnenformig-de","36":"pa_portgraphisme-trauer-de","37":"pa_resistanceaufroidrusticite-frostbestandigunter_20c-de","38":"pa_tailledepot-5liter_topf-de","39":"pa_utilisationpossible-alleinstehend-de","40":"pa_utilisationpossible-beet-de","42":"first","43":"instock","44":"taxable","45":"shipping-taxable","46":"purchasable","47":"product-type-variable"},"supplier_id":null,"supplier_sku":"","barcode":null,"atum_controlled":true,"out_stock_date":null,"out_stock_threshold":null,"inheritable":true,"inbound_stock":0,"stock_on_hold":0,"sold_today":0,"sales_last_days":0,"reserved_stock":0,"customer_returns":0,"warehouse_damage":0,"lost_in_post":0,"other_logs":0,"out_stock_days":null,"lost_sales":0,"has_location":false,"update_date":"2026-04-26T12:57:59","atum_locations":[],"atum_stock_status":"instock","restock_status":false,"low_stock_amount":"","sales_update_date":"2026-03-05T09:09:21","calc_backorders":null,"yoast_head":"<!-- This site is optimized with the Yoast SEO Premium plugin v27.5 (Yoast SEO v27.5) - https:\/\/yoast.com\/product\/yoast-seo-premium-wordpress\/ -->\n<title>SEQUOIADENDRON giganteum &#039;Pendulum&#039; - Riesenmammutbaum<\/title>\n<meta name=\"description\" content=\"Dieser Riesenmammutbaum ist eine der aussergew\u00f6hnlichsten Formen mit seinen h\u00e4ngenden \u00c4sten. Der\u00a0SEQUOIADENDRON giganteum &#039;Pendulum&#039; schraubt sich regelrecht in den Himmel. Er ist winterhart und von sehr geringem Umfang.\" \/>\n<meta name=\"robots\" content=\"index, follow, max-snippet:-1, max-image-preview:large, max-video-preview:-1\" \/>\n<link rel=\"canonical\" href=\"https:\/\/www.vallonchene.fr\/de\/produkt\/sequoiadendron-giganteum-pendulum\/\" \/>\n<meta property=\"og:locale\" content=\"de_DE\" \/>\n<meta property=\"og:type\" content=\"article\" \/>\n<meta property=\"og:title\" content=\"SEQUOIADENDRON giganteum &#039;Pendulum&#039; (Trauer-Riesenmammutbaum)\" \/>\n<meta property=\"og:description\" content=\"Dieser Riesenmammutbaum ist eine der aussergew\u00f6hnlichsten Formen mit seinen h\u00e4ngenden \u00c4sten. Der\u00a0SEQUOIADENDRON giganteum &#039;Pendulum&#039; schraubt sich regelrecht in den Himmel. Er ist winterhart und von sehr geringem Umfang.\" \/>\n<meta property=\"og:url\" content=\"https:\/\/www.vallonchene.fr\/de\/produkt\/sequoiadendron-giganteum-pendulum\/\" \/>\n<meta property=\"og:site_name\" content=\"Vallonch\u00eane\" \/>\n<meta property=\"article:publisher\" content=\"https:\/\/www.facebook.com\/vallonchene.fr\" \/>\n<meta property=\"article:modified_time\" content=\"2026-03-05T09:10:05+00:00\" \/>\n<meta property=\"og:image\" content=\"https:\/\/www.vallonchene.fr\/wp-content\/uploads\/2021\/08\/4094-01e-SEQUOIADENDRON-giganteum-Pendulum-a-la-fin-de-lhiver.jpg\" \/>\n\t<meta property=\"og:image:width\" content=\"1448\" \/>\n\t<meta property=\"og:image:height\" content=\"1447\" \/>\n\t<meta property=\"og:image:type\" content=\"image\/jpeg\" \/>\n<meta name=\"twitter:card\" content=\"summary_large_image\" \/>\n<meta name=\"twitter:label1\" content=\"Verf\u00fcgbarkeit\" \/>\n\t<meta name=\"twitter:data1\" content=\"Vorr\u00e4tig\" \/>\n<script type=\"application\/ld+json\" class=\"yoast-schema-graph\">{\"@context\":\"https:\\\/\\\/schema.org\",\"@graph\":[{\"@type\":\"WebPage\",\"@id\":\"https:\\\/\\\/www.vallonchene.fr\\\/de\\\/produkt\\\/sequoiadendron-giganteum-pendulum\\\/\",\"url\":\"https:\\\/\\\/www.vallonchene.fr\\\/de\\\/produkt\\\/sequoiadendron-giganteum-pendulum\\\/\",\"name\":\"SEQUOIADENDRON giganteum 'Pendulum' - Riesenmammutbaum\",\"isPartOf\":{\"@id\":\"https:\\\/\\\/www.vallonchene.fr\\\/de\\\/#website\"},\"primaryImageOfPage\":{\"@id\":\"https:\\\/\\\/www.vallonchene.fr\\\/de\\\/produkt\\\/sequoiadendron-giganteum-pendulum\\\/#primaryimage\"},\"image\":{\"@id\":\"https:\\\/\\\/www.vallonchene.fr\\\/de\\\/produkt\\\/sequoiadendron-giganteum-pendulum\\\/#primaryimage\"},\"thumbnailUrl\":\"https:\\\/\\\/www.vallonchene.fr\\\/wp-content\\\/uploads\\\/2021\\\/08\\\/4094-01e-SEQUOIADENDRON-giganteum-Pendulum-a-la-fin-de-lhiver.jpg\",\"datePublished\":\"2021-08-31T11:37:44+00:00\",\"dateModified\":\"2026-03-05T09:10:05+00:00\",\"description\":\"Dieser Riesenmammutbaum ist eine der aussergew\u00f6hnlichsten Formen mit seinen h\u00e4ngenden \u00c4sten. Der\u00a0SEQUOIADENDRON giganteum 'Pendulum' schraubt sich regelrecht in den Himmel. Er ist winterhart und von sehr geringem Umfang.\",\"breadcrumb\":{\"@id\":\"https:\\\/\\\/www.vallonchene.fr\\\/de\\\/produkt\\\/sequoiadendron-giganteum-pendulum\\\/#breadcrumb\"},\"inLanguage\":\"de\",\"potentialAction\":[{\"@type\":\"ReadAction\",\"target\":[\"https:\\\/\\\/www.vallonchene.fr\\\/de\\\/produkt\\\/sequoiadendron-giganteum-pendulum\\\/\"]}]},{\"@type\":\"ImageObject\",\"inLanguage\":\"de\",\"@id\":\"https:\\\/\\\/www.vallonchene.fr\\\/de\\\/produkt\\\/sequoiadendron-giganteum-pendulum\\\/#primaryimage\",\"url\":\"https:\\\/\\\/www.vallonchene.fr\\\/wp-content\\\/uploads\\\/2021\\\/08\\\/4094-01e-SEQUOIADENDRON-giganteum-Pendulum-a-la-fin-de-lhiver.jpg\",\"contentUrl\":\"https:\\\/\\\/www.vallonchene.fr\\\/wp-content\\\/uploads\\\/2021\\\/08\\\/4094-01e-SEQUOIADENDRON-giganteum-Pendulum-a-la-fin-de-lhiver.jpg\",\"width\":1448,\"height\":1447},{\"@type\":\"BreadcrumbList\",\"@id\":\"https:\\\/\\\/www.vallonchene.fr\\\/de\\\/produkt\\\/sequoiadendron-giganteum-pendulum\\\/#breadcrumb\",\"itemListElement\":[{\"@type\":\"ListItem\",\"position\":1,\"name\":\"Home\",\"item\":\"https:\\\/\\\/www.vallonchene.fr\\\/de\\\/\"},{\"@type\":\"ListItem\",\"position\":2,\"name\":\"Shop\",\"item\":\"https:\\\/\\\/www.vallonchene.fr\\\/de\\\/shop\\\/\"},{\"@type\":\"ListItem\",\"position\":3,\"name\":\"Online-Verkauf\",\"item\":\"https:\\\/\\\/www.vallonchene.fr\\\/de\\\/produkt-kategorie\\\/online-verkauf-de\\\/\"},{\"@type\":\"ListItem\",\"position\":4,\"name\":\"Baumschule\",\"item\":\"https:\\\/\\\/www.vallonchene.fr\\\/de\\\/produkt-kategorie\\\/online-verkauf-de\\\/baumschule-gaertnerei-de\\\/\"},{\"@type\":\"ListItem\",\"position\":5,\"name\":\"Koniferen\",\"item\":\"https:\\\/\\\/www.vallonchene.fr\\\/de\\\/produkt-kategorie\\\/online-verkauf-de\\\/baumschule-gaertnerei-de\\\/koniferen-de\\\/\"},{\"@type\":\"ListItem\",\"position\":6,\"name\":\"SEQUOIADENDRON giganteum &lsquo;Pendulum&rsquo; (Trauer-Riesenmammutbaum)\"}]},{\"@type\":\"WebSite\",\"@id\":\"https:\\\/\\\/www.vallonchene.fr\\\/de\\\/#website\",\"url\":\"https:\\\/\\\/www.vallonchene.fr\\\/de\\\/\",\"name\":\"Vallonch\u00eane\",\"description\":\"Die Baumschule, bei der Qualit\u00e4t ihre Wurzeln hat \u2013 Tel.: +49 (0)6838-5399840\",\"publisher\":{\"@id\":\"https:\\\/\\\/www.vallonchene.fr\\\/de\\\/#organization\"},\"potentialAction\":[{\"@type\":\"SearchAction\",\"target\":{\"@type\":\"EntryPoint\",\"urlTemplate\":\"https:\\\/\\\/www.vallonchene.fr\\\/de\\\/?s={search_term_string}\"},\"query-input\":{\"@type\":\"PropertyValueSpecification\",\"valueRequired\":true,\"valueName\":\"search_term_string\"}}],\"inLanguage\":\"de\"},{\"@type\":\"Organization\",\"@id\":\"https:\\\/\\\/www.vallonchene.fr\\\/de\\\/#organization\",\"name\":\"VALLONCHENE\",\"url\":\"https:\\\/\\\/www.vallonchene.fr\\\/de\\\/\",\"logo\":{\"@type\":\"ImageObject\",\"inLanguage\":\"de\",\"@id\":\"https:\\\/\\\/www.vallonchene.fr\\\/de\\\/#\\\/schema\\\/logo\\\/image\\\/\",\"url\":\"https:\\\/\\\/www.vallonchene.fr\\\/wp-content\\\/uploads\\\/2023\\\/03\\\/Logo-Vallonchene-site-et-R_hauteur_100.png\",\"contentUrl\":\"https:\\\/\\\/www.vallonchene.fr\\\/wp-content\\\/uploads\\\/2023\\\/03\\\/Logo-Vallonchene-site-et-R_hauteur_100.png\",\"width\":221,\"height\":100,\"caption\":\"VALLONCHENE\"},\"image\":{\"@id\":\"https:\\\/\\\/www.vallonchene.fr\\\/de\\\/#\\\/schema\\\/logo\\\/image\\\/\"},\"sameAs\":[\"https:\\\/\\\/www.facebook.com\\\/vallonchene.fr\",\"https:\\\/\\\/www.instagram.com\\\/vallonchene\\\/\",\"https:\\\/\\\/www.pinterest.fr\\\/vallonchene\\\/\"],\"taxID\":\"49454502300017\",\"hasMerchantReturnPolicy\":{\"@type\":\"MerchantReturnPolicy\",\"merchantReturnLink\":\"https:\\\/\\\/www.vallonchene.fr\\\/remboursements_retours\\\/\"}}]}<\/script>\n<meta property=\"og:availability\" content=\"instock\" \/>\n<meta property=\"product:availability\" content=\"instock\" \/>\n<meta property=\"product:retailer_item_id\" content=\"97432\" \/>\n<meta property=\"product:condition\" content=\"new\" \/>\n<!-- \/ Yoast SEO Premium plugin. -->","yoast_head_json":{"title":"SEQUOIADENDRON giganteum 'Pendulum' - Riesenmammutbaum","description":"Dieser Riesenmammutbaum ist eine der aussergew\u00f6hnlichsten Formen mit seinen h\u00e4ngenden \u00c4sten. Der\u00a0SEQUOIADENDRON giganteum 'Pendulum' schraubt sich regelrecht in den Himmel. Er ist winterhart und von sehr geringem Umfang.","robots":{"index":"index","follow":"follow","max-snippet":"max-snippet:-1","max-image-preview":"max-image-preview:large","max-video-preview":"max-video-preview:-1"},"canonical":"https:\/\/www.vallonchene.fr\/de\/produkt\/sequoiadendron-giganteum-pendulum\/","og_locale":"de_DE","og_type":"article","og_title":"SEQUOIADENDRON giganteum 'Pendulum' (Trauer-Riesenmammutbaum)","og_description":"Dieser Riesenmammutbaum ist eine der aussergew\u00f6hnlichsten Formen mit seinen h\u00e4ngenden \u00c4sten. Der\u00a0SEQUOIADENDRON giganteum 'Pendulum' schraubt sich regelrecht in den Himmel. Er ist winterhart und von sehr geringem Umfang.","og_url":"https:\/\/www.vallonchene.fr\/de\/produkt\/sequoiadendron-giganteum-pendulum\/","og_site_name":"Vallonch\u00eane","article_publisher":"https:\/\/www.facebook.com\/vallonchene.fr","article_modified_time":"2026-03-05T09:10:05+00:00","og_image":[{"width":1448,"height":1447,"url":"https:\/\/www.vallonchene.fr\/wp-content\/uploads\/2021\/08\/4094-01e-SEQUOIADENDRON-giganteum-Pendulum-a-la-fin-de-lhiver.jpg","type":"image\/jpeg"}],"twitter_card":"summary_large_image","twitter_misc":{"Verf\u00fcgbarkeit":"Vorr\u00e4tig"},"schema":{"@context":"https:\/\/schema.org","@graph":[{"@type":"WebPage","@id":"https:\/\/www.vallonchene.fr\/de\/produkt\/sequoiadendron-giganteum-pendulum\/","url":"https:\/\/www.vallonchene.fr\/de\/produkt\/sequoiadendron-giganteum-pendulum\/","name":"SEQUOIADENDRON giganteum 'Pendulum' - Riesenmammutbaum","isPartOf":{"@id":"https:\/\/www.vallonchene.fr\/de\/#website"},"primaryImageOfPage":{"@id":"https:\/\/www.vallonchene.fr\/de\/produkt\/sequoiadendron-giganteum-pendulum\/#primaryimage"},"image":{"@id":"https:\/\/www.vallonchene.fr\/de\/produkt\/sequoiadendron-giganteum-pendulum\/#primaryimage"},"thumbnailUrl":"https:\/\/www.vallonchene.fr\/wp-content\/uploads\/2021\/08\/4094-01e-SEQUOIADENDRON-giganteum-Pendulum-a-la-fin-de-lhiver.jpg","datePublished":"2021-08-31T11:37:44+00:00","dateModified":"2026-03-05T09:10:05+00:00","description":"Dieser Riesenmammutbaum ist eine der aussergew\u00f6hnlichsten Formen mit seinen h\u00e4ngenden \u00c4sten. Der\u00a0SEQUOIADENDRON giganteum 'Pendulum' schraubt sich regelrecht in den Himmel. Er ist winterhart und von sehr geringem Umfang.","breadcrumb":{"@id":"https:\/\/www.vallonchene.fr\/de\/produkt\/sequoiadendron-giganteum-pendulum\/#breadcrumb"},"inLanguage":"de","potentialAction":[{"@type":"ReadAction","target":["https:\/\/www.vallonchene.fr\/de\/produkt\/sequoiadendron-giganteum-pendulum\/"]}]},{"@type":"ImageObject","inLanguage":"de","@id":"https:\/\/www.vallonchene.fr\/de\/produkt\/sequoiadendron-giganteum-pendulum\/#primaryimage","url":"https:\/\/www.vallonchene.fr\/wp-content\/uploads\/2021\/08\/4094-01e-SEQUOIADENDRON-giganteum-Pendulum-a-la-fin-de-lhiver.jpg","contentUrl":"https:\/\/www.vallonchene.fr\/wp-content\/uploads\/2021\/08\/4094-01e-SEQUOIADENDRON-giganteum-Pendulum-a-la-fin-de-lhiver.jpg","width":1448,"height":1447},{"@type":"BreadcrumbList","@id":"https:\/\/www.vallonchene.fr\/de\/produkt\/sequoiadendron-giganteum-pendulum\/#breadcrumb","itemListElement":[{"@type":"ListItem","position":1,"name":"Home","item":"https:\/\/www.vallonchene.fr\/de\/"},{"@type":"ListItem","position":2,"name":"Shop","item":"https:\/\/www.vallonchene.fr\/de\/shop\/"},{"@type":"ListItem","position":3,"name":"Online-Verkauf","item":"https:\/\/www.vallonchene.fr\/de\/produkt-kategorie\/online-verkauf-de\/"},{"@type":"ListItem","position":4,"name":"Baumschule","item":"https:\/\/www.vallonchene.fr\/de\/produkt-kategorie\/online-verkauf-de\/baumschule-gaertnerei-de\/"},{"@type":"ListItem","position":5,"name":"Koniferen","item":"https:\/\/www.vallonchene.fr\/de\/produkt-kategorie\/online-verkauf-de\/baumschule-gaertnerei-de\/koniferen-de\/"},{"@type":"ListItem","position":6,"name":"SEQUOIADENDRON giganteum &lsquo;Pendulum&rsquo; (Trauer-Riesenmammutbaum)"}]},{"@type":"WebSite","@id":"https:\/\/www.vallonchene.fr\/de\/#website","url":"https:\/\/www.vallonchene.fr\/de\/","name":"Vallonch\u00eane","description":"Die Baumschule, bei der Qualit\u00e4t ihre Wurzeln hat \u2013 Tel.: +49 (0)6838-5399840","publisher":{"@id":"https:\/\/www.vallonchene.fr\/de\/#organization"},"potentialAction":[{"@type":"SearchAction","target":{"@type":"EntryPoint","urlTemplate":"https:\/\/www.vallonchene.fr\/de\/?s={search_term_string}"},"query-input":{"@type":"PropertyValueSpecification","valueRequired":true,"valueName":"search_term_string"}}],"inLanguage":"de"},{"@type":"Organization","@id":"https:\/\/www.vallonchene.fr\/de\/#organization","name":"VALLONCHENE","url":"https:\/\/www.vallonchene.fr\/de\/","logo":{"@type":"ImageObject","inLanguage":"de","@id":"https:\/\/www.vallonchene.fr\/de\/#\/schema\/logo\/image\/","url":"https:\/\/www.vallonchene.fr\/wp-content\/uploads\/2023\/03\/Logo-Vallonchene-site-et-R_hauteur_100.png","contentUrl":"https:\/\/www.vallonchene.fr\/wp-content\/uploads\/2023\/03\/Logo-Vallonchene-site-et-R_hauteur_100.png","width":221,"height":100,"caption":"VALLONCHENE"},"image":{"@id":"https:\/\/www.vallonchene.fr\/de\/#\/schema\/logo\/image\/"},"sameAs":["https:\/\/www.facebook.com\/vallonchene.fr","https:\/\/www.instagram.com\/vallonchene\/","https:\/\/www.pinterest.fr\/vallonchene\/"],"taxID":"49454502300017","hasMerchantReturnPolicy":{"@type":"MerchantReturnPolicy","merchantReturnLink":"https:\/\/www.vallonchene.fr\/remboursements_retours\/"}}]},"og_availability":"instock","product_availability":"instock","product_retailer_item_id":"97432","product_condition":"new"},"_links":{"self":[{"href":"https:\/\/www.vallonchene.fr\/de\/wp-json\/wp\/v2\/product\/7050","targetHints":{"allow":["GET"]}}],"collection":[{"href":"https:\/\/www.vallonchene.fr\/de\/wp-json\/wp\/v2\/product"}],"about":[{"href":"https:\/\/www.vallonchene.fr\/de\/wp-json\/wp\/v2\/types\/product"}],"replies":[{"embeddable":true,"href":"https:\/\/www.vallonchene.fr\/de\/wp-json\/wp\/v2\/comments?post=7050"}],"wp:featuredmedia":[{"embeddable":true,"href":"https:\/\/www.vallonchene.fr\/de\/wp-json\/wp\/v2\/media\/7035"}],"wp:attachment":[{"href":"https:\/\/www.vallonchene.fr\/de\/wp-json\/wp\/v2\/media?parent=7050"}],"wp:term":[{"taxonomy":"product_brand","embeddable":true,"href":"https:\/\/www.vallonchene.fr\/de\/wp-json\/wp\/v2\/product_brand?post=7050"},{"taxonomy":"product_cat","embeddable":true,"href":"https:\/\/www.vallonchene.fr\/de\/wp-json\/wp\/v2\/product_cat?post=7050"},{"taxonomy":"product_tag","embeddable":true,"href":"https:\/\/www.vallonchene.fr\/de\/wp-json\/wp\/v2\/product_tag?post=7050"}],"curies":[{"name":"wp","href":"https:\/\/api.w.org\/{rel}","templated":true}]}}