{"id":5836,"date":"2021-08-31T11:43:39","date_gmt":"2021-08-31T11:43:39","guid":{"rendered":"https:\/\/testing.vallonchene.fr\/produit\/wisteria-brachybotrys-ikoyama-fuji-glyzinie-blauregen\/"},"modified":"2021-08-31T11:43:39","modified_gmt":"2021-08-31T11:43:39","slug":"wisteria-brachybotrys-ikoyama-fuji-glyzinie-blauregen","status":"publish","type":"product","link":"https:\/\/www.vallonchene.fr\/de\/produkt\/wisteria-brachybotrys-ikoyama-fuji-glyzinie-blauregen\/","title":{"rendered":"WISTERIA brachybotrys &#8218;Iko Yama Fuji&#8216; (Glyzinie, Blauregen)"},"content":{"rendered":"","protected":false},"excerpt":{"rendered":"<p>Diese <strong>Glyzinie (Blauregen)<\/strong> bl\u00fcht \u00fcppig im Fr\u00fchling. Die Bl\u00fcten der <strong>WISTERIA brachybotrys &#8218;Ikoyama Fuji&#8216;<\/strong> sind lilafarben und duften herrlich.<\/p>\n","protected":false},"featured_media":5832,"comment_status":"open","ping_status":"closed","template":"","meta":[],"product_brand":[],"product_cat":[261],"product_tag":[],"class_list":{"0":"post-5836","1":"product","2":"type-product","3":"status-publish","4":"has-post-thumbnail","6":"product_cat-kletterpflanzen-de","7":"pa_99-hauteurapproximativeapres1-3_5m-de","8":"pa_couleurdesfleurs-mauve-de","9":"pa_couleurdufeuillage-grun-de","10":"pa_exigencesenhumidite-normal-de","11":"pa_exigencesenhumidite-trocken-de","12":"pa_expositionspossibles-sonnigvon12bis17uhr-de","13":"pa_hauteurlivree-150-bis-175-cm","14":"pa_hauteurlivree-60-bis-80-cm","15":"pa_interetauprintemps-bluten-de","16":"pa_interetauprintemps-parfum-de","17":"pa_interetenautomne-laub-de","18":"pa_interetenete-laub-de","19":"pa_naturedufeuillage-nichtimmergrun-de","20":"pa_naturesdesolpossibles-leicht-de","21":"pa_naturesdesolpossibles-normal-de","22":"pa_naturesdesolpossibles-schwer-de","23":"pa_particularites-duftend-de","24":"pa_periodedefloraison-fruhling-de","25":"pa_periodedetaille-aug-de","26":"pa_periodedetaille-febr-de","27":"pa_phdusolacceptable-kalkigmehrals75-de","28":"pa_phdusolacceptable-neutralzw65u75-de","29":"pa_phdusolacceptable-sauerwenigerals65-de","30":"pa_portgraphisme-kletternd-de","31":"pa_resistanceaufroidrusticite-frostbestandigunter_20c-de","32":"pa_tailledepot-10liter_topf-de","33":"pa_utilisationpossible-kletterpflanze-de","34":"pa_utilisationpossible-kubelodertopf-de","36":"first","37":"outofstock","38":"taxable","39":"shipping-taxable","40":"purchasable","41":"product-type-variable","42":"has-default-attributes"},"supplier_id":null,"supplier_sku":"","barcode":null,"atum_controlled":true,"out_stock_date":null,"out_stock_threshold":null,"inheritable":false,"inbound_stock":0,"stock_on_hold":0,"sold_today":0,"sales_last_days":0,"reserved_stock":0,"customer_returns":0,"warehouse_damage":0,"lost_in_post":0,"other_logs":0,"out_stock_days":null,"lost_sales":0,"has_location":false,"update_date":"2025-08-31T12:57:52","atum_locations":[],"atum_stock_status":"outofstock","restock_status":false,"low_stock_amount":"","sales_update_date":"2025-08-31T12:57:52","calc_backorders":null,"yoast_head":"<!-- This site is optimized with the Yoast SEO Premium plugin v27.4 (Yoast SEO v27.4) - https:\/\/yoast.com\/product\/yoast-seo-premium-wordpress\/ -->\n<title>WISTERIA brachybotrys &#039;Iko Yama Fuji&#039; (Glyzinie, Blauregen)<\/title>\n<meta name=\"description\" content=\"Diese Glyzinie (Blauregen) bl\u00fcht \u00fcppig im Fr\u00fchling. Die Bl\u00fcten der WISTERIA brachybotrys &#039;Ikoyama Fuji&#039; sind lilafarben und duften herrlich.\" \/>\n<meta name=\"robots\" content=\"index, follow, max-snippet:-1, max-image-preview:large, max-video-preview:-1\" \/>\n<link rel=\"canonical\" href=\"https:\/\/www.vallonchene.fr\/de\/produkt\/wisteria-brachybotrys-ikoyama-fuji-glyzinie-blauregen\/\" \/>\n<meta property=\"og:locale\" content=\"de_DE\" \/>\n<meta property=\"og:type\" content=\"article\" \/>\n<meta property=\"og:title\" content=\"WISTERIA brachybotrys &#039;Iko Yama Fuji&#039; (Glyzinie, Blauregen)\" \/>\n<meta property=\"og:description\" content=\"Diese Glyzinie (Blauregen) bl\u00fcht \u00fcppig im Fr\u00fchling. Die Bl\u00fcten der WISTERIA brachybotrys &#039;Ikoyama Fuji&#039; sind lilafarben und duften herrlich.\" \/>\n<meta property=\"og:url\" content=\"https:\/\/www.vallonchene.fr\/de\/produkt\/wisteria-brachybotrys-ikoyama-fuji-glyzinie-blauregen\/\" \/>\n<meta property=\"og:site_name\" content=\"Vallonch\u00eane\" \/>\n<meta property=\"article:publisher\" content=\"https:\/\/www.facebook.com\/vallonchene.fr\" \/>\n<meta property=\"og:image\" content=\"https:\/\/www.vallonchene.fr\/wp-content\/uploads\/2021\/08\/4163-e9a-Feuillage-en-fin-dautomne-de-WISTERIA-brachybotrys-Ikoyama-Fuji.jpg\" \/>\n\t<meta property=\"og:image:width\" content=\"800\" \/>\n\t<meta property=\"og:image:height\" content=\"800\" \/>\n\t<meta property=\"og:image:type\" content=\"image\/jpeg\" \/>\n<meta name=\"twitter:card\" content=\"summary_large_image\" \/>\n<meta name=\"twitter:label1\" content=\"Verf\u00fcgbarkeit\" \/>\n\t<meta name=\"twitter:data1\" content=\"Nicht vorr\u00e4tig\" \/>\n<script type=\"application\/ld+json\" class=\"yoast-schema-graph\">{\"@context\":\"https:\\\/\\\/schema.org\",\"@graph\":[{\"@type\":\"WebPage\",\"@id\":\"https:\\\/\\\/www.vallonchene.fr\\\/de\\\/produkt\\\/wisteria-brachybotrys-ikoyama-fuji-glyzinie-blauregen\\\/\",\"url\":\"https:\\\/\\\/www.vallonchene.fr\\\/de\\\/produkt\\\/wisteria-brachybotrys-ikoyama-fuji-glyzinie-blauregen\\\/\",\"name\":\"WISTERIA brachybotrys 'Iko Yama Fuji' (Glyzinie, Blauregen)\",\"isPartOf\":{\"@id\":\"https:\\\/\\\/www.vallonchene.fr\\\/de\\\/#website\"},\"primaryImageOfPage\":{\"@id\":\"https:\\\/\\\/www.vallonchene.fr\\\/de\\\/produkt\\\/wisteria-brachybotrys-ikoyama-fuji-glyzinie-blauregen\\\/#primaryimage\"},\"image\":{\"@id\":\"https:\\\/\\\/www.vallonchene.fr\\\/de\\\/produkt\\\/wisteria-brachybotrys-ikoyama-fuji-glyzinie-blauregen\\\/#primaryimage\"},\"thumbnailUrl\":\"https:\\\/\\\/www.vallonchene.fr\\\/wp-content\\\/uploads\\\/2021\\\/08\\\/4163-e9a-Feuillage-en-fin-dautomne-de-WISTERIA-brachybotrys-Ikoyama-Fuji.jpg\",\"datePublished\":\"2021-08-31T11:43:39+00:00\",\"description\":\"Diese Glyzinie (Blauregen) bl\u00fcht \u00fcppig im Fr\u00fchling. Die Bl\u00fcten der WISTERIA brachybotrys 'Ikoyama Fuji' sind lilafarben und duften herrlich.\",\"breadcrumb\":{\"@id\":\"https:\\\/\\\/www.vallonchene.fr\\\/de\\\/produkt\\\/wisteria-brachybotrys-ikoyama-fuji-glyzinie-blauregen\\\/#breadcrumb\"},\"inLanguage\":\"de\",\"potentialAction\":[{\"@type\":\"ReadAction\",\"target\":[\"https:\\\/\\\/www.vallonchene.fr\\\/de\\\/produkt\\\/wisteria-brachybotrys-ikoyama-fuji-glyzinie-blauregen\\\/\"]}]},{\"@type\":\"ImageObject\",\"inLanguage\":\"de\",\"@id\":\"https:\\\/\\\/www.vallonchene.fr\\\/de\\\/produkt\\\/wisteria-brachybotrys-ikoyama-fuji-glyzinie-blauregen\\\/#primaryimage\",\"url\":\"https:\\\/\\\/www.vallonchene.fr\\\/wp-content\\\/uploads\\\/2021\\\/08\\\/4163-e9a-Feuillage-en-fin-dautomne-de-WISTERIA-brachybotrys-Ikoyama-Fuji.jpg\",\"contentUrl\":\"https:\\\/\\\/www.vallonchene.fr\\\/wp-content\\\/uploads\\\/2021\\\/08\\\/4163-e9a-Feuillage-en-fin-dautomne-de-WISTERIA-brachybotrys-Ikoyama-Fuji.jpg\",\"width\":800,\"height\":800},{\"@type\":\"BreadcrumbList\",\"@id\":\"https:\\\/\\\/www.vallonchene.fr\\\/de\\\/produkt\\\/wisteria-brachybotrys-ikoyama-fuji-glyzinie-blauregen\\\/#breadcrumb\",\"itemListElement\":[{\"@type\":\"ListItem\",\"position\":1,\"name\":\"Home\",\"item\":\"https:\\\/\\\/www.vallonchene.fr\\\/de\\\/\"},{\"@type\":\"ListItem\",\"position\":2,\"name\":\"Shop\",\"item\":\"https:\\\/\\\/www.vallonchene.fr\\\/de\\\/shop\\\/\"},{\"@type\":\"ListItem\",\"position\":3,\"name\":\"Online-Verkauf\",\"item\":\"https:\\\/\\\/www.vallonchene.fr\\\/de\\\/produkt-kategorie\\\/online-verkauf-de\\\/\"},{\"@type\":\"ListItem\",\"position\":4,\"name\":\"Baumschule\",\"item\":\"https:\\\/\\\/www.vallonchene.fr\\\/de\\\/produkt-kategorie\\\/online-verkauf-de\\\/baumschule-gaertnerei-de\\\/\"},{\"@type\":\"ListItem\",\"position\":5,\"name\":\"Kletterpflanzen\",\"item\":\"https:\\\/\\\/www.vallonchene.fr\\\/de\\\/produkt-kategorie\\\/online-verkauf-de\\\/baumschule-gaertnerei-de\\\/kletterpflanzen-de\\\/\"},{\"@type\":\"ListItem\",\"position\":6,\"name\":\"WISTERIA brachybotrys &#8218;Iko Yama Fuji&#8216; (Glyzinie, Blauregen)\"}]},{\"@type\":\"WebSite\",\"@id\":\"https:\\\/\\\/www.vallonchene.fr\\\/de\\\/#website\",\"url\":\"https:\\\/\\\/www.vallonchene.fr\\\/de\\\/\",\"name\":\"Vallonch\u00eane\",\"description\":\"Die Baumschule, bei der Qualit\u00e4t ihre Wurzeln hat \u2013 Tel.: +49 (0)6838-5399840\",\"publisher\":{\"@id\":\"https:\\\/\\\/www.vallonchene.fr\\\/de\\\/#organization\"},\"potentialAction\":[{\"@type\":\"SearchAction\",\"target\":{\"@type\":\"EntryPoint\",\"urlTemplate\":\"https:\\\/\\\/www.vallonchene.fr\\\/de\\\/?s={search_term_string}\"},\"query-input\":{\"@type\":\"PropertyValueSpecification\",\"valueRequired\":true,\"valueName\":\"search_term_string\"}}],\"inLanguage\":\"de\"},{\"@type\":\"Organization\",\"@id\":\"https:\\\/\\\/www.vallonchene.fr\\\/de\\\/#organization\",\"name\":\"VALLONCHENE\",\"url\":\"https:\\\/\\\/www.vallonchene.fr\\\/de\\\/\",\"logo\":{\"@type\":\"ImageObject\",\"inLanguage\":\"de\",\"@id\":\"https:\\\/\\\/www.vallonchene.fr\\\/de\\\/#\\\/schema\\\/logo\\\/image\\\/\",\"url\":\"https:\\\/\\\/www.vallonchene.fr\\\/wp-content\\\/uploads\\\/2023\\\/03\\\/Logo-Vallonchene-site-et-R_hauteur_100.png\",\"contentUrl\":\"https:\\\/\\\/www.vallonchene.fr\\\/wp-content\\\/uploads\\\/2023\\\/03\\\/Logo-Vallonchene-site-et-R_hauteur_100.png\",\"width\":221,\"height\":100,\"caption\":\"VALLONCHENE\"},\"image\":{\"@id\":\"https:\\\/\\\/www.vallonchene.fr\\\/de\\\/#\\\/schema\\\/logo\\\/image\\\/\"},\"sameAs\":[\"https:\\\/\\\/www.facebook.com\\\/vallonchene.fr\",\"https:\\\/\\\/www.instagram.com\\\/vallonchene\\\/\",\"https:\\\/\\\/www.pinterest.fr\\\/vallonchene\\\/\"],\"taxID\":\"49454502300017\",\"hasMerchantReturnPolicy\":{\"@type\":\"MerchantReturnPolicy\",\"merchantReturnLink\":\"https:\\\/\\\/www.vallonchene.fr\\\/remboursements_retours\\\/\"}}]}<\/script>\n<meta property=\"og:availability\" content=\"out of stock\" \/>\n<meta property=\"product:availability\" content=\"out of stock\" \/>\n<meta property=\"product:retailer_item_id\" content=\"58692\" \/>\n<meta property=\"product:condition\" content=\"new\" \/>\n<!-- \/ Yoast SEO Premium plugin. -->","yoast_head_json":{"title":"WISTERIA brachybotrys 'Iko Yama Fuji' (Glyzinie, Blauregen)","description":"Diese Glyzinie (Blauregen) bl\u00fcht \u00fcppig im Fr\u00fchling. Die Bl\u00fcten der WISTERIA brachybotrys 'Ikoyama Fuji' sind lilafarben und duften herrlich.","robots":{"index":"index","follow":"follow","max-snippet":"max-snippet:-1","max-image-preview":"max-image-preview:large","max-video-preview":"max-video-preview:-1"},"canonical":"https:\/\/www.vallonchene.fr\/de\/produkt\/wisteria-brachybotrys-ikoyama-fuji-glyzinie-blauregen\/","og_locale":"de_DE","og_type":"article","og_title":"WISTERIA brachybotrys 'Iko Yama Fuji' (Glyzinie, Blauregen)","og_description":"Diese Glyzinie (Blauregen) bl\u00fcht \u00fcppig im Fr\u00fchling. Die Bl\u00fcten der WISTERIA brachybotrys 'Ikoyama Fuji' sind lilafarben und duften herrlich.","og_url":"https:\/\/www.vallonchene.fr\/de\/produkt\/wisteria-brachybotrys-ikoyama-fuji-glyzinie-blauregen\/","og_site_name":"Vallonch\u00eane","article_publisher":"https:\/\/www.facebook.com\/vallonchene.fr","og_image":[{"width":800,"height":800,"url":"https:\/\/www.vallonchene.fr\/wp-content\/uploads\/2021\/08\/4163-e9a-Feuillage-en-fin-dautomne-de-WISTERIA-brachybotrys-Ikoyama-Fuji.jpg","type":"image\/jpeg"}],"twitter_card":"summary_large_image","twitter_misc":{"Verf\u00fcgbarkeit":"Nicht vorr\u00e4tig"},"schema":{"@context":"https:\/\/schema.org","@graph":[{"@type":"WebPage","@id":"https:\/\/www.vallonchene.fr\/de\/produkt\/wisteria-brachybotrys-ikoyama-fuji-glyzinie-blauregen\/","url":"https:\/\/www.vallonchene.fr\/de\/produkt\/wisteria-brachybotrys-ikoyama-fuji-glyzinie-blauregen\/","name":"WISTERIA brachybotrys 'Iko Yama Fuji' (Glyzinie, Blauregen)","isPartOf":{"@id":"https:\/\/www.vallonchene.fr\/de\/#website"},"primaryImageOfPage":{"@id":"https:\/\/www.vallonchene.fr\/de\/produkt\/wisteria-brachybotrys-ikoyama-fuji-glyzinie-blauregen\/#primaryimage"},"image":{"@id":"https:\/\/www.vallonchene.fr\/de\/produkt\/wisteria-brachybotrys-ikoyama-fuji-glyzinie-blauregen\/#primaryimage"},"thumbnailUrl":"https:\/\/www.vallonchene.fr\/wp-content\/uploads\/2021\/08\/4163-e9a-Feuillage-en-fin-dautomne-de-WISTERIA-brachybotrys-Ikoyama-Fuji.jpg","datePublished":"2021-08-31T11:43:39+00:00","description":"Diese Glyzinie (Blauregen) bl\u00fcht \u00fcppig im Fr\u00fchling. Die Bl\u00fcten der WISTERIA brachybotrys 'Ikoyama Fuji' sind lilafarben und duften herrlich.","breadcrumb":{"@id":"https:\/\/www.vallonchene.fr\/de\/produkt\/wisteria-brachybotrys-ikoyama-fuji-glyzinie-blauregen\/#breadcrumb"},"inLanguage":"de","potentialAction":[{"@type":"ReadAction","target":["https:\/\/www.vallonchene.fr\/de\/produkt\/wisteria-brachybotrys-ikoyama-fuji-glyzinie-blauregen\/"]}]},{"@type":"ImageObject","inLanguage":"de","@id":"https:\/\/www.vallonchene.fr\/de\/produkt\/wisteria-brachybotrys-ikoyama-fuji-glyzinie-blauregen\/#primaryimage","url":"https:\/\/www.vallonchene.fr\/wp-content\/uploads\/2021\/08\/4163-e9a-Feuillage-en-fin-dautomne-de-WISTERIA-brachybotrys-Ikoyama-Fuji.jpg","contentUrl":"https:\/\/www.vallonchene.fr\/wp-content\/uploads\/2021\/08\/4163-e9a-Feuillage-en-fin-dautomne-de-WISTERIA-brachybotrys-Ikoyama-Fuji.jpg","width":800,"height":800},{"@type":"BreadcrumbList","@id":"https:\/\/www.vallonchene.fr\/de\/produkt\/wisteria-brachybotrys-ikoyama-fuji-glyzinie-blauregen\/#breadcrumb","itemListElement":[{"@type":"ListItem","position":1,"name":"Home","item":"https:\/\/www.vallonchene.fr\/de\/"},{"@type":"ListItem","position":2,"name":"Shop","item":"https:\/\/www.vallonchene.fr\/de\/shop\/"},{"@type":"ListItem","position":3,"name":"Online-Verkauf","item":"https:\/\/www.vallonchene.fr\/de\/produkt-kategorie\/online-verkauf-de\/"},{"@type":"ListItem","position":4,"name":"Baumschule","item":"https:\/\/www.vallonchene.fr\/de\/produkt-kategorie\/online-verkauf-de\/baumschule-gaertnerei-de\/"},{"@type":"ListItem","position":5,"name":"Kletterpflanzen","item":"https:\/\/www.vallonchene.fr\/de\/produkt-kategorie\/online-verkauf-de\/baumschule-gaertnerei-de\/kletterpflanzen-de\/"},{"@type":"ListItem","position":6,"name":"WISTERIA brachybotrys &#8218;Iko Yama Fuji&#8216; (Glyzinie, Blauregen)"}]},{"@type":"WebSite","@id":"https:\/\/www.vallonchene.fr\/de\/#website","url":"https:\/\/www.vallonchene.fr\/de\/","name":"Vallonch\u00eane","description":"Die Baumschule, bei der Qualit\u00e4t ihre Wurzeln hat \u2013 Tel.: +49 (0)6838-5399840","publisher":{"@id":"https:\/\/www.vallonchene.fr\/de\/#organization"},"potentialAction":[{"@type":"SearchAction","target":{"@type":"EntryPoint","urlTemplate":"https:\/\/www.vallonchene.fr\/de\/?s={search_term_string}"},"query-input":{"@type":"PropertyValueSpecification","valueRequired":true,"valueName":"search_term_string"}}],"inLanguage":"de"},{"@type":"Organization","@id":"https:\/\/www.vallonchene.fr\/de\/#organization","name":"VALLONCHENE","url":"https:\/\/www.vallonchene.fr\/de\/","logo":{"@type":"ImageObject","inLanguage":"de","@id":"https:\/\/www.vallonchene.fr\/de\/#\/schema\/logo\/image\/","url":"https:\/\/www.vallonchene.fr\/wp-content\/uploads\/2023\/03\/Logo-Vallonchene-site-et-R_hauteur_100.png","contentUrl":"https:\/\/www.vallonchene.fr\/wp-content\/uploads\/2023\/03\/Logo-Vallonchene-site-et-R_hauteur_100.png","width":221,"height":100,"caption":"VALLONCHENE"},"image":{"@id":"https:\/\/www.vallonchene.fr\/de\/#\/schema\/logo\/image\/"},"sameAs":["https:\/\/www.facebook.com\/vallonchene.fr","https:\/\/www.instagram.com\/vallonchene\/","https:\/\/www.pinterest.fr\/vallonchene\/"],"taxID":"49454502300017","hasMerchantReturnPolicy":{"@type":"MerchantReturnPolicy","merchantReturnLink":"https:\/\/www.vallonchene.fr\/remboursements_retours\/"}}]},"og_availability":"out of stock","product_availability":"out of stock","product_retailer_item_id":"58692","product_condition":"new"},"_links":{"self":[{"href":"https:\/\/www.vallonchene.fr\/de\/wp-json\/wp\/v2\/product\/5836","targetHints":{"allow":["GET"]}}],"collection":[{"href":"https:\/\/www.vallonchene.fr\/de\/wp-json\/wp\/v2\/product"}],"about":[{"href":"https:\/\/www.vallonchene.fr\/de\/wp-json\/wp\/v2\/types\/product"}],"replies":[{"embeddable":true,"href":"https:\/\/www.vallonchene.fr\/de\/wp-json\/wp\/v2\/comments?post=5836"}],"wp:featuredmedia":[{"embeddable":true,"href":"https:\/\/www.vallonchene.fr\/de\/wp-json\/wp\/v2\/media\/5832"}],"wp:attachment":[{"href":"https:\/\/www.vallonchene.fr\/de\/wp-json\/wp\/v2\/media?parent=5836"}],"wp:term":[{"taxonomy":"product_brand","embeddable":true,"href":"https:\/\/www.vallonchene.fr\/de\/wp-json\/wp\/v2\/product_brand?post=5836"},{"taxonomy":"product_cat","embeddable":true,"href":"https:\/\/www.vallonchene.fr\/de\/wp-json\/wp\/v2\/product_cat?post=5836"},{"taxonomy":"product_tag","embeddable":true,"href":"https:\/\/www.vallonchene.fr\/de\/wp-json\/wp\/v2\/product_tag?post=5836"}],"curies":[{"name":"wp","href":"https:\/\/api.w.org\/{rel}","templated":true}]}}