{"id":56594,"date":"2025-12-21T15:51:29","date_gmt":"2025-12-21T14:51:29","guid":{"rendered":"https:\/\/www.vallonchene.fr\/produit\/juniperus-recurva-var-coxii\/"},"modified":"2026-01-28T11:01:12","modified_gmt":"2026-01-28T10:01:12","slug":"juniperus-recurva-var-coxii","status":"publish","type":"product","link":"https:\/\/www.vallonchene.fr\/de\/produkt\/juniperus-recurva-var-coxii\/","title":{"rendered":"JUNIPERUS recurva var. coxii"},"content":{"rendered":"<h2>Die Pflanze<\/h2>\n<p>Die <em>JUNIPERUS recurva var. coxii <\/em>, auch Cox-Wacholder genannt oder <em>JUNIPERUS coxii<\/em>, ist ein seltener, anmutiger Wacholder, der aus dem Himalaya stammt.<\/p>\n<p>Seine herabh\u00e4ngenden Zweige verleihen ihm eine ausgesprochen harmonische und geschmeidige Erscheinung. Es handelt sich um eine deutlich elegantere Form als bei den \u00fcblichen Wacholderarten. Zudem ist das Laub weich im Griff und leicht bl\u00e4ulich gef\u00e4rbt.  <\/p>\n<p>Wie auf unseren Fotos zu erkennen ist, zeigt die Rinde dieses Nadelbaums sehr interessante Merkmale. Sie schuppt sich n\u00e4mlich ab und offenbart dabei eine glatte Oberfl\u00e4che sowie eine kupferfarbene T\u00f6nung. <\/p>\n<p>Schlie\u00dflich handelt es sich um eine Pflanze mit relativ langsamem Wachstum. Daher kann man sie den mittelgro\u00dfen bis sogar eher kleinen B\u00e4umen zuordnen. <\/p>\n<h2>Geschichte und Herkunft<\/h2>\n<p>Die <em>JUNIPERUS recurva var. coxii <\/em>, findet seinen nat\u00fcrlichen Lebensraum im Osten des Himalayas und im S\u00fcdosten Tibets und erstreckt sich bis nach:<\/p>\n<ul>\n<li>Bhutan<\/li>\n<li>den Norden Myanmars<\/li>\n<li>Yunnan<\/li>\n<li>Xizang<\/li>\n<li>Sikkim<\/li>\n<\/ul>\n<p>Er w\u00e4chst dort in gro\u00dfen H\u00f6hen auf felsigen, steilen H\u00e4ngen und tritt h\u00e4ufig in Mischung mit anderen Nadelb\u00e4umen auf.<\/p>\n<p>Dennoch gilt er aufgrund einer \u00fcberm\u00e4\u00dfigen Ausbeutung durch die F\u00e4llung gro\u00dfer und alter Exemplare inzwischen als <strong>nahezu gef\u00e4hrdet<\/strong>.<\/p>\n<p>Man nennt ihn <em>coxii<\/em> zu Ehren von H. F. Cox, einem im 19. und 20. Jahrhundert im Himalaya t\u00e4tigen Sammler.<\/p>\n<p>Au\u00dferdem haben im Laufe der Zeit mehrere Dendrologen und Nadelbaumfachleute festgestellt, dass <em>coxii<\/em> sich insbesondere in den folgenden Punkten von <em>JUNIPERUS recurva<\/em> unterscheidet:<\/p>\n<ul>\n<li>Ein feineres, st\u00e4rker herabh\u00e4ngendes Laub<\/li>\n<li>Eine leicht abweichende Zapfenmorphologie<\/li>\n<\/ul>\n<p>Aus diesem Grund wird er zunehmend als eigenst\u00e4ndige Art unter dem Namen <em>JUNIPERUS coxii<\/em> gef\u00fchrt.<\/p>\n<p>In den Regionen, in denen er endemisch ist, wird sein Holz zur Herstellung von S\u00e4rgen, rituellen Gegenst\u00e4nden und wohlriechenden Holzarbeiten verwendet.<\/p>\n<h2>Pflanzung und Pflege <br \/><\/h2>\n<h3>Die Pflanzung <br \/><\/h3>\n<p>F\u00fcr eine optimale Entwicklung des <em>JUNIPERUS recurva var. coxii <\/em> ber\u00fccksichtigen Sie die folgenden Punkte:<\/p>\n<ol>\n<li>Geben Sie ihm einen Standort in voller Sonne, damit das Laub eine st\u00e4rker bl\u00e4uliche F\u00e4rbung entwickelt.<\/li>\n<li>Sie k\u00f6nnen ihn in einem K\u00fcbel, Topf, Beet oder als Solit\u00e4r pflanzen. Befindet er sich in einem K\u00fcbel oder Topf in voller Sonne, sollten Sie w\u00e4hrend trockener Perioden auf eine regelm\u00e4\u00dfige Bew\u00e4sserung achten. <\/li>\n<li>Er bevorzugt einen m\u00e4\u00dfig feuchten bis trockenen Standort.<\/li>\n<li>Der Boden sollte leicht sein und einen sauren, neutralen oder kalkhaltigen pH\u2011Wert aufweisen.<\/li>\n<li>F\u00fcr eine gute Vorbereitung des Pflanzlochs haben wir <a href=\"https:\/\/www.vallonchene.fr\/comment-planter-et-entretenir-des-vegetaux\/comment-planter-et-entretenir-arbres-arbustes-et-coniferes\/\" target=\"_blank\" rel=\"noreferrer noopener\"><strong>spezielle Anweisungen entwickelt, die hier verf\u00fcgbar<\/strong><\/a> sind.<\/li>\n<\/ol>\n<h3>Die Pflege <br \/><\/h3>\n<p>Dieser wunderbare Nadelbaum ben\u00f6tigt nur wenig Pflege. Dennoch sollten Sie in den ersten beiden Pflanzjahren w\u00e4hrend trockener Perioden f\u00fcr eine regelm\u00e4\u00dfige Bew\u00e4sserung sorgen, um ein gutes Anwachsen zu gew\u00e4hrleisten. <a href=\"https:\/\/www.vallonchene.fr\/comment-bien-arroser-le-jardin-et-economiser-leau\/\"><strong>Lesen Sie au\u00dferdem unsere Tipps zum richtigen Gie\u00dfen und zum Wassersparen hier<\/strong><\/a>.  <\/p>\n<p>Mit zunehmendem Alter kann es sinnvoll sein, ihn von innen auszulichten, indem man die vertrockneten \u00c4ste entfernt. Dadurch kommt seine dekorative Rinde besser zur Geltung und seine besondere Wuchsform wird deutlicher sichtbar. <\/p>\n<p>&nbsp;<\/p>\n<p>&nbsp;<\/p>\n<p>&nbsp;<\/p>\n","protected":false},"excerpt":{"rendered":"<p>Die <strong>JUNIPERUS recurva var. coxii <\/strong>, auch <strong>Cox-Wachholder<\/strong> genannt, ist ein seltener Himalaya-Nadelbaum, der wegen seines eleganten Wuchses und seines Zierwertes in Sammlerg\u00e4rten gesch\u00e4tzt wird.<\/p>\n","protected":false},"featured_media":56592,"comment_status":"open","ping_status":"closed","template":"","meta":[],"product_brand":[],"product_cat":[255,10733],"product_tag":[12892],"class_list":{"0":"post-56594","1":"product","2":"type-product","3":"status-publish","4":"has-post-thumbnail","6":"product_cat-koniferen-de","7":"product_cat-seltene-pflanzen-sammlerpflanzen","8":"product_tag-juniperus","9":"pa_99-hauteurapproximativeapres1-2_3m-de","10":"pa_couleurdelecorce-kupferfarben-de","11":"pa_couleurdufeuillage-grun-de","12":"pa_exigencesenhumidite-normal-de","13":"pa_exigencesenhumidite-trocken-de","14":"pa_expositionspossibles-sonnigvon12bis17uhr-de","15":"pa_hauteurlivree-50-bis-60-cm","16":"pa_interetauprintemps-form-de","17":"pa_interetauprintemps-laub-de","18":"pa_interetauprintemps-rinde-de","19":"pa_interetenautomne-form-de","20":"pa_interetenautomne-laub-de","21":"pa_interetenautomne-rinde-de","22":"pa_interetenete-form-de","23":"pa_interetenete-laub-de","24":"pa_interetenete-rinde-de","25":"pa_interetenhiver-form-de","26":"pa_interetenhiver-laub-de","27":"pa_interetenhiver-rinde-de","28":"pa_naturedufeuillage-immergrun-de","29":"pa_naturesdesolpossibles-leicht-de","30":"pa_naturesdesolpossibles-normal-de","31":"pa_particularites-furbonsaigeeignet-de","32":"pa_periodedetaille-febr-de","33":"pa_periodedetaille-jan-de","34":"pa_phdusolacceptable-kalkigmehrals75-de","35":"pa_phdusolacceptable-neutralzw65u75-de","36":"pa_phdusolacceptable-sauerwenigerals65-de","37":"pa_portgraphisme-oval-de","38":"pa_resistanceaufroidrusticite-frostbestandigbis_20c-de","39":"pa_tailledepot-2liter_topf-de","40":"pa_utilisationpossible-alleinstehend-de","41":"pa_utilisationpossible-beet-de","42":"pa_utilisationpossible-kubelodertopf-de","44":"first","45":"outofstock","46":"taxable","47":"shipping-taxable","48":"purchasable","49":"product-type-variable"},"supplier_id":null,"supplier_sku":"","barcode":null,"atum_controlled":true,"out_stock_date":null,"out_stock_threshold":null,"inheritable":true,"inbound_stock":0,"stock_on_hold":0,"sold_today":0,"sales_last_days":0,"reserved_stock":0,"customer_returns":0,"warehouse_damage":0,"lost_in_post":0,"other_logs":0,"out_stock_days":null,"lost_sales":0,"has_location":false,"update_date":"2026-04-15T12:43:41","atum_locations":[],"atum_stock_status":"instock","restock_status":false,"low_stock_amount":"","sales_update_date":"2026-04-15T12:43:41","calc_backorders":null,"yoast_head":"<!-- This site is optimized with the Yoast SEO Premium plugin v27.4 (Yoast SEO v27.4) - https:\/\/yoast.com\/product\/yoast-seo-premium-wordpress\/ -->\n<title>JUNIPERUS recurva var. coxii (JUNIPERUS coxii) - Wacholder<\/title>\n<meta name=\"description\" content=\"Der JUNIPERUS recurva var. coxii, auch Cox-Wachholder genannt, ist ein seltener Himalaya-Nadelbaum, der wegen seines eleganten Wuchses und seines Zierwertes gesch\u00e4tzt wird.\" \/>\n<meta name=\"robots\" content=\"index, follow, max-snippet:-1, max-image-preview:large, max-video-preview:-1\" \/>\n<link rel=\"canonical\" href=\"https:\/\/www.vallonchene.fr\/de\/produkt\/juniperus-recurva-var-coxii\/\" \/>\n<meta property=\"og:locale\" content=\"de_DE\" \/>\n<meta property=\"og:type\" content=\"article\" \/>\n<meta property=\"og:title\" content=\"JUNIPERUS recurva var. coxii\" \/>\n<meta property=\"og:description\" content=\"Der JUNIPERUS recurva var. coxii, auch Cox-Wachholder genannt, ist ein seltener Himalaya-Nadelbaum, der wegen seines eleganten Wuchses und seines Zierwertes gesch\u00e4tzt wird.\" \/>\n<meta property=\"og:url\" content=\"https:\/\/www.vallonchene.fr\/de\/produkt\/juniperus-recurva-var-coxii\/\" \/>\n<meta property=\"og:site_name\" content=\"Vallonch\u00eane\" \/>\n<meta property=\"article:publisher\" content=\"https:\/\/www.facebook.com\/vallonchene.fr\" \/>\n<meta property=\"article:modified_time\" content=\"2026-01-28T10:01:12+00:00\" \/>\n<meta property=\"og:image\" content=\"https:\/\/www.vallonchene.fr\/wp-content\/uploads\/2025\/12\/IMG_20251007_114816.webp\" \/>\n\t<meta property=\"og:image:width\" content=\"1024\" \/>\n\t<meta property=\"og:image:height\" content=\"1024\" \/>\n\t<meta property=\"og:image:type\" content=\"image\/webp\" \/>\n<meta name=\"twitter:card\" content=\"summary_large_image\" \/>\n<meta name=\"twitter:label1\" content=\"Verf\u00fcgbarkeit\" \/>\n\t<meta name=\"twitter:data1\" content=\"Nicht vorr\u00e4tig\" \/>\n<script type=\"application\/ld+json\" class=\"yoast-schema-graph\">{\"@context\":\"https:\\\/\\\/schema.org\",\"@graph\":[{\"@type\":\"WebPage\",\"@id\":\"https:\\\/\\\/www.vallonchene.fr\\\/de\\\/produkt\\\/juniperus-recurva-var-coxii\\\/\",\"url\":\"https:\\\/\\\/www.vallonchene.fr\\\/de\\\/produkt\\\/juniperus-recurva-var-coxii\\\/\",\"name\":\"JUNIPERUS recurva var. coxii (JUNIPERUS coxii) - Wacholder\",\"isPartOf\":{\"@id\":\"https:\\\/\\\/www.vallonchene.fr\\\/de\\\/#website\"},\"primaryImageOfPage\":{\"@id\":\"https:\\\/\\\/www.vallonchene.fr\\\/de\\\/produkt\\\/juniperus-recurva-var-coxii\\\/#primaryimage\"},\"image\":{\"@id\":\"https:\\\/\\\/www.vallonchene.fr\\\/de\\\/produkt\\\/juniperus-recurva-var-coxii\\\/#primaryimage\"},\"thumbnailUrl\":\"https:\\\/\\\/www.vallonchene.fr\\\/wp-content\\\/uploads\\\/2025\\\/12\\\/IMG_20251007_114816.webp\",\"datePublished\":\"2025-12-21T14:51:29+00:00\",\"dateModified\":\"2026-01-28T10:01:12+00:00\",\"description\":\"Der JUNIPERUS recurva var. coxii, auch Cox-Wachholder genannt, ist ein seltener Himalaya-Nadelbaum, der wegen seines eleganten Wuchses und seines Zierwertes gesch\u00e4tzt wird.\",\"breadcrumb\":{\"@id\":\"https:\\\/\\\/www.vallonchene.fr\\\/de\\\/produkt\\\/juniperus-recurva-var-coxii\\\/#breadcrumb\"},\"inLanguage\":\"de\",\"potentialAction\":[{\"@type\":\"ReadAction\",\"target\":[\"https:\\\/\\\/www.vallonchene.fr\\\/de\\\/produkt\\\/juniperus-recurva-var-coxii\\\/\"]}]},{\"@type\":\"ImageObject\",\"inLanguage\":\"de\",\"@id\":\"https:\\\/\\\/www.vallonchene.fr\\\/de\\\/produkt\\\/juniperus-recurva-var-coxii\\\/#primaryimage\",\"url\":\"https:\\\/\\\/www.vallonchene.fr\\\/wp-content\\\/uploads\\\/2025\\\/12\\\/IMG_20251007_114816.webp\",\"contentUrl\":\"https:\\\/\\\/www.vallonchene.fr\\\/wp-content\\\/uploads\\\/2025\\\/12\\\/IMG_20251007_114816.webp\",\"width\":1024,\"height\":1024,\"caption\":\"Ein sehr alter JUNIPERUS recurva coxii im Sheffield Park, Vereinigtes K\u00f6nig\"},{\"@type\":\"BreadcrumbList\",\"@id\":\"https:\\\/\\\/www.vallonchene.fr\\\/de\\\/produkt\\\/juniperus-recurva-var-coxii\\\/#breadcrumb\",\"itemListElement\":[{\"@type\":\"ListItem\",\"position\":1,\"name\":\"Home\",\"item\":\"https:\\\/\\\/www.vallonchene.fr\\\/de\\\/\"},{\"@type\":\"ListItem\",\"position\":2,\"name\":\"Shop\",\"item\":\"https:\\\/\\\/www.vallonchene.fr\\\/de\\\/shop\\\/\"},{\"@type\":\"ListItem\",\"position\":3,\"name\":\"Online-Verkauf\",\"item\":\"https:\\\/\\\/www.vallonchene.fr\\\/de\\\/produkt-kategorie\\\/online-verkauf-de\\\/\"},{\"@type\":\"ListItem\",\"position\":4,\"name\":\"Baumschule\",\"item\":\"https:\\\/\\\/www.vallonchene.fr\\\/de\\\/produkt-kategorie\\\/online-verkauf-de\\\/baumschule-gaertnerei-de\\\/\"},{\"@type\":\"ListItem\",\"position\":5,\"name\":\"Koniferen\",\"item\":\"https:\\\/\\\/www.vallonchene.fr\\\/de\\\/produkt-kategorie\\\/online-verkauf-de\\\/baumschule-gaertnerei-de\\\/koniferen-de\\\/\"},{\"@type\":\"ListItem\",\"position\":6,\"name\":\"JUNIPERUS recurva var. coxii\"}]},{\"@type\":\"WebSite\",\"@id\":\"https:\\\/\\\/www.vallonchene.fr\\\/de\\\/#website\",\"url\":\"https:\\\/\\\/www.vallonchene.fr\\\/de\\\/\",\"name\":\"Vallonch\u00eane\",\"description\":\"Die Baumschule, bei der Qualit\u00e4t ihre Wurzeln hat \u2013 Tel.: +49 (0)6838-5399840\",\"publisher\":{\"@id\":\"https:\\\/\\\/www.vallonchene.fr\\\/de\\\/#organization\"},\"potentialAction\":[{\"@type\":\"SearchAction\",\"target\":{\"@type\":\"EntryPoint\",\"urlTemplate\":\"https:\\\/\\\/www.vallonchene.fr\\\/de\\\/?s={search_term_string}\"},\"query-input\":{\"@type\":\"PropertyValueSpecification\",\"valueRequired\":true,\"valueName\":\"search_term_string\"}}],\"inLanguage\":\"de\"},{\"@type\":\"Organization\",\"@id\":\"https:\\\/\\\/www.vallonchene.fr\\\/de\\\/#organization\",\"name\":\"VALLONCHENE\",\"url\":\"https:\\\/\\\/www.vallonchene.fr\\\/de\\\/\",\"logo\":{\"@type\":\"ImageObject\",\"inLanguage\":\"de\",\"@id\":\"https:\\\/\\\/www.vallonchene.fr\\\/de\\\/#\\\/schema\\\/logo\\\/image\\\/\",\"url\":\"https:\\\/\\\/www.vallonchene.fr\\\/wp-content\\\/uploads\\\/2023\\\/03\\\/Logo-Vallonchene-site-et-R_hauteur_100.png\",\"contentUrl\":\"https:\\\/\\\/www.vallonchene.fr\\\/wp-content\\\/uploads\\\/2023\\\/03\\\/Logo-Vallonchene-site-et-R_hauteur_100.png\",\"width\":221,\"height\":100,\"caption\":\"VALLONCHENE\"},\"image\":{\"@id\":\"https:\\\/\\\/www.vallonchene.fr\\\/de\\\/#\\\/schema\\\/logo\\\/image\\\/\"},\"sameAs\":[\"https:\\\/\\\/www.facebook.com\\\/vallonchene.fr\",\"https:\\\/\\\/www.instagram.com\\\/vallonchene\\\/\",\"https:\\\/\\\/www.pinterest.fr\\\/vallonchene\\\/\"],\"taxID\":\"49454502300017\",\"hasMerchantReturnPolicy\":{\"@type\":\"MerchantReturnPolicy\",\"merchantReturnLink\":\"https:\\\/\\\/www.vallonchene.fr\\\/remboursements_retours\\\/\"}}]}<\/script>\n<meta property=\"og:availability\" content=\"out of stock\" \/>\n<meta property=\"product:availability\" content=\"out of stock\" \/>\n<meta property=\"product:condition\" content=\"new\" \/>\n<!-- \/ Yoast SEO Premium plugin. -->","yoast_head_json":{"title":"JUNIPERUS recurva var. coxii (JUNIPERUS coxii) - Wacholder","description":"Der JUNIPERUS recurva var. coxii, auch Cox-Wachholder genannt, ist ein seltener Himalaya-Nadelbaum, der wegen seines eleganten Wuchses und seines Zierwertes gesch\u00e4tzt wird.","robots":{"index":"index","follow":"follow","max-snippet":"max-snippet:-1","max-image-preview":"max-image-preview:large","max-video-preview":"max-video-preview:-1"},"canonical":"https:\/\/www.vallonchene.fr\/de\/produkt\/juniperus-recurva-var-coxii\/","og_locale":"de_DE","og_type":"article","og_title":"JUNIPERUS recurva var. coxii","og_description":"Der JUNIPERUS recurva var. coxii, auch Cox-Wachholder genannt, ist ein seltener Himalaya-Nadelbaum, der wegen seines eleganten Wuchses und seines Zierwertes gesch\u00e4tzt wird.","og_url":"https:\/\/www.vallonchene.fr\/de\/produkt\/juniperus-recurva-var-coxii\/","og_site_name":"Vallonch\u00eane","article_publisher":"https:\/\/www.facebook.com\/vallonchene.fr","article_modified_time":"2026-01-28T10:01:12+00:00","og_image":[{"width":1024,"height":1024,"url":"https:\/\/www.vallonchene.fr\/wp-content\/uploads\/2025\/12\/IMG_20251007_114816.webp","type":"image\/webp"}],"twitter_card":"summary_large_image","twitter_misc":{"Verf\u00fcgbarkeit":"Nicht vorr\u00e4tig"},"schema":{"@context":"https:\/\/schema.org","@graph":[{"@type":"WebPage","@id":"https:\/\/www.vallonchene.fr\/de\/produkt\/juniperus-recurva-var-coxii\/","url":"https:\/\/www.vallonchene.fr\/de\/produkt\/juniperus-recurva-var-coxii\/","name":"JUNIPERUS recurva var. coxii (JUNIPERUS coxii) - Wacholder","isPartOf":{"@id":"https:\/\/www.vallonchene.fr\/de\/#website"},"primaryImageOfPage":{"@id":"https:\/\/www.vallonchene.fr\/de\/produkt\/juniperus-recurva-var-coxii\/#primaryimage"},"image":{"@id":"https:\/\/www.vallonchene.fr\/de\/produkt\/juniperus-recurva-var-coxii\/#primaryimage"},"thumbnailUrl":"https:\/\/www.vallonchene.fr\/wp-content\/uploads\/2025\/12\/IMG_20251007_114816.webp","datePublished":"2025-12-21T14:51:29+00:00","dateModified":"2026-01-28T10:01:12+00:00","description":"Der JUNIPERUS recurva var. coxii, auch Cox-Wachholder genannt, ist ein seltener Himalaya-Nadelbaum, der wegen seines eleganten Wuchses und seines Zierwertes gesch\u00e4tzt wird.","breadcrumb":{"@id":"https:\/\/www.vallonchene.fr\/de\/produkt\/juniperus-recurva-var-coxii\/#breadcrumb"},"inLanguage":"de","potentialAction":[{"@type":"ReadAction","target":["https:\/\/www.vallonchene.fr\/de\/produkt\/juniperus-recurva-var-coxii\/"]}]},{"@type":"ImageObject","inLanguage":"de","@id":"https:\/\/www.vallonchene.fr\/de\/produkt\/juniperus-recurva-var-coxii\/#primaryimage","url":"https:\/\/www.vallonchene.fr\/wp-content\/uploads\/2025\/12\/IMG_20251007_114816.webp","contentUrl":"https:\/\/www.vallonchene.fr\/wp-content\/uploads\/2025\/12\/IMG_20251007_114816.webp","width":1024,"height":1024,"caption":"Ein sehr alter JUNIPERUS recurva coxii im Sheffield Park, Vereinigtes K\u00f6nig"},{"@type":"BreadcrumbList","@id":"https:\/\/www.vallonchene.fr\/de\/produkt\/juniperus-recurva-var-coxii\/#breadcrumb","itemListElement":[{"@type":"ListItem","position":1,"name":"Home","item":"https:\/\/www.vallonchene.fr\/de\/"},{"@type":"ListItem","position":2,"name":"Shop","item":"https:\/\/www.vallonchene.fr\/de\/shop\/"},{"@type":"ListItem","position":3,"name":"Online-Verkauf","item":"https:\/\/www.vallonchene.fr\/de\/produkt-kategorie\/online-verkauf-de\/"},{"@type":"ListItem","position":4,"name":"Baumschule","item":"https:\/\/www.vallonchene.fr\/de\/produkt-kategorie\/online-verkauf-de\/baumschule-gaertnerei-de\/"},{"@type":"ListItem","position":5,"name":"Koniferen","item":"https:\/\/www.vallonchene.fr\/de\/produkt-kategorie\/online-verkauf-de\/baumschule-gaertnerei-de\/koniferen-de\/"},{"@type":"ListItem","position":6,"name":"JUNIPERUS recurva var. coxii"}]},{"@type":"WebSite","@id":"https:\/\/www.vallonchene.fr\/de\/#website","url":"https:\/\/www.vallonchene.fr\/de\/","name":"Vallonch\u00eane","description":"Die Baumschule, bei der Qualit\u00e4t ihre Wurzeln hat \u2013 Tel.: +49 (0)6838-5399840","publisher":{"@id":"https:\/\/www.vallonchene.fr\/de\/#organization"},"potentialAction":[{"@type":"SearchAction","target":{"@type":"EntryPoint","urlTemplate":"https:\/\/www.vallonchene.fr\/de\/?s={search_term_string}"},"query-input":{"@type":"PropertyValueSpecification","valueRequired":true,"valueName":"search_term_string"}}],"inLanguage":"de"},{"@type":"Organization","@id":"https:\/\/www.vallonchene.fr\/de\/#organization","name":"VALLONCHENE","url":"https:\/\/www.vallonchene.fr\/de\/","logo":{"@type":"ImageObject","inLanguage":"de","@id":"https:\/\/www.vallonchene.fr\/de\/#\/schema\/logo\/image\/","url":"https:\/\/www.vallonchene.fr\/wp-content\/uploads\/2023\/03\/Logo-Vallonchene-site-et-R_hauteur_100.png","contentUrl":"https:\/\/www.vallonchene.fr\/wp-content\/uploads\/2023\/03\/Logo-Vallonchene-site-et-R_hauteur_100.png","width":221,"height":100,"caption":"VALLONCHENE"},"image":{"@id":"https:\/\/www.vallonchene.fr\/de\/#\/schema\/logo\/image\/"},"sameAs":["https:\/\/www.facebook.com\/vallonchene.fr","https:\/\/www.instagram.com\/vallonchene\/","https:\/\/www.pinterest.fr\/vallonchene\/"],"taxID":"49454502300017","hasMerchantReturnPolicy":{"@type":"MerchantReturnPolicy","merchantReturnLink":"https:\/\/www.vallonchene.fr\/remboursements_retours\/"}}]},"og_availability":"out of stock","product_availability":"out of stock","product_condition":"new"},"_links":{"self":[{"href":"https:\/\/www.vallonchene.fr\/de\/wp-json\/wp\/v2\/product\/56594","targetHints":{"allow":["GET"]}}],"collection":[{"href":"https:\/\/www.vallonchene.fr\/de\/wp-json\/wp\/v2\/product"}],"about":[{"href":"https:\/\/www.vallonchene.fr\/de\/wp-json\/wp\/v2\/types\/product"}],"replies":[{"embeddable":true,"href":"https:\/\/www.vallonchene.fr\/de\/wp-json\/wp\/v2\/comments?post=56594"}],"wp:featuredmedia":[{"embeddable":true,"href":"https:\/\/www.vallonchene.fr\/de\/wp-json\/wp\/v2\/media\/56592"}],"wp:attachment":[{"href":"https:\/\/www.vallonchene.fr\/de\/wp-json\/wp\/v2\/media?parent=56594"}],"wp:term":[{"taxonomy":"product_brand","embeddable":true,"href":"https:\/\/www.vallonchene.fr\/de\/wp-json\/wp\/v2\/product_brand?post=56594"},{"taxonomy":"product_cat","embeddable":true,"href":"https:\/\/www.vallonchene.fr\/de\/wp-json\/wp\/v2\/product_cat?post=56594"},{"taxonomy":"product_tag","embeddable":true,"href":"https:\/\/www.vallonchene.fr\/de\/wp-json\/wp\/v2\/product_tag?post=56594"}],"curies":[{"name":"wp","href":"https:\/\/api.w.org\/{rel}","templated":true}]}}