{"id":56559,"date":"2025-12-19T15:27:40","date_gmt":"2025-12-19T14:27:40","guid":{"rendered":"https:\/\/www.vallonchene.fr\/produit\/magnolia-officinalis\/"},"modified":"2026-02-18T14:34:44","modified_gmt":"2026-02-18T13:34:44","slug":"magnolia-officinalis","status":"publish","type":"product","link":"https:\/\/www.vallonchene.fr\/de\/produkt\/magnolia-officinalis\/","title":{"rendered":"MAGNOLIA officinalis"},"content":{"rendered":"<h2>Die Pflanze<\/h2>\n<p>Die MAGNOLIA officinalis, gemeinhin als Houpu-Magnolie bekannt, ist ein laubabwerfender Baum. Er entwickelt riesige Bl\u00e4tter, die bis zu 50 cm lang werden k\u00f6nnen.<\/p>\n<p>Dar\u00fcber hinaus beeintr\u00e4chtigt sein spektakul\u00e4res Laub nicht das Interesse an seinen Bl\u00fcten. Wie alle Magnolien bedeckt sie sich mit gro\u00dfen, wei\u00dfen und duftenden Bl\u00fcten. Die Bl\u00fctezeit findet im sp\u00e4ten Fr\u00fchjahr, fr\u00fchen Sommer statt. Dies macht sie weniger anf\u00e4llig f\u00fcr Sp\u00e4tfr\u00f6ste als andere laubabwerfende Magnolien.<\/p>\n<p>Als Kr\u00f6nung ist die Rinde dieser au\u00dfergew\u00f6hnlichen Pflanze bemerkenswert. Sie bl\u00e4ttert ab (siehe Foto) und verleiht ihr im Winter ein einzigartiges Aussehen.<\/p>\n<p>Allerdings wird diese au\u00dfergew\u00f6hnliche Magnolie zu den gef\u00e4hrdeten Arten gez\u00e4hlt. Dies h\u00e4ngt mit der Verkleinerung ihres Lebensraums und der Ausbeutung zu medizinischen Zwecken zusammen.<\/p>\n<p>Um alle unsere derzeit zum Verkauf stehenden Magnolien zu sehen, <strong><a href=\"https:\/\/www.vallonchene.fr\/de\/?s=magnolia&amp;post_type=product&amp;lang=de&amp;filter_stock_status=instock\">klicken Sie bitte hier<\/a><\/strong>.<\/p>\n<h2>Geschichte und Herkunft<\/h2>\n<p>Die MAGNOLIA officinalis ist in den chinesischen Bergen endemisch. Sie w\u00e4chst dort in H\u00f6henlagen von 300 bis 1500 m.<\/p>\n<p>Dar\u00fcber hinaus ist diese Art eine der S\u00e4ulen der traditionellen chinesischen Medizin, wo ihre Rinde Houpu genannt wird. Sie ist chemisch reich an:<\/p>\n<ul>\n<li>Magnolol (bis zu 16 %)<\/li>\n<li>Honokiol (bis zu 9 %)<\/li>\n<li>Magnocurarin<\/li>\n<li>verschiedenen \u00e4therischen \u00d6len<\/li>\n<\/ul>\n<p>Diese Substanzen werden umfassend auf ihre angstl\u00f6senden, entz\u00fcndungshemmenden, antimikrobiellen und neuroprotektiven Eigenschaften untersucht.<\/p>\n<p>Schlie\u00dflich k\u00f6nnen wir sagen, dass es sich um eine Art handelt, die Botanik, Kultur und medizinische Forschung verbindet.<\/p>\n<h2>Wie pflanzt und pflegt man den MAGNOLIA officinalis?<\/h2>\n<h3>Die Pflanzung<\/h3>\n<p>Um diesem pr\u00e4chtigen Baum eine gute Etablierung in Ihrem Garten zu erm\u00f6glichen, beachten Sie Folgendes:<\/p>\n<ol>\n<li>Suchen Sie einen sonnigen Standort. Dies ist besonders wichtig, um seine Bl\u00fcte zu f\u00f6rdern.<\/li>\n<li>Dieser Baum wird aufgrund seiner Gr\u00f6\u00dfe eher als Solit\u00e4r oder am Rande eines Waldrandes gepflanzt.<\/li>\n<li>Bevorzugen Sie einen gut durchl\u00e4ssigen Standort, der mittelm\u00e4\u00dfig feucht bis trocken ist.<\/li>\n<li>Der Boden sollte leicht oder normal mit einem sauren oder neutralen pH-Wert sein.<\/li>\n<li>F\u00fcr eine gute Vorbereitung des Pflanzlochs haben wir\u00a0<a href=\"https:\/\/www.vallonchene.fr\/comment-planter-et-entretenir-des-vegetaux\/comment-planter-et-entretenir-arbres-arbustes-et-coniferes\/\" target=\"_blank\" rel=\"noreferrer noopener\"><strong>spezifische Anweisungen hier verf\u00fcgbar<\/strong><\/a>.<\/li>\n<\/ol>\n<h3>Die Pflege<\/h3>\n<p>Wie bei allen k\u00fcrzlich gepflanzten Pflanzen sorgen Sie f\u00fcr eine regelm\u00e4\u00dfige Bew\u00e4sserung in den ersten beiden Jahren und besonders w\u00e4hrend trockener Perioden. Lesen Sie auch <a href=\"https:\/\/www.vallonchene.fr\/comment-bien-arroser-le-jardin-et-economiser-leau\/\"><strong>unsere Tipps, wie Sie richtig gie\u00dfen und Wasser sparen k\u00f6nnen, hier<\/strong><\/a>.<\/p>\n<p>Beschneiden Sie diese Magnolie gegebenenfalls nach der Bl\u00fcte und tragen Sie eine Wundversiegelung auf, um die Heilung zu beschleunigen. F\u00fchren Sie dies nur durch, wenn die Schnittwunden gut getrocknet sind.<\/p>\n","protected":false},"excerpt":{"rendered":"<p><strong>MAGNOLIA officinalis<\/strong>, oder <strong>Houpu-Magnolie<\/strong>, ist eine asiatische Art, die f\u00fcr ihre Rinde und Bl\u00e4tter bekannt ist, die bis zu 50 cm lang werden k\u00f6nnen. Sie entwickelt gro\u00dfe wei\u00dfe Bl\u00fcten im Juni.<\/p>\n","protected":false},"featured_media":56557,"comment_status":"open","ping_status":"closed","template":"","meta":[],"product_brand":[],"product_cat":[10733,252],"product_tag":[11405],"class_list":{"0":"post-56559","1":"product","2":"type-product","3":"status-publish","4":"has-post-thumbnail","6":"product_cat-seltene-pflanzen-sammlerpflanzen","7":"product_cat-straucher-und-baume-de","8":"product_tag-magnolia-de","9":"pa_99-hauteurapproximativeapres1-3_5m-de","10":"pa_couleurautomnaledufeuillage-gelb-de","11":"pa_couleurdesfleurs-weiss-de","12":"pa_exigencesenhumidite-normal-de","13":"pa_exigencesenhumidite-trocken-de","14":"pa_expositionspossibles-sonnigvon12bis17uhr-de","15":"pa_hauteurlivree-80-bis-100-cm","16":"pa_interetauprintemps-bluten-de","17":"pa_interetauprintemps-laub-de","18":"pa_interetenautomne-laub-de","19":"pa_interetenete-bluten-de","20":"pa_interetenete-laub-de","21":"pa_interetenhiver-rinde-de","22":"pa_naturedufeuillage-nichtimmergrun-de","23":"pa_naturesdesolpossibles-leicht-de","24":"pa_naturesdesolpossibles-normal-de","25":"pa_particularites-besondersschonerinde-de","26":"pa_periodedefloraison-fruhling-de","27":"pa_periodedefloraison-sommer-de","28":"pa_phdusolacceptable-neutralzw65u75-de","29":"pa_phdusolacceptable-sauerwenigerals65-de","30":"pa_portgraphisme-rund-de","31":"pa_resistanceaufroidrusticite-frostbestandigbis_20c-de","32":"pa_tailledepot-2liter_topf-de","33":"pa_utilisationpossible-alleinstehend-de","34":"pa_utilisationpossible-beet-de","36":"first","37":"instock","38":"taxable","39":"shipping-taxable","40":"purchasable","41":"product-type-variable"},"supplier_id":null,"supplier_sku":"","barcode":null,"atum_controlled":true,"out_stock_date":null,"out_stock_threshold":null,"inheritable":true,"inbound_stock":0,"stock_on_hold":0,"sold_today":0,"sales_last_days":0,"reserved_stock":0,"customer_returns":0,"warehouse_damage":0,"lost_in_post":0,"other_logs":0,"out_stock_days":null,"lost_sales":0,"has_location":false,"update_date":"2026-04-24T14:39:02","atum_locations":[],"atum_stock_status":"instock","restock_status":false,"low_stock_amount":"","sales_update_date":"2026-04-24T14:39:02","calc_backorders":null,"yoast_head":"<!-- This site is optimized with the Yoast SEO Premium plugin v27.4 (Yoast SEO v27.4) - https:\/\/yoast.com\/product\/yoast-seo-premium-wordpress\/ -->\n<title>MAGNOLIA officinalis - Houpu-Magnolie<\/title>\n<meta name=\"description\" content=\"MAGNOLIA officinalis, oder Houpu-Magnolie, ist eine asiatische Art, die f\u00fcr ihre Rinde und Bl\u00e4tter bekannt ist, welche eine L\u00e4nge von bis zu 50 cm erreichen k\u00f6nnen.\" \/>\n<meta name=\"robots\" content=\"index, follow, max-snippet:-1, max-image-preview:large, max-video-preview:-1\" \/>\n<link rel=\"canonical\" href=\"https:\/\/www.vallonchene.fr\/de\/produkt\/magnolia-officinalis\/\" \/>\n<meta property=\"og:locale\" content=\"de_DE\" \/>\n<meta property=\"og:type\" content=\"article\" \/>\n<meta property=\"og:title\" content=\"MAGNOLIA officinalis\" \/>\n<meta property=\"og:description\" content=\"MAGNOLIA officinalis, oder Houpu-Magnolie, ist eine asiatische Art, die f\u00fcr ihre Rinde und Bl\u00e4tter bekannt ist, welche eine L\u00e4nge von bis zu 50 cm erreichen k\u00f6nnen.\" \/>\n<meta property=\"og:url\" content=\"https:\/\/www.vallonchene.fr\/de\/produkt\/magnolia-officinalis\/\" \/>\n<meta property=\"og:site_name\" content=\"Vallonch\u00eane\" \/>\n<meta property=\"article:publisher\" content=\"https:\/\/www.facebook.com\/vallonchene.fr\" \/>\n<meta property=\"article:modified_time\" content=\"2026-02-18T13:34:44+00:00\" \/>\n<meta property=\"og:image\" content=\"https:\/\/www.vallonchene.fr\/wp-content\/uploads\/2025\/12\/IMG_20251006_114134.webp\" \/>\n\t<meta property=\"og:image:width\" content=\"1024\" \/>\n\t<meta property=\"og:image:height\" content=\"1024\" \/>\n\t<meta property=\"og:image:type\" content=\"image\/webp\" \/>\n<meta name=\"twitter:card\" content=\"summary_large_image\" \/>\n<meta name=\"twitter:label1\" content=\"Verf\u00fcgbarkeit\" \/>\n\t<meta name=\"twitter:data1\" content=\"Vorr\u00e4tig\" \/>\n<script type=\"application\/ld+json\" class=\"yoast-schema-graph\">{\"@context\":\"https:\\\/\\\/schema.org\",\"@graph\":[{\"@type\":\"WebPage\",\"@id\":\"https:\\\/\\\/www.vallonchene.fr\\\/de\\\/produkt\\\/magnolia-officinalis\\\/\",\"url\":\"https:\\\/\\\/www.vallonchene.fr\\\/de\\\/produkt\\\/magnolia-officinalis\\\/\",\"name\":\"MAGNOLIA officinalis - Houpu-Magnolie\",\"isPartOf\":{\"@id\":\"https:\\\/\\\/www.vallonchene.fr\\\/de\\\/#website\"},\"primaryImageOfPage\":{\"@id\":\"https:\\\/\\\/www.vallonchene.fr\\\/de\\\/produkt\\\/magnolia-officinalis\\\/#primaryimage\"},\"image\":{\"@id\":\"https:\\\/\\\/www.vallonchene.fr\\\/de\\\/produkt\\\/magnolia-officinalis\\\/#primaryimage\"},\"thumbnailUrl\":\"https:\\\/\\\/www.vallonchene.fr\\\/wp-content\\\/uploads\\\/2025\\\/12\\\/IMG_20251006_114134.webp\",\"datePublished\":\"2025-12-19T14:27:40+00:00\",\"dateModified\":\"2026-02-18T13:34:44+00:00\",\"description\":\"MAGNOLIA officinalis, oder Houpu-Magnolie, ist eine asiatische Art, die f\u00fcr ihre Rinde und Bl\u00e4tter bekannt ist, welche eine L\u00e4nge von bis zu 50 cm erreichen k\u00f6nnen.\",\"breadcrumb\":{\"@id\":\"https:\\\/\\\/www.vallonchene.fr\\\/de\\\/produkt\\\/magnolia-officinalis\\\/#breadcrumb\"},\"inLanguage\":\"de\",\"potentialAction\":[{\"@type\":\"ReadAction\",\"target\":[\"https:\\\/\\\/www.vallonchene.fr\\\/de\\\/produkt\\\/magnolia-officinalis\\\/\"]}]},{\"@type\":\"ImageObject\",\"inLanguage\":\"de\",\"@id\":\"https:\\\/\\\/www.vallonchene.fr\\\/de\\\/produkt\\\/magnolia-officinalis\\\/#primaryimage\",\"url\":\"https:\\\/\\\/www.vallonchene.fr\\\/wp-content\\\/uploads\\\/2025\\\/12\\\/IMG_20251006_114134.webp\",\"contentUrl\":\"https:\\\/\\\/www.vallonchene.fr\\\/wp-content\\\/uploads\\\/2025\\\/12\\\/IMG_20251006_114134.webp\",\"width\":1024,\"height\":1024,\"caption\":\"La Laubf\u00e4rbung des MAGNOLIA officinalis beginnt im Begdebury National Pinetum.\"},{\"@type\":\"BreadcrumbList\",\"@id\":\"https:\\\/\\\/www.vallonchene.fr\\\/de\\\/produkt\\\/magnolia-officinalis\\\/#breadcrumb\",\"itemListElement\":[{\"@type\":\"ListItem\",\"position\":1,\"name\":\"Home\",\"item\":\"https:\\\/\\\/www.vallonchene.fr\\\/de\\\/\"},{\"@type\":\"ListItem\",\"position\":2,\"name\":\"Shop\",\"item\":\"https:\\\/\\\/www.vallonchene.fr\\\/de\\\/shop\\\/\"},{\"@type\":\"ListItem\",\"position\":3,\"name\":\"Online-Verkauf\",\"item\":\"https:\\\/\\\/www.vallonchene.fr\\\/de\\\/produkt-kategorie\\\/online-verkauf-de\\\/\"},{\"@type\":\"ListItem\",\"position\":4,\"name\":\"Baumschule\",\"item\":\"https:\\\/\\\/www.vallonchene.fr\\\/de\\\/produkt-kategorie\\\/online-verkauf-de\\\/baumschule-gaertnerei-de\\\/\"},{\"@type\":\"ListItem\",\"position\":5,\"name\":\"Str\u00e4ucher und B\u00e4ume\",\"item\":\"https:\\\/\\\/www.vallonchene.fr\\\/de\\\/produkt-kategorie\\\/online-verkauf-de\\\/baumschule-gaertnerei-de\\\/straucher-und-baume-de\\\/\"},{\"@type\":\"ListItem\",\"position\":6,\"name\":\"MAGNOLIA officinalis\"}]},{\"@type\":\"WebSite\",\"@id\":\"https:\\\/\\\/www.vallonchene.fr\\\/de\\\/#website\",\"url\":\"https:\\\/\\\/www.vallonchene.fr\\\/de\\\/\",\"name\":\"Vallonch\u00eane\",\"description\":\"Die Baumschule, bei der Qualit\u00e4t ihre Wurzeln hat \u2013 Tel.: +49 (0)6838-5399840\",\"publisher\":{\"@id\":\"https:\\\/\\\/www.vallonchene.fr\\\/de\\\/#organization\"},\"potentialAction\":[{\"@type\":\"SearchAction\",\"target\":{\"@type\":\"EntryPoint\",\"urlTemplate\":\"https:\\\/\\\/www.vallonchene.fr\\\/de\\\/?s={search_term_string}\"},\"query-input\":{\"@type\":\"PropertyValueSpecification\",\"valueRequired\":true,\"valueName\":\"search_term_string\"}}],\"inLanguage\":\"de\"},{\"@type\":\"Organization\",\"@id\":\"https:\\\/\\\/www.vallonchene.fr\\\/de\\\/#organization\",\"name\":\"VALLONCHENE\",\"url\":\"https:\\\/\\\/www.vallonchene.fr\\\/de\\\/\",\"logo\":{\"@type\":\"ImageObject\",\"inLanguage\":\"de\",\"@id\":\"https:\\\/\\\/www.vallonchene.fr\\\/de\\\/#\\\/schema\\\/logo\\\/image\\\/\",\"url\":\"https:\\\/\\\/www.vallonchene.fr\\\/wp-content\\\/uploads\\\/2023\\\/03\\\/Logo-Vallonchene-site-et-R_hauteur_100.png\",\"contentUrl\":\"https:\\\/\\\/www.vallonchene.fr\\\/wp-content\\\/uploads\\\/2023\\\/03\\\/Logo-Vallonchene-site-et-R_hauteur_100.png\",\"width\":221,\"height\":100,\"caption\":\"VALLONCHENE\"},\"image\":{\"@id\":\"https:\\\/\\\/www.vallonchene.fr\\\/de\\\/#\\\/schema\\\/logo\\\/image\\\/\"},\"sameAs\":[\"https:\\\/\\\/www.facebook.com\\\/vallonchene.fr\",\"https:\\\/\\\/www.instagram.com\\\/vallonchene\\\/\",\"https:\\\/\\\/www.pinterest.fr\\\/vallonchene\\\/\"],\"taxID\":\"49454502300017\",\"hasMerchantReturnPolicy\":{\"@type\":\"MerchantReturnPolicy\",\"merchantReturnLink\":\"https:\\\/\\\/www.vallonchene.fr\\\/remboursements_retours\\\/\"}}]}<\/script>\n<meta property=\"og:availability\" content=\"instock\" \/>\n<meta property=\"product:availability\" content=\"instock\" \/>\n<meta property=\"product:condition\" content=\"new\" \/>\n<!-- \/ Yoast SEO Premium plugin. -->","yoast_head_json":{"title":"MAGNOLIA officinalis - Houpu-Magnolie","description":"MAGNOLIA officinalis, oder Houpu-Magnolie, ist eine asiatische Art, die f\u00fcr ihre Rinde und Bl\u00e4tter bekannt ist, welche eine L\u00e4nge von bis zu 50 cm erreichen k\u00f6nnen.","robots":{"index":"index","follow":"follow","max-snippet":"max-snippet:-1","max-image-preview":"max-image-preview:large","max-video-preview":"max-video-preview:-1"},"canonical":"https:\/\/www.vallonchene.fr\/de\/produkt\/magnolia-officinalis\/","og_locale":"de_DE","og_type":"article","og_title":"MAGNOLIA officinalis","og_description":"MAGNOLIA officinalis, oder Houpu-Magnolie, ist eine asiatische Art, die f\u00fcr ihre Rinde und Bl\u00e4tter bekannt ist, welche eine L\u00e4nge von bis zu 50 cm erreichen k\u00f6nnen.","og_url":"https:\/\/www.vallonchene.fr\/de\/produkt\/magnolia-officinalis\/","og_site_name":"Vallonch\u00eane","article_publisher":"https:\/\/www.facebook.com\/vallonchene.fr","article_modified_time":"2026-02-18T13:34:44+00:00","og_image":[{"width":1024,"height":1024,"url":"https:\/\/www.vallonchene.fr\/wp-content\/uploads\/2025\/12\/IMG_20251006_114134.webp","type":"image\/webp"}],"twitter_card":"summary_large_image","twitter_misc":{"Verf\u00fcgbarkeit":"Vorr\u00e4tig"},"schema":{"@context":"https:\/\/schema.org","@graph":[{"@type":"WebPage","@id":"https:\/\/www.vallonchene.fr\/de\/produkt\/magnolia-officinalis\/","url":"https:\/\/www.vallonchene.fr\/de\/produkt\/magnolia-officinalis\/","name":"MAGNOLIA officinalis - Houpu-Magnolie","isPartOf":{"@id":"https:\/\/www.vallonchene.fr\/de\/#website"},"primaryImageOfPage":{"@id":"https:\/\/www.vallonchene.fr\/de\/produkt\/magnolia-officinalis\/#primaryimage"},"image":{"@id":"https:\/\/www.vallonchene.fr\/de\/produkt\/magnolia-officinalis\/#primaryimage"},"thumbnailUrl":"https:\/\/www.vallonchene.fr\/wp-content\/uploads\/2025\/12\/IMG_20251006_114134.webp","datePublished":"2025-12-19T14:27:40+00:00","dateModified":"2026-02-18T13:34:44+00:00","description":"MAGNOLIA officinalis, oder Houpu-Magnolie, ist eine asiatische Art, die f\u00fcr ihre Rinde und Bl\u00e4tter bekannt ist, welche eine L\u00e4nge von bis zu 50 cm erreichen k\u00f6nnen.","breadcrumb":{"@id":"https:\/\/www.vallonchene.fr\/de\/produkt\/magnolia-officinalis\/#breadcrumb"},"inLanguage":"de","potentialAction":[{"@type":"ReadAction","target":["https:\/\/www.vallonchene.fr\/de\/produkt\/magnolia-officinalis\/"]}]},{"@type":"ImageObject","inLanguage":"de","@id":"https:\/\/www.vallonchene.fr\/de\/produkt\/magnolia-officinalis\/#primaryimage","url":"https:\/\/www.vallonchene.fr\/wp-content\/uploads\/2025\/12\/IMG_20251006_114134.webp","contentUrl":"https:\/\/www.vallonchene.fr\/wp-content\/uploads\/2025\/12\/IMG_20251006_114134.webp","width":1024,"height":1024,"caption":"La Laubf\u00e4rbung des MAGNOLIA officinalis beginnt im Begdebury National Pinetum."},{"@type":"BreadcrumbList","@id":"https:\/\/www.vallonchene.fr\/de\/produkt\/magnolia-officinalis\/#breadcrumb","itemListElement":[{"@type":"ListItem","position":1,"name":"Home","item":"https:\/\/www.vallonchene.fr\/de\/"},{"@type":"ListItem","position":2,"name":"Shop","item":"https:\/\/www.vallonchene.fr\/de\/shop\/"},{"@type":"ListItem","position":3,"name":"Online-Verkauf","item":"https:\/\/www.vallonchene.fr\/de\/produkt-kategorie\/online-verkauf-de\/"},{"@type":"ListItem","position":4,"name":"Baumschule","item":"https:\/\/www.vallonchene.fr\/de\/produkt-kategorie\/online-verkauf-de\/baumschule-gaertnerei-de\/"},{"@type":"ListItem","position":5,"name":"Str\u00e4ucher und B\u00e4ume","item":"https:\/\/www.vallonchene.fr\/de\/produkt-kategorie\/online-verkauf-de\/baumschule-gaertnerei-de\/straucher-und-baume-de\/"},{"@type":"ListItem","position":6,"name":"MAGNOLIA officinalis"}]},{"@type":"WebSite","@id":"https:\/\/www.vallonchene.fr\/de\/#website","url":"https:\/\/www.vallonchene.fr\/de\/","name":"Vallonch\u00eane","description":"Die Baumschule, bei der Qualit\u00e4t ihre Wurzeln hat \u2013 Tel.: +49 (0)6838-5399840","publisher":{"@id":"https:\/\/www.vallonchene.fr\/de\/#organization"},"potentialAction":[{"@type":"SearchAction","target":{"@type":"EntryPoint","urlTemplate":"https:\/\/www.vallonchene.fr\/de\/?s={search_term_string}"},"query-input":{"@type":"PropertyValueSpecification","valueRequired":true,"valueName":"search_term_string"}}],"inLanguage":"de"},{"@type":"Organization","@id":"https:\/\/www.vallonchene.fr\/de\/#organization","name":"VALLONCHENE","url":"https:\/\/www.vallonchene.fr\/de\/","logo":{"@type":"ImageObject","inLanguage":"de","@id":"https:\/\/www.vallonchene.fr\/de\/#\/schema\/logo\/image\/","url":"https:\/\/www.vallonchene.fr\/wp-content\/uploads\/2023\/03\/Logo-Vallonchene-site-et-R_hauteur_100.png","contentUrl":"https:\/\/www.vallonchene.fr\/wp-content\/uploads\/2023\/03\/Logo-Vallonchene-site-et-R_hauteur_100.png","width":221,"height":100,"caption":"VALLONCHENE"},"image":{"@id":"https:\/\/www.vallonchene.fr\/de\/#\/schema\/logo\/image\/"},"sameAs":["https:\/\/www.facebook.com\/vallonchene.fr","https:\/\/www.instagram.com\/vallonchene\/","https:\/\/www.pinterest.fr\/vallonchene\/"],"taxID":"49454502300017","hasMerchantReturnPolicy":{"@type":"MerchantReturnPolicy","merchantReturnLink":"https:\/\/www.vallonchene.fr\/remboursements_retours\/"}}]},"og_availability":"instock","product_availability":"instock","product_condition":"new"},"_links":{"self":[{"href":"https:\/\/www.vallonchene.fr\/de\/wp-json\/wp\/v2\/product\/56559","targetHints":{"allow":["GET"]}}],"collection":[{"href":"https:\/\/www.vallonchene.fr\/de\/wp-json\/wp\/v2\/product"}],"about":[{"href":"https:\/\/www.vallonchene.fr\/de\/wp-json\/wp\/v2\/types\/product"}],"replies":[{"embeddable":true,"href":"https:\/\/www.vallonchene.fr\/de\/wp-json\/wp\/v2\/comments?post=56559"}],"wp:featuredmedia":[{"embeddable":true,"href":"https:\/\/www.vallonchene.fr\/de\/wp-json\/wp\/v2\/media\/56557"}],"wp:attachment":[{"href":"https:\/\/www.vallonchene.fr\/de\/wp-json\/wp\/v2\/media?parent=56559"}],"wp:term":[{"taxonomy":"product_brand","embeddable":true,"href":"https:\/\/www.vallonchene.fr\/de\/wp-json\/wp\/v2\/product_brand?post=56559"},{"taxonomy":"product_cat","embeddable":true,"href":"https:\/\/www.vallonchene.fr\/de\/wp-json\/wp\/v2\/product_cat?post=56559"},{"taxonomy":"product_tag","embeddable":true,"href":"https:\/\/www.vallonchene.fr\/de\/wp-json\/wp\/v2\/product_tag?post=56559"}],"curies":[{"name":"wp","href":"https:\/\/api.w.org\/{rel}","templated":true}]}}