{"id":56520,"date":"2025-12-18T15:04:07","date_gmt":"2025-12-18T14:04:07","guid":{"rendered":"https:\/\/www.vallonchene.fr\/produit\/chamaecyparis-lawsoniana-filips-twinkle-tails-sport\/"},"modified":"2025-12-18T15:04:07","modified_gmt":"2025-12-18T14:04:07","slug":"chamaecyparis-lawsoniana-filips-twinkle-tails-sport","status":"publish","type":"product","link":"https:\/\/www.vallonchene.fr\/de\/produkt\/chamaecyparis-lawsoniana-filips-twinkle-tails-sport\/","title":{"rendered":"CHAMAECYPARIS lawsoniana &#8218;Filip&#8217;s Twinkle Tails&#8216; sport"},"content":{"rendered":"","protected":false},"excerpt":{"rendered":"<p><strong>CHAMAECYPARIS lawsoniana \u2018Filip\u2019s Twinkle Tails\u2019 sport<\/strong> ist eine seltene <strong>Lawsons Scheinzypresse<\/strong>, die f\u00fcr ihr fein strukturiertes Laub und ihre leuchtenden Reflexe gesch\u00e4tzt wird. Sie verleiht das ganze Jahr \u00fcber, besonders dauerhaft, einen originellen Akzent. <\/p>\n","protected":false},"featured_media":56519,"comment_status":"open","ping_status":"closed","template":"","meta":[],"product_brand":[],"product_cat":[255],"product_tag":[11358,12334],"class_list":{"0":"post-56520","1":"product","2":"type-product","3":"status-publish","4":"has-post-thumbnail","6":"product_cat-koniferen-de","7":"product_tag-chamaecyparis-de","8":"product_tag-chamaecyparis-lawsoniana-de","9":"pa_99-hauteurapproximativeapres1-3_5m-de","10":"pa_couleurdufeuillage-gelb-de","11":"pa_exigencesenhumidite-normal-de-2","12":"pa_exigencesenhumidite-trocken-de","13":"pa_expositionspossibles-sonnigvon12bis17uhr-de","14":"pa_hauteurlivree-30-bis-40-cm","15":"pa_interetauprintemps-form-de","16":"pa_interetauprintemps-laub-de","17":"pa_interetenautomne-form-de","18":"pa_interetenautomne-laub-de","19":"pa_interetenete-form-de","20":"pa_interetenete-laub-de","21":"pa_interetenhiver-form-de","22":"pa_interetenhiver-laub-de","23":"pa_naturedufeuillage-immergrun-de","24":"pa_naturesdesolpossibles-leicht-de","25":"pa_naturesdesolpossibles-normal-de","26":"pa_periodedetaille-febr-de","27":"pa_periodedetaille-jan-de","28":"pa_phdusolacceptable-kalkigmehrals75-de","29":"pa_phdusolacceptable-neutralzw65u75-de","30":"pa_phdusolacceptable-sauerwenigerals65-de","31":"pa_portgraphisme-aufrecht-de","32":"pa_portgraphisme-trauer-de","33":"pa_resistanceaufroidrusticite-frostbestandigunter_20c-de","34":"pa_tailledepot-5liter_topf-de","35":"pa_utilisationpossible-alleinstehend-de","36":"pa_utilisationpossible-beet-de","37":"pa_utilisationpossible-kubelodertopf-de","39":"first","40":"instock","41":"taxable","42":"shipping-taxable","43":"purchasable","44":"product-type-variable"},"supplier_id":null,"supplier_sku":"","barcode":null,"atum_controlled":true,"out_stock_date":null,"out_stock_threshold":null,"inheritable":true,"inbound_stock":0,"stock_on_hold":0,"sold_today":null,"sales_last_days":null,"reserved_stock":0,"customer_returns":0,"warehouse_damage":0,"lost_in_post":0,"other_logs":0,"out_stock_days":null,"lost_sales":null,"has_location":false,"update_date":"2026-04-24T14:39:02","atum_locations":[],"atum_stock_status":"instock","restock_status":false,"low_stock_amount":"","sales_update_date":"2026-04-24T14:39:02","calc_backorders":null,"yoast_head":"<!-- This site is optimized with the Yoast SEO Premium plugin v27.4 (Yoast SEO v27.4) - https:\/\/yoast.com\/product\/yoast-seo-premium-wordpress\/ -->\n<title>CHAMAECYPARIS lawsoniana &#039;Filip&#039;s Twinkle Tails&#039; sport<\/title>\n<meta name=\"description\" content=\"CHAMAECYPARIS lawsoniana \u2018Filip\u2019s Twinkle Tails\u2019 Sport ist eine seltene Lawsons Scheinzypresse, die f\u00fcr ihr fein strukturiertes Laub und ihre leuchtenden Reflexe gesch\u00e4tzt wird.\" \/>\n<meta name=\"robots\" content=\"index, follow, max-snippet:-1, max-image-preview:large, max-video-preview:-1\" \/>\n<link rel=\"canonical\" href=\"https:\/\/www.vallonchene.fr\/de\/produkt\/chamaecyparis-lawsoniana-filips-twinkle-tails-sport\/\" \/>\n<meta property=\"og:locale\" content=\"de_DE\" \/>\n<meta property=\"og:type\" content=\"article\" \/>\n<meta property=\"og:title\" content=\"CHAMAECYPARIS lawsoniana &#039;Filip&#039;s Twinkle Tails&#039; sport\" \/>\n<meta property=\"og:description\" content=\"CHAMAECYPARIS lawsoniana \u2018Filip\u2019s Twinkle Tails\u2019 Sport ist eine seltene Lawsons Scheinzypresse, die f\u00fcr ihr fein strukturiertes Laub und ihre leuchtenden Reflexe gesch\u00e4tzt wird.\" \/>\n<meta property=\"og:url\" content=\"https:\/\/www.vallonchene.fr\/de\/produkt\/chamaecyparis-lawsoniana-filips-twinkle-tails-sport\/\" \/>\n<meta property=\"og:site_name\" content=\"Vallonch\u00eane\" \/>\n<meta property=\"article:publisher\" content=\"https:\/\/www.facebook.com\/vallonchene.fr\" \/>\n<meta property=\"og:image\" content=\"https:\/\/www.vallonchene.fr\/wp-content\/uploads\/2025\/12\/IMG_20251214_140536.webp\" \/>\n\t<meta property=\"og:image:width\" content=\"1023\" \/>\n\t<meta property=\"og:image:height\" content=\"1023\" \/>\n\t<meta property=\"og:image:type\" content=\"image\/webp\" \/>\n<meta name=\"twitter:card\" content=\"summary_large_image\" \/>\n<meta name=\"twitter:label1\" content=\"Verf\u00fcgbarkeit\" \/>\n\t<meta name=\"twitter:data1\" content=\"Vorr\u00e4tig\" \/>\n<script type=\"application\/ld+json\" class=\"yoast-schema-graph\">{\"@context\":\"https:\\\/\\\/schema.org\",\"@graph\":[{\"@type\":\"WebPage\",\"@id\":\"https:\\\/\\\/www.vallonchene.fr\\\/de\\\/produkt\\\/chamaecyparis-lawsoniana-filips-twinkle-tails-sport\\\/\",\"url\":\"https:\\\/\\\/www.vallonchene.fr\\\/de\\\/produkt\\\/chamaecyparis-lawsoniana-filips-twinkle-tails-sport\\\/\",\"name\":\"CHAMAECYPARIS lawsoniana 'Filip's Twinkle Tails' sport\",\"isPartOf\":{\"@id\":\"https:\\\/\\\/www.vallonchene.fr\\\/de\\\/#website\"},\"primaryImageOfPage\":{\"@id\":\"https:\\\/\\\/www.vallonchene.fr\\\/de\\\/produkt\\\/chamaecyparis-lawsoniana-filips-twinkle-tails-sport\\\/#primaryimage\"},\"image\":{\"@id\":\"https:\\\/\\\/www.vallonchene.fr\\\/de\\\/produkt\\\/chamaecyparis-lawsoniana-filips-twinkle-tails-sport\\\/#primaryimage\"},\"thumbnailUrl\":\"https:\\\/\\\/www.vallonchene.fr\\\/wp-content\\\/uploads\\\/2025\\\/12\\\/IMG_20251214_140536.webp\",\"datePublished\":\"2025-12-18T14:04:07+00:00\",\"description\":\"CHAMAECYPARIS lawsoniana \u2018Filip\u2019s Twinkle Tails\u2019 Sport ist eine seltene Lawsons Scheinzypresse, die f\u00fcr ihr fein strukturiertes Laub und ihre leuchtenden Reflexe gesch\u00e4tzt wird.\",\"breadcrumb\":{\"@id\":\"https:\\\/\\\/www.vallonchene.fr\\\/de\\\/produkt\\\/chamaecyparis-lawsoniana-filips-twinkle-tails-sport\\\/#breadcrumb\"},\"inLanguage\":\"de\",\"potentialAction\":[{\"@type\":\"ReadAction\",\"target\":[\"https:\\\/\\\/www.vallonchene.fr\\\/de\\\/produkt\\\/chamaecyparis-lawsoniana-filips-twinkle-tails-sport\\\/\"]}]},{\"@type\":\"ImageObject\",\"inLanguage\":\"de\",\"@id\":\"https:\\\/\\\/www.vallonchene.fr\\\/de\\\/produkt\\\/chamaecyparis-lawsoniana-filips-twinkle-tails-sport\\\/#primaryimage\",\"url\":\"https:\\\/\\\/www.vallonchene.fr\\\/wp-content\\\/uploads\\\/2025\\\/12\\\/IMG_20251214_140536.webp\",\"contentUrl\":\"https:\\\/\\\/www.vallonchene.fr\\\/wp-content\\\/uploads\\\/2025\\\/12\\\/IMG_20251214_140536.webp\",\"width\":1023,\"height\":1023,\"caption\":\"Gelbes Laub des CHAMAECYPARIS lawsoniana 'Filip's Twinkle Tails' sport\"},{\"@type\":\"BreadcrumbList\",\"@id\":\"https:\\\/\\\/www.vallonchene.fr\\\/de\\\/produkt\\\/chamaecyparis-lawsoniana-filips-twinkle-tails-sport\\\/#breadcrumb\",\"itemListElement\":[{\"@type\":\"ListItem\",\"position\":1,\"name\":\"Home\",\"item\":\"https:\\\/\\\/www.vallonchene.fr\\\/de\\\/\"},{\"@type\":\"ListItem\",\"position\":2,\"name\":\"Shop\",\"item\":\"https:\\\/\\\/www.vallonchene.fr\\\/de\\\/shop\\\/\"},{\"@type\":\"ListItem\",\"position\":3,\"name\":\"Online-Verkauf\",\"item\":\"https:\\\/\\\/www.vallonchene.fr\\\/de\\\/produkt-kategorie\\\/online-verkauf-de\\\/\"},{\"@type\":\"ListItem\",\"position\":4,\"name\":\"Baumschule\",\"item\":\"https:\\\/\\\/www.vallonchene.fr\\\/de\\\/produkt-kategorie\\\/online-verkauf-de\\\/baumschule-gaertnerei-de\\\/\"},{\"@type\":\"ListItem\",\"position\":5,\"name\":\"Koniferen\",\"item\":\"https:\\\/\\\/www.vallonchene.fr\\\/de\\\/produkt-kategorie\\\/online-verkauf-de\\\/baumschule-gaertnerei-de\\\/koniferen-de\\\/\"},{\"@type\":\"ListItem\",\"position\":6,\"name\":\"CHAMAECYPARIS lawsoniana &lsquo;Filip&rsquo;s Twinkle Tails&rsquo; sport\"}]},{\"@type\":\"WebSite\",\"@id\":\"https:\\\/\\\/www.vallonchene.fr\\\/de\\\/#website\",\"url\":\"https:\\\/\\\/www.vallonchene.fr\\\/de\\\/\",\"name\":\"Vallonch\u00eane\",\"description\":\"Die Baumschule, bei der Qualit\u00e4t ihre Wurzeln hat \u2013 Tel.: +49 (0)6838-5399840\",\"publisher\":{\"@id\":\"https:\\\/\\\/www.vallonchene.fr\\\/de\\\/#organization\"},\"potentialAction\":[{\"@type\":\"SearchAction\",\"target\":{\"@type\":\"EntryPoint\",\"urlTemplate\":\"https:\\\/\\\/www.vallonchene.fr\\\/de\\\/?s={search_term_string}\"},\"query-input\":{\"@type\":\"PropertyValueSpecification\",\"valueRequired\":true,\"valueName\":\"search_term_string\"}}],\"inLanguage\":\"de\"},{\"@type\":\"Organization\",\"@id\":\"https:\\\/\\\/www.vallonchene.fr\\\/de\\\/#organization\",\"name\":\"VALLONCHENE\",\"url\":\"https:\\\/\\\/www.vallonchene.fr\\\/de\\\/\",\"logo\":{\"@type\":\"ImageObject\",\"inLanguage\":\"de\",\"@id\":\"https:\\\/\\\/www.vallonchene.fr\\\/de\\\/#\\\/schema\\\/logo\\\/image\\\/\",\"url\":\"https:\\\/\\\/www.vallonchene.fr\\\/wp-content\\\/uploads\\\/2023\\\/03\\\/Logo-Vallonchene-site-et-R_hauteur_100.png\",\"contentUrl\":\"https:\\\/\\\/www.vallonchene.fr\\\/wp-content\\\/uploads\\\/2023\\\/03\\\/Logo-Vallonchene-site-et-R_hauteur_100.png\",\"width\":221,\"height\":100,\"caption\":\"VALLONCHENE\"},\"image\":{\"@id\":\"https:\\\/\\\/www.vallonchene.fr\\\/de\\\/#\\\/schema\\\/logo\\\/image\\\/\"},\"sameAs\":[\"https:\\\/\\\/www.facebook.com\\\/vallonchene.fr\",\"https:\\\/\\\/www.instagram.com\\\/vallonchene\\\/\",\"https:\\\/\\\/www.pinterest.fr\\\/vallonchene\\\/\"],\"taxID\":\"49454502300017\",\"hasMerchantReturnPolicy\":{\"@type\":\"MerchantReturnPolicy\",\"merchantReturnLink\":\"https:\\\/\\\/www.vallonchene.fr\\\/remboursements_retours\\\/\"}}]}<\/script>\n<meta property=\"og:availability\" content=\"instock\" \/>\n<meta property=\"product:availability\" content=\"instock\" \/>\n<meta property=\"product:condition\" content=\"new\" \/>\n<!-- \/ Yoast SEO Premium plugin. -->","yoast_head_json":{"title":"CHAMAECYPARIS lawsoniana 'Filip's Twinkle Tails' sport","description":"CHAMAECYPARIS lawsoniana \u2018Filip\u2019s Twinkle Tails\u2019 Sport ist eine seltene Lawsons Scheinzypresse, die f\u00fcr ihr fein strukturiertes Laub und ihre leuchtenden Reflexe gesch\u00e4tzt wird.","robots":{"index":"index","follow":"follow","max-snippet":"max-snippet:-1","max-image-preview":"max-image-preview:large","max-video-preview":"max-video-preview:-1"},"canonical":"https:\/\/www.vallonchene.fr\/de\/produkt\/chamaecyparis-lawsoniana-filips-twinkle-tails-sport\/","og_locale":"de_DE","og_type":"article","og_title":"CHAMAECYPARIS lawsoniana 'Filip's Twinkle Tails' sport","og_description":"CHAMAECYPARIS lawsoniana \u2018Filip\u2019s Twinkle Tails\u2019 Sport ist eine seltene Lawsons Scheinzypresse, die f\u00fcr ihr fein strukturiertes Laub und ihre leuchtenden Reflexe gesch\u00e4tzt wird.","og_url":"https:\/\/www.vallonchene.fr\/de\/produkt\/chamaecyparis-lawsoniana-filips-twinkle-tails-sport\/","og_site_name":"Vallonch\u00eane","article_publisher":"https:\/\/www.facebook.com\/vallonchene.fr","og_image":[{"width":1023,"height":1023,"url":"https:\/\/www.vallonchene.fr\/wp-content\/uploads\/2025\/12\/IMG_20251214_140536.webp","type":"image\/webp"}],"twitter_card":"summary_large_image","twitter_misc":{"Verf\u00fcgbarkeit":"Vorr\u00e4tig"},"schema":{"@context":"https:\/\/schema.org","@graph":[{"@type":"WebPage","@id":"https:\/\/www.vallonchene.fr\/de\/produkt\/chamaecyparis-lawsoniana-filips-twinkle-tails-sport\/","url":"https:\/\/www.vallonchene.fr\/de\/produkt\/chamaecyparis-lawsoniana-filips-twinkle-tails-sport\/","name":"CHAMAECYPARIS lawsoniana 'Filip's Twinkle Tails' sport","isPartOf":{"@id":"https:\/\/www.vallonchene.fr\/de\/#website"},"primaryImageOfPage":{"@id":"https:\/\/www.vallonchene.fr\/de\/produkt\/chamaecyparis-lawsoniana-filips-twinkle-tails-sport\/#primaryimage"},"image":{"@id":"https:\/\/www.vallonchene.fr\/de\/produkt\/chamaecyparis-lawsoniana-filips-twinkle-tails-sport\/#primaryimage"},"thumbnailUrl":"https:\/\/www.vallonchene.fr\/wp-content\/uploads\/2025\/12\/IMG_20251214_140536.webp","datePublished":"2025-12-18T14:04:07+00:00","description":"CHAMAECYPARIS lawsoniana \u2018Filip\u2019s Twinkle Tails\u2019 Sport ist eine seltene Lawsons Scheinzypresse, die f\u00fcr ihr fein strukturiertes Laub und ihre leuchtenden Reflexe gesch\u00e4tzt wird.","breadcrumb":{"@id":"https:\/\/www.vallonchene.fr\/de\/produkt\/chamaecyparis-lawsoniana-filips-twinkle-tails-sport\/#breadcrumb"},"inLanguage":"de","potentialAction":[{"@type":"ReadAction","target":["https:\/\/www.vallonchene.fr\/de\/produkt\/chamaecyparis-lawsoniana-filips-twinkle-tails-sport\/"]}]},{"@type":"ImageObject","inLanguage":"de","@id":"https:\/\/www.vallonchene.fr\/de\/produkt\/chamaecyparis-lawsoniana-filips-twinkle-tails-sport\/#primaryimage","url":"https:\/\/www.vallonchene.fr\/wp-content\/uploads\/2025\/12\/IMG_20251214_140536.webp","contentUrl":"https:\/\/www.vallonchene.fr\/wp-content\/uploads\/2025\/12\/IMG_20251214_140536.webp","width":1023,"height":1023,"caption":"Gelbes Laub des CHAMAECYPARIS lawsoniana 'Filip's Twinkle Tails' sport"},{"@type":"BreadcrumbList","@id":"https:\/\/www.vallonchene.fr\/de\/produkt\/chamaecyparis-lawsoniana-filips-twinkle-tails-sport\/#breadcrumb","itemListElement":[{"@type":"ListItem","position":1,"name":"Home","item":"https:\/\/www.vallonchene.fr\/de\/"},{"@type":"ListItem","position":2,"name":"Shop","item":"https:\/\/www.vallonchene.fr\/de\/shop\/"},{"@type":"ListItem","position":3,"name":"Online-Verkauf","item":"https:\/\/www.vallonchene.fr\/de\/produkt-kategorie\/online-verkauf-de\/"},{"@type":"ListItem","position":4,"name":"Baumschule","item":"https:\/\/www.vallonchene.fr\/de\/produkt-kategorie\/online-verkauf-de\/baumschule-gaertnerei-de\/"},{"@type":"ListItem","position":5,"name":"Koniferen","item":"https:\/\/www.vallonchene.fr\/de\/produkt-kategorie\/online-verkauf-de\/baumschule-gaertnerei-de\/koniferen-de\/"},{"@type":"ListItem","position":6,"name":"CHAMAECYPARIS lawsoniana &lsquo;Filip&rsquo;s Twinkle Tails&rsquo; sport"}]},{"@type":"WebSite","@id":"https:\/\/www.vallonchene.fr\/de\/#website","url":"https:\/\/www.vallonchene.fr\/de\/","name":"Vallonch\u00eane","description":"Die Baumschule, bei der Qualit\u00e4t ihre Wurzeln hat \u2013 Tel.: +49 (0)6838-5399840","publisher":{"@id":"https:\/\/www.vallonchene.fr\/de\/#organization"},"potentialAction":[{"@type":"SearchAction","target":{"@type":"EntryPoint","urlTemplate":"https:\/\/www.vallonchene.fr\/de\/?s={search_term_string}"},"query-input":{"@type":"PropertyValueSpecification","valueRequired":true,"valueName":"search_term_string"}}],"inLanguage":"de"},{"@type":"Organization","@id":"https:\/\/www.vallonchene.fr\/de\/#organization","name":"VALLONCHENE","url":"https:\/\/www.vallonchene.fr\/de\/","logo":{"@type":"ImageObject","inLanguage":"de","@id":"https:\/\/www.vallonchene.fr\/de\/#\/schema\/logo\/image\/","url":"https:\/\/www.vallonchene.fr\/wp-content\/uploads\/2023\/03\/Logo-Vallonchene-site-et-R_hauteur_100.png","contentUrl":"https:\/\/www.vallonchene.fr\/wp-content\/uploads\/2023\/03\/Logo-Vallonchene-site-et-R_hauteur_100.png","width":221,"height":100,"caption":"VALLONCHENE"},"image":{"@id":"https:\/\/www.vallonchene.fr\/de\/#\/schema\/logo\/image\/"},"sameAs":["https:\/\/www.facebook.com\/vallonchene.fr","https:\/\/www.instagram.com\/vallonchene\/","https:\/\/www.pinterest.fr\/vallonchene\/"],"taxID":"49454502300017","hasMerchantReturnPolicy":{"@type":"MerchantReturnPolicy","merchantReturnLink":"https:\/\/www.vallonchene.fr\/remboursements_retours\/"}}]},"og_availability":"instock","product_availability":"instock","product_condition":"new"},"_links":{"self":[{"href":"https:\/\/www.vallonchene.fr\/de\/wp-json\/wp\/v2\/product\/56520","targetHints":{"allow":["GET"]}}],"collection":[{"href":"https:\/\/www.vallonchene.fr\/de\/wp-json\/wp\/v2\/product"}],"about":[{"href":"https:\/\/www.vallonchene.fr\/de\/wp-json\/wp\/v2\/types\/product"}],"replies":[{"embeddable":true,"href":"https:\/\/www.vallonchene.fr\/de\/wp-json\/wp\/v2\/comments?post=56520"}],"wp:featuredmedia":[{"embeddable":true,"href":"https:\/\/www.vallonchene.fr\/de\/wp-json\/wp\/v2\/media\/56519"}],"wp:attachment":[{"href":"https:\/\/www.vallonchene.fr\/de\/wp-json\/wp\/v2\/media?parent=56520"}],"wp:term":[{"taxonomy":"product_brand","embeddable":true,"href":"https:\/\/www.vallonchene.fr\/de\/wp-json\/wp\/v2\/product_brand?post=56520"},{"taxonomy":"product_cat","embeddable":true,"href":"https:\/\/www.vallonchene.fr\/de\/wp-json\/wp\/v2\/product_cat?post=56520"},{"taxonomy":"product_tag","embeddable":true,"href":"https:\/\/www.vallonchene.fr\/de\/wp-json\/wp\/v2\/product_tag?post=56520"}],"curies":[{"name":"wp","href":"https:\/\/api.w.org\/{rel}","templated":true}]}}