{"id":5648,"date":"2021-08-31T10:48:44","date_gmt":"2021-08-31T10:48:44","guid":{"rendered":"https:\/\/testing.vallonchene.fr\/produit\/castanea-sativa-variegata\/"},"modified":"2025-08-31T15:02:19","modified_gmt":"2025-08-31T13:02:19","slug":"castanea-sativa-variegata-edelkastanie","status":"publish","type":"product","link":"https:\/\/www.vallonchene.fr\/de\/produkt\/castanea-sativa-variegata-edelkastanie\/","title":{"rendered":"CASTANEA sativa &#8218;Variegata&#8216;"},"content":{"rendered":"","protected":false},"excerpt":{"rendered":"<p>Diese <strong>Edelkastanie<\/strong> hat buntes, gr\u00fcn-wei\u00dfes Laub. <strong>CASTANEA sativa &#8218;Variegata&#8216;<\/strong> w\u00e4chst sehr langsam. Das Laub ist sehr dekorativ.  <\/p>\n","protected":false},"featured_media":47664,"comment_status":"open","ping_status":"closed","template":"","meta":[],"product_brand":[],"product_cat":[251],"product_tag":[2769,2768,2770,2062],"class_list":{"0":"post-5648","1":"product","2":"type-product","3":"status-publish","4":"has-post-thumbnail","6":"product_cat-arbustes-et-arbres","7":"product_tag-castanea","8":"product_tag-castanea-sativa","9":"product_tag-castanea-sativa-variegata","10":"product_tag-variegata","11":"pa_couleurautomnaledufeuillage-cuivre","12":"pa_couleurdesfleurs-blanc","13":"pa_couleurdufeuillage-panache","14":"pa_couleurdufeuillage-vert","15":"pa_couleurdufeuillage-blanc","16":"pa_exigencesenhumidite-moyen","17":"pa_exigencesenhumidite-sec","18":"pa_expositionspossibles-33-mi_ombreeviterlesoleilde12","19":"pa_expositionspossibles-pleinsoleilde12ha17hmin","20":"pa_hauteurlivree-100-a-125cm","21":"pa_hauteurlivree-125-a-150cm","22":"pa_hauteurlivree-175-a-200-cm","23":"pa_hauteurlivree-20-a-30-cm","24":"pa_hauteurlivree-200-a-250-cm","25":"pa_hauteurlivree-30-a-40-cm","26":"pa_hauteurlivree-40-a-50-cm","27":"pa_hauteurlivree-40-a-60-cm","28":"pa_hauteurlivree-50-a-60-cm","29":"pa_hauteurlivree-60-a-80-cm","30":"pa_hauteurlivree-70-a-80-cm","31":"pa_hauteurlivree-80-a-100-cm","32":"pa_interetauprintemps-fleurs","33":"pa_interetauprintemps-feuillage","34":"pa_interetenautomne-feuillage","35":"pa_interetenete-feuillage","36":"pa_naturedufeuillage-caduc","37":"pa_naturesdesolpossibles-leger","38":"pa_naturesdesolpossibles-normal","39":"pa_periodedefloraison-printemps","40":"pa_periodedetaille-fevr","41":"pa_periodedetaille-janv","42":"pa_phdusolacceptable-calcaireplusde75","43":"pa_phdusolacceptable-neutreentre65et75","44":"pa_phdusolacceptable-acidemoinsde65","45":"pa_portgraphisme-evase","46":"pa_resistanceaufroidrusticite-resistantjusqua_20c","47":"pa_tailledepot-pot-de-10-litres","48":"pa_tailledepot-pot-de-2-litres","49":"pa_tailledepot-pot-de-20-litres","50":"pa_tailledepot-pot-de-3-litres","51":"pa_tailledepot-pot-de-4-litres","52":"pa_tailledepot-pot-de-5-litres","53":"pa_tailledepot-pot-de-7_5-litres","54":"pa_tailledepot-jeune-plant-pot-de-1-litre","55":"pa_tailledepot-jeune-plant-pot-de-8-cm","56":"pa_utilisationpossible-isole","57":"pa_utilisationpossible-massif","59":"first","60":"instock","61":"taxable","62":"shipping-taxable","63":"purchasable","64":"product-type-variable"},"supplier_id":null,"supplier_sku":"","barcode":null,"atum_controlled":true,"out_stock_date":null,"out_stock_threshold":null,"inheritable":true,"inbound_stock":0,"stock_on_hold":0,"sold_today":0,"sales_last_days":0,"reserved_stock":0,"customer_returns":0,"warehouse_damage":0,"lost_in_post":0,"other_logs":0,"out_stock_days":null,"lost_sales":0,"has_location":false,"update_date":"2025-12-01T10:22:42","atum_locations":[],"atum_stock_status":"instock","restock_status":false,"low_stock_amount":"","sales_update_date":"2025-08-31T13:01:53","calc_backorders":null,"yoast_head":"<!-- This site is optimized with the Yoast SEO Premium plugin v27.3 (Yoast SEO v27.3) - https:\/\/yoast.com\/product\/yoast-seo-premium-wordpress\/ -->\n<title>CASTANEA sativa &#039;Variegata&#039;<\/title>\n<meta name=\"description\" content=\"Diese Edelkastanie hat buntes, gr\u00fcn-wei\u00dfes Laub. CASTANEA sativa &#039;Variegata&#039; w\u00e4chst sehr langsam. Das Laub ist sehr dekorativ.\" \/>\n<meta name=\"robots\" content=\"index, follow, max-snippet:-1, max-image-preview:large, max-video-preview:-1\" \/>\n<link rel=\"canonical\" href=\"https:\/\/www.vallonchene.fr\/de\/produkt\/castanea-sativa-variegata-edelkastanie\/\" \/>\n<meta property=\"og:locale\" content=\"de_DE\" \/>\n<meta property=\"og:type\" content=\"article\" \/>\n<meta property=\"og:title\" content=\"CASTANEA sativa &#039;Variegata&#039;\" \/>\n<meta property=\"og:description\" content=\"Diese Edelkastanie hat buntes, gr\u00fcn-wei\u00dfes Laub. CASTANEA sativa &#039;Variegata&#039; w\u00e4chst sehr langsam. Das Laub ist sehr dekorativ.\" \/>\n<meta property=\"og:url\" content=\"https:\/\/www.vallonchene.fr\/de\/produkt\/castanea-sativa-variegata-edelkastanie\/\" \/>\n<meta property=\"og:site_name\" content=\"Vallonch\u00eane\" \/>\n<meta property=\"article:publisher\" content=\"https:\/\/www.facebook.com\/vallonchene.fr\" \/>\n<meta property=\"article:modified_time\" content=\"2025-08-31T13:02:19+00:00\" \/>\n<meta name=\"twitter:card\" content=\"summary_large_image\" \/>\n<meta name=\"twitter:label1\" content=\"Verf\u00fcgbarkeit\" \/>\n\t<meta name=\"twitter:data1\" content=\"Vorr\u00e4tig\" \/>\n<script type=\"application\/ld+json\" class=\"yoast-schema-graph\">{\"@context\":\"https:\\\/\\\/schema.org\",\"@graph\":[{\"@type\":\"WebPage\",\"@id\":\"https:\\\/\\\/www.vallonchene.fr\\\/de\\\/produkt\\\/castanea-sativa-variegata-edelkastanie\\\/\",\"url\":\"https:\\\/\\\/www.vallonchene.fr\\\/de\\\/produkt\\\/castanea-sativa-variegata-edelkastanie\\\/\",\"name\":\"CASTANEA sativa 'Variegata'\",\"isPartOf\":{\"@id\":\"https:\\\/\\\/www.vallonchene.fr\\\/de\\\/#website\"},\"primaryImageOfPage\":{\"@id\":\"https:\\\/\\\/www.vallonchene.fr\\\/de\\\/produkt\\\/castanea-sativa-variegata-edelkastanie\\\/#primaryimage\"},\"image\":{\"@id\":\"https:\\\/\\\/www.vallonchene.fr\\\/de\\\/produkt\\\/castanea-sativa-variegata-edelkastanie\\\/#primaryimage\"},\"thumbnailUrl\":\"https:\\\/\\\/www.vallonchene.fr\\\/wp-content\\\/uploads\\\/2024\\\/06\\\/CASTANEA-sativa-Variegata_01.webp\",\"datePublished\":\"2021-08-31T10:48:44+00:00\",\"dateModified\":\"2025-08-31T13:02:19+00:00\",\"description\":\"Diese Edelkastanie hat buntes, gr\u00fcn-wei\u00dfes Laub. CASTANEA sativa 'Variegata' w\u00e4chst sehr langsam. Das Laub ist sehr dekorativ.\",\"breadcrumb\":{\"@id\":\"https:\\\/\\\/www.vallonchene.fr\\\/de\\\/produkt\\\/castanea-sativa-variegata-edelkastanie\\\/#breadcrumb\"},\"inLanguage\":\"de\",\"potentialAction\":[{\"@type\":\"ReadAction\",\"target\":[\"https:\\\/\\\/www.vallonchene.fr\\\/de\\\/produkt\\\/castanea-sativa-variegata-edelkastanie\\\/\"]}]},{\"@type\":\"ImageObject\",\"inLanguage\":\"de\",\"@id\":\"https:\\\/\\\/www.vallonchene.fr\\\/de\\\/produkt\\\/castanea-sativa-variegata-edelkastanie\\\/#primaryimage\",\"url\":\"https:\\\/\\\/www.vallonchene.fr\\\/wp-content\\\/uploads\\\/2024\\\/06\\\/CASTANEA-sativa-Variegata_01.webp\",\"contentUrl\":\"https:\\\/\\\/www.vallonchene.fr\\\/wp-content\\\/uploads\\\/2024\\\/06\\\/CASTANEA-sativa-Variegata_01.webp\",\"width\":1024,\"height\":1024,\"caption\":\"Blatt gr\u00fcn bunt und wei\u00df umrandet von CASTANEA sativa 'Variegata'\"},{\"@type\":\"BreadcrumbList\",\"@id\":\"https:\\\/\\\/www.vallonchene.fr\\\/de\\\/produkt\\\/castanea-sativa-variegata-edelkastanie\\\/#breadcrumb\",\"itemListElement\":[{\"@type\":\"ListItem\",\"position\":1,\"name\":\"Home\",\"item\":\"https:\\\/\\\/www.vallonchene.fr\\\/de\\\/\"},{\"@type\":\"ListItem\",\"position\":2,\"name\":\"Shop\",\"item\":\"https:\\\/\\\/www.vallonchene.fr\\\/de\\\/shop\\\/\"},{\"@type\":\"ListItem\",\"position\":3,\"name\":\"Online-Verkauf\",\"item\":\"https:\\\/\\\/www.vallonchene.fr\\\/de\\\/produkt-kategorie\\\/online-verkauf-de\\\/\"},{\"@type\":\"ListItem\",\"position\":4,\"name\":\"Baumschule\",\"item\":\"https:\\\/\\\/www.vallonchene.fr\\\/de\\\/produkt-kategorie\\\/online-verkauf-de\\\/baumschule-gaertnerei-de\\\/\"},{\"@type\":\"ListItem\",\"position\":5,\"name\":\"Str\u00e4ucher und B\u00e4ume\",\"item\":\"https:\\\/\\\/www.vallonchene.fr\\\/de\\\/produkt-kategorie\\\/online-verkauf-de\\\/baumschule-gaertnerei-de\\\/straucher-und-baume-de\\\/\"},{\"@type\":\"ListItem\",\"position\":6,\"name\":\"CASTANEA sativa &#8218;Variegata&#8216;\"}]},{\"@type\":\"WebSite\",\"@id\":\"https:\\\/\\\/www.vallonchene.fr\\\/de\\\/#website\",\"url\":\"https:\\\/\\\/www.vallonchene.fr\\\/de\\\/\",\"name\":\"Vallonch\u00eane\",\"description\":\"Die Baumschule, bei der Qualit\u00e4t ihre Wurzeln hat \u2013 Tel.: +49 (0)6838-5399840\",\"publisher\":{\"@id\":\"https:\\\/\\\/www.vallonchene.fr\\\/de\\\/#organization\"},\"potentialAction\":[{\"@type\":\"SearchAction\",\"target\":{\"@type\":\"EntryPoint\",\"urlTemplate\":\"https:\\\/\\\/www.vallonchene.fr\\\/de\\\/?s={search_term_string}\"},\"query-input\":{\"@type\":\"PropertyValueSpecification\",\"valueRequired\":true,\"valueName\":\"search_term_string\"}}],\"inLanguage\":\"de\"},{\"@type\":\"Organization\",\"@id\":\"https:\\\/\\\/www.vallonchene.fr\\\/de\\\/#organization\",\"name\":\"VALLONCHENE\",\"url\":\"https:\\\/\\\/www.vallonchene.fr\\\/de\\\/\",\"logo\":{\"@type\":\"ImageObject\",\"inLanguage\":\"de\",\"@id\":\"https:\\\/\\\/www.vallonchene.fr\\\/de\\\/#\\\/schema\\\/logo\\\/image\\\/\",\"url\":\"https:\\\/\\\/www.vallonchene.fr\\\/wp-content\\\/uploads\\\/2023\\\/03\\\/Logo-Vallonchene-site-et-R_hauteur_100.png\",\"contentUrl\":\"https:\\\/\\\/www.vallonchene.fr\\\/wp-content\\\/uploads\\\/2023\\\/03\\\/Logo-Vallonchene-site-et-R_hauteur_100.png\",\"width\":221,\"height\":100,\"caption\":\"VALLONCHENE\"},\"image\":{\"@id\":\"https:\\\/\\\/www.vallonchene.fr\\\/de\\\/#\\\/schema\\\/logo\\\/image\\\/\"},\"sameAs\":[\"https:\\\/\\\/www.facebook.com\\\/vallonchene.fr\",\"https:\\\/\\\/www.instagram.com\\\/vallonchene\\\/\",\"https:\\\/\\\/www.pinterest.fr\\\/vallonchene\\\/\"],\"taxID\":\"49454502300017\",\"hasMerchantReturnPolicy\":{\"@type\":\"MerchantReturnPolicy\",\"merchantReturnLink\":\"https:\\\/\\\/www.vallonchene.fr\\\/remboursements_retours\\\/\"}}]}<\/script>\n<meta property=\"og:availability\" content=\"instock\" \/>\n<meta property=\"product:availability\" content=\"instock\" \/>\n<meta property=\"product:retailer_item_id\" content=\"86754\" \/>\n<meta property=\"product:condition\" content=\"new\" \/>\n<!-- \/ Yoast SEO Premium plugin. -->","yoast_head_json":{"title":"CASTANEA sativa 'Variegata'","description":"Diese Edelkastanie hat buntes, gr\u00fcn-wei\u00dfes Laub. CASTANEA sativa 'Variegata' w\u00e4chst sehr langsam. Das Laub ist sehr dekorativ.","robots":{"index":"index","follow":"follow","max-snippet":"max-snippet:-1","max-image-preview":"max-image-preview:large","max-video-preview":"max-video-preview:-1"},"canonical":"https:\/\/www.vallonchene.fr\/de\/produkt\/castanea-sativa-variegata-edelkastanie\/","og_locale":"de_DE","og_type":"article","og_title":"CASTANEA sativa 'Variegata'","og_description":"Diese Edelkastanie hat buntes, gr\u00fcn-wei\u00dfes Laub. CASTANEA sativa 'Variegata' w\u00e4chst sehr langsam. Das Laub ist sehr dekorativ.","og_url":"https:\/\/www.vallonchene.fr\/de\/produkt\/castanea-sativa-variegata-edelkastanie\/","og_site_name":"Vallonch\u00eane","article_publisher":"https:\/\/www.facebook.com\/vallonchene.fr","article_modified_time":"2025-08-31T13:02:19+00:00","twitter_card":"summary_large_image","twitter_misc":{"Verf\u00fcgbarkeit":"Vorr\u00e4tig"},"schema":{"@context":"https:\/\/schema.org","@graph":[{"@type":"WebPage","@id":"https:\/\/www.vallonchene.fr\/de\/produkt\/castanea-sativa-variegata-edelkastanie\/","url":"https:\/\/www.vallonchene.fr\/de\/produkt\/castanea-sativa-variegata-edelkastanie\/","name":"CASTANEA sativa 'Variegata'","isPartOf":{"@id":"https:\/\/www.vallonchene.fr\/de\/#website"},"primaryImageOfPage":{"@id":"https:\/\/www.vallonchene.fr\/de\/produkt\/castanea-sativa-variegata-edelkastanie\/#primaryimage"},"image":{"@id":"https:\/\/www.vallonchene.fr\/de\/produkt\/castanea-sativa-variegata-edelkastanie\/#primaryimage"},"thumbnailUrl":"https:\/\/www.vallonchene.fr\/wp-content\/uploads\/2024\/06\/CASTANEA-sativa-Variegata_01.webp","datePublished":"2021-08-31T10:48:44+00:00","dateModified":"2025-08-31T13:02:19+00:00","description":"Diese Edelkastanie hat buntes, gr\u00fcn-wei\u00dfes Laub. CASTANEA sativa 'Variegata' w\u00e4chst sehr langsam. Das Laub ist sehr dekorativ.","breadcrumb":{"@id":"https:\/\/www.vallonchene.fr\/de\/produkt\/castanea-sativa-variegata-edelkastanie\/#breadcrumb"},"inLanguage":"de","potentialAction":[{"@type":"ReadAction","target":["https:\/\/www.vallonchene.fr\/de\/produkt\/castanea-sativa-variegata-edelkastanie\/"]}]},{"@type":"ImageObject","inLanguage":"de","@id":"https:\/\/www.vallonchene.fr\/de\/produkt\/castanea-sativa-variegata-edelkastanie\/#primaryimage","url":"https:\/\/www.vallonchene.fr\/wp-content\/uploads\/2024\/06\/CASTANEA-sativa-Variegata_01.webp","contentUrl":"https:\/\/www.vallonchene.fr\/wp-content\/uploads\/2024\/06\/CASTANEA-sativa-Variegata_01.webp","width":1024,"height":1024,"caption":"Blatt gr\u00fcn bunt und wei\u00df umrandet von CASTANEA sativa 'Variegata'"},{"@type":"BreadcrumbList","@id":"https:\/\/www.vallonchene.fr\/de\/produkt\/castanea-sativa-variegata-edelkastanie\/#breadcrumb","itemListElement":[{"@type":"ListItem","position":1,"name":"Home","item":"https:\/\/www.vallonchene.fr\/de\/"},{"@type":"ListItem","position":2,"name":"Shop","item":"https:\/\/www.vallonchene.fr\/de\/shop\/"},{"@type":"ListItem","position":3,"name":"Online-Verkauf","item":"https:\/\/www.vallonchene.fr\/de\/produkt-kategorie\/online-verkauf-de\/"},{"@type":"ListItem","position":4,"name":"Baumschule","item":"https:\/\/www.vallonchene.fr\/de\/produkt-kategorie\/online-verkauf-de\/baumschule-gaertnerei-de\/"},{"@type":"ListItem","position":5,"name":"Str\u00e4ucher und B\u00e4ume","item":"https:\/\/www.vallonchene.fr\/de\/produkt-kategorie\/online-verkauf-de\/baumschule-gaertnerei-de\/straucher-und-baume-de\/"},{"@type":"ListItem","position":6,"name":"CASTANEA sativa &#8218;Variegata&#8216;"}]},{"@type":"WebSite","@id":"https:\/\/www.vallonchene.fr\/de\/#website","url":"https:\/\/www.vallonchene.fr\/de\/","name":"Vallonch\u00eane","description":"Die Baumschule, bei der Qualit\u00e4t ihre Wurzeln hat \u2013 Tel.: +49 (0)6838-5399840","publisher":{"@id":"https:\/\/www.vallonchene.fr\/de\/#organization"},"potentialAction":[{"@type":"SearchAction","target":{"@type":"EntryPoint","urlTemplate":"https:\/\/www.vallonchene.fr\/de\/?s={search_term_string}"},"query-input":{"@type":"PropertyValueSpecification","valueRequired":true,"valueName":"search_term_string"}}],"inLanguage":"de"},{"@type":"Organization","@id":"https:\/\/www.vallonchene.fr\/de\/#organization","name":"VALLONCHENE","url":"https:\/\/www.vallonchene.fr\/de\/","logo":{"@type":"ImageObject","inLanguage":"de","@id":"https:\/\/www.vallonchene.fr\/de\/#\/schema\/logo\/image\/","url":"https:\/\/www.vallonchene.fr\/wp-content\/uploads\/2023\/03\/Logo-Vallonchene-site-et-R_hauteur_100.png","contentUrl":"https:\/\/www.vallonchene.fr\/wp-content\/uploads\/2023\/03\/Logo-Vallonchene-site-et-R_hauteur_100.png","width":221,"height":100,"caption":"VALLONCHENE"},"image":{"@id":"https:\/\/www.vallonchene.fr\/de\/#\/schema\/logo\/image\/"},"sameAs":["https:\/\/www.facebook.com\/vallonchene.fr","https:\/\/www.instagram.com\/vallonchene\/","https:\/\/www.pinterest.fr\/vallonchene\/"],"taxID":"49454502300017","hasMerchantReturnPolicy":{"@type":"MerchantReturnPolicy","merchantReturnLink":"https:\/\/www.vallonchene.fr\/remboursements_retours\/"}}]},"og_availability":"instock","product_availability":"instock","product_retailer_item_id":"86754","product_condition":"new"},"_links":{"self":[{"href":"https:\/\/www.vallonchene.fr\/de\/wp-json\/wp\/v2\/product\/5648","targetHints":{"allow":["GET"]}}],"collection":[{"href":"https:\/\/www.vallonchene.fr\/de\/wp-json\/wp\/v2\/product"}],"about":[{"href":"https:\/\/www.vallonchene.fr\/de\/wp-json\/wp\/v2\/types\/product"}],"replies":[{"embeddable":true,"href":"https:\/\/www.vallonchene.fr\/de\/wp-json\/wp\/v2\/comments?post=5648"}],"wp:featuredmedia":[{"embeddable":true,"href":"https:\/\/www.vallonchene.fr\/de\/wp-json\/wp\/v2\/media\/47664"}],"wp:attachment":[{"href":"https:\/\/www.vallonchene.fr\/de\/wp-json\/wp\/v2\/media?parent=5648"}],"wp:term":[{"taxonomy":"product_brand","embeddable":true,"href":"https:\/\/www.vallonchene.fr\/de\/wp-json\/wp\/v2\/product_brand?post=5648"},{"taxonomy":"product_cat","embeddable":true,"href":"https:\/\/www.vallonchene.fr\/de\/wp-json\/wp\/v2\/product_cat?post=5648"},{"taxonomy":"product_tag","embeddable":true,"href":"https:\/\/www.vallonchene.fr\/de\/wp-json\/wp\/v2\/product_tag?post=5648"}],"curies":[{"name":"wp","href":"https:\/\/api.w.org\/{rel}","templated":true}]}}