{"id":56082,"date":"2025-11-28T16:21:01","date_gmt":"2025-11-28T15:21:01","guid":{"rendered":"https:\/\/www.vallonchene.fr\/produit\/davidia-involucrata-lady-sunshine\/"},"modified":"2026-02-05T10:53:30","modified_gmt":"2026-02-05T09:53:30","slug":"davidia-involucrata-lady-sunshine","status":"publish","type":"product","link":"https:\/\/www.vallonchene.fr\/de\/produkt\/davidia-involucrata-lady-sunshine\/","title":{"rendered":"DAVIDIA involucrata &#8218;Lady Sunshine&#8216;"},"content":{"rendered":"<h2>Die Pflanze<\/h2>\n<p>Der <em>DAVIDIA involucrata &#8218;Lady Sunshine&#8216;<\/em> ist ein \u00e4u\u00dferst seltener Taschentuchbaum mit panaschiertem Laub, der bei Sammlern sehr begehrt ist. Beachte, dass diese Panaschierung besonders stabil ist, im Gegensatz zu anderen Erscheinungen dieser Art in der Geschichte wie &#8218;Aya Nishiki&#8216;. <\/p>\n<p>Seine Bl\u00e4tter sind gr\u00fcn mit einem breiten Rand, der im Fr\u00fchling hellgelb beginnt und bei voller Reife cremewei\u00df wird. Es ist ein sehr lichtstarkes, auff\u00e4lliges Laub (siehe Fotos). <\/p>\n<p>Die Bl\u00fcten erscheinen zudem bereits nach nur 2 bis 3 Jahren und \u00e4hneln denen der Typusart <em>DAVIDIA involucrata<\/em>.<\/p>\n<p>Allerdings w\u00e4chst dieser Kultivar deutlich langsamer und bleibt wesentlich niedriger. Daher eignet sich D. &#8218;Lady Sunshine&#8216; auch f\u00fcr kleinere G\u00e4rten, in denen er wie eine kleine Sonne strahlen kann. <\/p>\n<p>Schliesslich widersteht dieser Taschentuchbaum Temperaturen unter \u201320 \u00b0C.<\/p>\n<p>Um alle derzeit zum Verkauf stehenden Varianten von DAVIDIA zu sehen, <strong><a href=\"https:\/\/www.vallonchene.fr\/?s=davidia&amp;post_type=product&amp;lang=fr&amp;filter_stock_status=instock\">klicken Sie bitte hier<\/a><\/strong>.<\/p>\n<h2>Geschichte und Herkunft<\/h2>\n<p>Die Typusart <em>DAVIDIA involucrata<\/em> stammt aus China, insbesondere aus den bergigen Provinzen Sichuan, Hubei, Guizhou, Yunnan und Gansu. Dort waechst sie in feuchten, kuehlen Waeldern in Hoehenlagen von 1000 bis 2500 Metern. Dieser aussergewoehnliche Baum blieb der westlichen Welt lange Zeit unbekannt.  <\/p>\n<p>Im \u00dcbrigen entdeckte der <em>Pater Armand David<\/em> (ein franz\u00f6sischer Lazarist) den Baum 1869 in China. Die Gattung <em>DAVIDIA<\/em> wurde zu seinen Ehren benannt. Zu Beginn der 1900er Jahre wurde er in Europa eingef\u00fchrt. Die ersten in Europa gepflanzten B\u00e4ume bl\u00fchten dann etwa zwischen 1910 und 1915. Die Art wurde schnell zu einem prestigetr\u00e4chtigen Zierbaum.    <\/p>\n<p>Anfang der 2000er Jahre erschien <em>DAVIDIA involucrata &#8218;Lady Sunshine&#8216;<\/em> im Vereinigten K\u00f6nigreich als nat\u00fcrliche Mutation (Sport). Damit geh\u00f6rt er zu den j\u00fcngsten Kultivaren. Sehr schnell wurde er einer der begehrtesten in Europa.  <\/p>\n<p>Au\u00dferdem gilt die Art in ihrem natu\u0308rlichen Lebensraum heute als gef\u00e4hrdet. Hier sind die Hauptursachen: <\/p>\n<ul>\n<li>Fragmentierte Verbreitung<\/li>\n<li>Menschlicher Druck auf die chinesischen W\u00e4lder<\/li>\n<li>Langsame Regeneration<\/li>\n<li>Geringe Samenproduktion in manchen Jahren<\/li>\n<\/ul>\n<h2>Wie pflanzt und pflegt man DAVIDIA involucrata &#8218;Lady Sunshine&#8216;?<\/h2>\n<h3>Die Pflanzung <br \/><\/h3>\n<p>Dieser <em>Taschentuchbaum<\/em> geho\u0308rt zu den recht pflegeleichten Pflanzen. Dennoch sollten Sie Folgendes beachten, um ihm die besten Voraussetzungen zu bieten: <\/p>\n<ol>\n<li>Finden Sie ihm einen Platz im Halbschatten oder in voller Sonne. Auf Vallonch\u00eane stehen alle unsere <em>DAVIDIA<\/em> in voller Sonne und entwickeln sich gut. <\/li>\n<li>Sie k\u00f6nnen ihn als Solitaer oder in einer Gruppe pflanzen.<\/li>\n<li>Der Boden sollte leicht oder normal sein und einen sauren, neutralen oder kalkhaltigen pH-Wert haben.<\/li>\n<li>Er bevorzugt einen m\u00e4\u00dfig feuchten Standort.<\/li>\n<li>F\u00fcr eine gute Vorbereitung des Pflanzlochs haben wir <a href=\"https:\/\/www.vallonchene.fr\/comment-planter-et-entretenir-des-vegetaux\/comment-planter-et-entretenir-arbres-arbustes-et-coniferes\/\" target=\"_blank\" rel=\"noreferrer noopener\"><strong>spezielle Anweisungen entwickelt, die hier verf\u00fcgbar<\/strong><\/a> sind.<\/li>\n<\/ol>\n<h3>Die Pflege <br \/><\/h3>\n<p>Trotz der bescheidenen Anspr\u00fcche von DAVIDIA involucrata &#8218;Lady Sunshine&#8216; sollten Sie in den ersten beiden Jahren nach der Pflanzung, besonders w\u00e4hrend Trockenperioden, auf eine ausreichende Bew\u00e4sserung achten. Das garantiert ein gutes Anwachsen. <a href=\"https:\/\/www.vallonchene.fr\/comment-bien-arroser-le-jardin-et-economiser-leau\/\"><strong>Lesen Sie hier auch unsere Tipps zum richtigen und wassersparenden Gie\u00dfen<\/strong><\/a>.  <\/p>\n<p>Wenn Sie das Bed\u00fcrfnis versp\u00fcren, ihn zu schneiden, tun Sie dies im Januar oder Februar. Schneiden Sie ihn jedoch nicht zu stark zur\u00fcck. Wir empfehlen, sich auf das absolute Minimum zu beschr\u00e4nken, denn nach unseren Erfahrungen kann diese Pflanze empfindlich auf Schnitt reagieren.  <\/p>\n","protected":false},"excerpt":{"rendered":"<p>Der <strong>DAVIDIA involucrata &#8218;Lady Sunshine&#8216;<\/strong> (<strong>Taschentuchbaum<\/strong>) ist eine \u00e4u\u00dferst seltene Pflanze, die gr\u00fcne Bl\u00e4tter mit wei\u00dfem Rand entwickelt. Die Bl\u00fcten \u00e4hneln weiterhin wei\u00dfen Taschent\u00fcchern. Er w\u00e4chst kleiner als die typische Art.  <\/p>\n","protected":false},"featured_media":56792,"comment_status":"open","ping_status":"closed","template":"","meta":[],"product_brand":[],"product_cat":[10733,252],"product_tag":[12730,12729],"class_list":{"0":"post-56082","1":"product","2":"type-product","3":"status-publish","4":"has-post-thumbnail","6":"product_cat-seltene-pflanzen-sammlerpflanzen","7":"product_cat-straucher-und-baume-de","8":"product_tag-davidia","9":"product_tag-davidia-involucrata","10":"pa_99-hauteurapproximativeapres1-2_3m-de","11":"pa_couleurdesfleurs-weiss-de","12":"pa_couleurdufeuillage-bunt-de","13":"pa_couleurdufeuillage-gelb-de","14":"pa_couleurdufeuillage-grun-de","15":"pa_couleurdufeuillage-weiss-de","16":"pa_exigencesenhumidite-normal-de","17":"pa_expositionspossibles-ce-halbschattigsonnezw12und17-de","18":"pa_expositionspossibles-sonnigvon12bis17uhr-de","19":"pa_hauteurlivree-80-bis-100-cm","20":"pa_interetauprintemps-bluten-de","21":"pa_interetauprintemps-laub-de","22":"pa_interetenautomne-laub-de","23":"pa_interetenete-laub-de","24":"pa_naturedufeuillage-nichtimmergrun-de","25":"pa_naturesdesolpossibles-leicht-de","26":"pa_naturesdesolpossibles-normal-de","27":"pa_periodedefloraison-fruhling-de","28":"pa_phdusolacceptable-kalkigmehrals75-de","29":"pa_phdusolacceptable-neutralzw65u75-de","30":"pa_phdusolacceptable-sauerwenigerals65-de","31":"pa_portgraphisme-rund-de","32":"pa_resistanceaufroidrusticite-frostbestandigunter_20c-de","33":"pa_tailledepot-5liter_topf-de","34":"pa_utilisationpossible-alleinstehend-de","35":"pa_utilisationpossible-beet-de","37":"first","38":"outofstock","39":"taxable","40":"shipping-taxable","41":"purchasable","42":"product-type-variable"},"supplier_id":null,"supplier_sku":"","barcode":null,"atum_controlled":true,"out_stock_date":null,"out_stock_threshold":null,"inheritable":true,"inbound_stock":0,"stock_on_hold":0,"sold_today":0,"sales_last_days":0,"reserved_stock":0,"customer_returns":0,"warehouse_damage":0,"lost_in_post":0,"other_logs":0,"out_stock_days":null,"lost_sales":0,"has_location":false,"update_date":"2026-04-24T14:39:02","atum_locations":[],"atum_stock_status":"instock","restock_status":false,"low_stock_amount":"","sales_update_date":"2026-04-24T14:39:02","calc_backorders":null,"yoast_head":"<!-- This site is optimized with the Yoast SEO Premium plugin v27.4 (Yoast SEO v27.4) - https:\/\/yoast.com\/product\/yoast-seo-premium-wordpress\/ -->\n<title>DAVIDIA involucrata &#039;Lady Sunshine&#039; - Taschentuchbaum<\/title>\n<meta name=\"description\" content=\"Der DAVIDIA involucrata &#039;Lady Sunshine&#039; (Taschentuchbaum) ist eine \u00e4u\u00dferst seltene Pflanze, die gr\u00fcne Bl\u00e4tter mit wei\u00dfem Rand entwickelt.\" \/>\n<meta name=\"robots\" content=\"index, follow, max-snippet:-1, max-image-preview:large, max-video-preview:-1\" \/>\n<link rel=\"canonical\" href=\"https:\/\/www.vallonchene.fr\/de\/produkt\/davidia-involucrata-lady-sunshine\/\" \/>\n<meta property=\"og:locale\" content=\"de_DE\" \/>\n<meta property=\"og:type\" content=\"article\" \/>\n<meta property=\"og:title\" content=\"DAVIDIA involucrata &#039;Lady Sunshine&#039;\" \/>\n<meta property=\"og:description\" content=\"Der DAVIDIA involucrata &#039;Lady Sunshine&#039; (Taschentuchbaum) ist eine \u00e4u\u00dferst seltene Pflanze, die gr\u00fcne Bl\u00e4tter mit wei\u00dfem Rand entwickelt.\" \/>\n<meta property=\"og:url\" content=\"https:\/\/www.vallonchene.fr\/de\/produkt\/davidia-involucrata-lady-sunshine\/\" \/>\n<meta property=\"og:site_name\" content=\"Vallonch\u00eane\" \/>\n<meta property=\"article:publisher\" content=\"https:\/\/www.facebook.com\/vallonchene.fr\" \/>\n<meta property=\"article:modified_time\" content=\"2026-02-05T09:53:30+00:00\" \/>\n<meta property=\"og:image\" content=\"https:\/\/www.vallonchene.fr\/wp-content\/uploads\/2026\/02\/DAVIDIA-involucrata-Lady-Sunshine.webp\" \/>\n\t<meta property=\"og:image:width\" content=\"1024\" \/>\n\t<meta property=\"og:image:height\" content=\"1024\" \/>\n\t<meta property=\"og:image:type\" content=\"image\/webp\" \/>\n<meta name=\"twitter:card\" content=\"summary_large_image\" \/>\n<meta name=\"twitter:label1\" content=\"Verf\u00fcgbarkeit\" \/>\n\t<meta name=\"twitter:data1\" content=\"Nicht vorr\u00e4tig\" \/>\n<script type=\"application\/ld+json\" class=\"yoast-schema-graph\">{\"@context\":\"https:\\\/\\\/schema.org\",\"@graph\":[{\"@type\":\"WebPage\",\"@id\":\"https:\\\/\\\/www.vallonchene.fr\\\/de\\\/produkt\\\/davidia-involucrata-lady-sunshine\\\/\",\"url\":\"https:\\\/\\\/www.vallonchene.fr\\\/de\\\/produkt\\\/davidia-involucrata-lady-sunshine\\\/\",\"name\":\"DAVIDIA involucrata 'Lady Sunshine' - Taschentuchbaum\",\"isPartOf\":{\"@id\":\"https:\\\/\\\/www.vallonchene.fr\\\/de\\\/#website\"},\"primaryImageOfPage\":{\"@id\":\"https:\\\/\\\/www.vallonchene.fr\\\/de\\\/produkt\\\/davidia-involucrata-lady-sunshine\\\/#primaryimage\"},\"image\":{\"@id\":\"https:\\\/\\\/www.vallonchene.fr\\\/de\\\/produkt\\\/davidia-involucrata-lady-sunshine\\\/#primaryimage\"},\"thumbnailUrl\":\"https:\\\/\\\/www.vallonchene.fr\\\/wp-content\\\/uploads\\\/2026\\\/02\\\/DAVIDIA-involucrata-Lady-Sunshine.webp\",\"datePublished\":\"2025-11-28T15:21:01+00:00\",\"dateModified\":\"2026-02-05T09:53:30+00:00\",\"description\":\"Der DAVIDIA involucrata 'Lady Sunshine' (Taschentuchbaum) ist eine \u00e4u\u00dferst seltene Pflanze, die gr\u00fcne Bl\u00e4tter mit wei\u00dfem Rand entwickelt.\",\"breadcrumb\":{\"@id\":\"https:\\\/\\\/www.vallonchene.fr\\\/de\\\/produkt\\\/davidia-involucrata-lady-sunshine\\\/#breadcrumb\"},\"inLanguage\":\"de\",\"potentialAction\":[{\"@type\":\"ReadAction\",\"target\":[\"https:\\\/\\\/www.vallonchene.fr\\\/de\\\/produkt\\\/davidia-involucrata-lady-sunshine\\\/\"]}]},{\"@type\":\"ImageObject\",\"inLanguage\":\"de\",\"@id\":\"https:\\\/\\\/www.vallonchene.fr\\\/de\\\/produkt\\\/davidia-involucrata-lady-sunshine\\\/#primaryimage\",\"url\":\"https:\\\/\\\/www.vallonchene.fr\\\/wp-content\\\/uploads\\\/2026\\\/02\\\/DAVIDIA-involucrata-Lady-Sunshine.webp\",\"contentUrl\":\"https:\\\/\\\/www.vallonchene.fr\\\/wp-content\\\/uploads\\\/2026\\\/02\\\/DAVIDIA-involucrata-Lady-Sunshine.webp\",\"width\":1024,\"height\":1024,\"caption\":\"Die Blu\u0308te von DAVIDIA involucrata 'Lady Sunshine' und sein panaschiertes Laub\"},{\"@type\":\"BreadcrumbList\",\"@id\":\"https:\\\/\\\/www.vallonchene.fr\\\/de\\\/produkt\\\/davidia-involucrata-lady-sunshine\\\/#breadcrumb\",\"itemListElement\":[{\"@type\":\"ListItem\",\"position\":1,\"name\":\"Home\",\"item\":\"https:\\\/\\\/www.vallonchene.fr\\\/de\\\/\"},{\"@type\":\"ListItem\",\"position\":2,\"name\":\"Shop\",\"item\":\"https:\\\/\\\/www.vallonchene.fr\\\/de\\\/shop\\\/\"},{\"@type\":\"ListItem\",\"position\":3,\"name\":\"Online-Verkauf\",\"item\":\"https:\\\/\\\/www.vallonchene.fr\\\/de\\\/produkt-kategorie\\\/online-verkauf-de\\\/\"},{\"@type\":\"ListItem\",\"position\":4,\"name\":\"Baumschule\",\"item\":\"https:\\\/\\\/www.vallonchene.fr\\\/de\\\/produkt-kategorie\\\/online-verkauf-de\\\/baumschule-gaertnerei-de\\\/\"},{\"@type\":\"ListItem\",\"position\":5,\"name\":\"Str\u00e4ucher und B\u00e4ume\",\"item\":\"https:\\\/\\\/www.vallonchene.fr\\\/de\\\/produkt-kategorie\\\/online-verkauf-de\\\/baumschule-gaertnerei-de\\\/straucher-und-baume-de\\\/\"},{\"@type\":\"ListItem\",\"position\":6,\"name\":\"DAVIDIA involucrata &#8218;Lady Sunshine&#8216;\"}]},{\"@type\":\"WebSite\",\"@id\":\"https:\\\/\\\/www.vallonchene.fr\\\/de\\\/#website\",\"url\":\"https:\\\/\\\/www.vallonchene.fr\\\/de\\\/\",\"name\":\"Vallonch\u00eane\",\"description\":\"Die Baumschule, bei der Qualit\u00e4t ihre Wurzeln hat \u2013 Tel.: +49 (0)6838-5399840\",\"publisher\":{\"@id\":\"https:\\\/\\\/www.vallonchene.fr\\\/de\\\/#organization\"},\"potentialAction\":[{\"@type\":\"SearchAction\",\"target\":{\"@type\":\"EntryPoint\",\"urlTemplate\":\"https:\\\/\\\/www.vallonchene.fr\\\/de\\\/?s={search_term_string}\"},\"query-input\":{\"@type\":\"PropertyValueSpecification\",\"valueRequired\":true,\"valueName\":\"search_term_string\"}}],\"inLanguage\":\"de\"},{\"@type\":\"Organization\",\"@id\":\"https:\\\/\\\/www.vallonchene.fr\\\/de\\\/#organization\",\"name\":\"VALLONCHENE\",\"url\":\"https:\\\/\\\/www.vallonchene.fr\\\/de\\\/\",\"logo\":{\"@type\":\"ImageObject\",\"inLanguage\":\"de\",\"@id\":\"https:\\\/\\\/www.vallonchene.fr\\\/de\\\/#\\\/schema\\\/logo\\\/image\\\/\",\"url\":\"https:\\\/\\\/www.vallonchene.fr\\\/wp-content\\\/uploads\\\/2023\\\/03\\\/Logo-Vallonchene-site-et-R_hauteur_100.png\",\"contentUrl\":\"https:\\\/\\\/www.vallonchene.fr\\\/wp-content\\\/uploads\\\/2023\\\/03\\\/Logo-Vallonchene-site-et-R_hauteur_100.png\",\"width\":221,\"height\":100,\"caption\":\"VALLONCHENE\"},\"image\":{\"@id\":\"https:\\\/\\\/www.vallonchene.fr\\\/de\\\/#\\\/schema\\\/logo\\\/image\\\/\"},\"sameAs\":[\"https:\\\/\\\/www.facebook.com\\\/vallonchene.fr\",\"https:\\\/\\\/www.instagram.com\\\/vallonchene\\\/\",\"https:\\\/\\\/www.pinterest.fr\\\/vallonchene\\\/\"],\"taxID\":\"49454502300017\",\"hasMerchantReturnPolicy\":{\"@type\":\"MerchantReturnPolicy\",\"merchantReturnLink\":\"https:\\\/\\\/www.vallonchene.fr\\\/remboursements_retours\\\/\"}}]}<\/script>\n<meta property=\"og:availability\" content=\"out of stock\" \/>\n<meta property=\"product:availability\" content=\"out of stock\" \/>\n<meta property=\"product:condition\" content=\"new\" \/>\n<!-- \/ Yoast SEO Premium plugin. -->","yoast_head_json":{"title":"DAVIDIA involucrata 'Lady Sunshine' - Taschentuchbaum","description":"Der DAVIDIA involucrata 'Lady Sunshine' (Taschentuchbaum) ist eine \u00e4u\u00dferst seltene Pflanze, die gr\u00fcne Bl\u00e4tter mit wei\u00dfem Rand entwickelt.","robots":{"index":"index","follow":"follow","max-snippet":"max-snippet:-1","max-image-preview":"max-image-preview:large","max-video-preview":"max-video-preview:-1"},"canonical":"https:\/\/www.vallonchene.fr\/de\/produkt\/davidia-involucrata-lady-sunshine\/","og_locale":"de_DE","og_type":"article","og_title":"DAVIDIA involucrata 'Lady Sunshine'","og_description":"Der DAVIDIA involucrata 'Lady Sunshine' (Taschentuchbaum) ist eine \u00e4u\u00dferst seltene Pflanze, die gr\u00fcne Bl\u00e4tter mit wei\u00dfem Rand entwickelt.","og_url":"https:\/\/www.vallonchene.fr\/de\/produkt\/davidia-involucrata-lady-sunshine\/","og_site_name":"Vallonch\u00eane","article_publisher":"https:\/\/www.facebook.com\/vallonchene.fr","article_modified_time":"2026-02-05T09:53:30+00:00","og_image":[{"width":1024,"height":1024,"url":"https:\/\/www.vallonchene.fr\/wp-content\/uploads\/2026\/02\/DAVIDIA-involucrata-Lady-Sunshine.webp","type":"image\/webp"}],"twitter_card":"summary_large_image","twitter_misc":{"Verf\u00fcgbarkeit":"Nicht vorr\u00e4tig"},"schema":{"@context":"https:\/\/schema.org","@graph":[{"@type":"WebPage","@id":"https:\/\/www.vallonchene.fr\/de\/produkt\/davidia-involucrata-lady-sunshine\/","url":"https:\/\/www.vallonchene.fr\/de\/produkt\/davidia-involucrata-lady-sunshine\/","name":"DAVIDIA involucrata 'Lady Sunshine' - Taschentuchbaum","isPartOf":{"@id":"https:\/\/www.vallonchene.fr\/de\/#website"},"primaryImageOfPage":{"@id":"https:\/\/www.vallonchene.fr\/de\/produkt\/davidia-involucrata-lady-sunshine\/#primaryimage"},"image":{"@id":"https:\/\/www.vallonchene.fr\/de\/produkt\/davidia-involucrata-lady-sunshine\/#primaryimage"},"thumbnailUrl":"https:\/\/www.vallonchene.fr\/wp-content\/uploads\/2026\/02\/DAVIDIA-involucrata-Lady-Sunshine.webp","datePublished":"2025-11-28T15:21:01+00:00","dateModified":"2026-02-05T09:53:30+00:00","description":"Der DAVIDIA involucrata 'Lady Sunshine' (Taschentuchbaum) ist eine \u00e4u\u00dferst seltene Pflanze, die gr\u00fcne Bl\u00e4tter mit wei\u00dfem Rand entwickelt.","breadcrumb":{"@id":"https:\/\/www.vallonchene.fr\/de\/produkt\/davidia-involucrata-lady-sunshine\/#breadcrumb"},"inLanguage":"de","potentialAction":[{"@type":"ReadAction","target":["https:\/\/www.vallonchene.fr\/de\/produkt\/davidia-involucrata-lady-sunshine\/"]}]},{"@type":"ImageObject","inLanguage":"de","@id":"https:\/\/www.vallonchene.fr\/de\/produkt\/davidia-involucrata-lady-sunshine\/#primaryimage","url":"https:\/\/www.vallonchene.fr\/wp-content\/uploads\/2026\/02\/DAVIDIA-involucrata-Lady-Sunshine.webp","contentUrl":"https:\/\/www.vallonchene.fr\/wp-content\/uploads\/2026\/02\/DAVIDIA-involucrata-Lady-Sunshine.webp","width":1024,"height":1024,"caption":"Die Blu\u0308te von DAVIDIA involucrata 'Lady Sunshine' und sein panaschiertes Laub"},{"@type":"BreadcrumbList","@id":"https:\/\/www.vallonchene.fr\/de\/produkt\/davidia-involucrata-lady-sunshine\/#breadcrumb","itemListElement":[{"@type":"ListItem","position":1,"name":"Home","item":"https:\/\/www.vallonchene.fr\/de\/"},{"@type":"ListItem","position":2,"name":"Shop","item":"https:\/\/www.vallonchene.fr\/de\/shop\/"},{"@type":"ListItem","position":3,"name":"Online-Verkauf","item":"https:\/\/www.vallonchene.fr\/de\/produkt-kategorie\/online-verkauf-de\/"},{"@type":"ListItem","position":4,"name":"Baumschule","item":"https:\/\/www.vallonchene.fr\/de\/produkt-kategorie\/online-verkauf-de\/baumschule-gaertnerei-de\/"},{"@type":"ListItem","position":5,"name":"Str\u00e4ucher und B\u00e4ume","item":"https:\/\/www.vallonchene.fr\/de\/produkt-kategorie\/online-verkauf-de\/baumschule-gaertnerei-de\/straucher-und-baume-de\/"},{"@type":"ListItem","position":6,"name":"DAVIDIA involucrata &#8218;Lady Sunshine&#8216;"}]},{"@type":"WebSite","@id":"https:\/\/www.vallonchene.fr\/de\/#website","url":"https:\/\/www.vallonchene.fr\/de\/","name":"Vallonch\u00eane","description":"Die Baumschule, bei der Qualit\u00e4t ihre Wurzeln hat \u2013 Tel.: +49 (0)6838-5399840","publisher":{"@id":"https:\/\/www.vallonchene.fr\/de\/#organization"},"potentialAction":[{"@type":"SearchAction","target":{"@type":"EntryPoint","urlTemplate":"https:\/\/www.vallonchene.fr\/de\/?s={search_term_string}"},"query-input":{"@type":"PropertyValueSpecification","valueRequired":true,"valueName":"search_term_string"}}],"inLanguage":"de"},{"@type":"Organization","@id":"https:\/\/www.vallonchene.fr\/de\/#organization","name":"VALLONCHENE","url":"https:\/\/www.vallonchene.fr\/de\/","logo":{"@type":"ImageObject","inLanguage":"de","@id":"https:\/\/www.vallonchene.fr\/de\/#\/schema\/logo\/image\/","url":"https:\/\/www.vallonchene.fr\/wp-content\/uploads\/2023\/03\/Logo-Vallonchene-site-et-R_hauteur_100.png","contentUrl":"https:\/\/www.vallonchene.fr\/wp-content\/uploads\/2023\/03\/Logo-Vallonchene-site-et-R_hauteur_100.png","width":221,"height":100,"caption":"VALLONCHENE"},"image":{"@id":"https:\/\/www.vallonchene.fr\/de\/#\/schema\/logo\/image\/"},"sameAs":["https:\/\/www.facebook.com\/vallonchene.fr","https:\/\/www.instagram.com\/vallonchene\/","https:\/\/www.pinterest.fr\/vallonchene\/"],"taxID":"49454502300017","hasMerchantReturnPolicy":{"@type":"MerchantReturnPolicy","merchantReturnLink":"https:\/\/www.vallonchene.fr\/remboursements_retours\/"}}]},"og_availability":"out of stock","product_availability":"out of stock","product_condition":"new"},"_links":{"self":[{"href":"https:\/\/www.vallonchene.fr\/de\/wp-json\/wp\/v2\/product\/56082","targetHints":{"allow":["GET"]}}],"collection":[{"href":"https:\/\/www.vallonchene.fr\/de\/wp-json\/wp\/v2\/product"}],"about":[{"href":"https:\/\/www.vallonchene.fr\/de\/wp-json\/wp\/v2\/types\/product"}],"replies":[{"embeddable":true,"href":"https:\/\/www.vallonchene.fr\/de\/wp-json\/wp\/v2\/comments?post=56082"}],"wp:featuredmedia":[{"embeddable":true,"href":"https:\/\/www.vallonchene.fr\/de\/wp-json\/wp\/v2\/media\/56792"}],"wp:attachment":[{"href":"https:\/\/www.vallonchene.fr\/de\/wp-json\/wp\/v2\/media?parent=56082"}],"wp:term":[{"taxonomy":"product_brand","embeddable":true,"href":"https:\/\/www.vallonchene.fr\/de\/wp-json\/wp\/v2\/product_brand?post=56082"},{"taxonomy":"product_cat","embeddable":true,"href":"https:\/\/www.vallonchene.fr\/de\/wp-json\/wp\/v2\/product_cat?post=56082"},{"taxonomy":"product_tag","embeddable":true,"href":"https:\/\/www.vallonchene.fr\/de\/wp-json\/wp\/v2\/product_tag?post=56082"}],"curies":[{"name":"wp","href":"https:\/\/api.w.org\/{rel}","templated":true}]}}