{"id":55987,"date":"2025-11-26T11:29:30","date_gmt":"2025-11-26T10:29:30","guid":{"rendered":"https:\/\/www.vallonchene.fr\/produit\/callicarpa-kwangtungensis\/"},"modified":"2025-11-26T11:29:30","modified_gmt":"2025-11-26T10:29:30","slug":"callicarpa-kwangtungensis","status":"publish","type":"product","link":"https:\/\/www.vallonchene.fr\/de\/produkt\/callicarpa-kwangtungensis\/","title":{"rendered":"CALLICARPA kwangtungensis"},"content":{"rendered":"<h2>Die Pflanze<\/h2>\n<p>Der <strong>CALLICARPA kwangtungensis<\/strong>, auch <strong>Chinesische Sch\u00f6nfrucht<\/strong> genannt, ist mit den \u00fcblichen Formen der Callicarpa nicht vergleichbar. Dieser Strauch ist <g id=\"gid_2\">besonders im Herbst spektakul\u00e4r<\/g>. Dann zeigt er <g id=\"gid_3\">rosa bis violettfarbene Fr\u00fcchte<\/g> in B\u00fcscheln entlang der Zweige. Au\u00dferdem f\u00e4rbt sich sein normalerweise <strong>gr\u00fcnes, l\u00e4ngliches Laub<\/strong> zu dieser Zeit in <strong>leuchtendem Gelb und Rosa<\/strong>.   <\/p>\n<p>Diese au\u00dfergew\u00f6hnliche Pflanze ist recht kompakt und <strong>erreicht eine H\u00f6he von h\u00f6chstens 2 Metern<\/strong>. Dadurch eignet sie sich <strong>perfekt f\u00fcr kleine G\u00e4rten, Beete und Hecken<\/strong>. <\/p>\n<p>Seine Seltenheit macht ihn zudem zu einer besonderen Pflanze f\u00fcr Sammler und G\u00e4rtner, die nach Originalit\u00e4t suchen.<\/p>\n<p>Trotz all seiner Vorz\u00fcge ist dieser Strauch sehr <strong>pflegeleicht und widerstandsf\u00e4hig gegen starke K\u00e4lte<\/strong>.<\/p>\n<h2>Herkunft und Geschichte<\/h2>\n<p>Der Botaniker <em>Woon Young Chun<\/em> beschrieb den CALLICARPA kwangtungensis erstmals im Jahr 1934. Diese Pflanze ist historisch mit der Region Guangdong verbunden, was sich in ihrem chinesischen Trivialnamen <em>Violette Perle von Guangdong<\/em> widerspiegelt. Sie w\u00e4chst dort in subtropischen W\u00e4ldern oft im Schatten gr\u00f6\u00dferer Pflanzen.  <\/p>\n<p>Schlie\u00dflich ist der CALLICARPA kwangtungensis im Gegensatz zu <em>CALLICARPA bodinieri<\/em> und <em>CALLICARPA americana<\/em> nur selten in Baumschulen erh\u00e4ltlich.<\/p>\n<h2>Wie pflanzt und pflegt man CALLICARPA kwangtungensis?<\/h2>\n<h3>Die Pflanzung <br \/><\/h3>\n<p>Auch wenn es sich um eine leicht zu kultivierende Pflanze handelt, beachten Sie bitte die folgenden Punkte:<\/p>\n<ol>\n<li>Geben Sie ihm einen Platz im Halbschatten, da es sich um eine Unterholzpflanze handelt.<\/li>\n<li>Der Boden sollte m\u00e4\u00dfig feucht sein.<\/li>\n<li>Der Boden kann leicht oder normal sein und einen sauren, neutralen oder kalkhaltigen pH-Wert aufweisen.<\/li>\n<li>F\u00fcr eine gute Vorbereitung des Pflanzlochs haben wir <a href=\"https:\/\/www.vallonchene.fr\/comment-planter-et-entretenir-des-vegetaux\/comment-planter-et-entretenir-arbres-arbustes-et-coniferes\/\" target=\"_blank\" rel=\"noreferrer noopener\"><strong>spezielle Anweisungen entwickelt, die hier verf\u00fcgbar<\/strong><\/a> sind.<\/li>\n<\/ol>\n<h3>Die Pflege<\/h3>\n<p>Wie bei jeder frisch gepflanzten Pflanze sollten Sie in den ersten beiden Jahren w\u00e4hrend trockener Perioden regelm\u00e4\u00dfig gie\u00dfen. <a href=\"https:\/\/www.vallonchene.fr\/comment-bien-arroser-le-jardin-et-economiser-leau\/\"><strong>Lesen Sie au\u00dferdem unsere Tipps zum richtigen Gie\u00dfen und Wassersparen hier<\/strong><\/a>. <\/p>\n<p>Wenn Sie es f\u00fcr notwendig halten, k\u00f6nnen Sie diesen CALLICARPA im Januar oder Februar schneiden, jedoch auf jeden Fall vor der Entwicklung der neuen Triebe.<\/p>\n<p>&nbsp;<\/p>\n","protected":false},"excerpt":{"rendered":"<p>Der <strong>CALLICARPA kwangtungensis<\/strong> ist ein Zierstrauch mit leuchtend violetten Beeren. Der <strong>Chinesische Sch\u00f6nfruchtstrauch<\/strong> eignet sich ideal, um dem Garten im Herbst Farbe und Eleganz zu verleihen. <\/p>\n","protected":false},"featured_media":55983,"comment_status":"open","ping_status":"closed","template":"","meta":[],"product_brand":[],"product_cat":[252],"product_tag":[12742],"class_list":{"0":"post-55987","1":"product","2":"type-product","3":"status-publish","4":"has-post-thumbnail","6":"product_cat-straucher-und-baume-de","7":"product_tag-callicarpa","8":"pa_99-hauteurapproximativeapres1-150a200m-de","9":"pa_couleurautomnaledufeuillage-gelb-de","10":"pa_couleurautomnaledufeuillage-rosa","11":"pa_couleurdesfleurs-weiss-de","12":"pa_couleurdesfruits-rosa-de","13":"pa_couleurnormaledufeuillage-grun-de","14":"pa_exigencesenhumidite-normal-de","15":"pa_expositionspossibles-ce-halbschattigsonnezw12und17-de","16":"pa_hauteurlivree-80-bis-100-cm","17":"pa_interetauprintemps-laub-de","18":"pa_interetenautomne-fruchte-de","19":"pa_interetenautomne-laub-de","20":"pa_interetenete-bluten-de","21":"pa_interetenete-laub-de","22":"pa_naturedufeuillage-nichtimmergrun-de","23":"pa_naturesdesolpossibles-leicht-de","24":"pa_naturesdesolpossibles-normal-de","25":"pa_periodedefloraison-sommer-de","26":"pa_periodedetaille-febr-de","27":"pa_periodedetaille-jan-de","28":"pa_phdusolacceptable-kalkigmehrals75-de","29":"pa_phdusolacceptable-neutralzw65u75-de","30":"pa_phdusolacceptable-sauerwenigerals65-de","31":"pa_portgraphisme-buissonnant-de","32":"pa_resistanceaufroidrusticite-frostbestandigunter_20c-de","33":"pa_tailledepot-4liter_topf-de","34":"pa_utilisationpossible-beet-de","35":"pa_utilisationpossible-hecke-de","36":"pa_utilisationpossible-kubelodertopf-de","38":"first","39":"instock","40":"taxable","41":"shipping-taxable","42":"purchasable","43":"product-type-variable"},"supplier_id":null,"supplier_sku":"","barcode":null,"atum_controlled":true,"out_stock_date":null,"out_stock_threshold":null,"inheritable":true,"inbound_stock":0,"stock_on_hold":0,"sold_today":0,"sales_last_days":0,"reserved_stock":0,"customer_returns":0,"warehouse_damage":0,"lost_in_post":0,"other_logs":0,"out_stock_days":null,"lost_sales":0,"has_location":false,"update_date":"2026-04-26T12:53:17","atum_locations":[],"atum_stock_status":"instock","restock_status":false,"low_stock_amount":"","sales_update_date":"2026-04-24T14:39:02","calc_backorders":null,"yoast_head":"<!-- This site is optimized with the Yoast SEO Premium plugin v27.4 (Yoast SEO v27.4) - https:\/\/yoast.com\/product\/yoast-seo-premium-wordpress\/ -->\n<title>CALLICARPA kwangtungensis - Kwangtung-Sch\u00f6nfrucht<\/title>\n<meta name=\"description\" content=\"Der CALLICARPA kwangtungensis ist ein Zierstrauch mit leuchtend violettfarbenen Beeren. Das Laub des Chinesischen Sch\u00f6nfruchtstrauchs f\u00e4rbt sich im Herbst auf wunderbare Weise.\" \/>\n<meta name=\"robots\" content=\"index, follow, max-snippet:-1, max-image-preview:large, max-video-preview:-1\" \/>\n<link rel=\"canonical\" href=\"https:\/\/www.vallonchene.fr\/de\/produkt\/callicarpa-kwangtungensis\/\" \/>\n<meta property=\"og:locale\" content=\"de_DE\" \/>\n<meta property=\"og:type\" content=\"article\" \/>\n<meta property=\"og:title\" content=\"CALLICARPA kwangtungensis\" \/>\n<meta property=\"og:description\" content=\"Der CALLICARPA kwangtungensis ist ein Zierstrauch mit leuchtend violettfarbenen Beeren. Das Laub des Chinesischen Sch\u00f6nfruchtstrauchs f\u00e4rbt sich im Herbst auf wunderbare Weise.\" \/>\n<meta property=\"og:url\" content=\"https:\/\/www.vallonchene.fr\/de\/produkt\/callicarpa-kwangtungensis\/\" \/>\n<meta property=\"og:site_name\" content=\"Vallonch\u00eane\" \/>\n<meta property=\"article:publisher\" content=\"https:\/\/www.facebook.com\/vallonchene.fr\" \/>\n<meta property=\"og:image\" content=\"https:\/\/www.vallonchene.fr\/wp-content\/uploads\/2025\/11\/IMG_20251125_131421.webp\" \/>\n\t<meta property=\"og:image:width\" content=\"1024\" \/>\n\t<meta property=\"og:image:height\" content=\"1024\" \/>\n\t<meta property=\"og:image:type\" content=\"image\/webp\" \/>\n<meta name=\"twitter:card\" content=\"summary_large_image\" \/>\n<meta name=\"twitter:label1\" content=\"Verf\u00fcgbarkeit\" \/>\n\t<meta name=\"twitter:data1\" content=\"Vorr\u00e4tig\" \/>\n<script type=\"application\/ld+json\" class=\"yoast-schema-graph\">{\"@context\":\"https:\\\/\\\/schema.org\",\"@graph\":[{\"@type\":\"WebPage\",\"@id\":\"https:\\\/\\\/www.vallonchene.fr\\\/de\\\/produkt\\\/callicarpa-kwangtungensis\\\/\",\"url\":\"https:\\\/\\\/www.vallonchene.fr\\\/de\\\/produkt\\\/callicarpa-kwangtungensis\\\/\",\"name\":\"CALLICARPA kwangtungensis - Kwangtung-Sch\u00f6nfrucht\",\"isPartOf\":{\"@id\":\"https:\\\/\\\/www.vallonchene.fr\\\/de\\\/#website\"},\"primaryImageOfPage\":{\"@id\":\"https:\\\/\\\/www.vallonchene.fr\\\/de\\\/produkt\\\/callicarpa-kwangtungensis\\\/#primaryimage\"},\"image\":{\"@id\":\"https:\\\/\\\/www.vallonchene.fr\\\/de\\\/produkt\\\/callicarpa-kwangtungensis\\\/#primaryimage\"},\"thumbnailUrl\":\"https:\\\/\\\/www.vallonchene.fr\\\/wp-content\\\/uploads\\\/2025\\\/11\\\/IMG_20251125_131421.webp\",\"datePublished\":\"2025-11-26T10:29:30+00:00\",\"description\":\"Der CALLICARPA kwangtungensis ist ein Zierstrauch mit leuchtend violettfarbenen Beeren. Das Laub des Chinesischen Sch\u00f6nfruchtstrauchs f\u00e4rbt sich im Herbst auf wunderbare Weise.\",\"breadcrumb\":{\"@id\":\"https:\\\/\\\/www.vallonchene.fr\\\/de\\\/produkt\\\/callicarpa-kwangtungensis\\\/#breadcrumb\"},\"inLanguage\":\"de\",\"potentialAction\":[{\"@type\":\"ReadAction\",\"target\":[\"https:\\\/\\\/www.vallonchene.fr\\\/de\\\/produkt\\\/callicarpa-kwangtungensis\\\/\"]}]},{\"@type\":\"ImageObject\",\"inLanguage\":\"de\",\"@id\":\"https:\\\/\\\/www.vallonchene.fr\\\/de\\\/produkt\\\/callicarpa-kwangtungensis\\\/#primaryimage\",\"url\":\"https:\\\/\\\/www.vallonchene.fr\\\/wp-content\\\/uploads\\\/2025\\\/11\\\/IMG_20251125_131421.webp\",\"contentUrl\":\"https:\\\/\\\/www.vallonchene.fr\\\/wp-content\\\/uploads\\\/2025\\\/11\\\/IMG_20251125_131421.webp\",\"width\":1024,\"height\":1024,\"caption\":\"Bl\u00fctenknospen des CALLICARPA kwangtungensis im Herbst\"},{\"@type\":\"BreadcrumbList\",\"@id\":\"https:\\\/\\\/www.vallonchene.fr\\\/de\\\/produkt\\\/callicarpa-kwangtungensis\\\/#breadcrumb\",\"itemListElement\":[{\"@type\":\"ListItem\",\"position\":1,\"name\":\"Home\",\"item\":\"https:\\\/\\\/www.vallonchene.fr\\\/de\\\/\"},{\"@type\":\"ListItem\",\"position\":2,\"name\":\"Shop\",\"item\":\"https:\\\/\\\/www.vallonchene.fr\\\/de\\\/shop\\\/\"},{\"@type\":\"ListItem\",\"position\":3,\"name\":\"Online-Verkauf\",\"item\":\"https:\\\/\\\/www.vallonchene.fr\\\/de\\\/produkt-kategorie\\\/online-verkauf-de\\\/\"},{\"@type\":\"ListItem\",\"position\":4,\"name\":\"Baumschule\",\"item\":\"https:\\\/\\\/www.vallonchene.fr\\\/de\\\/produkt-kategorie\\\/online-verkauf-de\\\/baumschule-gaertnerei-de\\\/\"},{\"@type\":\"ListItem\",\"position\":5,\"name\":\"Str\u00e4ucher und B\u00e4ume\",\"item\":\"https:\\\/\\\/www.vallonchene.fr\\\/de\\\/produkt-kategorie\\\/online-verkauf-de\\\/baumschule-gaertnerei-de\\\/straucher-und-baume-de\\\/\"},{\"@type\":\"ListItem\",\"position\":6,\"name\":\"CALLICARPA kwangtungensis\"}]},{\"@type\":\"WebSite\",\"@id\":\"https:\\\/\\\/www.vallonchene.fr\\\/de\\\/#website\",\"url\":\"https:\\\/\\\/www.vallonchene.fr\\\/de\\\/\",\"name\":\"Vallonch\u00eane\",\"description\":\"Die Baumschule, bei der Qualit\u00e4t ihre Wurzeln hat \u2013 Tel.: +49 (0)6838-5399840\",\"publisher\":{\"@id\":\"https:\\\/\\\/www.vallonchene.fr\\\/de\\\/#organization\"},\"potentialAction\":[{\"@type\":\"SearchAction\",\"target\":{\"@type\":\"EntryPoint\",\"urlTemplate\":\"https:\\\/\\\/www.vallonchene.fr\\\/de\\\/?s={search_term_string}\"},\"query-input\":{\"@type\":\"PropertyValueSpecification\",\"valueRequired\":true,\"valueName\":\"search_term_string\"}}],\"inLanguage\":\"de\"},{\"@type\":\"Organization\",\"@id\":\"https:\\\/\\\/www.vallonchene.fr\\\/de\\\/#organization\",\"name\":\"VALLONCHENE\",\"url\":\"https:\\\/\\\/www.vallonchene.fr\\\/de\\\/\",\"logo\":{\"@type\":\"ImageObject\",\"inLanguage\":\"de\",\"@id\":\"https:\\\/\\\/www.vallonchene.fr\\\/de\\\/#\\\/schema\\\/logo\\\/image\\\/\",\"url\":\"https:\\\/\\\/www.vallonchene.fr\\\/wp-content\\\/uploads\\\/2023\\\/03\\\/Logo-Vallonchene-site-et-R_hauteur_100.png\",\"contentUrl\":\"https:\\\/\\\/www.vallonchene.fr\\\/wp-content\\\/uploads\\\/2023\\\/03\\\/Logo-Vallonchene-site-et-R_hauteur_100.png\",\"width\":221,\"height\":100,\"caption\":\"VALLONCHENE\"},\"image\":{\"@id\":\"https:\\\/\\\/www.vallonchene.fr\\\/de\\\/#\\\/schema\\\/logo\\\/image\\\/\"},\"sameAs\":[\"https:\\\/\\\/www.facebook.com\\\/vallonchene.fr\",\"https:\\\/\\\/www.instagram.com\\\/vallonchene\\\/\",\"https:\\\/\\\/www.pinterest.fr\\\/vallonchene\\\/\"],\"taxID\":\"49454502300017\",\"hasMerchantReturnPolicy\":{\"@type\":\"MerchantReturnPolicy\",\"merchantReturnLink\":\"https:\\\/\\\/www.vallonchene.fr\\\/remboursements_retours\\\/\"}}]}<\/script>\n<meta property=\"og:availability\" content=\"instock\" \/>\n<meta property=\"product:availability\" content=\"instock\" \/>\n<meta property=\"product:condition\" content=\"new\" \/>\n<!-- \/ Yoast SEO Premium plugin. -->","yoast_head_json":{"title":"CALLICARPA kwangtungensis - Kwangtung-Sch\u00f6nfrucht","description":"Der CALLICARPA kwangtungensis ist ein Zierstrauch mit leuchtend violettfarbenen Beeren. Das Laub des Chinesischen Sch\u00f6nfruchtstrauchs f\u00e4rbt sich im Herbst auf wunderbare Weise.","robots":{"index":"index","follow":"follow","max-snippet":"max-snippet:-1","max-image-preview":"max-image-preview:large","max-video-preview":"max-video-preview:-1"},"canonical":"https:\/\/www.vallonchene.fr\/de\/produkt\/callicarpa-kwangtungensis\/","og_locale":"de_DE","og_type":"article","og_title":"CALLICARPA kwangtungensis","og_description":"Der CALLICARPA kwangtungensis ist ein Zierstrauch mit leuchtend violettfarbenen Beeren. Das Laub des Chinesischen Sch\u00f6nfruchtstrauchs f\u00e4rbt sich im Herbst auf wunderbare Weise.","og_url":"https:\/\/www.vallonchene.fr\/de\/produkt\/callicarpa-kwangtungensis\/","og_site_name":"Vallonch\u00eane","article_publisher":"https:\/\/www.facebook.com\/vallonchene.fr","og_image":[{"width":1024,"height":1024,"url":"https:\/\/www.vallonchene.fr\/wp-content\/uploads\/2025\/11\/IMG_20251125_131421.webp","type":"image\/webp"}],"twitter_card":"summary_large_image","twitter_misc":{"Verf\u00fcgbarkeit":"Vorr\u00e4tig"},"schema":{"@context":"https:\/\/schema.org","@graph":[{"@type":"WebPage","@id":"https:\/\/www.vallonchene.fr\/de\/produkt\/callicarpa-kwangtungensis\/","url":"https:\/\/www.vallonchene.fr\/de\/produkt\/callicarpa-kwangtungensis\/","name":"CALLICARPA kwangtungensis - Kwangtung-Sch\u00f6nfrucht","isPartOf":{"@id":"https:\/\/www.vallonchene.fr\/de\/#website"},"primaryImageOfPage":{"@id":"https:\/\/www.vallonchene.fr\/de\/produkt\/callicarpa-kwangtungensis\/#primaryimage"},"image":{"@id":"https:\/\/www.vallonchene.fr\/de\/produkt\/callicarpa-kwangtungensis\/#primaryimage"},"thumbnailUrl":"https:\/\/www.vallonchene.fr\/wp-content\/uploads\/2025\/11\/IMG_20251125_131421.webp","datePublished":"2025-11-26T10:29:30+00:00","description":"Der CALLICARPA kwangtungensis ist ein Zierstrauch mit leuchtend violettfarbenen Beeren. Das Laub des Chinesischen Sch\u00f6nfruchtstrauchs f\u00e4rbt sich im Herbst auf wunderbare Weise.","breadcrumb":{"@id":"https:\/\/www.vallonchene.fr\/de\/produkt\/callicarpa-kwangtungensis\/#breadcrumb"},"inLanguage":"de","potentialAction":[{"@type":"ReadAction","target":["https:\/\/www.vallonchene.fr\/de\/produkt\/callicarpa-kwangtungensis\/"]}]},{"@type":"ImageObject","inLanguage":"de","@id":"https:\/\/www.vallonchene.fr\/de\/produkt\/callicarpa-kwangtungensis\/#primaryimage","url":"https:\/\/www.vallonchene.fr\/wp-content\/uploads\/2025\/11\/IMG_20251125_131421.webp","contentUrl":"https:\/\/www.vallonchene.fr\/wp-content\/uploads\/2025\/11\/IMG_20251125_131421.webp","width":1024,"height":1024,"caption":"Bl\u00fctenknospen des CALLICARPA kwangtungensis im Herbst"},{"@type":"BreadcrumbList","@id":"https:\/\/www.vallonchene.fr\/de\/produkt\/callicarpa-kwangtungensis\/#breadcrumb","itemListElement":[{"@type":"ListItem","position":1,"name":"Home","item":"https:\/\/www.vallonchene.fr\/de\/"},{"@type":"ListItem","position":2,"name":"Shop","item":"https:\/\/www.vallonchene.fr\/de\/shop\/"},{"@type":"ListItem","position":3,"name":"Online-Verkauf","item":"https:\/\/www.vallonchene.fr\/de\/produkt-kategorie\/online-verkauf-de\/"},{"@type":"ListItem","position":4,"name":"Baumschule","item":"https:\/\/www.vallonchene.fr\/de\/produkt-kategorie\/online-verkauf-de\/baumschule-gaertnerei-de\/"},{"@type":"ListItem","position":5,"name":"Str\u00e4ucher und B\u00e4ume","item":"https:\/\/www.vallonchene.fr\/de\/produkt-kategorie\/online-verkauf-de\/baumschule-gaertnerei-de\/straucher-und-baume-de\/"},{"@type":"ListItem","position":6,"name":"CALLICARPA kwangtungensis"}]},{"@type":"WebSite","@id":"https:\/\/www.vallonchene.fr\/de\/#website","url":"https:\/\/www.vallonchene.fr\/de\/","name":"Vallonch\u00eane","description":"Die Baumschule, bei der Qualit\u00e4t ihre Wurzeln hat \u2013 Tel.: +49 (0)6838-5399840","publisher":{"@id":"https:\/\/www.vallonchene.fr\/de\/#organization"},"potentialAction":[{"@type":"SearchAction","target":{"@type":"EntryPoint","urlTemplate":"https:\/\/www.vallonchene.fr\/de\/?s={search_term_string}"},"query-input":{"@type":"PropertyValueSpecification","valueRequired":true,"valueName":"search_term_string"}}],"inLanguage":"de"},{"@type":"Organization","@id":"https:\/\/www.vallonchene.fr\/de\/#organization","name":"VALLONCHENE","url":"https:\/\/www.vallonchene.fr\/de\/","logo":{"@type":"ImageObject","inLanguage":"de","@id":"https:\/\/www.vallonchene.fr\/de\/#\/schema\/logo\/image\/","url":"https:\/\/www.vallonchene.fr\/wp-content\/uploads\/2023\/03\/Logo-Vallonchene-site-et-R_hauteur_100.png","contentUrl":"https:\/\/www.vallonchene.fr\/wp-content\/uploads\/2023\/03\/Logo-Vallonchene-site-et-R_hauteur_100.png","width":221,"height":100,"caption":"VALLONCHENE"},"image":{"@id":"https:\/\/www.vallonchene.fr\/de\/#\/schema\/logo\/image\/"},"sameAs":["https:\/\/www.facebook.com\/vallonchene.fr","https:\/\/www.instagram.com\/vallonchene\/","https:\/\/www.pinterest.fr\/vallonchene\/"],"taxID":"49454502300017","hasMerchantReturnPolicy":{"@type":"MerchantReturnPolicy","merchantReturnLink":"https:\/\/www.vallonchene.fr\/remboursements_retours\/"}}]},"og_availability":"instock","product_availability":"instock","product_condition":"new"},"_links":{"self":[{"href":"https:\/\/www.vallonchene.fr\/de\/wp-json\/wp\/v2\/product\/55987","targetHints":{"allow":["GET"]}}],"collection":[{"href":"https:\/\/www.vallonchene.fr\/de\/wp-json\/wp\/v2\/product"}],"about":[{"href":"https:\/\/www.vallonchene.fr\/de\/wp-json\/wp\/v2\/types\/product"}],"replies":[{"embeddable":true,"href":"https:\/\/www.vallonchene.fr\/de\/wp-json\/wp\/v2\/comments?post=55987"}],"wp:featuredmedia":[{"embeddable":true,"href":"https:\/\/www.vallonchene.fr\/de\/wp-json\/wp\/v2\/media\/55983"}],"wp:attachment":[{"href":"https:\/\/www.vallonchene.fr\/de\/wp-json\/wp\/v2\/media?parent=55987"}],"wp:term":[{"taxonomy":"product_brand","embeddable":true,"href":"https:\/\/www.vallonchene.fr\/de\/wp-json\/wp\/v2\/product_brand?post=55987"},{"taxonomy":"product_cat","embeddable":true,"href":"https:\/\/www.vallonchene.fr\/de\/wp-json\/wp\/v2\/product_cat?post=55987"},{"taxonomy":"product_tag","embeddable":true,"href":"https:\/\/www.vallonchene.fr\/de\/wp-json\/wp\/v2\/product_tag?post=55987"}],"curies":[{"name":"wp","href":"https:\/\/api.w.org\/{rel}","templated":true}]}}