{"id":5359,"date":"2021-08-31T11:16:30","date_gmt":"2021-08-31T11:16:30","guid":{"rendered":"https:\/\/testing.vallonchene.fr\/produit\/magnolia-stellata\/"},"modified":"2026-02-15T11:40:16","modified_gmt":"2026-02-15T10:40:16","slug":"magnolia-stellata","status":"publish","type":"product","link":"https:\/\/www.vallonchene.fr\/de\/produkt\/magnolia-stellata\/","title":{"rendered":"MAGNOLIA stellata"},"content":{"rendered":"<p>Die <strong>MAGNOLIA stellata<\/strong>, auch bekannt als <strong>Sternmagnolie<\/strong>, produziert zu Beginn des Fr\u00fchlings eine unz\u00e4hlige Anzahl an <strong>leicht duftenden wei\u00dfen Bl\u00fcten<\/strong> mit ziemlich schmalen Kelchen. Sie messen <strong>10 bis 15 cm im Durchmesser<\/strong> und erscheinen vor dem Laubwerk. Das macht sie zu einer wahren Sch\u00f6nheit, da es in dieser Jahreszeit wenig Blumen im Garten gibt.<br \/>\nMan kann die <strong>Bl\u00fctenzweige f\u00fcr Blumenstr\u00e4u\u00dfe verwenden<\/strong> (kurz bevor diese bl\u00fchen).<br \/>\nDer Name Magnolie l\u00e4sst uns an einen Baum denken, w\u00e4hrend die Sternmagnolie eher als <strong>B\u00fcschchenen<\/strong> bezeichnet werden kann. Daher findet sie auch leicht ihren Platz in kleineren G\u00e4rten oder in T\u00f6pfen auf der Terrasse.<br \/>\nIm Herbst nehmen ihre kleinen Bl\u00e4tter eine <strong>scho\u00dfe Gelbtonung<\/strong> an und beleuchten so diese Jahreszeit.<br \/>\nSchlie\u00dflich im Winter verleiht die mit einem <strong>blassen grauen Flaum<\/strong> bedeckte Knospenpracht diesem kleinen Champion einen besonderen Charme.<\/p>\n<h2>Wie pflanzt und pflegt man die MAGNOLIA stellata?<\/h2>\n<ol>\n<li>Pflanzen Sie sie an einer Stelle im <strong>Fulldunst<\/strong> oder in der <strong>Halbschatten<\/strong>. Es kann sich dabei um einen <strong>Tontopf auf der Terrasse<\/strong> oder eine <strong>Bepflanzung im Garten<\/strong> handeln.<\/li>\n<li>Der Boden sollte <strong>leicht bis normal<\/strong>, <strong>m\u00e4\u00dfig feucht<\/strong> oder <strong>feucht<\/strong> sein und einen <strong>sauer bis neutralen pH-Wert<\/strong>.<\/li>\n<li><strong>Schneiden Sie die M. stellata im August<\/strong>, falls erforderlich. Allerdings ist dies eher unwahrscheinlich, da sie sehr langsam w\u00e4chst und im Vergleich zu anderen Magnoliearten eher klein bleibt.<\/li>\n<\/ol>\n<p>Diese buschige Magnolie <strong>h\u00e4lt Temperaturen unter -20\u00b0 C aus<\/strong>.<\/p>\n<p>F\u00fcr eine gute Vorbereitung des Topfes oder der Pflanzgrube haben wir spezifische <a href=\"https:\/\/www.vallonchene.fr\/comment-planter-et-entretenir-des-vegetaux\/\" target=\"_blank\" rel=\"noreferrer noopener\"><strong>Anleitungen hier verf\u00fcgbar gemacht<\/strong><\/a>. Lesen Sie auch unsere Tipps zur richtigen Bew\u00e4sserung und Wasserersparnis <a href=\"https:\/\/www.vallonchene.fr\/comment-bien-arroser-le-jardin-et-economiser-leau\/\"><strong>hier<\/strong><\/a>.<\/p>\n<h2>Geschichte und Herkunft<\/h2>\n<p>Die MAGNOLIA stellata kommt aus Japan, genauer gesagt aus der Region der <strong><a href=\"https:\/\/fr.wikipedia.org\/wiki\/Baie_d%27Ise\" target=\"_blank\" rel=\"noopener\">Bucht von Ise<\/a><\/strong> im Zentrum von <strong><a href=\"https:\/\/fr.wikipedia.org\/wiki\/Honsh%C5%AB\" target=\"_blank\" rel=\"noopener\">Honshu<\/a><\/strong> (die gr\u00f6\u00dfte Insel Japans). In ihrem nat\u00fcrlichen Lebensraum findet man sie entlang von Fl\u00fcssen und sogar in sehr feuchten Gebieten.<\/p>\n<p>Diese Art \u00e4hnelt sehr der MAGNOLIA kobus. Sie wurde 1862 in die USA und 1877 nach Gro\u00dfbritannien eingef\u00fchrt.<\/p>\n","protected":false},"excerpt":{"rendered":"<p>Die <strong>Sternmagnolie<\/strong> bedeckt sich im Fr\u00fchjahr mit unz\u00e4hligen wei\u00dfen Bl\u00fcten. Die Bl\u00fcten der <strong>MAGNOLIA stellata<\/strong> erinnern an Sterne wegen ihrer langen und schmalen Kelchebl\u00e4tter. Sie ist nat\u00fcrlich vollkommen winterhart. Kurz vor der Bl\u00fcte k\u00f6nnen die Zweige f\u00fcr Str\u00e4u\u00dfe verwendet werden.<\/p>\n","protected":false},"featured_media":46136,"comment_status":"open","ping_status":"closed","template":"","meta":[],"product_brand":[],"product_cat":[251],"product_tag":[709],"class_list":{"0":"post-5359","1":"product","2":"type-product","3":"status-publish","4":"has-post-thumbnail","6":"product_cat-arbustes-et-arbres","7":"product_tag-magnolia-stellata","8":"pa_couleurautomnaledufeuillage-jaune","9":"pa_couleurdesfleurs-blanc","10":"pa_couleurdufeuillage-vert","11":"pa_exigencesenhumidite-fraisahumide","12":"pa_exigencesenhumidite-moyen","13":"pa_expositionspossibles-33-mi_ombreeviterlesoleilde12","14":"pa_expositionspossibles-pleinsoleilde12ha17hmin","15":"pa_hauteurlivree-30-a-40-cm","16":"pa_hauteurlivree-70-a-80-cm","17":"pa_interetauprintemps-fleurs","18":"pa_interetauprintemps-feuillage","19":"pa_interetenautomne-feuillage","20":"pa_interetenete-feuillage","21":"pa_naturedufeuillage-caduc","22":"pa_naturesdesolpossibles-leger","23":"pa_naturesdesolpossibles-normal","24":"pa_periodedefloraison-printemps","25":"pa_phdusolacceptable-neutreentre65et75","26":"pa_phdusolacceptable-acidemoinsde65","27":"pa_portgraphisme-buissonnant","28":"pa_resistanceaufroidrusticite-resistant-en-dessous-de-moins-20-degree-c","29":"pa_tailledepot-pot-de-4-litres","30":"pa_tailledepot-pot-de-7_5-litres","32":"first","33":"instock","34":"taxable","35":"shipping-taxable","36":"purchasable","37":"product-type-variable","38":"has-default-attributes"},"supplier_id":null,"supplier_sku":"","barcode":null,"atum_controlled":true,"out_stock_date":null,"out_stock_threshold":null,"inheritable":true,"inbound_stock":0,"stock_on_hold":0,"sold_today":0,"sales_last_days":0,"reserved_stock":0,"customer_returns":0,"warehouse_damage":0,"lost_in_post":0,"other_logs":0,"out_stock_days":null,"lost_sales":0,"has_location":false,"update_date":"2026-04-02T13:34:46","atum_locations":[],"atum_stock_status":"instock","restock_status":false,"low_stock_amount":"","sales_update_date":"2024-03-01T15:04:32","calc_backorders":null,"yoast_head":"<!-- This site is optimized with the Yoast SEO Premium plugin v27.3 (Yoast SEO v27.3) - https:\/\/yoast.com\/product\/yoast-seo-premium-wordpress\/ -->\n<title>MAGNOLIA stellata - Sternmagnolie<\/title>\n<meta name=\"description\" content=\"Diese Sternmagnolie bedeckt sich im Fr\u00fchjahr mit unz\u00e4hligen wei\u00dfen Bl\u00fcten. Die Bl\u00fcten der MAGNOLIA stellata sehen aus wie Sterne.\" \/>\n<meta name=\"robots\" content=\"index, follow, max-snippet:-1, max-image-preview:large, max-video-preview:-1\" \/>\n<link rel=\"canonical\" href=\"https:\/\/www.vallonchene.fr\/de\/produkt\/magnolia-stellata\/\" \/>\n<meta property=\"og:locale\" content=\"de_DE\" \/>\n<meta property=\"og:type\" content=\"article\" \/>\n<meta property=\"og:title\" content=\"MAGNOLIA stellata\" \/>\n<meta property=\"og:description\" content=\"Diese Sternmagnolie bedeckt sich im Fr\u00fchjahr mit unz\u00e4hligen wei\u00dfen Bl\u00fcten. Die Bl\u00fcten der MAGNOLIA stellata sehen aus wie Sterne.\" \/>\n<meta property=\"og:url\" content=\"https:\/\/www.vallonchene.fr\/de\/produkt\/magnolia-stellata\/\" \/>\n<meta property=\"og:site_name\" content=\"Vallonch\u00eane\" \/>\n<meta property=\"article:publisher\" content=\"https:\/\/www.facebook.com\/vallonchene.fr\" \/>\n<meta property=\"article:modified_time\" content=\"2026-02-15T10:40:16+00:00\" \/>\n<meta property=\"og:image\" content=\"https:\/\/www.vallonchene.fr\/wp-content\/uploads\/2024\/03\/MAGNOLIA-stellata_01.webp\" \/>\n\t<meta property=\"og:image:width\" content=\"1023\" \/>\n\t<meta property=\"og:image:height\" content=\"1023\" \/>\n\t<meta property=\"og:image:type\" content=\"image\/webp\" \/>\n<meta name=\"twitter:card\" content=\"summary_large_image\" \/>\n<meta name=\"twitter:label1\" content=\"Verf\u00fcgbarkeit\" \/>\n\t<meta name=\"twitter:data1\" content=\"Vorr\u00e4tig\" \/>\n<script type=\"application\/ld+json\" class=\"yoast-schema-graph\">{\"@context\":\"https:\\\/\\\/schema.org\",\"@graph\":[{\"@type\":\"WebPage\",\"@id\":\"https:\\\/\\\/www.vallonchene.fr\\\/de\\\/produkt\\\/magnolia-stellata\\\/\",\"url\":\"https:\\\/\\\/www.vallonchene.fr\\\/de\\\/produkt\\\/magnolia-stellata\\\/\",\"name\":\"MAGNOLIA stellata - Sternmagnolie\",\"isPartOf\":{\"@id\":\"https:\\\/\\\/www.vallonchene.fr\\\/de\\\/#website\"},\"primaryImageOfPage\":{\"@id\":\"https:\\\/\\\/www.vallonchene.fr\\\/de\\\/produkt\\\/magnolia-stellata\\\/#primaryimage\"},\"image\":{\"@id\":\"https:\\\/\\\/www.vallonchene.fr\\\/de\\\/produkt\\\/magnolia-stellata\\\/#primaryimage\"},\"thumbnailUrl\":\"https:\\\/\\\/www.vallonchene.fr\\\/wp-content\\\/uploads\\\/2024\\\/03\\\/MAGNOLIA-stellata_01.webp\",\"datePublished\":\"2021-08-31T11:16:30+00:00\",\"dateModified\":\"2026-02-15T10:40:16+00:00\",\"description\":\"Diese Sternmagnolie bedeckt sich im Fr\u00fchjahr mit unz\u00e4hligen wei\u00dfen Bl\u00fcten. Die Bl\u00fcten der MAGNOLIA stellata sehen aus wie Sterne.\",\"breadcrumb\":{\"@id\":\"https:\\\/\\\/www.vallonchene.fr\\\/de\\\/produkt\\\/magnolia-stellata\\\/#breadcrumb\"},\"inLanguage\":\"de\",\"potentialAction\":[{\"@type\":\"ReadAction\",\"target\":[\"https:\\\/\\\/www.vallonchene.fr\\\/de\\\/produkt\\\/magnolia-stellata\\\/\"]}]},{\"@type\":\"ImageObject\",\"inLanguage\":\"de\",\"@id\":\"https:\\\/\\\/www.vallonchene.fr\\\/de\\\/produkt\\\/magnolia-stellata\\\/#primaryimage\",\"url\":\"https:\\\/\\\/www.vallonchene.fr\\\/wp-content\\\/uploads\\\/2024\\\/03\\\/MAGNOLIA-stellata_01.webp\",\"contentUrl\":\"https:\\\/\\\/www.vallonchene.fr\\\/wp-content\\\/uploads\\\/2024\\\/03\\\/MAGNOLIA-stellata_01.webp\",\"width\":1023,\"height\":1023,\"caption\":\"Detailansicht einer wei\u00dfen Blume der MAGNOLIA stellata\"},{\"@type\":\"BreadcrumbList\",\"@id\":\"https:\\\/\\\/www.vallonchene.fr\\\/de\\\/produkt\\\/magnolia-stellata\\\/#breadcrumb\",\"itemListElement\":[{\"@type\":\"ListItem\",\"position\":1,\"name\":\"Home\",\"item\":\"https:\\\/\\\/www.vallonchene.fr\\\/de\\\/\"},{\"@type\":\"ListItem\",\"position\":2,\"name\":\"Shop\",\"item\":\"https:\\\/\\\/www.vallonchene.fr\\\/de\\\/shop\\\/\"},{\"@type\":\"ListItem\",\"position\":3,\"name\":\"Online-Verkauf\",\"item\":\"https:\\\/\\\/www.vallonchene.fr\\\/de\\\/produkt-kategorie\\\/online-verkauf-de\\\/\"},{\"@type\":\"ListItem\",\"position\":4,\"name\":\"Baumschule\",\"item\":\"https:\\\/\\\/www.vallonchene.fr\\\/de\\\/produkt-kategorie\\\/online-verkauf-de\\\/baumschule-gaertnerei-de\\\/\"},{\"@type\":\"ListItem\",\"position\":5,\"name\":\"Str\u00e4ucher und B\u00e4ume\",\"item\":\"https:\\\/\\\/www.vallonchene.fr\\\/de\\\/produkt-kategorie\\\/online-verkauf-de\\\/baumschule-gaertnerei-de\\\/straucher-und-baume-de\\\/\"},{\"@type\":\"ListItem\",\"position\":6,\"name\":\"MAGNOLIA stellata\"}]},{\"@type\":\"WebSite\",\"@id\":\"https:\\\/\\\/www.vallonchene.fr\\\/de\\\/#website\",\"url\":\"https:\\\/\\\/www.vallonchene.fr\\\/de\\\/\",\"name\":\"Vallonch\u00eane\",\"description\":\"Die Baumschule, bei der Qualit\u00e4t ihre Wurzeln hat \u2013 Tel.: +49 (0)6838-5399840\",\"publisher\":{\"@id\":\"https:\\\/\\\/www.vallonchene.fr\\\/de\\\/#organization\"},\"potentialAction\":[{\"@type\":\"SearchAction\",\"target\":{\"@type\":\"EntryPoint\",\"urlTemplate\":\"https:\\\/\\\/www.vallonchene.fr\\\/de\\\/?s={search_term_string}\"},\"query-input\":{\"@type\":\"PropertyValueSpecification\",\"valueRequired\":true,\"valueName\":\"search_term_string\"}}],\"inLanguage\":\"de\"},{\"@type\":\"Organization\",\"@id\":\"https:\\\/\\\/www.vallonchene.fr\\\/de\\\/#organization\",\"name\":\"VALLONCHENE\",\"url\":\"https:\\\/\\\/www.vallonchene.fr\\\/de\\\/\",\"logo\":{\"@type\":\"ImageObject\",\"inLanguage\":\"de\",\"@id\":\"https:\\\/\\\/www.vallonchene.fr\\\/de\\\/#\\\/schema\\\/logo\\\/image\\\/\",\"url\":\"https:\\\/\\\/www.vallonchene.fr\\\/wp-content\\\/uploads\\\/2023\\\/03\\\/Logo-Vallonchene-site-et-R_hauteur_100.png\",\"contentUrl\":\"https:\\\/\\\/www.vallonchene.fr\\\/wp-content\\\/uploads\\\/2023\\\/03\\\/Logo-Vallonchene-site-et-R_hauteur_100.png\",\"width\":221,\"height\":100,\"caption\":\"VALLONCHENE\"},\"image\":{\"@id\":\"https:\\\/\\\/www.vallonchene.fr\\\/de\\\/#\\\/schema\\\/logo\\\/image\\\/\"},\"sameAs\":[\"https:\\\/\\\/www.facebook.com\\\/vallonchene.fr\",\"https:\\\/\\\/www.instagram.com\\\/vallonchene\\\/\",\"https:\\\/\\\/www.pinterest.fr\\\/vallonchene\\\/\"],\"taxID\":\"49454502300017\",\"hasMerchantReturnPolicy\":{\"@type\":\"MerchantReturnPolicy\",\"merchantReturnLink\":\"https:\\\/\\\/www.vallonchene.fr\\\/remboursements_retours\\\/\"}}]}<\/script>\n<meta property=\"og:availability\" content=\"instock\" \/>\n<meta property=\"product:availability\" content=\"instock\" \/>\n<meta property=\"product:retailer_item_id\" content=\"82567\" \/>\n<meta property=\"product:condition\" content=\"new\" \/>\n<!-- \/ Yoast SEO Premium plugin. -->","yoast_head_json":{"title":"MAGNOLIA stellata - Sternmagnolie","description":"Diese Sternmagnolie bedeckt sich im Fr\u00fchjahr mit unz\u00e4hligen wei\u00dfen Bl\u00fcten. Die Bl\u00fcten der MAGNOLIA stellata sehen aus wie Sterne.","robots":{"index":"index","follow":"follow","max-snippet":"max-snippet:-1","max-image-preview":"max-image-preview:large","max-video-preview":"max-video-preview:-1"},"canonical":"https:\/\/www.vallonchene.fr\/de\/produkt\/magnolia-stellata\/","og_locale":"de_DE","og_type":"article","og_title":"MAGNOLIA stellata","og_description":"Diese Sternmagnolie bedeckt sich im Fr\u00fchjahr mit unz\u00e4hligen wei\u00dfen Bl\u00fcten. Die Bl\u00fcten der MAGNOLIA stellata sehen aus wie Sterne.","og_url":"https:\/\/www.vallonchene.fr\/de\/produkt\/magnolia-stellata\/","og_site_name":"Vallonch\u00eane","article_publisher":"https:\/\/www.facebook.com\/vallonchene.fr","article_modified_time":"2026-02-15T10:40:16+00:00","og_image":[{"width":1023,"height":1023,"url":"https:\/\/www.vallonchene.fr\/wp-content\/uploads\/2024\/03\/MAGNOLIA-stellata_01.webp","type":"image\/webp"}],"twitter_card":"summary_large_image","twitter_misc":{"Verf\u00fcgbarkeit":"Vorr\u00e4tig"},"schema":{"@context":"https:\/\/schema.org","@graph":[{"@type":"WebPage","@id":"https:\/\/www.vallonchene.fr\/de\/produkt\/magnolia-stellata\/","url":"https:\/\/www.vallonchene.fr\/de\/produkt\/magnolia-stellata\/","name":"MAGNOLIA stellata - Sternmagnolie","isPartOf":{"@id":"https:\/\/www.vallonchene.fr\/de\/#website"},"primaryImageOfPage":{"@id":"https:\/\/www.vallonchene.fr\/de\/produkt\/magnolia-stellata\/#primaryimage"},"image":{"@id":"https:\/\/www.vallonchene.fr\/de\/produkt\/magnolia-stellata\/#primaryimage"},"thumbnailUrl":"https:\/\/www.vallonchene.fr\/wp-content\/uploads\/2024\/03\/MAGNOLIA-stellata_01.webp","datePublished":"2021-08-31T11:16:30+00:00","dateModified":"2026-02-15T10:40:16+00:00","description":"Diese Sternmagnolie bedeckt sich im Fr\u00fchjahr mit unz\u00e4hligen wei\u00dfen Bl\u00fcten. Die Bl\u00fcten der MAGNOLIA stellata sehen aus wie Sterne.","breadcrumb":{"@id":"https:\/\/www.vallonchene.fr\/de\/produkt\/magnolia-stellata\/#breadcrumb"},"inLanguage":"de","potentialAction":[{"@type":"ReadAction","target":["https:\/\/www.vallonchene.fr\/de\/produkt\/magnolia-stellata\/"]}]},{"@type":"ImageObject","inLanguage":"de","@id":"https:\/\/www.vallonchene.fr\/de\/produkt\/magnolia-stellata\/#primaryimage","url":"https:\/\/www.vallonchene.fr\/wp-content\/uploads\/2024\/03\/MAGNOLIA-stellata_01.webp","contentUrl":"https:\/\/www.vallonchene.fr\/wp-content\/uploads\/2024\/03\/MAGNOLIA-stellata_01.webp","width":1023,"height":1023,"caption":"Detailansicht einer wei\u00dfen Blume der MAGNOLIA stellata"},{"@type":"BreadcrumbList","@id":"https:\/\/www.vallonchene.fr\/de\/produkt\/magnolia-stellata\/#breadcrumb","itemListElement":[{"@type":"ListItem","position":1,"name":"Home","item":"https:\/\/www.vallonchene.fr\/de\/"},{"@type":"ListItem","position":2,"name":"Shop","item":"https:\/\/www.vallonchene.fr\/de\/shop\/"},{"@type":"ListItem","position":3,"name":"Online-Verkauf","item":"https:\/\/www.vallonchene.fr\/de\/produkt-kategorie\/online-verkauf-de\/"},{"@type":"ListItem","position":4,"name":"Baumschule","item":"https:\/\/www.vallonchene.fr\/de\/produkt-kategorie\/online-verkauf-de\/baumschule-gaertnerei-de\/"},{"@type":"ListItem","position":5,"name":"Str\u00e4ucher und B\u00e4ume","item":"https:\/\/www.vallonchene.fr\/de\/produkt-kategorie\/online-verkauf-de\/baumschule-gaertnerei-de\/straucher-und-baume-de\/"},{"@type":"ListItem","position":6,"name":"MAGNOLIA stellata"}]},{"@type":"WebSite","@id":"https:\/\/www.vallonchene.fr\/de\/#website","url":"https:\/\/www.vallonchene.fr\/de\/","name":"Vallonch\u00eane","description":"Die Baumschule, bei der Qualit\u00e4t ihre Wurzeln hat \u2013 Tel.: +49 (0)6838-5399840","publisher":{"@id":"https:\/\/www.vallonchene.fr\/de\/#organization"},"potentialAction":[{"@type":"SearchAction","target":{"@type":"EntryPoint","urlTemplate":"https:\/\/www.vallonchene.fr\/de\/?s={search_term_string}"},"query-input":{"@type":"PropertyValueSpecification","valueRequired":true,"valueName":"search_term_string"}}],"inLanguage":"de"},{"@type":"Organization","@id":"https:\/\/www.vallonchene.fr\/de\/#organization","name":"VALLONCHENE","url":"https:\/\/www.vallonchene.fr\/de\/","logo":{"@type":"ImageObject","inLanguage":"de","@id":"https:\/\/www.vallonchene.fr\/de\/#\/schema\/logo\/image\/","url":"https:\/\/www.vallonchene.fr\/wp-content\/uploads\/2023\/03\/Logo-Vallonchene-site-et-R_hauteur_100.png","contentUrl":"https:\/\/www.vallonchene.fr\/wp-content\/uploads\/2023\/03\/Logo-Vallonchene-site-et-R_hauteur_100.png","width":221,"height":100,"caption":"VALLONCHENE"},"image":{"@id":"https:\/\/www.vallonchene.fr\/de\/#\/schema\/logo\/image\/"},"sameAs":["https:\/\/www.facebook.com\/vallonchene.fr","https:\/\/www.instagram.com\/vallonchene\/","https:\/\/www.pinterest.fr\/vallonchene\/"],"taxID":"49454502300017","hasMerchantReturnPolicy":{"@type":"MerchantReturnPolicy","merchantReturnLink":"https:\/\/www.vallonchene.fr\/remboursements_retours\/"}}]},"og_availability":"instock","product_availability":"instock","product_retailer_item_id":"82567","product_condition":"new"},"_links":{"self":[{"href":"https:\/\/www.vallonchene.fr\/de\/wp-json\/wp\/v2\/product\/5359","targetHints":{"allow":["GET"]}}],"collection":[{"href":"https:\/\/www.vallonchene.fr\/de\/wp-json\/wp\/v2\/product"}],"about":[{"href":"https:\/\/www.vallonchene.fr\/de\/wp-json\/wp\/v2\/types\/product"}],"replies":[{"embeddable":true,"href":"https:\/\/www.vallonchene.fr\/de\/wp-json\/wp\/v2\/comments?post=5359"}],"wp:featuredmedia":[{"embeddable":true,"href":"https:\/\/www.vallonchene.fr\/de\/wp-json\/wp\/v2\/media\/46136"}],"wp:attachment":[{"href":"https:\/\/www.vallonchene.fr\/de\/wp-json\/wp\/v2\/media?parent=5359"}],"wp:term":[{"taxonomy":"product_brand","embeddable":true,"href":"https:\/\/www.vallonchene.fr\/de\/wp-json\/wp\/v2\/product_brand?post=5359"},{"taxonomy":"product_cat","embeddable":true,"href":"https:\/\/www.vallonchene.fr\/de\/wp-json\/wp\/v2\/product_cat?post=5359"},{"taxonomy":"product_tag","embeddable":true,"href":"https:\/\/www.vallonchene.fr\/de\/wp-json\/wp\/v2\/product_tag?post=5359"}],"curies":[{"name":"wp","href":"https:\/\/api.w.org\/{rel}","templated":true}]}}